{"id":19780,"date":"2023-03-07T10:32:35","date_gmt":"2023-03-07T10:32:35","guid":{"rendered":"https:\/\/www.univ-usto.dz\/faculte\/fac-chimie\/?page_id=19780"},"modified":"2023-04-07T23:55:34","modified_gmt":"2023-04-07T23:55:34","slug":"deliberation-m2-gc-2022-2023","status":"publish","type":"page","link":"https:\/\/www.univ-usto.dz\/faculte\/fac-chimie\/deliberation-m2-gc-2022-2023\/","title":{"rendered":"D\u00e9lib\u00e9rations du d\u00e9partement G\u00e9nie Chimique 2022-2023"},"content":{"rendered":"\t\t<div data-elementor-type=\"wp-page\" data-elementor-id=\"19780\" class=\"elementor elementor-19780\">\n\t\t\t\t\t\t<section class=\"elementor-section elementor-top-section elementor-element elementor-element-50639ff elementor-section-boxed elementor-section-height-default elementor-section-height-default\" data-id=\"50639ff\" data-element_type=\"section\">\n\t\t\t\t\t\t<div class=\"elementor-container elementor-column-gap-default\">\n\t\t\t\t\t<div class=\"elementor-column elementor-col-100 elementor-top-column elementor-element elementor-element-b06be78\" data-id=\"b06be78\" data-element_type=\"column\">\n\t\t\t<div class=\"elementor-widget-wrap elementor-element-populated\">\n\t\t\t\t\t\t<div class=\"elementor-element elementor-element-4028834 elementor-widget-divider--view-line elementor-widget elementor-widget-divider\" data-id=\"4028834\" data-element_type=\"widget\" data-widget_type=\"divider.default\">\n\t\t\t\t<div class=\"elementor-widget-container\">\n\t\t\t\t\t\t\t<div class=\"elementor-divider\">\n\t\t\t<span class=\"elementor-divider-separator\">\n\t\t\t\t\t\t<\/span>\n\t\t<\/div>\n\t\t\t\t\t\t<\/div>\n\t\t\t\t<\/div>\n\t\t\t\t\t<\/div>\n\t\t<\/div>\n\t\t\t\t\t<\/div>\n\t\t<\/section>\n\t\t\t\t<section class=\"elementor-section elementor-top-section elementor-element elementor-element-0ed297d elementor-section-boxed elementor-section-height-default elementor-section-height-default\" data-id=\"0ed297d\" data-element_type=\"section\">\n\t\t\t\t\t\t<div class=\"elementor-container elementor-column-gap-default\">\n\t\t\t\t\t<div class=\"elementor-column elementor-col-100 elementor-top-column elementor-element elementor-element-1adff7d\" data-id=\"1adff7d\" data-element_type=\"column\">\n\t\t\t<div class=\"elementor-widget-wrap elementor-element-populated\">\n\t\t\t\t\t\t<div class=\"elementor-element elementor-element-3f0ab55 elementor-widget elementor-widget-text-editor\" data-id=\"3f0ab55\" data-element_type=\"widget\" data-widget_type=\"text-editor.default\">\n\t\t\t\t<div class=\"elementor-widget-container\">\n\t\t\t\t\t\t\t\t\t<h2 style=\"text-align: center;\"><span style=\"color: #339966;\"><strong>pour les <span style=\"color: #ff0000;\">M2<\/span> vous avez \u00a072 heures \u00a0\u00e0 partir de 09\/04\/2023 (09-11\/04\/2023 \u00e0 12h30) pour faire vos r\u00e9clamations sur un registre \u00e0 l&rsquo;administration du d\u00e9partement de G\u00e9nie chimique (bureau 4417)<\/strong><\/span><\/h2><p>\u00a0<\/p><h2><strong>D\u00e9lib\u00e9rations Finales avant Rachat <span style=\"color: #0000ff;\">M2 GC<\/span>: <span style=\"color: #ff0000;\"><a style=\"color: #ff0000;\" href=\"https:\/\/www.univ-usto.dz\/faculte\/fac-chimie\/wp-content\/uploads\/2023\/04\/Deliberation_-2023-03-26T105313.480.pdf\">Deliberation_ &#8211; 2023-03-26 M2 GC<\/a><\/span><\/strong><\/h2><h2><strong>D\u00e9lib\u00e9rations finales avant rachat <span style=\"color: #0000ff;\">M2 GPE: <span style=\"color: #ff0000;\"><a style=\"color: #ff0000;\" href=\"https:\/\/www.univ-usto.dz\/faculte\/fac-chimie\/wp-content\/uploads\/2023\/04\/Deliberation_-2023-03-26T110251.960.pdf\">D\u00e9liberation_ &#8211; 2023-M2 GPE<\/a><\/span><\/span><\/strong><\/h2><h2><strong>D\u00e9lib\u00e9rations finales avant rachat <span style=\"color: #0000ff;\">M2 Pharma: <a href=\"https:\/\/www.univ-usto.dz\/faculte\/fac-chimie\/wp-content\/uploads\/2023\/04\/Deliberation_-2023-03-26T113216.461.pdf\">D\u00e9liberation_ &#8211; 2023-03-<span style=\"color: #ff0000;\">M2 Pharma<\/span><\/a><\/span><\/strong><\/h2><h2><strong>D\u00e9lib\u00e9rations finales avant rachat <span style=\"color: #0000ff;\">M2 P\u00e9tro<\/span>: <a href=\"https:\/\/www.univ-usto.dz\/faculte\/fac-chimie\/wp-content\/uploads\/2023\/04\/Deliberation_-2023-03-26T122742.039.pdf\">D\u00e9liberation_ &#8211; 2023-03-26 <span style=\"color: #ff0000;\">M2 P\u00e9tro<\/span><\/a><\/strong><\/h2><p>\u00a0<\/p><p>\u00a0<\/p><p>\u00a0<\/p><h2 class=\"gmail_default\" style=\"text-align: center;\"><span style=\"color: #339966;\"><strong>pour les <span style=\"color: #ff0000;\">M1<\/span> vous pouvez r\u00e9cup\u00e9rer le relev\u00e9 de note du semestre 1 pour faire les r\u00e9clamations (bureau 4417 &amp; 4420 )<\/strong><\/span><\/h2><h2 class=\"gmail_default\" style=\"text-align: center;\"><span style=\"color: #339966;\"><strong>vous avez du 09\/04\/2023 jusqu&rsquo;au \u00a0jeudi 13\/04\/2023 (\u00e0 12h30) pour faire vos r\u00e9clamations uniquement sur les relev\u00e9s de notes (bureau 4417 et 4420)<\/strong><\/span><\/h2><p>\u00a0<\/p><h2><strong>Pr\u00e9 d\u00e9lib\u00e9ration <span style=\"color: #0000ff;\">M1 GC<\/span>: <a href=\"https:\/\/www.univ-usto.dz\/faculte\/fac-chimie\/wp-content\/uploads\/2023\/04\/Deliberation_2022_2023-s1.pdf\">D\u00e9liberation_2022_2023 (s1) <span style=\"color: #ff0000;\">M1 GC<\/span><\/a><\/strong><\/h2><h2><strong>Pr\u00e9 d\u00e9lib\u00e9ration <span style=\"color: #0000ff;\">M1 GPE: <a href=\"https:\/\/www.univ-usto.dz\/faculte\/fac-chimie\/wp-content\/uploads\/2023\/04\/Deliberation_2022_2023-53.pdf\">D\u00e9liberation_2022_2023 <span style=\"color: #ff0000;\">M1 GPE<\/span><\/a><\/span><\/strong><\/h2><h2><strong>Pr\u00e9 d\u00e9lib\u00e9ration <span style=\"color: #0000ff;\">M1 P\u00e9tro<\/span>: <a href=\"https:\/\/www.univ-usto.dz\/faculte\/fac-chimie\/wp-content\/uploads\/2023\/04\/Deliberation_2022_2023-55.pdf\">D\u00e9liberation_2022_2023 <span style=\"color: #ff0000;\">M1 P\u00e9tro<\/span><\/a><\/strong><\/h2><h2>\u00a0<\/h2><h2 style=\"text-align: center;\"><span style=\"color: #339966;\"><strong>pour les <span style=\"color: #ff0000;\">L2 &amp; L3<\/span> vous pouvez r\u00e9cup\u00e9rer le relev\u00e9 de note du semestre S3\/S5 \u00a0pour faire les r\u00e9clamations (bureau 4417 &amp; 4420 )<\/strong><\/span><br \/><span style=\"color: #339966;\"><strong>vous avez du 09\/04\/2023 jusqu&rsquo;au \u00a0jeudi 13\/04\/2023 (\u00e0 16h00) pour faire vos r\u00e9clamations\u00a0<u>uniquement<\/u>\u00a0sur les relev\u00e9s de notes (bureau 4417 et 4420).<\/strong><\/span><\/h2><p>\u00a0<\/p><h2><strong>Pr\u00e9 d\u00e9lib\u00e9ration <span style=\"color: #0000ff;\">L2 raffinage: <a href=\"https:\/\/www.univ-usto.dz\/faculte\/fac-chimie\/wp-content\/uploads\/2023\/04\/PreDeliberation_2022_2023-s3-L2RAFFI-2022-2023.pdf\">Pr\u00e9D\u00e9liberation_2022_2023-s3-<span style=\"color: #ff0000;\">L2RAFFI<\/span>-2022-2023<\/a><\/span><\/strong><\/h2><h2><strong>Pr\u00e9 d\u00e9lib\u00e9ration <span style=\"color: #0000ff;\">L3 raffinage: <a href=\"https:\/\/www.univ-usto.dz\/faculte\/fac-chimie\/wp-content\/uploads\/2023\/04\/PreDeliberation_2022_2023-L3RAFFI-S5-2022-2023.pdf\">Pr\u00e9Deliberation_2022_2023-<span style=\"color: #ff0000;\">L3RAFFI<\/span>-S5-2022-2023<\/a><\/span><\/strong><\/h2>\t\t\t\t\t\t\t\t<\/div>\n\t\t\t\t<\/div>\n\t\t\t\t\t<\/div>\n\t\t<\/div>\n\t\t\t\t\t<\/div>\n\t\t<\/section>\n\t\t\t\t<section class=\"elementor-section elementor-top-section elementor-element elementor-element-97fd6fb elementor-section-boxed elementor-section-height-default elementor-section-height-default\" data-id=\"97fd6fb\" data-element_type=\"section\">\n\t\t\t\t\t\t<div class=\"elementor-container elementor-column-gap-default\">\n\t\t\t\t\t<div class=\"elementor-column elementor-col-100 elementor-top-column elementor-element elementor-element-0c24590\" data-id=\"0c24590\" data-element_type=\"column\">\n\t\t\t<div class=\"elementor-widget-wrap elementor-element-populated\">\n\t\t\t\t\t\t<div class=\"elementor-element elementor-element-fa78182 elementor-widget-divider--view-line elementor-widget elementor-widget-divider\" data-id=\"fa78182\" data-element_type=\"widget\" data-widget_type=\"divider.default\">\n\t\t\t\t<div class=\"elementor-widget-container\">\n\t\t\t\t\t\t\t<div class=\"elementor-divider\">\n\t\t\t<span class=\"elementor-divider-separator\">\n\t\t\t\t\t\t<\/span>\n\t\t<\/div>\n\t\t\t\t\t\t<\/div>\n\t\t\t\t<\/div>\n\t\t\t\t\t<\/div>\n\t\t<\/div>\n\t\t\t\t\t<\/div>\n\t\t<\/section>\n\t\t\t\t<section class=\"elementor-section elementor-top-section elementor-element elementor-element-a8a72dd elementor-section-boxed elementor-section-height-default elementor-section-height-default\" data-id=\"a8a72dd\" data-element_type=\"section\">\n\t\t\t\t\t\t<div class=\"elementor-container elementor-column-gap-default\">\n\t\t\t\t\t<div class=\"elementor-column elementor-col-100 elementor-top-column elementor-element elementor-element-4f2660e\" data-id=\"4f2660e\" data-element_type=\"column\">\n\t\t\t<div class=\"elementor-widget-wrap elementor-element-populated\">\n\t\t\t\t\t\t<div class=\"elementor-element elementor-element-eec78bd elementor-widget-divider--view-line elementor-widget elementor-widget-divider\" data-id=\"eec78bd\" data-element_type=\"widget\" data-widget_type=\"divider.default\">\n\t\t\t\t<div class=\"elementor-widget-container\">\n\t\t\t\t\t\t\t<div class=\"elementor-divider\">\n\t\t\t<span class=\"elementor-divider-separator\">\n\t\t\t\t\t\t<\/span>\n\t\t<\/div>\n\t\t\t\t\t\t<\/div>\n\t\t\t\t<\/div>\n\t\t\t\t\t<\/div>\n\t\t<\/div>\n\t\t\t\t\t<\/div>\n\t\t<\/section>\n\t\t\t\t<\/div>\n\t\t","protected":false},"excerpt":{"rendered":"<p>pour les M2 vous avez \u00a072 heures \u00a0\u00e0 partir de 09\/04\/2023 (09-11\/04\/2023 \u00e0 12h30) pour faire vos r\u00e9clamations sur un registre \u00e0 l&rsquo;administration du d\u00e9partement de G\u00e9nie chimique (bureau 4417) <a href=\"https:\/\/www.univ-usto.dz\/faculte\/fac-chimie\/deliberation-m2-gc-2022-2023\/\" class=\"read-more\">Lire la suite &#8230;<\/a><\/p>\n","protected":false},"author":14,"featured_media":0,"parent":0,"menu_order":0,"comment_status":"closed","ping_status":"closed","template":"","meta":{"footnotes":""},"class_list":["post-19780","page","type-page","status-publish","hentry"],"_links":{"self":[{"href":"https:\/\/www.univ-usto.dz\/faculte\/fac-chimie\/wp-json\/wp\/v2\/pages\/19780","targetHints":{"allow":["GET"]}}],"collection":[{"href":"https:\/\/www.univ-usto.dz\/faculte\/fac-chimie\/wp-json\/wp\/v2\/pages"}],"about":[{"href":"https:\/\/www.univ-usto.dz\/faculte\/fac-chimie\/wp-json\/wp\/v2\/types\/page"}],"author":[{"embeddable":true,"href":"https:\/\/www.univ-usto.dz\/faculte\/fac-chimie\/wp-json\/wp\/v2\/users\/14"}],"replies":[{"embeddable":true,"href":"https:\/\/www.univ-usto.dz\/faculte\/fac-chimie\/wp-json\/wp\/v2\/comments?post=19780"}],"version-history":[{"count":65,"href":"https:\/\/www.univ-usto.dz\/faculte\/fac-chimie\/wp-json\/wp\/v2\/pages\/19780\/revisions"}],"predecessor-version":[{"id":20147,"href":"https:\/\/www.univ-usto.dz\/faculte\/fac-chimie\/wp-json\/wp\/v2\/pages\/19780\/revisions\/20147"}],"wp:attachment":[{"href":"https:\/\/www.univ-usto.dz\/faculte\/fac-chimie\/wp-json\/wp\/v2\/media?parent=19780"}],"curies":[{"name":"wp","href":"https:\/\/api.w.org\/{rel}","templated":true}]}}