{"id":22168,"date":"2023-09-27T08:59:14","date_gmt":"2023-09-27T08:59:14","guid":{"rendered":"https:\/\/www.univ-usto.dz\/faculte\/fac-chimie\/?page_id=22168"},"modified":"2023-11-13T09:45:39","modified_gmt":"2023-11-13T09:45:39","slug":"cours-et-fiches-de-td-en-ligne-departement-gm-23-24","status":"publish","type":"page","link":"https:\/\/www.univ-usto.dz\/faculte\/fac-chimie\/fr\/cours-et-fiches-de-td-en-ligne-departement-gm-23-24\/","title":{"rendered":"Cours et fiches de TD en ligne D\u00e9partement GM 23-24"},"content":{"rendered":"\t\t<div data-elementor-type=\"wp-page\" data-elementor-id=\"22168\" class=\"elementor elementor-22168\">\n\t\t\t\t\t\t<section class=\"elementor-section elementor-top-section elementor-element elementor-element-2462ba8 elementor-section-boxed elementor-section-height-default elementor-section-height-default\" data-id=\"2462ba8\" data-element_type=\"section\">\n\t\t\t\t\t\t<div class=\"elementor-container elementor-column-gap-default\">\n\t\t\t\t\t<div class=\"elementor-column elementor-col-100 elementor-top-column elementor-element elementor-element-6bca937\" data-id=\"6bca937\" data-element_type=\"column\">\n\t\t\t<div class=\"elementor-widget-wrap elementor-element-populated\">\n\t\t\t\t\t\t<div class=\"elementor-element elementor-element-fa4b290 elementor-widget-divider--view-line elementor-widget elementor-widget-divider\" data-id=\"fa4b290\" data-element_type=\"widget\" data-widget_type=\"divider.default\">\n\t\t\t\t<div class=\"elementor-widget-container\">\n\t\t\t\t\t\t\t<div class=\"elementor-divider\">\n\t\t\t<span class=\"elementor-divider-separator\">\n\t\t\t\t\t\t<\/span>\n\t\t<\/div>\n\t\t\t\t\t\t<\/div>\n\t\t\t\t<\/div>\n\t\t\t\t\t<\/div>\n\t\t<\/div>\n\t\t\t\t\t<\/div>\n\t\t<\/section>\n\t\t\t\t<section class=\"elementor-section elementor-top-section elementor-element elementor-element-5d4f2db elementor-section-boxed elementor-section-height-default elementor-section-height-default\" data-id=\"5d4f2db\" data-element_type=\"section\">\n\t\t\t\t\t\t<div class=\"elementor-container elementor-column-gap-default\">\n\t\t\t\t\t<div class=\"elementor-column elementor-col-100 elementor-top-column elementor-element elementor-element-663556b\" data-id=\"663556b\" data-element_type=\"column\">\n\t\t\t<div class=\"elementor-widget-wrap elementor-element-populated\">\n\t\t\t\t\t\t<div class=\"elementor-element elementor-element-8ba9d8b elementor-widget elementor-widget-text-editor\" data-id=\"8ba9d8b\" data-element_type=\"widget\" data-widget_type=\"text-editor.default\">\n\t\t\t\t<div class=\"elementor-widget-container\">\n\t\t\t\t\t\t\t\t\t<h2><strong><a href=\"https:\/\/www.univ-usto.dz\/faculte\/fac-chimie\/cours-et-fiches-de-td-l2-gp-2023-2024\/\">Cours et Fiches de TD pour les <span style=\"color: #ff0000;\">L2 GP<\/span> 2023-2024<\/a><\/strong><\/h2><h2><strong><a href=\"https:\/\/www.univ-usto.dz\/faculte\/fac-chimie\/cours-et-fiches-de-td-pour-les-m1-gpm-2023-2024\/\">Cours et Fiches de TD pour les <span style=\"color: #ff0000;\">M1 GPM<\/span> 2023-2024<\/a><\/strong><\/h2><h2><strong><a href=\"https:\/\/www.univ-usto.dz\/faculte\/fac-chimie\/cours-et-fiches-de-td-pour-les-l3-gp-2023-2024\/\">Cours et fiches de TD pour les <span style=\"color: #ff0000;\">L3 G\u00e9nie des Proc\u00e9d\u00e9s<\/span> 2023-2024<\/a><\/strong><\/h2><h2><strong><a href=\"https:\/\/www.univ-usto.dz\/faculte\/fac-chimie\/cours-et-fiches-de-td-en-ligne-pour-les-l2-gp-2023-2024\/\">Cours et Fiches de TD pour les <span style=\"color: #ff0000;\">L2 G\u00e9nie des Proc\u00e9d\u00e9s<\/span> 2023-2024<\/a><\/strong><\/h2><h2><strong><a href=\"https:\/\/www.univ-usto.dz\/faculte\/fac-chimie\/cours-et-fiches-de-td-pour-les-m2-gp-2023-2024\/\">Cours et Fiches de TD pour les <span style=\"color: #ff0000;\">M2 G\u00e9nie des Polym\u00e8res<\/span> 2023-2024<\/a><\/strong><\/h2><h2><strong><a href=\"https:\/\/www.univ-usto.dz\/faculte\/fac-chimie\/cours-et-fiches-de-td-pour-les-m2-gpm-2023-2024\/\">Cours et Fiches de TD pour les <span style=\"color: #ff0000;\">M2 GPM<\/span> 2023-2024<\/a><\/strong><\/h2><h2><strong><a href=\"https:\/\/www.univ-usto.dz\/faculte\/fac-chimie\/cours-et-fiches-de-td-en-lignes-pour-les-m1-gp-2023-2024\/\">Cours et fiches de TD\u00a0 pour les <span style=\"color: #ff0000;\">M1 GP<\/span> 2023-2024<\/a><\/strong><\/h2>\t\t\t\t\t\t\t\t<\/div>\n\t\t\t\t<\/div>\n\t\t\t\t\t<\/div>\n\t\t<\/div>\n\t\t\t\t\t<\/div>\n\t\t<\/section>\n\t\t\t\t<\/div>\n\t\t","protected":false},"excerpt":{"rendered":"<p>Cours et Fiches de TD pour les L2 GP 2023-2024 Cours et Fiches de TD pour les M1 GPM 2023-2024 Cours et fiches de TD pour les L3 G\u00e9nie des <a href=\"https:\/\/www.univ-usto.dz\/faculte\/fac-chimie\/fr\/cours-et-fiches-de-td-en-ligne-departement-gm-23-24\/\" class=\"read-more\">Lire la suite &#8230;<\/a><\/p>\n","protected":false},"author":14,"featured_media":0,"parent":0,"menu_order":0,"comment_status":"closed","ping_status":"closed","template":"","meta":{"footnotes":""},"class_list":["post-22168","page","type-page","status-publish","hentry"],"_links":{"self":[{"href":"https:\/\/www.univ-usto.dz\/faculte\/fac-chimie\/wp-json\/wp\/v2\/pages\/22168","targetHints":{"allow":["GET"]}}],"collection":[{"href":"https:\/\/www.univ-usto.dz\/faculte\/fac-chimie\/wp-json\/wp\/v2\/pages"}],"about":[{"href":"https:\/\/www.univ-usto.dz\/faculte\/fac-chimie\/wp-json\/wp\/v2\/types\/page"}],"author":[{"embeddable":true,"href":"https:\/\/www.univ-usto.dz\/faculte\/fac-chimie\/wp-json\/wp\/v2\/users\/14"}],"replies":[{"embeddable":true,"href":"https:\/\/www.univ-usto.dz\/faculte\/fac-chimie\/wp-json\/wp\/v2\/comments?post=22168"}],"version-history":[{"count":40,"href":"https:\/\/www.univ-usto.dz\/faculte\/fac-chimie\/wp-json\/wp\/v2\/pages\/22168\/revisions"}],"predecessor-version":[{"id":23154,"href":"https:\/\/www.univ-usto.dz\/faculte\/fac-chimie\/wp-json\/wp\/v2\/pages\/22168\/revisions\/23154"}],"wp:attachment":[{"href":"https:\/\/www.univ-usto.dz\/faculte\/fac-chimie\/wp-json\/wp\/v2\/media?parent=22168"}],"curies":[{"name":"wp","href":"https:\/\/api.w.org\/{rel}","templated":true}]}}