{"id":23062,"date":"2023-11-08T13:52:52","date_gmt":"2023-11-08T13:52:52","guid":{"rendered":"https:\/\/www.univ-usto.dz\/faculte\/fac-chimie\/?page_id=23062"},"modified":"2023-11-08T13:57:49","modified_gmt":"2023-11-08T13:57:49","slug":"inscription-des-doctorants-sur-progres","status":"publish","type":"page","link":"https:\/\/www.univ-usto.dz\/faculte\/fac-chimie\/fr\/inscription-des-doctorants-sur-progres\/","title":{"rendered":"Inscription des doctorants sur PROGRES"},"content":{"rendered":"\t\t<div data-elementor-type=\"wp-page\" data-elementor-id=\"23062\" class=\"elementor elementor-23062\">\n\t\t\t\t\t\t<section class=\"elementor-section elementor-top-section elementor-element elementor-element-a66f7a2 elementor-section-boxed elementor-section-height-default elementor-section-height-default\" data-id=\"a66f7a2\" data-element_type=\"section\">\n\t\t\t\t\t\t<div class=\"elementor-container elementor-column-gap-default\">\n\t\t\t\t\t<div class=\"elementor-column elementor-col-100 elementor-top-column elementor-element elementor-element-897635d\" data-id=\"897635d\" data-element_type=\"column\">\n\t\t\t<div class=\"elementor-widget-wrap elementor-element-populated\">\n\t\t\t\t\t\t<div class=\"elementor-element elementor-element-4b1108f elementor-widget-divider--view-line elementor-widget elementor-widget-divider\" data-id=\"4b1108f\" data-element_type=\"widget\" data-widget_type=\"divider.default\">\n\t\t\t\t<div class=\"elementor-widget-container\">\n\t\t\t\t\t\t\t<div class=\"elementor-divider\">\n\t\t\t<span class=\"elementor-divider-separator\">\n\t\t\t\t\t\t<\/span>\n\t\t<\/div>\n\t\t\t\t\t\t<\/div>\n\t\t\t\t<\/div>\n\t\t\t\t\t<\/div>\n\t\t<\/div>\n\t\t\t\t\t<\/div>\n\t\t<\/section>\n\t\t\t\t<section class=\"elementor-section elementor-top-section elementor-element elementor-element-3c90357 elementor-section-boxed elementor-section-height-default elementor-section-height-default\" data-id=\"3c90357\" data-element_type=\"section\">\n\t\t\t\t\t\t<div class=\"elementor-container elementor-column-gap-default\">\n\t\t\t\t\t<div class=\"elementor-column elementor-col-100 elementor-top-column elementor-element elementor-element-daab745\" data-id=\"daab745\" data-element_type=\"column\">\n\t\t\t<div class=\"elementor-widget-wrap elementor-element-populated\">\n\t\t\t\t\t\t<div class=\"elementor-element elementor-element-3f7a17c elementor-widget elementor-widget-text-editor\" data-id=\"3f7a17c\" data-element_type=\"widget\" data-widget_type=\"text-editor.default\">\n\t\t\t\t<div class=\"elementor-widget-container\">\n\t\t\t\t\t\t\t\t\t<blockquote>\n<div id=\"m_-8452644602851051049m_5548140283255678046ydpb27a99e3yiv8053537633OLK_SRC_BODY_SECTION\">\n<blockquote>\n<div id=\"m_-8452644602851051049m_5548140283255678046ydpb27a99e3yiv8053537633OLK_SRC_BODY_SECTION\">\n<div id=\"m_-8452644602851051049m_5548140283255678046ydpb27a99e3yiv8053537633OLK_SRC_BODY_SECTION\">\n<blockquote>\n<h2 style=\"text-align: center;\">&nbsp;<\/h2>\n<h2 style=\"text-align: center;\"><strong>\u0641\u064a \u0625\u0637\u0627\u0631 \u062a\u0639\u0645\u064a\u0645 \u0639\u0645\u0644\u064a\u0627\u062a \u0627\u0644\u062a\u0633\u062c\u064a\u0644 \u0648\u0625\u0639\u0627\u062f\u0629 \u0627\u0644\u062a\u0633\u062c\u064a\u0644 \u0644\u0643\u0644 \u0627\u0644\u0637\u0644\u0628\u0629 \u0648\u0627\u0644\u0623\u0637\u0648\u0627\u0631 \u060c \u0644\u0627 \u0633\u064a\u0645\u0627 \u0637\u0644\u0628\u0629 \u0627\u0644\u062f\u0643\u062a\u0648\u0631\u0627\u0647 \u0644\u0644\u0637\u0648\u0631 \u0627\u0644\u062b\u0627\u0644\u062b \u0628\u0639\u0646\u0648\u0627\u0646 \u0627\u0644\u0645\u0648\u0633\u0645 \u0627\u0644\u062c\u0627\u0645\u0639\u064a 2023-2024 \u060c<\/strong><\/h2>\n<h2 style=\"text-align: center;\"><strong>&nbsp;\u064a\u0634\u0631\u0641\u0646\u064a \u0625\u0639\u0644\u0627\u0645\u0643\u0645 \u0623\u0646\u0647 \u062a\u0645 \u062a\u0641\u0639\u064a\u0644 \u0627\u0644\u062e\u062f\u0645\u0629 \u0644\u0647\u0627\u062a\u0647 \u0627\u0644\u0641\u0626\u0629 \u0639\u0644\u0649 \u0627\u0644\u0646\u0638\u0627\u0645 \u0627\u0644\u0645\u0639\u0644\u0648\u0645\u0627\u062a\u064a \u0627\u0644\u0645\u062f\u0645\u062c&nbsp;<\/strong><\/h2><h2 style=\"text-align: center;\"><strong>( progr\u00e8s)&nbsp;<\/strong><\/h2>\n<h2 style=\"text-align: center;\"><strong>&nbsp;\u0648\u0641\u064a \u0647\u0630\u0627 \u0627\u0644\u0635\u062f\u062f \u060c \u0646\u0639\u0644\u0645\u0643\u0645 \u0623\u0646\u0647 \u0644\u0625\u062c\u0631\u0627\u0621 \u0639\u0645\u0644\u064a\u0629 \u0627\u0644\u062a\u0633\u062c\u064a\u0644 \u0623\u0648 \u0625\u0639\u0627\u062f\u0629 \u0627\u0644\u062a\u0633\u062c\u064a\u0644 \u0641\u064a \u0627\u0644\u062f\u0643\u062a\u0648\u0631\u0627\u0647 \u060c \u0641\u064a\u062a\u0648\u062c\u0628 \u0639\u0644\u0649 \u0627\u0644\u0645\u0639\u0646\u064a\u064a\u0646 \u0627\u062a\u0628\u0627\u0639 \u0627\u0644\u062e\u0637\u0648\u0627\u062a \u0627\u0644\u062a\u0627\u0644\u064a\u0629:<\/strong><\/h2>\n<h2 style=\"text-align: center;\">&nbsp;<\/h2>\n<h2 style=\"text-align: center;\"><b>\u0627\u0644\u0631\u0627\u0628\u0637:&nbsp;<\/b><a href=\"https:\/\/progres.mesrs.dz\/webfve\" target=\"_blank\" rel=\"noopener\" data-saferedirecturl=\"https:\/\/www.google.com\/url?q=https:\/\/progres.mesrs.dz\/webfve&amp;source=gmail&amp;ust=1699537123053000&amp;usg=AOvVaw3avQjods8cm95JcVyett07\" style=\"\"><u style=\"\"><b>https:\/\/progres.mesrs.dz\/<wbr>webfve<\/b><\/u><\/a><\/h2>\n<h2 style=\"text-align: center;\"><strong>&nbsp;\u0627\u0644\u0641\u0626\u0629\/\u0627\u0644\u0648\u062d\u062f\u0629: \u0627\u0644\u062f\u0643\u062a\u0648\u0631\u0627\u0647<\/strong><\/h2>\n<h2 style=\"text-align: center;\"><strong>&nbsp;\u0627\u0644\u0648\u0638\u064a\u0641\u0629: \u0637\u0644\u0628 \u0625\u0639\u0627\u062f\u0629 \u0627\u0644\u062a\u0633\u062c\u064a\u0644 (\u0627\u0644\u062f\u0643\u062a\u0648\u0631\u0627\u0647) \u0627\u0644\u0623\u062f\u0648\u0627\u0631: \u0637\u0644\u0628 \u0625\u0639\u0627\u062f\u0629 \u0627\u0644\u062a\u0633\u062c\u064a\u0644 \u0641\u064a \u0627\u0644\u062f\u0643\u062a\u0648\u0631\u0627\u0647 \u062d\u0633\u0627\u0628 \u0627\u0644\u0648\u0635\u0648\u0644:<\/strong><\/h2>\n<h2 style=\"text-align: center;\"><strong>&nbsp;\u0627\u0633\u0645 \u0627\u0644\u0645\u0633\u062a\u062e\u062f\u0645 = \u0633\u0646\u0629 \u0627\u0644\u0628\u0627\u0643\u0627\u0644\u0648\u0631\u064a\u0627 + \u0631\u0642\u0645 \u0627\u0644\u0628\u0627\u0643\u0627\u0644\u0648\u0631\u064a\u0627&nbsp;<\/strong><\/h2>\n<h2 style=\"text-align: center;\"><strong>&nbsp;\u0643\u0644\u0645\u0629 \u0627\u0644\u0645\u0631\u0648\u0631 = \u062a\u0627\u0631\u064a\u062e \u0627\u0644\u0645\u064a\u0644\u0627\u062f (ddmmyyyy \u060c \u0645\u062b\u0627\u0644 = 09091982) .<\/strong><\/h2>\n<h2 style=\"text-align: center;\"><strong>\u0623\u0645\u0627 \u0628\u0627\u0644\u0646\u0633\u0628\u0629 \u0644\u0644\u062d\u0633\u0627\u0628\u0627\u062a \u0641\u0642\u062f \u062a\u0645 \u0625\u0646\u0634\u0627\u0621 \u0648\u062a\u0641\u0639\u064a\u0644 \u0623\u0643\u062b\u0631 \u0645\u0646 52000 \u062d\u0633\u0627\u0628 \u060c&nbsp;<\/strong><\/h2>\n<h2 style=\"text-align: center;\">&nbsp;<\/h2>\n<div>\n<ul>\n<li style=\"text-align: center;\">\n<h2><b>Lien:<\/b><a href=\"https:\/\/progres.mesrs.dz\/webfve\" target=\"_blank\" rel=\"noopener\" data-saferedirecturl=\"https:\/\/www.google.com\/url?q=https:\/\/progres.mesrs.dz\/webfve&amp;source=gmail&amp;ust=1699537123053000&amp;usg=AOvVaw3avQjods8cm95JcVyett07\" style=\"\"><b><u>https:\/\/progres.mesrs.dz\/<wbr>webfve<\/u><\/b><\/a><\/h2>\n<\/li>\n<li style=\"text-align: center;\">\n<h2><strong>Module:Doctorat<\/strong><\/h2>\n<\/li>\n<li style=\"text-align: center;\">\n<h2><strong>Fonction:Demande de r\u00e9inscription (Doctorat)<\/strong><\/h2>\n<\/li>\n<li style=\"text-align: center;\">\n<h2><strong>R\u00f4les:DEMANDE DE REINSCRIPTION EN DOCTORAT<\/strong><\/h2>\n<\/li>\n<li style=\"text-align: center;\">\n<h2><strong>Compte d&rsquo;acc\u00e8s : nom utilisateur = ann\u00e9e de bac+matricule de bac , mot de passe = date de naissance (ddmmyyyy, ex=09091982)<\/strong><\/h2>\n<\/li>\n<li style=\"text-align: center;\">\n<h2><strong>pour les comptes : plus de 52000 comptes ont \u00e9t\u00e9 cr\u00e9\u00e9s , les autres doivent \u00eatre imprimer l&rsquo;administration par la fonction impression compte (celle utilis\u00e9e pour la demande de soutenance)<\/strong><\/h2>\n<\/li>\n<\/ul>\n<\/div>\n<\/blockquote>\n<\/div>\n<\/div>\n<\/blockquote>\n<\/div>\n<\/blockquote>\t\t\t\t\t\t\t\t<\/div>\n\t\t\t\t<\/div>\n\t\t\t\t\t<\/div>\n\t\t<\/div>\n\t\t\t\t\t<\/div>\n\t\t<\/section>\n\t\t\t\t<\/div>\n\t\t","protected":false},"excerpt":{"rendered":"<p>&nbsp; \u0641\u064a \u0625\u0637\u0627\u0631 \u062a\u0639\u0645\u064a\u0645 \u0639\u0645\u0644\u064a\u0627\u062a \u0627\u0644\u062a\u0633\u062c\u064a\u0644 \u0648\u0625\u0639\u0627\u062f\u0629 \u0627\u0644\u062a\u0633\u062c\u064a\u0644 \u0644\u0643\u0644 \u0627\u0644\u0637\u0644\u0628\u0629 \u0648\u0627\u0644\u0623\u0637\u0648\u0627\u0631 \u060c \u0644\u0627 \u0633\u064a\u0645\u0627 \u0637\u0644\u0628\u0629 \u0627\u0644\u062f\u0643\u062a\u0648\u0631\u0627\u0647 \u0644\u0644\u0637\u0648\u0631 \u0627\u0644\u062b\u0627\u0644\u062b \u0628\u0639\u0646\u0648\u0627\u0646 \u0627\u0644\u0645\u0648\u0633\u0645 \u0627\u0644\u062c\u0627\u0645\u0639\u064a 2023-2024 \u060c &nbsp;\u064a\u0634\u0631\u0641\u0646\u064a \u0625\u0639\u0644\u0627\u0645\u0643\u0645 \u0623\u0646\u0647 \u062a\u0645 \u062a\u0641\u0639\u064a\u0644 \u0627\u0644\u062e\u062f\u0645\u0629 \u0644\u0647\u0627\u062a\u0647 <a href=\"https:\/\/www.univ-usto.dz\/faculte\/fac-chimie\/fr\/inscription-des-doctorants-sur-progres\/\" class=\"read-more\">Lire la suite &#8230;<\/a><\/p>\n","protected":false},"author":14,"featured_media":0,"parent":0,"menu_order":0,"comment_status":"closed","ping_status":"closed","template":"","meta":{"footnotes":""},"class_list":["post-23062","page","type-page","status-publish","hentry"],"_links":{"self":[{"href":"https:\/\/www.univ-usto.dz\/faculte\/fac-chimie\/wp-json\/wp\/v2\/pages\/23062","targetHints":{"allow":["GET"]}}],"collection":[{"href":"https:\/\/www.univ-usto.dz\/faculte\/fac-chimie\/wp-json\/wp\/v2\/pages"}],"about":[{"href":"https:\/\/www.univ-usto.dz\/faculte\/fac-chimie\/wp-json\/wp\/v2\/types\/page"}],"author":[{"embeddable":true,"href":"https:\/\/www.univ-usto.dz\/faculte\/fac-chimie\/wp-json\/wp\/v2\/users\/14"}],"replies":[{"embeddable":true,"href":"https:\/\/www.univ-usto.dz\/faculte\/fac-chimie\/wp-json\/wp\/v2\/comments?post=23062"}],"version-history":[{"count":7,"href":"https:\/\/www.univ-usto.dz\/faculte\/fac-chimie\/wp-json\/wp\/v2\/pages\/23062\/revisions"}],"predecessor-version":[{"id":23070,"href":"https:\/\/www.univ-usto.dz\/faculte\/fac-chimie\/wp-json\/wp\/v2\/pages\/23062\/revisions\/23070"}],"wp:attachment":[{"href":"https:\/\/www.univ-usto.dz\/faculte\/fac-chimie\/wp-json\/wp\/v2\/media?parent=23062"}],"curies":[{"name":"wp","href":"https:\/\/api.w.org\/{rel}","templated":true}]}}