{"id":23590,"date":"2023-12-03T09:30:06","date_gmt":"2023-12-03T09:30:06","guid":{"rendered":"https:\/\/www.univ-usto.dz\/faculte\/fac-chimie\/?page_id=23590"},"modified":"2023-12-03T09:32:15","modified_gmt":"2023-12-03T09:32:15","slug":"diffusion_appel-a-inscription-au-reseau-thematique-de-recherche-hydrogene","status":"publish","type":"page","link":"https:\/\/www.univ-usto.dz\/faculte\/fac-chimie\/fr\/diffusion_appel-a-inscription-au-reseau-thematique-de-recherche-hydrogene\/","title":{"rendered":"DIFFUSION_Appel \u00e0 Inscription au R\u00e9seau Th\u00e9matique de Recherche \u00ab Hydrog\u00e8ne \u00bb"},"content":{"rendered":"\t\t<div data-elementor-type=\"wp-page\" data-elementor-id=\"23590\" class=\"elementor elementor-23590\">\n\t\t\t\t\t\t<section class=\"elementor-section elementor-top-section elementor-element elementor-element-7f0cde9 elementor-section-boxed elementor-section-height-default elementor-section-height-default\" data-id=\"7f0cde9\" data-element_type=\"section\">\n\t\t\t\t\t\t<div class=\"elementor-container elementor-column-gap-default\">\n\t\t\t\t\t<div class=\"elementor-column elementor-col-100 elementor-top-column elementor-element elementor-element-0871f1d\" data-id=\"0871f1d\" data-element_type=\"column\">\n\t\t\t<div class=\"elementor-widget-wrap elementor-element-populated\">\n\t\t\t\t\t\t<div class=\"elementor-element elementor-element-9fa1c93 elementor-widget-divider--view-line elementor-widget elementor-widget-divider\" data-id=\"9fa1c93\" data-element_type=\"widget\" data-widget_type=\"divider.default\">\n\t\t\t\t<div class=\"elementor-widget-container\">\n\t\t\t\t\t\t\t<div class=\"elementor-divider\">\n\t\t\t<span class=\"elementor-divider-separator\">\n\t\t\t\t\t\t<\/span>\n\t\t<\/div>\n\t\t\t\t\t\t<\/div>\n\t\t\t\t<\/div>\n\t\t\t\t\t<\/div>\n\t\t<\/div>\n\t\t\t\t\t<\/div>\n\t\t<\/section>\n\t\t\t\t<section class=\"elementor-section elementor-top-section elementor-element elementor-element-1521529 elementor-section-boxed elementor-section-height-default elementor-section-height-default\" data-id=\"1521529\" data-element_type=\"section\">\n\t\t\t\t\t\t<div class=\"elementor-container elementor-column-gap-default\">\n\t\t\t\t\t<div class=\"elementor-column elementor-col-100 elementor-top-column elementor-element elementor-element-67a756a\" data-id=\"67a756a\" data-element_type=\"column\">\n\t\t\t<div class=\"elementor-widget-wrap elementor-element-populated\">\n\t\t\t\t\t\t<div class=\"elementor-element elementor-element-0416851 elementor-widget elementor-widget-text-editor\" data-id=\"0416851\" data-element_type=\"widget\" data-widget_type=\"text-editor.default\">\n\t\t\t\t<div class=\"elementor-widget-container\">\n\t\t\t\t\t\t\t\t\t<h3 style=\"text-align: center;\"><strong>Chers chercheurs, l&rsquo;ATRST\u00a0\u00e0 le plaisir d&rsquo;inviter\u00a0toutes les entit\u00e9s de recherche et les organismes industriels. Pour s&rsquo;inscrire vous\u00a0trouverez\u00a0 ci dessous l&rsquo;invitation sur le r\u00e9seau th\u00e9matique Hydrog\u00e8ne, veuillez copier le lien pour pouvoir s&rsquo;inscrire.<\/strong><\/h3><p><span style=\"color: #0000ff;\"><strong><a style=\"color: #0000ff;\" href=\"https:\/\/www.univ-usto.dz\/faculte\/fac-chimie\/wp-content\/uploads\/2023\/12\/DIFFUSION-HYDROGENE-1.pdf\">DIFFUSION-HYDROGENE <\/a> <\/strong><\/span><\/p><p><span style=\"color: #0000ff;\"><strong><a style=\"color: #0000ff;\" href=\"https:\/\/www.univ-usto.dz\/faculte\/fac-chimie\/wp-content\/uploads\/2023\/12\/Invitation-RTR-H2-1.pdf\">Invitation-RTR-H2<\/a><\/strong><\/span><\/p>\t\t\t\t\t\t\t\t<\/div>\n\t\t\t\t<\/div>\n\t\t\t\t\t<\/div>\n\t\t<\/div>\n\t\t\t\t\t<\/div>\n\t\t<\/section>\n\t\t\t\t<\/div>\n\t\t","protected":false},"excerpt":{"rendered":"<p>Chers chercheurs, l&rsquo;ATRST\u00a0\u00e0 le plaisir d&rsquo;inviter\u00a0toutes les entit\u00e9s de recherche et les organismes industriels. Pour s&rsquo;inscrire vous\u00a0trouverez\u00a0 ci dessous l&rsquo;invitation sur le r\u00e9seau th\u00e9matique Hydrog\u00e8ne, veuillez copier le lien pour <a href=\"https:\/\/www.univ-usto.dz\/faculte\/fac-chimie\/fr\/diffusion_appel-a-inscription-au-reseau-thematique-de-recherche-hydrogene\/\" class=\"read-more\">Lire la suite &#8230;<\/a><\/p>\n","protected":false},"author":14,"featured_media":0,"parent":0,"menu_order":0,"comment_status":"closed","ping_status":"closed","template":"","meta":{"footnotes":""},"class_list":["post-23590","page","type-page","status-publish","hentry"],"_links":{"self":[{"href":"https:\/\/www.univ-usto.dz\/faculte\/fac-chimie\/wp-json\/wp\/v2\/pages\/23590","targetHints":{"allow":["GET"]}}],"collection":[{"href":"https:\/\/www.univ-usto.dz\/faculte\/fac-chimie\/wp-json\/wp\/v2\/pages"}],"about":[{"href":"https:\/\/www.univ-usto.dz\/faculte\/fac-chimie\/wp-json\/wp\/v2\/types\/page"}],"author":[{"embeddable":true,"href":"https:\/\/www.univ-usto.dz\/faculte\/fac-chimie\/wp-json\/wp\/v2\/users\/14"}],"replies":[{"embeddable":true,"href":"https:\/\/www.univ-usto.dz\/faculte\/fac-chimie\/wp-json\/wp\/v2\/comments?post=23590"}],"version-history":[{"count":4,"href":"https:\/\/www.univ-usto.dz\/faculte\/fac-chimie\/wp-json\/wp\/v2\/pages\/23590\/revisions"}],"predecessor-version":[{"id":23596,"href":"https:\/\/www.univ-usto.dz\/faculte\/fac-chimie\/wp-json\/wp\/v2\/pages\/23590\/revisions\/23596"}],"wp:attachment":[{"href":"https:\/\/www.univ-usto.dz\/faculte\/fac-chimie\/wp-json\/wp\/v2\/media?parent=23590"}],"curies":[{"name":"wp","href":"https:\/\/api.w.org\/{rel}","templated":true}]}}