{"id":23663,"date":"2023-12-04T14:51:22","date_gmt":"2023-12-04T14:51:22","guid":{"rendered":"https:\/\/www.univ-usto.dz\/faculte\/fac-chimie\/?page_id=23663"},"modified":"2023-12-04T14:54:33","modified_gmt":"2023-12-04T14:54:33","slug":"frais-dinscription-2023-2024","status":"publish","type":"page","link":"https:\/\/www.univ-usto.dz\/faculte\/fac-chimie\/fr\/frais-dinscription-2023-2024\/","title":{"rendered":"frais d&rsquo;inscription 2023-2024"},"content":{"rendered":"\t\t<div data-elementor-type=\"wp-page\" data-elementor-id=\"23663\" class=\"elementor elementor-23663\">\n\t\t\t\t\t\t<section class=\"elementor-section elementor-top-section elementor-element elementor-element-c6cdcd3 elementor-section-boxed elementor-section-height-default elementor-section-height-default\" data-id=\"c6cdcd3\" data-element_type=\"section\">\n\t\t\t\t\t\t<div class=\"elementor-container elementor-column-gap-default\">\n\t\t\t\t\t<div class=\"elementor-column elementor-col-100 elementor-top-column elementor-element elementor-element-be2e642\" data-id=\"be2e642\" data-element_type=\"column\">\n\t\t\t<div class=\"elementor-widget-wrap elementor-element-populated\">\n\t\t\t\t\t\t<div class=\"elementor-element elementor-element-b9cb8b9 elementor-widget-divider--view-line elementor-widget elementor-widget-divider\" data-id=\"b9cb8b9\" data-element_type=\"widget\" data-widget_type=\"divider.default\">\n\t\t\t\t<div class=\"elementor-widget-container\">\n\t\t\t\t\t\t\t<div class=\"elementor-divider\">\n\t\t\t<span class=\"elementor-divider-separator\">\n\t\t\t\t\t\t<\/span>\n\t\t<\/div>\n\t\t\t\t\t\t<\/div>\n\t\t\t\t<\/div>\n\t\t\t\t\t<\/div>\n\t\t<\/div>\n\t\t\t\t\t<\/div>\n\t\t<\/section>\n\t\t\t\t<section class=\"elementor-section elementor-top-section elementor-element elementor-element-1de46cc elementor-section-boxed elementor-section-height-default elementor-section-height-default\" data-id=\"1de46cc\" data-element_type=\"section\">\n\t\t\t\t\t\t<div class=\"elementor-container elementor-column-gap-default\">\n\t\t\t\t\t<div class=\"elementor-column elementor-col-100 elementor-top-column elementor-element elementor-element-7325aaa\" data-id=\"7325aaa\" data-element_type=\"column\">\n\t\t\t<div class=\"elementor-widget-wrap elementor-element-populated\">\n\t\t\t\t\t\t<div class=\"elementor-element elementor-element-cad3514 elementor-widget elementor-widget-text-editor\" data-id=\"cad3514\" data-element_type=\"widget\" data-widget_type=\"text-editor.default\">\n\t\t\t\t<div class=\"elementor-widget-container\">\n\t\t\t\t\t\t\t\t\t<h3 style=\"text-align: center;\"><span style=\"color: #ff0000;\"><strong>Urgent<\/strong><\/span><\/h3><h3 style=\"text-align: center;\"><strong>les \u00e9tudiants qui n&rsquo;ont pas encore pay\u00e9 leurs frais d&rsquo;inscription peuvent le faire pour avoir leurs carte d&rsquo;\u00e9tudiant.<\/strong><\/h3><h3 style=\"text-align: center;\">\u00a0<\/h3><h1 style=\"text-align: center;\"><span style=\"color: #ff0000;\"><strong>\u0647\u0627\u0645<\/strong><\/span><\/h1><h3 style=\"text-align: center;\"><strong>\u0627\u0644\u0637\u0644\u0628\u0629 \u0627\u0644\u0644\u0630\u064a\u0646 \u0644\u0645 \u064a\u062f\u0641\u0639\u0648\u0627 \u0628\u0639\u062f \u062d\u0642\u0648\u0642 \u0627\u0644\u062a\u0633\u062c\u064a\u0644 \u064a\u0645\u0643\u0646\u0647\u0645 \u0627\u0644\u062f\u0641\u0639 \u0645\u0646 \u0623\u062c\u0644 \u0627\u0644\u062d\u0635\u0648\u0644 \u0639\u0644\u0649 \u0628\u0637\u0627\u0642\u0629 \u0627\u0644\u0637\u0627\u0644\u0628.<\/strong><\/h3><h3 style=\"text-align: center;\">\u00a0<\/h3>\t\t\t\t\t\t\t\t<\/div>\n\t\t\t\t<\/div>\n\t\t\t\t\t<\/div>\n\t\t<\/div>\n\t\t\t\t\t<\/div>\n\t\t<\/section>\n\t\t\t\t<\/div>\n\t\t","protected":false},"excerpt":{"rendered":"<p>Urgent les \u00e9tudiants qui n&rsquo;ont pas encore pay\u00e9 leurs frais d&rsquo;inscription peuvent le faire pour avoir leurs carte d&rsquo;\u00e9tudiant. \u00a0 \u0647\u0627\u0645 \u0627\u0644\u0637\u0644\u0628\u0629 \u0627\u0644\u0644\u0630\u064a\u0646 \u0644\u0645 \u064a\u062f\u0641\u0639\u0648\u0627 \u0628\u0639\u062f \u062d\u0642\u0648\u0642 \u0627\u0644\u062a\u0633\u062c\u064a\u0644 \u064a\u0645\u0643\u0646\u0647\u0645 \u0627\u0644\u062f\u0641\u0639 <a href=\"https:\/\/www.univ-usto.dz\/faculte\/fac-chimie\/fr\/frais-dinscription-2023-2024\/\" class=\"read-more\">Lire la suite &#8230;<\/a><\/p>\n","protected":false},"author":14,"featured_media":0,"parent":0,"menu_order":0,"comment_status":"closed","ping_status":"closed","template":"","meta":{"footnotes":""},"class_list":["post-23663","page","type-page","status-publish","hentry"],"_links":{"self":[{"href":"https:\/\/www.univ-usto.dz\/faculte\/fac-chimie\/wp-json\/wp\/v2\/pages\/23663","targetHints":{"allow":["GET"]}}],"collection":[{"href":"https:\/\/www.univ-usto.dz\/faculte\/fac-chimie\/wp-json\/wp\/v2\/pages"}],"about":[{"href":"https:\/\/www.univ-usto.dz\/faculte\/fac-chimie\/wp-json\/wp\/v2\/types\/page"}],"author":[{"embeddable":true,"href":"https:\/\/www.univ-usto.dz\/faculte\/fac-chimie\/wp-json\/wp\/v2\/users\/14"}],"replies":[{"embeddable":true,"href":"https:\/\/www.univ-usto.dz\/faculte\/fac-chimie\/wp-json\/wp\/v2\/comments?post=23663"}],"version-history":[{"count":4,"href":"https:\/\/www.univ-usto.dz\/faculte\/fac-chimie\/wp-json\/wp\/v2\/pages\/23663\/revisions"}],"predecessor-version":[{"id":23667,"href":"https:\/\/www.univ-usto.dz\/faculte\/fac-chimie\/wp-json\/wp\/v2\/pages\/23663\/revisions\/23667"}],"wp:attachment":[{"href":"https:\/\/www.univ-usto.dz\/faculte\/fac-chimie\/wp-json\/wp\/v2\/media?parent=23663"}],"curies":[{"name":"wp","href":"https:\/\/api.w.org\/{rel}","templated":true}]}}