{"id":24318,"date":"2024-01-10T10:04:53","date_gmt":"2024-01-10T10:04:53","guid":{"rendered":"https:\/\/www.univ-usto.dz\/faculte\/fac-chimie\/?page_id=24318"},"modified":"2026-02-01T09:51:46","modified_gmt":"2026-02-01T09:51:46","slug":"corriges-et-notes-dexamen-de-departement-cp-2023-2024","status":"publish","type":"page","link":"https:\/\/www.univ-usto.dz\/faculte\/fac-chimie\/fr\/corriges-et-notes-dexamen-de-departement-cp-2023-2024\/","title":{"rendered":"Corrig\u00e9s et notes d&rsquo;examen de d\u00e9partement Chimie Physique 2025-2026"},"content":{"rendered":"\t\t<div data-elementor-type=\"wp-page\" data-elementor-id=\"24318\" class=\"elementor elementor-24318\">\n\t\t\t\t\t\t<section class=\"elementor-section elementor-top-section elementor-element elementor-element-153c3c2 elementor-section-boxed elementor-section-height-default elementor-section-height-default\" data-id=\"153c3c2\" data-element_type=\"section\">\n\t\t\t\t\t\t<div class=\"elementor-container elementor-column-gap-default\">\n\t\t\t\t\t<div class=\"elementor-column elementor-col-100 elementor-top-column elementor-element elementor-element-98fbec7\" data-id=\"98fbec7\" data-element_type=\"column\">\n\t\t\t<div class=\"elementor-widget-wrap elementor-element-populated\">\n\t\t\t\t\t\t<div class=\"elementor-element elementor-element-7f0bea8 elementor-widget-divider--view-line elementor-widget elementor-widget-divider\" data-id=\"7f0bea8\" data-element_type=\"widget\" data-widget_type=\"divider.default\">\n\t\t\t\t<div class=\"elementor-widget-container\">\n\t\t\t\t\t\t\t<div class=\"elementor-divider\">\n\t\t\t<span class=\"elementor-divider-separator\">\n\t\t\t\t\t\t<\/span>\n\t\t<\/div>\n\t\t\t\t\t\t<\/div>\n\t\t\t\t<\/div>\n\t\t\t\t\t<\/div>\n\t\t<\/div>\n\t\t\t\t\t<\/div>\n\t\t<\/section>\n\t\t\t\t<section class=\"elementor-section elementor-top-section elementor-element elementor-element-3b02db6 elementor-section-boxed elementor-section-height-default elementor-section-height-default\" data-id=\"3b02db6\" data-element_type=\"section\">\n\t\t\t\t\t\t<div class=\"elementor-container elementor-column-gap-default\">\n\t\t\t\t\t<div class=\"elementor-column elementor-col-100 elementor-top-column elementor-element elementor-element-3d238d5\" data-id=\"3d238d5\" data-element_type=\"column\">\n\t\t\t<div class=\"elementor-widget-wrap elementor-element-populated\">\n\t\t\t\t\t\t<div class=\"elementor-element elementor-element-0e57214 elementor-widget elementor-widget-text-editor\" data-id=\"0e57214\" data-element_type=\"widget\" data-widget_type=\"text-editor.default\">\n\t\t\t\t<div class=\"elementor-widget-container\">\n\t\t\t\t\t\t\t\t\t<h3><span style=\"color: #ff0000;\"><b>Master 1 Chimie pharmaceutique &#8211;&gt;L\u00e9gislation et d\u00e9ontologie pharmaceutique:<\/b><\/span><\/h3><p><a href=\"https:\/\/www.univ-usto.dz\/faculte\/fac-chimie\/wp-content\/uploads\/2026\/02\/Correction-Exam-Legislation-et-deontologie-pharmaceutique-S1-S2.S7.pdf\"><strong>Correction Exam L\u00e9gislation et d\u00e9ontologie pharmaceutique (S1, S2&#8230;&#8230;.S7)<\/strong><\/a><\/p><p><strong><a href=\"https:\/\/www.univ-usto.dz\/faculte\/fac-chimie\/wp-content\/uploads\/2026\/02\/Exam-S1-Legislation-et-deontologie-pharmaceutique.pdf\">Exam S1 L\u00e9gislation et d\u00e9ontologie pharmaceutique<\/a> <\/strong><\/p><p><strong><a href=\"https:\/\/www.univ-usto.dz\/faculte\/fac-chimie\/wp-content\/uploads\/2026\/02\/Exam-S2-Legislation-et-deontologie-pharmaceutique.pdf\">Exam S2 L\u00e9gislation et d\u00e9ontologie pharmaceutique<\/a> <\/strong><\/p><p><strong><a href=\"https:\/\/www.univ-usto.dz\/faculte\/fac-chimie\/wp-content\/uploads\/2026\/02\/Exam-S3-Legislation-et-deontologie-pharmaceutique.pdf\">Exam S3 L\u00e9gislation et d\u00e9ontologie pharmaceutique<\/a> <\/strong><\/p><p><strong><a href=\"https:\/\/www.univ-usto.dz\/faculte\/fac-chimie\/wp-content\/uploads\/2026\/02\/Exam-S4-Legislation-et-deontologie-pharmaceutique.pdf\">Exam S4 L\u00e9gislation et d\u00e9ontologie pharmaceutique<\/a> <\/strong><\/p><p><strong><a href=\"https:\/\/www.univ-usto.dz\/faculte\/fac-chimie\/wp-content\/uploads\/2026\/02\/Exam-S5-Legislation-et-deontologie-pharmaceutique.pdf\">Exam S5 L\u00e9gislation et d\u00e9ontologie pharmaceutique<\/a> <\/strong><\/p><p><strong><a href=\"https:\/\/www.univ-usto.dz\/faculte\/fac-chimie\/wp-content\/uploads\/2026\/02\/Exam-S6-Legislation-et-deontologie-pharmaceutique.pdf\">Exam S6 L\u00e9gislation et d\u00e9ontologie pharmaceutique<\/a> <\/strong><\/p><p><strong><a href=\"https:\/\/www.univ-usto.dz\/faculte\/fac-chimie\/wp-content\/uploads\/2026\/02\/Exam-S7-Legislation-et-deontologie-pharmaceutique.pdf\">Exam S7 L\u00e9gislation et d\u00e9ontologie pharmaceutique<\/a><\/strong><\/p>\t\t\t\t\t\t\t\t<\/div>\n\t\t\t\t<\/div>\n\t\t\t\t\t<\/div>\n\t\t<\/div>\n\t\t\t\t\t<\/div>\n\t\t<\/section>\n\t\t\t\t<\/div>\n\t\t","protected":false},"excerpt":{"rendered":"<p>Master 1 Chimie pharmaceutique &#8211;&gt;L\u00e9gislation et d\u00e9ontologie pharmaceutique: Correction Exam L\u00e9gislation et d\u00e9ontologie pharmaceutique (S1, S2&#8230;&#8230;.S7) Exam S1 L\u00e9gislation et d\u00e9ontologie pharmaceutique Exam S2 L\u00e9gislation et d\u00e9ontologie pharmaceutique Exam S3 <a href=\"https:\/\/www.univ-usto.dz\/faculte\/fac-chimie\/fr\/corriges-et-notes-dexamen-de-departement-cp-2023-2024\/\" class=\"read-more\">Lire la suite &#8230;<\/a><\/p>\n","protected":false},"author":14,"featured_media":0,"parent":0,"menu_order":0,"comment_status":"closed","ping_status":"closed","template":"","meta":{"footnotes":""},"class_list":["post-24318","page","type-page","status-publish","hentry"],"_links":{"self":[{"href":"https:\/\/www.univ-usto.dz\/faculte\/fac-chimie\/wp-json\/wp\/v2\/pages\/24318","targetHints":{"allow":["GET"]}}],"collection":[{"href":"https:\/\/www.univ-usto.dz\/faculte\/fac-chimie\/wp-json\/wp\/v2\/pages"}],"about":[{"href":"https:\/\/www.univ-usto.dz\/faculte\/fac-chimie\/wp-json\/wp\/v2\/types\/page"}],"author":[{"embeddable":true,"href":"https:\/\/www.univ-usto.dz\/faculte\/fac-chimie\/wp-json\/wp\/v2\/users\/14"}],"replies":[{"embeddable":true,"href":"https:\/\/www.univ-usto.dz\/faculte\/fac-chimie\/wp-json\/wp\/v2\/comments?post=24318"}],"version-history":[{"count":34,"href":"https:\/\/www.univ-usto.dz\/faculte\/fac-chimie\/wp-json\/wp\/v2\/pages\/24318\/revisions"}],"predecessor-version":[{"id":35413,"href":"https:\/\/www.univ-usto.dz\/faculte\/fac-chimie\/wp-json\/wp\/v2\/pages\/24318\/revisions\/35413"}],"wp:attachment":[{"href":"https:\/\/www.univ-usto.dz\/faculte\/fac-chimie\/wp-json\/wp\/v2\/media?parent=24318"}],"curies":[{"name":"wp","href":"https:\/\/api.w.org\/{rel}","templated":true}]}}