{"id":26717,"date":"2024-05-14T10:49:44","date_gmt":"2024-05-14T10:49:44","guid":{"rendered":"https:\/\/www.univ-usto.dz\/faculte\/fac-chimie\/?page_id=26717"},"modified":"2024-05-14T10:49:45","modified_gmt":"2024-05-14T10:49:45","slug":"word-from-the-dean","status":"publish","type":"page","link":"https:\/\/www.univ-usto.dz\/faculte\/fac-chimie\/en\/word-from-the-dean\/","title":{"rendered":"word from the dean"},"content":{"rendered":"\t\t<div data-elementor-type=\"wp-page\" data-elementor-id=\"26717\" class=\"elementor elementor-26717\">\n\t\t\t\t\t\t<section class=\"elementor-section elementor-top-section elementor-element elementor-element-63ae2e7 elementor-section-boxed elementor-section-height-default elementor-section-height-default\" data-id=\"63ae2e7\" data-element_type=\"section\">\n\t\t\t\t\t\t<div class=\"elementor-container elementor-column-gap-default\">\n\t\t\t\t\t<div class=\"elementor-column elementor-col-100 elementor-top-column elementor-element elementor-element-5bc9144\" data-id=\"5bc9144\" data-element_type=\"column\">\n\t\t\t<div class=\"elementor-widget-wrap elementor-element-populated\">\n\t\t\t\t\t\t<div class=\"elementor-element elementor-element-fbc946d elementor-widget elementor-widget-video\" data-id=\"fbc946d\" data-element_type=\"widget\" data-settings=\"{&quot;youtube_url&quot;:&quot;https:\\\/\\\/youtu.be\\\/oD88utEzqOI&quot;,&quot;video_type&quot;:&quot;youtube&quot;,&quot;controls&quot;:&quot;yes&quot;}\" data-widget_type=\"video.default\">\n\t\t\t\t<div class=\"elementor-widget-container\">\n\t\t\t\t\t\t\t<div class=\"elementor-wrapper elementor-open-inline\">\n\t\t\t<div class=\"elementor-video\"><\/div>\t\t<\/div>\n\t\t\t\t\t\t<\/div>\n\t\t\t\t<\/div>\n\t\t\t\t<div class=\"elementor-element elementor-element-4a94149 elementor-widget-divider--view-line elementor-widget elementor-widget-divider\" data-id=\"4a94149\" data-element_type=\"widget\" data-widget_type=\"divider.default\">\n\t\t\t\t<div class=\"elementor-widget-container\">\n\t\t\t\t\t\t\t<div class=\"elementor-divider\">\n\t\t\t<span class=\"elementor-divider-separator\">\n\t\t\t\t\t\t<\/span>\n\t\t<\/div>\n\t\t\t\t\t\t<\/div>\n\t\t\t\t<\/div>\n\t\t\t\t\t<\/div>\n\t\t<\/div>\n\t\t\t\t\t<\/div>\n\t\t<\/section>\n\t\t\t\t<section class=\"elementor-section elementor-top-section elementor-element elementor-element-692b207 elementor-section-boxed elementor-section-height-default elementor-section-height-default\" data-id=\"692b207\" data-element_type=\"section\">\n\t\t\t\t\t\t<div class=\"elementor-container elementor-column-gap-default\">\n\t\t\t\t\t<div class=\"elementor-column elementor-col-100 elementor-top-column elementor-element elementor-element-8dbabbf\" data-id=\"8dbabbf\" data-element_type=\"column\">\n\t\t\t<div class=\"elementor-widget-wrap elementor-element-populated\">\n\t\t\t\t\t\t<div class=\"elementor-element elementor-element-2f3a85c elementor-widget elementor-widget-text-editor\" data-id=\"2f3a85c\" data-element_type=\"widget\" data-widget_type=\"text-editor.default\">\n\t\t\t\t<div class=\"elementor-widget-container\">\n\t\t\t\t\t\t\t\t\t<h3><br><\/h3>\n<h3><strong> &nbsp;Avec environ 4000 \u00e9tudiants, la Facult\u00e9 de chimie est l&rsquo;une des grandes facult\u00e9s de l&rsquo;Universit\u00e9 des Sciences et de la Technologie d\u2019Oran Med BOUDIAF.<\/strong><\/h3>\n<h3>&nbsp;<\/h3>\n<h3><strong>&nbsp; &nbsp; &nbsp;Elle couvre deux domaines (S.T et S.M), quatre fili\u00e8res (G\u00e9nie des Proc\u00e9d\u00e9s, Hygi\u00e8ne et S\u00e9curit\u00e9 Industrielle, Industries P\u00e9trochimiques et Chimie) et 05 sp\u00e9cialit\u00e9s en licence et 9 sp\u00e9cialit\u00e9s en Master. La Facult\u00e9 de Chimie, c\u2019est aussi 07 laboratoires de Recherche.<\/strong><\/h3>\n<h3><strong>Les \u00e9tudiants gagneront \u00e9norm\u00e9ment \u00e0 s&rsquo;int\u00e9resser aux diff\u00e9rentes sp\u00e9cialit\u00e9s, qui sont non seulement extr\u00eamement stimulants sur le plan intellectuel mais contribuent aussi pour beaucoup \u00e0 la richesse de notre Universit\u00e9, offrant souvent des d\u00e9bouch\u00e9s nombreux et inattendus.<\/strong><\/h3>\n<h3>&nbsp;<\/h3>\n<h3><strong>&nbsp; &nbsp; &nbsp; La Facult\u00e9 de Chimie, consciente des enjeux et d\u00e9fis qu\u2019ils l\u2019attendent, \u0153uvre pour des perspectives prometteuses afin de dispenser aux \u00e9tudiants des formations dans les diff\u00e9rents domaines techniques et technologiques. Avec une \u00e9quipe, dynamique et tr\u00e8s active, nous comptons r\u00e9pondre aux attentes des diff\u00e9rents partenaires socio-\u00e9conomiques et les besoins du pays en termes de comp\u00e9tences. Notre d\u00e9marche est de s\u2019inscrire dans une dynamique durable permettant de joindre la formation et l\u2019apprentissage \u00e0 l\u2019innovation et le d\u00e9veloppement. Par cons\u00e9quent, permettre \u00e0 notre universit\u00e9 de se d\u00e9marquer tant au niveau national qu\u2019au niveau international.<\/strong><\/h3>\n<h3><strong>Les activit\u00e9s et les engagements de la Facult\u00e9 de Chimie s\u2019inscrivent \u00e9galement au c\u0153ur de la vie de l\u2019Universit\u00e9. Nous encourageons donc nos \u00e9tudiants \u00e0 ne pas se comporter en simples consommateurs de connaissances. Il leur faut aussi s&rsquo;investir dans la vie de l&rsquo;Universit\u00e9, en participant aux conseils, comme le Conseil de la Facult\u00e9, aux commissions, la cr\u00e9ation des clubs scientifiques de la Facult\u00e9&#8230;<\/strong><\/h3>\n<h3>&nbsp;<\/h3>\n<h3><strong>&nbsp; &nbsp; &nbsp; Enfin, j\u2019appelle tous mes coll\u00e8gues enseignants et enseignants-chercheurs, administrateurs et techniciens de s\u2019associer \u00e0 cette dynamique et les \u00e9tudiantes et \u00e9tudiants \u00e0 s\u2019investir et prendre d\u2019initiatives pour l\u2019acquisition de comp\u00e9tences scientifiques av\u00e9r\u00e9es pour un savoir incontestables.<\/strong><\/h3>\n<h3><strong>Les \u00e9tudes de Chimie ne sont pas un plaisir gratuit&nbsp;; elles demandent des efforts personnels et un engagement important. Mais elles sont aussi un plaisir v\u00e9ritable, un moment de bonheur exigeant, que nous serons heureux de partager avec vous.<\/strong><\/h3>\n<h3>&nbsp;<\/h3>\n<h3 style=\"text-align: right;\"><strong>Le Doyen de la Facult\u00e9 de Chimie<\/strong><\/h3>\n<h3 style=\"text-align: right;\"><strong>Professeur BENHAMOU Abdellah<\/strong><\/h3>\n<h3 style=\"text-align: right;\">&nbsp;<\/h3>\t\t\t\t\t\t\t\t<\/div>\n\t\t\t\t<\/div>\n\t\t\t\t\t<\/div>\n\t\t<\/div>\n\t\t\t\t\t<\/div>\n\t\t<\/section>\n\t\t\t\t<\/div>\n\t\t","protected":false},"excerpt":{"rendered":"<p>word from the dean<\/p>\n","protected":false},"author":14,"featured_media":0,"parent":0,"menu_order":0,"comment_status":"closed","ping_status":"closed","template":"","meta":{"footnotes":""},"class_list":["post-26717","page","type-page","status-publish","hentry"],"_links":{"self":[{"href":"https:\/\/www.univ-usto.dz\/faculte\/fac-chimie\/wp-json\/wp\/v2\/pages\/26717","targetHints":{"allow":["GET"]}}],"collection":[{"href":"https:\/\/www.univ-usto.dz\/faculte\/fac-chimie\/wp-json\/wp\/v2\/pages"}],"about":[{"href":"https:\/\/www.univ-usto.dz\/faculte\/fac-chimie\/wp-json\/wp\/v2\/types\/page"}],"author":[{"embeddable":true,"href":"https:\/\/www.univ-usto.dz\/faculte\/fac-chimie\/wp-json\/wp\/v2\/users\/14"}],"replies":[{"embeddable":true,"href":"https:\/\/www.univ-usto.dz\/faculte\/fac-chimie\/wp-json\/wp\/v2\/comments?post=26717"}],"version-history":[{"count":1,"href":"https:\/\/www.univ-usto.dz\/faculte\/fac-chimie\/wp-json\/wp\/v2\/pages\/26717\/revisions"}],"predecessor-version":[{"id":26718,"href":"https:\/\/www.univ-usto.dz\/faculte\/fac-chimie\/wp-json\/wp\/v2\/pages\/26717\/revisions\/26718"}],"wp:attachment":[{"href":"https:\/\/www.univ-usto.dz\/faculte\/fac-chimie\/wp-json\/wp\/v2\/media?parent=26717"}],"curies":[{"name":"wp","href":"https:\/\/api.w.org\/{rel}","templated":true}]}}