{"id":26761,"date":"2024-05-15T09:15:25","date_gmt":"2024-05-15T09:15:25","guid":{"rendered":"https:\/\/www.univ-usto.dz\/faculte\/fac-chimie\/?page_id=26761"},"modified":"2024-05-15T09:15:26","modified_gmt":"2024-05-15T09:15:26","slug":"presentation-of-the-library","status":"publish","type":"page","link":"https:\/\/www.univ-usto.dz\/faculte\/fac-chimie\/en\/presentation-of-the-library\/","title":{"rendered":"Presentation of the Library"},"content":{"rendered":"\t\t<div data-elementor-type=\"wp-page\" data-elementor-id=\"26761\" class=\"elementor elementor-26761\">\n\t\t\t\t\t\t<section class=\"elementor-section elementor-top-section elementor-element elementor-element-52fbcc2 elementor-section-boxed elementor-section-height-default elementor-section-height-default\" data-id=\"52fbcc2\" data-element_type=\"section\">\n\t\t\t\t\t\t<div class=\"elementor-container elementor-column-gap-default\">\n\t\t\t\t\t<div class=\"elementor-column elementor-col-100 elementor-top-column elementor-element elementor-element-7e01ec0\" data-id=\"7e01ec0\" data-element_type=\"column\">\n\t\t\t<div class=\"elementor-widget-wrap elementor-element-populated\">\n\t\t\t\t\t\t\t<\/div>\n\t\t<\/div>\n\t\t\t\t\t<\/div>\n\t\t<\/section>\n\t\t\t\t<section class=\"elementor-section elementor-top-section elementor-element elementor-element-a35cafd elementor-section-boxed elementor-section-height-default elementor-section-height-default\" data-id=\"a35cafd\" data-element_type=\"section\">\n\t\t\t\t\t\t<div class=\"elementor-container elementor-column-gap-default\">\n\t\t\t\t\t<div class=\"elementor-column elementor-col-100 elementor-top-column elementor-element elementor-element-ac4212d\" data-id=\"ac4212d\" data-element_type=\"column\">\n\t\t\t<div class=\"elementor-widget-wrap elementor-element-populated\">\n\t\t\t\t\t\t<section class=\"elementor-section elementor-inner-section elementor-element elementor-element-a8f1074 elementor-section-boxed elementor-section-height-default elementor-section-height-default\" data-id=\"a8f1074\" data-element_type=\"section\">\n\t\t\t\t\t\t<div class=\"elementor-container elementor-column-gap-default\">\n\t\t\t\t\t<div class=\"elementor-column elementor-col-50 elementor-inner-column elementor-element elementor-element-6d95b6d\" data-id=\"6d95b6d\" data-element_type=\"column\">\n\t\t\t<div class=\"elementor-widget-wrap elementor-element-populated\">\n\t\t\t\t\t\t<div class=\"elementor-element elementor-element-4b4917b elementor-widget elementor-widget-text-editor\" data-id=\"4b4917b\" data-element_type=\"widget\" data-widget_type=\"text-editor.default\">\n\t\t\t\t<div class=\"elementor-widget-container\">\n\t\t\t\t\t\t\t\t\t<p style=\"color: #000000; font-size: 11px; margin-bottom: 0px; font-family: Verdana, Arial, Helvetica, sans-serif; text-align: center;\"><span style=\"font-size: 12pt;\"><strong>Responsable:\u00a0<\/strong>Ghouas Mohammed<\/span><\/p><p style=\"color: #000000; font-size: 11px; margin-bottom: 0px; font-family: Verdana, Arial, Helvetica, sans-serif; text-align: center;\"><span style=\"font-size: 12pt;\"><strong>Telephone:\u00a0<\/strong>0778 86 19 66<\/span><\/p><p style=\"color: #000000; font-size: 11px; margin-bottom: 0px; font-family: Verdana, Arial, Helvetica, sans-serif; text-align: center;\"><span style=\"font-size: 12pt;\"><strong>Email:\u00a0<\/strong><span id=\"cloakaa856417249922ab6111b54af2e13d60\"><a style=\"color: #0099ff;\" href=\"mailto:ghouasmohammed@gmail.com\">ghouasmohammed@gmail.com<\/a><\/span><\/span><\/p><p style=\"color: #141414; font-size: 14px; margin-bottom: 0px; font-family: Roboto, Helvetica, Arial, sans-serif; text-align: justify;\">\u00a0<\/p>\t\t\t\t\t\t\t\t<\/div>\n\t\t\t\t<\/div>\n\t\t\t\t\t<\/div>\n\t\t<\/div>\n\t\t\t\t<div class=\"elementor-column elementor-col-50 elementor-inner-column elementor-element elementor-element-ccf2741\" data-id=\"ccf2741\" data-element_type=\"column\">\n\t\t\t<div class=\"elementor-widget-wrap elementor-element-populated\">\n\t\t\t\t\t\t\t<\/div>\n\t\t<\/div>\n\t\t\t\t\t<\/div>\n\t\t<\/section>\n\t\t\t\t\t<\/div>\n\t\t<\/div>\n\t\t\t\t\t<\/div>\n\t\t<\/section>\n\t\t\t\t<section class=\"elementor-section elementor-top-section elementor-element elementor-element-27bc060 elementor-section-boxed elementor-section-height-default elementor-section-height-default\" data-id=\"27bc060\" data-element_type=\"section\">\n\t\t\t\t\t\t<div class=\"elementor-container elementor-column-gap-default\">\n\t\t\t\t\t<div class=\"elementor-column elementor-col-100 elementor-top-column elementor-element elementor-element-7e51aec\" data-id=\"7e51aec\" data-element_type=\"column\">\n\t\t\t<div class=\"elementor-widget-wrap elementor-element-populated\">\n\t\t\t\t\t\t<div class=\"elementor-element elementor-element-7690ba5 elementor-widget elementor-widget-text-editor\" data-id=\"7690ba5\" data-element_type=\"widget\" data-widget_type=\"text-editor.default\">\n\t\t\t\t<div class=\"elementor-widget-container\">\n\t\t\t\t\t\t\t\t\t<p style=\"margin-top: 0cm; margin-right: 0cm; margin-bottom: 0.0001pt; color: #141414; font-family: Roboto, Helvetica, Arial, sans-serif; font-size: 14px; line-height: 15.6pt; background-image: initial; background-position: initial; background-repeat: initial; background-attachment: initial;\"><span style=\"color: #444444;\">\u00a0\u00a0La biblioth\u00e8que de la Facult\u00e9 de chimie \u00a0a \u00e9t\u00e9 cr\u00e9e en 2013, conform\u00e9ment au d\u00e9cret ex\u00e9cutif N\u00b013\/199 du 20 mai 2013.<\/span><\/p><p style=\"margin-top: 0cm; margin-right: 0cm; margin-bottom: 0.0001pt; color: #141414; font-family: Roboto, Helvetica, Arial, sans-serif; font-size: 14px; line-height: 15.6pt; background-image: initial; background-position: initial; background-repeat: initial; background-attachment: initial;\"><span style=\"color: #444444;\">Celle-ci, se compose d\u2019une salle\u00a0; r\u00e9serv\u00e9e pour les ouvrages et les livres, des th\u00e8ses Universitaires.<\/span><\/p><p style=\"margin-top: 0cm; margin-right: 0cm; margin-bottom: 0.0001pt; color: #141414; font-family: Roboto, Helvetica, Arial, sans-serif; font-size: 14px; line-height: 15.6pt; background-image: initial; background-position: initial; background-repeat: initial; background-attachment: initial;\"><span style=\"color: #444444;\">\u00a0<\/span><\/p><p style=\"margin-top: 0cm; margin-right: 0cm; margin-bottom: 0.0001pt; color: #141414; font-family: Roboto, Helvetica, Arial, sans-serif; font-size: 14px; line-height: 15.6pt; background-image: initial; background-position: initial; background-repeat: initial; background-attachment: initial;\"><span style=\"color: #444444;\">\u00a0 \u00a0 \u00a0 Les Visiteurs et Utilisateurs de cette biblioth\u00e8ques sont\u00a0; les professeurs, les Doctorants, les \u00e9tudiants en Magister et les \u00e9tudiants de 3<\/span><span style=\"position: relative; font-size: 10.5px; line-height: 0; vertical-align: baseline; top: -0.5em;\"><span style=\"font-size: 9pt; color: #444444;\">\u00e8me<\/span><\/span><span style=\"color: #444444;\">ann\u00e9e licence. Ces derniers b\u00e9n\u00e9ficient de la possibilit\u00e9 d\u2019une consultation interne des ouvrages et m\u00eame pour un emprunt hors les limites de celle-ci.<\/span><\/p><p style=\"margin-bottom: 0px; color: #141414; font-family: Roboto, Helvetica, Arial, sans-serif; font-size: 14px; text-align: justify;\">\u00a0<\/p><p style=\"margin-top: 0cm; margin-right: 0cm; margin-bottom: 0.0001pt; color: #141414; font-family: Roboto, Helvetica, Arial, sans-serif; font-size: 14px; text-align: justify; text-indent: -14.2pt; line-height: 15.6pt; background-image: initial; background-position: initial; background-repeat: initial; background-attachment: initial;\"><span style=\"color: #333300;\"><strong>\u00a0\u00a0\u00a0\u00a0\u00a0\u00a0\u00a0\u00a0\u00a0\u00a0 Le Fond documentaire de la biblioth\u00e8que est comme suit\u00a0:<\/strong><\/span><\/p><ul style=\"padding-left: 0px; margin-bottom: 10px; margin-left: 25px; color: #333333; font-family: Roboto, Helvetica, Arial, sans-serif; text-align: justify;\"><li style=\"line-height: 20px;\"><span style=\"color: #444444;\">Th\u00e8ses de Doctorat \u2026\u2026\u2026..100 titres.<\/span><\/li><li style=\"line-height: 20px;\"><span style=\"color: #444444;\">M\u00e9moires de Magister\u2026\u2026..242 titres.<\/span><\/li><li style=\"line-height: 20px;\"><span style=\"color: #444444;\">M\u00e9moires d\u2019Ing\u00e9nieurs\u2026\u2026.1460 titres.<\/span><\/li><li style=\"line-height: 20px;\"><span style=\"color: #444444;\">M\u00e9moires Master\u2026\u2026\u2026\u2026..889 titres.<\/span><\/li><\/ul><p style=\"margin-top: 0cm; margin-right: 0cm; margin-bottom: 0.0001pt; color: #141414; font-family: Roboto, Helvetica, Arial, sans-serif; font-size: 14px; text-align: justify; line-height: 15.6pt; background-image: initial; background-position: initial; background-repeat: initial; background-attachment: initial;\"><span style=\"color: #444444;\">Aussi, je signale l\u2019existence de 2679 autres ouvrages.<\/span><\/p><p style=\"margin-top: 0cm; margin-right: 0cm; margin-bottom: 0.0001pt; color: #141414; font-family: Roboto, Helvetica, Arial, sans-serif; font-size: 14px; text-align: justify; line-height: 15.6pt; background-image: initial; background-position: initial; background-repeat: initial; background-attachment: initial;\"><span style=\"color: #444444;\">Pour la classification accr\u00e9dit\u00e9e de la biblioth\u00e8que est une \u00a8 Classification Combinatoire Num\u00e9rique\u00a8.<\/span><\/p><p style=\"margin-bottom: 0px; color: #141414; font-family: Roboto, Helvetica, Arial, sans-serif; font-size: 14px; text-align: justify;\">\u00a0<\/p><p style=\"margin-bottom: 0px; color: #141414; font-family: Roboto, Helvetica, Arial, sans-serif; font-size: 14px; text-align: justify;\"><span style=\"color: #333300;\"><strong><span style=\"font-size: 12pt;\">R\u00e8glement Int\u00e9rieur:<\/span><\/strong><\/span><\/p><p style=\"margin-bottom: 0px; color: #141414; font-family: Roboto, Helvetica, Arial, sans-serif; font-size: 14px; text-align: justify;\">\u00a0<\/p><p style=\"margin-bottom: 0px; color: #141414; font-family: Roboto, Helvetica, Arial, sans-serif; font-size: 14px; text-align: justify;\">Tout utilisateur de la biblioth\u00e8que est tenu \u00e0 respecter le r\u00e8glement int\u00e9rieur de cette derni\u00e8re.<\/p><p style=\"margin-bottom: 0px; color: #141414; font-family: Roboto, Helvetica, Arial, sans-serif; font-size: 14px; text-align: justify;\"><span style=\"color: #003300;\"><strong>Article 1\u00a0:<\/strong><\/span><\/p><p style=\"margin-bottom: 0px; color: #141414; font-family: Roboto, Helvetica, Arial, sans-serif; font-size: 14px; text-align: justify;\"><span style=\"color: #444444;\">\u00a0 \u00a0 \u00a0 \u00a0<\/span>Heures d\u2019ouverture et de fermeture<\/p><ul style=\"padding-left: 0px; margin-bottom: 10px; margin-left: 25px; color: #333333; font-family: Roboto, Helvetica, Arial, sans-serif; text-align: justify;\"><li style=\"line-height: 20px;\">La salle est ouverte du dimanche au jeudi<\/li><li style=\"line-height: 20px;\">8h30 min \u00e016h00<\/li><\/ul><p style=\"margin-bottom: 0px; color: #141414; font-family: Roboto, Helvetica, Arial, sans-serif; font-size: 14px; text-align: justify;\"><span style=\"color: #003300;\"><strong>Article 2\u00a0:<\/strong><\/span><\/p><p style=\"margin-bottom: 0px; color: #141414; font-family: Roboto, Helvetica, Arial, sans-serif; font-size: 14px; text-align: justify;\"><span style=\"color: #444444;\">\u00a0\u00a0\u00a0\u00a0\u00a0\u00a0\u00a0\u00a0\u00a0\u00a0 \u00a0\u00a0\u00a0\u00a0\u00a0\u00a0\u00a0\u00a0<\/span>Tout\u00a0 utilisateur est tenu de pr\u00e9senter sa carte de lecteur \u00e0 l\u2019entr\u00e9e de la salle de lecture.<\/p><p style=\"margin-bottom: 0px; color: #141414; font-family: Roboto, Helvetica, Arial, sans-serif; font-size: 14px; text-align: justify;\"><span style=\"color: #003300;\"><strong>Article 3\u00a0:<\/strong><\/span><\/p><p style=\"margin-bottom: 0px; color: #141414; font-family: Roboto, Helvetica, Arial, sans-serif; font-size: 14px; text-align: justify;\"><span style=\"color: #444444;\">\u00a0\u00a0\u00a0\u00a0\u00a0\u00a0\u00a0\u00a0\u00a0\u00a0\u00a0\u00a0\u00a0\u00a0\u00a0\u00a0\u00a0\u00a0\u00a0\u00a0\u00a0\u00a0\u00a0\u00a0\u00a0<\/span>\u00a0La carte de\u00a0 lecteur est d\u00e9livr\u00e9e par le service de la biblioth\u00e8que aux\u00a0 enseignants et aux\u00a0\u00a0\u00a0 \u00e9tudiants : L3, M1, M2 de la facult\u00e9 de chimie, pour l\u2019obtenir, il suffit de pr\u00e9senter\u00a0:<\/p><ul style=\"padding-left: 0px; margin-bottom: 10px; margin-left: 25px; color: #333333; font-family: Roboto, Helvetica, Arial, sans-serif; text-align: justify;\"><li style=\"line-height: 20px;\">Une attestation de fonction pour enseignant ou d\u2019une attestation d\u2019inscription pour \u00e9tudiant<\/li><li style=\"line-height: 20px;\">Deux photos<\/li><\/ul><p style=\"margin-bottom: 0px; color: #141414; font-family: Roboto, Helvetica, Arial, sans-serif; font-size: 14px; text-align: justify;\"><span style=\"color: #003300;\"><strong>Article 5\u00a0:<\/strong><\/span><\/p><p style=\"margin-bottom: 0px; color: #141414; font-family: Roboto, Helvetica, Arial, sans-serif; font-size: 14px; text-align: justify;\"><span style=\"color: #444444;\">\u00a0\u00a0\u00a0\u00a0\u00a0\u00a0\u00a0\u00a0\u00a0\u00a0\u00a0\u00a0\u00a0\u00a0\u00a0\u00a0\u00a0\u00a0\u00a0\u00a0\u00a0\u00a0\u00a0\u00a0<\/span>\u00a0Pour aider les \u00e9tudiants (es) dans leurs travaux et leurs recherches le haut conseil de la biblioth\u00e8que a d\u00e9cid\u00e9 de consentir \u00e0 ses \u00e9tudiants (es) un pr\u00eat \u00e0 domicile pour\u00a0 une dur\u00e9e d\u2019une semaine<\/p><ul style=\"padding-left: 0px; margin-bottom: 10px; margin-left: 25px; color: #333333; font-family: Roboto, Helvetica, Arial, sans-serif; text-align: justify;\"><li style=\"line-height: 20px;\">Le pr\u00eat de document \u00e0 l\u2019ext\u00e9rieur est fait aux usagers inscrit \u00e0 la biblioth\u00e8que.<\/li><li style=\"line-height: 20px;\">Le pr\u00eat est fait \u00e0 titre personnel et sous la responsabilit\u00e9 du titulaire de la carte d\u2019emprunteurs.<\/li><li style=\"line-height: 20px;\">Le perte ou le vol d\u2019une carte doit \u00e9galement \u00eatre signal\u00e9 le plus rapidement possible, tant que la d\u00e9claration n\u2019est pas faite, l\u2019usager reste responsable.<\/li><\/ul><ul style=\"padding-left: 0px; margin-bottom: 10px; margin-left: 25px; color: #333333; font-family: Roboto, Helvetica, Arial, sans-serif; text-align: justify;\"><li style=\"line-height: 20px;\">La dur\u00e9e du pr\u00eat est de 15 jours pours l\u2019enseignant et d\u2019une semaine pour l\u2019\u00e9tudiant.<\/li><\/ul><p style=\"margin-top: 0cm; margin-right: 0cm; margin-bottom: 0.0001pt; color: #141414; font-family: Roboto, Helvetica, Arial, sans-serif; font-size: 14px; text-align: justify; line-height: 15.6pt; background-image: initial; background-position: initial; background-repeat: initial; background-attachment: initial;\"><span style=\"color: #444444;\">\u00a0\u00a0\u00a0\u00a0 \u00a0\u00a0\u00a0\u00a0\u00a0\u00a0<\/span><\/p><p style=\"margin-top: 0cm; margin-right: 0cm; margin-bottom: 0.0001pt; color: #141414; font-family: Roboto, Helvetica, Arial, sans-serif; font-size: 14px; text-align: justify; line-height: 15.6pt; background-image: initial; background-position: initial; background-repeat: initial; background-attachment: initial;\"><span style=\"color: #003300;\">\u00a0\u00a0\u00a0\u00a0\u00a0\u00a0\u00a0<strong>POUR LES NOUVEAUX UTILISATEIRS\u00a0:<\/strong><\/span><\/p><p style=\"margin-top: 0cm; margin-right: 0cm; margin-bottom: 0.0001pt; color: #141414; font-family: Roboto, Helvetica, Arial, sans-serif; font-size: 14px; text-align: justify; line-height: 15.6pt; background-image: initial; background-position: initial; background-repeat: initial; background-attachment: initial;\">\u00a0<\/p><p style=\"margin-top: 0cm; margin-right: 0cm; margin-bottom: 0.0001pt; color: #141414; font-family: Roboto, Helvetica, Arial, sans-serif; font-size: 14px; text-align: justify; line-height: 15.6pt; background-image: initial; background-position: initial; background-repeat: initial; background-attachment: initial;\">\u00a0<\/p><ul style=\"padding-left: 0px; margin-bottom: 10px; margin-left: 25px; color: #333333; font-family: Roboto, Helvetica, Arial, sans-serif; text-align: justify;\"><li style=\"line-height: 20px;\">la biblioth\u00e8que de la facult\u00e9 de chimie met \u00e0 votre disposition un guide ou se trouve tous le fond de la biblioth\u00e8que par sp\u00e9cialit\u00e9\u2019 au\u00a0\u00a0 niveau de la banque du pr\u00eat.<\/li><\/ul><p style=\"margin-bottom: 0px; color: #141414; font-family: Roboto, Helvetica, Arial, sans-serif; font-size: 14px; text-align: justify;\"><span style=\"color: #003300;\"><strong>Article 6\u00a0:<\/strong><\/span><\/p><ul style=\"padding-left: 0px; margin-bottom: 10px; margin-left: 25px; color: #333333; font-family: Roboto, Helvetica, Arial, sans-serif; text-align: justify;\"><li style=\"line-height: 20px;\">L\u2019usager est personnellement responsable de tout ouvrage emprunt\u00e9, s\u2019il le perd ou\u00a0l\u2019endommage,il sera tenu de payer le cout de l\u2019ouvrage \u00ab\u00a02 fois son prix\u00a0\u00bb.<\/li><\/ul><ul style=\"padding-left: 0px; margin-bottom: 10px; margin-left: 25px; color: #333333; font-family: Roboto, Helvetica, Arial, sans-serif; text-align: justify;\"><li style=\"line-height: 20px;\">Toute d\u00e9gradation de mobilier, mat\u00e9riel ou document \u00e0 l\u2019int\u00e9rieur des locaux de la\u00a0biblioth\u00e8que\u00a0 entrainera la m\u00eame sanction que pr\u00e9c\u00e9demment.<\/li><\/ul><p style=\"margin-bottom: 0px; color: #141414; font-family: Roboto, Helvetica, Arial, sans-serif; font-size: 14px; text-align: justify;\"><span style=\"color: #003300;\"><strong>Article 7\u00a0:<\/strong><\/span><\/p><ul style=\"padding-left: 0px; margin-bottom: 10px; margin-left: 25px; color: #333333; font-family: Roboto, Helvetica, Arial, sans-serif; text-align: justify;\"><li style=\"line-height: 20px;\">L\u2019usager \u00e0 la responsabilit\u00e9 de rapporte les documents \u00e0 temps\u00a0: des sanctions sont pr\u00e9vues pour tout ouvrage ou document restitu\u00e9 en retard, ces sanctions peuvent aller jusqu\u2019\u00e0 l\u2019exclusion\u00a0 d\u00e9finitive de l\u2019emprunteur, de la biblioth\u00e8que de la facult\u00e9.<\/li><li style=\"line-height: 20px;\">Les usages doivent respecter le calme des lieux et avoir un comportement correct.<\/li><li style=\"line-height: 20px;\">Il est notamment interdit de fumer\u00a0,de manger ou de boire dans les locaux de mani\u00e8res g\u00e9n\u00e9rale, et d\u2019avoir un comportement g\u00eanant pour les autres usagers.\u00a0<\/li><li style=\"line-height: 20px;\">L\u2019usage du t\u00e9l\u00e9phone portable est interdit dans locaux.<\/li><li style=\"line-height: 20px;\">Des infractions graves au r\u00e8glement et le non respect de recommandation entraineront la Suppression temporaire ou d\u00e9finitive du droit au pr\u00eat.<\/li><\/ul><ul style=\"padding-left: 0px; margin-bottom: 10px; margin-left: 25px; color: #333333; font-family: Roboto, Helvetica, Arial, sans-serif; text-align: justify;\"><li style=\"line-height: 20px;\">Le personnel se tient \u00e0 la disposition des utilisateurs pour les accueillir, les conseiller, les accompagner dans leurs recherches et d\u2019une mani\u00e8re g\u00e9n\u00e9rale, les aider dans l\u2019utilisation\u00a0des services de la biblioth\u00e8que de la facult\u00e9.<\/li><\/ul><p style=\"margin-bottom: 0px; color: #141414; font-family: Roboto, Helvetica, Arial, sans-serif; font-size: 14px; text-align: justify;\"><span style=\"color: #003300;\"><strong>\u00a0\u00a0\u00a0\u00a0\u00a0\u00a0\u00a0 POUR LES ENSEIGNANTS\u00a0:<\/strong><\/span><\/p><ul style=\"padding-left: 0px; margin-bottom: 10px; margin-left: 25px; color: #333333; font-family: Roboto, Helvetica, Arial, sans-serif; text-align: justify;\"><li style=\"line-height: 20px;\">Pour notre biblioth\u00e8que c\u2019est \u00e0 ces derniers que revient la charge de passer la commande des\u00a0livres dans notre biblioth\u00e8que, en donnant les titres des ouvrages (par auteur, par sujet et Ces derniers doivent noter leurs commandas d\u2019ouvrages au fur \u00e0 mesure sur les bons de\u00a0commande disponibles au niveau de chaque d\u00e9partement.<\/li><\/ul><p style=\"margin-bottom: 0px; color: #141414; font-family: Roboto, Helvetica, Arial, sans-serif; font-size: 14px; text-align: justify;\"><span style=\"color: #003300;\">\u00a0\u00a0\u00a0\u00a0\u00a0\u00a0 \u00a0\u00a0\u00a0\u00a0\u00a0<strong>QUITUS<\/strong><\/span><\/p><p style=\"margin-bottom: 0px; color: #141414; font-family: Roboto, Helvetica, Arial, sans-serif; font-size: 14px; text-align: justify;\"><span style=\"color: #444444;\">\u00a0\u00a0\u00a0\u00a0\u00a0\u00a0\u00a0\u00a0\u00a0 \u00a0\u00a0\u00a0\u00a0\u00a0\u00a0\u00a0\u00a0\u00a0\u00a0\u00a0\u00a0\u00a0\u00a0\u00a0\u00a0<\/span>Enfin d\u2019ann\u00e9e universitaire et sur pr\u00e9sentation de leur carte, les \u00e9tudiants doivent se faire<\/p><p style=\"margin-bottom: 0px; color: #141414; font-family: Roboto, Helvetica, Arial, sans-serif; font-size: 14px; text-align: justify;\">\u00a0\u00a0\u00a0\u00a0\u00a0\u00a0\u00a0\u00a0\u00a0\u00a0\u00a0\u00a0\u00a0\u00a0\u00a0\u00a0\u00a0\u00a0\u00a0\u00a0\u00a0\u00a0\u00a0\u00a0\u00a0 d\u00e9livrer un quitus attestant qu\u2019ils ont restitu\u00e9 tous les ouvrages emprunt\u00e9s \u00e0 la biblioth\u00e8que<\/p><p style=\"margin-bottom: 0px; color: #141414; font-family: Roboto, Helvetica, Arial, sans-serif; font-size: 14px; text-align: justify;\">\u00a0\u00a0\u00a0\u00a0\u00a0\u00a0\u00a0\u00a0\u00a0\u00a0\u00a0\u00a0\u00a0\u00a0\u00a0\u00a0\u00a0\u00a0\u00a0\u00a0\u00a0\u00a0\u00a0\u00a0\u00a0 de la facult\u00e9.<\/p>\t\t\t\t\t\t\t\t<\/div>\n\t\t\t\t<\/div>\n\t\t\t\t\t<\/div>\n\t\t<\/div>\n\t\t\t\t\t<\/div>\n\t\t<\/section>\n\t\t\t\t<\/div>\n\t\t","protected":false},"excerpt":{"rendered":"","protected":false},"author":14,"featured_media":0,"parent":0,"menu_order":0,"comment_status":"closed","ping_status":"closed","template":"","meta":{"footnotes":""},"class_list":["post-26761","page","type-page","status-publish","hentry"],"_links":{"self":[{"href":"https:\/\/www.univ-usto.dz\/faculte\/fac-chimie\/wp-json\/wp\/v2\/pages\/26761","targetHints":{"allow":["GET"]}}],"collection":[{"href":"https:\/\/www.univ-usto.dz\/faculte\/fac-chimie\/wp-json\/wp\/v2\/pages"}],"about":[{"href":"https:\/\/www.univ-usto.dz\/faculte\/fac-chimie\/wp-json\/wp\/v2\/types\/page"}],"author":[{"embeddable":true,"href":"https:\/\/www.univ-usto.dz\/faculte\/fac-chimie\/wp-json\/wp\/v2\/users\/14"}],"replies":[{"embeddable":true,"href":"https:\/\/www.univ-usto.dz\/faculte\/fac-chimie\/wp-json\/wp\/v2\/comments?post=26761"}],"version-history":[{"count":1,"href":"https:\/\/www.univ-usto.dz\/faculte\/fac-chimie\/wp-json\/wp\/v2\/pages\/26761\/revisions"}],"predecessor-version":[{"id":26762,"href":"https:\/\/www.univ-usto.dz\/faculte\/fac-chimie\/wp-json\/wp\/v2\/pages\/26761\/revisions\/26762"}],"wp:attachment":[{"href":"https:\/\/www.univ-usto.dz\/faculte\/fac-chimie\/wp-json\/wp\/v2\/media?parent=26761"}],"curies":[{"name":"wp","href":"https:\/\/api.w.org\/{rel}","templated":true}]}}