{"id":27307,"date":"2024-05-27T09:23:23","date_gmt":"2024-05-27T09:23:23","guid":{"rendered":"https:\/\/www.univ-usto.dz\/faculte\/fac-chimie\/?page_id=27307"},"modified":"2024-06-02T09:08:54","modified_gmt":"2024-06-02T09:08:54","slug":"listes-des-etudiants-par-salles-gm","status":"publish","type":"page","link":"https:\/\/www.univ-usto.dz\/faculte\/fac-chimie\/fr\/listes-des-etudiants-par-salles-gm\/","title":{"rendered":"Listes des \u00e9tudiants par salles -GM-"},"content":{"rendered":"\t\t<div data-elementor-type=\"wp-page\" data-elementor-id=\"27307\" class=\"elementor elementor-27307\">\n\t\t\t\t\t\t<section class=\"elementor-section elementor-top-section elementor-element elementor-element-9dc734a elementor-section-boxed elementor-section-height-default elementor-section-height-default\" data-id=\"9dc734a\" data-element_type=\"section\">\n\t\t\t\t\t\t<div class=\"elementor-container elementor-column-gap-default\">\n\t\t\t\t\t<div class=\"elementor-column elementor-col-100 elementor-top-column elementor-element elementor-element-e107ef6\" data-id=\"e107ef6\" data-element_type=\"column\">\n\t\t\t<div class=\"elementor-widget-wrap elementor-element-populated\">\n\t\t\t\t\t\t<div class=\"elementor-element elementor-element-f777ab8 elementor-widget-divider--view-line elementor-widget elementor-widget-divider\" data-id=\"f777ab8\" data-element_type=\"widget\" data-widget_type=\"divider.default\">\n\t\t\t\t<div class=\"elementor-widget-container\">\n\t\t\t\t\t\t\t<div class=\"elementor-divider\">\n\t\t\t<span class=\"elementor-divider-separator\">\n\t\t\t\t\t\t<\/span>\n\t\t<\/div>\n\t\t\t\t\t\t<\/div>\n\t\t\t\t<\/div>\n\t\t\t\t\t<\/div>\n\t\t<\/div>\n\t\t\t\t\t<\/div>\n\t\t<\/section>\n\t\t\t\t<section class=\"elementor-section elementor-top-section elementor-element elementor-element-efcf8b1 elementor-section-boxed elementor-section-height-default elementor-section-height-default\" data-id=\"efcf8b1\" data-element_type=\"section\">\n\t\t\t\t\t\t<div class=\"elementor-container elementor-column-gap-default\">\n\t\t\t\t\t<div class=\"elementor-column elementor-col-100 elementor-top-column elementor-element elementor-element-7760161\" data-id=\"7760161\" data-element_type=\"column\">\n\t\t\t<div class=\"elementor-widget-wrap elementor-element-populated\">\n\t\t\t\t\t\t<div class=\"elementor-element elementor-element-b7a9ce6 elementor-widget elementor-widget-text-editor\" data-id=\"b7a9ce6\" data-element_type=\"widget\" data-widget_type=\"text-editor.default\">\n\t\t\t\t<div class=\"elementor-widget-container\">\n\t\t\t\t\t\t\t\t\t<h3><strong><a href=\"https:\/\/www.univ-usto.dz\/faculte\/fac-chimie\/wp-content\/uploads\/2024\/06\/Liste-rattrapage-SECURITEINDUSTRIELLE-M1GP.xlsx\">Liste rattrapage <span style=\"color: #ff0000;\">SECURITE INDUSTRIELLE<\/span> <span style=\"color: #0000ff;\">M1GP<\/span><\/a> <\/strong><\/h3><h3><strong><a href=\"https:\/\/www.univ-usto.dz\/faculte\/fac-chimie\/wp-content\/uploads\/2024\/06\/Listes-INTRODUCTIONAURAFFINAGEETALAPETROCHIMIE_L2-GENIE-DES-PROCEDES.xlsx\">Listes <span style=\"color: #ff0000;\">INTRODUCTION AU RAFFINAGE ET A LAPETROCHIMIE<\/span>_<span style=\"color: #0000ff;\">L2 GENIE DES PROCEDES<\/span><\/a> <\/strong><\/h3><h3><strong><a href=\"https:\/\/www.univ-usto.dz\/faculte\/fac-chimie\/wp-content\/uploads\/2024\/06\/Liste-Rattrapage-THERMODYNAMIQUEDESEQUILIBRES_L3-Genie-de-Procedes.xlsx\">Liste Rattrapage <span style=\"color: #ff0000;\">THERMODYNAMIQUE DES EQUILIBRES<\/span>_<span style=\"color: #0000ff;\">L3 G\u00e9nie de Proc\u00e9d\u00e9s<\/span><\/a><\/strong><\/h3><h3><strong><a href=\"https:\/\/www.univ-usto.dz\/faculte\/fac-chimie\/wp-content\/uploads\/2024\/05\/notes_examne_M_S2_PROCEDESDETRANSFORMATION_sectiongroupe.xlsx\">Liste_<span style=\"color: #ff0000;\">M1 GPM<\/span>_S2_<span style=\"color: #ff0000;\">PROCEDES DE TRANSFORMATION<\/span><\/a><\/strong><\/h3><h3><strong><a href=\"https:\/\/www.univ-usto.dz\/faculte\/fac-chimie\/wp-content\/uploads\/2024\/05\/Liste-M1GP-Rattrapage-Polymeres-Conducteurs.xlsx\">Liste <span style=\"color: #ff0000;\">M1 GP<\/span> Rattrapage Polym\u00e8res Conducteurs<\/a><\/strong><\/h3><h3><strong><a href=\"https:\/\/www.univ-usto.dz\/faculte\/fac-chimie\/wp-content\/uploads\/2024\/05\/Liste-Rattrapage_S6_PHENOMENESDESURFACEETCATALYSEHETEROGENE_L3-Genie-de-Procedes.xlsx\">Liste Rattrapage_<span style=\"color: #ff0000;\">S6_PHENOMENES<\/span> DE SURFACE ET CATALYSE HETEROGENE_<span style=\"color: #ff0000;\">L3 G\u00e9nie de Proc\u00e9d\u00e9s<\/span><\/a><\/strong><\/h3><h3><strong><a href=\"https:\/\/www.univ-usto.dz\/faculte\/fac-chimie\/wp-content\/uploads\/2024\/05\/Liste-des-etudiants-Rattrapage_S4_THERMODYNAMIQUECHIMIQUE_L2-GENIE-DES-PROCEDES.xlsx\">Liste des \u00e9tudiants Rattrapage_<span style=\"color: #ff0000;\">S4<\/span>_<span style=\"color: #ff0000;\">THERMODYNAMIQUECHIMIQUE<\/span>_L2 GENIE DES PROCEDES<\/a><\/strong><\/h3><h3><strong><a href=\"https:\/\/www.univ-usto.dz\/faculte\/fac-chimie\/wp-content\/uploads\/2024\/05\/Liste-L2-GP-Rattrapage-technique-dexpression.xlsx\">Liste <span style=\"color: #0000ff;\">L2 GP<\/span> Rattrapage <span style=\"color: #339966;\">Technique d&rsquo;expression<\/span><\/a><\/strong><\/h3><h3><strong><a href=\"https:\/\/www.univ-usto.dz\/faculte\/fac-chimie\/wp-content\/uploads\/2024\/05\/Liste-L2-GP-Rattrapage-Cinetique-Chimique.xlsx\">Liste <span style=\"color: #0000ff;\">L2 GP<\/span> Rattrapage <span style=\"color: #0000ff;\">Cin\u00e9tique Chimique<\/span><\/a><\/strong><\/h3><h3><strong><a href=\"https:\/\/www.univ-usto.dz\/faculte\/fac-chimie\/wp-content\/uploads\/2024\/05\/Liste-L3-GP-Rattrapage-Procedes-Cryogenique.xlsx\">Liste <span style=\"color: #008000;\">L3 GP<\/span> Rattrapage <span style=\"color: #008000;\">Proc\u00e9d\u00e9s Cryog\u00e9nique<\/span><\/a><\/strong><\/h3><h3 style=\"text-align: left;\"><strong><a href=\"https:\/\/www.univ-usto.dz\/faculte\/fac-chimie\/wp-content\/uploads\/2024\/05\/Liste-M1-GPM-Rattrapage-Diagramme-des-phases.xlsx\">Liste <span style=\"color: #ff0000;\">M1 GPM<\/span> Rattrapage <span style=\"color: #ff0000;\">Diagramme des phases<\/span><\/a><\/strong><\/h3><h3 style=\"text-align: left;\"><strong><a href=\"https:\/\/www.univ-usto.dz\/faculte\/fac-chimie\/wp-content\/uploads\/2024\/05\/Liste-M1-GPM-Rattrapage-OPUII.xlsx\">Liste <span style=\"color: #339966;\">M1 GPM\u00a0 <\/span>Rattrapage <span style=\"color: #008000;\">OPUII<\/span><\/a><\/strong><\/h3><h3 style=\"text-align: left;\"><span style=\"color: #008000;\"><strong><a style=\"color: #008000;\" href=\"https:\/\/www.univ-usto.dz\/faculte\/fac-chimie\/wp-content\/uploads\/2024\/05\/Liste-L2-GP-Rattrapage-Methodes-Numerique.xlsx\">Liste L2 GP <span style=\"color: #000000;\">Rattrapage<\/span> M\u00e9thodes Num\u00e9rique<\/a><\/strong><\/span><\/h3><h3 style=\"text-align: left;\"><span style=\"color: #0000ff;\"><strong><a style=\"color: #0000ff;\" href=\"https:\/\/www.univ-usto.dz\/faculte\/fac-chimie\/wp-content\/uploads\/2024\/05\/Liste-L3-Rattrapage-OPU.xlsx\">Liste L3 <span style=\"color: #000000;\">Rattrapage<\/span> OPU<\/a><\/strong><\/span><\/h3>\t\t\t\t\t\t\t\t<\/div>\n\t\t\t\t<\/div>\n\t\t\t\t\t<\/div>\n\t\t<\/div>\n\t\t\t\t\t<\/div>\n\t\t<\/section>\n\t\t\t\t<\/div>\n\t\t","protected":false},"excerpt":{"rendered":"<p>Liste rattrapage SECURITE INDUSTRIELLE M1GP Listes INTRODUCTION AU RAFFINAGE ET A LAPETROCHIMIE_L2 GENIE DES PROCEDES Liste Rattrapage THERMODYNAMIQUE DES EQUILIBRES_L3 G\u00e9nie de Proc\u00e9d\u00e9s Liste_M1 GPM_S2_PROCEDES DE TRANSFORMATION Liste M1 GP <a href=\"https:\/\/www.univ-usto.dz\/faculte\/fac-chimie\/fr\/listes-des-etudiants-par-salles-gm\/\" class=\"read-more\">Lire la suite &#8230;<\/a><\/p>\n","protected":false},"author":14,"featured_media":0,"parent":0,"menu_order":0,"comment_status":"closed","ping_status":"closed","template":"","meta":{"footnotes":""},"class_list":["post-27307","page","type-page","status-publish","hentry"],"_links":{"self":[{"href":"https:\/\/www.univ-usto.dz\/faculte\/fac-chimie\/wp-json\/wp\/v2\/pages\/27307","targetHints":{"allow":["GET"]}}],"collection":[{"href":"https:\/\/www.univ-usto.dz\/faculte\/fac-chimie\/wp-json\/wp\/v2\/pages"}],"about":[{"href":"https:\/\/www.univ-usto.dz\/faculte\/fac-chimie\/wp-json\/wp\/v2\/types\/page"}],"author":[{"embeddable":true,"href":"https:\/\/www.univ-usto.dz\/faculte\/fac-chimie\/wp-json\/wp\/v2\/users\/14"}],"replies":[{"embeddable":true,"href":"https:\/\/www.univ-usto.dz\/faculte\/fac-chimie\/wp-json\/wp\/v2\/comments?post=27307"}],"version-history":[{"count":43,"href":"https:\/\/www.univ-usto.dz\/faculte\/fac-chimie\/wp-json\/wp\/v2\/pages\/27307\/revisions"}],"predecessor-version":[{"id":27418,"href":"https:\/\/www.univ-usto.dz\/faculte\/fac-chimie\/wp-json\/wp\/v2\/pages\/27307\/revisions\/27418"}],"wp:attachment":[{"href":"https:\/\/www.univ-usto.dz\/faculte\/fac-chimie\/wp-json\/wp\/v2\/media?parent=27307"}],"curies":[{"name":"wp","href":"https:\/\/api.w.org\/{rel}","templated":true}]}}