{"id":27617,"date":"2024-06-11T13:28:05","date_gmt":"2024-06-11T13:28:05","guid":{"rendered":"https:\/\/www.univ-usto.dz\/faculte\/fac-chimie\/?page_id=27617"},"modified":"2024-06-11T13:32:23","modified_gmt":"2024-06-11T13:32:23","slug":"test-danglais-pour-les-doctorants-d1","status":"publish","type":"page","link":"https:\/\/www.univ-usto.dz\/faculte\/fac-chimie\/fr\/test-danglais-pour-les-doctorants-d1\/","title":{"rendered":"Test d&rsquo;anglais pour les doctorants D1"},"content":{"rendered":"\t\t<div data-elementor-type=\"wp-page\" data-elementor-id=\"27617\" class=\"elementor elementor-27617\">\n\t\t\t\t\t\t<section class=\"elementor-section elementor-top-section elementor-element elementor-element-3e8d108 elementor-section-boxed elementor-section-height-default elementor-section-height-default\" data-id=\"3e8d108\" data-element_type=\"section\">\n\t\t\t\t\t\t<div class=\"elementor-container elementor-column-gap-default\">\n\t\t\t\t\t<div class=\"elementor-column elementor-col-100 elementor-top-column elementor-element elementor-element-d884521\" data-id=\"d884521\" data-element_type=\"column\">\n\t\t\t<div class=\"elementor-widget-wrap elementor-element-populated\">\n\t\t\t\t\t\t<div class=\"elementor-element elementor-element-a873717 elementor-widget-divider--view-line elementor-widget elementor-widget-divider\" data-id=\"a873717\" data-element_type=\"widget\" data-widget_type=\"divider.default\">\n\t\t\t\t<div class=\"elementor-widget-container\">\n\t\t\t\t\t\t\t<div class=\"elementor-divider\">\n\t\t\t<span class=\"elementor-divider-separator\">\n\t\t\t\t\t\t<\/span>\n\t\t<\/div>\n\t\t\t\t\t\t<\/div>\n\t\t\t\t<\/div>\n\t\t\t\t\t<\/div>\n\t\t<\/div>\n\t\t\t\t\t<\/div>\n\t\t<\/section>\n\t\t\t\t<section class=\"elementor-section elementor-top-section elementor-element elementor-element-44ef7c9 elementor-section-boxed elementor-section-height-default elementor-section-height-default\" data-id=\"44ef7c9\" data-element_type=\"section\">\n\t\t\t\t\t\t<div class=\"elementor-container elementor-column-gap-default\">\n\t\t\t\t\t<div class=\"elementor-column elementor-col-100 elementor-top-column elementor-element elementor-element-10c557e\" data-id=\"10c557e\" data-element_type=\"column\">\n\t\t\t<div class=\"elementor-widget-wrap elementor-element-populated\">\n\t\t\t\t\t\t<div class=\"elementor-element elementor-element-037e05e elementor-widget elementor-widget-text-editor\" data-id=\"037e05e\" data-element_type=\"widget\" data-widget_type=\"text-editor.default\">\n\t\t\t\t<div class=\"elementor-widget-container\">\n\t\t\t\t\t\t\t\t\t<h3 style=\"text-align: center;\"><strong>\u00a0Le test\u00a0de niveau d&rsquo;anglais est pr\u00e9vu\u00a0<\/strong><\/h3><h3 style=\"text-align: center;\"><strong>le\u00a0<span style=\"color: #ff0000;\">27 Juin 2024 <\/span>\u00e0 la salle\u00a0<span style=\"color: #ff0000;\">r\u00e9seau 5\u00e8me \u00e9tage <\/span><\/strong><strong style=\"font-size: 16px;\">de la Facult\u00e9 de Chimie<\/strong><\/h3><h3 style=\"text-align: center;\">\u00a0<\/h3><h3 style=\"text-align: center;\"><strong>Le niveau exig\u00e9 est B2, A cet effet seuls les doctorants ayant un niveau inf\u00e9rieur sont concern\u00e9s\u00a0<\/strong><\/h3><div><h3 style=\"text-align: center;\"><strong>Ci-joint le planning du test: <span style=\"color: #0000ff;\"><a style=\"color: #0000ff;\" href=\"https:\/\/www.univ-usto.dz\/faculte\/fac-chimie\/wp-content\/uploads\/2024\/06\/TEST-FINAL-DANGLAIS-D1.pdf\">TEST FINAL D&rsquo;ANGLAIS D1<\/a><\/span><\/strong><\/h3><h3 style=\"text-align: center;\"><strong><span style=\"color: #ff0000;\">*N.B:\u00a0<\/span><span style=\"color: #000000;\">Test de positionnement\u00a0 pour le doctorant\u00a0\u00a0EL MOUSTAPHA JIYID Mohamed abd dayem<\/span><\/strong><\/h3><p>\u00a0<\/p><\/div>\t\t\t\t\t\t\t\t<\/div>\n\t\t\t\t<\/div>\n\t\t\t\t\t<\/div>\n\t\t<\/div>\n\t\t\t\t\t<\/div>\n\t\t<\/section>\n\t\t\t\t<\/div>\n\t\t","protected":false},"excerpt":{"rendered":"<p>\u00a0Le test\u00a0de niveau d&rsquo;anglais est pr\u00e9vu\u00a0 le\u00a027 Juin 2024 \u00e0 la salle\u00a0r\u00e9seau 5\u00e8me \u00e9tage de la Facult\u00e9 de Chimie \u00a0 Le niveau exig\u00e9 est B2, A cet effet seuls les <a href=\"https:\/\/www.univ-usto.dz\/faculte\/fac-chimie\/fr\/test-danglais-pour-les-doctorants-d1\/\" class=\"read-more\">Lire la suite &#8230;<\/a><\/p>\n","protected":false},"author":14,"featured_media":0,"parent":0,"menu_order":0,"comment_status":"closed","ping_status":"closed","template":"","meta":{"footnotes":""},"class_list":["post-27617","page","type-page","status-publish","hentry"],"_links":{"self":[{"href":"https:\/\/www.univ-usto.dz\/faculte\/fac-chimie\/wp-json\/wp\/v2\/pages\/27617","targetHints":{"allow":["GET"]}}],"collection":[{"href":"https:\/\/www.univ-usto.dz\/faculte\/fac-chimie\/wp-json\/wp\/v2\/pages"}],"about":[{"href":"https:\/\/www.univ-usto.dz\/faculte\/fac-chimie\/wp-json\/wp\/v2\/types\/page"}],"author":[{"embeddable":true,"href":"https:\/\/www.univ-usto.dz\/faculte\/fac-chimie\/wp-json\/wp\/v2\/users\/14"}],"replies":[{"embeddable":true,"href":"https:\/\/www.univ-usto.dz\/faculte\/fac-chimie\/wp-json\/wp\/v2\/comments?post=27617"}],"version-history":[{"count":13,"href":"https:\/\/www.univ-usto.dz\/faculte\/fac-chimie\/wp-json\/wp\/v2\/pages\/27617\/revisions"}],"predecessor-version":[{"id":27632,"href":"https:\/\/www.univ-usto.dz\/faculte\/fac-chimie\/wp-json\/wp\/v2\/pages\/27617\/revisions\/27632"}],"wp:attachment":[{"href":"https:\/\/www.univ-usto.dz\/faculte\/fac-chimie\/wp-json\/wp\/v2\/media?parent=27617"}],"curies":[{"name":"wp","href":"https:\/\/api.w.org\/{rel}","templated":true}]}}