{"id":2769,"date":"2020-09-02T17:31:58","date_gmt":"2020-09-02T17:31:58","guid":{"rendered":"http:\/\/www.univ-usto.dz\/faculte\/fac-chimie\/?page_id=2769"},"modified":"2020-12-15T08:30:24","modified_gmt":"2020-12-15T08:30:24","slug":"conseils","status":"publish","type":"page","link":"https:\/\/www.univ-usto.dz\/faculte\/fac-chimie\/fr\/conseils\/","title":{"rendered":"Conseil de direction"},"content":{"rendered":"\t\t<div data-elementor-type=\"wp-page\" data-elementor-id=\"2769\" class=\"elementor elementor-2769\">\n\t\t\t\t\t\t<section class=\"elementor-section elementor-top-section elementor-element elementor-element-95104b1 elementor-section-boxed elementor-section-height-default elementor-section-height-default\" data-id=\"95104b1\" data-element_type=\"section\">\n\t\t\t\t\t\t<div class=\"elementor-container elementor-column-gap-default\">\n\t\t\t\t\t<div class=\"elementor-column elementor-col-33 elementor-top-column elementor-element elementor-element-51497c6\" data-id=\"51497c6\" data-element_type=\"column\">\n\t\t\t<div class=\"elementor-widget-wrap elementor-element-populated\">\n\t\t\t\t\t\t<div class=\"elementor-element elementor-element-9db3118 elementor-widget elementor-widget-wp-widget-bellows_navigation_widget\" data-id=\"9db3118\" data-element_type=\"widget\" data-widget_type=\"wp-widget-bellows_navigation_widget.default\">\n\t\t\t\t<div class=\"elementor-widget-container\">\n\t\t\t\t\t<nav id=\"bellows-main-116\" class=\"bellows bellows-nojs bellows-main bellows-source-menu bellows-align-full bellows-skin-vanilla bellows-type-\"><ul id=\"menu-gouvernance\" class=\"bellows-nav\" data-bellows-config=\"main\"><li id=\"menu-item-7620\" class=\"bellows-menu-item bellows-menu-item-type-post_type bellows-menu-item-object-page bellows-menu-item-7620 bellows-item-level-0\"><a  href=\"https:\/\/www.univ-usto.dz\/faculte\/fac-chimie\/fr\/presentation\/\" class=\"bellows-target\"><span class=\"bellows-target-title bellows-target-text\">Pr\u00e9sentation<\/span><\/a><\/li>\n<li id=\"menu-item-2842\" class=\"bellows-menu-item bellows-menu-item-type-post_type bellows-menu-item-object-page bellows-menu-item-2842 bellows-item-level-0\"><a  href=\"https:\/\/www.univ-usto.dz\/faculte\/fac-chimie\/fr\/conseil-administration\/\" class=\"bellows-target\"><span class=\"bellows-target-title bellows-target-text\">Conseil d\u2019administration<\/span><\/a><\/li>\n<li id=\"menu-item-2843\" class=\"bellows-menu-item bellows-menu-item-type-post_type bellows-menu-item-object-page bellows-menu-item-2843 bellows-item-level-0\"><a  href=\"https:\/\/www.univ-usto.dz\/faculte\/fac-chimie\/fr\/conseils-de-direction\/\" class=\"bellows-target\"><span class=\"bellows-target-title bellows-target-text\">Conseil scientifique<\/span><\/a><\/li>\n<li id=\"menu-item-2808\" class=\"bellows-menu-item bellows-menu-item-type-post_type bellows-menu-item-object-page bellows-menu-item-2808 bellows-item-level-0\"><a  href=\"https:\/\/www.univ-usto.dz\/faculte\/fac-chimie\/fr\/conseils\/\" class=\"bellows-target\"><span class=\"bellows-target-title bellows-target-text\">Conseil de direction<\/span><\/a><\/li>\n<li id=\"menu-item-2853\" class=\"bellows-menu-item bellows-menu-item-type-custom bellows-menu-item-object-custom bellows-menu-item-2853 bellows-item-level-0\"><a  target=\"_blank\" href=\"https:\/\/www.univ-usto.dz\/faculte\/fac-chimie\/images\/charte_ethique.pdf\" class=\"bellows-target\"><span class=\"bellows-target-title bellows-target-text\">Charte d&rsquo;\u00c9thique et de D\u00e9ontologie Universitaires<\/span><\/a><\/li>\n<\/ul><\/nav>\t\t\t\t<\/div>\n\t\t\t\t<\/div>\n\t\t\t\t\t<\/div>\n\t\t<\/div>\n\t\t\t\t<div class=\"elementor-column elementor-col-66 elementor-top-column elementor-element elementor-element-2ff33bd\" data-id=\"2ff33bd\" data-element_type=\"column\">\n\t\t\t<div class=\"elementor-widget-wrap elementor-element-populated\">\n\t\t\t\t\t\t<div class=\"elementor-element elementor-element-483532b elementor-widget elementor-widget-text-editor\" data-id=\"483532b\" data-element_type=\"widget\" data-widget_type=\"text-editor.default\">\n\t\t\t\t<div class=\"elementor-widget-container\">\n\t\t\t\t\t\t\t\t\t<h2><strong>Conseil de direction<\/strong><\/h2><p>Le Conseil de direction se r\u00e9unit en pr\u00e9sence du secr\u00e9taire g\u00e9n\u00e9ral de l\u2019universit\u00e9, des vices recteur, des doyens des facult\u00e9s et directeurs d\u2019instituts, sous la pr\u00e9sidence de Monsieur le recteur Pr.\u00a0<strong>Amine Bouziane\u00a0HAMMOU.<\/strong><\/p><p><strong>R\u00e9union conseil de direction du 5 octobre 2020\u00a0<\/strong><\/p><p><strong>Ordre du jour:<\/strong><\/p><ul><li>le Bilan de la premi\u00e8re et deuxi\u00e8me p\u00e9riode de reprise des activit\u00e9s p\u00e9dagogiques de l&rsquo;ann\u00e9e universitaire 2019-2020.<\/li><li>Situation sur Progress.<\/li><li>Journ\u00e9es portes ouvertes virtuelles pour nouveaux bacheliers<\/li><li>\u00a0divers.<\/li><\/ul><p><span style=\"text-decoration: underline;\"><strong><a href=\"https:\/\/https:\/\/www.univ-usto.dz\/faculte\/fac-chimie\/wp-content\/uploads\/2020\/12\/PVConseildirection05-10-2020.pdf\" target=\"_blank\" rel=\"noopener\">PV Conseil de direction 05-10-2020<\/a><\/strong><\/span><\/p><p><strong>R\u00e9union conseil de direction du 09 septembre 2020\u00a0<\/strong><\/p><p><strong>Ordre du jour:<\/strong><\/p><ul><li>l&rsquo;application de l&rsquo;arr\u00eat\u00e9 633 du 26 ao\u00fbt 2020 portant organisation et gestion p\u00e9dagogiques, de l&rsquo;\u00e9valuation et progression des \u00e9tudiants durant p\u00e9riode Covid 19<\/li><li>suivi p\u00e9dagogique<\/li><li>situation saisie de notes et d\u00e9lib\u00e9rations avec progress<\/li><li>divers<\/li><\/ul><p><span style=\"text-decoration: underline;\"><strong><a href=\"https:\/\/https:\/\/www.univ-usto.dz\/faculte\/fac-chimie\/wp-content\/uploads\/2020\/12\/PVConseildirection09-09-2020.pdf\" target=\"_blank\" rel=\"noopener\">PV Conseil de direction 09-09-2020\u00a0<\/a><\/strong><\/span><\/p><p><strong>\u00a0R\u00e9union conseil de direction du \u00a025 aout 2020\u00a0<\/strong><\/p><p><strong>\u00a0Ordre du jour:<\/strong><\/p><ul><li>Reprise des activit\u00e9s p\u00e9dagogiques pour l\u2019ann\u00e9e universitaire 2019-2020.<\/li><li>Divers<\/li><\/ul><p><span style=\"text-decoration: underline;\"><strong><a href=\"https:\/\/https:\/\/www.univ-usto.dz\/faculte\/fac-chimie\/wp-content\/uploads\/2020\/12\/PV-Conseildirection25-08-2020.pdf\" target=\"_blank\" rel=\"noopener\">PV Conseil de direction 25-08-2020<\/a><\/strong><\/span><\/p>\t\t\t\t\t\t\t\t<\/div>\n\t\t\t\t<\/div>\n\t\t\t\t\t<\/div>\n\t\t<\/div>\n\t\t\t\t\t<\/div>\n\t\t<\/section>\n\t\t\t\t<\/div>\n\t\t","protected":false},"excerpt":{"rendered":"<p>R\u00e9union du conseil de direction de l\u2019Universit\u00e9, le Mercredi 09 septembre 2020&#8230;<\/p>\n","protected":false},"author":1,"featured_media":0,"parent":0,"menu_order":0,"comment_status":"closed","ping_status":"closed","template":"","meta":{"footnotes":""},"class_list":["post-2769","page","type-page","status-publish","hentry"],"_links":{"self":[{"href":"https:\/\/www.univ-usto.dz\/faculte\/fac-chimie\/wp-json\/wp\/v2\/pages\/2769","targetHints":{"allow":["GET"]}}],"collection":[{"href":"https:\/\/www.univ-usto.dz\/faculte\/fac-chimie\/wp-json\/wp\/v2\/pages"}],"about":[{"href":"https:\/\/www.univ-usto.dz\/faculte\/fac-chimie\/wp-json\/wp\/v2\/types\/page"}],"author":[{"embeddable":true,"href":"https:\/\/www.univ-usto.dz\/faculte\/fac-chimie\/wp-json\/wp\/v2\/users\/1"}],"replies":[{"embeddable":true,"href":"https:\/\/www.univ-usto.dz\/faculte\/fac-chimie\/wp-json\/wp\/v2\/comments?post=2769"}],"version-history":[{"count":35,"href":"https:\/\/www.univ-usto.dz\/faculte\/fac-chimie\/wp-json\/wp\/v2\/pages\/2769\/revisions"}],"predecessor-version":[{"id":8584,"href":"https:\/\/www.univ-usto.dz\/faculte\/fac-chimie\/wp-json\/wp\/v2\/pages\/2769\/revisions\/8584"}],"wp:attachment":[{"href":"https:\/\/www.univ-usto.dz\/faculte\/fac-chimie\/wp-json\/wp\/v2\/media?parent=2769"}],"curies":[{"name":"wp","href":"https:\/\/api.w.org\/{rel}","templated":true}]}}