{"id":2826,"date":"2020-09-02T20:38:43","date_gmt":"2020-09-02T20:38:43","guid":{"rendered":"http:\/\/www.univ-usto.dz\/faculte\/fac-chimie\/?page_id=2826"},"modified":"2021-01-11T08:45:41","modified_gmt":"2021-01-11T08:45:41","slug":"conseils-de-direction","status":"publish","type":"page","link":"https:\/\/www.univ-usto.dz\/faculte\/fac-chimie\/fr\/conseils-de-direction\/","title":{"rendered":"Conseil scientifique"},"content":{"rendered":"\t\t<div data-elementor-type=\"wp-page\" data-elementor-id=\"2826\" class=\"elementor elementor-2826\">\n\t\t\t\t\t\t<section class=\"elementor-section elementor-top-section elementor-element elementor-element-95104b1 elementor-section-boxed elementor-section-height-default elementor-section-height-default\" data-id=\"95104b1\" data-element_type=\"section\">\n\t\t\t\t\t\t<div class=\"elementor-container elementor-column-gap-default\">\n\t\t\t\t\t<div class=\"elementor-column elementor-col-33 elementor-top-column elementor-element elementor-element-51497c6\" data-id=\"51497c6\" data-element_type=\"column\">\n\t\t\t<div class=\"elementor-widget-wrap elementor-element-populated\">\n\t\t\t\t\t\t<div class=\"elementor-element elementor-element-f016c24 elementor-widget elementor-widget-wp-widget-bellows_navigation_widget\" data-id=\"f016c24\" data-element_type=\"widget\" data-widget_type=\"wp-widget-bellows_navigation_widget.default\">\n\t\t\t\t<div class=\"elementor-widget-container\">\n\t\t\t\t\t<nav id=\"bellows-main-116\" class=\"bellows bellows-nojs bellows-main bellows-source-menu bellows-align-full bellows-skin-vanilla bellows-type-\"><ul id=\"menu-gouvernance\" class=\"bellows-nav\" data-bellows-config=\"main\"><li id=\"menu-item-7620\" class=\"bellows-menu-item bellows-menu-item-type-post_type bellows-menu-item-object-page bellows-menu-item-7620 bellows-item-level-0\"><a  href=\"https:\/\/www.univ-usto.dz\/faculte\/fac-chimie\/fr\/presentation\/\" class=\"bellows-target\"><span class=\"bellows-target-title bellows-target-text\">Pr\u00e9sentation<\/span><\/a><\/li>\n<li id=\"menu-item-2842\" class=\"bellows-menu-item bellows-menu-item-type-post_type bellows-menu-item-object-page bellows-menu-item-2842 bellows-item-level-0\"><a  href=\"https:\/\/www.univ-usto.dz\/faculte\/fac-chimie\/fr\/conseil-administration\/\" class=\"bellows-target\"><span class=\"bellows-target-title bellows-target-text\">Conseil d\u2019administration<\/span><\/a><\/li>\n<li id=\"menu-item-2843\" class=\"bellows-menu-item bellows-menu-item-type-post_type bellows-menu-item-object-page bellows-menu-item-2843 bellows-item-level-0\"><a  href=\"https:\/\/www.univ-usto.dz\/faculte\/fac-chimie\/fr\/conseils-de-direction\/\" class=\"bellows-target\"><span class=\"bellows-target-title bellows-target-text\">Conseil scientifique<\/span><\/a><\/li>\n<li id=\"menu-item-2808\" class=\"bellows-menu-item bellows-menu-item-type-post_type bellows-menu-item-object-page bellows-menu-item-2808 bellows-item-level-0\"><a  href=\"https:\/\/www.univ-usto.dz\/faculte\/fac-chimie\/fr\/conseils\/\" class=\"bellows-target\"><span class=\"bellows-target-title bellows-target-text\">Conseil de direction<\/span><\/a><\/li>\n<li id=\"menu-item-2853\" class=\"bellows-menu-item bellows-menu-item-type-custom bellows-menu-item-object-custom bellows-menu-item-2853 bellows-item-level-0\"><a  target=\"_blank\" href=\"https:\/\/www.univ-usto.dz\/faculte\/fac-chimie\/images\/charte_ethique.pdf\" class=\"bellows-target\"><span class=\"bellows-target-title bellows-target-text\">Charte d&rsquo;\u00c9thique et de D\u00e9ontologie Universitaires<\/span><\/a><\/li>\n<\/ul><\/nav>\t\t\t\t<\/div>\n\t\t\t\t<\/div>\n\t\t\t\t\t<\/div>\n\t\t<\/div>\n\t\t\t\t<div class=\"elementor-column elementor-col-66 elementor-top-column elementor-element elementor-element-2ff33bd\" data-id=\"2ff33bd\" data-element_type=\"column\">\n\t\t\t<div class=\"elementor-widget-wrap elementor-element-populated\">\n\t\t\t\t\t\t<div class=\"elementor-element elementor-element-483532b elementor-widget elementor-widget-text-editor\" data-id=\"483532b\" data-element_type=\"widget\" data-widget_type=\"text-editor.default\">\n\t\t\t\t<div class=\"elementor-widget-container\">\n\t\t\t\t\t\t\t\t\t<h2><strong>Conseil\u00a0 scientifique<\/strong><\/h2><div class=\"entry\"><p>Le Conseil Scientifique de l\u2019Universit\u00e9 USTO MB est pr\u00e9sid\u00e9 par Monsieur le Professeur <strong>Amine Bouziane<\/strong><strong>\u00a0HAMMOU<\/strong> Recteur de l\u2019Universit\u00e9 de\u00a0 USTOMB Mohamed Boudiaf<\/p><div id=\"fav-maincontent\" class=\"span12\"><div class=\"item-page\"><p><span style=\"text-decoration: underline;\"><strong><a href=\"https:\/\/https:\/\/www.univ-usto.dz\/faculte\/fac-chimie\/images\/evenements\/csu\/PV_CSU_JUIN_2016.pdf\" target=\"_blank\" rel=\"noopener\">Proc\u00e9s-verbal du conseil scientifique de l&rsquo;universit\u00e9 16-19 Juin 2016<\/a><\/strong><\/span><\/p><p><a href=\"https:\/\/https:\/\/www.univ-usto.dz\/faculte\/fac-chimie\/images\/evenements\/csu\/pv_sep_2017.pdf\" target=\"_blank\" rel=\"noopener\"><span style=\"text-decoration: underline;\"><strong>Proc\u00e9s-verbal du conseil scientifique de l&rsquo;universit\u00e9 05-06 D\u00e9cembre 2016<\/strong><\/span><\/a><\/p><p><strong><a href=\"https:\/\/https:\/\/www.univ-usto.dz\/faculte\/fac-chimie\/wp-content\/uploads\/2021\/01\/PV-CSU-11-06-2018.pdf\">Proc\u00e9s-verbal du conseil scientifique de l&rsquo;universit\u00e9 11 Juin2018<\/a> <\/strong><\/p><p><span style=\"text-decoration: underline;\"><strong><a href=\"https:\/\/https:\/\/www.univ-usto.dz\/faculte\/fac-chimie\/wp-content\/uploads\/2021\/01\/PV-CSU-17-12-2018.pdf\">Proc\u00e9s-verbal du conseil scientifique de l&rsquo;universit\u00e9 17 D\u00e9cembre 2018<\/a> <\/strong><\/span><\/p><p><span style=\"text-decoration: underline;\"><strong><a href=\"https:\/\/https:\/\/www.univ-usto.dz\/faculte\/fac-chimie\/wp-content\/uploads\/2021\/01\/PV-CSU-28-10-2020.pdf\">Proc\u00e9s-verbal du conseil scientifique de l&rsquo;universit\u00e9 28 Octobre 2020<\/a><\/strong><\/span><\/p><\/div><\/div><div class=\"itemFullText\"><p>Le Conseil scientifique de l\u2019universit\u00e9 \u00e9met des avis et recommandations notamment sur:<\/p><ul class=\"bs-shortcode-list list-style-check\"><li>Les plans annuels et pluriannuels de formation et de recherche de l\u2019universit\u00e9,<\/li><li>Les projets de cr\u00e9ation, de modification ou de dissolution de facult\u00e9s, d\u2019instituts, de d\u00e9partements et le as \u00e9ch\u00e9ant, d\u2019annexes, d\u2019unit\u00e9s de recherche et de laboratoires de\u00a0 recherche,<\/li><li>Les programmes d\u2019\u00e9changes et de coop\u00e9ration scientifique nationaux et internationaux,<\/li><li>Les bilans de formation et de recherche de l\u2019universit\u00e9,<\/li><li>Les programmes de partenariat de l\u2019universit\u00e9<\/li><li>Les programmes des manifestations scientifiques de l&rsquo;universit\u00e9,<\/li><li>Les actions de valorisation des r\u00e9sultats de la recherche,<\/li><li>Les bilans et projets d\u2019acquisition de la documentation scientifique et technique<\/li><\/ul><p>Le Recteur porte \u00e0 la connaissance du conseil d\u2019administration les avis et recommandations \u00e9mis par le conseil scientifique de l\u2019universit\u00e9.<\/p><\/div><\/div>\t\t\t\t\t\t\t\t<\/div>\n\t\t\t\t<\/div>\n\t\t\t\t\t<\/div>\n\t\t<\/div>\n\t\t\t\t\t<\/div>\n\t\t<\/section>\n\t\t\t\t<\/div>\n\t\t","protected":false},"excerpt":{"rendered":"<p>Conseil\u00a0 scientifique Le Conseil Scientifique de l\u2019Universit\u00e9 USTO MB est pr\u00e9sid\u00e9 par Monsieur le Professeur Amine Bouziane\u00a0HAMMOU Recteur de l\u2019Universit\u00e9 de\u00a0 USTOMB Mohamed Boudiaf Proc\u00e9s-verbal du conseil scientifique de l&rsquo;universit\u00e9 <a href=\"https:\/\/www.univ-usto.dz\/faculte\/fac-chimie\/fr\/conseils-de-direction\/\" class=\"read-more\">Lire la suite &#8230;<\/a><\/p>\n","protected":false},"author":1,"featured_media":0,"parent":0,"menu_order":0,"comment_status":"closed","ping_status":"closed","template":"","meta":{"footnotes":""},"class_list":["post-2826","page","type-page","status-publish","hentry"],"_links":{"self":[{"href":"https:\/\/www.univ-usto.dz\/faculte\/fac-chimie\/wp-json\/wp\/v2\/pages\/2826","targetHints":{"allow":["GET"]}}],"collection":[{"href":"https:\/\/www.univ-usto.dz\/faculte\/fac-chimie\/wp-json\/wp\/v2\/pages"}],"about":[{"href":"https:\/\/www.univ-usto.dz\/faculte\/fac-chimie\/wp-json\/wp\/v2\/types\/page"}],"author":[{"embeddable":true,"href":"https:\/\/www.univ-usto.dz\/faculte\/fac-chimie\/wp-json\/wp\/v2\/users\/1"}],"replies":[{"embeddable":true,"href":"https:\/\/www.univ-usto.dz\/faculte\/fac-chimie\/wp-json\/wp\/v2\/comments?post=2826"}],"version-history":[{"count":26,"href":"https:\/\/www.univ-usto.dz\/faculte\/fac-chimie\/wp-json\/wp\/v2\/pages\/2826\/revisions"}],"predecessor-version":[{"id":10104,"href":"https:\/\/www.univ-usto.dz\/faculte\/fac-chimie\/wp-json\/wp\/v2\/pages\/2826\/revisions\/10104"}],"wp:attachment":[{"href":"https:\/\/www.univ-usto.dz\/faculte\/fac-chimie\/wp-json\/wp\/v2\/media?parent=2826"}],"curies":[{"name":"wp","href":"https:\/\/api.w.org\/{rel}","templated":true}]}}