{"id":2839,"date":"2020-09-02T20:51:59","date_gmt":"2020-09-02T20:51:59","guid":{"rendered":"http:\/\/www.univ-usto.dz\/faculte\/fac-chimie\/?page_id=2839"},"modified":"2020-09-29T19:30:10","modified_gmt":"2020-09-29T19:30:10","slug":"conseil-administration","status":"publish","type":"page","link":"https:\/\/www.univ-usto.dz\/faculte\/fac-chimie\/fr\/conseil-administration\/","title":{"rendered":"Conseil d&rsquo;administration"},"content":{"rendered":"\t\t<div data-elementor-type=\"wp-page\" data-elementor-id=\"2839\" class=\"elementor elementor-2839\">\n\t\t\t\t\t\t<section class=\"elementor-section elementor-top-section elementor-element elementor-element-95104b1 elementor-section-boxed elementor-section-height-default elementor-section-height-default\" data-id=\"95104b1\" data-element_type=\"section\">\n\t\t\t\t\t\t<div class=\"elementor-container elementor-column-gap-default\">\n\t\t\t\t\t<div class=\"elementor-column elementor-col-33 elementor-top-column elementor-element elementor-element-51497c6\" data-id=\"51497c6\" data-element_type=\"column\">\n\t\t\t<div class=\"elementor-widget-wrap elementor-element-populated\">\n\t\t\t\t\t\t<div class=\"elementor-element elementor-element-e68d65f elementor-widget elementor-widget-wp-widget-bellows_navigation_widget\" data-id=\"e68d65f\" data-element_type=\"widget\" data-widget_type=\"wp-widget-bellows_navigation_widget.default\">\n\t\t\t\t<div class=\"elementor-widget-container\">\n\t\t\t\t\t<nav id=\"bellows-main-116\" class=\"bellows bellows-nojs bellows-main bellows-source-menu bellows-align-full bellows-skin-vanilla bellows-type-\"><ul id=\"menu-gouvernance\" class=\"bellows-nav\" data-bellows-config=\"main\"><li id=\"menu-item-7620\" class=\"bellows-menu-item bellows-menu-item-type-post_type bellows-menu-item-object-page bellows-menu-item-7620 bellows-item-level-0\"><a  href=\"https:\/\/www.univ-usto.dz\/faculte\/fac-chimie\/fr\/presentation\/\" class=\"bellows-target\"><span class=\"bellows-target-title bellows-target-text\">Pr\u00e9sentation<\/span><\/a><\/li>\n<li id=\"menu-item-2842\" class=\"bellows-menu-item bellows-menu-item-type-post_type bellows-menu-item-object-page bellows-menu-item-2842 bellows-item-level-0\"><a  href=\"https:\/\/www.univ-usto.dz\/faculte\/fac-chimie\/fr\/conseil-administration\/\" class=\"bellows-target\"><span class=\"bellows-target-title bellows-target-text\">Conseil d\u2019administration<\/span><\/a><\/li>\n<li id=\"menu-item-2843\" class=\"bellows-menu-item bellows-menu-item-type-post_type bellows-menu-item-object-page bellows-menu-item-2843 bellows-item-level-0\"><a  href=\"https:\/\/www.univ-usto.dz\/faculte\/fac-chimie\/fr\/conseils-de-direction\/\" class=\"bellows-target\"><span class=\"bellows-target-title bellows-target-text\">Conseil scientifique<\/span><\/a><\/li>\n<li id=\"menu-item-2808\" class=\"bellows-menu-item bellows-menu-item-type-post_type bellows-menu-item-object-page bellows-menu-item-2808 bellows-item-level-0\"><a  href=\"https:\/\/www.univ-usto.dz\/faculte\/fac-chimie\/fr\/conseils\/\" class=\"bellows-target\"><span class=\"bellows-target-title bellows-target-text\">Conseil de direction<\/span><\/a><\/li>\n<li id=\"menu-item-2853\" class=\"bellows-menu-item bellows-menu-item-type-custom bellows-menu-item-object-custom bellows-menu-item-2853 bellows-item-level-0\"><a  target=\"_blank\" href=\"https:\/\/www.univ-usto.dz\/faculte\/fac-chimie\/images\/charte_ethique.pdf\" class=\"bellows-target\"><span class=\"bellows-target-title bellows-target-text\">Charte d&rsquo;\u00c9thique et de D\u00e9ontologie Universitaires<\/span><\/a><\/li>\n<\/ul><\/nav>\t\t\t\t<\/div>\n\t\t\t\t<\/div>\n\t\t\t\t\t<\/div>\n\t\t<\/div>\n\t\t\t\t<div class=\"elementor-column elementor-col-66 elementor-top-column elementor-element elementor-element-2ff33bd\" data-id=\"2ff33bd\" data-element_type=\"column\">\n\t\t\t<div class=\"elementor-widget-wrap elementor-element-populated\">\n\t\t\t\t\t\t<div class=\"elementor-element elementor-element-483532b elementor-widget elementor-widget-text-editor\" data-id=\"483532b\" data-element_type=\"widget\" data-widget_type=\"text-editor.default\">\n\t\t\t\t<div class=\"elementor-widget-container\">\n\t\t\t\t\t\t\t\t\t<h2><strong>Conseil d&rsquo;administration<\/strong><\/h2><p>Le Conseil\u00a0 d&rsquo;administration de l\u2019Universit\u00e9 USTO MB est pr\u00e9sid\u00e9 par Monsieur\u00a0 de l\u2019Universit\u00e9 de\u00a0 USTOMB Mohamed Boudiaf<\/p><p class=\"western\">Le Conseil d\u2019administration d\u00e9lib\u00e8re sur:<\/p><ul><li class=\"western\">Les plans de d\u00e9veloppement \u00e0 court, moyen et long terme de l\u2019Universit\u00e9,<\/li><li class=\"western\">Les propositions de programmation des actions de formation et de recherche,<\/li><li>Les propositions de programme d\u2019\u00e9change et de coop\u00e9ration scientifique nationaux et internationaux,<\/li><li class=\"western\">Le bilan annuel de la formation et de la recherche de l\u2019Universit\u00e9,<\/li><li class=\"western\">Les projets de budget et les comptes de l\u2019universit\u00e9,<\/li><li class=\"western\">Les projets de plan de gestion des ressources humaines de l\u2019universit\u00e9,<\/li><li class=\"western\">L\u2019\u00e9tat pr\u00e9visionnel des ressources propres \u00e0 l\u2019universit\u00e9 et les modalit\u00e9s de leur utilisation dans le cadre du d\u00e9veloppement des activit\u00e9s de formation de recherche<\/li><li class=\"western\">L\u2019utilisation dans le cadre du plan de d\u00e9veloppement de l\u2019universit\u00e9 des revenus provenant des prises de participation et de la cr\u00e9ation de filiales,<\/li><li class=\"western\">Les accords de partenariat avec les divers secteurs<\/li><li class=\"western\">Le r\u00e8glement int\u00e9rieur de l\u2019universit\u00e9<\/li><li class=\"western\">Le rapport annuel d\u2019activit\u00e9s de l\u2019universit\u00e9 pr\u00e9sent\u00e9 par le recteur.<\/li><li class=\"western\">Le conseil d\u2019administration \u00e9tudie et propose toute mesure susceptible d\u2019am\u00e9liorer le fonctionnement de l\u2019universit\u00e9 et de favoriser la r\u00e9alisation de ses objectifs<\/li><\/ul>\t\t\t\t\t\t\t\t<\/div>\n\t\t\t\t<\/div>\n\t\t\t\t\t<\/div>\n\t\t<\/div>\n\t\t\t\t\t<\/div>\n\t\t<\/section>\n\t\t\t\t<\/div>\n\t\t","protected":false},"excerpt":{"rendered":"<p>Conseil d&rsquo;administration Le Conseil\u00a0 d&rsquo;administration de l\u2019Universit\u00e9 USTO MB est pr\u00e9sid\u00e9 par Monsieur\u00a0 de l\u2019Universit\u00e9 de\u00a0 USTOMB Mohamed Boudiaf Le Conseil d\u2019administration d\u00e9lib\u00e8re sur: Les plans de d\u00e9veloppement \u00e0 court, <a href=\"https:\/\/www.univ-usto.dz\/faculte\/fac-chimie\/fr\/conseil-administration\/\" class=\"read-more\">Lire la suite &#8230;<\/a><\/p>\n","protected":false},"author":1,"featured_media":0,"parent":0,"menu_order":0,"comment_status":"closed","ping_status":"closed","template":"","meta":{"footnotes":""},"class_list":["post-2839","page","type-page","status-publish","hentry"],"_links":{"self":[{"href":"https:\/\/www.univ-usto.dz\/faculte\/fac-chimie\/wp-json\/wp\/v2\/pages\/2839","targetHints":{"allow":["GET"]}}],"collection":[{"href":"https:\/\/www.univ-usto.dz\/faculte\/fac-chimie\/wp-json\/wp\/v2\/pages"}],"about":[{"href":"https:\/\/www.univ-usto.dz\/faculte\/fac-chimie\/wp-json\/wp\/v2\/types\/page"}],"author":[{"embeddable":true,"href":"https:\/\/www.univ-usto.dz\/faculte\/fac-chimie\/wp-json\/wp\/v2\/users\/1"}],"replies":[{"embeddable":true,"href":"https:\/\/www.univ-usto.dz\/faculte\/fac-chimie\/wp-json\/wp\/v2\/comments?post=2839"}],"version-history":[{"count":22,"href":"https:\/\/www.univ-usto.dz\/faculte\/fac-chimie\/wp-json\/wp\/v2\/pages\/2839\/revisions"}],"predecessor-version":[{"id":4945,"href":"https:\/\/www.univ-usto.dz\/faculte\/fac-chimie\/wp-json\/wp\/v2\/pages\/2839\/revisions\/4945"}],"wp:attachment":[{"href":"https:\/\/www.univ-usto.dz\/faculte\/fac-chimie\/wp-json\/wp\/v2\/media?parent=2839"}],"curies":[{"name":"wp","href":"https:\/\/api.w.org\/{rel}","templated":true}]}}