{"id":28469,"date":"2024-09-21T17:02:04","date_gmt":"2024-09-21T17:02:04","guid":{"rendered":"https:\/\/www.univ-usto.dz\/faculte\/fac-chimie\/?page_id=28469"},"modified":"2025-01-21T14:14:37","modified_gmt":"2025-01-21T14:14:37","slug":"emplois-du-temps-des-semestres-impaires-departement-gc-2024-2025","status":"publish","type":"page","link":"https:\/\/www.univ-usto.dz\/faculte\/fac-chimie\/fr\/emplois-du-temps-des-semestres-impaires-departement-gc-2024-2025\/","title":{"rendered":"Emplois du temps des semestres impaires -D\u00e9partement GC- 2024-2025"},"content":{"rendered":"\t\t<div data-elementor-type=\"wp-page\" data-elementor-id=\"28469\" class=\"elementor elementor-28469\">\n\t\t\t\t\t\t<section class=\"elementor-section elementor-top-section elementor-element elementor-element-c2e3a77 elementor-section-boxed elementor-section-height-default elementor-section-height-default\" data-id=\"c2e3a77\" data-element_type=\"section\">\n\t\t\t\t\t\t<div class=\"elementor-container elementor-column-gap-default\">\n\t\t\t\t\t<div class=\"elementor-column elementor-col-100 elementor-top-column elementor-element elementor-element-190c2a6\" data-id=\"190c2a6\" data-element_type=\"column\">\n\t\t\t<div class=\"elementor-widget-wrap elementor-element-populated\">\n\t\t\t\t\t\t<div class=\"elementor-element elementor-element-ace91d5 elementor-widget-divider--view-line elementor-widget elementor-widget-divider\" data-id=\"ace91d5\" data-element_type=\"widget\" data-widget_type=\"divider.default\">\n\t\t\t\t<div class=\"elementor-widget-container\">\n\t\t\t\t\t\t\t<div class=\"elementor-divider\">\n\t\t\t<span class=\"elementor-divider-separator\">\n\t\t\t\t\t\t<\/span>\n\t\t<\/div>\n\t\t\t\t\t\t<\/div>\n\t\t\t\t<\/div>\n\t\t\t\t\t<\/div>\n\t\t<\/div>\n\t\t\t\t\t<\/div>\n\t\t<\/section>\n\t\t\t\t<section class=\"elementor-section elementor-top-section elementor-element elementor-element-0c9ccf8 elementor-section-boxed elementor-section-height-default elementor-section-height-default\" data-id=\"0c9ccf8\" data-element_type=\"section\">\n\t\t\t\t\t\t<div class=\"elementor-container elementor-column-gap-default\">\n\t\t\t\t\t<div class=\"elementor-column elementor-col-100 elementor-top-column elementor-element elementor-element-9a2b561\" data-id=\"9a2b561\" data-element_type=\"column\">\n\t\t\t<div class=\"elementor-widget-wrap elementor-element-populated\">\n\t\t\t\t\t\t<div class=\"elementor-element elementor-element-9f95999 elementor-widget elementor-widget-text-editor\" data-id=\"9f95999\" data-element_type=\"widget\" data-widget_type=\"text-editor.default\">\n\t\t\t\t<div class=\"elementor-widget-container\">\n\t\t\t\t\t\t\t\t\t<h1 style=\"text-align: center;\"><span style=\"color: #ff0000;\"><strong>Deuxi\u00e8me Semestre<\/strong><\/span><\/h1><h3 style=\"text-align: center;\"><strong><a href=\"https:\/\/www.univ-usto.dz\/faculte\/fac-chimie\/wp-content\/uploads\/2025\/01\/emploi-global-GC-S2.pdf\">Emploi du temps global GC -S2-<\/a><\/strong><\/h3>\t\t\t\t\t\t\t\t<\/div>\n\t\t\t\t<\/div>\n\t\t\t\t\t<\/div>\n\t\t<\/div>\n\t\t\t\t\t<\/div>\n\t\t<\/section>\n\t\t\t\t<section class=\"elementor-section elementor-top-section elementor-element elementor-element-76a0082 elementor-section-boxed elementor-section-height-default elementor-section-height-default\" data-id=\"76a0082\" data-element_type=\"section\">\n\t\t\t\t\t\t<div class=\"elementor-container elementor-column-gap-default\">\n\t\t\t\t\t<div class=\"elementor-column elementor-col-100 elementor-top-column elementor-element elementor-element-8bfa1eb\" data-id=\"8bfa1eb\" data-element_type=\"column\">\n\t\t\t<div class=\"elementor-widget-wrap elementor-element-populated\">\n\t\t\t\t\t\t<div class=\"elementor-element elementor-element-9f398ec elementor-widget-divider--view-line elementor-widget elementor-widget-divider\" data-id=\"9f398ec\" data-element_type=\"widget\" data-widget_type=\"divider.default\">\n\t\t\t\t<div class=\"elementor-widget-container\">\n\t\t\t\t\t\t\t<div class=\"elementor-divider\">\n\t\t\t<span class=\"elementor-divider-separator\">\n\t\t\t\t\t\t<\/span>\n\t\t<\/div>\n\t\t\t\t\t\t<\/div>\n\t\t\t\t<\/div>\n\t\t\t\t\t<\/div>\n\t\t<\/div>\n\t\t\t\t\t<\/div>\n\t\t<\/section>\n\t\t\t\t<section class=\"elementor-section elementor-top-section elementor-element elementor-element-fe50da6 elementor-section-boxed elementor-section-height-default elementor-section-height-default\" data-id=\"fe50da6\" data-element_type=\"section\">\n\t\t\t\t\t\t<div class=\"elementor-container elementor-column-gap-default\">\n\t\t\t\t\t<div class=\"elementor-column elementor-col-100 elementor-top-column elementor-element elementor-element-9ad38cb\" data-id=\"9ad38cb\" data-element_type=\"column\">\n\t\t\t<div class=\"elementor-widget-wrap elementor-element-populated\">\n\t\t\t\t\t\t<div class=\"elementor-element elementor-element-dcc7ddb elementor-widget elementor-widget-text-editor\" data-id=\"dcc7ddb\" data-element_type=\"widget\" data-widget_type=\"text-editor.default\">\n\t\t\t\t<div class=\"elementor-widget-container\">\n\t\t\t\t\t\t\t\t\t<h2>\u00a0<\/h2><h2>\u00a0<\/h2><h2>\u00a0<\/h2><h2>\u00a0<\/h2><h2>\u00a0<\/h2><h2>\u00a0<\/h2><h2>\u00a0<\/h2><h2 style=\"text-align: center;\"><strong><span style=\"color: #ff0000;\">Semestre 1 04\/11\/2024<\/span><\/strong><\/h2><p style=\"text-align: left;\"><strong><a href=\"https:\/\/www.univ-usto.dz\/faculte\/fac-chimie\/wp-content\/uploads\/2024\/11\/L2-Raffi-2425docx.docx\">L2 Raffinage- 2425\u00a0<\/a><\/strong><\/p><p style=\"text-align: left;\"><strong><a href=\"https:\/\/www.univ-usto.dz\/faculte\/fac-chimie\/wp-content\/uploads\/2024\/11\/L3-Raffi.-Petro-2023-2024.docx\">L3 Raffinage et P\u00e9trochimie 2023-2024<\/a><\/strong><\/p><p style=\"text-align: left;\"><strong> <a href=\"https:\/\/www.univ-usto.dz\/faculte\/fac-chimie\/wp-content\/uploads\/2024\/11\/L3L2-ET-L1-ingenieur.docx\">L3,L2 &amp; L1 Ing\u00e9nieur<\/a> <\/strong><\/p><p style=\"text-align: left;\"><strong><a href=\"https:\/\/www.univ-usto.dz\/faculte\/fac-chimie\/wp-content\/uploads\/2024\/11\/M1-GPetro.-2425.docx\">M1 G\u00e9nie P\u00e9trochimique 2425<\/a> <\/strong><\/p><p style=\"text-align: left;\"><strong><a href=\"https:\/\/www.univ-usto.dz\/faculte\/fac-chimie\/wp-content\/uploads\/2024\/11\/M1-GPH_-2425.docx\">M1 G\u00e9nie Pharmaceutique_ 2425<\/a> <\/strong><\/p><p style=\"text-align: left;\"><strong><a href=\"https:\/\/www.univ-usto.dz\/faculte\/fac-chimie\/wp-content\/uploads\/2024\/11\/M1GC-2024-2025.docx\">M1 G\u00e9nie Chimique 2024-2025<\/a> <\/strong><\/p><p style=\"text-align: left;\"><strong><a href=\"https:\/\/www.univ-usto.dz\/faculte\/fac-chimie\/wp-content\/uploads\/2024\/11\/M1GPE-04_10.docx\">M1 G\u00e9nie des Proc\u00e9d\u00e9s de l&rsquo;Environnement 04_10<\/a> <\/strong><\/p><p style=\"text-align: left;\"><strong><a href=\"https:\/\/www.univ-usto.dz\/faculte\/fac-chimie\/wp-content\/uploads\/2024\/11\/M2-GC-2024-2025-1.docx\">M2 GC-2024-2025<\/a><\/strong><\/p><p style=\"text-align: left;\"><strong><a href=\"https:\/\/www.univ-usto.dz\/faculte\/fac-chimie\/wp-content\/uploads\/2024\/11\/M2-GPE-24254.docx\">M2 G\u00e9nie des Proc\u00e9d\u00e9s de l&rsquo;Environnement -2425<\/a> <\/strong><\/p><p style=\"text-align: left;\"><strong><a href=\"https:\/\/www.univ-usto.dz\/faculte\/fac-chimie\/wp-content\/uploads\/2024\/11\/M2-GPetro.2024-2025.docx\">M2 G\u00e9nie P\u00e9trochimique 2024-2025<\/a> <\/strong><\/p><p style=\"text-align: left;\"><strong><a href=\"https:\/\/www.univ-usto.dz\/faculte\/fac-chimie\/wp-content\/uploads\/2024\/11\/M2-pharmaceutique2425.docx\">M2 G\u00e9nie pharmaceutique 2425<\/a><\/strong><\/p>\t\t\t\t\t\t\t\t<\/div>\n\t\t\t\t<\/div>\n\t\t\t\t\t<\/div>\n\t\t<\/div>\n\t\t\t\t\t<\/div>\n\t\t<\/section>\n\t\t\t\t<section class=\"elementor-section elementor-top-section elementor-element elementor-element-a61968b elementor-section-boxed elementor-section-height-default elementor-section-height-default\" data-id=\"a61968b\" data-element_type=\"section\">\n\t\t\t\t\t\t<div class=\"elementor-container elementor-column-gap-default\">\n\t\t\t\t\t<div class=\"elementor-column elementor-col-100 elementor-top-column elementor-element elementor-element-c3c3684\" data-id=\"c3c3684\" data-element_type=\"column\">\n\t\t\t<div class=\"elementor-widget-wrap elementor-element-populated\">\n\t\t\t\t\t\t<div class=\"elementor-element elementor-element-3f64708 elementor-widget-divider--view-line elementor-widget elementor-widget-divider\" data-id=\"3f64708\" data-element_type=\"widget\" data-widget_type=\"divider.default\">\n\t\t\t\t<div class=\"elementor-widget-container\">\n\t\t\t\t\t\t\t<div class=\"elementor-divider\">\n\t\t\t<span class=\"elementor-divider-separator\">\n\t\t\t\t\t\t<\/span>\n\t\t<\/div>\n\t\t\t\t\t\t<\/div>\n\t\t\t\t<\/div>\n\t\t\t\t\t<\/div>\n\t\t<\/div>\n\t\t\t\t\t<\/div>\n\t\t<\/section>\n\t\t\t\t<section class=\"elementor-section elementor-top-section elementor-element elementor-element-47c0fbd elementor-section-boxed elementor-section-height-default elementor-section-height-default\" data-id=\"47c0fbd\" data-element_type=\"section\">\n\t\t\t\t\t\t<div class=\"elementor-container elementor-column-gap-default\">\n\t\t\t\t\t<div class=\"elementor-column elementor-col-100 elementor-top-column elementor-element elementor-element-bda6d1f\" data-id=\"bda6d1f\" data-element_type=\"column\">\n\t\t\t<div class=\"elementor-widget-wrap elementor-element-populated\">\n\t\t\t\t\t\t<div class=\"elementor-element elementor-element-59a8e1a elementor-widget elementor-widget-text-editor\" data-id=\"59a8e1a\" data-element_type=\"widget\" data-widget_type=\"text-editor.default\">\n\t\t\t\t<div class=\"elementor-widget-container\">\n\t\t\t\t\t\t\t\t\t<h1 style=\"text-align: center;\"><span style=\"color: #ff0000;\"><strong><img decoding=\"async\" class=\"alignnone  wp-image-17343\" src=\"https:\/\/www.univ-usto.dz\/faculte\/fac-chimie\/wp-content\/uploads\/2022\/10\/new-300x158.png\" alt=\"\" width=\"88\" height=\"46\" srcset=\"https:\/\/www.univ-usto.dz\/faculte\/fac-chimie\/wp-content\/uploads\/2022\/10\/new-300x158.png 300w, https:\/\/www.univ-usto.dz\/faculte\/fac-chimie\/wp-content\/uploads\/2022\/10\/new-24x13.png 24w, https:\/\/www.univ-usto.dz\/faculte\/fac-chimie\/wp-content\/uploads\/2022\/10\/new-36x19.png 36w, https:\/\/www.univ-usto.dz\/faculte\/fac-chimie\/wp-content\/uploads\/2022\/10\/new-48x25.png 48w, https:\/\/www.univ-usto.dz\/faculte\/fac-chimie\/wp-content\/uploads\/2022\/10\/new.png 310w\" sizes=\"(max-width: 88px) 100vw, 88px\" \/>Mise \u00e0\u00a0 jour du 06-10-2024<\/strong><\/span><\/h1><h3 style=\"text-align: left;\"><strong><a href=\"https:\/\/www.univ-usto.dz\/faculte\/fac-chimie\/wp-content\/uploads\/2024\/10\/L2-Raffinage-06102024.pdf\"><span style=\"color: #ff0000;\">L2 Raffinage<\/span>&#8211; 06102024<\/a> <\/strong><\/h3><h3 style=\"text-align: left;\"><strong><a href=\"https:\/\/www.univ-usto.dz\/faculte\/fac-chimie\/wp-content\/uploads\/2024\/10\/L3-Raffinage-Petro-061024.pdf\"><span style=\"color: #0000ff;\">L3 Raffinage &amp; P\u00e9tro<\/span> 061024<\/a><\/strong><\/h3><h3 style=\"text-align: left;\"><strong> <a href=\"https:\/\/www.univ-usto.dz\/faculte\/fac-chimie\/wp-content\/uploads\/2024\/10\/L3L2-et-L1-ingenieur-061024.pdf\"><span style=\"color: #008000;\">L3&amp;L2 et L1 ing\u00e9nieur<\/span> 061024<\/a><\/strong><\/h3><h3 style=\"text-align: left;\"><strong> <a href=\"https:\/\/www.univ-usto.dz\/faculte\/fac-chimie\/wp-content\/uploads\/2024\/10\/M1-GPE-061024.pdf\"><span style=\"color: #ff6600;\">M1 GPE<\/span> 061024<\/a> <\/strong><\/h3><h3 style=\"text-align: left;\"><strong><a href=\"https:\/\/www.univ-usto.dz\/faculte\/fac-chimie\/wp-content\/uploads\/2024\/10\/M1-GPetro-061024.pdf\"><span style=\"color: #ff00ff;\">M1 GP\u00e9tro<\/span> 061024<\/a> <\/strong><\/h3><h3 style=\"text-align: left;\"><strong><a href=\"https:\/\/www.univ-usto.dz\/faculte\/fac-chimie\/wp-content\/uploads\/2024\/10\/M1-GPH-061024.pdf\"><span style=\"color: #00ff00;\">M1 GPH<\/span> 061024<\/a><\/strong><\/h3><h3 style=\"text-align: left;\"><strong> <a href=\"https:\/\/www.univ-usto.dz\/faculte\/fac-chimie\/wp-content\/uploads\/2024\/10\/M1GC-061024.pdf\"><span style=\"color: #800080;\">M1 GC<\/span> 061024<\/a> <\/strong><\/h3><h3 style=\"text-align: left;\"><strong><a href=\"https:\/\/www.univ-usto.dz\/faculte\/fac-chimie\/wp-content\/uploads\/2024\/10\/M2-GC-061024.pdf\"><span style=\"color: #ff0000;\">M2 GC-<\/span>061024<\/a><\/strong><\/h3><h3 style=\"text-align: left;\"><strong> <a href=\"https:\/\/www.univ-usto.dz\/faculte\/fac-chimie\/wp-content\/uploads\/2024\/10\/M2-GPE-061024.pdf\"><span style=\"color: #800000;\">M2 GPE<\/span>-061024<\/a> <\/strong><\/h3><h3 style=\"text-align: left;\"><strong><a href=\"https:\/\/www.univ-usto.dz\/faculte\/fac-chimie\/wp-content\/uploads\/2024\/10\/M2-GPetro-061024.pdf\"><span style=\"color: #008000;\">M2 GP\u00e9tro<\/span> 061024<\/a> <\/strong><\/h3><h3 style=\"text-align: left;\"><strong><a href=\"https:\/\/www.univ-usto.dz\/faculte\/fac-chimie\/wp-content\/uploads\/2024\/10\/M2-GPharmaceutique-061024.pdf\"><span style=\"color: #0000ff;\">M2 GPharmaceutique<\/span> 061024<\/a><\/strong><\/h3>\t\t\t\t\t\t\t\t<\/div>\n\t\t\t\t<\/div>\n\t\t\t\t\t<\/div>\n\t\t<\/div>\n\t\t\t\t\t<\/div>\n\t\t<\/section>\n\t\t\t\t<\/div>\n\t\t","protected":false},"excerpt":{"rendered":"<p>Deuxi\u00e8me Semestre Emploi du temps global GC -S2- \u00a0 \u00a0 \u00a0 \u00a0 \u00a0 \u00a0 \u00a0 Semestre 1 04\/11\/2024 L2 Raffinage- 2425\u00a0 L3 Raffinage et P\u00e9trochimie 2023-2024 L3,L2 &amp; L1 Ing\u00e9nieur <a href=\"https:\/\/www.univ-usto.dz\/faculte\/fac-chimie\/fr\/emplois-du-temps-des-semestres-impaires-departement-gc-2024-2025\/\" class=\"read-more\">Lire la suite &#8230;<\/a><\/p>\n","protected":false},"author":14,"featured_media":0,"parent":0,"menu_order":0,"comment_status":"closed","ping_status":"closed","template":"","meta":{"footnotes":""},"class_list":["post-28469","page","type-page","status-publish","hentry"],"_links":{"self":[{"href":"https:\/\/www.univ-usto.dz\/faculte\/fac-chimie\/wp-json\/wp\/v2\/pages\/28469","targetHints":{"allow":["GET"]}}],"collection":[{"href":"https:\/\/www.univ-usto.dz\/faculte\/fac-chimie\/wp-json\/wp\/v2\/pages"}],"about":[{"href":"https:\/\/www.univ-usto.dz\/faculte\/fac-chimie\/wp-json\/wp\/v2\/types\/page"}],"author":[{"embeddable":true,"href":"https:\/\/www.univ-usto.dz\/faculte\/fac-chimie\/wp-json\/wp\/v2\/users\/14"}],"replies":[{"embeddable":true,"href":"https:\/\/www.univ-usto.dz\/faculte\/fac-chimie\/wp-json\/wp\/v2\/comments?post=28469"}],"version-history":[{"count":58,"href":"https:\/\/www.univ-usto.dz\/faculte\/fac-chimie\/wp-json\/wp\/v2\/pages\/28469\/revisions"}],"predecessor-version":[{"id":30897,"href":"https:\/\/www.univ-usto.dz\/faculte\/fac-chimie\/wp-json\/wp\/v2\/pages\/28469\/revisions\/30897"}],"wp:attachment":[{"href":"https:\/\/www.univ-usto.dz\/faculte\/fac-chimie\/wp-json\/wp\/v2\/media?parent=28469"}],"curies":[{"name":"wp","href":"https:\/\/api.w.org\/{rel}","templated":true}]}}