{"id":31438,"date":"2025-02-11T08:37:57","date_gmt":"2025-02-11T08:37:57","guid":{"rendered":"https:\/\/www.univ-usto.dz\/faculte\/fac-chimie\/?page_id=31438"},"modified":"2025-02-11T08:41:26","modified_gmt":"2025-02-11T08:41:26","slug":"invitation-a-participer-a-la-journee-de-la-chimie-16-avril-2025-chemistry-day-cd25-usto-university","status":"publish","type":"page","link":"https:\/\/www.univ-usto.dz\/faculte\/fac-chimie\/fr\/invitation-a-participer-a-la-journee-de-la-chimie-16-avril-2025-chemistry-day-cd25-usto-university\/","title":{"rendered":"Invitation \u00e0 participer \u00e0 la Journ\u00e9e de la Chimie \u2013 16 avril 2025 Chemistry day (CD\u201925)-Usto university"},"content":{"rendered":"\t\t<div data-elementor-type=\"wp-page\" data-elementor-id=\"31438\" class=\"elementor elementor-31438\">\n\t\t\t\t\t\t<section class=\"elementor-section elementor-top-section elementor-element elementor-element-3971d01 elementor-section-boxed elementor-section-height-default elementor-section-height-default\" data-id=\"3971d01\" data-element_type=\"section\">\n\t\t\t\t\t\t<div class=\"elementor-container elementor-column-gap-default\">\n\t\t\t\t\t<div class=\"elementor-column elementor-col-100 elementor-top-column elementor-element elementor-element-c216276\" data-id=\"c216276\" data-element_type=\"column\">\n\t\t\t<div class=\"elementor-widget-wrap elementor-element-populated\">\n\t\t\t\t\t\t<div class=\"elementor-element elementor-element-bbc3afe elementor-widget-divider--view-line elementor-widget elementor-widget-divider\" data-id=\"bbc3afe\" data-element_type=\"widget\" data-widget_type=\"divider.default\">\n\t\t\t\t<div class=\"elementor-widget-container\">\n\t\t\t\t\t\t\t<div class=\"elementor-divider\">\n\t\t\t<span class=\"elementor-divider-separator\">\n\t\t\t\t\t\t<\/span>\n\t\t<\/div>\n\t\t\t\t\t\t<\/div>\n\t\t\t\t<\/div>\n\t\t\t\t\t<\/div>\n\t\t<\/div>\n\t\t\t\t\t<\/div>\n\t\t<\/section>\n\t\t\t\t<section class=\"elementor-section elementor-top-section elementor-element elementor-element-2ad4e79 elementor-section-boxed elementor-section-height-default elementor-section-height-default\" data-id=\"2ad4e79\" data-element_type=\"section\">\n\t\t\t\t\t\t<div class=\"elementor-container elementor-column-gap-default\">\n\t\t\t\t\t<div class=\"elementor-column elementor-col-100 elementor-top-column elementor-element elementor-element-6a32363\" data-id=\"6a32363\" data-element_type=\"column\">\n\t\t\t<div class=\"elementor-widget-wrap elementor-element-populated\">\n\t\t\t\t\t\t<div class=\"elementor-element elementor-element-2ed6c2c elementor-widget elementor-widget-text-editor\" data-id=\"2ed6c2c\" data-element_type=\"widget\" data-widget_type=\"text-editor.default\">\n\t\t\t\t<div class=\"elementor-widget-container\">\n\t\t\t\t\t\t\t\t\t<h3 style=\"text-align: center;\"><strong>Le d\u00e9partement de <span style=\"color: #ff0000;\">G\u00e9nie des Mat\u00e9riaux<\/span> de la <span style=\"color: #ff0000;\">Facult\u00e9 de Chimie<\/span> de l&rsquo;Universit\u00e9 des Sciences et de la Technologie d&rsquo;Oran Mohamed Boudiaf a le plaisir de vous inviter \u00e0 la Journ\u00e9e de la Chimie, qui se tiendra le <span style=\"color: #0000ff;\">16 avril 2025<\/span>.<\/strong><\/h3><p>\u00a0<\/p><h3 style=\"text-align: center;\"><strong>Cet \u00e9v\u00e9nement s\u2019inscrit dans le cadre de la\u00a0Journ\u00e9e de la Science et du Savoir, c\u00e9l\u00e9br\u00e9e en hommage \u00e0\u00a0Abdelhamid Ben Badis, et vise \u00e0 mettre en avant les avanc\u00e9es scientifiques et les innovations dans le domaine de la chimie.<\/strong><\/h3><p>\u00a0<\/p><h3 style=\"text-align: center;\"><strong>L&rsquo;objectif de cette journ\u00e9e est de\u00a0rassembler les chimistes, enseignants, doctorants et \u00e9tudiants afin de favoriser les \u00e9changes, stimuler la r\u00e9flexion et encourager le d\u00e9veloppement de nos axes de recherche.\u00a0Nous esp\u00e9rons que cet \u00e9v\u00e9nement deviendra une tradition annuelle au sein de notre facult\u00e9.<\/strong><\/h3><p>\u00a0<\/p><h3 style=\"text-align: center;\"><strong>\u00c0 cette occasion, nous invitons tous les chimistes \u00e0 participer, soit en\u00a0pr\u00e9sentant un travail de recherche, soit en\u00a0animant une session d&rsquo;initiation \u00e0 la recherche. Nous serions honor\u00e9s de compter sur votre participation, que ce soit \u00e0 travers une\u00a0communication orale ou une pr\u00e9sentation par affiche.<\/strong><\/h3><p>\u00a0<\/p><h3 style=\"text-align: center;\"><span style=\"color: #ff00ff;\"><strong>Date limite de soumission des r\u00e9sum\u00e9s :\u00a015 mars 2025<\/strong><\/span><\/h3><h3 style=\"text-align: center;\"><strong>Lien d&rsquo;inscription :\u00a0<span style=\"color: #0000ff;\"><a style=\"color: #0000ff;\" href=\"https:\/\/forms.gle\/P9Kv6kFRK1ihGSHq5\" data-saferedirecturl=\"https:\/\/www.google.com\/url?q=https:\/\/forms.gle\/P9Kv6kFRK1ihGSHq5&amp;source=gmail&amp;ust=1739348146090000&amp;usg=AOvVaw0zOe_g38AdDA0h1pyte2fZ\">https:\/\/forms.gle\/P9Kv6kFRK1ihGSHq5<\/a><\/span><\/strong><\/h3><h3 style=\"text-align: center;\"><strong>Pour toute information compl\u00e9mentaire, n\u2019h\u00e9sitez pas \u00e0 nous contacter \u00e0 l\u2019adresse suivante :\u00a0<span style=\"color: #0000ff;\"><a style=\"color: #0000ff;\" href=\"mailto:chemistry.day.usto@gmail.com\">chemistry.day.usto@gmail.com<\/a><\/span><\/strong><\/h3><h3>\u00a0<\/h3><h3 style=\"text-align: left;\"><span style=\"color: #ff0000;\"><strong>Comit\u00e9 d\u2019Organisation<\/strong><\/span><\/h3><h3 style=\"text-align: left;\"><strong>Megherbi Radja,<\/strong><\/h3><h3 style=\"text-align: left;\"><strong>Assassi Fatima,<\/strong><\/h3><h3 style=\"text-align: left;\"><strong>Baghdad Karima,<\/strong><\/h3><h3 style=\"text-align: left;\"><strong>Allaoui Chakib<\/strong><\/h3><h3 style=\"text-align: left;\"><strong>Karmaoui Mohamed<\/strong><\/h3><p><strong><span style=\"color: #ff0000;\">T\u00e9l\u00e9charger le Flayer: <a href=\"https:\/\/www.univ-usto.dz\/faculte\/fac-chimie\/wp-content\/uploads\/2025\/02\/Flyer-CD25.pdf\">Flyer CD&rsquo;25<\/a><\/span><\/strong><\/p>\t\t\t\t\t\t\t\t<\/div>\n\t\t\t\t<\/div>\n\t\t\t\t\t<\/div>\n\t\t<\/div>\n\t\t\t\t\t<\/div>\n\t\t<\/section>\n\t\t\t\t<\/div>\n\t\t","protected":false},"excerpt":{"rendered":"<p>Le d\u00e9partement de G\u00e9nie des Mat\u00e9riaux de la Facult\u00e9 de Chimie de l&rsquo;Universit\u00e9 des Sciences et de la Technologie d&rsquo;Oran Mohamed Boudiaf a le plaisir de vous inviter \u00e0 la <a href=\"https:\/\/www.univ-usto.dz\/faculte\/fac-chimie\/fr\/invitation-a-participer-a-la-journee-de-la-chimie-16-avril-2025-chemistry-day-cd25-usto-university\/\" class=\"read-more\">Lire la suite &#8230;<\/a><\/p>\n","protected":false},"author":14,"featured_media":0,"parent":0,"menu_order":0,"comment_status":"closed","ping_status":"closed","template":"","meta":{"footnotes":""},"class_list":["post-31438","page","type-page","status-publish","hentry"],"_links":{"self":[{"href":"https:\/\/www.univ-usto.dz\/faculte\/fac-chimie\/wp-json\/wp\/v2\/pages\/31438","targetHints":{"allow":["GET"]}}],"collection":[{"href":"https:\/\/www.univ-usto.dz\/faculte\/fac-chimie\/wp-json\/wp\/v2\/pages"}],"about":[{"href":"https:\/\/www.univ-usto.dz\/faculte\/fac-chimie\/wp-json\/wp\/v2\/types\/page"}],"author":[{"embeddable":true,"href":"https:\/\/www.univ-usto.dz\/faculte\/fac-chimie\/wp-json\/wp\/v2\/users\/14"}],"replies":[{"embeddable":true,"href":"https:\/\/www.univ-usto.dz\/faculte\/fac-chimie\/wp-json\/wp\/v2\/comments?post=31438"}],"version-history":[{"count":4,"href":"https:\/\/www.univ-usto.dz\/faculte\/fac-chimie\/wp-json\/wp\/v2\/pages\/31438\/revisions"}],"predecessor-version":[{"id":31443,"href":"https:\/\/www.univ-usto.dz\/faculte\/fac-chimie\/wp-json\/wp\/v2\/pages\/31438\/revisions\/31443"}],"wp:attachment":[{"href":"https:\/\/www.univ-usto.dz\/faculte\/fac-chimie\/wp-json\/wp\/v2\/media?parent=31438"}],"curies":[{"name":"wp","href":"https:\/\/api.w.org\/{rel}","templated":true}]}}