{"id":31944,"date":"2025-04-30T08:45:38","date_gmt":"2025-04-30T08:45:38","guid":{"rendered":"https:\/\/www.univ-usto.dz\/faculte\/fac-chimie\/?page_id=31944"},"modified":"2025-12-19T19:51:37","modified_gmt":"2025-12-19T19:51:37","slug":"visites-des-etudiants-de-la-faculte-de-chimie","status":"publish","type":"page","link":"https:\/\/www.univ-usto.dz\/faculte\/fac-chimie\/fr\/visites-des-etudiants-de-la-faculte-de-chimie\/","title":{"rendered":"Visites des \u00e9tudiants de la Facult\u00e9 de Chimie"},"content":{"rendered":"\t\t<div data-elementor-type=\"wp-page\" data-elementor-id=\"31944\" class=\"elementor elementor-31944\">\n\t\t\t\t\t\t<section class=\"elementor-section elementor-top-section elementor-element elementor-element-175c219 elementor-section-boxed elementor-section-height-default elementor-section-height-default\" data-id=\"175c219\" data-element_type=\"section\">\n\t\t\t\t\t\t<div class=\"elementor-container elementor-column-gap-default\">\n\t\t\t\t\t<div class=\"elementor-column elementor-col-100 elementor-top-column elementor-element elementor-element-3579401\" data-id=\"3579401\" data-element_type=\"column\">\n\t\t\t<div class=\"elementor-widget-wrap elementor-element-populated\">\n\t\t\t\t\t\t<div class=\"elementor-element elementor-element-c814305 elementor-widget-divider--view-line elementor-widget elementor-widget-divider\" data-id=\"c814305\" data-element_type=\"widget\" data-widget_type=\"divider.default\">\n\t\t\t\t<div class=\"elementor-widget-container\">\n\t\t\t\t\t\t\t<div class=\"elementor-divider\">\n\t\t\t<span class=\"elementor-divider-separator\">\n\t\t\t\t\t\t<\/span>\n\t\t<\/div>\n\t\t\t\t\t\t<\/div>\n\t\t\t\t<\/div>\n\t\t\t\t\t<\/div>\n\t\t<\/div>\n\t\t\t\t\t<\/div>\n\t\t<\/section>\n\t\t\t\t<section class=\"elementor-section elementor-top-section elementor-element elementor-element-0fbb6fc elementor-section-boxed elementor-section-height-default elementor-section-height-default\" data-id=\"0fbb6fc\" data-element_type=\"section\">\n\t\t\t\t\t\t<div class=\"elementor-container elementor-column-gap-default\">\n\t\t\t\t\t<div class=\"elementor-column elementor-col-100 elementor-top-column elementor-element elementor-element-9201f19\" data-id=\"9201f19\" data-element_type=\"column\">\n\t\t\t<div class=\"elementor-widget-wrap elementor-element-populated\">\n\t\t\t\t\t\t<div class=\"elementor-element elementor-element-5e9bcd5 elementor-widget elementor-widget-text-editor\" data-id=\"5e9bcd5\" data-element_type=\"widget\" data-widget_type=\"text-editor.default\">\n\t\t\t\t<div class=\"elementor-widget-container\">\n\t\t\t\t\t\t\t\t\t<p><img decoding=\"async\" class=\"alignnone  wp-image-34787\" src=\"https:\/\/www.univ-usto.dz\/faculte\/fac-chimie\/wp-content\/uploads\/2025\/12\/IMG-20251217-WA0060-300x225.jpg\" alt=\"\" width=\"198\" height=\"149\" srcset=\"https:\/\/www.univ-usto.dz\/faculte\/fac-chimie\/wp-content\/uploads\/2025\/12\/IMG-20251217-WA0060-300x225.jpg 300w, https:\/\/www.univ-usto.dz\/faculte\/fac-chimie\/wp-content\/uploads\/2025\/12\/IMG-20251217-WA0060-1024x768.jpg 1024w, https:\/\/www.univ-usto.dz\/faculte\/fac-chimie\/wp-content\/uploads\/2025\/12\/IMG-20251217-WA0060-768x576.jpg 768w, https:\/\/www.univ-usto.dz\/faculte\/fac-chimie\/wp-content\/uploads\/2025\/12\/IMG-20251217-WA0060-360x270.jpg 360w, https:\/\/www.univ-usto.dz\/faculte\/fac-chimie\/wp-content\/uploads\/2025\/12\/IMG-20251217-WA0060-24x18.jpg 24w, https:\/\/www.univ-usto.dz\/faculte\/fac-chimie\/wp-content\/uploads\/2025\/12\/IMG-20251217-WA0060-36x27.jpg 36w, https:\/\/www.univ-usto.dz\/faculte\/fac-chimie\/wp-content\/uploads\/2025\/12\/IMG-20251217-WA0060-48x36.jpg 48w, https:\/\/www.univ-usto.dz\/faculte\/fac-chimie\/wp-content\/uploads\/2025\/12\/IMG-20251217-WA0060.jpg 1280w\" sizes=\"(max-width: 198px) 100vw, 198px\" \/>\u00a0<strong><a href=\"https:\/\/www.univ-usto.dz\/faculte\/fac-chimie\/fr\/visite-des-etudiants-master-1-groupe-2-a-tosyali-2025\/\">Visite des \u00e9tudiants master 1\u00a0 HSI groupe 2 \u00e0 TOSYALI 2025<\/a><\/strong><\/p>\t\t\t\t\t\t\t\t<\/div>\n\t\t\t\t<\/div>\n\t\t\t\t\t<\/div>\n\t\t<\/div>\n\t\t\t\t\t<\/div>\n\t\t<\/section>\n\t\t\t\t<section class=\"elementor-section elementor-top-section elementor-element elementor-element-c71e7e7 elementor-section-boxed elementor-section-height-default elementor-section-height-default\" data-id=\"c71e7e7\" data-element_type=\"section\">\n\t\t\t\t\t\t<div class=\"elementor-container elementor-column-gap-default\">\n\t\t\t\t\t<div class=\"elementor-column elementor-col-100 elementor-top-column elementor-element elementor-element-969d02b\" data-id=\"969d02b\" data-element_type=\"column\">\n\t\t\t<div class=\"elementor-widget-wrap elementor-element-populated\">\n\t\t\t\t\t\t<div class=\"elementor-element elementor-element-54db3e9 elementor-widget-divider--view-line elementor-widget elementor-widget-divider\" data-id=\"54db3e9\" data-element_type=\"widget\" data-widget_type=\"divider.default\">\n\t\t\t\t<div class=\"elementor-widget-container\">\n\t\t\t\t\t\t\t<div class=\"elementor-divider\">\n\t\t\t<span class=\"elementor-divider-separator\">\n\t\t\t\t\t\t<\/span>\n\t\t<\/div>\n\t\t\t\t\t\t<\/div>\n\t\t\t\t<\/div>\n\t\t\t\t\t<\/div>\n\t\t<\/div>\n\t\t\t\t\t<\/div>\n\t\t<\/section>\n\t\t\t\t<section class=\"elementor-section elementor-top-section elementor-element elementor-element-a82193d elementor-section-boxed elementor-section-height-default elementor-section-height-default\" data-id=\"a82193d\" data-element_type=\"section\">\n\t\t\t\t\t\t<div class=\"elementor-container elementor-column-gap-default\">\n\t\t\t\t\t<div class=\"elementor-column elementor-col-100 elementor-top-column elementor-element elementor-element-81fe90c\" data-id=\"81fe90c\" data-element_type=\"column\">\n\t\t\t<div class=\"elementor-widget-wrap elementor-element-populated\">\n\t\t\t\t\t\t<div class=\"elementor-element elementor-element-5a1316b elementor-widget elementor-widget-text-editor\" data-id=\"5a1316b\" data-element_type=\"widget\" data-widget_type=\"text-editor.default\">\n\t\t\t\t<div class=\"elementor-widget-container\">\n\t\t\t\t\t\t\t\t\t<h3><img decoding=\"async\" class=\"alignnone wp-image-34641 size-thumbnail\" src=\"https:\/\/www.univ-usto.dz\/faculte\/fac-chimie\/wp-content\/uploads\/2025\/12\/IMG-20251214-WA0001-150x150.jpg\" alt=\"\" width=\"150\" height=\"150\" \/><strong><a href=\"https:\/\/www.univ-usto.dz\/faculte\/fac-chimie\/fr\/visite-des-m2-g-pharma-au-laboratoire-moben-2025\/\">Visite des M2 G Pharma au laboratoire MOBEN 2025<\/a><\/strong><\/h3>\t\t\t\t\t\t\t\t<\/div>\n\t\t\t\t<\/div>\n\t\t\t\t\t<\/div>\n\t\t<\/div>\n\t\t\t\t\t<\/div>\n\t\t<\/section>\n\t\t\t\t<section class=\"elementor-section elementor-top-section elementor-element elementor-element-9937231 elementor-section-boxed elementor-section-height-default elementor-section-height-default\" data-id=\"9937231\" data-element_type=\"section\">\n\t\t\t\t\t\t<div class=\"elementor-container elementor-column-gap-default\">\n\t\t\t\t\t<div class=\"elementor-column elementor-col-100 elementor-top-column elementor-element elementor-element-6b66808\" data-id=\"6b66808\" data-element_type=\"column\">\n\t\t\t<div class=\"elementor-widget-wrap elementor-element-populated\">\n\t\t\t\t\t\t<div class=\"elementor-element elementor-element-4866f97 elementor-widget-divider--view-line elementor-widget elementor-widget-divider\" data-id=\"4866f97\" data-element_type=\"widget\" data-widget_type=\"divider.default\">\n\t\t\t\t<div class=\"elementor-widget-container\">\n\t\t\t\t\t\t\t<div class=\"elementor-divider\">\n\t\t\t<span class=\"elementor-divider-separator\">\n\t\t\t\t\t\t<\/span>\n\t\t<\/div>\n\t\t\t\t\t\t<\/div>\n\t\t\t\t<\/div>\n\t\t\t\t\t<\/div>\n\t\t<\/div>\n\t\t\t\t\t<\/div>\n\t\t<\/section>\n\t\t\t\t<section class=\"elementor-section elementor-top-section elementor-element elementor-element-c470520 elementor-section-boxed elementor-section-height-default elementor-section-height-default\" data-id=\"c470520\" data-element_type=\"section\">\n\t\t\t\t\t\t<div class=\"elementor-container elementor-column-gap-default\">\n\t\t\t\t\t<div class=\"elementor-column elementor-col-100 elementor-top-column elementor-element elementor-element-4d81f05\" data-id=\"4d81f05\" data-element_type=\"column\">\n\t\t\t<div class=\"elementor-widget-wrap elementor-element-populated\">\n\t\t\t\t\t\t<div class=\"elementor-element elementor-element-eb05a73 elementor-widget elementor-widget-text-editor\" data-id=\"eb05a73\" data-element_type=\"widget\" data-widget_type=\"text-editor.default\">\n\t\t\t\t<div class=\"elementor-widget-container\">\n\t\t\t\t\t\t\t\t\t<h3><img decoding=\"async\" class=\"alignnone  wp-image-34606\" src=\"https:\/\/www.univ-usto.dz\/faculte\/fac-chimie\/wp-content\/uploads\/2025\/12\/IMG-20251211-WA0016-300x169.jpg\" alt=\"\" width=\"164\" height=\"92\" srcset=\"https:\/\/www.univ-usto.dz\/faculte\/fac-chimie\/wp-content\/uploads\/2025\/12\/IMG-20251211-WA0016-300x169.jpg 300w, https:\/\/www.univ-usto.dz\/faculte\/fac-chimie\/wp-content\/uploads\/2025\/12\/IMG-20251211-WA0016-1024x576.jpg 1024w, https:\/\/www.univ-usto.dz\/faculte\/fac-chimie\/wp-content\/uploads\/2025\/12\/IMG-20251211-WA0016-768x432.jpg 768w, https:\/\/www.univ-usto.dz\/faculte\/fac-chimie\/wp-content\/uploads\/2025\/12\/IMG-20251211-WA0016-360x203.jpg 360w, https:\/\/www.univ-usto.dz\/faculte\/fac-chimie\/wp-content\/uploads\/2025\/12\/IMG-20251211-WA0016-24x14.jpg 24w, https:\/\/www.univ-usto.dz\/faculte\/fac-chimie\/wp-content\/uploads\/2025\/12\/IMG-20251211-WA0016-36x20.jpg 36w, https:\/\/www.univ-usto.dz\/faculte\/fac-chimie\/wp-content\/uploads\/2025\/12\/IMG-20251211-WA0016-48x27.jpg 48w, https:\/\/www.univ-usto.dz\/faculte\/fac-chimie\/wp-content\/uploads\/2025\/12\/IMG-20251211-WA0016.jpg 1280w\" sizes=\"(max-width: 164px) 100vw, 164px\" \/><strong><a href=\"https:\/\/www.univ-usto.dz\/faculte\/fac-chimie\/fr\/visite-tosyali-2025\/\">Visite Tosyali 2025<\/a><\/strong><\/h3>\t\t\t\t\t\t\t\t<\/div>\n\t\t\t\t<\/div>\n\t\t\t\t\t<\/div>\n\t\t<\/div>\n\t\t\t\t\t<\/div>\n\t\t<\/section>\n\t\t\t\t<section class=\"elementor-section elementor-top-section elementor-element elementor-element-dbd07ab elementor-section-boxed elementor-section-height-default elementor-section-height-default\" data-id=\"dbd07ab\" data-element_type=\"section\">\n\t\t\t\t\t\t<div class=\"elementor-container elementor-column-gap-default\">\n\t\t\t\t\t<div class=\"elementor-column elementor-col-100 elementor-top-column elementor-element elementor-element-c5f441f\" data-id=\"c5f441f\" data-element_type=\"column\">\n\t\t\t<div class=\"elementor-widget-wrap elementor-element-populated\">\n\t\t\t\t\t\t<div class=\"elementor-element elementor-element-a165d91 elementor-widget-divider--view-line elementor-widget elementor-widget-divider\" data-id=\"a165d91\" data-element_type=\"widget\" data-widget_type=\"divider.default\">\n\t\t\t\t<div class=\"elementor-widget-container\">\n\t\t\t\t\t\t\t<div class=\"elementor-divider\">\n\t\t\t<span class=\"elementor-divider-separator\">\n\t\t\t\t\t\t<\/span>\n\t\t<\/div>\n\t\t\t\t\t\t<\/div>\n\t\t\t\t<\/div>\n\t\t\t\t\t<\/div>\n\t\t<\/div>\n\t\t\t\t\t<\/div>\n\t\t<\/section>\n\t\t\t\t<section class=\"elementor-section elementor-top-section elementor-element elementor-element-8351f06 elementor-section-boxed elementor-section-height-default elementor-section-height-default\" data-id=\"8351f06\" data-element_type=\"section\">\n\t\t\t\t\t\t<div class=\"elementor-container elementor-column-gap-default\">\n\t\t\t\t\t<div class=\"elementor-column elementor-col-100 elementor-top-column elementor-element elementor-element-269cc1e\" data-id=\"269cc1e\" data-element_type=\"column\">\n\t\t\t<div class=\"elementor-widget-wrap elementor-element-populated\">\n\t\t\t\t\t\t<div class=\"elementor-element elementor-element-e38f0b9 elementor-widget elementor-widget-text-editor\" data-id=\"e38f0b9\" data-element_type=\"widget\" data-widget_type=\"text-editor.default\">\n\t\t\t\t<div class=\"elementor-widget-container\">\n\t\t\t\t\t\t\t\t\t<h3><img loading=\"lazy\" decoding=\"async\" class=\"alignnone wp-image-34399\" src=\"https:\/\/www.univ-usto.dz\/faculte\/fac-chimie\/wp-content\/uploads\/2025\/12\/visite-pedagogique-au-sein-du-complexe-industriel-et-commercial-dAGRODIV-\u2013-Oued-Tlelat-300x300.jpg\" alt=\"\" width=\"107\" height=\"107\" srcset=\"https:\/\/www.univ-usto.dz\/faculte\/fac-chimie\/wp-content\/uploads\/2025\/12\/visite-pedagogique-au-sein-du-complexe-industriel-et-commercial-dAGRODIV-\u2013-Oued-Tlelat-300x300.jpg 300w, https:\/\/www.univ-usto.dz\/faculte\/fac-chimie\/wp-content\/uploads\/2025\/12\/visite-pedagogique-au-sein-du-complexe-industriel-et-commercial-dAGRODIV-\u2013-Oued-Tlelat-1024x1024.jpg 1024w, https:\/\/www.univ-usto.dz\/faculte\/fac-chimie\/wp-content\/uploads\/2025\/12\/visite-pedagogique-au-sein-du-complexe-industriel-et-commercial-dAGRODIV-\u2013-Oued-Tlelat-150x150.jpg 150w, https:\/\/www.univ-usto.dz\/faculte\/fac-chimie\/wp-content\/uploads\/2025\/12\/visite-pedagogique-au-sein-du-complexe-industriel-et-commercial-dAGRODIV-\u2013-Oued-Tlelat-768x768.jpg 768w, https:\/\/www.univ-usto.dz\/faculte\/fac-chimie\/wp-content\/uploads\/2025\/12\/visite-pedagogique-au-sein-du-complexe-industriel-et-commercial-dAGRODIV-\u2013-Oued-Tlelat-1536x1536.jpg 1536w, https:\/\/www.univ-usto.dz\/faculte\/fac-chimie\/wp-content\/uploads\/2025\/12\/visite-pedagogique-au-sein-du-complexe-industriel-et-commercial-dAGRODIV-\u2013-Oued-Tlelat-270x270.jpg 270w, https:\/\/www.univ-usto.dz\/faculte\/fac-chimie\/wp-content\/uploads\/2025\/12\/visite-pedagogique-au-sein-du-complexe-industriel-et-commercial-dAGRODIV-\u2013-Oued-Tlelat-24x24.jpg 24w, https:\/\/www.univ-usto.dz\/faculte\/fac-chimie\/wp-content\/uploads\/2025\/12\/visite-pedagogique-au-sein-du-complexe-industriel-et-commercial-dAGRODIV-\u2013-Oued-Tlelat-36x36.jpg 36w, https:\/\/www.univ-usto.dz\/faculte\/fac-chimie\/wp-content\/uploads\/2025\/12\/visite-pedagogique-au-sein-du-complexe-industriel-et-commercial-dAGRODIV-\u2013-Oued-Tlelat-48x48.jpg 48w, https:\/\/www.univ-usto.dz\/faculte\/fac-chimie\/wp-content\/uploads\/2025\/12\/visite-pedagogique-au-sein-du-complexe-industriel-et-commercial-dAGRODIV-\u2013-Oued-Tlelat.jpg 2000w\" sizes=\"(max-width: 107px) 100vw, 107px\" \/><strong><a href=\"https:\/\/www.univ-usto.dz\/faculte\/fac-chimie\/fr\/visite-2\/\">Visite p\u00e9dagogique au sein du complexe industriel et commercial d\u2019AGRODIV \u2013 Oued Tlelat 25-26<\/a><\/strong><\/h3>\t\t\t\t\t\t\t\t<\/div>\n\t\t\t\t<\/div>\n\t\t\t\t\t<\/div>\n\t\t<\/div>\n\t\t\t\t\t<\/div>\n\t\t<\/section>\n\t\t\t\t<section class=\"elementor-section elementor-top-section elementor-element elementor-element-6198772 elementor-section-boxed elementor-section-height-default elementor-section-height-default\" data-id=\"6198772\" data-element_type=\"section\">\n\t\t\t\t\t\t<div class=\"elementor-container elementor-column-gap-default\">\n\t\t\t\t\t<div class=\"elementor-column elementor-col-100 elementor-top-column elementor-element elementor-element-cb9e9c9\" data-id=\"cb9e9c9\" data-element_type=\"column\">\n\t\t\t<div class=\"elementor-widget-wrap elementor-element-populated\">\n\t\t\t\t\t\t<div class=\"elementor-element elementor-element-f1f9b13 elementor-widget-divider--view-line elementor-widget elementor-widget-divider\" data-id=\"f1f9b13\" data-element_type=\"widget\" data-widget_type=\"divider.default\">\n\t\t\t\t<div class=\"elementor-widget-container\">\n\t\t\t\t\t\t\t<div class=\"elementor-divider\">\n\t\t\t<span class=\"elementor-divider-separator\">\n\t\t\t\t\t\t<\/span>\n\t\t<\/div>\n\t\t\t\t\t\t<\/div>\n\t\t\t\t<\/div>\n\t\t\t\t\t<\/div>\n\t\t<\/div>\n\t\t\t\t\t<\/div>\n\t\t<\/section>\n\t\t\t\t<section class=\"elementor-section elementor-top-section elementor-element elementor-element-65fc76a elementor-section-boxed elementor-section-height-default elementor-section-height-default\" data-id=\"65fc76a\" data-element_type=\"section\">\n\t\t\t\t\t\t<div class=\"elementor-container elementor-column-gap-default\">\n\t\t\t\t\t<div class=\"elementor-column elementor-col-100 elementor-top-column elementor-element elementor-element-24749d7\" data-id=\"24749d7\" data-element_type=\"column\">\n\t\t\t<div class=\"elementor-widget-wrap elementor-element-populated\">\n\t\t\t\t\t\t<div class=\"elementor-element elementor-element-498c947 elementor-widget elementor-widget-text-editor\" data-id=\"498c947\" data-element_type=\"widget\" data-widget_type=\"text-editor.default\">\n\t\t\t\t<div class=\"elementor-widget-container\">\n\t\t\t\t\t\t\t\t\t<h3><strong><a href=\"https:\/\/www.univ-usto.dz\/faculte\/fac-chimie\/fr\/visite-pedagogique-enrichissante-aux-centre-denfouissement-technique-cet-de-hassi-bounif\/\"><img loading=\"lazy\" decoding=\"async\" class=\"alignnone wp-image-31864\" src=\"https:\/\/www.univ-usto.dz\/faculte\/fac-chimie\/wp-content\/uploads\/2025\/04\/9-300x225.jpg\" alt=\"\" width=\"112\" height=\"84\" srcset=\"https:\/\/www.univ-usto.dz\/faculte\/fac-chimie\/wp-content\/uploads\/2025\/04\/9-300x225.jpg 300w, https:\/\/www.univ-usto.dz\/faculte\/fac-chimie\/wp-content\/uploads\/2025\/04\/9-1024x768.jpg 1024w, https:\/\/www.univ-usto.dz\/faculte\/fac-chimie\/wp-content\/uploads\/2025\/04\/9-768x576.jpg 768w, https:\/\/www.univ-usto.dz\/faculte\/fac-chimie\/wp-content\/uploads\/2025\/04\/9-1536x1152.jpg 1536w, https:\/\/www.univ-usto.dz\/faculte\/fac-chimie\/wp-content\/uploads\/2025\/04\/9-360x270.jpg 360w, https:\/\/www.univ-usto.dz\/faculte\/fac-chimie\/wp-content\/uploads\/2025\/04\/9-24x18.jpg 24w, https:\/\/www.univ-usto.dz\/faculte\/fac-chimie\/wp-content\/uploads\/2025\/04\/9-36x27.jpg 36w, https:\/\/www.univ-usto.dz\/faculte\/fac-chimie\/wp-content\/uploads\/2025\/04\/9-48x36.jpg 48w, https:\/\/www.univ-usto.dz\/faculte\/fac-chimie\/wp-content\/uploads\/2025\/04\/9.jpg 2016w\" sizes=\"(max-width: 112px) 100vw, 112px\" \/>Visite p\u00e9dagogique enrichissante aux Centre d\u2019Enfouissement Technique (<span style=\"color: #ff0000;\">CET<\/span>) de Hassi-Bounif <\/a><\/strong><\/h3>\t\t\t\t\t\t\t\t<\/div>\n\t\t\t\t<\/div>\n\t\t\t\t\t<\/div>\n\t\t<\/div>\n\t\t\t\t\t<\/div>\n\t\t<\/section>\n\t\t\t\t<section class=\"elementor-section elementor-top-section elementor-element elementor-element-418ce7c elementor-section-boxed elementor-section-height-default elementor-section-height-default\" data-id=\"418ce7c\" data-element_type=\"section\">\n\t\t\t\t\t\t<div class=\"elementor-container elementor-column-gap-default\">\n\t\t\t\t\t<div class=\"elementor-column elementor-col-100 elementor-top-column elementor-element elementor-element-abe1a9b\" data-id=\"abe1a9b\" data-element_type=\"column\">\n\t\t\t<div class=\"elementor-widget-wrap elementor-element-populated\">\n\t\t\t\t\t\t<div class=\"elementor-element elementor-element-d0bedc3 elementor-widget-divider--view-line elementor-widget elementor-widget-divider\" data-id=\"d0bedc3\" data-element_type=\"widget\" data-widget_type=\"divider.default\">\n\t\t\t\t<div class=\"elementor-widget-container\">\n\t\t\t\t\t\t\t<div class=\"elementor-divider\">\n\t\t\t<span class=\"elementor-divider-separator\">\n\t\t\t\t\t\t<\/span>\n\t\t<\/div>\n\t\t\t\t\t\t<\/div>\n\t\t\t\t<\/div>\n\t\t\t\t\t<\/div>\n\t\t<\/div>\n\t\t\t\t\t<\/div>\n\t\t<\/section>\n\t\t\t\t<section class=\"elementor-section elementor-top-section elementor-element elementor-element-bf28c49 elementor-section-boxed elementor-section-height-default elementor-section-height-default\" data-id=\"bf28c49\" data-element_type=\"section\">\n\t\t\t\t\t\t<div class=\"elementor-container elementor-column-gap-default\">\n\t\t\t\t\t<div class=\"elementor-column elementor-col-100 elementor-top-column elementor-element elementor-element-21fdd57\" data-id=\"21fdd57\" data-element_type=\"column\">\n\t\t\t<div class=\"elementor-widget-wrap elementor-element-populated\">\n\t\t\t\t\t\t<div class=\"elementor-element elementor-element-55825b4 elementor-widget elementor-widget-text-editor\" data-id=\"55825b4\" data-element_type=\"widget\" data-widget_type=\"text-editor.default\">\n\t\t\t\t<div class=\"elementor-widget-container\">\n\t\t\t\t\t\t\t\t\t<h3 style=\"text-align: center;\"><strong><a href=\"https:\/\/www.univ-usto.dz\/faculte\/fac-chimie\/fr\/visite-des-etudiants-de-master-2-genie-des-procedes-de-lenvironnement-a-la-station-depuration-des-eaux-usees-urbaines-del-kerma-oran-ce-mercredi-27-11-2024\/\"><img loading=\"lazy\" decoding=\"async\" class=\"alignnone  wp-image-31951\" src=\"https:\/\/www.univ-usto.dz\/faculte\/fac-chimie\/wp-content\/uploads\/2025\/04\/photos-300x142.png\" alt=\"\" width=\"155\" height=\"73\" srcset=\"https:\/\/www.univ-usto.dz\/faculte\/fac-chimie\/wp-content\/uploads\/2025\/04\/photos-300x142.png 300w, https:\/\/www.univ-usto.dz\/faculte\/fac-chimie\/wp-content\/uploads\/2025\/04\/photos-768x364.png 768w, https:\/\/www.univ-usto.dz\/faculte\/fac-chimie\/wp-content\/uploads\/2025\/04\/photos-360x170.png 360w, https:\/\/www.univ-usto.dz\/faculte\/fac-chimie\/wp-content\/uploads\/2025\/04\/photos-24x11.png 24w, https:\/\/www.univ-usto.dz\/faculte\/fac-chimie\/wp-content\/uploads\/2025\/04\/photos-36x17.png 36w, https:\/\/www.univ-usto.dz\/faculte\/fac-chimie\/wp-content\/uploads\/2025\/04\/photos-48x23.png 48w, https:\/\/www.univ-usto.dz\/faculte\/fac-chimie\/wp-content\/uploads\/2025\/04\/photos.png 997w\" sizes=\"(max-width: 155px) 100vw, 155px\" \/>Visite des \u00e9tudiants de <span style=\"color: #ff0000;\">master 2 G\u00e9nie des proc\u00e9d\u00e9s de l\u2019environnement<\/span> \u00e0 la station d\u2019<span style=\"color: #0000ff;\">\u00e9puration des eaux us\u00e9es urbaines d\u2019El Kerma<\/span>-Oran ce mercredi 27-11-2024<\/a><\/strong><\/h3><p>\u00a0<\/p>\t\t\t\t\t\t\t\t<\/div>\n\t\t\t\t<\/div>\n\t\t\t\t\t<\/div>\n\t\t<\/div>\n\t\t\t\t\t<\/div>\n\t\t<\/section>\n\t\t\t\t<\/div>\n\t\t","protected":false},"excerpt":{"rendered":"<p>\u00a0Visite des \u00e9tudiants master 1\u00a0 HSI groupe 2 \u00e0 TOSYALI 2025 Visite des M2 G Pharma au laboratoire MOBEN 2025 Visite Tosyali 2025 Visite p\u00e9dagogique au sein du complexe industriel <a href=\"https:\/\/www.univ-usto.dz\/faculte\/fac-chimie\/fr\/visites-des-etudiants-de-la-faculte-de-chimie\/\" class=\"read-more\">Lire la suite &#8230;<\/a><\/p>\n","protected":false},"author":14,"featured_media":0,"parent":0,"menu_order":0,"comment_status":"closed","ping_status":"closed","template":"","meta":{"footnotes":""},"class_list":["post-31944","page","type-page","status-publish","hentry"],"_links":{"self":[{"href":"https:\/\/www.univ-usto.dz\/faculte\/fac-chimie\/wp-json\/wp\/v2\/pages\/31944","targetHints":{"allow":["GET"]}}],"collection":[{"href":"https:\/\/www.univ-usto.dz\/faculte\/fac-chimie\/wp-json\/wp\/v2\/pages"}],"about":[{"href":"https:\/\/www.univ-usto.dz\/faculte\/fac-chimie\/wp-json\/wp\/v2\/types\/page"}],"author":[{"embeddable":true,"href":"https:\/\/www.univ-usto.dz\/faculte\/fac-chimie\/wp-json\/wp\/v2\/users\/14"}],"replies":[{"embeddable":true,"href":"https:\/\/www.univ-usto.dz\/faculte\/fac-chimie\/wp-json\/wp\/v2\/comments?post=31944"}],"version-history":[{"count":35,"href":"https:\/\/www.univ-usto.dz\/faculte\/fac-chimie\/wp-json\/wp\/v2\/pages\/31944\/revisions"}],"predecessor-version":[{"id":34817,"href":"https:\/\/www.univ-usto.dz\/faculte\/fac-chimie\/wp-json\/wp\/v2\/pages\/31944\/revisions\/34817"}],"wp:attachment":[{"href":"https:\/\/www.univ-usto.dz\/faculte\/fac-chimie\/wp-json\/wp\/v2\/media?parent=31944"}],"curies":[{"name":"wp","href":"https:\/\/api.w.org\/{rel}","templated":true}]}}