{"id":31994,"date":"2025-04-30T10:18:50","date_gmt":"2025-04-30T10:18:50","guid":{"rendered":"https:\/\/www.univ-usto.dz\/faculte\/fac-chimie\/?page_id=31994"},"modified":"2025-05-04T09:54:55","modified_gmt":"2025-05-04T09:54:55","slug":"journees-de-pfc-faculte-de-chimie","status":"publish","type":"page","link":"https:\/\/www.univ-usto.dz\/faculte\/fac-chimie\/fr\/journees-de-pfc-faculte-de-chimie\/","title":{"rendered":"Journ\u00e9es de PFC- Facult\u00e9 de Chimie-"},"content":{"rendered":"\t\t<div data-elementor-type=\"wp-page\" data-elementor-id=\"31994\" class=\"elementor elementor-31994\">\n\t\t\t\t\t\t<section class=\"elementor-section elementor-top-section elementor-element elementor-element-661f399 elementor-section-boxed elementor-section-height-default elementor-section-height-default\" data-id=\"661f399\" data-element_type=\"section\">\n\t\t\t\t\t\t<div class=\"elementor-container elementor-column-gap-default\">\n\t\t\t\t\t<div class=\"elementor-column elementor-col-100 elementor-top-column elementor-element elementor-element-875ebcf\" data-id=\"875ebcf\" data-element_type=\"column\">\n\t\t\t<div class=\"elementor-widget-wrap elementor-element-populated\">\n\t\t\t\t\t\t<div class=\"elementor-element elementor-element-d994756 elementor-widget-divider--view-line elementor-widget elementor-widget-divider\" data-id=\"d994756\" data-element_type=\"widget\" data-widget_type=\"divider.default\">\n\t\t\t\t<div class=\"elementor-widget-container\">\n\t\t\t\t\t\t\t<div class=\"elementor-divider\">\n\t\t\t<span class=\"elementor-divider-separator\">\n\t\t\t\t\t\t<\/span>\n\t\t<\/div>\n\t\t\t\t\t\t<\/div>\n\t\t\t\t<\/div>\n\t\t\t\t\t<\/div>\n\t\t<\/div>\n\t\t\t\t\t<\/div>\n\t\t<\/section>\n\t\t\t\t<section class=\"elementor-section elementor-top-section elementor-element elementor-element-4b6bfcf elementor-section-boxed elementor-section-height-default elementor-section-height-default\" data-id=\"4b6bfcf\" data-element_type=\"section\">\n\t\t\t\t\t\t<div class=\"elementor-container elementor-column-gap-default\">\n\t\t\t\t\t<div class=\"elementor-column elementor-col-100 elementor-top-column elementor-element elementor-element-9168282\" data-id=\"9168282\" data-element_type=\"column\">\n\t\t\t<div class=\"elementor-widget-wrap elementor-element-populated\">\n\t\t\t\t\t\t<div class=\"elementor-element elementor-element-f0d415a elementor-widget elementor-widget-text-editor\" data-id=\"f0d415a\" data-element_type=\"widget\" data-widget_type=\"text-editor.default\">\n\t\t\t\t<div class=\"elementor-widget-container\">\n\t\t\t\t\t\t\t\t\t<h3 style=\"text-align: center;\"><strong><a href=\"https:\/\/www.univ-usto.dz\/faculte\/fac-chimie\/fr\/journee-du-pfc-l3-hsi-2eme-edition-24-25\/\">Journ\u00e9e du PFC des<span style=\"color: #ff0000;\"> L3 HSI<\/span>\u00a0 2024-2025 <\/a><\/strong><strong><a href=\"https:\/\/www.univ-usto.dz\/faculte\/fac-chimie\/fr\/journee-du-pfc-l3-hsi-2eme-edition-24-25\/\">2\u00e8me \u00e9dition<\/a><\/strong><\/h3>\t\t\t\t\t\t\t\t<\/div>\n\t\t\t\t<\/div>\n\t\t\t\t\t<\/div>\n\t\t<\/div>\n\t\t\t\t\t<\/div>\n\t\t<\/section>\n\t\t\t\t<section class=\"elementor-section elementor-top-section elementor-element elementor-element-6d0f31d elementor-section-boxed elementor-section-height-default elementor-section-height-default\" data-id=\"6d0f31d\" data-element_type=\"section\">\n\t\t\t\t\t\t<div class=\"elementor-container elementor-column-gap-default\">\n\t\t\t\t\t<div class=\"elementor-column elementor-col-100 elementor-top-column elementor-element elementor-element-087cd47\" data-id=\"087cd47\" data-element_type=\"column\">\n\t\t\t<div class=\"elementor-widget-wrap elementor-element-populated\">\n\t\t\t\t\t\t<div class=\"elementor-element elementor-element-b1a2fb7 elementor-widget elementor-widget-text-editor\" data-id=\"b1a2fb7\" data-element_type=\"widget\" data-widget_type=\"text-editor.default\">\n\t\t\t\t<div class=\"elementor-widget-container\">\n\t\t\t\t\t\t\t\t\t<h3 style=\"text-align: center;\"><strong><a href=\"https:\/\/www.univ-usto.dz\/faculte\/fac-chimie\/fr\/journee-de-pfc-pour-les-l3-gp-2024-2025-2eme-edition\/\">Journ\u00e9e du PFC pour les <span style=\"color: #ff0000;\">L3 GP<\/span> 2024-2025 &#8211;<span style=\"color: #ff0000;\">2\u00e8me \u00e9dition<\/span><\/a><\/strong><\/h3>\t\t\t\t\t\t\t\t<\/div>\n\t\t\t\t<\/div>\n\t\t\t\t\t<\/div>\n\t\t<\/div>\n\t\t\t\t\t<\/div>\n\t\t<\/section>\n\t\t\t\t<section class=\"elementor-section elementor-top-section elementor-element elementor-element-bd10634 elementor-section-boxed elementor-section-height-default elementor-section-height-default\" data-id=\"bd10634\" data-element_type=\"section\">\n\t\t\t\t\t\t<div class=\"elementor-container elementor-column-gap-default\">\n\t\t\t\t\t<div class=\"elementor-column elementor-col-100 elementor-top-column elementor-element elementor-element-73fea66\" data-id=\"73fea66\" data-element_type=\"column\">\n\t\t\t<div class=\"elementor-widget-wrap elementor-element-populated\">\n\t\t\t\t\t\t<div class=\"elementor-element elementor-element-d07b1ad elementor-widget-divider--view-line elementor-widget elementor-widget-divider\" data-id=\"d07b1ad\" data-element_type=\"widget\" data-widget_type=\"divider.default\">\n\t\t\t\t<div class=\"elementor-widget-container\">\n\t\t\t\t\t\t\t<div class=\"elementor-divider\">\n\t\t\t<span class=\"elementor-divider-separator\">\n\t\t\t\t\t\t<\/span>\n\t\t<\/div>\n\t\t\t\t\t\t<\/div>\n\t\t\t\t<\/div>\n\t\t\t\t\t<\/div>\n\t\t<\/div>\n\t\t\t\t\t<\/div>\n\t\t<\/section>\n\t\t\t\t<section class=\"elementor-section elementor-top-section elementor-element elementor-element-4ac4814 elementor-section-boxed elementor-section-height-default elementor-section-height-default\" data-id=\"4ac4814\" data-element_type=\"section\">\n\t\t\t\t\t\t<div class=\"elementor-container elementor-column-gap-default\">\n\t\t\t\t\t<div class=\"elementor-column elementor-col-100 elementor-top-column elementor-element elementor-element-b46bf09\" data-id=\"b46bf09\" data-element_type=\"column\">\n\t\t\t<div class=\"elementor-widget-wrap elementor-element-populated\">\n\t\t\t\t\t\t<div class=\"elementor-element elementor-element-ae2eb88 elementor-widget elementor-widget-text-editor\" data-id=\"ae2eb88\" data-element_type=\"widget\" data-widget_type=\"text-editor.default\">\n\t\t\t\t<div class=\"elementor-widget-container\">\n\t\t\t\t\t\t\t\t\t<h3 style=\"text-align: center;\"><strong>J<a href=\"https:\/\/www.facebook.com\/share\/v\/1GrGkAmNyd\/\">ourn\u00e9e du PFC <span style=\"color: #ff0000;\">L3 HSI<\/span>&#8211; 2023-2024- <\/a><span style=\"color: #ff0000;\"><a style=\"color: #ff0000;\" href=\"https:\/\/www.facebook.com\/share\/v\/1GrGkAmNyd\/\">1ere \u00e9dition<\/a><\/span><\/strong><\/h3>\t\t\t\t\t\t\t\t<\/div>\n\t\t\t\t<\/div>\n\t\t\t\t\t<\/div>\n\t\t<\/div>\n\t\t\t\t\t<\/div>\n\t\t<\/section>\n\t\t\t\t<section class=\"elementor-section elementor-top-section elementor-element elementor-element-b4f4c9d elementor-section-boxed elementor-section-height-default elementor-section-height-default\" data-id=\"b4f4c9d\" data-element_type=\"section\">\n\t\t\t\t\t\t<div class=\"elementor-container elementor-column-gap-default\">\n\t\t\t\t\t<div class=\"elementor-column elementor-col-100 elementor-top-column elementor-element elementor-element-6362b5b\" data-id=\"6362b5b\" data-element_type=\"column\">\n\t\t\t<div class=\"elementor-widget-wrap elementor-element-populated\">\n\t\t\t\t\t\t<div class=\"elementor-element elementor-element-3c01b89 elementor-widget elementor-widget-text-editor\" data-id=\"3c01b89\" data-element_type=\"widget\" data-widget_type=\"text-editor.default\">\n\t\t\t\t<div class=\"elementor-widget-container\">\n\t\t\t\t\t\t\t\t\t<h3 style=\"text-align: center;\"><a href=\"https:\/\/www.facebook.com\/share\/v\/1C9KBhtPW3\/\"><strong>Journ\u00e9e du PFC- <span style=\"color: #ff0000;\">L3 Raffinage et P\u00e9trochimie<\/span>&#8211; 2023\/2024 &#8211; <span style=\"color: #ff0000;\">1\u00e8re \u00e9dition<\/span>&#8211;<\/strong><\/a><\/h3>\t\t\t\t\t\t\t\t<\/div>\n\t\t\t\t<\/div>\n\t\t\t\t\t<\/div>\n\t\t<\/div>\n\t\t\t\t\t<\/div>\n\t\t<\/section>\n\t\t\t\t<section class=\"elementor-section elementor-top-section elementor-element elementor-element-f828ca2 elementor-section-boxed elementor-section-height-default elementor-section-height-default\" data-id=\"f828ca2\" data-element_type=\"section\">\n\t\t\t\t\t\t<div class=\"elementor-container elementor-column-gap-default\">\n\t\t\t\t\t<div class=\"elementor-column elementor-col-100 elementor-top-column elementor-element elementor-element-e9d8441\" data-id=\"e9d8441\" data-element_type=\"column\">\n\t\t\t<div class=\"elementor-widget-wrap elementor-element-populated\">\n\t\t\t\t\t\t<div class=\"elementor-element elementor-element-378ba4d elementor-widget elementor-widget-text-editor\" data-id=\"378ba4d\" data-element_type=\"widget\" data-widget_type=\"text-editor.default\">\n\t\t\t\t<div class=\"elementor-widget-container\">\n\t\t\t\t\t\t\t\t\t<h3 style=\"text-align: center;\"><strong><a href=\"https:\/\/www.facebook.com\/share\/v\/16FcJfqwqE\/\">Journ\u00e9e du PFC pour les <span style=\"color: #ff0000;\">L3 GP<\/span> -2023-2024- <span style=\"color: #ff0000;\">1\u00e8re \u00e9dition<\/span>&#8211;<\/a><\/strong><\/h3>\t\t\t\t\t\t\t\t<\/div>\n\t\t\t\t<\/div>\n\t\t\t\t\t<\/div>\n\t\t<\/div>\n\t\t\t\t\t<\/div>\n\t\t<\/section>\n\t\t\t\t<\/div>\n\t\t","protected":false},"excerpt":{"rendered":"<p>Journ\u00e9e du PFC des L3 HSI\u00a0 2024-2025 2\u00e8me \u00e9dition Journ\u00e9e du PFC pour les L3 GP 2024-2025 -2\u00e8me \u00e9dition Journ\u00e9e du PFC L3 HSI- 2023-2024- 1ere \u00e9dition Journ\u00e9e du PFC- <a href=\"https:\/\/www.univ-usto.dz\/faculte\/fac-chimie\/fr\/journees-de-pfc-faculte-de-chimie\/\" class=\"read-more\">Lire la suite &#8230;<\/a><\/p>\n","protected":false},"author":14,"featured_media":0,"parent":0,"menu_order":0,"comment_status":"closed","ping_status":"closed","template":"","meta":{"footnotes":""},"class_list":["post-31994","page","type-page","status-publish","hentry"],"_links":{"self":[{"href":"https:\/\/www.univ-usto.dz\/faculte\/fac-chimie\/wp-json\/wp\/v2\/pages\/31994","targetHints":{"allow":["GET"]}}],"collection":[{"href":"https:\/\/www.univ-usto.dz\/faculte\/fac-chimie\/wp-json\/wp\/v2\/pages"}],"about":[{"href":"https:\/\/www.univ-usto.dz\/faculte\/fac-chimie\/wp-json\/wp\/v2\/types\/page"}],"author":[{"embeddable":true,"href":"https:\/\/www.univ-usto.dz\/faculte\/fac-chimie\/wp-json\/wp\/v2\/users\/14"}],"replies":[{"embeddable":true,"href":"https:\/\/www.univ-usto.dz\/faculte\/fac-chimie\/wp-json\/wp\/v2\/comments?post=31994"}],"version-history":[{"count":28,"href":"https:\/\/www.univ-usto.dz\/faculte\/fac-chimie\/wp-json\/wp\/v2\/pages\/31994\/revisions"}],"predecessor-version":[{"id":32212,"href":"https:\/\/www.univ-usto.dz\/faculte\/fac-chimie\/wp-json\/wp\/v2\/pages\/31994\/revisions\/32212"}],"wp:attachment":[{"href":"https:\/\/www.univ-usto.dz\/faculte\/fac-chimie\/wp-json\/wp\/v2\/media?parent=31994"}],"curies":[{"name":"wp","href":"https:\/\/api.w.org\/{rel}","templated":true}]}}