{"id":32930,"date":"2025-08-06T21:18:19","date_gmt":"2025-08-06T21:18:19","guid":{"rendered":"https:\/\/www.univ-usto.dz\/faculte\/fac-chimie\/?page_id=32930"},"modified":"2025-08-06T21:29:12","modified_gmt":"2025-08-06T21:29:12","slug":"listes-des-10-premiers-24-25","status":"publish","type":"page","link":"https:\/\/www.univ-usto.dz\/faculte\/fac-chimie\/fr\/listes-des-10-premiers-24-25\/","title":{"rendered":"Listes des 10 premiers 24-25"},"content":{"rendered":"\t\t<div data-elementor-type=\"wp-page\" data-elementor-id=\"32930\" class=\"elementor elementor-32930\">\n\t\t\t\t\t\t<section class=\"elementor-section elementor-top-section elementor-element elementor-element-420cc29 elementor-section-boxed elementor-section-height-default elementor-section-height-default\" data-id=\"420cc29\" data-element_type=\"section\">\n\t\t\t\t\t\t<div class=\"elementor-container elementor-column-gap-default\">\n\t\t\t\t\t<div class=\"elementor-column elementor-col-100 elementor-top-column elementor-element elementor-element-aa0616c\" data-id=\"aa0616c\" data-element_type=\"column\">\n\t\t\t<div class=\"elementor-widget-wrap elementor-element-populated\">\n\t\t\t\t\t\t<div class=\"elementor-element elementor-element-64710d9 elementor-widget elementor-widget-text-editor\" data-id=\"64710d9\" data-element_type=\"widget\" data-widget_type=\"text-editor.default\">\n\t\t\t\t<div class=\"elementor-widget-container\">\n\t\t\t\t\t\t\t\t\t<h3 style=\"text-align: center;\"><strong>Les \u00e9tudiants suivants doivent envoyer leur @<span style=\"color: #ff0000;\"> mails<\/span> et <span style=\"color: #ff0000;\">num\u00e9ros de t\u00e9l\u00e9phone<\/span> au vice Doyen M. BOUHENT mail:\u00a0<a href=\"mailto:mustapha.bouhent@univ-usto.dz\" target=\"_blank\" rel=\"noopener\">mustapha.bouhent@univ-usto.dz<\/a><\/strong><\/h3><h1 dir=\"ltr\" style=\"text-align: center;\"><span style=\"color: #ff0000;\"><strong>avant demain le Jeudi 07\/08\/2025 \u00e0 12h.00<\/strong><\/span><\/h1>\t\t\t\t\t\t\t\t<\/div>\n\t\t\t\t<\/div>\n\t\t\t\t\t<\/div>\n\t\t<\/div>\n\t\t\t\t\t<\/div>\n\t\t<\/section>\n\t\t\t\t<section class=\"elementor-section elementor-top-section elementor-element elementor-element-ab11360 elementor-section-boxed elementor-section-height-default elementor-section-height-default\" data-id=\"ab11360\" data-element_type=\"section\">\n\t\t\t\t\t\t<div class=\"elementor-container elementor-column-gap-default\">\n\t\t\t\t\t<div class=\"elementor-column elementor-col-100 elementor-top-column elementor-element elementor-element-1192531\" data-id=\"1192531\" data-element_type=\"column\">\n\t\t\t<div class=\"elementor-widget-wrap elementor-element-populated\">\n\t\t\t\t\t\t<div class=\"elementor-element elementor-element-1e521d4 elementor-widget elementor-widget-heading\" data-id=\"1e521d4\" data-element_type=\"widget\" data-widget_type=\"heading.default\">\n\t\t\t\t<div class=\"elementor-widget-container\">\n\t\t\t\t\t<h1 class=\"elementor-heading-title elementor-size-default\">HSI<\/h1>\t\t\t\t<\/div>\n\t\t\t\t<\/div>\n\t\t\t\t\t<\/div>\n\t\t<\/div>\n\t\t\t\t\t<\/div>\n\t\t<\/section>\n\t\t\t\t<section class=\"elementor-section elementor-top-section elementor-element elementor-element-cf2f0f8 elementor-section-boxed elementor-section-height-default elementor-section-height-default\" data-id=\"cf2f0f8\" data-element_type=\"section\">\n\t\t\t\t\t\t<div class=\"elementor-container elementor-column-gap-default\">\n\t\t\t\t\t<div class=\"elementor-column elementor-col-100 elementor-top-column elementor-element elementor-element-5818ec5\" data-id=\"5818ec5\" data-element_type=\"column\">\n\t\t\t<div class=\"elementor-widget-wrap elementor-element-populated\">\n\t\t\t\t\t\t<div class=\"elementor-element elementor-element-a501c93 elementor-widget elementor-widget-text-editor\" data-id=\"a501c93\" data-element_type=\"widget\" data-widget_type=\"text-editor.default\">\n\t\t\t\t<div class=\"elementor-widget-container\">\n\t\t\t\t\t\t\t\t\t<table width=\"271\"><tbody><tr><td width=\"129\"><h3><strong>BENAHMED<\/strong><\/h3><\/td><td width=\"142\"><h3><strong>Mohammed-amine<\/strong><\/h3><\/td><\/tr><tr><td><h3><strong>SABEUR<\/strong><\/h3><\/td><td><h3><strong>Randa<\/strong><\/h3><\/td><\/tr><tr><td><h3><strong>HAMIDA<\/strong><\/h3><\/td><td><h3><strong>AYMENE<\/strong><\/h3><\/td><\/tr><tr><td><h3><strong>BELMEKKI<\/strong><\/h3><\/td><td><h3><strong>Hamza<\/strong><\/h3><\/td><\/tr><tr><td><h3><strong>LAKHDARI<\/strong><\/h3><\/td><td><h3><strong>Souhila<\/strong><\/h3><\/td><\/tr><tr><td><h3><strong>HADEID<\/strong><\/h3><\/td><td><h3><strong>Aymene<\/strong><\/h3><\/td><\/tr><tr><td><h3><strong>LABTAR<\/strong><\/h3><\/td><td><h3><strong>Zohra<\/strong><\/h3><\/td><\/tr><tr><td><h3><strong>BENATIA<\/strong><\/h3><\/td><td><h3><strong>Abdallah<\/strong><\/h3><\/td><\/tr><tr><td><h3><strong>SEBBAHI\u00a0<\/strong><\/h3><\/td><td><h3><strong>Meriem<\/strong><\/h3><\/td><\/tr><tr><td><h3><strong>BENMAROUF<\/strong><\/h3><\/td><td><h3><strong>Wail abderrahmane<\/strong><\/h3><\/td><\/tr><\/tbody><\/table>\t\t\t\t\t\t\t\t<\/div>\n\t\t\t\t<\/div>\n\t\t\t\t\t<\/div>\n\t\t<\/div>\n\t\t\t\t\t<\/div>\n\t\t<\/section>\n\t\t\t\t<section class=\"elementor-section elementor-top-section elementor-element elementor-element-9546374 elementor-section-boxed elementor-section-height-default elementor-section-height-default\" data-id=\"9546374\" data-element_type=\"section\">\n\t\t\t\t\t\t<div class=\"elementor-container elementor-column-gap-default\">\n\t\t\t\t\t<div class=\"elementor-column elementor-col-100 elementor-top-column elementor-element elementor-element-8866860\" data-id=\"8866860\" data-element_type=\"column\">\n\t\t\t<div class=\"elementor-widget-wrap elementor-element-populated\">\n\t\t\t\t\t\t<div class=\"elementor-element elementor-element-5ee81d1 elementor-widget elementor-widget-heading\" data-id=\"5ee81d1\" data-element_type=\"widget\" data-widget_type=\"heading.default\">\n\t\t\t\t<div class=\"elementor-widget-container\">\n\t\t\t\t\t<h1 class=\"elementor-heading-title elementor-size-default\">GPM<\/h1>\t\t\t\t<\/div>\n\t\t\t\t<\/div>\n\t\t\t\t\t<\/div>\n\t\t<\/div>\n\t\t\t\t\t<\/div>\n\t\t<\/section>\n\t\t\t\t<section class=\"elementor-section elementor-top-section elementor-element elementor-element-016ce4e elementor-section-boxed elementor-section-height-default elementor-section-height-default\" data-id=\"016ce4e\" data-element_type=\"section\">\n\t\t\t\t\t\t<div class=\"elementor-container elementor-column-gap-default\">\n\t\t\t\t\t<div class=\"elementor-column elementor-col-100 elementor-top-column elementor-element elementor-element-2d25ebf\" data-id=\"2d25ebf\" data-element_type=\"column\">\n\t\t\t<div class=\"elementor-widget-wrap elementor-element-populated\">\n\t\t\t\t\t\t<div class=\"elementor-element elementor-element-325dbd0 elementor-widget elementor-widget-text-editor\" data-id=\"325dbd0\" data-element_type=\"widget\" data-widget_type=\"text-editor.default\">\n\t\t\t\t<div class=\"elementor-widget-container\">\n\t\t\t\t\t\t\t\t\t<table width=\"271\"><tbody><tr><td width=\"129\"><h3><strong>BENABIT<\/strong><\/h3><\/td><td width=\"142\"><h3><strong>ASMAA<\/strong><\/h3><\/td><\/tr><tr><td><h3><strong>KADI<\/strong><\/h3><\/td><td><h3><strong>Narim\u00e8ne<\/strong><\/h3><\/td><\/tr><tr><td><h3><strong>GUENOUNE<\/strong><\/h3><\/td><td><h3><strong>SELINA<\/strong><\/h3><\/td><\/tr><tr><td><h3><strong>BOUTRICK<\/strong><\/h3><\/td><td><h3><strong>Fatima zohra ikram\u00a0<\/strong><\/h3><\/td><\/tr><tr><td><h3><strong>TOUATI<\/strong><\/h3><\/td><td><h3><strong>WISSAM<\/strong><\/h3><\/td><\/tr><tr><td><h3><strong>HADJ-AHMED<\/strong><\/h3><\/td><td><h3><strong>Noudjoud-narim\u00e9ne<\/strong><\/h3><\/td><\/tr><tr><td><h3><strong>OULD AMARA<\/strong><\/h3><\/td><td><h3><strong>SALIHA<\/strong><\/h3><\/td><\/tr><tr><td><h3><strong>MEKERBA<\/strong><\/h3><\/td><td><h3><strong>MEROUANE<\/strong><\/h3><\/td><\/tr><tr><td><h3><strong>BENAISSA<\/strong><\/h3><\/td><td><h3><strong>KHADIDJA<\/strong><\/h3><\/td><\/tr><tr><td><h3><strong>BENKHELIFA<\/strong><\/h3><\/td><td><h3><strong>HOUARIA<\/strong><\/h3><\/td><\/tr><\/tbody><\/table>\t\t\t\t\t\t\t\t<\/div>\n\t\t\t\t<\/div>\n\t\t\t\t\t<\/div>\n\t\t<\/div>\n\t\t\t\t\t<\/div>\n\t\t<\/section>\n\t\t\t\t<section class=\"elementor-section elementor-top-section elementor-element elementor-element-17bff7d elementor-section-boxed elementor-section-height-default elementor-section-height-default\" data-id=\"17bff7d\" data-element_type=\"section\">\n\t\t\t\t\t\t<div class=\"elementor-container elementor-column-gap-default\">\n\t\t\t\t\t<div class=\"elementor-column elementor-col-100 elementor-top-column elementor-element elementor-element-df9c0cc\" data-id=\"df9c0cc\" data-element_type=\"column\">\n\t\t\t<div class=\"elementor-widget-wrap elementor-element-populated\">\n\t\t\t\t\t\t<div class=\"elementor-element elementor-element-3ef27ea elementor-widget elementor-widget-heading\" data-id=\"3ef27ea\" data-element_type=\"widget\" data-widget_type=\"heading.default\">\n\t\t\t\t<div class=\"elementor-widget-container\">\n\t\t\t\t\t<h1 class=\"elementor-heading-title elementor-size-default\">GPE<\/h1>\t\t\t\t<\/div>\n\t\t\t\t<\/div>\n\t\t\t\t\t<\/div>\n\t\t<\/div>\n\t\t\t\t\t<\/div>\n\t\t<\/section>\n\t\t\t\t<section class=\"elementor-section elementor-top-section elementor-element elementor-element-aae2221 elementor-section-boxed elementor-section-height-default elementor-section-height-default\" data-id=\"aae2221\" data-element_type=\"section\">\n\t\t\t\t\t\t<div class=\"elementor-container elementor-column-gap-default\">\n\t\t\t\t\t<div class=\"elementor-column elementor-col-100 elementor-top-column elementor-element elementor-element-63b9f18\" data-id=\"63b9f18\" data-element_type=\"column\">\n\t\t\t<div class=\"elementor-widget-wrap elementor-element-populated\">\n\t\t\t\t\t\t<div class=\"elementor-element elementor-element-ab91c73 elementor-widget elementor-widget-text-editor\" data-id=\"ab91c73\" data-element_type=\"widget\" data-widget_type=\"text-editor.default\">\n\t\t\t\t<div class=\"elementor-widget-container\">\n\t\t\t\t\t\t\t\t\t<h3>\u00a0<\/h3><table width=\"271\"><tbody><tr><td width=\"129\"><h3><strong>BOUBERKA\u00a0<\/strong><\/h3><\/td><td width=\"142\"><h3><strong>ZOHRA<\/strong><\/h3><\/td><\/tr><tr><td><h3><strong>GAID<\/strong><\/h3><\/td><td><h3><strong>MERIEM<\/strong><\/h3><\/td><\/tr><tr><td><h3><strong>BENLAHMER<\/strong><\/h3><\/td><td><h3><strong>ASMA<\/strong><\/h3><\/td><\/tr><tr><td><h3><strong>CHERGUI<\/strong><\/h3><\/td><td><h3><strong>Maroua<\/strong><\/h3><\/td><\/tr><tr><td><h3><strong>REGUIEG YSSAAD<\/strong><\/h3><\/td><td><h3><strong>RANIA<\/strong><\/h3><\/td><\/tr><tr><td><h3><strong>TALI<\/strong><\/h3><\/td><td><h3><strong>AICHA<\/strong><\/h3><\/td><\/tr><tr><td><h3><strong>BENDJELLOUL<\/strong><\/h3><\/td><td><h3><strong>YAMINA<\/strong><\/h3><\/td><\/tr><tr><td><h3><strong>HANITER<\/strong><\/h3><\/td><td><h3><strong>YAMNA<\/strong><\/h3><\/td><\/tr><tr><td><h3><strong>HAMIDANE<\/strong><\/h3><\/td><td><h3><strong>TINHINENE<\/strong><\/h3><\/td><\/tr><tr><td><h3><strong>BEN KAHLA<\/strong><\/h3><\/td><td><h3><strong>Imene<\/strong><\/h3><\/td><\/tr><\/tbody><\/table>\t\t\t\t\t\t\t\t<\/div>\n\t\t\t\t<\/div>\n\t\t\t\t\t<\/div>\n\t\t<\/div>\n\t\t\t\t\t<\/div>\n\t\t<\/section>\n\t\t\t\t<\/div>\n\t\t","protected":false},"excerpt":{"rendered":"<p>Les \u00e9tudiants suivants doivent envoyer leur @ mails et num\u00e9ros de t\u00e9l\u00e9phone au vice Doyen M. BOUHENT mail:\u00a0mustapha.bouhent@univ-usto.dz avant demain le Jeudi 07\/08\/2025 \u00e0 12h.00 HSI BENAHMED Mohammed-amine SABEUR Randa <a href=\"https:\/\/www.univ-usto.dz\/faculte\/fac-chimie\/fr\/listes-des-10-premiers-24-25\/\" class=\"read-more\">Lire la suite &#8230;<\/a><\/p>\n","protected":false},"author":14,"featured_media":0,"parent":0,"menu_order":0,"comment_status":"closed","ping_status":"closed","template":"","meta":{"footnotes":""},"class_list":["post-32930","page","type-page","status-publish","hentry"],"_links":{"self":[{"href":"https:\/\/www.univ-usto.dz\/faculte\/fac-chimie\/wp-json\/wp\/v2\/pages\/32930","targetHints":{"allow":["GET"]}}],"collection":[{"href":"https:\/\/www.univ-usto.dz\/faculte\/fac-chimie\/wp-json\/wp\/v2\/pages"}],"about":[{"href":"https:\/\/www.univ-usto.dz\/faculte\/fac-chimie\/wp-json\/wp\/v2\/types\/page"}],"author":[{"embeddable":true,"href":"https:\/\/www.univ-usto.dz\/faculte\/fac-chimie\/wp-json\/wp\/v2\/users\/14"}],"replies":[{"embeddable":true,"href":"https:\/\/www.univ-usto.dz\/faculte\/fac-chimie\/wp-json\/wp\/v2\/comments?post=32930"}],"version-history":[{"count":7,"href":"https:\/\/www.univ-usto.dz\/faculte\/fac-chimie\/wp-json\/wp\/v2\/pages\/32930\/revisions"}],"predecessor-version":[{"id":32937,"href":"https:\/\/www.univ-usto.dz\/faculte\/fac-chimie\/wp-json\/wp\/v2\/pages\/32930\/revisions\/32937"}],"wp:attachment":[{"href":"https:\/\/www.univ-usto.dz\/faculte\/fac-chimie\/wp-json\/wp\/v2\/media?parent=32930"}],"curies":[{"name":"wp","href":"https:\/\/api.w.org\/{rel}","templated":true}]}}