{"id":33172,"date":"2025-09-17T10:25:51","date_gmt":"2025-09-17T10:25:51","guid":{"rendered":"https:\/\/www.univ-usto.dz\/faculte\/fac-chimie\/?page_id=33172"},"modified":"2025-09-17T10:29:19","modified_gmt":"2025-09-17T10:29:19","slug":"canevas-de-formation-20205-2026","status":"publish","type":"page","link":"https:\/\/www.univ-usto.dz\/faculte\/fac-chimie\/fr\/canevas-de-formation-20205-2026\/","title":{"rendered":"Canevas de formation 20205-2026"},"content":{"rendered":"\t\t<div data-elementor-type=\"wp-page\" data-elementor-id=\"33172\" class=\"elementor elementor-33172\">\n\t\t\t\t\t\t<section class=\"elementor-section elementor-top-section elementor-element elementor-element-8723fcc elementor-section-boxed elementor-section-height-default elementor-section-height-default\" data-id=\"8723fcc\" data-element_type=\"section\">\n\t\t\t\t\t\t<div class=\"elementor-container elementor-column-gap-default\">\n\t\t\t\t\t<div class=\"elementor-column elementor-col-100 elementor-top-column elementor-element elementor-element-03f690f\" data-id=\"03f690f\" data-element_type=\"column\">\n\t\t\t<div class=\"elementor-widget-wrap elementor-element-populated\">\n\t\t\t\t\t\t<div class=\"elementor-element elementor-element-f12855d elementor-widget-divider--view-line elementor-widget elementor-widget-divider\" data-id=\"f12855d\" data-element_type=\"widget\" data-widget_type=\"divider.default\">\n\t\t\t\t<div class=\"elementor-widget-container\">\n\t\t\t\t\t\t\t<div class=\"elementor-divider\">\n\t\t\t<span class=\"elementor-divider-separator\">\n\t\t\t\t\t\t<\/span>\n\t\t<\/div>\n\t\t\t\t\t\t<\/div>\n\t\t\t\t<\/div>\n\t\t\t\t\t<\/div>\n\t\t<\/div>\n\t\t\t\t\t<\/div>\n\t\t<\/section>\n\t\t\t\t<section class=\"elementor-section elementor-top-section elementor-element elementor-element-3b6d75d elementor-section-boxed elementor-section-height-default elementor-section-height-default\" data-id=\"3b6d75d\" data-element_type=\"section\">\n\t\t\t\t\t\t<div class=\"elementor-container elementor-column-gap-default\">\n\t\t\t\t\t<div class=\"elementor-column elementor-col-100 elementor-top-column elementor-element elementor-element-f26a5dd\" data-id=\"f26a5dd\" data-element_type=\"column\">\n\t\t\t<div class=\"elementor-widget-wrap elementor-element-populated\">\n\t\t\t\t\t\t<div class=\"elementor-element elementor-element-dc0c5f8 elementor-widget elementor-widget-text-editor\" data-id=\"dc0c5f8\" data-element_type=\"widget\" data-widget_type=\"text-editor.default\">\n\t\t\t\t<div class=\"elementor-widget-container\">\n\t\t\t\t\t\t\t\t\t<h3><strong><a href=\"https:\/\/www.univ-usto.dz\/faculte\/fac-chimie\/fr\/canevas-chimie-physique\/\">Canevas de formation &#8211; D\u00e9partement<span style=\"color: #0000ff;\">\u00a0 de Chimie Physique<\/span><\/a><\/strong><\/h3><h3><strong><a href=\"https:\/\/www.univ-usto.dz\/faculte\/fac-chimie\/fr\/canevas-de-departement-genie-des-materiaux\/\">Canevas de formation &#8211; D\u00e9partement de <span style=\"color: #0000ff;\">G\u00e9nie des Mat\u00e9riaux<\/span>&#8211;<\/a><\/strong><\/h3><h3><strong><a href=\"https:\/\/www.univ-usto.dz\/faculte\/fac-chimie\/fr\/canevas-genie-chimique\/\">Canevas de formation &#8211; D\u00e9partement de <span style=\"color: #0000ff;\">G\u00e9nie chimique<\/span>&#8211;<\/a><\/strong><\/h3>\t\t\t\t\t\t\t\t<\/div>\n\t\t\t\t<\/div>\n\t\t\t\t\t<\/div>\n\t\t<\/div>\n\t\t\t\t\t<\/div>\n\t\t<\/section>\n\t\t\t\t<\/div>\n\t\t","protected":false},"excerpt":{"rendered":"<p>Canevas de formation &#8211; D\u00e9partement\u00a0 de Chimie Physique Canevas de formation &#8211; D\u00e9partement de G\u00e9nie des Mat\u00e9riaux- Canevas de formation &#8211; D\u00e9partement de G\u00e9nie chimique-<\/p>\n","protected":false},"author":14,"featured_media":0,"parent":0,"menu_order":0,"comment_status":"closed","ping_status":"closed","template":"","meta":{"footnotes":""},"class_list":["post-33172","page","type-page","status-publish","hentry"],"_links":{"self":[{"href":"https:\/\/www.univ-usto.dz\/faculte\/fac-chimie\/wp-json\/wp\/v2\/pages\/33172","targetHints":{"allow":["GET"]}}],"collection":[{"href":"https:\/\/www.univ-usto.dz\/faculte\/fac-chimie\/wp-json\/wp\/v2\/pages"}],"about":[{"href":"https:\/\/www.univ-usto.dz\/faculte\/fac-chimie\/wp-json\/wp\/v2\/types\/page"}],"author":[{"embeddable":true,"href":"https:\/\/www.univ-usto.dz\/faculte\/fac-chimie\/wp-json\/wp\/v2\/users\/14"}],"replies":[{"embeddable":true,"href":"https:\/\/www.univ-usto.dz\/faculte\/fac-chimie\/wp-json\/wp\/v2\/comments?post=33172"}],"version-history":[{"count":10,"href":"https:\/\/www.univ-usto.dz\/faculte\/fac-chimie\/wp-json\/wp\/v2\/pages\/33172\/revisions"}],"predecessor-version":[{"id":33182,"href":"https:\/\/www.univ-usto.dz\/faculte\/fac-chimie\/wp-json\/wp\/v2\/pages\/33172\/revisions\/33182"}],"wp:attachment":[{"href":"https:\/\/www.univ-usto.dz\/faculte\/fac-chimie\/wp-json\/wp\/v2\/media?parent=33172"}],"curies":[{"name":"wp","href":"https:\/\/api.w.org\/{rel}","templated":true}]}}