{"id":33262,"date":"2025-09-21T17:35:18","date_gmt":"2025-09-21T17:35:18","guid":{"rendered":"https:\/\/www.univ-usto.dz\/faculte\/fac-chimie\/?page_id=33262"},"modified":"2025-10-15T09:12:38","modified_gmt":"2025-10-15T09:12:38","slug":"emplois-du-temps-de-departement-genie-des-materiaux-2025-2026","status":"publish","type":"page","link":"https:\/\/www.univ-usto.dz\/faculte\/fac-chimie\/fr\/emplois-du-temps-de-departement-genie-des-materiaux-2025-2026\/","title":{"rendered":"Emplois du temps de d\u00e9partement G\u00e9nie des mat\u00e9riaux 2025-2026"},"content":{"rendered":"\t\t<div data-elementor-type=\"wp-page\" data-elementor-id=\"33262\" class=\"elementor elementor-33262\">\n\t\t\t\t\t\t<section class=\"elementor-section elementor-top-section elementor-element elementor-element-d2ca036 elementor-section-boxed elementor-section-height-default elementor-section-height-default\" data-id=\"d2ca036\" data-element_type=\"section\">\n\t\t\t\t\t\t<div class=\"elementor-container elementor-column-gap-default\">\n\t\t\t\t\t<div class=\"elementor-column elementor-col-100 elementor-top-column elementor-element elementor-element-594064c\" data-id=\"594064c\" data-element_type=\"column\">\n\t\t\t<div class=\"elementor-widget-wrap elementor-element-populated\">\n\t\t\t\t\t\t<div class=\"elementor-element elementor-element-84ed08b elementor-widget-divider--view-line elementor-widget elementor-widget-divider\" data-id=\"84ed08b\" data-element_type=\"widget\" data-widget_type=\"divider.default\">\n\t\t\t\t<div class=\"elementor-widget-container\">\n\t\t\t\t\t\t\t<div class=\"elementor-divider\">\n\t\t\t<span class=\"elementor-divider-separator\">\n\t\t\t\t\t\t<\/span>\n\t\t<\/div>\n\t\t\t\t\t\t<\/div>\n\t\t\t\t<\/div>\n\t\t\t\t\t<\/div>\n\t\t<\/div>\n\t\t\t\t\t<\/div>\n\t\t<\/section>\n\t\t\t\t<section class=\"elementor-section elementor-top-section elementor-element elementor-element-9e05f47 elementor-section-boxed elementor-section-height-default elementor-section-height-default\" data-id=\"9e05f47\" data-element_type=\"section\">\n\t\t\t\t\t\t<div class=\"elementor-container elementor-column-gap-default\">\n\t\t\t\t\t<div class=\"elementor-column elementor-col-100 elementor-top-column elementor-element elementor-element-0147397\" data-id=\"0147397\" data-element_type=\"column\">\n\t\t\t<div class=\"elementor-widget-wrap elementor-element-populated\">\n\t\t\t\t\t\t<div class=\"elementor-element elementor-element-954c119 elementor-widget elementor-widget-text-editor\" data-id=\"954c119\" data-element_type=\"widget\" data-widget_type=\"text-editor.default\">\n\t\t\t\t<div class=\"elementor-widget-container\">\n\t\t\t\t\t\t\t\t\t<h3><span style=\"text-decoration: underline; color: #0000ff;\"><strong>Licence<\/strong><\/span><\/h3><h3><strong><a href=\"https:\/\/www.univ-usto.dz\/faculte\/fac-chimie\/wp-content\/uploads\/2025\/10\/Emploi-du-temps-L2-2025-2.pdf\">Emploi du temps <span style=\"color: #ff0000;\">L2 GP\u00a0<\/span> <span style=\"color: #0000ff;\">15\/10\/2025<\/span><\/a><\/strong><\/h3><h3><strong><a href=\"https:\/\/www.univ-usto.dz\/faculte\/fac-chimie\/wp-content\/uploads\/2025\/10\/Emploi-du-Temps-L3-GP-1.pdf\">Emploi du temps<span style=\"color: #ff00ff;\"> L3 GP<\/span>&#8211;<span style=\"color: #0000ff;\">09\/10\/2025<\/span><\/a><\/strong><\/h3>\t\t\t\t\t\t\t\t<\/div>\n\t\t\t\t<\/div>\n\t\t\t\t\t<\/div>\n\t\t<\/div>\n\t\t\t\t\t<\/div>\n\t\t<\/section>\n\t\t\t\t<section class=\"elementor-section elementor-top-section elementor-element elementor-element-5241017 elementor-section-boxed elementor-section-height-default elementor-section-height-default\" data-id=\"5241017\" data-element_type=\"section\">\n\t\t\t\t\t\t<div class=\"elementor-container elementor-column-gap-default\">\n\t\t\t\t\t<div class=\"elementor-column elementor-col-100 elementor-top-column elementor-element elementor-element-c73ff87\" data-id=\"c73ff87\" data-element_type=\"column\">\n\t\t\t<div class=\"elementor-widget-wrap elementor-element-populated\">\n\t\t\t\t\t\t<div class=\"elementor-element elementor-element-0ca8289 elementor-widget elementor-widget-text-editor\" data-id=\"0ca8289\" data-element_type=\"widget\" data-widget_type=\"text-editor.default\">\n\t\t\t\t<div class=\"elementor-widget-container\">\n\t\t\t\t\t\t\t\t\t<h3><strong><span style=\"text-decoration: underline;\"><span style=\"color: #0000ff;\">Master<\/span><\/span><\/strong><\/h3><h3><strong><a href=\"https:\/\/www.univ-usto.dz\/faculte\/fac-chimie\/wp-content\/uploads\/2025\/10\/Emploi-du-Temps-M2-GPM-2025-2026-2.pdf\">Emploi du Temps <span style=\"color: #ff0000;\">M2-GPM <\/span><\/a><span style=\"color: #0000ff;\"><a style=\"color: #0000ff;\" href=\"https:\/\/www.univ-usto.dz\/faculte\/fac-chimie\/wp-content\/uploads\/2025\/10\/Emploi-du-Temps-L3-GP-1.pdf\">09\/10\/2025<\/a><\/span><\/strong><\/h3><h3><strong><a href=\"https:\/\/www.univ-usto.dz\/faculte\/fac-chimie\/wp-content\/uploads\/2025\/09\/Emploi-du-Temps-M2-GP2025-2026.pdf\">Emploi du Temps <span style=\"color: #993366;\">M2-GP <\/span>2025-2026<\/a> <\/strong><\/h3><h3><strong><a href=\"https:\/\/www.univ-usto.dz\/faculte\/fac-chimie\/wp-content\/uploads\/2025\/10\/Emploi-du-temps-M1-GP-2025-20261-1.pdf\">Emploi du temps <span style=\"color: #ff00ff;\">M1 GP<\/span> <\/a><a href=\"https:\/\/www.univ-usto.dz\/faculte\/fac-chimie\/wp-content\/uploads\/2025\/10\/Emploi-du-Temps-L3-GP-1.pdf\"><span style=\"color: #0000ff;\">09\/10\/2025<\/span><\/a><\/strong><\/h3><h3><strong><a href=\"https:\/\/www.univ-usto.dz\/faculte\/fac-chimie\/wp-content\/uploads\/2025\/10\/Emploi-du-Temps-M1-GPM-25-26-1.pdf\">Emploi du Temps <span style=\"color: #339966;\">M1 GPM<\/span> <\/a><a href=\"https:\/\/www.univ-usto.dz\/faculte\/fac-chimie\/wp-content\/uploads\/2025\/10\/Emploi-du-Temps-L3-GP-1.pdf\"><span style=\"color: #0000ff;\">09\/10\/2025<\/span><\/a><\/strong><\/h3>\t\t\t\t\t\t\t\t<\/div>\n\t\t\t\t<\/div>\n\t\t\t\t\t<\/div>\n\t\t<\/div>\n\t\t\t\t\t<\/div>\n\t\t<\/section>\n\t\t\t\t<\/div>\n\t\t","protected":false},"excerpt":{"rendered":"<p>Licence Emploi du temps L2 GP\u00a0 15\/10\/2025 Emploi du temps L3 GP-09\/10\/2025 Master Emploi du Temps M2-GPM 09\/10\/2025 Emploi du Temps M2-GP 2025-2026 Emploi du temps M1 GP 09\/10\/2025 Emploi <a href=\"https:\/\/www.univ-usto.dz\/faculte\/fac-chimie\/fr\/emplois-du-temps-de-departement-genie-des-materiaux-2025-2026\/\" class=\"read-more\">Lire la suite &#8230;<\/a><\/p>\n","protected":false},"author":14,"featured_media":0,"parent":0,"menu_order":0,"comment_status":"closed","ping_status":"closed","template":"","meta":{"footnotes":""},"class_list":["post-33262","page","type-page","status-publish","hentry"],"_links":{"self":[{"href":"https:\/\/www.univ-usto.dz\/faculte\/fac-chimie\/wp-json\/wp\/v2\/pages\/33262","targetHints":{"allow":["GET"]}}],"collection":[{"href":"https:\/\/www.univ-usto.dz\/faculte\/fac-chimie\/wp-json\/wp\/v2\/pages"}],"about":[{"href":"https:\/\/www.univ-usto.dz\/faculte\/fac-chimie\/wp-json\/wp\/v2\/types\/page"}],"author":[{"embeddable":true,"href":"https:\/\/www.univ-usto.dz\/faculte\/fac-chimie\/wp-json\/wp\/v2\/users\/14"}],"replies":[{"embeddable":true,"href":"https:\/\/www.univ-usto.dz\/faculte\/fac-chimie\/wp-json\/wp\/v2\/comments?post=33262"}],"version-history":[{"count":43,"href":"https:\/\/www.univ-usto.dz\/faculte\/fac-chimie\/wp-json\/wp\/v2\/pages\/33262\/revisions"}],"predecessor-version":[{"id":33980,"href":"https:\/\/www.univ-usto.dz\/faculte\/fac-chimie\/wp-json\/wp\/v2\/pages\/33262\/revisions\/33980"}],"wp:attachment":[{"href":"https:\/\/www.univ-usto.dz\/faculte\/fac-chimie\/wp-json\/wp\/v2\/media?parent=33262"}],"curies":[{"name":"wp","href":"https:\/\/api.w.org\/{rel}","templated":true}]}}