{"id":35066,"date":"2026-01-20T10:21:59","date_gmt":"2026-01-20T10:21:59","guid":{"rendered":"https:\/\/www.univ-usto.dz\/faculte\/fac-chimie\/?page_id=35066"},"modified":"2026-01-31T13:49:54","modified_gmt":"2026-01-31T13:49:54","slug":"emplois-du-temps-de-deuxieme-semestre-2025-2026","status":"publish","type":"page","link":"https:\/\/www.univ-usto.dz\/faculte\/fac-chimie\/fr\/emplois-du-temps-de-deuxieme-semestre-2025-2026\/","title":{"rendered":"Emplois du temps de deuxi\u00e8me semestre 2025-2026"},"content":{"rendered":"\t\t<div data-elementor-type=\"wp-page\" data-elementor-id=\"35066\" class=\"elementor elementor-35066\">\n\t\t\t\t\t\t<section class=\"elementor-section elementor-top-section elementor-element elementor-element-cd3f5c3 elementor-section-boxed elementor-section-height-default elementor-section-height-default\" data-id=\"cd3f5c3\" data-element_type=\"section\">\n\t\t\t\t\t\t<div class=\"elementor-container elementor-column-gap-default\">\n\t\t\t\t\t<div class=\"elementor-column elementor-col-100 elementor-top-column elementor-element elementor-element-74afc3b\" data-id=\"74afc3b\" data-element_type=\"column\">\n\t\t\t<div class=\"elementor-widget-wrap elementor-element-populated\">\n\t\t\t\t\t\t<div class=\"elementor-element elementor-element-d958d0e elementor-widget-divider--view-line elementor-widget elementor-widget-divider\" data-id=\"d958d0e\" data-element_type=\"widget\" data-widget_type=\"divider.default\">\n\t\t\t\t<div class=\"elementor-widget-container\">\n\t\t\t\t\t\t\t<div class=\"elementor-divider\">\n\t\t\t<span class=\"elementor-divider-separator\">\n\t\t\t\t\t\t<\/span>\n\t\t<\/div>\n\t\t\t\t\t\t<\/div>\n\t\t\t\t<\/div>\n\t\t\t\t\t<\/div>\n\t\t<\/div>\n\t\t\t\t\t<\/div>\n\t\t<\/section>\n\t\t\t\t<section class=\"elementor-section elementor-top-section elementor-element elementor-element-3df1a03 elementor-section-boxed elementor-section-height-default elementor-section-height-default\" data-id=\"3df1a03\" data-element_type=\"section\">\n\t\t\t\t\t\t<div class=\"elementor-container elementor-column-gap-default\">\n\t\t\t\t\t<div class=\"elementor-column elementor-col-100 elementor-top-column elementor-element elementor-element-844f3c8\" data-id=\"844f3c8\" data-element_type=\"column\">\n\t\t\t<div class=\"elementor-widget-wrap elementor-element-populated\">\n\t\t\t\t\t\t<div class=\"elementor-element elementor-element-2a8b44e elementor-widget elementor-widget-text-editor\" data-id=\"2a8b44e\" data-element_type=\"widget\" data-widget_type=\"text-editor.default\">\n\t\t\t\t<div class=\"elementor-widget-container\">\n\t\t\t\t\t\t\t\t\t<h3><strong><a href=\"https:\/\/www.univ-usto.dz\/faculte\/fac-chimie\/fr\/emplois-du-temps-du-deuxieme-semestre-de-departement-gc-2025-2026\/\">Emplois du temps du deuxi\u00e8me semestre de d\u00e9partement <span style=\"color: #ff0000;\">GC<\/span>&#8211; 2025-2026<\/a><\/strong><\/h3>\t\t\t\t\t\t\t\t<\/div>\n\t\t\t\t<\/div>\n\t\t\t\t\t<\/div>\n\t\t<\/div>\n\t\t\t\t\t<\/div>\n\t\t<\/section>\n\t\t\t\t<section class=\"elementor-section elementor-top-section elementor-element elementor-element-39aa9c3 elementor-section-boxed elementor-section-height-default elementor-section-height-default\" data-id=\"39aa9c3\" data-element_type=\"section\">\n\t\t\t\t\t\t<div class=\"elementor-container elementor-column-gap-default\">\n\t\t\t\t\t<div class=\"elementor-column elementor-col-100 elementor-top-column elementor-element elementor-element-02596fc\" data-id=\"02596fc\" data-element_type=\"column\">\n\t\t\t<div class=\"elementor-widget-wrap elementor-element-populated\">\n\t\t\t\t\t\t<div class=\"elementor-element elementor-element-d1965f4 elementor-widget elementor-widget-text-editor\" data-id=\"d1965f4\" data-element_type=\"widget\" data-widget_type=\"text-editor.default\">\n\t\t\t\t<div class=\"elementor-widget-container\">\n\t\t\t\t\t\t\t\t\t<h3><strong><a href=\"https:\/\/www.univ-usto.dz\/faculte\/fac-chimie\/fr\/emplois-du-temps-du-deuxieme-semestre-de-departement-gm-2526\/\">Emplois du temps du deuxi\u00e8me semestre de d\u00e9partement <span style=\"color: #0000ff;\">GM <\/span>2025\/<\/a>2026<\/strong><\/h3>\t\t\t\t\t\t\t\t<\/div>\n\t\t\t\t<\/div>\n\t\t\t\t\t<\/div>\n\t\t<\/div>\n\t\t\t\t\t<\/div>\n\t\t<\/section>\n\t\t\t\t<section class=\"elementor-section elementor-top-section elementor-element elementor-element-d30ddf8 elementor-section-boxed elementor-section-height-default elementor-section-height-default\" data-id=\"d30ddf8\" data-element_type=\"section\">\n\t\t\t\t\t\t<div class=\"elementor-container elementor-column-gap-default\">\n\t\t\t\t\t<div class=\"elementor-column elementor-col-100 elementor-top-column elementor-element elementor-element-d2821e7\" data-id=\"d2821e7\" data-element_type=\"column\">\n\t\t\t<div class=\"elementor-widget-wrap elementor-element-populated\">\n\t\t\t\t\t\t<div class=\"elementor-element elementor-element-d3818c2 elementor-widget elementor-widget-text-editor\" data-id=\"d3818c2\" data-element_type=\"widget\" data-widget_type=\"text-editor.default\">\n\t\t\t\t<div class=\"elementor-widget-container\">\n\t\t\t\t\t\t\t\t\t<h3><strong><a href=\"https:\/\/www.univ-usto.dz\/faculte\/fac-chimie\/fr\/emplois-du-temps-du-deuxieme-semestre-departement-cp-2025-2026\/\">Emplois du temps du deuxi\u00e8me semestre -D\u00e9partement <span style=\"color: #339966;\">CP<\/span>&#8211; 2025-2026<\/a><\/strong><\/h3>\t\t\t\t\t\t\t\t<\/div>\n\t\t\t\t<\/div>\n\t\t\t\t\t<\/div>\n\t\t<\/div>\n\t\t\t\t\t<\/div>\n\t\t<\/section>\n\t\t\t\t<\/div>\n\t\t","protected":false},"excerpt":{"rendered":"<p>Emplois du temps du deuxi\u00e8me semestre de d\u00e9partement GC- 2025-2026 Emplois du temps du deuxi\u00e8me semestre de d\u00e9partement GM 2025\/2026 Emplois du temps du deuxi\u00e8me semestre -D\u00e9partement CP- 2025-2026<\/p>\n","protected":false},"author":14,"featured_media":0,"parent":0,"menu_order":0,"comment_status":"closed","ping_status":"closed","template":"","meta":{"footnotes":""},"class_list":["post-35066","page","type-page","status-publish","hentry"],"_links":{"self":[{"href":"https:\/\/www.univ-usto.dz\/faculte\/fac-chimie\/wp-json\/wp\/v2\/pages\/35066","targetHints":{"allow":["GET"]}}],"collection":[{"href":"https:\/\/www.univ-usto.dz\/faculte\/fac-chimie\/wp-json\/wp\/v2\/pages"}],"about":[{"href":"https:\/\/www.univ-usto.dz\/faculte\/fac-chimie\/wp-json\/wp\/v2\/types\/page"}],"author":[{"embeddable":true,"href":"https:\/\/www.univ-usto.dz\/faculte\/fac-chimie\/wp-json\/wp\/v2\/users\/14"}],"replies":[{"embeddable":true,"href":"https:\/\/www.univ-usto.dz\/faculte\/fac-chimie\/wp-json\/wp\/v2\/comments?post=35066"}],"version-history":[{"count":10,"href":"https:\/\/www.univ-usto.dz\/faculte\/fac-chimie\/wp-json\/wp\/v2\/pages\/35066\/revisions"}],"predecessor-version":[{"id":35359,"href":"https:\/\/www.univ-usto.dz\/faculte\/fac-chimie\/wp-json\/wp\/v2\/pages\/35066\/revisions\/35359"}],"wp:attachment":[{"href":"https:\/\/www.univ-usto.dz\/faculte\/fac-chimie\/wp-json\/wp\/v2\/media?parent=35066"}],"curies":[{"name":"wp","href":"https:\/\/api.w.org\/{rel}","templated":true}]}}