{"id":36194,"date":"2026-04-12T09:19:51","date_gmt":"2026-04-12T09:19:51","guid":{"rendered":"https:\/\/www.univ-usto.dz\/faculte\/fac-chimie\/?page_id=36194"},"modified":"2026-04-19T14:09:41","modified_gmt":"2026-04-19T14:09:41","slug":"annonces-et-actualites","status":"publish","type":"page","link":"https:\/\/www.univ-usto.dz\/faculte\/fac-chimie\/fr\/annonces-et-actualites\/","title":{"rendered":"Annonces et  actualit\u00e9s"},"content":{"rendered":"\t\t<div data-elementor-type=\"wp-page\" data-elementor-id=\"36194\" class=\"elementor elementor-36194\">\n\t\t\t\t\t\t<section class=\"elementor-section elementor-top-section elementor-element elementor-element-0999498 elementor-section-boxed elementor-section-height-default elementor-section-height-default\" data-id=\"0999498\" data-element_type=\"section\">\n\t\t\t\t\t\t<div class=\"elementor-container elementor-column-gap-default\">\n\t\t\t\t\t<div class=\"elementor-column elementor-col-100 elementor-top-column elementor-element elementor-element-cb1d583\" data-id=\"cb1d583\" data-element_type=\"column\">\n\t\t\t<div class=\"elementor-widget-wrap elementor-element-populated\">\n\t\t\t\t\t\t<div class=\"elementor-element elementor-element-fc888b0 elementor-widget-divider--view-line elementor-widget elementor-widget-divider\" data-id=\"fc888b0\" data-element_type=\"widget\" data-widget_type=\"divider.default\">\n\t\t\t\t<div class=\"elementor-widget-container\">\n\t\t\t\t\t\t\t<div class=\"elementor-divider\">\n\t\t\t<span class=\"elementor-divider-separator\">\n\t\t\t\t\t\t<\/span>\n\t\t<\/div>\n\t\t\t\t\t\t<\/div>\n\t\t\t\t<\/div>\n\t\t\t\t\t<\/div>\n\t\t<\/div>\n\t\t\t\t\t<\/div>\n\t\t<\/section>\n\t\t\t\t<section class=\"elementor-section elementor-top-section elementor-element elementor-element-e763a46 elementor-section-boxed elementor-section-height-default elementor-section-height-default\" data-id=\"e763a46\" data-element_type=\"section\">\n\t\t\t\t\t\t<div class=\"elementor-container elementor-column-gap-default\">\n\t\t\t\t\t<div class=\"elementor-column elementor-col-100 elementor-top-column elementor-element elementor-element-3fcbec3\" data-id=\"3fcbec3\" data-element_type=\"column\">\n\t\t\t<div class=\"elementor-widget-wrap elementor-element-populated\">\n\t\t\t\t\t\t<div class=\"elementor-element elementor-element-fc452d4 elementor-widget elementor-widget-text-editor\" data-id=\"fc452d4\" data-element_type=\"widget\" data-widget_type=\"text-editor.default\">\n\t\t\t\t<div class=\"elementor-widget-container\">\n\t\t\t\t\t\t\t\t\t<h3><img decoding=\"async\" class=\"alignnone wp-image-36311\" src=\"https:\/\/www.univ-usto.dz\/faculte\/fac-chimie\/wp-content\/uploads\/2026\/04\/enquete-de-satisfaction-300x188.png\" alt=\"\" width=\"152\" height=\"95\" srcset=\"https:\/\/www.univ-usto.dz\/faculte\/fac-chimie\/wp-content\/uploads\/2026\/04\/enquete-de-satisfaction-300x188.png 300w, https:\/\/www.univ-usto.dz\/faculte\/fac-chimie\/wp-content\/uploads\/2026\/04\/enquete-de-satisfaction-360x226.png 360w, https:\/\/www.univ-usto.dz\/faculte\/fac-chimie\/wp-content\/uploads\/2026\/04\/enquete-de-satisfaction-24x15.png 24w, https:\/\/www.univ-usto.dz\/faculte\/fac-chimie\/wp-content\/uploads\/2026\/04\/enquete-de-satisfaction-36x23.png 36w, https:\/\/www.univ-usto.dz\/faculte\/fac-chimie\/wp-content\/uploads\/2026\/04\/enquete-de-satisfaction-48x30.png 48w, https:\/\/www.univ-usto.dz\/faculte\/fac-chimie\/wp-content\/uploads\/2026\/04\/enquete-de-satisfaction.png 486w\" sizes=\"(max-width: 152px) 100vw, 152px\" \/><strong><a href=\"https:\/\/www.univ-usto.dz\/faculte\/fac-chimie\/fr\/appel-a-participation-enquete-de-satisfaction-2026\/\">Appel \u00e0 participation \u2013 Enqu\u00eate de satisfaction 2026<\/a><\/strong><\/h3>\t\t\t\t\t\t\t\t<\/div>\n\t\t\t\t<\/div>\n\t\t\t\t\t<\/div>\n\t\t<\/div>\n\t\t\t\t\t<\/div>\n\t\t<\/section>\n\t\t\t\t<section class=\"elementor-section elementor-top-section elementor-element elementor-element-7bc8c82 elementor-section-boxed elementor-section-height-default elementor-section-height-default\" data-id=\"7bc8c82\" data-element_type=\"section\">\n\t\t\t\t\t\t<div class=\"elementor-container elementor-column-gap-default\">\n\t\t\t\t\t<div class=\"elementor-column elementor-col-100 elementor-top-column elementor-element elementor-element-adacb8b\" data-id=\"adacb8b\" data-element_type=\"column\">\n\t\t\t<div class=\"elementor-widget-wrap elementor-element-populated\">\n\t\t\t\t\t\t<div class=\"elementor-element elementor-element-2a3705a elementor-widget elementor-widget-text-editor\" data-id=\"2a3705a\" data-element_type=\"widget\" data-widget_type=\"text-editor.default\">\n\t\t\t\t<div class=\"elementor-widget-container\">\n\t\t\t\t\t\t\t\t\t<h3><img decoding=\"async\" class=\"alignnone  wp-image-36185\" src=\"https:\/\/www.univ-usto.dz\/faculte\/fac-chimie\/wp-content\/uploads\/2026\/04\/etudiants-300x204.png\" alt=\"\" width=\"129\" height=\"88\" srcset=\"https:\/\/www.univ-usto.dz\/faculte\/fac-chimie\/wp-content\/uploads\/2026\/04\/etudiants-300x204.png 300w, https:\/\/www.univ-usto.dz\/faculte\/fac-chimie\/wp-content\/uploads\/2026\/04\/etudiants-360x245.png 360w, https:\/\/www.univ-usto.dz\/faculte\/fac-chimie\/wp-content\/uploads\/2026\/04\/etudiants-24x16.png 24w, https:\/\/www.univ-usto.dz\/faculte\/fac-chimie\/wp-content\/uploads\/2026\/04\/etudiants-36x25.png 36w, https:\/\/www.univ-usto.dz\/faculte\/fac-chimie\/wp-content\/uploads\/2026\/04\/etudiants-48x33.png 48w, https:\/\/www.univ-usto.dz\/faculte\/fac-chimie\/wp-content\/uploads\/2026\/04\/etudiants.png 530w\" sizes=\"(max-width: 129px) 100vw, 129px\" \/> <strong>Dispense de la Formation compl\u00e9mentaire de 3\u00e8me cycle pour les doctorants internationaux <span style=\"color: #ff0000;\"><a style=\"color: #ff0000;\" href=\"https:\/\/www.univ-usto.dz\/faculte\/fac-chimie\/wp-content\/uploads\/2026\/04\/Envoi_52-DGEF_07-4-2026_Dispense-de-la-FC-3e-cycle-pour-Etudiants-internationaux.pdf\">voir plus&#8230;<\/a><\/span><\/strong><\/h3>\t\t\t\t\t\t\t\t<\/div>\n\t\t\t\t<\/div>\n\t\t\t\t\t<\/div>\n\t\t<\/div>\n\t\t\t\t\t<\/div>\n\t\t<\/section>\n\t\t\t\t<section class=\"elementor-section elementor-top-section elementor-element elementor-element-38d7028 elementor-section-boxed elementor-section-height-default elementor-section-height-default\" data-id=\"38d7028\" data-element_type=\"section\">\n\t\t\t\t\t\t<div class=\"elementor-container elementor-column-gap-default\">\n\t\t\t\t\t<div class=\"elementor-column elementor-col-100 elementor-top-column elementor-element elementor-element-d7b429f\" data-id=\"d7b429f\" data-element_type=\"column\">\n\t\t\t<div class=\"elementor-widget-wrap elementor-element-populated\">\n\t\t\t\t\t\t<div class=\"elementor-element elementor-element-1bffd82 elementor-widget elementor-widget-text-editor\" data-id=\"1bffd82\" data-element_type=\"widget\" data-widget_type=\"text-editor.default\">\n\t\t\t\t<div class=\"elementor-widget-container\">\n\t\t\t\t\t\t\t\t\t<h3><img decoding=\"async\" class=\"alignnone wp-image-36020\" src=\"https:\/\/www.univ-usto.dz\/faculte\/fac-chimie\/wp-content\/uploads\/2026\/03\/coree-300x205.png\" alt=\"\" width=\"139\" height=\"95\" srcset=\"https:\/\/www.univ-usto.dz\/faculte\/fac-chimie\/wp-content\/uploads\/2026\/03\/coree-300x205.png 300w, https:\/\/www.univ-usto.dz\/faculte\/fac-chimie\/wp-content\/uploads\/2026\/03\/coree-360x246.png 360w, https:\/\/www.univ-usto.dz\/faculte\/fac-chimie\/wp-content\/uploads\/2026\/03\/coree-24x16.png 24w, https:\/\/www.univ-usto.dz\/faculte\/fac-chimie\/wp-content\/uploads\/2026\/03\/coree-36x25.png 36w, https:\/\/www.univ-usto.dz\/faculte\/fac-chimie\/wp-content\/uploads\/2026\/03\/coree-48x33.png 48w, https:\/\/www.univ-usto.dz\/faculte\/fac-chimie\/wp-content\/uploads\/2026\/03\/coree.png 677w\" sizes=\"(max-width: 139px) 100vw, 139px\" \/><strong> Bourse de Master et PHD en Cor\u00e9e<span style=\"color: #ff0000;\"><a style=\"color: #ff0000;\" href=\"https:\/\/www.univ-usto.dz\/faculte\/fac-chimie\/wp-content\/uploads\/2026\/03\/Envoi_631-SDMEP-DCEU_31-3-2026_Bourse-SKKU-Coree.pdf\"> Voir plus&#8230;.<\/a><\/span><\/strong><\/h3>\t\t\t\t\t\t\t\t<\/div>\n\t\t\t\t<\/div>\n\t\t\t\t\t<\/div>\n\t\t<\/div>\n\t\t\t\t\t<\/div>\n\t\t<\/section>\n\t\t\t\t<section class=\"elementor-section elementor-top-section elementor-element elementor-element-b070ebc elementor-section-boxed elementor-section-height-default elementor-section-height-default\" data-id=\"b070ebc\" data-element_type=\"section\">\n\t\t\t\t\t\t<div class=\"elementor-container elementor-column-gap-default\">\n\t\t\t\t\t<div class=\"elementor-column elementor-col-100 elementor-top-column elementor-element elementor-element-a737bd8\" data-id=\"a737bd8\" data-element_type=\"column\">\n\t\t\t<div class=\"elementor-widget-wrap elementor-element-populated\">\n\t\t\t\t\t\t<div class=\"elementor-element elementor-element-838273c elementor-widget elementor-widget-text-editor\" data-id=\"838273c\" data-element_type=\"widget\" data-widget_type=\"text-editor.default\">\n\t\t\t\t<div class=\"elementor-widget-container\">\n\t\t\t\t\t\t\t\t\t<h3><img loading=\"lazy\" decoding=\"async\" class=\"alignnone wp-image-36012\" src=\"https:\/\/www.univ-usto.dz\/faculte\/fac-chimie\/wp-content\/uploads\/2026\/03\/indonesie-300x156.png\" alt=\"\" width=\"142\" height=\"74\" srcset=\"https:\/\/www.univ-usto.dz\/faculte\/fac-chimie\/wp-content\/uploads\/2026\/03\/indonesie-300x156.png 300w, https:\/\/www.univ-usto.dz\/faculte\/fac-chimie\/wp-content\/uploads\/2026\/03\/indonesie-360x187.png 360w, https:\/\/www.univ-usto.dz\/faculte\/fac-chimie\/wp-content\/uploads\/2026\/03\/indonesie-24x12.png 24w, https:\/\/www.univ-usto.dz\/faculte\/fac-chimie\/wp-content\/uploads\/2026\/03\/indonesie-36x19.png 36w, https:\/\/www.univ-usto.dz\/faculte\/fac-chimie\/wp-content\/uploads\/2026\/03\/indonesie-48x25.png 48w, https:\/\/www.univ-usto.dz\/faculte\/fac-chimie\/wp-content\/uploads\/2026\/03\/indonesie.png 745w\" sizes=\"(max-width: 142px) 100vw, 142px\" \/> <strong>Bourse en Indon\u00e9sie <a href=\"https:\/\/www.univ-usto.dz\/bourse-indonesie2026-2027\/\"><span style=\"color: #ff0000;\">Voir plus&#8230;.<\/span><\/a><\/strong><\/h3>\t\t\t\t\t\t\t\t<\/div>\n\t\t\t\t<\/div>\n\t\t\t\t\t<\/div>\n\t\t<\/div>\n\t\t\t\t\t<\/div>\n\t\t<\/section>\n\t\t\t\t<section class=\"elementor-section elementor-top-section elementor-element elementor-element-66ff6b8 elementor-section-boxed elementor-section-height-default elementor-section-height-default\" data-id=\"66ff6b8\" data-element_type=\"section\">\n\t\t\t\t\t\t<div class=\"elementor-container elementor-column-gap-default\">\n\t\t\t\t\t<div class=\"elementor-column elementor-col-100 elementor-top-column elementor-element elementor-element-78c70d6\" data-id=\"78c70d6\" data-element_type=\"column\">\n\t\t\t<div class=\"elementor-widget-wrap elementor-element-populated\">\n\t\t\t\t\t\t<div class=\"elementor-element elementor-element-68ea116 elementor-widget elementor-widget-text-editor\" data-id=\"68ea116\" data-element_type=\"widget\" data-widget_type=\"text-editor.default\">\n\t\t\t\t<div class=\"elementor-widget-container\">\n\t\t\t\t\t\t\t\t\t<h3><img loading=\"lazy\" decoding=\"async\" class=\"alignnone  wp-image-36008\" src=\"https:\/\/www.univ-usto.dz\/faculte\/fac-chimie\/wp-content\/uploads\/2026\/03\/azerbijan-300x159.png\" alt=\"\" width=\"143\" height=\"76\" srcset=\"https:\/\/www.univ-usto.dz\/faculte\/fac-chimie\/wp-content\/uploads\/2026\/03\/azerbijan-300x159.png 300w, https:\/\/www.univ-usto.dz\/faculte\/fac-chimie\/wp-content\/uploads\/2026\/03\/azerbijan-360x191.png 360w, https:\/\/www.univ-usto.dz\/faculte\/fac-chimie\/wp-content\/uploads\/2026\/03\/azerbijan-24x13.png 24w, https:\/\/www.univ-usto.dz\/faculte\/fac-chimie\/wp-content\/uploads\/2026\/03\/azerbijan-36x19.png 36w, https:\/\/www.univ-usto.dz\/faculte\/fac-chimie\/wp-content\/uploads\/2026\/03\/azerbijan-48x25.png 48w, https:\/\/www.univ-usto.dz\/faculte\/fac-chimie\/wp-content\/uploads\/2026\/03\/azerbijan.png 706w\" sizes=\"(max-width: 143px) 100vw, 143px\" \/> <strong>Bourse en Azerbaijan <a href=\"https:\/\/www.univ-usto.dz\/bouse-azerbaidjan2026\/\"><span style=\"color: #ff0000;\">Voir plus&#8230;.<\/span><\/a><\/strong><\/h3>\t\t\t\t\t\t\t\t<\/div>\n\t\t\t\t<\/div>\n\t\t\t\t\t<\/div>\n\t\t<\/div>\n\t\t\t\t\t<\/div>\n\t\t<\/section>\n\t\t\t\t<\/div>\n\t\t","protected":false},"excerpt":{"rendered":"<p>Appel \u00e0 participation \u2013 Enqu\u00eate de satisfaction 2026 Dispense de la Formation compl\u00e9mentaire de 3\u00e8me cycle pour les doctorants internationaux voir plus&#8230; Bourse de Master et PHD en Cor\u00e9e Voir <a href=\"https:\/\/www.univ-usto.dz\/faculte\/fac-chimie\/fr\/annonces-et-actualites\/\" class=\"read-more\">Lire la suite &#8230;<\/a><\/p>\n","protected":false},"author":14,"featured_media":0,"parent":0,"menu_order":0,"comment_status":"closed","ping_status":"closed","template":"","meta":{"footnotes":""},"class_list":["post-36194","page","type-page","status-publish","hentry"],"_links":{"self":[{"href":"https:\/\/www.univ-usto.dz\/faculte\/fac-chimie\/wp-json\/wp\/v2\/pages\/36194","targetHints":{"allow":["GET"]}}],"collection":[{"href":"https:\/\/www.univ-usto.dz\/faculte\/fac-chimie\/wp-json\/wp\/v2\/pages"}],"about":[{"href":"https:\/\/www.univ-usto.dz\/faculte\/fac-chimie\/wp-json\/wp\/v2\/types\/page"}],"author":[{"embeddable":true,"href":"https:\/\/www.univ-usto.dz\/faculte\/fac-chimie\/wp-json\/wp\/v2\/users\/14"}],"replies":[{"embeddable":true,"href":"https:\/\/www.univ-usto.dz\/faculte\/fac-chimie\/wp-json\/wp\/v2\/comments?post=36194"}],"version-history":[{"count":26,"href":"https:\/\/www.univ-usto.dz\/faculte\/fac-chimie\/wp-json\/wp\/v2\/pages\/36194\/revisions"}],"predecessor-version":[{"id":36320,"href":"https:\/\/www.univ-usto.dz\/faculte\/fac-chimie\/wp-json\/wp\/v2\/pages\/36194\/revisions\/36320"}],"wp:attachment":[{"href":"https:\/\/www.univ-usto.dz\/faculte\/fac-chimie\/wp-json\/wp\/v2\/media?parent=36194"}],"curies":[{"name":"wp","href":"https:\/\/api.w.org\/{rel}","templated":true}]}}