{"id":10738,"date":"2021-02-16T10:30:17","date_gmt":"2021-02-16T10:30:17","guid":{"rendered":"http:\/\/www.univ-usto.dz\/faculte\/fac-mathinfo\/?page_id=10738"},"modified":"2026-04-20T10:16:28","modified_gmt":"2026-04-20T10:16:28","slug":"secretariat-generale","status":"publish","type":"page","link":"https:\/\/www.univ-usto.dz\/faculte\/fac-mathinfo\/secretariat-generale\/","title":{"rendered":"Personnel Administratif"},"content":{"rendered":"\t\t<div data-elementor-type=\"wp-page\" data-elementor-id=\"10738\" class=\"elementor elementor-10738\">\n\t\t\t\t\t\t<section class=\"elementor-section elementor-top-section elementor-element elementor-element-d36510d elementor-section-boxed elementor-section-height-default elementor-section-height-default\" data-id=\"d36510d\" data-element_type=\"section\" data-e-type=\"section\">\n\t\t\t\t\t\t<div class=\"elementor-container elementor-column-gap-default\">\n\t\t\t\t\t<div class=\"elementor-column elementor-col-50 elementor-top-column elementor-element elementor-element-3f85173\" data-id=\"3f85173\" data-element_type=\"column\" data-e-type=\"column\">\n\t\t\t<div class=\"elementor-widget-wrap elementor-element-populated\">\n\t\t\t\t\t\t<div class=\"elementor-element elementor-element-a5a1803 elementor-widget elementor-widget-wp-widget-bellows_navigation_widget\" data-id=\"a5a1803\" data-element_type=\"widget\" data-e-type=\"widget\" data-widget_type=\"wp-widget-bellows_navigation_widget.default\">\n\t\t\t\t<div class=\"elementor-widget-container\">\n\t\t\t\t\t<nav id=\"bellows-main-116\" class=\"bellows bellows-nojs bellows-main bellows-source-menu bellows-align-center bellows-skin-vanilla bellows-type-\"><ul id=\"menu-faculte-mi\" class=\"bellows-nav\" data-bellows-config=\"main\"><li id=\"menu-item-11242\" class=\"bellows-menu-item bellows-menu-item-type-post_type bellows-menu-item-object-page bellows-menu-item-11242 bellows-item-level-0\"><a  href=\"https:\/\/www.univ-usto.dz\/faculte\/fac-mathinfo\/presentation\/\" class=\"bellows-target\"><span class=\"bellows-target-title bellows-target-text\">Pr\u00e9sentation<\/span><\/a><\/li>\n<li id=\"menu-item-11232\" class=\"bellows-menu-item bellows-menu-item-type-post_type bellows-menu-item-object-page bellows-menu-item-11232 bellows-item-level-0\"><a  href=\"https:\/\/www.univ-usto.dz\/faculte\/fac-mathinfo\/mot-du-doyen\/\" class=\"bellows-target\"><span class=\"bellows-target-title bellows-target-text\">Mot du Doyen<\/span><\/a><\/li>\n<li id=\"menu-item-11233\" class=\"bellows-menu-item bellows-menu-item-type-post_type bellows-menu-item-object-page bellows-menu-item-11233 bellows-item-level-0\"><a  href=\"https:\/\/www.univ-usto.dz\/faculte\/fac-mathinfo\/organigramme-de-la-faculte\/\" class=\"bellows-target\"><span class=\"bellows-target-title bellows-target-text\">Organigramme de la Facult\u00e9<\/span><\/a><\/li>\n<li id=\"menu-item-11234\" class=\"bellows-menu-item bellows-menu-item-type-post_type bellows-menu-item-object-page bellows-menu-item-11234 bellows-item-level-0\"><a  href=\"https:\/\/www.univ-usto.dz\/faculte\/fac-mathinfo\/secretariat-generale\/\" class=\"bellows-target\"><span class=\"bellows-target-title bellows-target-text\">Personnel Administratif<\/span><\/a><\/li>\n<li id=\"menu-item-11235\" class=\"bellows-menu-item bellows-menu-item-type-post_type bellows-menu-item-object-page bellows-menu-item-11235 bellows-item-level-0\"><a  href=\"https:\/\/www.univ-usto.dz\/faculte\/fac-mathinfo\/la-faculte-en-chiffre\/\" class=\"bellows-target\"><span class=\"bellows-target-title bellows-target-text\">La facult\u00e9 en chiffre<\/span><\/a><\/li>\n<li id=\"menu-item-13494\" class=\"bellows-menu-item bellows-menu-item-type-post_type bellows-menu-item-object-page bellows-menu-item-13494 bellows-item-level-0\"><a  href=\"https:\/\/www.univ-usto.dz\/faculte\/fac-mathinfo\/liens-utiles-2\/\" class=\"bellows-target\"><span class=\"bellows-target-title bellows-target-text\">Liens utiles<\/span><\/a><\/li>\n<\/ul><\/nav>\t\t\t\t<\/div>\n\t\t\t\t<\/div>\n\t\t\t\t\t<\/div>\n\t\t<\/div>\n\t\t\t\t<div class=\"elementor-column elementor-col-50 elementor-top-column elementor-element elementor-element-fe76b22\" data-id=\"fe76b22\" data-element_type=\"column\" data-e-type=\"column\">\n\t\t\t<div class=\"elementor-widget-wrap elementor-element-populated\">\n\t\t\t\t\t\t<div class=\"elementor-element elementor-element-ab5627b elementor-widget elementor-widget-text-editor\" data-id=\"ab5627b\" data-element_type=\"widget\" data-e-type=\"widget\" data-widget_type=\"text-editor.default\">\n\t\t\t\t<div class=\"elementor-widget-container\">\n\t\t\t\t\t\t\t\t\t<h1 style=\"text-align: center;\" data-section-id=\"3z1ttd\" data-start=\"172\" data-end=\"203\">\ud83c\udf93 LES SERVICES DE LA FACULT\u00c9<\/h1><p>\u00a0<\/p><hr data-start=\"205\" data-end=\"208\" \/><h2 data-section-id=\"1fmza2e\" data-start=\"210\" data-end=\"283\">\ud83d\udd35 <span style=\"color: #3366ff;\">Vice Doyen charg\u00e9 des \u00e9tudes et des questions li\u00e9es aux \u00e9tudiants<\/span><\/h2><p data-start=\"284\" data-end=\"356\">\ud83d\udc64 Prof D. Yedjour<br data-start=\"302\" data-end=\"305\" \/>\ud83d\udce7 <a class=\"decorated-link cursor-pointer\" rel=\"noopener\" data-start=\"308\" data-end=\"335\">dounia.yedjour@univ-usto.dz<\/a><br data-start=\"335\" data-end=\"338\" \/>\ud83c\udfe2 Bureau : 2409<\/p><hr data-start=\"358\" data-end=\"361\" \/><h2 data-section-id=\"1i2h7f4\" data-start=\"363\" data-end=\"391\">\ud83d\udfe0 Service de scolarit\u00e9<\/h2><p data-start=\"392\" data-end=\"430\">\ud83d\udc64 Mr H. Benaouda<br data-start=\"409\" data-end=\"412\" \/>\ud83c\udfe2 Bureau : 2216<\/p><hr data-start=\"432\" data-end=\"435\" \/><h2 data-section-id=\"1t5aol\" data-start=\"437\" data-end=\"507\">\ud83d\udfe2 Service des statistiques, de l\u2019information et de l\u2019orientation<\/h2><p data-start=\"508\" data-end=\"602\">\ud83d\udc64 Mme A. Adlaoui<br data-start=\"525\" data-end=\"528\" \/>\ud83d\udce7 <a class=\"decorated-link cursor-pointer\" rel=\"noopener\" data-start=\"531\" data-end=\"549\">adlaoui_a@yahoo.fr<\/a><br data-start=\"549\" data-end=\"552\" \/>\ud83d\udce7 <a class=\"decorated-link cursor-pointer\" rel=\"noopener\" data-start=\"555\" data-end=\"581\">aicha.adlaoui@univ-usto.dz<\/a><br data-start=\"581\" data-end=\"584\" \/>\ud83c\udfe2 Bureau : 1404<\/p><hr data-start=\"604\" data-end=\"607\" \/><h2 data-section-id=\"1cztxk7\" data-start=\"609\" data-end=\"661\">\ud83d\udfe3 Service de l\u2019enseignement et de l\u2019\u00e9valuation<\/h2><p data-start=\"662\" data-end=\"682\">\ud83d\udc64 Mme A. Kouadria<\/p><p data-start=\"662\" data-end=\"682\">\u00a0<\/p><hr data-start=\"684\" data-end=\"687\" \/><h2 data-section-id=\"tlopzb\" data-start=\"689\" data-end=\"795\">\ud83d\udd35 <span style=\"color: #3366ff;\">Vice Doyen charg\u00e9 de la post-graduation, de la recherche scientifique et des<\/span><\/h2><h2 data-section-id=\"tlopzb\" data-start=\"689\" data-end=\"795\"><span style=\"color: #3366ff;\">\u00a0 \u00a0 \u00a0 \u00a0 relations ext\u00e9rieures<\/span><\/h2><p>\u00a0<\/p><p data-start=\"796\" data-end=\"866\">\ud83d\udc64 Dr A. Dairi<br data-start=\"810\" data-end=\"813\" \/>\ud83d\udce7 <a class=\"decorated-link cursor-pointer\" rel=\"noopener\" data-start=\"816\" data-end=\"845\">dairi.abdelkader@univ-usto.dz<\/a><br data-start=\"845\" data-end=\"848\" \/>\ud83c\udfe2 Bureau : 2411<\/p><hr data-start=\"868\" data-end=\"871\" \/><h2 data-section-id=\"1m4guwf\" data-start=\"873\" data-end=\"932\">\ud83d\udfe0 Service du suivi de la formation de post-graduation<\/h2><p data-start=\"933\" data-end=\"998\">\ud83d\udc64 Mme H. Maazouzi<br data-start=\"951\" data-end=\"954\" \/>\ud83d\udce7 <a class=\"decorated-link cursor-pointer\" rel=\"noopener\" data-start=\"957\" data-end=\"977\">halimausto@gmail.com<\/a><br data-start=\"977\" data-end=\"980\" \/>\ud83c\udfe2 Bureau : 2401<\/p><hr data-start=\"1000\" data-end=\"1003\" \/><h2 data-section-id=\"pprkjr\" data-start=\"1005\" data-end=\"1067\">\ud83d\udfe2 Service de la coop\u00e9ration et des relations ext\u00e9rieures<\/h2><p data-start=\"1068\" data-end=\"1177\">\ud83d\udc64 Mme R. Belmiloud<br data-start=\"1087\" data-end=\"1090\" \/>\ud83d\udce7 <a class=\"decorated-link cursor-pointer\" rel=\"noopener\" data-start=\"1093\" data-end=\"1117\">rekia_belmiloud@yahoo.fr<\/a><br data-start=\"1117\" data-end=\"1120\" \/>\ud83d\udce7 <a class=\"decorated-link cursor-pointer\" rel=\"noopener\" data-start=\"1123\" data-end=\"1156\">leilarekia.belmiloud@univ-usto.dz<\/a><br data-start=\"1156\" data-end=\"1159\" \/>\ud83c\udfe2 Bureau : 2402<\/p><p data-start=\"1068\" data-end=\"1177\">\u00a0<\/p><hr data-start=\"1179\" data-end=\"1182\" \/><h2 data-section-id=\"30sfy0\" data-start=\"1184\" data-end=\"1211\">\ud83d\udfe3 <span style=\"color: #3366ff;\">Secr\u00e9tariat G\u00e9n\u00e9ral<\/span><\/h2><p data-start=\"1212\" data-end=\"1269\">\ud83d\udc64 Mr M. Addou<br data-start=\"1226\" data-end=\"1229\" \/>\ud83d\udce7 <a class=\"decorated-link cursor-pointer\" rel=\"noopener\" data-start=\"1232\" data-end=\"1248\">m_addou@yahoo.fr<\/a><br data-start=\"1248\" data-end=\"1251\" \/>\ud83c\udfe2 Bureau : 2413<\/p><hr data-start=\"1271\" data-end=\"1274\" \/><h2 data-section-id=\"1oevib7\" data-start=\"1276\" data-end=\"1304\">\ud83d\udd35 Service du personnel<\/h2><p data-start=\"1305\" data-end=\"1342\">\ud83d\udc64 Mme A. Maarif<br data-start=\"1321\" data-end=\"1324\" \/>\ud83c\udfe2 Bureau : 2410<\/p><p data-start=\"1344\" data-end=\"1422\">\u2022 Section du personnel enseignant<br data-start=\"1377\" data-end=\"1380\" \/>\u2022 Section du personnel ATS (Mme A. Mahali)<\/p><hr data-start=\"1424\" data-end=\"1427\" \/><h2 data-section-id=\"r3tcyj\" data-start=\"1429\" data-end=\"1476\">\ud83d\udfe0 Service du budget et de la comptabilit\u00e9<\/h2><p data-start=\"1477\" data-end=\"1513\">\ud83d\udc64 Mme N. Saadi<br data-start=\"1492\" data-end=\"1495\" \/>\ud83c\udfe2 Bureau : 2403<\/p><p data-start=\"1515\" data-end=\"1599\">\u2022 Section du budget (Bureau : 2410)<br data-start=\"1550\" data-end=\"1553\" \/>\u2022 Section de la comptabilit\u00e9 (Mme K. Bendjena)<\/p><hr data-start=\"1601\" data-end=\"1604\" \/><h2 data-section-id=\"nd0z34\" data-start=\"1606\" data-end=\"1673\">\ud83d\udfe2 Service de l\u2019animation scientifique, culturelle et sportive<\/h2><h2 data-section-id=\"1qf0q5z\" data-start=\"1674\" data-end=\"1721\">\ud83d\udfe3 Service des moyens et de la maintenance<\/h2><p data-start=\"1723\" data-end=\"1741\">\ud83c\udfe2 Bureau : 2410<\/p><p data-start=\"1743\" data-end=\"1795\">\u2022 Section des moyens<br data-start=\"1763\" data-end=\"1766\" \/>\u2022 Section de la maintenance<\/p><hr data-start=\"1797\" data-end=\"1800\" \/><h2 data-section-id=\"130o0dw\" data-start=\"1802\" data-end=\"1822\">\ud83d\udcda <span style=\"color: #3366ff;\">Biblioth\u00e8que<\/span><\/h2><p data-start=\"1823\" data-end=\"1890\">\ud83d\udc64 Mr M. Bernoussi<br data-start=\"1841\" data-end=\"1844\" \/>\ud83d\udce7 <a class=\"decorated-link cursor-pointer\" rel=\"noopener\" data-start=\"1847\" data-end=\"1869\">med_bernoussi@yahoo.fr<\/a><br data-start=\"1869\" data-end=\"1872\" \/>\ud83c\udfe2 Bureau : 2312<\/p><p data-start=\"1892\" data-end=\"2000\">\u2022 Service de gestion du fonds documentaire<br data-start=\"1934\" data-end=\"1937\" \/>\u2022 Service de l\u2019orientation et de la recherche bibliographique<\/p>\t\t\t\t\t\t\t\t<\/div>\n\t\t\t\t<\/div>\n\t\t\t\t\t<\/div>\n\t\t<\/div>\n\t\t\t\t\t<\/div>\n\t\t<\/section>\n\t\t\t\t<section class=\"elementor-section elementor-top-section elementor-element elementor-element-c60849c elementor-section-boxed elementor-section-height-default elementor-section-height-default\" data-id=\"c60849c\" data-element_type=\"section\" data-e-type=\"section\">\n\t\t\t\t\t\t<div class=\"elementor-container elementor-column-gap-default\">\n\t\t\t\t\t<div class=\"elementor-column elementor-col-100 elementor-top-column elementor-element elementor-element-36b4715\" data-id=\"36b4715\" data-element_type=\"column\" data-e-type=\"column\">\n\t\t\t<div class=\"elementor-widget-wrap\">\n\t\t\t\t\t\t\t<\/div>\n\t\t<\/div>\n\t\t\t\t\t<\/div>\n\t\t<\/section>\n\t\t\t\t<\/div>\n\t\t","protected":false},"excerpt":{"rendered":"<p>\ud83c\udf93 LES SERVICES DE LA FACULT\u00c9 \u00a0 \ud83d\udd35 Vice Doyen charg\u00e9 des \u00e9tudes et des questions li\u00e9es aux \u00e9tudiants \ud83d\udc64 Prof D. Yedjour\ud83d\udce7 dounia.yedjour@univ-usto.dz\ud83c\udfe2 Bureau : 2409 \ud83d\udfe0 Service de <a href=\"https:\/\/www.univ-usto.dz\/faculte\/fac-mathinfo\/secretariat-generale\/\" class=\"read-more\">Lire la suite &#8230;<\/a><\/p>\n","protected":false},"author":1,"featured_media":0,"parent":0,"menu_order":0,"comment_status":"closed","ping_status":"closed","template":"","meta":{"footnotes":""},"class_list":["post-10738","page","type-page","status-publish","hentry"],"_links":{"self":[{"href":"https:\/\/www.univ-usto.dz\/faculte\/fac-mathinfo\/wp-json\/wp\/v2\/pages\/10738","targetHints":{"allow":["GET"]}}],"collection":[{"href":"https:\/\/www.univ-usto.dz\/faculte\/fac-mathinfo\/wp-json\/wp\/v2\/pages"}],"about":[{"href":"https:\/\/www.univ-usto.dz\/faculte\/fac-mathinfo\/wp-json\/wp\/v2\/types\/page"}],"author":[{"embeddable":true,"href":"https:\/\/www.univ-usto.dz\/faculte\/fac-mathinfo\/wp-json\/wp\/v2\/users\/1"}],"replies":[{"embeddable":true,"href":"https:\/\/www.univ-usto.dz\/faculte\/fac-mathinfo\/wp-json\/wp\/v2\/comments?post=10738"}],"version-history":[{"count":59,"href":"https:\/\/www.univ-usto.dz\/faculte\/fac-mathinfo\/wp-json\/wp\/v2\/pages\/10738\/revisions"}],"predecessor-version":[{"id":19285,"href":"https:\/\/www.univ-usto.dz\/faculte\/fac-mathinfo\/wp-json\/wp\/v2\/pages\/10738\/revisions\/19285"}],"wp:attachment":[{"href":"https:\/\/www.univ-usto.dz\/faculte\/fac-mathinfo\/wp-json\/wp\/v2\/media?parent=10738"}],"curies":[{"name":"wp","href":"https:\/\/api.w.org\/{rel}","templated":true}]}}