{"id":10834,"date":"2021-02-16T14:20:06","date_gmt":"2021-02-16T14:20:06","guid":{"rendered":"http:\/\/www.univ-usto.dz\/faculte\/fac-mathinfo\/?page_id=10834"},"modified":"2025-12-23T11:17:40","modified_gmt":"2025-12-23T11:17:40","slug":"manifestations-scientifiques","status":"publish","type":"page","link":"https:\/\/www.univ-usto.dz\/faculte\/fac-mathinfo\/manifestations-scientifiques\/","title":{"rendered":"Relations Ext\u00e9rieures"},"content":{"rendered":"\t\t<div data-elementor-type=\"wp-page\" data-elementor-id=\"10834\" class=\"elementor elementor-10834\">\n\t\t\t\t\t\t<section class=\"elementor-section elementor-top-section elementor-element elementor-element-57170ab featured-conten elementor-section-boxed elementor-section-height-default elementor-section-height-default\" data-id=\"57170ab\" data-element_type=\"section\" data-e-type=\"section\" id=\"featured-conten\" data-settings=\"{&quot;background_background&quot;:&quot;classic&quot;}\">\n\t\t\t\t\t\t<div class=\"elementor-container elementor-column-gap-default\">\n\t\t\t\t\t\t<\/div>\n\t\t<\/section>\n\t\t\t\t<section class=\"elementor-section elementor-top-section elementor-element elementor-element-3d3222d elementor-section-boxed elementor-section-height-default elementor-section-height-default\" data-id=\"3d3222d\" data-element_type=\"section\" data-e-type=\"section\">\n\t\t\t\t\t\t<div class=\"elementor-container elementor-column-gap-default\">\n\t\t\t\t\t<div class=\"elementor-column elementor-col-100 elementor-top-column elementor-element elementor-element-fa8c161\" data-id=\"fa8c161\" data-element_type=\"column\" data-e-type=\"column\">\n\t\t\t<div class=\"elementor-widget-wrap elementor-element-populated\">\n\t\t\t\t\t\t<div class=\"elementor-element elementor-element-04896b5 elementor-tabs-view-horizontal elementor-widget elementor-widget-tabs\" data-id=\"04896b5\" data-element_type=\"widget\" data-e-type=\"widget\" data-widget_type=\"tabs.default\">\n\t\t\t\t<div class=\"elementor-widget-container\">\n\t\t\t\t\t\t\t<div class=\"elementor-tabs\">\n\t\t\t<div class=\"elementor-tabs-wrapper\" role=\"tablist\" >\n\t\t\t\t\t\t\t\t\t<div id=\"elementor-tab-title-4751\" class=\"elementor-tab-title elementor-tab-desktop-title\" aria-selected=\"true\" data-tab=\"1\" role=\"tab\" tabindex=\"0\" aria-controls=\"elementor-tab-content-4751\" aria-expanded=\"false\">Manifestation <\/div>\n\t\t\t\t\t\t\t\t\t<div id=\"elementor-tab-title-4752\" class=\"elementor-tab-title elementor-tab-desktop-title\" aria-selected=\"false\" data-tab=\"2\" role=\"tab\" tabindex=\"-1\" aria-controls=\"elementor-tab-content-4752\" aria-expanded=\"false\">Mobilit\u00e9<\/div>\n\t\t\t\t\t\t\t\t\t<div id=\"elementor-tab-title-4753\" class=\"elementor-tab-title elementor-tab-desktop-title\" aria-selected=\"false\" data-tab=\"3\" role=\"tab\" tabindex=\"-1\" aria-controls=\"elementor-tab-content-4753\" aria-expanded=\"false\">ERASMUS +<\/div>\n\t\t\t\t\t\t\t\t\t<div id=\"elementor-tab-title-4754\" class=\"elementor-tab-title elementor-tab-desktop-title\" aria-selected=\"false\" data-tab=\"4\" role=\"tab\" tabindex=\"-1\" aria-controls=\"elementor-tab-content-4754\" aria-expanded=\"false\">Coop\u00e9ration<\/div>\n\t\t\t\t\t\t\t\t\t<div id=\"elementor-tab-title-4755\" class=\"elementor-tab-title elementor-tab-desktop-title\" aria-selected=\"false\" data-tab=\"5\" role=\"tab\" tabindex=\"-1\" aria-controls=\"elementor-tab-content-4755\" aria-expanded=\"false\">\u00c9tudiant Internationaux <\/div>\n\t\t\t\t\t\t\t<\/div>\n\t\t\t<div class=\"elementor-tabs-content-wrapper\" role=\"tablist\" aria-orientation=\"vertical\">\n\t\t\t\t\t\t\t\t\t<div class=\"elementor-tab-title elementor-tab-mobile-title\" aria-selected=\"true\" data-tab=\"1\" role=\"tab\" tabindex=\"0\" aria-controls=\"elementor-tab-content-4751\" aria-expanded=\"false\">Manifestation <\/div>\n\t\t\t\t\t<div id=\"elementor-tab-content-4751\" class=\"elementor-tab-content elementor-clearfix\" data-tab=\"1\" role=\"tabpanel\" aria-labelledby=\"elementor-tab-title-4751\" tabindex=\"0\" hidden=\"false\"><h2>\u00a0<\/h2><h2><span style=\"color: #333399;\"><b>Manifestations \u00e0 venir:<\/b><\/span><\/h2><div><b>\u00a0<\/b><\/div><div><b>\u00a0<\/b><\/div><h2 style=\"text-align: left;\"><span style=\"color: #ff0000;\">Dossier d&rsquo;organisation de manifestation scientifique<\/span><\/h2><h1 style=\"text-align: left;\"><span style=\"color: #333399;\">\u00a0<\/span><\/h1><div><span style=\"color: #333399;\">\u00a0<\/span><\/div><h3 style=\"text-align: center;\"><span style=\"color: #0000ff;\">(conf\u00e9rences, journ\u00e9es&#8230;.) \u00e0 l&rsquo;universit\u00e9<\/span><\/h3><div><span style=\"color: #333399;\">\u00a0<\/span><\/div><p><strong>1)Fiche technique d\u2019une manifestation scientifique :<\/strong><\/p><p>Intitul\u00e9 de la manifestation<\/p><p>Date et lieu de d\u00e9roulement<\/p><p>Organisateur : \u2026\u2026\u2026\u2026\u2026\u2026\/laboratoire<\/p><p>Nature du colloque : Workshop S\u00e9minaire Conf\u00e9rence<\/p><p>Journ\u00e9e Scientifique Congr\u00e8s Colloque<\/p><p>Objectifs de la manifestation et retomb\u00e9es<\/p><p>R\u00e9sultats escompt\u00e9s de la manifestation<\/p><p>Participants invit\u00e9s:(une liste)<\/p><p>Programme scientifique<\/p><p>Co\u00fbts financiers (billets, h\u00e9bergement, fourniture, restaurations&#8230;)<\/p><p>Principal promoteur financier<\/p><p>Compositions du comit\u00e9 d\u2019organisation : (une liste)<\/p><p>Comit\u00e9 scientifique:(une liste)<\/p><p>Signature du pr\u00e9sident du comit\u00e9 d\u2019organisation<\/p><p>Signature du CSD, CSF, Doyen, conseil du laboratoire, Vice-recteur, Recteur<\/p><p>Probl\u00e9matique en annexe.<\/p><p><strong>2)Extrait des PV des instances scientifiques.<\/strong><\/p><p><strong>3)La lettre de motivation<\/strong><\/p><p><strong>4)La demande d\u2019autorisation d\u2019organisation de la manifestation scientifique adress\u00e9e au Chef d\u2019\u00e9tablissement<\/strong><\/p><p>\u00a0<\/p><\/div>\n\t\t\t\t\t\t\t\t\t<div class=\"elementor-tab-title elementor-tab-mobile-title\" aria-selected=\"false\" data-tab=\"2\" role=\"tab\" tabindex=\"-1\" aria-controls=\"elementor-tab-content-4752\" aria-expanded=\"false\">Mobilit\u00e9<\/div>\n\t\t\t\t\t<div id=\"elementor-tab-content-4752\" class=\"elementor-tab-content elementor-clearfix\" data-tab=\"2\" role=\"tabpanel\" aria-labelledby=\"elementor-tab-title-4752\" tabindex=\"0\" hidden=\"hidden\"><h1 style=\"text-align: left;\"><span style=\"color: #333399;\"><strong><em>&#8211; PARTICIPER A UNE MANIFESTATION :<\/em><\/strong><\/span><\/h1><div><span style=\"color: #333399;\"><strong><em>\u00a0<\/em><\/strong><\/span><\/div><div>\u00a0<\/div><ul><li>Une demande au CSD mentionnant la dur\u00e9e, le lieu, la conf\u00e9rence et son site web.<\/li><li>\ufe0e Lettre acceptation.<\/li><li>\ufe0e l\u2019article.<\/li><li>\ufe0e la description de la conf\u00e9rence.<\/li><li>\ufe0e la description des frais d\u2019inscription en cas de demande d\u2019incidence financi\u00e8re pendant la p\u00e9riode des candidatures.<\/li><\/ul><div>\u00a0<\/div><p><strong><em>Apr\u00e8s acceptation par le CSD:\u00a0<\/em><\/strong><\/p><ul><li>\ufe0e candidature en ligne.<\/li><li>\ufe0e PV du CSD.<\/li><li>\ufe0e copie du passeport.<\/li><li>\ufe0e ch\u00e8que barr\u00e9.<\/li><\/ul><div>\u00a0<\/div><p><strong>Remarque :<\/strong><\/p><p>Il est possible de demander une autorisation pour assister \u00e0 une conf\u00e9rence sans incidence financi\u00e8re, et il est possible de demander la participation \u00e0 une manifestation scientifique pendant la p\u00e9riode de candidature \u00e0 une mobilit\u00e9 scientifique.\u00a0<\/p><p><strong style=\"color: #333399; font-family: 'Merriweather Sans', sans-serif; font-size: 22px; text-align: center; background-color: inherit;\"><em>&#8211; Stage ou s\u00e9jour scientifique :<\/em><\/strong><\/p><p><strong><em>1- LE DOSSIER A FOURNIR POUR LES ENSIGNANTS :<\/em><\/strong><\/p><ul><li>Demande adress\u00e9e au CSD.<\/li><li>Justification des travaux scientifiques et p\u00e9dagogiques.<\/li><li>Candidatures sur la plateforme au site de l\u2019universit\u00e9.<\/li><li>Attestation de dernier stage.<\/li><li>A d\u00e9poser pendant la p\u00e9riode de candidature.<\/li><\/ul><h4><strong><u>A pr\u00e9s s\u00e9lection :<\/u><\/strong><\/h4><div>\u00a0<\/div><ul><li>Copie de passeport.<\/li><li>Fiche de candidature.<\/li><li>Ch\u00e8que barr\u00e9.\u00a0 \u00a0<\/li><\/ul><p><strong><em>2- LE DOSSIER A FOURNIR POUR LE PERSONNEL ADMINISTRATIF :<\/em><\/strong><\/p><ul><li>Candidater en ligne.<\/li><li>Demande de stage.<\/li><li>D\u00e9cision de nomation en poste sup\u00e9rieur.<\/li><li>D\u00e9cision de nomation de grade.<\/li><li>Plan de travail.<\/li><li>Photocopie de passeport.<\/li><li>Dipl\u00f4me universitaire.<\/li><li>Attestation de dernier stage.<\/li><li>A d\u00e9poser pendant la p\u00e9riode de candidature.<\/li><\/ul><p><strong><em>3- LE DOSSIER A FOURNIR POUR LES DOCTORANT :<\/em><\/strong><\/p><ul><li>Lettre d\u2019accueil.<\/li><li>Demande de stage.<\/li><li>Candidature en ligne.<\/li><li>Plan de travail.<\/li><li>Cheque barr\u00e9.<\/li><li>Inscription de l\u2019ann\u00e9e en cours.<\/li><li>Attestation d\u2019affectation CNAS\u00a0en tant qu\u2019\u00e9tudiant ou de non affiliation CASNOS.<\/li><li>Attestation de dernier stage.<\/li><li>A d\u00e9poser pendant la p\u00e9riode de candidature.<\/li><\/ul><h1 style=\"text-align: left;\"><strong style=\"color: #333399;\">-Dossier d&rsquo;actualisation * pour consommer la Mobilit\u00e9*<\/strong><\/h1><div><strong style=\"color: #333399;\">\u00a0<\/strong><\/div><p><em><strong>1- LE DOSSIER A FOURNIR POUR LES ENSIGNANTS :<\/strong><\/em><\/p><ul><li>Demande.<\/li><li>Autorisation d\u2019abssance sign\u00e9e par le chef de d\u00e9partement.<\/li><li>PAF original<\/li><\/ul><p><em><strong>2- LE DOSSIER A FOURNIR POUR LE PERSONNEL ADMINISTRATIF :<\/strong><\/em><\/p><ul><li>Demande.<\/li><li>Autorisation d\u2019absence sign\u00e9e par le responsable directe *secr\u00e9taire g\u00e9n\u00e9ral*.<\/li><li>PAF original<\/li><\/ul><p><em><strong>3- LE DOSSIER A FOURNIR POUR LES DOCTORANT :<\/strong><\/em><\/p><ul><li>Demande.<\/li><li>Copie de billet.<\/li><li>PAF original.<\/li><\/ul><\/div>\n\t\t\t\t\t\t\t\t\t<div class=\"elementor-tab-title elementor-tab-mobile-title\" aria-selected=\"false\" data-tab=\"3\" role=\"tab\" tabindex=\"-1\" aria-controls=\"elementor-tab-content-4753\" aria-expanded=\"false\">ERASMUS +<\/div>\n\t\t\t\t\t<div id=\"elementor-tab-content-4753\" class=\"elementor-tab-content elementor-clearfix\" data-tab=\"3\" role=\"tabpanel\" aria-labelledby=\"elementor-tab-title-4753\" tabindex=\"0\" hidden=\"hidden\"><\/div>\n\t\t\t\t\t\t\t\t\t<div class=\"elementor-tab-title elementor-tab-mobile-title\" aria-selected=\"false\" data-tab=\"4\" role=\"tab\" tabindex=\"-1\" aria-controls=\"elementor-tab-content-4754\" aria-expanded=\"false\">Coop\u00e9ration<\/div>\n\t\t\t\t\t<div id=\"elementor-tab-content-4754\" class=\"elementor-tab-content elementor-clearfix\" data-tab=\"4\" role=\"tabpanel\" aria-labelledby=\"elementor-tab-title-4754\" tabindex=\"0\" hidden=\"hidden\"><\/div>\n\t\t\t\t\t\t\t\t\t<div class=\"elementor-tab-title elementor-tab-mobile-title\" aria-selected=\"false\" data-tab=\"5\" role=\"tab\" tabindex=\"-1\" aria-controls=\"elementor-tab-content-4755\" aria-expanded=\"false\">\u00c9tudiant Internationaux <\/div>\n\t\t\t\t\t<div id=\"elementor-tab-content-4755\" class=\"elementor-tab-content elementor-clearfix\" data-tab=\"5\" role=\"tabpanel\" aria-labelledby=\"elementor-tab-title-4755\" tabindex=\"0\" hidden=\"hidden\"><p><strong>\u00a0 \u00a0 \u00a0 \u00a0 \u00a0 \u00a0 \u00a0 \u00a0 \u00a0 \u00a0 \u00a0 \u00a0 \u00a0 \u00a0 \u00a0 \u00a0 \u00a0 \u00a0 \u00a0 \u00a0 \u00a0 \u00a0 \u00a0 \u00a0 \u00a0<\/strong><\/p><p><strong>\u00a0 \u00a0 \u00a0 \u00a0\u00a0<\/strong><\/p><\/div>\n\t\t\t\t\t\t\t<\/div>\n\t\t<\/div>\n\t\t\t\t\t\t<\/div>\n\t\t\t\t<\/div>\n\t\t\t\t\t<\/div>\n\t\t<\/div>\n\t\t\t\t\t<\/div>\n\t\t<\/section>\n\t\t\t\t<section class=\"elementor-section elementor-top-section elementor-element elementor-element-b62a748 elementor-section-boxed elementor-section-height-default elementor-section-height-default\" data-id=\"b62a748\" data-element_type=\"section\" data-e-type=\"section\">\n\t\t\t\t\t\t<div class=\"elementor-container elementor-column-gap-default\">\n\t\t\t\t\t<div class=\"elementor-column elementor-col-25 elementor-top-column elementor-element elementor-element-2918b62\" data-id=\"2918b62\" data-element_type=\"column\" data-e-type=\"column\">\n\t\t\t<div class=\"elementor-widget-wrap\">\n\t\t\t\t\t\t\t<\/div>\n\t\t<\/div>\n\t\t\t\t<div class=\"elementor-column elementor-col-25 elementor-top-column elementor-element elementor-element-b810a8b\" data-id=\"b810a8b\" data-element_type=\"column\" data-e-type=\"column\">\n\t\t\t<div class=\"elementor-widget-wrap\">\n\t\t\t\t\t\t\t<\/div>\n\t\t<\/div>\n\t\t\t\t<div class=\"elementor-column elementor-col-25 elementor-top-column elementor-element elementor-element-32d25b2\" data-id=\"32d25b2\" data-element_type=\"column\" data-e-type=\"column\">\n\t\t\t<div class=\"elementor-widget-wrap\">\n\t\t\t\t\t\t\t<\/div>\n\t\t<\/div>\n\t\t\t\t<div class=\"elementor-column elementor-col-25 elementor-top-column elementor-element elementor-element-8f1e10c\" data-id=\"8f1e10c\" data-element_type=\"column\" data-e-type=\"column\">\n\t\t\t<div class=\"elementor-widget-wrap\">\n\t\t\t\t\t\t\t<\/div>\n\t\t<\/div>\n\t\t\t\t\t<\/div>\n\t\t<\/section>\n\t\t\t\t<\/div>\n\t\t","protected":false},"excerpt":{"rendered":"<p>Manifestation Mobilit\u00e9 ERASMUS + Coop\u00e9ration \u00c9tudiant Internationaux Manifestation \u00a0 Manifestations \u00e0 venir: \u00a0\u00a0 Dossier d&rsquo;organisation de manifestation scientifique \u00a0 \u00a0 (conf\u00e9rences, journ\u00e9es&#8230;.) \u00e0 l&rsquo;universit\u00e9 \u00a0 1)Fiche technique d\u2019une manifestation scientifique <a href=\"https:\/\/www.univ-usto.dz\/faculte\/fac-mathinfo\/manifestations-scientifiques\/\" class=\"read-more\">Lire la suite &#8230;<\/a><\/p>\n","protected":false},"author":1,"featured_media":0,"parent":0,"menu_order":0,"comment_status":"closed","ping_status":"closed","template":"","meta":{"footnotes":""},"class_list":["post-10834","page","type-page","status-publish","hentry"],"_links":{"self":[{"href":"https:\/\/www.univ-usto.dz\/faculte\/fac-mathinfo\/wp-json\/wp\/v2\/pages\/10834","targetHints":{"allow":["GET"]}}],"collection":[{"href":"https:\/\/www.univ-usto.dz\/faculte\/fac-mathinfo\/wp-json\/wp\/v2\/pages"}],"about":[{"href":"https:\/\/www.univ-usto.dz\/faculte\/fac-mathinfo\/wp-json\/wp\/v2\/types\/page"}],"author":[{"embeddable":true,"href":"https:\/\/www.univ-usto.dz\/faculte\/fac-mathinfo\/wp-json\/wp\/v2\/users\/1"}],"replies":[{"embeddable":true,"href":"https:\/\/www.univ-usto.dz\/faculte\/fac-mathinfo\/wp-json\/wp\/v2\/comments?post=10834"}],"version-history":[{"count":366,"href":"https:\/\/www.univ-usto.dz\/faculte\/fac-mathinfo\/wp-json\/wp\/v2\/pages\/10834\/revisions"}],"predecessor-version":[{"id":18504,"href":"https:\/\/www.univ-usto.dz\/faculte\/fac-mathinfo\/wp-json\/wp\/v2\/pages\/10834\/revisions\/18504"}],"wp:attachment":[{"href":"https:\/\/www.univ-usto.dz\/faculte\/fac-mathinfo\/wp-json\/wp\/v2\/media?parent=10834"}],"curies":[{"name":"wp","href":"https:\/\/api.w.org\/{rel}","templated":true}]}}