{"id":10848,"date":"2021-02-16T14:24:28","date_gmt":"2021-02-16T14:24:28","guid":{"rendered":"http:\/\/www.univ-usto.dz\/faculte\/fac-mathinfo\/?page_id=10848"},"modified":"2026-04-08T14:37:04","modified_gmt":"2026-04-08T14:37:04","slug":"conseil-scientifique-2","status":"publish","type":"page","link":"https:\/\/www.univ-usto.dz\/faculte\/fac-mathinfo\/conseil-scientifique-2\/","title":{"rendered":"Conseil scientifique"},"content":{"rendered":"\t\t<div data-elementor-type=\"wp-page\" data-elementor-id=\"10848\" class=\"elementor elementor-10848\">\n\t\t\t\t\t\t<section class=\"elementor-section elementor-top-section elementor-element elementor-element-703bbe4 elementor-section-boxed elementor-section-height-default elementor-section-height-default\" data-id=\"703bbe4\" data-element_type=\"section\" data-e-type=\"section\">\n\t\t\t\t\t\t<div class=\"elementor-container elementor-column-gap-default\">\n\t\t\t\t\t<div class=\"elementor-column elementor-col-50 elementor-top-column elementor-element elementor-element-62c2c43\" data-id=\"62c2c43\" data-element_type=\"column\" data-e-type=\"column\">\n\t\t\t<div class=\"elementor-widget-wrap elementor-element-populated\">\n\t\t\t\t\t\t<div class=\"elementor-element elementor-element-6ec5284 elementor-widget elementor-widget-wp-widget-bellows_navigation_widget\" data-id=\"6ec5284\" data-element_type=\"widget\" data-e-type=\"widget\" data-widget_type=\"wp-widget-bellows_navigation_widget.default\">\n\t\t\t\t<div class=\"elementor-widget-container\">\n\t\t\t\t\t<nav id=\"bellows-main-17\" class=\"bellows bellows-nojs bellows-main bellows-source-menu bellows-align-center bellows-skin-vanilla bellows-type-\"><ul id=\"menu-post-graduation-recherche\" class=\"bellows-nav\" data-bellows-config=\"main\"><li id=\"menu-item-13337\" class=\"bellows-menu-item bellows-menu-item-type-post_type bellows-menu-item-object-page bellows-menu-item-13337 bellows-item-level-0\"><a  href=\"https:\/\/www.univ-usto.dz\/faculte\/fac-mathinfo\/la-liste-des-laboratoires\/\" class=\"bellows-target\"><span class=\"bellows-target-title bellows-target-text\">Post Graduation<\/span><\/a><\/li>\n<li id=\"menu-item-12124\" class=\"bellows-menu-item bellows-menu-item-type-post_type bellows-menu-item-object-page bellows-menu-item-12124 bellows-item-level-0\"><a  href=\"https:\/\/www.univ-usto.dz\/faculte\/fac-mathinfo\/projets-de-recherche-2\/\" class=\"bellows-target\"><span class=\"bellows-target-title bellows-target-text\">Recherche Scientifique<\/span><\/a><\/li>\n<li id=\"menu-item-12147\" class=\"bellows-menu-item bellows-menu-item-type-post_type bellows-menu-item-object-page bellows-menu-item-12147 bellows-item-level-0\"><a  href=\"https:\/\/www.univ-usto.dz\/faculte\/fac-mathinfo\/conseil-scientifique-2\/\" class=\"bellows-target\"><span class=\"bellows-target-title bellows-target-text\">Conseil scientifique<\/span><\/a><\/li>\n<\/ul><\/nav>\t\t\t\t<\/div>\n\t\t\t\t<\/div>\n\t\t\t\t\t<\/div>\n\t\t<\/div>\n\t\t\t\t<div class=\"elementor-column elementor-col-50 elementor-top-column elementor-element elementor-element-eff045f\" data-id=\"eff045f\" data-element_type=\"column\" data-e-type=\"column\">\n\t\t\t<div class=\"elementor-widget-wrap elementor-element-populated\">\n\t\t\t\t\t\t<div class=\"elementor-element elementor-element-5bff497 elementor-widget-mobile__width-initial elementor-widget elementor-widget-image\" data-id=\"5bff497\" data-element_type=\"widget\" data-e-type=\"widget\" data-widget_type=\"image.default\">\n\t\t\t\t<div class=\"elementor-widget-container\">\n\t\t\t\t\t\t\t\t\t\t\t\t\t\t\t<img fetchpriority=\"high\" decoding=\"async\" width=\"450\" height=\"305\" src=\"https:\/\/www.univ-usto.dz\/faculte\/fac-mathinfo\/wp-content\/uploads\/2023\/12\/photo.png\" class=\"attachment-full size-full wp-image-13973\" alt=\"\" srcset=\"https:\/\/www.univ-usto.dz\/faculte\/fac-mathinfo\/wp-content\/uploads\/2023\/12\/photo.png 450w, https:\/\/www.univ-usto.dz\/faculte\/fac-mathinfo\/wp-content\/uploads\/2023\/12\/photo-300x203.png 300w, https:\/\/www.univ-usto.dz\/faculte\/fac-mathinfo\/wp-content\/uploads\/2023\/12\/photo-360x244.png 360w, https:\/\/www.univ-usto.dz\/faculte\/fac-mathinfo\/wp-content\/uploads\/2023\/12\/photo-24x16.png 24w, https:\/\/www.univ-usto.dz\/faculte\/fac-mathinfo\/wp-content\/uploads\/2023\/12\/photo-36x24.png 36w, https:\/\/www.univ-usto.dz\/faculte\/fac-mathinfo\/wp-content\/uploads\/2023\/12\/photo-48x33.png 48w\" sizes=\"(max-width: 450px) 100vw, 450px\" \/>\t\t\t\t\t\t\t\t\t\t\t\t\t\t\t<\/div>\n\t\t\t\t<\/div>\n\t\t\t\t\t<\/div>\n\t\t<\/div>\n\t\t\t\t\t<\/div>\n\t\t<\/section>\n\t\t\t\t<section class=\"elementor-section elementor-top-section elementor-element elementor-element-78b430f elementor-section-boxed elementor-section-height-default elementor-section-height-default\" data-id=\"78b430f\" data-element_type=\"section\" data-e-type=\"section\">\n\t\t\t\t\t\t<div class=\"elementor-container elementor-column-gap-default\">\n\t\t\t\t\t<div class=\"elementor-column elementor-col-50 elementor-top-column elementor-element elementor-element-b74bcff\" data-id=\"b74bcff\" data-element_type=\"column\" data-e-type=\"column\">\n\t\t\t<div class=\"elementor-widget-wrap\">\n\t\t\t\t\t\t\t<\/div>\n\t\t<\/div>\n\t\t\t\t<div class=\"elementor-column elementor-col-50 elementor-top-column elementor-element elementor-element-ba42a6c\" data-id=\"ba42a6c\" data-element_type=\"column\" data-e-type=\"column\">\n\t\t\t<div class=\"elementor-widget-wrap\">\n\t\t\t\t\t\t\t<\/div>\n\t\t<\/div>\n\t\t\t\t\t<\/div>\n\t\t<\/section>\n\t\t\t\t<section class=\"elementor-section elementor-top-section elementor-element elementor-element-21a2516 elementor-section-boxed elementor-section-height-default elementor-section-height-default\" data-id=\"21a2516\" data-element_type=\"section\" data-e-type=\"section\">\n\t\t\t\t\t\t<div class=\"elementor-container elementor-column-gap-default\">\n\t\t\t\t\t<div class=\"elementor-column elementor-col-100 elementor-top-column elementor-element elementor-element-8251d12\" data-id=\"8251d12\" data-element_type=\"column\" data-e-type=\"column\">\n\t\t\t<div class=\"elementor-widget-wrap elementor-element-populated\">\n\t\t\t\t\t\t<div class=\"elementor-element elementor-element-b8532f1 elementor-tabs-view-horizontal elementor-widget elementor-widget-tabs\" data-id=\"b8532f1\" data-element_type=\"widget\" data-e-type=\"widget\" data-widget_type=\"tabs.default\">\n\t\t\t\t<div class=\"elementor-widget-container\">\n\t\t\t\t\t\t\t<div class=\"elementor-tabs\">\n\t\t\t<div class=\"elementor-tabs-wrapper\" role=\"tablist\" >\n\t\t\t\t\t\t\t\t\t<div id=\"elementor-tab-title-1931\" class=\"elementor-tab-title elementor-tab-desktop-title\" aria-selected=\"true\" data-tab=\"1\" role=\"tab\" tabindex=\"0\" aria-controls=\"elementor-tab-content-1931\" aria-expanded=\"false\">PV des instances\u00a0<\/div>\n\t\t\t\t\t\t\t\t\t<div id=\"elementor-tab-title-1932\" class=\"elementor-tab-title elementor-tab-desktop-title\" aria-selected=\"false\" data-tab=\"2\" role=\"tab\" tabindex=\"-1\" aria-controls=\"elementor-tab-content-1932\" aria-expanded=\"false\">membres des instances scientifiques<\/div>\n\t\t\t\t\t\t\t\t\t<div id=\"elementor-tab-title-1933\" class=\"elementor-tab-title elementor-tab-desktop-title\" aria-selected=\"false\" data-tab=\"3\" role=\"tab\" tabindex=\"-1\" aria-controls=\"elementor-tab-content-1933\" aria-expanded=\"false\"> calendrier<\/div>\n\t\t\t\t\t\t\t<\/div>\n\t\t\t<div class=\"elementor-tabs-content-wrapper\" role=\"tablist\" aria-orientation=\"vertical\">\n\t\t\t\t\t\t\t\t\t<div class=\"elementor-tab-title elementor-tab-mobile-title\" aria-selected=\"true\" data-tab=\"1\" role=\"tab\" tabindex=\"0\" aria-controls=\"elementor-tab-content-1931\" aria-expanded=\"false\">PV des instances\u00a0<\/div>\n\t\t\t\t\t<div id=\"elementor-tab-content-1931\" class=\"elementor-tab-content elementor-clearfix\" data-tab=\"1\" role=\"tabpanel\" aria-labelledby=\"elementor-tab-title-1931\" tabindex=\"0\" hidden=\"false\"><p>\u00a0<\/p><h1 style=\"text-align: center;\"><strong><span style=\"color: #0000ff; text-decoration-line: underline;\">Ann\u00e9e 2025\/2026<\/span><\/strong><\/h1><p><strong style=\"background-color: inherit;\"><span style=\"color: #ff0000;\">PV CSF\u00a0<\/span><\/strong><\/p><p>Le 19\/03\/2026 <strong><a href=\"https:\/\/www.univ-usto.dz\/faculte\/fac-mathinfo\/wp-content\/uploads\/2026\/04\/pv-csf19032026.pdf\">&#8211; Voir &#8211;<\/a><\/strong><\/p><p>Le 18\/12\/2025 <strong><a href=\"https:\/\/www.univ-usto.dz\/faculte\/fac-mathinfo\/wp-content\/uploads\/2026\/02\/doc00445520260111143237_rotated.pdf\">&#8211; Voir &#8211;<\/a><\/strong><\/p><p>Le 18\/09\/2025\u00a0<b> <a href=\"https:\/\/www.univ-usto.dz\/faculte\/fac-mathinfo\/wp-content\/uploads\/2026\/02\/pv-csf-2025-le-18.09.2025.pdf\">&#8211; Voir &#8211;<\/a><\/b><\/p><p><strong style=\"background-color: inherit;\"><span style=\"color: #ff0000;\">PV CSD D\u00e9partement des Math\u00e9matique:<\/span><\/strong><\/p><p>Le 23\/10\/2025 <strong><a href=\"https:\/\/www.univ-usto.dz\/faculte\/fac-mathinfo\/wp-content\/uploads\/2026\/02\/PV_CSD-du-J.23-10-25.pdf\">&#8211; Voir &#8211;<\/a><\/strong><\/p><p>Le 15\/12\/2025 <strong><a href=\"https:\/\/www.univ-usto.dz\/faculte\/fac-mathinfo\/wp-content\/uploads\/2026\/02\/pv-csd-15-12-25.pdf\">&#8211; Voir &#8211;<\/a><\/strong><\/p><p><strong style=\"background-color: inherit;\"><span style=\"color: #ff0000;\">PV CSD D\u00e9partement d&rsquo;Informatique:<\/span><\/strong><\/p><p>Le 15\/12\/2025 <strong><a href=\"https:\/\/www.univ-usto.dz\/faculte\/fac-mathinfo\/wp-content\/uploads\/2026\/02\/PV-CSD-15-12-2025.pdf\">&#8211; Voir &#8211;<\/a><\/strong><\/p><p>Le 27\/10\/2025<strong> <a href=\"https:\/\/www.univ-usto.dz\/faculte\/fac-mathinfo\/wp-content\/uploads\/2026\/02\/PV-CSD-27-10-2025.pdf\">&#8211; Voir &#8211;<\/a><\/strong><\/p><h1>\u00a0<\/h1><h1 style=\"text-align: center;\"><strong><span style=\"color: #0000ff; text-decoration-line: underline;\">Ann\u00e9e 2024\/2025<\/span><\/strong><\/h1><div><strong><span style=\"color: #0000ff; text-decoration-line: underline;\">\u00a0<\/span><\/strong><\/div><div><strong><span style=\"color: #0000ff; text-decoration-line: underline;\">\u00a0<\/span><\/strong><\/div><div><strong style=\"color: #666666; font-size: 16px; background-color: inherit;\"><span style=\"color: #ff0000;\">PV CSF<\/span><\/strong><\/div><p>Le 01\/07\/2025<strong> <a href=\"https:\/\/www.univ-usto.dz\/faculte\/fac-mathinfo\/wp-content\/uploads\/2026\/02\/pv-csf-01-07-2025.pdf\">&#8211; Voir-<\/a><\/strong><\/p><p>Le 18\/05\/2025 <strong><a href=\"https:\/\/www.univ-usto.dz\/faculte\/fac-mathinfo\/wp-content\/uploads\/2025\/06\/18.05.2025csf.pdf\">-Voir-<\/a><\/strong><\/p><p>Le 16\/03\/2025<strong> <a href=\"https:\/\/www.univ-usto.dz\/faculte\/fac-mathinfo\/wp-content\/uploads\/2025\/06\/doc00465420250325110039.pdf\">&#8211; Voir &#8211;<\/a><\/strong><\/p><p>Le 23\/02\/2025 <strong><a href=\"https:\/\/www.univ-usto.dz\/faculte\/fac-mathinfo\/wp-content\/uploads\/2025\/06\/23.02.2025pv-csf.pdf\">&#8211; Voir &#8211;<\/a><\/strong><\/p><p>Le 17\/02\/2025 <strong><a href=\"https:\/\/www.univ-usto.dz\/faculte\/fac-mathinfo\/wp-content\/uploads\/2025\/06\/17.02.2025pv-csf.pdf\">-Voir-<\/a><\/strong><\/p><p>Le 16\/12\/2024 <a href=\"https:\/\/www.univ-usto.dz\/faculte\/fac-mathinfo\/wp-content\/uploads\/2025\/02\/PV-CSF16.12.2024.pdf\">&#8211; <strong>Voir<\/strong> &#8211;<\/a><\/p><p>Le 11\/09\/2024 <strong><a href=\"https:\/\/www.univ-usto.dz\/faculte\/fac-mathinfo\/wp-content\/uploads\/2024\/09\/PV-CSF-11092024.pdf\">-Voir-<\/a><\/strong><\/p><h1>\u00a0<\/h1><h1 style=\"text-align: center;\"><strong><span style=\"color: #0000ff; text-decoration-line: underline;\">Ann\u00e9e 2023\/2024<\/span><\/strong><\/h1><div><strong><span style=\"color: #0000ff; text-decoration-line: underline;\">\u00a0<\/span><\/strong><\/div><div><strong style=\"color: #666666; font-size: 16px; background-color: inherit;\"><span style=\"color: #ff0000;\">\u00a0<\/span><\/strong><\/div><div><strong style=\"color: #666666; font-size: 16px; background-color: inherit;\"><span style=\"color: #ff0000;\">PV CSF<\/span><\/strong><\/div><p>Le 22\/05\/2024<a href=\"https:\/\/www.univ-usto.dz\/faculte\/fac-mathinfo\/wp-content\/uploads\/2024\/05\/pv-CSF22.05.2024.pdf\">&#8211;<strong>Voir<\/strong>&#8211;<\/a><\/p><p>Le 20\/03\/2024<strong> <a href=\"https:\/\/www.univ-usto.dz\/faculte\/fac-mathinfo\/wp-content\/uploads\/2024\/03\/pv-CSF-20.03.2024-1-1.pdf\">&#8211; Voir &#8211;<\/a><\/strong><\/p><p><strong><span style=\"color: #ff0000;\">PV CFD d\u00e9partement d&rsquo;informatique:<\/span><\/strong><\/p><p>Le 06\/05\/2024 <a href=\"https:\/\/www.univ-usto.dz\/faculte\/fac-mathinfo\/wp-content\/uploads\/2024\/05\/PV-CFD-2024-06-05-2024.pdf\">&#8211;<strong>Voir<\/strong>&#8211;<\/a><\/p><p><strong><span style=\"color: #ff0000;\">PV CSD d\u00e9partement d&rsquo;informatique:<\/span><\/strong><\/p><p>Le 06\/05\/2024 <a href=\"https:\/\/www.univ-usto.dz\/faculte\/fac-mathinfo\/wp-content\/uploads\/2024\/05\/PV-CSD-Extraordinaire-06-05-2024.pdf\">&#8211;<strong>Voir<\/strong>&#8211;<\/a><\/p><p>Le 18\/03\/2024 <strong>&#8211; <a href=\"https:\/\/www.univ-usto.dz\/faculte\/fac-mathinfo\/wp-content\/uploads\/2024\/03\/PV-CSD-Extraordinaire-18-03-2024-Scanned.pdf\">Voir &#8211;<\/a><\/strong><\/p><p>Le 26\/02\/2024\u00a0 <strong><a href=\"https:\/\/www.univ-usto.dz\/faculte\/fac-mathinfo\/wp-content\/uploads\/2024\/03\/PV-CSD-26-02-2024-scanned.pdf\">-Voir-<\/a><\/strong><\/p><p><a href=\"https:\/\/www.univ-usto.dz\/faculte\/fac-mathinfo\/wp-content\/uploads\/2024\/05\/Jurys-PFE-MASTER-2023-2024.pdf\">Jurys PFE MASTER 2023-2024<\/a><\/p><p><strong><span style=\"color: #ff0000;\">PV CFD D\u00e9partement des math\u00e9matiques:<\/span><\/strong><\/p><p><strong><span style=\"color: #ff0000;\"><span style=\"color: #0000ff;\"><span style=\"color: #808080;\">Le 05\/03\/2024 <\/span>&#8211;<\/span><a href=\"https:\/\/www.univ-usto.dz\/faculte\/fac-mathinfo\/wp-content\/uploads\/2024\/03\/pv-vfd-05.03.2024-maths.pdf\">Voir-<\/a><\/span><\/strong><\/p><p><strong><span style=\"color: #ff0000;\">PV CSD D\u00e9partement des math\u00e9matiques:<\/span><\/strong><\/p><p><strong><span style=\"color: #ff0000;\"><span style=\"color: #0000ff;\"><span style=\"color: #808080;\">Le 07\/03\/2024 <\/span>&#8211;<a href=\"https:\/\/www.univ-usto.dz\/faculte\/fac-mathinfo\/wp-content\/uploads\/2024\/03\/pv-cds-maths-07.03.2024-2.pdf\">Voir<\/a>&#8211;<\/span><\/span><\/strong><\/p><p><em><strong><a href=\"https:\/\/www.univ-usto.dz\/faculte\/fac-mathinfo\/wp-content\/uploads\/2024\/06\/\u0645\u0630\u0643\u0631\u0629-136-\u0644\u0644\u0647\u064a\u0626\u0627\u062a-\u0627\u0644\u0639\u0644\u0645\u064a\u0629-\u0623\u0643\u062a\u0648\u0628\u0631-2015-1-1.pdf\">La note de cadrage courrier\u00a0 N\u00b0136 \/DFD\/MESRS du 11\u00a0octobre 2015<\/a><\/strong><\/em><\/p><h1>\u00a0<\/h1><h1 style=\"text-align: center;\"><span style=\"text-decoration: underline; color: #0000ff;\"><strong>Ann\u00e9e 2022\/2023<\/strong><\/span><\/h1><p><strong><span style=\"color: #ff0000;\">PVs CSF : <a href=\"https:\/\/www.univ-usto.dz\/faculte\/fac-mathinfo\/wp-content\/uploads\/2024\/02\/PV-CSF.pdf\">Voir<\/a><\/span><\/strong><\/p><p><strong><span style=\"color: #ff0000;\">PVs CSD D\u00e9partement d&rsquo;informatique : <a href=\"https:\/\/www.univ-usto.dz\/faculte\/fac-mathinfo\/wp-content\/uploads\/2024\/02\/1_merged_compressed.pdf\">Voir<\/a><\/span><\/strong><\/p><p><strong><span style=\"color: #ff0000;\">PVs CSD D\u00e9partement des math\u00e9matiques:<a href=\"https:\/\/www.univ-usto.dz\/faculte\/fac-mathinfo\/wp-content\/uploads\/2024\/02\/pv-csd-maths.pdf\">Voir<\/a><\/span><\/strong><\/p><p><strong><span style=\"color: #ff0000;\">PVs CFD d&rsquo;\u00e9partement d&rsquo;informatique:<a href=\"https:\/\/www.univ-usto.dz\/faculte\/fac-mathinfo\/wp-content\/uploads\/2024\/02\/PV-CFD-inf.pdf\">Voir<\/a><\/span><\/strong><\/p><p><strong><span style=\"color: #ff0000;\">PVs CFD d&rsquo;\u00e9partement des math\u00e9matiques:<a href=\"https:\/\/www.univ-usto.dz\/faculte\/fac-mathinfo\/wp-content\/uploads\/2024\/02\/pv-cfd-maths.pdf\">Voir<\/a><\/span><\/strong><\/p><\/div>\n\t\t\t\t\t\t\t\t\t<div class=\"elementor-tab-title elementor-tab-mobile-title\" aria-selected=\"false\" data-tab=\"2\" role=\"tab\" tabindex=\"-1\" aria-controls=\"elementor-tab-content-1932\" aria-expanded=\"false\">membres des instances scientifiques<\/div>\n\t\t\t\t\t<div id=\"elementor-tab-content-1932\" class=\"elementor-tab-content elementor-clearfix\" data-tab=\"2\" role=\"tabpanel\" aria-labelledby=\"elementor-tab-title-1932\" tabindex=\"0\" hidden=\"hidden\"><p><span style=\"color: #666699;\"><strong>Conseil scientifique de la facult\u00e9 pr\u00e9sid\u00e9 par: <span style=\"color: #333333;\">Dr Medjadj Imene<\/span><\/strong><\/span><\/p><p><strong><span style=\"color: #333399;\">Les Membres:\u00a0 \u00a0\u00a0<\/span> \u00a0 \u00a0 \u00a0 \u00a0 \u00a0 \u00a0 \u00a0 \u00a0 \u00a0 \u00a0 \u00a0 \u00a0<\/strong><\/p><ul><li><strong>Pr DJEBBAR Bachir<\/strong><\/li><li><strong>Dr DEKHICI Latifa<\/strong><\/li><li><strong>Dr KIES Ali<\/strong><\/li><li><strong>Pr TLEMSANI Redouane<\/strong><\/li><li><strong>Dr BEKKARA Samir<\/strong><\/li><li><strong>Dr YEDJOUR Dounia<\/strong><\/li><li><strong>Pr TLEMCANI Mounir<\/strong><\/li><li><strong>Mr BERNOUSSI Mohamed<\/strong><\/li><li><strong>Dr BENAMRANE Nac\u00e9ra<\/strong><\/li><li><strong>Dr BELKADI Khaled<\/strong><\/li><li><strong>Pr DOUAR N\u00e9eRADJEF Sonia<\/strong><\/li><li><strong>Dr BAGHDADI Leila<\/strong><\/li><li><strong>Dr GHARDAOUI Sara<\/strong><\/li><li><strong>Dr MESSOUS Abdelrahmane<\/strong><\/li><\/ul><p><span style=\"color: #666699;\"><strong>Comit\u00e9 Scientifique du D\u00e9partement des Math\u00e9matiques pr\u00e9sid\u00e9 par: <span style=\"color: #333333;\">Dr Bekkara Samir<\/span><\/strong><\/span><\/p><p style=\"text-align: left;\"><strong> <span style=\"color: #333399;\">Les Membres:<\/span> \u00a0 \u00a0 \u00a0 \u00a0 \u00a0 \u00a0 \u00a0 \u00a0 \u00a0 \u00a0 \u00a0 \u00a0 \u00a0 \u00a0 \u00a0 \u00a0 \u00a0 \u00a0 \u00a0<\/strong><\/p><ul><li><strong>Pr TLEMCANI Mounir<\/strong><\/li><li><strong>Dr HAMDAOUI Abdelnour<\/strong><\/li><li><strong>Dr BENAISSA CHERIF Amine<\/strong><\/li><li><strong>Dr HARAT Chahraezd<\/strong><\/li><li><strong>Dr BENKAMRA Zohra<\/strong><\/li><li><strong>Dr BOUREGHA Dalila<\/strong><\/li><li><strong>Dr RAHLA Rima Imen<\/strong><\/li><li><strong>Dr BOUCHAMA Chaima<\/strong><\/li><\/ul><p><span style=\"color: #666699;\"><strong>Comit\u00e9 Scientifique du D\u00e9partement Informatique pr\u00e9sid\u00e9 par: <span style=\"color: #333333;\">Pr TLEMSANI Redouane<\/span><\/strong><\/span><\/p><p><span style=\"color: #000080;\"><strong>Les Membres:\u00a0\u00a0 \u00a0 \u00a0 \u00a0 \u00a0 \u00a0 \u00a0 \u00a0 \u00a0 \u00a0 \u00a0 \u00a0 \u00a0 \u00a0 \u00a0 \u00a0 \u00a0 \u00a0 \u00a0<\/strong><\/span><\/p><ul><li><strong>Pr YEDJOUR Dounia<\/strong><\/li><li><strong>Dr RACHDI Abdelkrim<\/strong><\/li><li><strong>Dr RACHDI Abdelkrim<\/strong><\/li><li><strong>Dr CHOUCHA chams Elddine<\/strong><\/li><li><strong>Dr BOUZIANE Hafida<\/strong><\/li><li><strong>Dr BENZIANE Sarah<\/strong><\/li><li><strong>Dr BOUTOUIL Sarah<\/strong><\/li><li><strong>Dr MOURI Hayet<\/strong><\/li><li><strong>Dr BELBACHIR Khadidja<\/strong><\/li><\/ul><p style=\"text-align: left;\">\u00a0<\/p><\/div>\n\t\t\t\t\t\t\t\t\t<div class=\"elementor-tab-title elementor-tab-mobile-title\" aria-selected=\"false\" data-tab=\"3\" role=\"tab\" tabindex=\"-1\" aria-controls=\"elementor-tab-content-1933\" aria-expanded=\"false\"> calendrier<\/div>\n\t\t\t\t\t<div id=\"elementor-tab-content-1933\" class=\"elementor-tab-content elementor-clearfix\" data-tab=\"3\" role=\"tabpanel\" aria-labelledby=\"elementor-tab-title-1933\" tabindex=\"0\" hidden=\"hidden\"><div dir=\"ltr\"><div dir=\"auto\"><div>\u00a0<\/div><div><span style=\"color: #ff0000;\">\u00a0<\/span><\/div><div>\u00a0<\/div><div>\u00a0<\/div><div>\u00a0<\/div><div>\u00a0<\/div><div>\u00a0<\/div><\/div><\/div><\/div>\n\t\t\t\t\t\t\t<\/div>\n\t\t<\/div>\n\t\t\t\t\t\t<\/div>\n\t\t\t\t<\/div>\n\t\t\t\t\t<\/div>\n\t\t<\/div>\n\t\t\t\t\t<\/div>\n\t\t<\/section>\n\t\t\t\t<section class=\"elementor-section elementor-top-section elementor-element elementor-element-57170ab featured-conten elementor-section-boxed elementor-section-height-default elementor-section-height-default\" data-id=\"57170ab\" data-element_type=\"section\" data-e-type=\"section\" id=\"featured-conten\" data-settings=\"{&quot;background_background&quot;:&quot;classic&quot;}\">\n\t\t\t\t\t\t<div class=\"elementor-container elementor-column-gap-default\">\n\t\t\t\t\t\t<\/div>\n\t\t<\/section>\n\t\t\t\t<\/div>\n\t\t","protected":false},"excerpt":{"rendered":"<p>PV des instances\u00a0 membres des instances scientifiques calendrier PV des instances\u00a0 \u00a0 Ann\u00e9e 2025\/2026 PV CSF\u00a0 Le 19\/03\/2026 &#8211; Voir &#8211; Le 18\/12\/2025 &#8211; Voir &#8211; Le 18\/09\/2025\u00a0 &#8211; Voir <a href=\"https:\/\/www.univ-usto.dz\/faculte\/fac-mathinfo\/conseil-scientifique-2\/\" class=\"read-more\">Lire la suite &#8230;<\/a><\/p>\n","protected":false},"author":1,"featured_media":0,"parent":0,"menu_order":0,"comment_status":"closed","ping_status":"closed","template":"","meta":{"footnotes":""},"class_list":["post-10848","page","type-page","status-publish","hentry"],"_links":{"self":[{"href":"https:\/\/www.univ-usto.dz\/faculte\/fac-mathinfo\/wp-json\/wp\/v2\/pages\/10848","targetHints":{"allow":["GET"]}}],"collection":[{"href":"https:\/\/www.univ-usto.dz\/faculte\/fac-mathinfo\/wp-json\/wp\/v2\/pages"}],"about":[{"href":"https:\/\/www.univ-usto.dz\/faculte\/fac-mathinfo\/wp-json\/wp\/v2\/types\/page"}],"author":[{"embeddable":true,"href":"https:\/\/www.univ-usto.dz\/faculte\/fac-mathinfo\/wp-json\/wp\/v2\/users\/1"}],"replies":[{"embeddable":true,"href":"https:\/\/www.univ-usto.dz\/faculte\/fac-mathinfo\/wp-json\/wp\/v2\/comments?post=10848"}],"version-history":[{"count":439,"href":"https:\/\/www.univ-usto.dz\/faculte\/fac-mathinfo\/wp-json\/wp\/v2\/pages\/10848\/revisions"}],"predecessor-version":[{"id":19257,"href":"https:\/\/www.univ-usto.dz\/faculte\/fac-mathinfo\/wp-json\/wp\/v2\/pages\/10848\/revisions\/19257"}],"wp:attachment":[{"href":"https:\/\/www.univ-usto.dz\/faculte\/fac-mathinfo\/wp-json\/wp\/v2\/media?parent=10848"}],"curies":[{"name":"wp","href":"https:\/\/api.w.org\/{rel}","templated":true}]}}