{"id":10857,"date":"2021-02-16T14:40:17","date_gmt":"2021-02-16T14:40:17","guid":{"rendered":"http:\/\/www.univ-usto.dz\/faculte\/fac-mathinfo\/?page_id=10857"},"modified":"2026-02-10T08:57:29","modified_gmt":"2026-02-10T08:57:29","slug":"emplois-du-temps-2","status":"publish","type":"page","link":"https:\/\/www.univ-usto.dz\/faculte\/fac-mathinfo\/emplois-du-temps-2\/","title":{"rendered":"Emplois du temps"},"content":{"rendered":"\t\t<div data-elementor-type=\"wp-page\" data-elementor-id=\"10857\" class=\"elementor elementor-10857\">\n\t\t\t\t\t\t<section class=\"elementor-section elementor-top-section elementor-element elementor-element-f806468 elementor-section-boxed elementor-section-height-default elementor-section-height-default\" data-id=\"f806468\" data-element_type=\"section\" data-e-type=\"section\">\n\t\t\t\t\t\t<div class=\"elementor-container elementor-column-gap-default\">\n\t\t\t\t\t<div class=\"elementor-column elementor-col-100 elementor-top-column elementor-element elementor-element-3b96509\" data-id=\"3b96509\" data-element_type=\"column\" data-e-type=\"column\">\n\t\t\t<div class=\"elementor-widget-wrap\">\n\t\t\t\t\t\t\t<\/div>\n\t\t<\/div>\n\t\t\t\t\t<\/div>\n\t\t<\/section>\n\t\t\t\t<section class=\"elementor-section elementor-top-section elementor-element elementor-element-703bbe4 elementor-section-boxed elementor-section-height-default elementor-section-height-default\" data-id=\"703bbe4\" data-element_type=\"section\" data-e-type=\"section\">\n\t\t\t\t\t\t<div class=\"elementor-container elementor-column-gap-default\">\n\t\t\t\t\t<div class=\"elementor-column elementor-col-33 elementor-top-column elementor-element elementor-element-62c2c43\" data-id=\"62c2c43\" data-element_type=\"column\" data-e-type=\"column\">\n\t\t\t<div class=\"elementor-widget-wrap elementor-element-populated\">\n\t\t\t\t\t\t<div class=\"elementor-element elementor-element-f8963a8 elementor-widget elementor-widget-wp-widget-bellows_navigation_widget\" data-id=\"f8963a8\" data-element_type=\"widget\" data-e-type=\"widget\" data-widget_type=\"wp-widget-bellows_navigation_widget.default\">\n\t\t\t\t<div class=\"elementor-widget-container\">\n\t\t\t\t\t<nav id=\"bellows-main-195\" class=\"bellows bellows-nojs bellows-main bellows-source-menu bellows-align-center bellows-skin-vanilla bellows-type-\"><ul id=\"menu-departement-math\" class=\"bellows-nav\" data-bellows-config=\"main\"><li id=\"menu-item-11259\" class=\"bellows-menu-item bellows-menu-item-type-post_type bellows-menu-item-object-page bellows-menu-item-11259 bellows-item-level-0\"><a  href=\"https:\/\/www.univ-usto.dz\/faculte\/fac-mathinfo\/departement-2\/\" class=\"bellows-target\"><span class=\"bellows-target-title bellows-target-text\">Department\u00a0Staff<\/span><\/a><\/li>\n<li id=\"menu-item-11305\" class=\"bellows-menu-item bellows-menu-item-type-post_type bellows-menu-item-object-page bellows-menu-item-11305 bellows-item-level-0\"><a  href=\"https:\/\/www.univ-usto.dz\/faculte\/fac-mathinfo\/enseignants\/\" class=\"bellows-target\"><span class=\"bellows-target-title bellows-target-text\">Enseignants<\/span><\/a><\/li>\n<li id=\"menu-item-11445\" class=\"bellows-menu-item bellows-menu-item-type-post_type bellows-menu-item-object-page bellows-menu-item-11445 bellows-item-level-0\"><a  href=\"https:\/\/www.univ-usto.dz\/faculte\/fac-mathinfo\/offre-de-formation1m\/\" class=\"bellows-target\"><span class=\"bellows-target-title bellows-target-text\">Offre de formation math<\/span><\/a><\/li>\n<li id=\"menu-item-11327\" class=\"bellows-menu-item bellows-menu-item-type-post_type bellows-menu-item-object-page bellows-menu-item-11327 bellows-item-level-0\"><a  href=\"https:\/\/www.univ-usto.dz\/faculte\/fac-mathinfo\/emplois-du-temps-2\/\" class=\"bellows-target\"><span class=\"bellows-target-title bellows-target-text\">Emplois du temps<\/span><\/a><\/li>\n<li id=\"menu-item-11641\" class=\"bellows-menu-item bellows-menu-item-type-post_type bellows-menu-item-object-page bellows-menu-item-11641 bellows-item-level-0\"><a  href=\"https:\/\/www.univ-usto.dz\/faculte\/fac-mathinfo\/cours-theses-en-ligne\/\" class=\"bellows-target\"><span class=\"bellows-target-title bellows-target-text\">Cours<\/span><\/a><\/li>\n<li id=\"menu-item-11291\" class=\"bellows-menu-item bellows-menu-item-type-post_type bellows-menu-item-object-page bellows-menu-item-11291 bellows-item-level-0\"><a  href=\"https:\/\/www.univ-usto.dz\/faculte\/fac-mathinfo\/examen\/\" class=\"bellows-target\"><span class=\"bellows-target-title bellows-target-text\">Examens<\/span><\/a><\/li>\n<li id=\"menu-item-11290\" class=\"bellows-menu-item bellows-menu-item-type-post_type bellows-menu-item-object-page bellows-menu-item-11290 bellows-item-level-0\"><a  href=\"https:\/\/www.univ-usto.dz\/faculte\/fac-mathinfo\/rattrapage\/\" class=\"bellows-target\"><span class=\"bellows-target-title bellows-target-text\">Rattrapage<\/span><\/a><\/li>\n<\/ul><\/nav>\t\t\t\t<\/div>\n\t\t\t\t<\/div>\n\t\t\t\t\t<\/div>\n\t\t<\/div>\n\t\t\t\t<div class=\"elementor-column elementor-col-66 elementor-top-column elementor-element elementor-element-eff045f\" data-id=\"eff045f\" data-element_type=\"column\" data-e-type=\"column\">\n\t\t\t<div class=\"elementor-widget-wrap elementor-element-populated\">\n\t\t\t\t\t\t<div class=\"elementor-element elementor-element-f510bfb elementor-widget elementor-widget-heading\" data-id=\"f510bfb\" data-element_type=\"widget\" data-e-type=\"widget\" data-widget_type=\"heading.default\">\n\t\t\t\t<div class=\"elementor-widget-container\">\n\t\t\t\t\t<h2 class=\"elementor-heading-title elementor-size-large\">Ann\u00e9e universitaire 2025\/2026<\/h2>\t\t\t\t<\/div>\n\t\t\t\t<\/div>\n\t\t\t\t<div class=\"elementor-element elementor-element-e4b7cf0 elementor-widget__width-initial elementor-widget elementor-widget-text-editor\" data-id=\"e4b7cf0\" data-element_type=\"widget\" data-e-type=\"widget\" data-widget_type=\"text-editor.default\">\n\t\t\t\t<div class=\"elementor-widget-container\">\n\t\t\t\t\t\t\t\t\t<p>\u00a0<\/p><h1>\u00a0<\/h1><h1 style=\"text-align: center;\"><span style=\"color: #008000;\"><strong>semestre 1:<\/strong><\/span><\/h1><p>\u00a0<\/p><p><strong style=\"font-family: var( --e-global-typography-text-font-family ), Sans-serif; background-color: inherit;\"><span style=\"color: #ff0000;\">Licence<\/span><\/strong><\/p><p><span style=\"text-decoration: underline;\"><strong><span style=\"color: #3366ff; text-decoration: underline;\"><a style=\"color: #3366ff; text-decoration: underline;\" href=\"https:\/\/www.univ-usto.dz\/faculte\/fac-mathinfo\/wp-content\/uploads\/2025\/09\/l1.pdf\">L1 Math\u00e9matiques\u00a0<\/a><\/span><\/strong><\/span><\/p><p><strong><span style=\"color: #3366ff;\"><a style=\"color: #3366ff; text-decoration: underline;\" href=\"https:\/\/www.univ-usto.dz\/faculte\/fac-mathinfo\/wp-content\/uploads\/2025\/09\/l2.pdf\">L2 Math\u00e9matiques<\/a><\/span><\/strong><\/p><p><strong><span style=\"color: #3366ff;\"><a style=\"color: #3366ff; text-decoration: underline;\" href=\"https:\/\/www.univ-usto.dz\/faculte\/fac-mathinfo\/wp-content\/uploads\/2025\/09\/l3.pdf\">L3 Math\u00e9matiques<\/a><\/span><\/strong><\/p><p><strong><span style=\"color: #3366ff;\"><a style=\"color: #3366ff; text-decoration: underline;\" href=\"https:\/\/www.univ-usto.dz\/faculte\/fac-mathinfo\/wp-content\/uploads\/2025\/09\/l3-ma.pdf\">L3 Math\u00e9matiques math\u00e9matiques Appliqu\u00e9es<\/a><\/span><\/strong><\/p><p><span style=\"text-decoration: underline;\"><strong><span style=\"color: #ff0000; text-decoration: underline;\">Master<\/span><\/strong><\/span><\/p><p><strong><span style=\"text-decoration: underline;\"><span style=\"color: #3366ff; text-decoration: underline;\"><a style=\"color: #3366ff; text-decoration: underline;\" href=\"https:\/\/www.univ-usto.dz\/faculte\/fac-mathinfo\/wp-content\/uploads\/2025\/09\/m1.pdf\">M1 AMA<\/a><\/span><\/span><\/strong><\/p><p><strong><span style=\"text-decoration: underline;\"><span style=\"color: #3366ff; text-decoration: underline;\"><a style=\"color: #3366ff; text-decoration: underline;\" href=\"https:\/\/www.univ-usto.dz\/faculte\/fac-mathinfo\/wp-content\/uploads\/2025\/09\/m2.pdf\">M2<\/a><a style=\"color: #3366ff; text-decoration: underline;\" href=\"https:\/\/www.univ-usto.dz\/faculte\/fac-mathinfo\/wp-content\/uploads\/2025\/09\/m2.pdf\"> AMA<\/a><\/span><\/span><\/strong><\/p><h1>\u00a0<\/h1><h1>\u00a0<\/h1><h1 style=\"text-align: center;\"><span style=\"color: #008000;\"><strong>semestre 2:<\/strong><\/span><\/h1><p>\u00a0<\/p><p>\u00a0<\/p><p><strong style=\"font-family: var( --e-global-typography-text-font-family ), Sans-serif; background-color: inherit;\"><span style=\"color: #ff0000;\">Licence<\/span><\/strong><\/p><p><span style=\"color: #3366ff;\"><strong><a style=\"color: #3366ff; text-decoration: underline;\" href=\"https:\/\/www.univ-usto.dz\/faculte\/fac-mathinfo\/wp-content\/uploads\/2026\/02\/L1_25_26.pdf\">L1 Math\u00e9matiques<\/a><\/strong><\/span><\/p><p><span style=\"color: #3366ff;\"><strong><a style=\"color: #3366ff; text-decoration: underline;\" href=\"https:\/\/www.univ-usto.dz\/faculte\/fac-mathinfo\/wp-content\/uploads\/2026\/02\/L2_25_26.pdf\">L2 Math\u00e9matiques<\/a><\/strong><\/span><\/p><p><span style=\"color: #3366ff;\"><strong><a style=\"color: #3366ff; text-decoration: underline;\" href=\"https:\/\/www.univ-usto.dz\/faculte\/fac-mathinfo\/wp-content\/uploads\/2026\/02\/l3-4_25_26.pdf\">L3 Math\u00e9matiques<\/a><\/strong><\/span><\/p><p><span style=\"color: #3366ff;\"><strong><a style=\"color: #3366ff; text-decoration: underline;\" href=\"https:\/\/www.univ-usto.dz\/faculte\/fac-mathinfo\/wp-content\/uploads\/2026\/02\/l3-math.pdf\">L3 Math\u00e9matiques Appliqu\u00e9es <\/a><\/strong><\/span><\/p><p><span style=\"text-decoration: underline;\"><strong><span style=\"color: #ff0000; text-decoration: underline;\">Master<\/span><\/strong><\/span><\/p><p><span style=\"text-decoration: underline; color: #3366ff;\"><strong><a style=\"color: #3366ff; text-decoration: underline;\" href=\"https:\/\/www.univ-usto.dz\/faculte\/fac-mathinfo\/wp-content\/uploads\/2026\/02\/EMPLOI-DU-TEMPS_S2_M1.pdf\">M1-AMA<\/a><\/strong><\/span><\/p><p><span style=\"text-decoration: underline; color: #3366ff;\"><strong><a style=\"color: #3366ff; text-decoration: underline;\" href=\"https:\/\/www.univ-usto.dz\/faculte\/fac-mathinfo\/wp-content\/uploads\/2026\/02\/EMPLOI-DU-TEMPS_M2_S4.pdf\">M2-AMA<\/a><\/strong><\/span><\/p>\t\t\t\t\t\t\t\t<\/div>\n\t\t\t\t<\/div>\n\t\t\t\t\t<\/div>\n\t\t<\/div>\n\t\t\t\t\t<\/div>\n\t\t<\/section>\n\t\t\t\t<\/div>\n\t\t","protected":false},"excerpt":{"rendered":"<p>Emplois du temps Ann\u00e9e universitaire 2025\/2026 \u00a0 \u00a0 semestre 1: \u00a0 Licence L1 Math\u00e9matiques\u00a0 L2 Math\u00e9matiques L3 Math\u00e9matiques L3 Math\u00e9matiques math\u00e9matiques Appliqu\u00e9es Master M1 AMA M2 AMA \u00a0 \u00a0 semestre <a href=\"https:\/\/www.univ-usto.dz\/faculte\/fac-mathinfo\/emplois-du-temps-2\/\" class=\"read-more\">Lire la suite &#8230;<\/a><\/p>\n","protected":false},"author":1,"featured_media":0,"parent":0,"menu_order":0,"comment_status":"closed","ping_status":"closed","template":"","meta":{"footnotes":""},"class_list":["post-10857","page","type-page","status-publish","hentry"],"_links":{"self":[{"href":"https:\/\/www.univ-usto.dz\/faculte\/fac-mathinfo\/wp-json\/wp\/v2\/pages\/10857","targetHints":{"allow":["GET"]}}],"collection":[{"href":"https:\/\/www.univ-usto.dz\/faculte\/fac-mathinfo\/wp-json\/wp\/v2\/pages"}],"about":[{"href":"https:\/\/www.univ-usto.dz\/faculte\/fac-mathinfo\/wp-json\/wp\/v2\/types\/page"}],"author":[{"embeddable":true,"href":"https:\/\/www.univ-usto.dz\/faculte\/fac-mathinfo\/wp-json\/wp\/v2\/users\/1"}],"replies":[{"embeddable":true,"href":"https:\/\/www.univ-usto.dz\/faculte\/fac-mathinfo\/wp-json\/wp\/v2\/comments?post=10857"}],"version-history":[{"count":175,"href":"https:\/\/www.univ-usto.dz\/faculte\/fac-mathinfo\/wp-json\/wp\/v2\/pages\/10857\/revisions"}],"predecessor-version":[{"id":18752,"href":"https:\/\/www.univ-usto.dz\/faculte\/fac-mathinfo\/wp-json\/wp\/v2\/pages\/10857\/revisions\/18752"}],"wp:attachment":[{"href":"https:\/\/www.univ-usto.dz\/faculte\/fac-mathinfo\/wp-json\/wp\/v2\/media?parent=10857"}],"curies":[{"name":"wp","href":"https:\/\/api.w.org\/{rel}","templated":true}]}}