{"id":12479,"date":"2023-01-24T09:44:57","date_gmt":"2023-01-24T09:44:57","guid":{"rendered":"https:\/\/www.univ-usto.dz\/faculte\/fac-mathinfo\/?page_id=12479"},"modified":"2026-04-05T14:08:48","modified_gmt":"2026-04-05T14:08:48","slug":"page-de-garde","status":"publish","type":"page","link":"https:\/\/www.univ-usto.dz\/faculte\/fac-mathinfo\/page-de-garde\/","title":{"rendered":"Page de garde"},"content":{"rendered":"\t\t<div data-elementor-type=\"wp-page\" data-elementor-id=\"12479\" class=\"elementor elementor-12479\">\n\t\t\t\t\t\t<section class=\"elementor-section elementor-top-section elementor-element elementor-element-703bbe4 elementor-section-boxed elementor-section-height-default elementor-section-height-default\" data-id=\"703bbe4\" data-element_type=\"section\" data-e-type=\"section\">\n\t\t\t\t\t\t<div class=\"elementor-container elementor-column-gap-default\">\n\t\t\t\t\t<div class=\"elementor-column elementor-col-33 elementor-top-column elementor-element elementor-element-62c2c43\" data-id=\"62c2c43\" data-element_type=\"column\" data-e-type=\"column\">\n\t\t\t<div class=\"elementor-widget-wrap elementor-element-populated\">\n\t\t\t\t\t\t<div class=\"elementor-element elementor-element-1fbf8b3 elementor-widget elementor-widget-wp-widget-bellows_navigation_widget\" data-id=\"1fbf8b3\" data-element_type=\"widget\" data-e-type=\"widget\" data-widget_type=\"wp-widget-bellows_navigation_widget.default\">\n\t\t\t\t<div class=\"elementor-widget-container\">\n\t\t\t\t\t<nav id=\"bellows-main-260\" class=\"bellows bellows-nojs bellows-main bellows-source-menu bellows-align-center bellows-skin-vanilla bellows-type-\"><ul id=\"menu-bibliotheque-fr\" class=\"bellows-nav\" data-bellows-config=\"main\"><li id=\"menu-item-19199\" class=\"bellows-menu-item bellows-menu-item-type-post_type bellows-menu-item-object-page bellows-menu-item-19199 bellows-item-level-0\"><a  href=\"https:\/\/www.univ-usto.dz\/faculte\/fac-mathinfo\/bibliotheque\/\" class=\"bellows-target\"><span class=\"bellows-target-title bellows-target-text\">Ma Biblioth\u00e8que<\/span><\/a><\/li>\n<li id=\"menu-item-19197\" class=\"bellows-menu-item bellows-menu-item-type-post_type bellows-menu-item-object-page bellows-menu-item-19197 bellows-item-level-0\"><a  href=\"https:\/\/www.univ-usto.dz\/faculte\/fac-mathinfo\/page-de-garde\/\" class=\"bellows-target\"><span class=\"bellows-target-title bellows-target-text\">Page de garde<\/span><\/a><\/li>\n<li id=\"menu-item-19241\" class=\"bellows-menu-item bellows-menu-item-type-post_type bellows-menu-item-object-page bellows-menu-item-19241 bellows-item-level-0\"><a  href=\"https:\/\/www.univ-usto.dz\/faculte\/fac-mathinfo\/guide-des-pfe\/\" class=\"bellows-target\"><span class=\"bellows-target-title bellows-target-text\">Guide des PFE<\/span><\/a><\/li>\n<li id=\"menu-item-19198\" class=\"bellows-menu-item bellows-menu-item-type-custom bellows-menu-item-object-custom bellows-menu-item-19198 bellows-item-level-0\"><a  href=\"https:\/\/maktabati.univ-usto.dz\/pmb_mi\/\" class=\"bellows-target\"><span class=\"bellows-target-title bellows-target-text\">catalogue en ligne<\/span><\/a><\/li>\n<\/ul><\/nav>\t\t\t\t<\/div>\n\t\t\t\t<\/div>\n\t\t\t\t<div class=\"elementor-element elementor-element-2d367fe elementor-widget elementor-widget-image\" data-id=\"2d367fe\" data-element_type=\"widget\" data-e-type=\"widget\" data-widget_type=\"image.default\">\n\t\t\t\t<div class=\"elementor-widget-container\">\n\t\t\t\t\t\t\t\t\t\t\t\t\t\t\t<img fetchpriority=\"high\" decoding=\"async\" width=\"275\" height=\"183\" src=\"https:\/\/www.univ-usto.dz\/faculte\/fac-mathinfo\/wp-content\/uploads\/2021\/03\/biblio.jpg\" class=\"attachment-1536x1536 size-1536x1536 wp-image-11210\" alt=\"Biblioth\u00e8que\" srcset=\"https:\/\/www.univ-usto.dz\/faculte\/fac-mathinfo\/wp-content\/uploads\/2021\/03\/biblio.jpg 275w, https:\/\/www.univ-usto.dz\/faculte\/fac-mathinfo\/wp-content\/uploads\/2021\/03\/biblio-24x16.jpg 24w, https:\/\/www.univ-usto.dz\/faculte\/fac-mathinfo\/wp-content\/uploads\/2021\/03\/biblio-36x24.jpg 36w, https:\/\/www.univ-usto.dz\/faculte\/fac-mathinfo\/wp-content\/uploads\/2021\/03\/biblio-48x32.jpg 48w\" sizes=\"(max-width: 275px) 100vw, 275px\" \/>\t\t\t\t\t\t\t\t\t\t\t\t\t\t\t<\/div>\n\t\t\t\t<\/div>\n\t\t\t\t\t<\/div>\n\t\t<\/div>\n\t\t\t\t<div class=\"elementor-column elementor-col-66 elementor-top-column elementor-element elementor-element-eff045f\" data-id=\"eff045f\" data-element_type=\"column\" data-e-type=\"column\">\n\t\t\t<div class=\"elementor-widget-wrap elementor-element-populated\">\n\t\t\t\t\t\t<div class=\"elementor-element elementor-element-b85b7ee elementor-widget elementor-widget-heading\" data-id=\"b85b7ee\" data-element_type=\"widget\" data-e-type=\"widget\" data-widget_type=\"heading.default\">\n\t\t\t\t<div class=\"elementor-widget-container\">\n\t\t\t\t\t<h2 class=\"elementor-heading-title elementor-size-default\">Page de garde \u00e0 t\u00e9l\u00e9charger<\/h2>\t\t\t\t<\/div>\n\t\t\t\t<\/div>\n\t\t\t\t<div class=\"elementor-element elementor-element-ae66973 elementor-widget elementor-widget-text-editor\" data-id=\"ae66973\" data-element_type=\"widget\" data-e-type=\"widget\" data-widget_type=\"text-editor.default\">\n\t\t\t\t<div class=\"elementor-widget-container\">\n\t\t\t\t\t\t\t\t\t<p>\u00a0<\/p><p><span style=\"color: #008000;\"><strong>Pour Licence:<\/strong><\/span><\/p><p>Pi\u00e8ces \u00e0 d\u00e9poser<strong> \u00a0\u00a0 \u00a0\u00a0<a href=\"https:\/\/www.univ-usto.dz\/faculte\/fac-mathinfo\/wp-content\/uploads\/2023\/01\/Note-importante-Licence-informatique.docx\">-Voir-<\/a><\/strong><\/p><p>Page de garde SI \u00a0\u00a0 \u00a0\u00a0<strong><a href=\"https:\/\/www.univ-usto.dz\/faculte\/fac-mathinfo\/wp-content\/uploads\/2023\/01\/page-de-garde-L-info.doc\">-Voir-<\/a><\/strong><\/p><p>Page de garde ISIL\u00a0 \u00a0<strong><a href=\"https:\/\/www.univ-usto.dz\/faculte\/fac-mathinfo\/wp-content\/uploads\/2023\/01\/page-de-garde-Licence-ISIL-info.doc\">-Voir-<\/a><\/strong><\/p><p><span style=\"color: #008000;\"><strong>Pour Master:<\/strong><\/span><\/p><p>Pi\u00e8ces \u00e0 d\u00e9poser \u00a0\u00a0 \u00a0\u00a0<strong><a href=\"https:\/\/www.univ-usto.dz\/faculte\/fac-mathinfo\/wp-content\/uploads\/2023\/01\/Note-importante-Master-informatique.docx\">-Voir-<\/a><\/strong><\/p><p>Page de garde\u00a0 \u00a0 \u00a0 \u00a0 \u00a0\u00a0<strong> <a href=\"https:\/\/www.univ-usto.dz\/faculte\/fac-mathinfo\/wp-content\/uploads\/2023\/01\/page-de-garde-Master-Infor.doc\">-Voir-<\/a><\/strong><\/p>\t\t\t\t\t\t\t\t<\/div>\n\t\t\t\t<\/div>\n\t\t\t\t\t<\/div>\n\t\t<\/div>\n\t\t\t\t\t<\/div>\n\t\t<\/section>\n\t\t\t\t<\/div>\n\t\t","protected":false},"excerpt":{"rendered":"<p>Page de garde \u00e0 t\u00e9l\u00e9charger \u00a0 Pour Licence: Pi\u00e8ces \u00e0 d\u00e9poser \u00a0\u00a0 \u00a0\u00a0-Voir- Page de garde SI \u00a0\u00a0 \u00a0\u00a0-Voir- Page de garde ISIL\u00a0 \u00a0-Voir- Pour Master: Pi\u00e8ces \u00e0 d\u00e9poser \u00a0\u00a0 <a href=\"https:\/\/www.univ-usto.dz\/faculte\/fac-mathinfo\/page-de-garde\/\" class=\"read-more\">Lire la suite &#8230;<\/a><\/p>\n","protected":false},"author":22,"featured_media":0,"parent":0,"menu_order":0,"comment_status":"closed","ping_status":"closed","template":"","meta":{"footnotes":""},"class_list":["post-12479","page","type-page","status-publish","hentry"],"_links":{"self":[{"href":"https:\/\/www.univ-usto.dz\/faculte\/fac-mathinfo\/wp-json\/wp\/v2\/pages\/12479","targetHints":{"allow":["GET"]}}],"collection":[{"href":"https:\/\/www.univ-usto.dz\/faculte\/fac-mathinfo\/wp-json\/wp\/v2\/pages"}],"about":[{"href":"https:\/\/www.univ-usto.dz\/faculte\/fac-mathinfo\/wp-json\/wp\/v2\/types\/page"}],"author":[{"embeddable":true,"href":"https:\/\/www.univ-usto.dz\/faculte\/fac-mathinfo\/wp-json\/wp\/v2\/users\/22"}],"replies":[{"embeddable":true,"href":"https:\/\/www.univ-usto.dz\/faculte\/fac-mathinfo\/wp-json\/wp\/v2\/comments?post=12479"}],"version-history":[{"count":15,"href":"https:\/\/www.univ-usto.dz\/faculte\/fac-mathinfo\/wp-json\/wp\/v2\/pages\/12479\/revisions"}],"predecessor-version":[{"id":19248,"href":"https:\/\/www.univ-usto.dz\/faculte\/fac-mathinfo\/wp-json\/wp\/v2\/pages\/12479\/revisions\/19248"}],"wp:attachment":[{"href":"https:\/\/www.univ-usto.dz\/faculte\/fac-mathinfo\/wp-json\/wp\/v2\/media?parent=12479"}],"curies":[{"name":"wp","href":"https:\/\/api.w.org\/{rel}","templated":true}]}}