{"id":14134,"date":"2023-12-12T14:05:00","date_gmt":"2023-12-12T14:05:00","guid":{"rendered":"https:\/\/www.univ-usto.dz\/faculte\/fac-mathinfo\/?page_id=14134"},"modified":"2023-12-31T09:19:21","modified_gmt":"2023-12-31T09:19:21","slug":"%d9%83%d9%80%d9%80%d9%84%d9%85%d8%a9-%d8%a7%d9%84%d8%b9%d9%80%d9%80%d9%85%d9%80%d9%8a%d8%af","status":"publish","type":"page","link":"https:\/\/www.univ-usto.dz\/faculte\/fac-mathinfo\/ar\/%d9%83%d9%80%d9%80%d9%84%d9%85%d8%a9-%d8%a7%d9%84%d8%b9%d9%80%d9%80%d9%85%d9%80%d9%8a%d8%af\/","title":{"rendered":"\u0643\u0640\u0640\u0644\u0645\u0629 \u0627\u0644\u0639\u0640\u0640\u0645\u0640\u064a\u062f"},"content":{"rendered":"\t\t<div data-elementor-type=\"wp-page\" data-elementor-id=\"14134\" class=\"elementor elementor-14134\">\n\t\t\t\t\t\t<section class=\"elementor-section elementor-top-section elementor-element elementor-element-703bbe4 elementor-section-boxed elementor-section-height-default elementor-section-height-default\" data-id=\"703bbe4\" data-element_type=\"section\" data-e-type=\"section\">\n\t\t\t\t\t\t<div class=\"elementor-container elementor-column-gap-default\">\n\t\t\t\t\t<div class=\"elementor-column elementor-col-33 elementor-top-column elementor-element elementor-element-62c2c43\" data-id=\"62c2c43\" data-element_type=\"column\" data-e-type=\"column\">\n\t\t\t<div class=\"elementor-widget-wrap elementor-element-populated\">\n\t\t\t\t\t\t<div class=\"elementor-element elementor-element-4d443d6 elementor-widget elementor-widget-wp-widget-bellows_navigation_widget\" data-id=\"4d443d6\" data-element_type=\"widget\" data-e-type=\"widget\" data-widget_type=\"wp-widget-bellows_navigation_widget.default\">\n\t\t\t\t<div class=\"elementor-widget-container\">\n\t\t\t\t\t<nav id=\"bellows-main-228\" class=\"bellows bellows-nojs bellows-main bellows-source-menu bellows-align-center bellows-skin-vanilla bellows-type-\"><ul id=\"menu-faculte-mi-ar\" class=\"bellows-nav\" data-bellows-config=\"main\"><li id=\"menu-item-14314\" class=\"bellows-menu-item bellows-menu-item-type-post_type bellows-menu-item-object-page bellows-menu-item-14314 bellows-item-level-0\"><a  href=\"https:\/\/www.univ-usto.dz\/faculte\/fac-mathinfo\/ar\/kf\/\" class=\"bellows-target\"><span class=\"bellows-target-title bellows-target-text\">\u0646\u0628\u0630\u0629 \u0639\u0646 \u0627\u0644\u0643\u0644\u064a\u0629<\/span><\/a><\/li>\n<li id=\"menu-item-14312\" class=\"bellows-menu-item bellows-menu-item-type-post_type bellows-menu-item-object-page bellows-menu-item-14312 bellows-item-level-0\"><a  href=\"https:\/\/www.univ-usto.dz\/faculte\/fac-mathinfo\/ar\/%d9%83%d9%80%d9%80%d9%84%d9%85%d8%a9-%d8%a7%d9%84%d8%b9%d9%80%d9%80%d9%85%d9%80%d9%8a%d8%af\/\" class=\"bellows-target\"><span class=\"bellows-target-title bellows-target-text\">\u0643\u0640\u0640\u0644\u0645\u0629 \u0627\u0644\u0639\u0640\u0640\u0645\u0640\u064a\u062f<\/span><\/a><\/li>\n<li id=\"menu-item-14311\" class=\"bellows-menu-item bellows-menu-item-type-post_type bellows-menu-item-object-page bellows-menu-item-14311 bellows-item-level-0\"><a  href=\"https:\/\/www.univ-usto.dz\/faculte\/fac-mathinfo\/ar\/%d8%a7%d9%84%d9%87%d9%80%d9%80%d9%8a%d9%80%d9%83%d9%80%d9%84-%d8%a7%d9%84%d8%aa%d9%86%d9%80%d9%80%d8%b8%d9%8a%d9%85%d9%8a-%d9%84%d9%84%d9%83%d9%84%d9%8a%d8%a9\/\" class=\"bellows-target\"><span class=\"bellows-target-title bellows-target-text\">\u0627\u0644\u0647\u0640\u0640\u064a\u0640\u0643\u0640\u0644 \u0627\u0644\u062a\u0646\u0640\u0640\u0638\u064a\u0645\u064a \u0644\u0644\u0643\u0644\u064a\u0629<\/span><\/a><\/li>\n<li id=\"menu-item-14313\" class=\"bellows-menu-item bellows-menu-item-type-post_type bellows-menu-item-object-page bellows-menu-item-14313 bellows-item-level-0\"><a  href=\"https:\/\/www.univ-usto.dz\/faculte\/fac-mathinfo\/ar\/%d9%85%d9%80%d9%80%d8%b3%d8%aa%d9%80%d9%80%d8%ae%d8%af%d9%85%d9%80%d9%80%d9%8a%d9%80%d9%86-%d8%a7%d9%84%d9%83%d9%80%d9%84%d9%8a%d8%a9\/\" class=\"bellows-target\"><span class=\"bellows-target-title bellows-target-text\">\u0645\u0640\u0640\u0633\u062a\u0640\u0640\u062e\u062f\u0645\u0640\u0640\u064a\u0640\u0646 \u0627\u0644\u0643\u0640\u0644\u064a\u0629<\/span><\/a><\/li>\n<li id=\"menu-item-14310\" class=\"bellows-menu-item bellows-menu-item-type-post_type bellows-menu-item-object-page bellows-menu-item-14310 bellows-item-level-0\"><a  href=\"https:\/\/www.univ-usto.dz\/faculte\/fac-mathinfo\/ar\/%d8%a7%d8%ad%d8%b5%d8%a7%d8%a6%d9%8a%d8%a7%d8%aa-%d8%a7%d9%84%d9%83%d9%84%d9%8a%d8%a9\/\" class=\"bellows-target\"><span class=\"bellows-target-title bellows-target-text\">\u0627\u062d\u0635\u0627\u0626\u064a\u0627\u062a \u0627\u0644\u0643\u0644\u064a\u0629<\/span><\/a><\/li>\n<\/ul><\/nav>\t\t\t\t<\/div>\n\t\t\t\t<\/div>\n\t\t\t\t\t<\/div>\n\t\t<\/div>\n\t\t\t\t<div class=\"elementor-column elementor-col-66 elementor-top-column elementor-element elementor-element-eff045f\" data-id=\"eff045f\" data-element_type=\"column\" data-e-type=\"column\">\n\t\t\t<div class=\"elementor-widget-wrap elementor-element-populated\">\n\t\t\t\t\t\t<div class=\"elementor-element elementor-element-ec29bf0 elementor-widget elementor-widget-text-editor\" data-id=\"ec29bf0\" data-element_type=\"widget\" data-e-type=\"widget\" data-widget_type=\"text-editor.default\">\n\t\t\t\t<div class=\"elementor-widget-container\">\n\t\t\t\t\t\t\t\t\t<p dir=\"ltr\"><br><\/p><p dir=\"ltr\">Chers coll\u00e8gues, chers \u00e9tudiants, bienvenue \u00e0 la Facult\u00e9 des math\u00e9matiques et informatiques.<\/p>\n<p dir=\"ltr\">En parcourant ce site, vous d\u00e9couvrez une facult\u00e9 \u00e0 l\u2019\u00e9coute des besoins de l\u2019\u00e9tudiant, gr\u00e2ce \u00e0 sa capacit\u00e9 d\u2019innover, son dynamisme et sa vision d\u2019avenir.<\/p>\n<p dir=\"ltr\">Soucieux d\u2019aider chaque \u00e9tudiant \u00e0 d\u00e9velopper ses capacit\u00e9s, je reste persuad\u00e9, que le d\u00e9sir d\u2019assurer une formation de qualit\u00e9 ne peut toutefois s\u2019accomplir sans la mobilisation de tous les membres de la facult\u00e9&nbsp;: Encadreurs, chercheurs, \u00e9tudiants et personnels de soutien.<\/p>\n<p dir=\"ltr\">Ceci-dit, notre projet compte \u00e0 redynamiser la mission de la facult\u00e9 et \u00e0&nbsp;\u0153uvrer \u00e0 sensibiliser tous les acteurs \u00e0 l&rsquo;id\u00e9e selon laquelle, la r\u00e9ussite et la notori\u00e9t\u00e9 de l&rsquo;\u00e9tablissement sont un succ\u00e8s individuel pour chacun d&rsquo;entre nous.<\/p>\n<p dir=\"ltr\">Finalement; je m\u2019adresse \u00e0 nos \u00e9tudiantes et \u00e0 nos \u00e9tudiants pour s\u2019investir au mieux dans l\u2019acquisition du savoir et j\u2019invite mes chers coll\u00e8gues \u00e0 s\u2019y investir pleinement pour contribuer, chacun en ce qui le concerne, \u00e0 \u00e9panouissement de notre facult\u00e9 et que ce portail sera pratique, fonctionnel et interactif.<\/p>\n<p dir=\"ltr\">Je vous souhaite le succ\u00e8s le plus \u00e9clatant.<\/p>\t\t\t\t\t\t\t\t<\/div>\n\t\t\t\t<\/div>\n\t\t\t\t\t<\/div>\n\t\t<\/div>\n\t\t\t\t\t<\/div>\n\t\t<\/section>\n\t\t\t\t<\/div>\n\t\t","protected":false},"excerpt":{"rendered":"<p>\u0643\u0640\u0640\u0644\u0645\u0640\u0640\u0629 \u0627\u0644\u0640\u0640\u0639\u0640\u0640\u0645\u0640\u0640\u064a\u062f Chers coll\u00e8gues, chers \u00e9tudiants, bienvenue \u00e0 la Facult\u00e9 des math\u00e9matiques et informatiques. En parcourant ce site, vous d\u00e9couvrez une facult\u00e9 \u00e0 l\u2019\u00e9coute des besoins de l\u2019\u00e9tudiant, gr\u00e2ce \u00e0 <a href=\"https:\/\/www.univ-usto.dz\/faculte\/fac-mathinfo\/ar\/%d9%83%d9%80%d9%80%d9%84%d9%85%d8%a9-%d8%a7%d9%84%d8%b9%d9%80%d9%80%d9%85%d9%80%d9%8a%d8%af\/\" class=\"read-more\">Lire la suite &#8230;<\/a><\/p>\n","protected":false},"author":22,"featured_media":0,"parent":0,"menu_order":0,"comment_status":"closed","ping_status":"closed","template":"","meta":{"footnotes":""},"class_list":["post-14134","page","type-page","status-publish","hentry"],"_links":{"self":[{"href":"https:\/\/www.univ-usto.dz\/faculte\/fac-mathinfo\/wp-json\/wp\/v2\/pages\/14134","targetHints":{"allow":["GET"]}}],"collection":[{"href":"https:\/\/www.univ-usto.dz\/faculte\/fac-mathinfo\/wp-json\/wp\/v2\/pages"}],"about":[{"href":"https:\/\/www.univ-usto.dz\/faculte\/fac-mathinfo\/wp-json\/wp\/v2\/types\/page"}],"author":[{"embeddable":true,"href":"https:\/\/www.univ-usto.dz\/faculte\/fac-mathinfo\/wp-json\/wp\/v2\/users\/22"}],"replies":[{"embeddable":true,"href":"https:\/\/www.univ-usto.dz\/faculte\/fac-mathinfo\/wp-json\/wp\/v2\/comments?post=14134"}],"version-history":[{"count":7,"href":"https:\/\/www.univ-usto.dz\/faculte\/fac-mathinfo\/wp-json\/wp\/v2\/pages\/14134\/revisions"}],"predecessor-version":[{"id":14332,"href":"https:\/\/www.univ-usto.dz\/faculte\/fac-mathinfo\/wp-json\/wp\/v2\/pages\/14134\/revisions\/14332"}],"wp:attachment":[{"href":"https:\/\/www.univ-usto.dz\/faculte\/fac-mathinfo\/wp-json\/wp\/v2\/media?parent=14134"}],"curies":[{"name":"wp","href":"https:\/\/api.w.org\/{rel}","templated":true}]}}