{"id":15827,"date":"2024-02-21T13:48:09","date_gmt":"2024-02-21T13:48:09","guid":{"rendered":"https:\/\/www.univ-usto.dz\/faculte\/fac-mathinfo\/?page_id=15827"},"modified":"2024-12-04T08:55:05","modified_gmt":"2024-12-04T08:55:05","slug":"timetables","status":"publish","type":"page","link":"https:\/\/www.univ-usto.dz\/faculte\/fac-mathinfo\/en\/timetables\/","title":{"rendered":"Timetables\u00a0"},"content":{"rendered":"\t\t<div data-elementor-type=\"wp-page\" data-elementor-id=\"15827\" class=\"elementor elementor-15827\">\n\t\t\t\t\t\t<section class=\"elementor-section elementor-top-section elementor-element elementor-element-f806468 elementor-section-boxed elementor-section-height-default elementor-section-height-default\" data-id=\"f806468\" data-element_type=\"section\" data-e-type=\"section\">\n\t\t\t\t\t\t<div class=\"elementor-container elementor-column-gap-default\">\n\t\t\t\t\t<div class=\"elementor-column elementor-col-100 elementor-top-column elementor-element elementor-element-3b96509\" data-id=\"3b96509\" data-element_type=\"column\" data-e-type=\"column\">\n\t\t\t<div class=\"elementor-widget-wrap\">\n\t\t\t\t\t\t\t<\/div>\n\t\t<\/div>\n\t\t\t\t\t<\/div>\n\t\t<\/section>\n\t\t\t\t<section class=\"elementor-section elementor-top-section elementor-element elementor-element-703bbe4 elementor-section-boxed elementor-section-height-default elementor-section-height-default\" data-id=\"703bbe4\" data-element_type=\"section\" data-e-type=\"section\">\n\t\t\t\t\t\t<div class=\"elementor-container elementor-column-gap-default\">\n\t\t\t\t\t<div class=\"elementor-column elementor-col-33 elementor-top-column elementor-element elementor-element-62c2c43\" data-id=\"62c2c43\" data-element_type=\"column\" data-e-type=\"column\">\n\t\t\t<div class=\"elementor-widget-wrap elementor-element-populated\">\n\t\t\t\t\t\t<div class=\"elementor-element elementor-element-f8963a8 elementor-widget elementor-widget-wp-widget-bellows_navigation_widget\" data-id=\"f8963a8\" data-element_type=\"widget\" data-e-type=\"widget\" data-widget_type=\"wp-widget-bellows_navigation_widget.default\">\n\t\t\t\t<div class=\"elementor-widget-container\">\n\t\t\t\t\t<nav id=\"bellows-main-253\" class=\"bellows bellows-nojs bellows-main bellows-source-menu bellows-align-center bellows-skin-vanilla bellows-type-\"><ul id=\"menu-departement-math-an\" class=\"bellows-nav\" data-bellows-config=\"main\"><li id=\"menu-item-15853\" class=\"bellows-menu-item bellows-menu-item-type-post_type bellows-menu-item-object-page bellows-menu-item-15853 bellows-item-level-0\"><a  href=\"https:\/\/www.univ-usto.dz\/faculte\/fac-mathinfo\/en\/department-staff\/\" class=\"bellows-target\"><span class=\"bellows-target-title bellows-target-text\">Department\u00a0Staff.<\/span><\/a><\/li>\n<li id=\"menu-item-15852\" class=\"bellows-menu-item bellows-menu-item-type-post_type bellows-menu-item-object-page bellows-menu-item-15852 bellows-item-level-0\"><a  href=\"https:\/\/www.univ-usto.dz\/faculte\/fac-mathinfo\/en\/professors\/\" class=\"bellows-target\"><span class=\"bellows-target-title bellows-target-text\">Professors.<\/span><\/a><\/li>\n<li id=\"menu-item-15851\" class=\"bellows-menu-item bellows-menu-item-type-post_type bellows-menu-item-object-page bellows-menu-item-15851 bellows-item-level-0\"><a  href=\"https:\/\/www.univ-usto.dz\/faculte\/fac-mathinfo\/en\/our-programs\/\" class=\"bellows-target\"><span class=\"bellows-target-title bellows-target-text\">Our Programs.<\/span><\/a><\/li>\n<li id=\"menu-item-15850\" class=\"bellows-menu-item bellows-menu-item-type-post_type bellows-menu-item-object-page bellows-menu-item-15850 bellows-item-level-0\"><a  href=\"https:\/\/www.univ-usto.dz\/faculte\/fac-mathinfo\/en\/course\/\" class=\"bellows-target\"><span class=\"bellows-target-title bellows-target-text\">Courses.<\/span><\/a><\/li>\n<li id=\"menu-item-15849\" class=\"bellows-menu-item bellows-menu-item-type-post_type bellows-menu-item-object-page bellows-menu-item-15849 bellows-item-level-0\"><a  href=\"https:\/\/www.univ-usto.dz\/faculte\/fac-mathinfo\/en\/timetables\/\" class=\"bellows-target\"><span class=\"bellows-target-title bellows-target-text\">Timetables\u00a0<\/span><\/a><\/li>\n<li id=\"menu-item-15848\" class=\"bellows-menu-item bellows-menu-item-type-post_type bellows-menu-item-object-page bellows-menu-item-15848 bellows-item-level-0\"><a  href=\"https:\/\/www.univ-usto.dz\/faculte\/fac-mathinfo\/en\/exams\/\" class=\"bellows-target\"><span class=\"bellows-target-title bellows-target-text\">Exams.<\/span><\/a><\/li>\n<li id=\"menu-item-15847\" class=\"bellows-menu-item bellows-menu-item-type-post_type bellows-menu-item-object-page bellows-menu-item-15847 bellows-item-level-0\"><a  href=\"https:\/\/www.univ-usto.dz\/faculte\/fac-mathinfo\/en\/catch-up\/\" class=\"bellows-target\"><span class=\"bellows-target-title bellows-target-text\">Resit.<\/span><\/a><\/li>\n<li id=\"menu-item-15855\" class=\"bellows-menu-item bellows-menu-item-type-post_type bellows-menu-item-object-post bellows-menu-item-15855 bellows-item-level-0\"><a  href=\"https:\/\/www.univ-usto.dz\/faculte\/fac-mathinfo\/en\/verbal-process-of-the-pedagogical-committee\/\" class=\"bellows-target\"><span class=\"bellows-target-title bellows-target-text\">The minutes of the meeting of the pedagogical committee.<\/span><\/a><\/li>\n<\/ul><\/nav>\t\t\t\t<\/div>\n\t\t\t\t<\/div>\n\t\t\t\t\t<\/div>\n\t\t<\/div>\n\t\t\t\t<div class=\"elementor-column elementor-col-66 elementor-top-column elementor-element elementor-element-eff045f\" data-id=\"eff045f\" data-element_type=\"column\" data-e-type=\"column\">\n\t\t\t<div class=\"elementor-widget-wrap elementor-element-populated\">\n\t\t\t\t\t\t<div class=\"elementor-element elementor-element-f510bfb elementor-widget elementor-widget-heading\" data-id=\"f510bfb\" data-element_type=\"widget\" data-e-type=\"widget\" data-widget_type=\"heading.default\">\n\t\t\t\t<div class=\"elementor-widget-container\">\n\t\t\t\t\t<h2 class=\"elementor-heading-title elementor-size-large\">Academic year 2024-2025:<\/h2>\t\t\t\t<\/div>\n\t\t\t\t<\/div>\n\t\t\t\t<div class=\"elementor-element elementor-element-e4b7cf0 elementor-widget__width-initial elementor-widget elementor-widget-text-editor\" data-id=\"e4b7cf0\" data-element_type=\"widget\" data-e-type=\"widget\" data-widget_type=\"text-editor.default\">\n\t\t\t\t<div class=\"elementor-widget-container\">\n\t\t\t\t\t\t\t\t\t<p><strong style=\"font-family: var( --e-global-typography-text-font-family ), Sans-serif; background-color: inherit;\"><span style=\"color: #ff0000; text-decoration-line: underline;\">Emplois du temps<\/span><\/strong><\/p><p><strong style=\"font-family: var( --e-global-typography-text-font-family ), Sans-serif; background-color: inherit;\"><span style=\"color: #ff0000; text-decoration-line: underline;\">Licence<\/span><\/strong><\/p><p><a href=\"https:\/\/www.univ-usto.dz\/faculte\/fac-mathinfo\/wp-content\/uploads\/2023\/10\/New-time-table-for-L1MAJ.pdf\">L1 Math\u00e9matiques<\/a><\/p><p><a href=\"https:\/\/www.univ-usto.dz\/faculte\/fac-mathinfo\/wp-content\/uploads\/2023\/10\/Emploi_tempsL2_S3_23_24-MAJ.pdf\">L2 Math\u00e9matiques<\/a><\/p><p><a href=\"https:\/\/www.univ-usto.dz\/faculte\/fac-mathinfo\/wp-content\/uploads\/2023\/10\/Emploi_tempsL3_S5_23_24-MAJ.pdf\">L3 Math\u00e9matiques<\/a><\/p><p><span style=\"text-decoration: underline;\"><strong><span style=\"color: #ff0000; text-decoration: underline;\">Master<\/span><\/strong><\/span><\/p><p><a href=\"https:\/\/www.univ-usto.dz\/faculte\/fac-mathinfo\/wp-content\/uploads\/2023\/10\/EMPLOI-DU-TEMPS_M1_S1_23_24-MAJ.pdf\">M1-AMA<\/a><\/p><p><a href=\"https:\/\/www.univ-usto.dz\/faculte\/fac-mathinfo\/wp-content\/uploads\/2023\/09\/Emploi_temps-_M2_S3_.pdf\">M2-AMA<\/a><\/p><h1><strong><span style=\"color: #ff0000;\">semestre 2:<\/span><\/strong><\/h1><p><strong style=\"font-family: var( --e-global-typography-text-font-family ), Sans-serif; background-color: inherit;\"><span style=\"color: #ff0000; text-decoration-line: underline;\">Licence<\/span><\/strong><\/p><p><a href=\"https:\/\/www.univ-usto.dz\/faculte\/fac-mathinfo\/wp-content\/uploads\/2024\/02\/Timetable.-Semester-2_L1_Mathematics.docx_v2.pdf\">L1 Math\u00e9matiques\/S2<\/a><\/p><p><a href=\"https:\/\/www.univ-usto.dz\/faculte\/fac-mathinfo\/wp-content\/uploads\/2024\/02\/Emploi_temps_23_24-_L2_S4.pdf\">L2 Math\u00e9matiques\/S4<\/a><\/p><p><a href=\"https:\/\/www.univ-usto.dz\/faculte\/fac-mathinfo\/wp-content\/uploads\/2024\/02\/EMPLOI-DU-TEMPS_23__L3_S6-1.pdf\">L3 Math\u00e9matiques\/S6<\/a><\/p><p><span style=\"text-decoration: underline;\"><strong><span style=\"color: #ff0000; text-decoration: underline;\">Master<\/span><\/strong><\/span><\/p><p><a href=\"https:\/\/www.univ-usto.dz\/faculte\/fac-mathinfo\/wp-content\/uploads\/2024\/02\/EMPLOI-DU-TEMPS_23_24_-S2_M1-2.pdf\">M1-AMA\/ S2<\/a><\/p><p><a href=\"https:\/\/www.univ-usto.dz\/faculte\/fac-mathinfo\/wp-content\/uploads\/2024\/02\/EMPLOI-DU-TEMPS_23_24_M2_S4.pdf\">M2-AMA \/S4<\/a><\/p>\t\t\t\t\t\t\t\t<\/div>\n\t\t\t\t<\/div>\n\t\t\t\t<div class=\"elementor-element elementor-element-160b511 elementor-widget__width-initial elementor-widget elementor-widget-text-editor\" data-id=\"160b511\" data-element_type=\"widget\" data-e-type=\"widget\" data-widget_type=\"text-editor.default\">\n\t\t\t\t<div class=\"elementor-widget-container\">\n\t\t\t\t\t\t\t\t\t<p><strong style=\"font-family: var( --e-global-typography-text-font-family ), Sans-serif; background-color: inherit;\"><span style=\"color: #ff0000;\">Liste des \u00e9tudiants par groupe<\/span><\/strong><\/p><p><span style=\"text-decoration: underline;\"><strong><span style=\"color: #0000ff; text-decoration: underline;\">L1 Math\u00e9matiques<\/span><\/strong><\/span><\/p><p><a href=\"https:\/\/www.univ-usto.dz\/faculte\/fac-mathinfo\/wp-content\/uploads\/2023\/09\/List-of-students-L1-Mathematics_23_24_G1.pdf\">L1 Groupe1<\/a><\/p><p><a href=\"https:\/\/www.univ-usto.dz\/faculte\/fac-mathinfo\/wp-content\/uploads\/2023\/09\/List-of-students-L1-Mathematics_23_24_G2.pdf\">L1 Groupe2<\/a><\/p><p><a href=\"https:\/\/www.univ-usto.dz\/faculte\/fac-mathinfo\/wp-content\/uploads\/2023\/09\/List-of-students-L1-Mathematics_23_24_G3.pdf\">L1 Groupe3<\/a><\/p><p><a href=\"https:\/\/www.univ-usto.dz\/faculte\/fac-mathinfo\/wp-content\/uploads\/2023\/09\/List-of-students-L1-Mathematics_23_24_G4.pdf\">L1 Groupe4<\/a><\/p><p><a href=\"https:\/\/www.univ-usto.dz\/faculte\/fac-mathinfo\/wp-content\/uploads\/2023\/09\/List-of-students-L1-Mathematics_23_24_G5.pdf\">L1 Groupe5\u00a0<\/a><\/p><p><a href=\"https:\/\/www.univ-usto.dz\/faculte\/fac-mathinfo\/wp-content\/uploads\/2023\/09\/List-of-students-L1-Mathematics_23_24_G6.pdf\">L1 Groupe6<\/a><\/p><p><strong><span style=\"text-decoration: underline;\"><span style=\"color: #0000ff; text-decoration: underline;\">L2 Math\u00e9matiques<\/span><\/span><\/strong><\/p><p><a href=\"https:\/\/www.univ-usto.dz\/faculte\/fac-mathinfo\/wp-content\/uploads\/2023\/09\/Liste_L2_23_24_G1.pdf\">L2 Groupe1<\/a><\/p><p><a href=\"https:\/\/www.univ-usto.dz\/faculte\/fac-mathinfo\/wp-content\/uploads\/2023\/09\/Liste_L2_23_24_G2.pdf\">L2 Groupe2<\/a><\/p><p><span style=\"text-decoration: underline;\"><strong><span style=\"color: #0000ff; text-decoration: underline;\">L3 Math\u00e9matiques<\/span><\/strong><\/span><\/p><p><a href=\"https:\/\/www.univ-usto.dz\/faculte\/fac-mathinfo\/wp-content\/uploads\/2023\/09\/Liste_L3_23_24.pdf\">L3 Groupe1<\/a><\/p>\t\t\t\t\t\t\t\t<\/div>\n\t\t\t\t<\/div>\n\t\t\t\t\t<\/div>\n\t\t<\/div>\n\t\t\t\t\t<\/div>\n\t\t<\/section>\n\t\t\t\t<\/div>\n\t\t","protected":false},"excerpt":{"rendered":"<p>Timetables Academic year 2024-2025: Emplois du temps Licence L1 Math\u00e9matiques L2 Math\u00e9matiques L3 Math\u00e9matiques Master M1-AMA M2-AMA semestre 2: Licence L1 Math\u00e9matiques\/S2 L2 Math\u00e9matiques\/S4 L3 Math\u00e9matiques\/S6 Master M1-AMA\/ S2 M2-AMA <a href=\"https:\/\/www.univ-usto.dz\/faculte\/fac-mathinfo\/en\/timetables\/\" class=\"read-more\">Lire la suite &#8230;<\/a><\/p>\n","protected":false},"author":22,"featured_media":0,"parent":0,"menu_order":0,"comment_status":"closed","ping_status":"closed","template":"","meta":{"footnotes":""},"class_list":["post-15827","page","type-page","status-publish","hentry"],"_links":{"self":[{"href":"https:\/\/www.univ-usto.dz\/faculte\/fac-mathinfo\/wp-json\/wp\/v2\/pages\/15827","targetHints":{"allow":["GET"]}}],"collection":[{"href":"https:\/\/www.univ-usto.dz\/faculte\/fac-mathinfo\/wp-json\/wp\/v2\/pages"}],"about":[{"href":"https:\/\/www.univ-usto.dz\/faculte\/fac-mathinfo\/wp-json\/wp\/v2\/types\/page"}],"author":[{"embeddable":true,"href":"https:\/\/www.univ-usto.dz\/faculte\/fac-mathinfo\/wp-json\/wp\/v2\/users\/22"}],"replies":[{"embeddable":true,"href":"https:\/\/www.univ-usto.dz\/faculte\/fac-mathinfo\/wp-json\/wp\/v2\/comments?post=15827"}],"version-history":[{"count":7,"href":"https:\/\/www.univ-usto.dz\/faculte\/fac-mathinfo\/wp-json\/wp\/v2\/pages\/15827\/revisions"}],"predecessor-version":[{"id":17434,"href":"https:\/\/www.univ-usto.dz\/faculte\/fac-mathinfo\/wp-json\/wp\/v2\/pages\/15827\/revisions\/17434"}],"wp:attachment":[{"href":"https:\/\/www.univ-usto.dz\/faculte\/fac-mathinfo\/wp-json\/wp\/v2\/media?parent=15827"}],"curies":[{"name":"wp","href":"https:\/\/api.w.org\/{rel}","templated":true}]}}