{"id":15891,"date":"2024-02-25T13:55:20","date_gmt":"2024-02-25T13:55:20","guid":{"rendered":"https:\/\/www.univ-usto.dz\/faculte\/fac-mathinfo\/?page_id=15891"},"modified":"2026-01-11T13:34:35","modified_gmt":"2026-01-11T13:34:35","slug":"timetables-2","status":"publish","type":"page","link":"https:\/\/www.univ-usto.dz\/faculte\/fac-mathinfo\/en\/timetables-2\/","title":{"rendered":"Timetables\u00a0"},"content":{"rendered":"\t\t<div data-elementor-type=\"wp-page\" data-elementor-id=\"15891\" class=\"elementor elementor-15891\">\n\t\t\t\t\t\t<section class=\"elementor-section elementor-top-section elementor-element elementor-element-d372ad8 elementor-section-boxed elementor-section-height-default elementor-section-height-default\" data-id=\"d372ad8\" data-element_type=\"section\" data-e-type=\"section\">\n\t\t\t\t\t\t<div class=\"elementor-container elementor-column-gap-default\">\n\t\t\t\t\t<div class=\"elementor-column elementor-col-50 elementor-top-column elementor-element elementor-element-ee5766b\" data-id=\"ee5766b\" data-element_type=\"column\" data-e-type=\"column\">\n\t\t\t<div class=\"elementor-widget-wrap elementor-element-populated\">\n\t\t\t\t\t\t<div class=\"elementor-element elementor-element-9baddd0 elementor-widget elementor-widget-wp-widget-bellows_navigation_widget\" data-id=\"9baddd0\" data-element_type=\"widget\" data-e-type=\"widget\" data-widget_type=\"wp-widget-bellows_navigation_widget.default\">\n\t\t\t\t<div class=\"elementor-widget-container\">\n\t\t\t\t\t<nav id=\"bellows-main-254\" class=\"bellows bellows-nojs bellows-main bellows-source-menu bellows-align-center bellows-skin-vanilla bellows-type-\"><ul id=\"menu-departement-info-an\" class=\"bellows-nav\" data-bellows-config=\"main\"><li id=\"menu-item-16121\" class=\"bellows-menu-item bellows-menu-item-type-post_type bellows-menu-item-object-page bellows-menu-item-16121 bellows-item-level-0\"><a  href=\"https:\/\/www.univ-usto.dz\/faculte\/fac-mathinfo\/en\/department-staff-2\/\" class=\"bellows-target\"><span class=\"bellows-target-title bellows-target-text\">Department\u00a0Staff<\/span><\/a><\/li>\n<li id=\"menu-item-16120\" class=\"bellows-menu-item bellows-menu-item-type-post_type bellows-menu-item-object-page bellows-menu-item-16120 bellows-item-level-0\"><a  href=\"https:\/\/www.univ-usto.dz\/faculte\/fac-mathinfo\/en\/professors-2\/\" class=\"bellows-target\"><span class=\"bellows-target-title bellows-target-text\">Professors<\/span><\/a><\/li>\n<li id=\"menu-item-16116\" class=\"bellows-menu-item bellows-menu-item-type-post_type bellows-menu-item-object-page bellows-menu-item-16116 bellows-item-level-0\"><a  href=\"https:\/\/www.univ-usto.dz\/faculte\/fac-mathinfo\/en\/our-programs-2\/\" class=\"bellows-target\"><span class=\"bellows-target-title bellows-target-text\">Our Programs<\/span><\/a><\/li>\n<li id=\"menu-item-16128\" class=\"bellows-menu-item bellows-menu-item-type-post_type bellows-menu-item-object-page bellows-menu-item-16128 bellows-item-level-0\"><a  href=\"https:\/\/www.univ-usto.dz\/faculte\/fac-mathinfo\/en\/course\/\" class=\"bellows-target\"><span class=\"bellows-target-title bellows-target-text\">Courses.<\/span><\/a><\/li>\n<li id=\"menu-item-16119\" class=\"bellows-menu-item bellows-menu-item-type-post_type bellows-menu-item-object-page bellows-menu-item-16119 bellows-item-level-0\"><a  href=\"https:\/\/www.univ-usto.dz\/faculte\/fac-mathinfo\/en\/timetables-2\/\" class=\"bellows-target\"><span class=\"bellows-target-title bellows-target-text\">Timetables\u00a0<\/span><\/a><\/li>\n<li id=\"menu-item-16117\" class=\"bellows-menu-item bellows-menu-item-type-post_type bellows-menu-item-object-page bellows-menu-item-16117 bellows-item-level-0\"><a  href=\"https:\/\/www.univ-usto.dz\/faculte\/fac-mathinfo\/en\/rattrapage-2\/\" class=\"bellows-target\"><span class=\"bellows-target-title bellows-target-text\">Resit<\/span><\/a><\/li>\n<li id=\"menu-item-16118\" class=\"bellows-menu-item bellows-menu-item-type-post_type bellows-menu-item-object-page bellows-menu-item-16118 bellows-item-level-0\"><a  href=\"https:\/\/www.univ-usto.dz\/faculte\/fac-mathinfo\/en\/exams-2\/\" class=\"bellows-target\"><span class=\"bellows-target-title bellows-target-text\">Exams<\/span><\/a><\/li>\n<li id=\"menu-item-16127\" class=\"bellows-menu-item bellows-menu-item-type-post_type bellows-menu-item-object-post bellows-menu-item-16127 bellows-item-level-0\"><a  href=\"https:\/\/www.univ-usto.dz\/faculte\/fac-mathinfo\/en\/verbal-process-of-the-pedagogical-committee-2\/\" class=\"bellows-target\"><span class=\"bellows-target-title bellows-target-text\">The minutes of the meeting of the pedagogical committee<\/span><\/a><\/li>\n<\/ul><\/nav>\t\t\t\t<\/div>\n\t\t\t\t<\/div>\n\t\t\t\t\t<\/div>\n\t\t<\/div>\n\t\t\t\t<div class=\"elementor-column elementor-col-50 elementor-top-column elementor-element elementor-element-0f57dc6\" data-id=\"0f57dc6\" data-element_type=\"column\" data-e-type=\"column\">\n\t\t\t<div class=\"elementor-widget-wrap elementor-element-populated\">\n\t\t\t\t\t\t<div class=\"elementor-element elementor-element-47d5d7b elementor-widget elementor-widget-heading\" data-id=\"47d5d7b\" data-element_type=\"widget\" data-e-type=\"widget\" data-widget_type=\"heading.default\">\n\t\t\t\t<div class=\"elementor-widget-container\">\n\t\t\t\t\t<h2 class=\"elementor-heading-title elementor-size-default\"><h3 style=\"margin-bottom: 20px;font-size: 28px;white-space: normal\">Emplois du Temps<\/h3><\/h2>\t\t\t\t<\/div>\n\t\t\t\t<\/div>\n\t\t\t\t<section class=\"elementor-section elementor-inner-section elementor-element elementor-element-296feda elementor-section-boxed elementor-section-height-default elementor-section-height-default\" data-id=\"296feda\" data-element_type=\"section\" data-e-type=\"section\">\n\t\t\t\t\t\t<div class=\"elementor-container elementor-column-gap-default\">\n\t\t\t\t\t<div class=\"elementor-column elementor-col-50 elementor-inner-column elementor-element elementor-element-1ea389d\" data-id=\"1ea389d\" data-element_type=\"column\" data-e-type=\"column\">\n\t\t\t<div class=\"elementor-widget-wrap elementor-element-populated\">\n\t\t\t\t\t\t<div class=\"elementor-element elementor-element-d0291e5 elementor-widget elementor-widget-image\" data-id=\"d0291e5\" data-element_type=\"widget\" data-e-type=\"widget\" data-widget_type=\"image.default\">\n\t\t\t\t<div class=\"elementor-widget-container\">\n\t\t\t\t\t\t\t\t\t\t\t\t\t\t\t<img fetchpriority=\"high\" decoding=\"async\" width=\"511\" height=\"225\" src=\"https:\/\/www.univ-usto.dz\/faculte\/fac-mathinfo\/wp-content\/uploads\/2021\/04\/INFO.png\" class=\"attachment-large size-large wp-image-11533\" alt=\"\" srcset=\"https:\/\/www.univ-usto.dz\/faculte\/fac-mathinfo\/wp-content\/uploads\/2021\/04\/INFO.png 511w, https:\/\/www.univ-usto.dz\/faculte\/fac-mathinfo\/wp-content\/uploads\/2021\/04\/INFO-300x132.png 300w, https:\/\/www.univ-usto.dz\/faculte\/fac-mathinfo\/wp-content\/uploads\/2021\/04\/INFO-360x159.png 360w, https:\/\/www.univ-usto.dz\/faculte\/fac-mathinfo\/wp-content\/uploads\/2021\/04\/INFO-24x11.png 24w, https:\/\/www.univ-usto.dz\/faculte\/fac-mathinfo\/wp-content\/uploads\/2021\/04\/INFO-36x16.png 36w, https:\/\/www.univ-usto.dz\/faculte\/fac-mathinfo\/wp-content\/uploads\/2021\/04\/INFO-48x21.png 48w\" sizes=\"(max-width: 511px) 100vw, 511px\" \/>\t\t\t\t\t\t\t\t\t\t\t\t\t\t\t<\/div>\n\t\t\t\t<\/div>\n\t\t\t\t<div class=\"elementor-element elementor-element-c647d88 elementor-widget elementor-widget-text-editor\" data-id=\"c647d88\" data-element_type=\"widget\" data-e-type=\"widget\" data-widget_type=\"text-editor.default\">\n\t\t\t\t<div class=\"elementor-widget-container\">\n\t\t\t\t\t\t\t\t\t<p style=\"text-align: center;\"><span style=\"color: #ff0000;\"><strong>Ann\u00e9e universitaire 2025\/2026<\/strong><\/span><\/p><p><span style=\"color: #0000ff;\"><strong>L1<span style=\"text-decoration: underline;\">\u00a0 LMD\u00a0<\/span><\/strong><\/span><\/p><p><strong><span style=\"text-decoration: underline;\">Liste des \u00e9tudiants par section et groupe :<\/span><\/strong><\/p><p>Section1<\/p><p>Section2<\/p><p>Section3<\/p><p><strong><span style=\"text-decoration: underline; color: #008000;\">Emploi du temps\u00a0 :<\/span><\/strong><\/p><p><strong><span style=\"text-decoration: underline;\"><span style=\"color: #008000; text-decoration: underline;\">Semestre1<\/span><\/span><\/strong><\/p><p>\u00a01ere Ann\u00e9e L1 Section1<\/p><p>\u00a01ere Ann\u00e9e L1 Section2<\/p><p>\u00a01ere Ann\u00e9e L1 Section3<\/p><p><span style=\"text-decoration: underline; color: #008000;\"><strong>Semestre2<\/strong><\/span><\/p><p>\u00a01ere Ann\u00e9e L1\u00a0Section1<\/p><p>\u00a01ere Ann\u00e9e L1 Sectin2<\/p><p>\u00a01ere Ann\u00e9e L1\u00a0Section3<\/p><p><span style=\"text-decoration: underline; color: #0000ff;\"><span style=\"color: #0000ff;\"><b><u>Ing\u00e9nieur<\/u><\/b><\/span><strong style=\"color: #0000ff; text-decoration-line: underline;\">\u00a0<\/strong><\/span><\/p><h5><span style=\"text-decoration: underline;\"><span style=\"color: #008000;\"><strong>Semestre1<\/strong><\/span><\/span><\/h5><p>1 \u00e8re Ann\u00e9e ing\u00e9nieur<\/p><p>2 -\u00e8me ann\u00e9e ing\u00e9nieur<\/p><h5><span style=\"text-decoration: underline;\"><span style=\"color: #008000;\"><strong>Semestre2<\/strong><\/span><\/span><\/h5><h5>1 \u00e8re Ann\u00e9e ing\u00e9nieur<\/h5><p>2 -\u00e8me ann\u00e9e ing\u00e9nieur<\/p><p><span style=\"text-decoration: underline; color: #0000ff;\"><strong>L2\u00a0 LMD<\/strong><\/span><\/p><h5><strong><span style=\"color: #008000;\">Semestre1<\/span><\/strong><\/h5><p>2 eme Ann\u00e9e L2\u00a0Section1<\/p><p>2 eme Ann\u00e9e L2\u00a0Section2<\/p><h5><strong><span style=\"color: #008000;\">Semestre2<\/span><\/strong><\/h5><p>2 eme Ann\u00e9e L2\u00a0Section1<\/p><p>2 eme Ann\u00e9e L2\u00a0Section1<\/p><p><span style=\"text-decoration: underline; color: #0000ff;\"><strong>\u00a0L3 LMD<\/strong><\/span><\/p><p><strong><span style=\"color: #008000;\">Semestre1<\/span><\/strong><\/p><p>3 eme Ann\u00e9e L3 Option ISIL\u00a0<\/p><p>3 eme Ann\u00e9e L3 Option SI<\/p><p><strong><span style=\"color: #008000;\">Semestre2<\/span><\/strong><\/p><p>3 eme Ann\u00e9e L3 Option\u00a0ISIL<\/p><p>3 eme Ann\u00e9e L3 Option\u00a0SI<\/p><h5>\u00a0<\/h5><p><span style=\"color: #0000ff;\"><strong>Master<\/strong><\/span><\/p><h5><strong><span style=\"color: #008000;\">semestre1<\/span><\/strong><\/h5><p>M1 RSID<\/p><p>M1 SID<\/p><p>M1 IAA<\/p><h5><strong><span style=\"color: #008000;\">semestre2<\/span><\/strong><\/h5><p>M1 RSID<\/p><p>M1 SID<\/p><p>M1 IAA<\/p><p><strong><span style=\"color: #008000;\">Semestre1<\/span><\/strong><\/p><p>M2 SID<\/p><p>M2 RSID<\/p><p>M2 IAA<\/p><h5>\u00a0<\/h5>\t\t\t\t\t\t\t\t<\/div>\n\t\t\t\t<\/div>\n\t\t\t\t\t<\/div>\n\t\t<\/div>\n\t\t\t\t<div class=\"elementor-column elementor-col-50 elementor-inner-column elementor-element elementor-element-e15d7ba\" data-id=\"e15d7ba\" data-element_type=\"column\" data-e-type=\"column\">\n\t\t\t<div class=\"elementor-widget-wrap\">\n\t\t\t\t\t\t\t<\/div>\n\t\t<\/div>\n\t\t\t\t\t<\/div>\n\t\t<\/section>\n\t\t\t\t\t<\/div>\n\t\t<\/div>\n\t\t\t\t\t<\/div>\n\t\t<\/section>\n\t\t\t\t<\/div>\n\t\t","protected":false},"excerpt":{"rendered":"<p>Emplois du Temps Ann\u00e9e universitaire 2025\/2026 L1\u00a0 LMD\u00a0 Liste des \u00e9tudiants par section et groupe : Section1 Section2 Section3 Emploi du temps\u00a0 : Semestre1 \u00a01ere Ann\u00e9e L1 Section1 \u00a01ere Ann\u00e9e <a href=\"https:\/\/www.univ-usto.dz\/faculte\/fac-mathinfo\/en\/timetables-2\/\" class=\"read-more\">Lire la suite &#8230;<\/a><\/p>\n","protected":false},"author":22,"featured_media":0,"parent":0,"menu_order":0,"comment_status":"closed","ping_status":"closed","template":"","meta":{"footnotes":""},"class_list":["post-15891","page","type-page","status-publish","hentry"],"_links":{"self":[{"href":"https:\/\/www.univ-usto.dz\/faculte\/fac-mathinfo\/wp-json\/wp\/v2\/pages\/15891","targetHints":{"allow":["GET"]}}],"collection":[{"href":"https:\/\/www.univ-usto.dz\/faculte\/fac-mathinfo\/wp-json\/wp\/v2\/pages"}],"about":[{"href":"https:\/\/www.univ-usto.dz\/faculte\/fac-mathinfo\/wp-json\/wp\/v2\/types\/page"}],"author":[{"embeddable":true,"href":"https:\/\/www.univ-usto.dz\/faculte\/fac-mathinfo\/wp-json\/wp\/v2\/users\/22"}],"replies":[{"embeddable":true,"href":"https:\/\/www.univ-usto.dz\/faculte\/fac-mathinfo\/wp-json\/wp\/v2\/comments?post=15891"}],"version-history":[{"count":7,"href":"https:\/\/www.univ-usto.dz\/faculte\/fac-mathinfo\/wp-json\/wp\/v2\/pages\/15891\/revisions"}],"predecessor-version":[{"id":18577,"href":"https:\/\/www.univ-usto.dz\/faculte\/fac-mathinfo\/wp-json\/wp\/v2\/pages\/15891\/revisions\/18577"}],"wp:attachment":[{"href":"https:\/\/www.univ-usto.dz\/faculte\/fac-mathinfo\/wp-json\/wp\/v2\/media?parent=15891"}],"curies":[{"name":"wp","href":"https:\/\/api.w.org\/{rel}","templated":true}]}}