{"id":15920,"date":"2024-02-25T14:11:33","date_gmt":"2024-02-25T14:11:33","guid":{"rendered":"https:\/\/www.univ-usto.dz\/faculte\/fac-mathinfo\/?page_id=15920"},"modified":"2024-02-25T14:11:37","modified_gmt":"2024-02-25T14:11:37","slug":"scientific-council","status":"publish","type":"page","link":"https:\/\/www.univ-usto.dz\/faculte\/fac-mathinfo\/en\/scientific-council\/","title":{"rendered":"Scientific Council"},"content":{"rendered":"\t\t<div data-elementor-type=\"wp-page\" data-elementor-id=\"15920\" class=\"elementor elementor-15920\">\n\t\t\t\t\t\t<section class=\"elementor-section elementor-top-section elementor-element elementor-element-703bbe4 elementor-section-boxed elementor-section-height-default elementor-section-height-default\" data-id=\"703bbe4\" data-element_type=\"section\" data-e-type=\"section\">\n\t\t\t\t\t\t<div class=\"elementor-container elementor-column-gap-default\">\n\t\t\t\t\t<div class=\"elementor-column elementor-col-50 elementor-top-column elementor-element elementor-element-62c2c43\" data-id=\"62c2c43\" data-element_type=\"column\" data-e-type=\"column\">\n\t\t\t<div class=\"elementor-widget-wrap elementor-element-populated\">\n\t\t\t\t\t\t<div class=\"elementor-element elementor-element-6ec5284 elementor-widget elementor-widget-wp-widget-bellows_navigation_widget\" data-id=\"6ec5284\" data-element_type=\"widget\" data-e-type=\"widget\" data-widget_type=\"wp-widget-bellows_navigation_widget.default\">\n\t\t\t\t<div class=\"elementor-widget-container\">\n\t\t\t\t\t<nav id=\"bellows-main-17\" class=\"bellows bellows-nojs bellows-main bellows-source-menu bellows-align-center bellows-skin-vanilla bellows-type-\"><ul id=\"menu-post-graduation-recherche\" class=\"bellows-nav\" data-bellows-config=\"main\"><li id=\"menu-item-13337\" class=\"bellows-menu-item bellows-menu-item-type-post_type bellows-menu-item-object-page bellows-menu-item-13337 bellows-item-level-0\"><a  href=\"https:\/\/www.univ-usto.dz\/faculte\/fac-mathinfo\/la-liste-des-laboratoires\/\" class=\"bellows-target\"><span class=\"bellows-target-title bellows-target-text\">Post Graduation<\/span><\/a><\/li>\n<li id=\"menu-item-12124\" class=\"bellows-menu-item bellows-menu-item-type-post_type bellows-menu-item-object-page bellows-menu-item-12124 bellows-item-level-0\"><a  href=\"https:\/\/www.univ-usto.dz\/faculte\/fac-mathinfo\/projets-de-recherche-2\/\" class=\"bellows-target\"><span class=\"bellows-target-title bellows-target-text\">Recherche Scientifique<\/span><\/a><\/li>\n<li id=\"menu-item-12147\" class=\"bellows-menu-item bellows-menu-item-type-post_type bellows-menu-item-object-page bellows-menu-item-12147 bellows-item-level-0\"><a  href=\"https:\/\/www.univ-usto.dz\/faculte\/fac-mathinfo\/conseil-scientifique-2\/\" class=\"bellows-target\"><span class=\"bellows-target-title bellows-target-text\">Conseil scientifique<\/span><\/a><\/li>\n<\/ul><\/nav>\t\t\t\t<\/div>\n\t\t\t\t<\/div>\n\t\t\t\t\t<\/div>\n\t\t<\/div>\n\t\t\t\t<div class=\"elementor-column elementor-col-50 elementor-top-column elementor-element elementor-element-eff045f\" data-id=\"eff045f\" data-element_type=\"column\" data-e-type=\"column\">\n\t\t\t<div class=\"elementor-widget-wrap elementor-element-populated\">\n\t\t\t\t\t\t<div class=\"elementor-element elementor-element-5bff497 elementor-widget-mobile__width-initial elementor-widget elementor-widget-image\" data-id=\"5bff497\" data-element_type=\"widget\" data-e-type=\"widget\" data-widget_type=\"image.default\">\n\t\t\t\t<div class=\"elementor-widget-container\">\n\t\t\t\t\t\t\t\t\t\t\t\t\t\t\t<img fetchpriority=\"high\" decoding=\"async\" width=\"450\" height=\"305\" src=\"https:\/\/www.univ-usto.dz\/faculte\/fac-mathinfo\/wp-content\/uploads\/2023\/12\/photo.png\" class=\"attachment-full size-full wp-image-13973\" alt=\"\" srcset=\"https:\/\/www.univ-usto.dz\/faculte\/fac-mathinfo\/wp-content\/uploads\/2023\/12\/photo.png 450w, https:\/\/www.univ-usto.dz\/faculte\/fac-mathinfo\/wp-content\/uploads\/2023\/12\/photo-300x203.png 300w, https:\/\/www.univ-usto.dz\/faculte\/fac-mathinfo\/wp-content\/uploads\/2023\/12\/photo-360x244.png 360w, https:\/\/www.univ-usto.dz\/faculte\/fac-mathinfo\/wp-content\/uploads\/2023\/12\/photo-24x16.png 24w, https:\/\/www.univ-usto.dz\/faculte\/fac-mathinfo\/wp-content\/uploads\/2023\/12\/photo-36x24.png 36w, https:\/\/www.univ-usto.dz\/faculte\/fac-mathinfo\/wp-content\/uploads\/2023\/12\/photo-48x33.png 48w\" sizes=\"(max-width: 450px) 100vw, 450px\" \/>\t\t\t\t\t\t\t\t\t\t\t\t\t\t\t<\/div>\n\t\t\t\t<\/div>\n\t\t\t\t\t<\/div>\n\t\t<\/div>\n\t\t\t\t\t<\/div>\n\t\t<\/section>\n\t\t\t\t<section class=\"elementor-section elementor-top-section elementor-element elementor-element-78b430f elementor-section-boxed elementor-section-height-default elementor-section-height-default\" data-id=\"78b430f\" data-element_type=\"section\" data-e-type=\"section\">\n\t\t\t\t\t\t<div class=\"elementor-container elementor-column-gap-default\">\n\t\t\t\t\t<div class=\"elementor-column elementor-col-50 elementor-top-column elementor-element elementor-element-b74bcff\" data-id=\"b74bcff\" data-element_type=\"column\" data-e-type=\"column\">\n\t\t\t<div class=\"elementor-widget-wrap\">\n\t\t\t\t\t\t\t<\/div>\n\t\t<\/div>\n\t\t\t\t<div class=\"elementor-column elementor-col-50 elementor-top-column elementor-element elementor-element-ba42a6c\" data-id=\"ba42a6c\" data-element_type=\"column\" data-e-type=\"column\">\n\t\t\t<div class=\"elementor-widget-wrap\">\n\t\t\t\t\t\t\t<\/div>\n\t\t<\/div>\n\t\t\t\t\t<\/div>\n\t\t<\/section>\n\t\t\t\t<section class=\"elementor-section elementor-top-section elementor-element elementor-element-21a2516 elementor-section-boxed elementor-section-height-default elementor-section-height-default\" data-id=\"21a2516\" data-element_type=\"section\" data-e-type=\"section\">\n\t\t\t\t\t\t<div class=\"elementor-container elementor-column-gap-default\">\n\t\t\t\t\t<div class=\"elementor-column elementor-col-100 elementor-top-column elementor-element elementor-element-8251d12\" data-id=\"8251d12\" data-element_type=\"column\" data-e-type=\"column\">\n\t\t\t<div class=\"elementor-widget-wrap elementor-element-populated\">\n\t\t\t\t\t\t<div class=\"elementor-element elementor-element-b8532f1 elementor-tabs-view-horizontal elementor-widget elementor-widget-tabs\" data-id=\"b8532f1\" data-element_type=\"widget\" data-e-type=\"widget\" data-widget_type=\"tabs.default\">\n\t\t\t\t<div class=\"elementor-widget-container\">\n\t\t\t\t\t\t\t<div class=\"elementor-tabs\">\n\t\t\t<div class=\"elementor-tabs-wrapper\" role=\"tablist\" >\n\t\t\t\t\t\t\t\t\t<div id=\"elementor-tab-title-1931\" class=\"elementor-tab-title elementor-tab-desktop-title\" aria-selected=\"true\" data-tab=\"1\" role=\"tab\" tabindex=\"0\" aria-controls=\"elementor-tab-content-1931\" aria-expanded=\"false\">membres des instances scientifiques<\/div>\n\t\t\t\t\t\t\t\t\t<div id=\"elementor-tab-title-1932\" class=\"elementor-tab-title elementor-tab-desktop-title\" aria-selected=\"false\" data-tab=\"2\" role=\"tab\" tabindex=\"-1\" aria-controls=\"elementor-tab-content-1932\" aria-expanded=\"false\"> calendrier<\/div>\n\t\t\t\t\t\t\t\t\t<div id=\"elementor-tab-title-1933\" class=\"elementor-tab-title elementor-tab-desktop-title\" aria-selected=\"false\" data-tab=\"3\" role=\"tab\" tabindex=\"-1\" aria-controls=\"elementor-tab-content-1933\" aria-expanded=\"false\">PV des instances\u00a0<\/div>\n\t\t\t\t\t\t\t<\/div>\n\t\t\t<div class=\"elementor-tabs-content-wrapper\" role=\"tablist\" aria-orientation=\"vertical\">\n\t\t\t\t\t\t\t\t\t<div class=\"elementor-tab-title elementor-tab-mobile-title\" aria-selected=\"true\" data-tab=\"1\" role=\"tab\" tabindex=\"0\" aria-controls=\"elementor-tab-content-1931\" aria-expanded=\"false\">membres des instances scientifiques<\/div>\n\t\t\t\t\t<div id=\"elementor-tab-content-1931\" class=\"elementor-tab-content elementor-clearfix\" data-tab=\"1\" role=\"tabpanel\" aria-labelledby=\"elementor-tab-title-1931\" tabindex=\"0\" hidden=\"false\"><p><span style=\"color: #666699;\"><strong>Conseil scientifique de la facult\u00e9 pr\u00e9sid\u00e9 par: <span style=\"color: #333333;\">Dr Medjadj Imene<\/span><\/strong><\/span><\/p><p><strong><span style=\"color: #333399;\">Les Membres:\u00a0 \u00a0\u00a0<\/span> \u00a0 \u00a0 \u00a0 \u00a0 \u00a0 \u00a0 \u00a0 \u00a0 \u00a0 \u00a0 \u00a0 \u00a0<\/strong><\/p><ul><li><strong>Pr DJEBBAR Bachir<\/strong><\/li><li><strong>Dr DEKHICI Latifa<\/strong><\/li><li><strong>Dr KIES Ali<\/strong><\/li><li><strong>Pr TLEMSANI Redouan<\/strong><\/li><li><strong>Dr BEKKARA Samir<\/strong><\/li><li><strong>Dr YEDJOUR Dounia<\/strong><\/li><li><strong>Pr TLEMCANI Mounir<\/strong><\/li><li><strong>Dr BERNOUSSI Mohamed<\/strong><\/li><li><strong>Dr BENAMRAN Nac\u00e9ra<\/strong><\/li><li><strong>Dr BELKADI Khaled<\/strong><\/li><li><strong>Pr DOUAR N\u00e9eRADJEF Sonia<\/strong><\/li><li><strong>Dr BAGDADI Leila<\/strong><\/li><li><strong>Dr GHARDAOUI Sara<\/strong><\/li><li><strong>Dr MESSOUS Abdelrahmane<\/strong><\/li><\/ul><p><span style=\"color: #666699;\"><strong>Comit\u00e9 Scientifique du D\u00e9partement des Math\u00e9matiques pr\u00e9sid\u00e9 par: <span style=\"color: #333333;\">Dr Bekkara Samir<\/span><\/strong><\/span><\/p><p style=\"text-align: left;\"><strong> <span style=\"color: #333399;\">Les Membres:<\/span> \u00a0 \u00a0 \u00a0 \u00a0 \u00a0 \u00a0 \u00a0 \u00a0 \u00a0 \u00a0 \u00a0 \u00a0 \u00a0 \u00a0 \u00a0 \u00a0 \u00a0 \u00a0 \u00a0<\/strong><\/p><ul><li><strong>Pr TLEMCANI Mounir<\/strong><\/li><li><strong>Dr HAMDAOUI Abdelnour<\/strong><\/li><li><strong>Dr BENAISSA CHERIF Amine<\/strong><\/li><li><strong>Dr HARAT Chahraezd<\/strong><\/li><li><strong>Dr BENKAMRA Zohra<\/strong><\/li><li><strong>Dr BOUREGHA Dalila<\/strong><\/li><li><strong>Dr RAHLA Rima Imen<\/strong><\/li><li><strong>Dr BOUCHAMA Chaima<\/strong><\/li><\/ul><p><span style=\"color: #666699;\"><strong>Comit\u00e9 Scientifique du D\u00e9partement Informatique pr\u00e9sid\u00e9 par: <span style=\"color: #333333;\">Pr TLEMSANI Redouane<\/span><\/strong><\/span><\/p><p><span style=\"color: #000080;\"><strong>Les Membres:\u00a0\u00a0 \u00a0 \u00a0 \u00a0 \u00a0 \u00a0 \u00a0 \u00a0 \u00a0 \u00a0 \u00a0 \u00a0 \u00a0 \u00a0 \u00a0 \u00a0 \u00a0 \u00a0 \u00a0<\/strong><\/span><\/p><ul><li><strong>Dr YEDJOUR Dounia<\/strong><\/li><li><strong>Dr RACHDI Abdelkrim<\/strong><\/li><li><strong>Dr RACHDI Abdelkrim<\/strong><\/li><li><strong>Dr CHOUCHA chams Elddine<\/strong><\/li><li><strong>Dr BOUZIANE Hafida<\/strong><\/li><li><strong>Dr BENZIANE Sarah<\/strong><\/li><li><strong>Dr BOUTOUIL Sarah<\/strong><\/li><li><strong>Dr MOURI Hayet<\/strong><\/li><li><strong>Dr BELBACHIR Khadidja<\/strong><\/li><\/ul><p style=\"text-align: left;\">\u00a0<\/p><\/div>\n\t\t\t\t\t\t\t\t\t<div class=\"elementor-tab-title elementor-tab-mobile-title\" aria-selected=\"false\" data-tab=\"2\" role=\"tab\" tabindex=\"-1\" aria-controls=\"elementor-tab-content-1932\" aria-expanded=\"false\"> calendrier<\/div>\n\t\t\t\t\t<div id=\"elementor-tab-content-1932\" class=\"elementor-tab-content elementor-clearfix\" data-tab=\"2\" role=\"tabpanel\" aria-labelledby=\"elementor-tab-title-1932\" tabindex=\"0\" hidden=\"hidden\"><div dir=\"ltr\">\n<div dir=\"auto\">Les \u00e9lections de 2 enseignants de rang magistral ( Professeurs , MCA) repr\u00e9sentants de la facult\u00e9 au conseil scientifique de l&#8217;universit\u00e9 ( CSU) par leur pairs ( enseignants de rang magistral) sont programm\u00e9s ce dimanche 18 f\u00e9vrier 2024 de 10 h \u00e0 12h45 au bureau du secr\u00e9taire g\u00e9n\u00e9ral Mr Addou \u00e0 la facult\u00e9 de math\u00e9matiques et d&#8217;informatique .<\/div>\n<div dir=\"auto\">Le d\u00e9pouillement est programm\u00e9 juste apr\u00e8s \u00e0 13h00.<\/div>\n<div dir=\"auto\">\n<p>Les \u00e9lections ne concernent que les enseignants de rang magistral.<\/p>\n<\/div>\n<div dir=\"auto\">Candidats:<\/div>\n<div dir=\"auto\">&nbsp;<\/div>\n<div dir=\"auto\">Pr Belkadi Khaled.<\/div>\n<div dir=\"auto\">Pr Chouraqui Samira<\/div>\n<div dir=\"auto\">Dr becouche&nbsp;ibtissem<\/div>\n<div dir=\"auto\">Dr Belmabrouk Karima<\/div>\n<div dir=\"auto\">Dr Benziane Sarah<\/div>\n<div dir=\"auto\">Dr Harrat Chahrazed<\/div>\n<div dir=\"auto\">Dr Attaoui Sa\u00efd<\/div>\n<div dir=\"auto\">Dr Ghardaoui Sara<\/div>\n<\/div>\n<div dir=\"ltr\">&nbsp;<\/div>\n<div>\n<div dir=\"ltr\"><br><\/div><\/div><\/div>\n\t\t\t\t\t\t\t\t\t<div class=\"elementor-tab-title elementor-tab-mobile-title\" aria-selected=\"false\" data-tab=\"3\" role=\"tab\" tabindex=\"-1\" aria-controls=\"elementor-tab-content-1933\" aria-expanded=\"false\">PV des instances\u00a0<\/div>\n\t\t\t\t\t<div id=\"elementor-tab-content-1933\" class=\"elementor-tab-content elementor-clearfix\" data-tab=\"3\" role=\"tabpanel\" aria-labelledby=\"elementor-tab-title-1933\" tabindex=\"0\" hidden=\"hidden\"><p>\u00a0<\/p><p><strong><span style=\"color: #ff0000;\">PVs CSF : <a href=\"https:\/\/www.univ-usto.dz\/faculte\/fac-mathinfo\/wp-content\/uploads\/2024\/02\/PV-CSF.pdf\">Voir<\/a><\/span><\/strong><\/p><p><strong><span style=\"color: #ff0000;\">PVs CSD D\u00e9partement d&#8217;informatique : <a href=\"https:\/\/www.univ-usto.dz\/faculte\/fac-mathinfo\/wp-content\/uploads\/2024\/02\/1_merged_compressed.pdf\">Voir<\/a><\/span><\/strong><\/p><p><strong><span style=\"color: #ff0000;\">PVs CSD D\u00e9partement des math\u00e9matiques:<a href=\"https:\/\/www.univ-usto.dz\/faculte\/fac-mathinfo\/wp-content\/uploads\/2024\/02\/pv-csd-maths.pdf\">Voir<\/a><\/span><\/strong><\/p><p><strong><span style=\"color: #ff0000;\">PVs CFD d&#8217;\u00e9partement d&#8217;informatique:<a href=\"https:\/\/www.univ-usto.dz\/faculte\/fac-mathinfo\/wp-content\/uploads\/2024\/02\/PV-CFD-inf.pdf\">Voir<\/a><\/span><\/strong><\/p><p><strong><span style=\"color: #ff0000;\">PVs CFD d&#8217;\u00e9partement des math\u00e9matiques:<a href=\"https:\/\/www.univ-usto.dz\/faculte\/fac-mathinfo\/wp-content\/uploads\/2024\/02\/pv-cfd-maths.pdf\">Voir<\/a><\/span><\/strong><\/p><p>\u00a0<\/p><\/div>\n\t\t\t\t\t\t\t<\/div>\n\t\t<\/div>\n\t\t\t\t\t\t<\/div>\n\t\t\t\t<\/div>\n\t\t\t\t\t<\/div>\n\t\t<\/div>\n\t\t\t\t\t<\/div>\n\t\t<\/section>\n\t\t\t\t<section class=\"elementor-section elementor-top-section elementor-element elementor-element-57170ab featured-conten elementor-section-boxed elementor-section-height-default elementor-section-height-default\" data-id=\"57170ab\" data-element_type=\"section\" data-e-type=\"section\" id=\"featured-conten\" data-settings=\"{&quot;background_background&quot;:&quot;classic&quot;}\">\n\t\t\t\t\t\t<div class=\"elementor-container elementor-column-gap-default\">\n\t\t\t\t\t\t<\/div>\n\t\t<\/section>\n\t\t\t\t<\/div>\n\t\t","protected":false},"excerpt":{"rendered":"","protected":false},"author":22,"featured_media":0,"parent":0,"menu_order":0,"comment_status":"closed","ping_status":"closed","template":"","meta":{"footnotes":""},"class_list":["post-15920","page","type-page","status-publish","hentry"],"_links":{"self":[{"href":"https:\/\/www.univ-usto.dz\/faculte\/fac-mathinfo\/wp-json\/wp\/v2\/pages\/15920","targetHints":{"allow":["GET"]}}],"collection":[{"href":"https:\/\/www.univ-usto.dz\/faculte\/fac-mathinfo\/wp-json\/wp\/v2\/pages"}],"about":[{"href":"https:\/\/www.univ-usto.dz\/faculte\/fac-mathinfo\/wp-json\/wp\/v2\/types\/page"}],"author":[{"embeddable":true,"href":"https:\/\/www.univ-usto.dz\/faculte\/fac-mathinfo\/wp-json\/wp\/v2\/users\/22"}],"replies":[{"embeddable":true,"href":"https:\/\/www.univ-usto.dz\/faculte\/fac-mathinfo\/wp-json\/wp\/v2\/comments?post=15920"}],"version-history":[{"count":1,"href":"https:\/\/www.univ-usto.dz\/faculte\/fac-mathinfo\/wp-json\/wp\/v2\/pages\/15920\/revisions"}],"predecessor-version":[{"id":15921,"href":"https:\/\/www.univ-usto.dz\/faculte\/fac-mathinfo\/wp-json\/wp\/v2\/pages\/15920\/revisions\/15921"}],"wp:attachment":[{"href":"https:\/\/www.univ-usto.dz\/faculte\/fac-mathinfo\/wp-json\/wp\/v2\/media?parent=15920"}],"curies":[{"name":"wp","href":"https:\/\/api.w.org\/{rel}","templated":true}]}}