{"id":15925,"date":"2024-02-25T14:13:25","date_gmt":"2024-02-25T14:13:25","guid":{"rendered":"https:\/\/www.univ-usto.dz\/faculte\/fac-mathinfo\/?page_id=15925"},"modified":"2024-03-04T09:59:56","modified_gmt":"2024-03-04T09:59:56","slug":"international-relations","status":"publish","type":"page","link":"https:\/\/www.univ-usto.dz\/faculte\/fac-mathinfo\/en\/international-relations\/","title":{"rendered":"International relations"},"content":{"rendered":"\t\t<div data-elementor-type=\"wp-page\" data-elementor-id=\"15925\" class=\"elementor elementor-15925\">\n\t\t\t\t\t\t<section class=\"elementor-section elementor-top-section elementor-element elementor-element-018f49f elementor-section-boxed elementor-section-height-default elementor-section-height-default\" data-id=\"018f49f\" data-element_type=\"section\" data-e-type=\"section\">\n\t\t\t\t\t\t<div class=\"elementor-container elementor-column-gap-default\">\n\t\t\t\t\t<div class=\"elementor-column elementor-col-100 elementor-top-column elementor-element elementor-element-cabfe84\" data-id=\"cabfe84\" data-element_type=\"column\" data-e-type=\"column\">\n\t\t\t<div class=\"elementor-widget-wrap elementor-element-populated\">\n\t\t\t\t\t\t\t<\/div>\n\t\t<\/div>\n\t\t\t\t\t<\/div>\n\t\t<\/section>\n\t\t\t\t<section class=\"elementor-section elementor-top-section elementor-element elementor-element-57170ab featured-conten elementor-section-boxed elementor-section-height-default elementor-section-height-default\" data-id=\"57170ab\" data-element_type=\"section\" data-e-type=\"section\" id=\"featured-conten\" data-settings=\"{&quot;background_background&quot;:&quot;classic&quot;}\">\n\t\t\t\t\t\t<div class=\"elementor-container elementor-column-gap-default\">\n\t\t\t\t\t\t<\/div>\n\t\t<\/section>\n\t\t\t\t<section class=\"elementor-section elementor-top-section elementor-element elementor-element-3d3222d elementor-section-boxed elementor-section-height-default elementor-section-height-default\" data-id=\"3d3222d\" data-element_type=\"section\" data-e-type=\"section\">\n\t\t\t\t\t\t<div class=\"elementor-container elementor-column-gap-default\">\n\t\t\t\t\t<div class=\"elementor-column elementor-col-100 elementor-top-column elementor-element elementor-element-fa8c161\" data-id=\"fa8c161\" data-element_type=\"column\" data-e-type=\"column\">\n\t\t\t<div class=\"elementor-widget-wrap elementor-element-populated\">\n\t\t\t\t\t\t<div class=\"elementor-element elementor-element-04896b5 elementor-tabs-view-horizontal elementor-widget elementor-widget-tabs\" data-id=\"04896b5\" data-element_type=\"widget\" data-e-type=\"widget\" data-widget_type=\"tabs.default\">\n\t\t\t\t<div class=\"elementor-widget-container\">\n\t\t\t\t\t\t\t<div class=\"elementor-tabs\">\n\t\t\t<div class=\"elementor-tabs-wrapper\" role=\"tablist\" >\n\t\t\t\t\t\t\t\t\t<div id=\"elementor-tab-title-4751\" class=\"elementor-tab-title elementor-tab-desktop-title\" aria-selected=\"true\" data-tab=\"1\" role=\"tab\" tabindex=\"0\" aria-controls=\"elementor-tab-content-4751\" aria-expanded=\"false\">Manifestation <\/div>\n\t\t\t\t\t\t\t\t\t<div id=\"elementor-tab-title-4752\" class=\"elementor-tab-title elementor-tab-desktop-title\" aria-selected=\"false\" data-tab=\"2\" role=\"tab\" tabindex=\"-1\" aria-controls=\"elementor-tab-content-4752\" aria-expanded=\"false\">Mobilit\u00e9<\/div>\n\t\t\t\t\t\t\t\t\t<div id=\"elementor-tab-title-4753\" class=\"elementor-tab-title elementor-tab-desktop-title\" aria-selected=\"false\" data-tab=\"3\" role=\"tab\" tabindex=\"-1\" aria-controls=\"elementor-tab-content-4753\" aria-expanded=\"false\">ERASMUS +<\/div>\n\t\t\t\t\t\t\t\t\t<div id=\"elementor-tab-title-4754\" class=\"elementor-tab-title elementor-tab-desktop-title\" aria-selected=\"false\" data-tab=\"4\" role=\"tab\" tabindex=\"-1\" aria-controls=\"elementor-tab-content-4754\" aria-expanded=\"false\">Coop\u00e9ration<\/div>\n\t\t\t\t\t\t\t\t\t<div id=\"elementor-tab-title-4755\" class=\"elementor-tab-title elementor-tab-desktop-title\" aria-selected=\"false\" data-tab=\"5\" role=\"tab\" tabindex=\"-1\" aria-controls=\"elementor-tab-content-4755\" aria-expanded=\"false\">\u00c9tudiant Internationaux <\/div>\n\t\t\t\t\t\t\t<\/div>\n\t\t\t<div class=\"elementor-tabs-content-wrapper\" role=\"tablist\" aria-orientation=\"vertical\">\n\t\t\t\t\t\t\t\t\t<div class=\"elementor-tab-title elementor-tab-mobile-title\" aria-selected=\"true\" data-tab=\"1\" role=\"tab\" tabindex=\"0\" aria-controls=\"elementor-tab-content-4751\" aria-expanded=\"false\">Manifestation <\/div>\n\t\t\t\t\t<div id=\"elementor-tab-content-4751\" class=\"elementor-tab-content elementor-clearfix\" data-tab=\"1\" role=\"tabpanel\" aria-labelledby=\"elementor-tab-title-4751\" tabindex=\"0\" hidden=\"false\"><h2><span style=\"color: #333399;\"><b>Manifestations \u00e0 venir:<\/b><\/span><\/h2><div><b>\u00a0<\/b><\/div><div><b>\u00a0<\/b><\/div><h2 style=\"text-align: left;\"><span style=\"color: #ff0000;\">Dossier d&#8217;organisation de manifestation scientifique<\/span><\/h2><h1 style=\"text-align: left;\"><span style=\"color: #333399;\">\u00a0<\/span><\/h1><div><span style=\"color: #333399;\">\u00a0<\/span><\/div><h3 style=\"text-align: center;\"><span style=\"color: #0000ff;\">(conf\u00e9rences, journ\u00e9es&#8230;.) \u00e0 l&#8217;universit\u00e9<\/span><\/h3><div><span style=\"color: #333399;\">\u00a0<\/span><\/div><p><strong>1)Fiche technique d\u2019une manifestation scientifique :<\/strong><\/p><p>Intitul\u00e9 de la manifestation<\/p><p>Date et lieu de d\u00e9roulement<\/p><p>Organisateur : \u2026\u2026\u2026\u2026\u2026\u2026\/laboratoire<\/p><p>Nature du colloque : Workshop S\u00e9minaire Conf\u00e9rence<\/p><p>Journ\u00e9e Scientifique Congr\u00e8s Colloque<\/p><p>Objectifs de la manifestation et retomb\u00e9es<\/p><p>R\u00e9sultats escompt\u00e9s de la manifestation<\/p><p>Participants invit\u00e9s:(une liste)<\/p><p>Programme scientifique<\/p><p>Co\u00fbts financiers (billets, h\u00e9bergement, fourniture, restaurations&#8230;)<\/p><p>Principal promoteur financier<\/p><p>Compositions du comit\u00e9 d\u2019organisation : (une liste)<\/p><p>Comit\u00e9 scientifique:(une liste)<\/p><p>Signature du pr\u00e9sident du comit\u00e9 d\u2019organisation<\/p><p>Signature du CSD, CSF, Doyen, conseil du laboratoire, Vice-recteur, Recteur<\/p><p>Probl\u00e9matique en annexe.<\/p><p><strong>2)Extrait des PV des instances scientifiques.<\/strong><\/p><p><strong>3)La lettre de motivation<\/strong><\/p><p><strong>4)La demande d\u2019autorisation d\u2019organisation de la manifestation scientifique adress\u00e9e au Chef d\u2019\u00e9tablissement<\/strong><\/p><h2><span style=\"color: #333399;\"><b>Manifestations(ARCHIVES)<\/b>:<\/span><\/h2><div><span style=\"color: #333399;\">\u00a0<\/span><\/div><p>\u00a0Activit\u00e9s scientifiques et culturelles en 2023<\/p><ul><li>Semaine des Math\u00e9matiques<\/li><li>Semaine de L\u2019intelligence artificielle<\/li><li>Activit\u00e9s des clubs estudiantins<\/li><\/ul><p>\u00a0<img decoding=\"async\" class=\"alignnone wp-image-15555\" src=\"https:\/\/www.univ-usto.dz\/faculte\/fac-mathinfo\/wp-content\/uploads\/2024\/02\/messaoui-semaine-math-212x300.png\" alt=\"\" width=\"174\" height=\"247\" srcset=\"https:\/\/www.univ-usto.dz\/faculte\/fac-mathinfo\/wp-content\/uploads\/2024\/02\/messaoui-semaine-math-212x300.png 212w, https:\/\/www.univ-usto.dz\/faculte\/fac-mathinfo\/wp-content\/uploads\/2024\/02\/messaoui-semaine-math-724x1024.png 724w, https:\/\/www.univ-usto.dz\/faculte\/fac-mathinfo\/wp-content\/uploads\/2024\/02\/messaoui-semaine-math-768x1086.png 768w, https:\/\/www.univ-usto.dz\/faculte\/fac-mathinfo\/wp-content\/uploads\/2024\/02\/messaoui-semaine-math-1086x1536.png 1086w, https:\/\/www.univ-usto.dz\/faculte\/fac-mathinfo\/wp-content\/uploads\/2024\/02\/messaoui-semaine-math-191x270.png 191w, https:\/\/www.univ-usto.dz\/faculte\/fac-mathinfo\/wp-content\/uploads\/2024\/02\/messaoui-semaine-math-17x24.png 17w, https:\/\/www.univ-usto.dz\/faculte\/fac-mathinfo\/wp-content\/uploads\/2024\/02\/messaoui-semaine-math-25x36.png 25w, https:\/\/www.univ-usto.dz\/faculte\/fac-mathinfo\/wp-content\/uploads\/2024\/02\/messaoui-semaine-math-34x48.png 34w, https:\/\/www.univ-usto.dz\/faculte\/fac-mathinfo\/wp-content\/uploads\/2024\/02\/messaoui-semaine-math.png 1414w\" sizes=\"(max-width: 174px) 100vw, 174px\" \/> <img decoding=\"async\" class=\"alignnone wp-image-15557\" src=\"https:\/\/www.univ-usto.dz\/faculte\/fac-mathinfo\/wp-content\/uploads\/2024\/02\/Terbeche-semaine-math-1-212x300.png\" alt=\"\" width=\"176\" height=\"249\" srcset=\"https:\/\/www.univ-usto.dz\/faculte\/fac-mathinfo\/wp-content\/uploads\/2024\/02\/Terbeche-semaine-math-1-212x300.png 212w, https:\/\/www.univ-usto.dz\/faculte\/fac-mathinfo\/wp-content\/uploads\/2024\/02\/Terbeche-semaine-math-1-724x1024.png 724w, https:\/\/www.univ-usto.dz\/faculte\/fac-mathinfo\/wp-content\/uploads\/2024\/02\/Terbeche-semaine-math-1-768x1086.png 768w, https:\/\/www.univ-usto.dz\/faculte\/fac-mathinfo\/wp-content\/uploads\/2024\/02\/Terbeche-semaine-math-1-1086x1536.png 1086w, https:\/\/www.univ-usto.dz\/faculte\/fac-mathinfo\/wp-content\/uploads\/2024\/02\/Terbeche-semaine-math-1-191x270.png 191w, https:\/\/www.univ-usto.dz\/faculte\/fac-mathinfo\/wp-content\/uploads\/2024\/02\/Terbeche-semaine-math-1-17x24.png 17w, https:\/\/www.univ-usto.dz\/faculte\/fac-mathinfo\/wp-content\/uploads\/2024\/02\/Terbeche-semaine-math-1-25x36.png 25w, https:\/\/www.univ-usto.dz\/faculte\/fac-mathinfo\/wp-content\/uploads\/2024\/02\/Terbeche-semaine-math-1-34x48.png 34w, https:\/\/www.univ-usto.dz\/faculte\/fac-mathinfo\/wp-content\/uploads\/2024\/02\/Terbeche-semaine-math-1.png 1414w\" sizes=\"(max-width: 176px) 100vw, 176px\" \/> <img decoding=\"async\" class=\"alignnone wp-image-15558\" src=\"https:\/\/www.univ-usto.dz\/faculte\/fac-mathinfo\/wp-content\/uploads\/2024\/02\/Tlemcani-semaine-math-1-212x300.png\" alt=\"\" width=\"174\" height=\"247\" srcset=\"https:\/\/www.univ-usto.dz\/faculte\/fac-mathinfo\/wp-content\/uploads\/2024\/02\/Tlemcani-semaine-math-1-212x300.png 212w, https:\/\/www.univ-usto.dz\/faculte\/fac-mathinfo\/wp-content\/uploads\/2024\/02\/Tlemcani-semaine-math-1-724x1024.png 724w, https:\/\/www.univ-usto.dz\/faculte\/fac-mathinfo\/wp-content\/uploads\/2024\/02\/Tlemcani-semaine-math-1-768x1086.png 768w, https:\/\/www.univ-usto.dz\/faculte\/fac-mathinfo\/wp-content\/uploads\/2024\/02\/Tlemcani-semaine-math-1-1086x1536.png 1086w, https:\/\/www.univ-usto.dz\/faculte\/fac-mathinfo\/wp-content\/uploads\/2024\/02\/Tlemcani-semaine-math-1-191x270.png 191w, https:\/\/www.univ-usto.dz\/faculte\/fac-mathinfo\/wp-content\/uploads\/2024\/02\/Tlemcani-semaine-math-1-17x24.png 17w, https:\/\/www.univ-usto.dz\/faculte\/fac-mathinfo\/wp-content\/uploads\/2024\/02\/Tlemcani-semaine-math-1-25x36.png 25w, https:\/\/www.univ-usto.dz\/faculte\/fac-mathinfo\/wp-content\/uploads\/2024\/02\/Tlemcani-semaine-math-1-34x48.png 34w, https:\/\/www.univ-usto.dz\/faculte\/fac-mathinfo\/wp-content\/uploads\/2024\/02\/Tlemcani-semaine-math-1.png 1414w\" sizes=\"(max-width: 174px) 100vw, 174px\" \/><\/p><p>\u00a0<img loading=\"lazy\" decoding=\"async\" class=\"alignnone wp-image-15704\" src=\"https:\/\/www.univ-usto.dz\/faculte\/fac-mathinfo\/wp-content\/uploads\/2024\/02\/club-conference.jpg\" alt=\"\" width=\"171\" height=\"171\" srcset=\"https:\/\/www.univ-usto.dz\/faculte\/fac-mathinfo\/wp-content\/uploads\/2024\/02\/club-conference.jpg 206w, https:\/\/www.univ-usto.dz\/faculte\/fac-mathinfo\/wp-content\/uploads\/2024\/02\/club-conference-150x150.jpg 150w, https:\/\/www.univ-usto.dz\/faculte\/fac-mathinfo\/wp-content\/uploads\/2024\/02\/club-conference-24x24.jpg 24w, https:\/\/www.univ-usto.dz\/faculte\/fac-mathinfo\/wp-content\/uploads\/2024\/02\/club-conference-36x36.jpg 36w, https:\/\/www.univ-usto.dz\/faculte\/fac-mathinfo\/wp-content\/uploads\/2024\/02\/club-conference-48x48.jpg 48w\" sizes=\"(max-width: 171px) 100vw, 171px\" \/> <img loading=\"lazy\" decoding=\"async\" class=\"alignnone wp-image-15554\" src=\"https:\/\/www.univ-usto.dz\/faculte\/fac-mathinfo\/wp-content\/uploads\/2024\/02\/manifestation-semaine-math-2023-300x225.jpg\" alt=\"\" width=\"225\" height=\"169\" srcset=\"https:\/\/www.univ-usto.dz\/faculte\/fac-mathinfo\/wp-content\/uploads\/2024\/02\/manifestation-semaine-math-2023-300x225.jpg 300w, https:\/\/www.univ-usto.dz\/faculte\/fac-mathinfo\/wp-content\/uploads\/2024\/02\/manifestation-semaine-math-2023-1024x769.jpg 1024w, https:\/\/www.univ-usto.dz\/faculte\/fac-mathinfo\/wp-content\/uploads\/2024\/02\/manifestation-semaine-math-2023-768x576.jpg 768w, https:\/\/www.univ-usto.dz\/faculte\/fac-mathinfo\/wp-content\/uploads\/2024\/02\/manifestation-semaine-math-2023-1536x1153.jpg 1536w, https:\/\/www.univ-usto.dz\/faculte\/fac-mathinfo\/wp-content\/uploads\/2024\/02\/manifestation-semaine-math-2023-360x270.jpg 360w, https:\/\/www.univ-usto.dz\/faculte\/fac-mathinfo\/wp-content\/uploads\/2024\/02\/manifestation-semaine-math-2023-24x18.jpg 24w, https:\/\/www.univ-usto.dz\/faculte\/fac-mathinfo\/wp-content\/uploads\/2024\/02\/manifestation-semaine-math-2023-36x27.jpg 36w, https:\/\/www.univ-usto.dz\/faculte\/fac-mathinfo\/wp-content\/uploads\/2024\/02\/manifestation-semaine-math-2023-48x36.jpg 48w, https:\/\/www.univ-usto.dz\/faculte\/fac-mathinfo\/wp-content\/uploads\/2024\/02\/manifestation-semaine-math-2023.jpg 2048w\" sizes=\"(max-width: 225px) 100vw, 225px\" \/> <img loading=\"lazy\" decoding=\"async\" class=\"alignnone wp-image-15703\" src=\"https:\/\/www.univ-usto.dz\/faculte\/fac-mathinfo\/wp-content\/uploads\/2024\/02\/activites-et-cooperation-google-club.jpg\" alt=\"\" width=\"176\" height=\"176\" srcset=\"https:\/\/www.univ-usto.dz\/faculte\/fac-mathinfo\/wp-content\/uploads\/2024\/02\/activites-et-cooperation-google-club.jpg 225w, https:\/\/www.univ-usto.dz\/faculte\/fac-mathinfo\/wp-content\/uploads\/2024\/02\/activites-et-cooperation-google-club-150x150.jpg 150w, https:\/\/www.univ-usto.dz\/faculte\/fac-mathinfo\/wp-content\/uploads\/2024\/02\/activites-et-cooperation-google-club-24x24.jpg 24w, https:\/\/www.univ-usto.dz\/faculte\/fac-mathinfo\/wp-content\/uploads\/2024\/02\/activites-et-cooperation-google-club-36x36.jpg 36w, https:\/\/www.univ-usto.dz\/faculte\/fac-mathinfo\/wp-content\/uploads\/2024\/02\/activites-et-cooperation-google-club-48x48.jpg 48w\" sizes=\"(max-width: 176px) 100vw, 176px\" \/><\/p><\/div>\n\t\t\t\t\t\t\t\t\t<div class=\"elementor-tab-title elementor-tab-mobile-title\" aria-selected=\"false\" data-tab=\"2\" role=\"tab\" tabindex=\"-1\" aria-controls=\"elementor-tab-content-4752\" aria-expanded=\"false\">Mobilit\u00e9<\/div>\n\t\t\t\t\t<div id=\"elementor-tab-content-4752\" class=\"elementor-tab-content elementor-clearfix\" data-tab=\"2\" role=\"tabpanel\" aria-labelledby=\"elementor-tab-title-4752\" tabindex=\"0\" hidden=\"hidden\"><h1 style=\"text-align: left;\"><span style=\"color: #333399;\"><strong><em>&#8211; PARTICIPER A UNE MANIFESTATION :<\/em><\/strong><\/span><\/h1><div><span style=\"color: #333399;\"><strong><em>\u00a0<\/em><\/strong><\/span><\/div><div>\u00a0<\/div><ul><li>Une demande au CSD mentionnant la dur\u00e9e, le lieu, la conf\u00e9rence et son site web.<\/li><li>\ufe0e Lettre acceptation.<\/li><li>\ufe0e l\u2019article.<\/li><li>\ufe0e la description de la conf\u00e9rence.<\/li><li>\ufe0e la description des frais d\u2019inscription en cas de demande d\u2019incidence financi\u00e8re pendant la p\u00e9riode des candidatures.<\/li><\/ul><div>\u00a0<\/div><p><strong><em>Apr\u00e8s acceptation par le CSD:\u00a0<\/em><\/strong><\/p><ul><li>\ufe0e candidature en ligne.<\/li><li>\ufe0e PV du CSD.<\/li><li>\ufe0e copie du passeport.<\/li><li>\ufe0e ch\u00e8que barr\u00e9.<\/li><\/ul><div>\u00a0<\/div><p><strong>Remarque :<\/strong><\/p><p>Il est possible de demander une autorisation pour assister \u00e0 une conf\u00e9rence sans incidence financi\u00e8re, et il est possible de demander la participation \u00e0 une manifestation scientifique pendant la p\u00e9riode de candidature \u00e0 une mobilit\u00e9 scientifique.\u00a0<\/p><p><strong style=\"color: #333399; font-family: 'Merriweather Sans', sans-serif; font-size: 22px; text-align: center; background-color: inherit;\"><em>&#8211; Stage ou s\u00e9jour scientifique :<\/em><\/strong><\/p><p><strong><em>1- LE DOSSIER A FOURNIR POUR LES ENSIGNANTS :<\/em><\/strong><\/p><ul><li>Demande adress\u00e9e au CSD.<\/li><li>Justification des travaux scientifiques et p\u00e9dagogiques.<\/li><li>Candidatures sur la plateforme au site de l\u2019universit\u00e9.<\/li><li>Attestation de dernier stage.<\/li><li>A d\u00e9poser pendant la p\u00e9riode de candidature.<\/li><\/ul><h4><strong><u>A pr\u00e9s s\u00e9lection :<\/u><\/strong><\/h4><div>\u00a0<\/div><ul><li>Copie de passeport.<\/li><li>Fiche de candidature.<\/li><li>Ch\u00e8que barr\u00e9.\u00a0 \u00a0<\/li><\/ul><p><strong><em>2- LE DOSSIER A FOURNIR POUR LE PERSONNEL ADMINISTRATIF :<\/em><\/strong><\/p><ul><li>Candidater en ligne.<\/li><li>Demande de stage.<\/li><li>D\u00e9cision de nomation en poste sup\u00e9rieur.<\/li><li>D\u00e9cision de nomation de grade.<\/li><li>Plan de travail.<\/li><li>Photocopie de passeport.<\/li><li>Dipl\u00f4me universitaire.<\/li><li>Attestation de dernier stage.<\/li><li>A d\u00e9poser pendant la p\u00e9riode de candidature.<\/li><\/ul><p><strong><em>3- LE DOSSIER A FOURNIR POUR LES DOCTORANT :<\/em><\/strong><\/p><ul><li>Lettre d\u2019accueil.<\/li><li>Demande de stage.<\/li><li>Candidature en ligne.<\/li><li>Plan de travail.<\/li><li>Cheque barr\u00e9.<\/li><li>Inscription de l\u2019ann\u00e9e en cours.<\/li><li>Attestation d\u2019affectation CNAS\u00a0en tant qu\u2019\u00e9tudiant ou de non affiliation CASNOS.<\/li><li>Attestation de dernier stage.<\/li><li>A d\u00e9poser pendant la p\u00e9riode de candidature.<\/li><\/ul><h1 style=\"text-align: left;\"><strong style=\"color: #333399;\">-Dossier d&#8217;actualisation * pour consommer la Mobilit\u00e9*<\/strong><\/h1><div><strong style=\"color: #333399;\">\u00a0<\/strong><\/div><p><em><strong>1- LE DOSSIER A FOURNIR POUR LES ENSIGNANTS :<\/strong><\/em><\/p><ul><li>Demande.<\/li><li>Autorisation d\u2019abssance sign\u00e9e par le chef de d\u00e9partement.<\/li><li>PAF original<\/li><\/ul><p><em><strong>2- LE DOSSIER A FOURNIR POUR LE PERSONNEL ADMINISTRATIF :<\/strong><\/em><\/p><ul><li>Demande.<\/li><li>Autorisation d\u2019absence sign\u00e9e par le responsable directe *secr\u00e9taire g\u00e9n\u00e9ral*.<\/li><li>PAF original<\/li><\/ul><p><em><strong>3- LE DOSSIER A FOURNIR POUR LES DOCTORANT :<\/strong><\/em><\/p><ul><li>Demande.<\/li><li>Copie de billet.<\/li><li>PAF original.<\/li><\/ul><\/div>\n\t\t\t\t\t\t\t\t\t<div class=\"elementor-tab-title elementor-tab-mobile-title\" aria-selected=\"false\" data-tab=\"3\" role=\"tab\" tabindex=\"-1\" aria-controls=\"elementor-tab-content-4753\" aria-expanded=\"false\">ERASMUS +<\/div>\n\t\t\t\t\t<div id=\"elementor-tab-content-4753\" class=\"elementor-tab-content elementor-clearfix\" data-tab=\"3\" role=\"tabpanel\" aria-labelledby=\"elementor-tab-title-4753\" tabindex=\"0\" hidden=\"hidden\"><p><img loading=\"lazy\" decoding=\"async\" class=\" wp-image-15697 alignleft\" src=\"https:\/\/www.univ-usto.dz\/faculte\/fac-mathinfo\/wp-content\/uploads\/2024\/02\/serbia-1.png\" alt=\"\" width=\"207\" height=\"138\" srcset=\"https:\/\/www.univ-usto.dz\/faculte\/fac-mathinfo\/wp-content\/uploads\/2024\/02\/serbia-1.png 275w, https:\/\/www.univ-usto.dz\/faculte\/fac-mathinfo\/wp-content\/uploads\/2024\/02\/serbia-1-24x16.png 24w, https:\/\/www.univ-usto.dz\/faculte\/fac-mathinfo\/wp-content\/uploads\/2024\/02\/serbia-1-36x24.png 36w, https:\/\/www.univ-usto.dz\/faculte\/fac-mathinfo\/wp-content\/uploads\/2024\/02\/serbia-1-48x32.png 48w\" sizes=\"(max-width: 207px) 100vw, 207px\" \/><\/p><p>\u00a0<\/p><p>Receuil d&#8217;un doctorant de la Serbie pendant 4 mois\u00a0en 2023 dans le cadre d&#8217;Erasmus+<\/p><p>\u00a0<\/p><\/div>\n\t\t\t\t\t\t\t\t\t<div class=\"elementor-tab-title elementor-tab-mobile-title\" aria-selected=\"false\" data-tab=\"4\" role=\"tab\" tabindex=\"-1\" aria-controls=\"elementor-tab-content-4754\" aria-expanded=\"false\">Coop\u00e9ration<\/div>\n\t\t\t\t\t<div id=\"elementor-tab-content-4754\" class=\"elementor-tab-content elementor-clearfix\" data-tab=\"4\" role=\"tabpanel\" aria-labelledby=\"elementor-tab-title-4754\" tabindex=\"0\" hidden=\"hidden\"><p>La participation de <strong>Monsieur kies Ali<\/strong> vice doyen charger des etudes et des questions liees aux etudiants ainsi que<strong> Madame Dekhici Latifa<\/strong> vice doyen charger de la poste graduation, de la recherche scientifique et des relations exterieures, et <strong>Monsieur TLEMSANI Redouan <\/strong>pour une \u00e9mission<strong> radio&#8230; Oran. com.<\/strong> Pour discuter d&#8217;un sujet sur la num\u00e9risation et la rentr\u00e9e universitaire\u00a0<\/p><p><strong>\u00a0<\/strong><\/p><p><img loading=\"lazy\" decoding=\"async\" class=\"alignnone wp-image-15327\" src=\"https:\/\/www.univ-usto.dz\/faculte\/fac-mathinfo\/wp-content\/uploads\/2024\/02\/377916153_705787661591599_3869965252663554935_n-300x225.jpg\" alt=\"\" width=\"196\" height=\"147\" srcset=\"https:\/\/www.univ-usto.dz\/faculte\/fac-mathinfo\/wp-content\/uploads\/2024\/02\/377916153_705787661591599_3869965252663554935_n-300x225.jpg 300w, https:\/\/www.univ-usto.dz\/faculte\/fac-mathinfo\/wp-content\/uploads\/2024\/02\/377916153_705787661591599_3869965252663554935_n-768x577.jpg 768w, https:\/\/www.univ-usto.dz\/faculte\/fac-mathinfo\/wp-content\/uploads\/2024\/02\/377916153_705787661591599_3869965252663554935_n-360x270.jpg 360w, https:\/\/www.univ-usto.dz\/faculte\/fac-mathinfo\/wp-content\/uploads\/2024\/02\/377916153_705787661591599_3869965252663554935_n-24x18.jpg 24w, https:\/\/www.univ-usto.dz\/faculte\/fac-mathinfo\/wp-content\/uploads\/2024\/02\/377916153_705787661591599_3869965252663554935_n-36x27.jpg 36w, https:\/\/www.univ-usto.dz\/faculte\/fac-mathinfo\/wp-content\/uploads\/2024\/02\/377916153_705787661591599_3869965252663554935_n-48x36.jpg 48w, https:\/\/www.univ-usto.dz\/faculte\/fac-mathinfo\/wp-content\/uploads\/2024\/02\/377916153_705787661591599_3869965252663554935_n.jpg 1024w\" sizes=\"(max-width: 196px) 100vw, 196px\" \/> \u00a0\u00a0<img loading=\"lazy\" decoding=\"async\" class=\"alignnone wp-image-15330\" src=\"https:\/\/www.univ-usto.dz\/faculte\/fac-mathinfo\/wp-content\/uploads\/2024\/02\/377950209_705787884924910_9110664932708812475_n-300x225.jpg\" alt=\"\" width=\"198\" height=\"149\" srcset=\"https:\/\/www.univ-usto.dz\/faculte\/fac-mathinfo\/wp-content\/uploads\/2024\/02\/377950209_705787884924910_9110664932708812475_n-300x225.jpg 300w, https:\/\/www.univ-usto.dz\/faculte\/fac-mathinfo\/wp-content\/uploads\/2024\/02\/377950209_705787884924910_9110664932708812475_n-768x576.jpg 768w, https:\/\/www.univ-usto.dz\/faculte\/fac-mathinfo\/wp-content\/uploads\/2024\/02\/377950209_705787884924910_9110664932708812475_n-360x270.jpg 360w, https:\/\/www.univ-usto.dz\/faculte\/fac-mathinfo\/wp-content\/uploads\/2024\/02\/377950209_705787884924910_9110664932708812475_n-24x18.jpg 24w, https:\/\/www.univ-usto.dz\/faculte\/fac-mathinfo\/wp-content\/uploads\/2024\/02\/377950209_705787884924910_9110664932708812475_n-36x27.jpg 36w, https:\/\/www.univ-usto.dz\/faculte\/fac-mathinfo\/wp-content\/uploads\/2024\/02\/377950209_705787884924910_9110664932708812475_n-48x36.jpg 48w, https:\/\/www.univ-usto.dz\/faculte\/fac-mathinfo\/wp-content\/uploads\/2024\/02\/377950209_705787884924910_9110664932708812475_n.jpg 1024w\" sizes=\"(max-width: 198px) 100vw, 198px\" \/> <img loading=\"lazy\" decoding=\"async\" class=\"wp-image-15530 alignleft\" src=\"https:\/\/www.univ-usto.dz\/faculte\/fac-mathinfo\/wp-content\/uploads\/2024\/02\/radio-3-1.jpg\" alt=\"\" width=\"163\" height=\"163\" srcset=\"https:\/\/www.univ-usto.dz\/faculte\/fac-mathinfo\/wp-content\/uploads\/2024\/02\/radio-3-1.jpg 206w, https:\/\/www.univ-usto.dz\/faculte\/fac-mathinfo\/wp-content\/uploads\/2024\/02\/radio-3-1-150x150.jpg 150w, https:\/\/www.univ-usto.dz\/faculte\/fac-mathinfo\/wp-content\/uploads\/2024\/02\/radio-3-1-24x24.jpg 24w, https:\/\/www.univ-usto.dz\/faculte\/fac-mathinfo\/wp-content\/uploads\/2024\/02\/radio-3-1-36x36.jpg 36w, https:\/\/www.univ-usto.dz\/faculte\/fac-mathinfo\/wp-content\/uploads\/2024\/02\/radio-3-1-48x48.jpg 48w\" sizes=\"(max-width: 163px) 100vw, 163px\" \/><\/p><\/div>\n\t\t\t\t\t\t\t\t\t<div class=\"elementor-tab-title elementor-tab-mobile-title\" aria-selected=\"false\" data-tab=\"5\" role=\"tab\" tabindex=\"-1\" aria-controls=\"elementor-tab-content-4755\" aria-expanded=\"false\">\u00c9tudiant Internationaux <\/div>\n\t\t\t\t\t<div id=\"elementor-tab-content-4755\" class=\"elementor-tab-content elementor-clearfix\" data-tab=\"5\" role=\"tabpanel\" aria-labelledby=\"elementor-tab-title-4755\" tabindex=\"0\" hidden=\"hidden\"><p><strong>\u00a0 \u00a0 \u00a0 \u00a0 \u00a0 \u00a0 \u00a0 \u00a0 \u00a0 \u00a0 \u00a0 \u00a0 \u00a0 \u00a0 \u00a0 \u00a0 \u00a0 \u00a0 \u00a0 \u00a0 \u00a0 \u00a0 \u00a0 \u00a0 \u00a0<\/strong><\/p><p><img loading=\"lazy\" decoding=\"async\" class=\"wp-image-15523 aligncenter\" src=\"https:\/\/www.univ-usto.dz\/faculte\/fac-mathinfo\/wp-content\/uploads\/2024\/02\/PGG-300x179.png\" alt=\"\" width=\"561\" height=\"335\" srcset=\"https:\/\/www.univ-usto.dz\/faculte\/fac-mathinfo\/wp-content\/uploads\/2024\/02\/PGG-300x179.png 300w, https:\/\/www.univ-usto.dz\/faculte\/fac-mathinfo\/wp-content\/uploads\/2024\/02\/PGG-360x215.png 360w, https:\/\/www.univ-usto.dz\/faculte\/fac-mathinfo\/wp-content\/uploads\/2024\/02\/PGG-24x14.png 24w, https:\/\/www.univ-usto.dz\/faculte\/fac-mathinfo\/wp-content\/uploads\/2024\/02\/PGG-36x22.png 36w, https:\/\/www.univ-usto.dz\/faculte\/fac-mathinfo\/wp-content\/uploads\/2024\/02\/PGG-48x29.png 48w, https:\/\/www.univ-usto.dz\/faculte\/fac-mathinfo\/wp-content\/uploads\/2024\/02\/PGG.png 472w\" sizes=\"(max-width: 561px) 100vw, 561px\" \/><\/p><p><strong>\u00a0<\/strong><\/p><p><strong>\u00a0 \u00a0 \u00a0 \u00a0 \u00a0 \u00a0 \u00a0 \u00a0 \u00a0 \u00a0 \u00a0 \u00a0 \u00a0 \u00a0 \u00a0 \u00a0 \u00a0 \u00a0 \u00a0 \u00a0 \u00a0 \u00a0 \u00a0 \u00a0 \u00a0 \u00a0\u00a0<\/strong><\/p><\/div>\n\t\t\t\t\t\t\t<\/div>\n\t\t<\/div>\n\t\t\t\t\t\t<\/div>\n\t\t\t\t<\/div>\n\t\t\t\t\t<\/div>\n\t\t<\/div>\n\t\t\t\t\t<\/div>\n\t\t<\/section>\n\t\t\t\t<\/div>\n\t\t","protected":false},"excerpt":{"rendered":"","protected":false},"author":22,"featured_media":0,"parent":0,"menu_order":0,"comment_status":"closed","ping_status":"closed","template":"","meta":{"footnotes":""},"class_list":["post-15925","page","type-page","status-publish","hentry"],"_links":{"self":[{"href":"https:\/\/www.univ-usto.dz\/faculte\/fac-mathinfo\/wp-json\/wp\/v2\/pages\/15925","targetHints":{"allow":["GET"]}}],"collection":[{"href":"https:\/\/www.univ-usto.dz\/faculte\/fac-mathinfo\/wp-json\/wp\/v2\/pages"}],"about":[{"href":"https:\/\/www.univ-usto.dz\/faculte\/fac-mathinfo\/wp-json\/wp\/v2\/types\/page"}],"author":[{"embeddable":true,"href":"https:\/\/www.univ-usto.dz\/faculte\/fac-mathinfo\/wp-json\/wp\/v2\/users\/22"}],"replies":[{"embeddable":true,"href":"https:\/\/www.univ-usto.dz\/faculte\/fac-mathinfo\/wp-json\/wp\/v2\/comments?post=15925"}],"version-history":[{"count":2,"href":"https:\/\/www.univ-usto.dz\/faculte\/fac-mathinfo\/wp-json\/wp\/v2\/pages\/15925\/revisions"}],"predecessor-version":[{"id":16136,"href":"https:\/\/www.univ-usto.dz\/faculte\/fac-mathinfo\/wp-json\/wp\/v2\/pages\/15925\/revisions\/16136"}],"wp:attachment":[{"href":"https:\/\/www.univ-usto.dz\/faculte\/fac-mathinfo\/wp-json\/wp\/v2\/media?parent=15925"}],"curies":[{"name":"wp","href":"https:\/\/api.w.org\/{rel}","templated":true}]}}