{"id":15929,"date":"2024-02-25T14:18:59","date_gmt":"2024-02-25T14:18:59","guid":{"rendered":"https:\/\/www.univ-usto.dz\/faculte\/fac-mathinfo\/?page_id=15929"},"modified":"2024-02-25T14:18:59","modified_gmt":"2024-02-25T14:18:59","slug":"my-library","status":"publish","type":"page","link":"https:\/\/www.univ-usto.dz\/faculte\/fac-mathinfo\/en\/my-library\/","title":{"rendered":"My library"},"content":{"rendered":"\t\t<div data-elementor-type=\"wp-page\" data-elementor-id=\"15929\" class=\"elementor elementor-15929\">\n\t\t\t\t\t\t<section class=\"elementor-section elementor-top-section elementor-element elementor-element-703bbe4 elementor-section-boxed elementor-section-height-default elementor-section-height-default\" data-id=\"703bbe4\" data-element_type=\"section\" data-e-type=\"section\">\n\t\t\t\t\t\t<div class=\"elementor-container elementor-column-gap-default\">\n\t\t\t\t\t<div class=\"elementor-column elementor-col-33 elementor-top-column elementor-element elementor-element-62c2c43\" data-id=\"62c2c43\" data-element_type=\"column\" data-e-type=\"column\">\n\t\t\t<div class=\"elementor-widget-wrap elementor-element-populated\">\n\t\t\t\t\t\t<div class=\"elementor-element elementor-element-2d367fe elementor-widget elementor-widget-image\" data-id=\"2d367fe\" data-element_type=\"widget\" data-e-type=\"widget\" data-widget_type=\"image.default\">\n\t\t\t\t<div class=\"elementor-widget-container\">\n\t\t\t\t\t\t\t\t\t\t\t\t\t\t\t<img fetchpriority=\"high\" decoding=\"async\" width=\"275\" height=\"183\" src=\"https:\/\/www.univ-usto.dz\/faculte\/fac-mathinfo\/wp-content\/uploads\/2021\/03\/biblio.jpg\" class=\"attachment-1536x1536 size-1536x1536 wp-image-11210\" alt=\"Biblioth\u00e8que\" srcset=\"https:\/\/www.univ-usto.dz\/faculte\/fac-mathinfo\/wp-content\/uploads\/2021\/03\/biblio.jpg 275w, https:\/\/www.univ-usto.dz\/faculte\/fac-mathinfo\/wp-content\/uploads\/2021\/03\/biblio-24x16.jpg 24w, https:\/\/www.univ-usto.dz\/faculte\/fac-mathinfo\/wp-content\/uploads\/2021\/03\/biblio-36x24.jpg 36w, https:\/\/www.univ-usto.dz\/faculte\/fac-mathinfo\/wp-content\/uploads\/2021\/03\/biblio-48x32.jpg 48w\" sizes=\"(max-width: 275px) 100vw, 275px\" \/>\t\t\t\t\t\t\t\t\t\t\t\t\t\t\t<\/div>\n\t\t\t\t<\/div>\n\t\t\t\t<div class=\"elementor-element elementor-element-197fbe9 elementor-widget elementor-widget-text-editor\" data-id=\"197fbe9\" data-element_type=\"widget\" data-e-type=\"widget\" data-widget_type=\"text-editor.default\">\n\t\t\t\t<div class=\"elementor-widget-container\">\n\t\t\t\t\t\t\t\t\t<p><strong><span style=\"color: #ff0000;\">Responsable de la biblioth\u00e8que&nbsp;:<\/span><\/strong><\/p>\n<p><span style=\"color: #0000ff;\">Mr Bernoussi Mohamed <\/span><\/p>\n<p><span style=\"color: #ff0000;\">Mail<\/span> : <a href=\"mailto:med_bernoussi@yahoo.fr\">med_bernoussi@yahoo.fr<\/a><\/p><p>&nbsp;mohamed.bernoussi@univ-usto.dz<\/p>\n<p class=\"MsoNormal\">\n<\/p>\t\t\t\t\t\t\t\t<\/div>\n\t\t\t\t<\/div>\n\t\t\t\t\t<\/div>\n\t\t<\/div>\n\t\t\t\t<div class=\"elementor-column elementor-col-66 elementor-top-column elementor-element elementor-element-eff045f\" data-id=\"eff045f\" data-element_type=\"column\" data-e-type=\"column\">\n\t\t\t<div class=\"elementor-widget-wrap elementor-element-populated\">\n\t\t\t\t\t\t<div class=\"elementor-element elementor-element-ae66973 elementor-widget elementor-widget-text-editor\" data-id=\"ae66973\" data-element_type=\"widget\" data-e-type=\"widget\" data-widget_type=\"text-editor.default\">\n\t\t\t\t<div class=\"elementor-widget-container\">\n\t\t\t\t\t\t\t\t\t<p><span style=\"color: #ff0000;\"><strong>La biblioth\u00e8que <\/strong><\/span>de la Facult\u00e9 des math\u00e9matiques et informatique est cr\u00e9\u00e9 en 2013, conform\u00e9ment au d\u00e9cret ex\u00e9cutif N\u00b013\/199 du 20 mai 2013.<\/p><p>Les utilisateurs de la Biblioth\u00e8que de la facult\u00e9 des Math\u00e9matiques et Informatique sont les enseignants, doctorants et les \u00e9tudiants M2 et 3\u00e8me ann\u00e9e licence.<br \/>Les enseignants et les doctorants b\u00e9n\u00e9ficient du pr\u00eat des ouvrages de la facult\u00e9, alors que les \u00e9tudiants M2 et 3\u00e8me ann\u00e9e licence b\u00e9n\u00e9ficient uniquement de la consultation sur place des ouvrages ou bien la consultation des m\u00e9moires de fin d\u2019\u00e9tudes sur des supports \u00e9lectroniques.<br \/>La biblioth\u00e8que MI met \u00e0 votre disposition une salle de lecture pour tous les \u00e9tudiants de la facult\u00e9 qui se situe au 3\u00e8me \u00e9tage, aussi bien d\u2019une consultation sur place des ouvrages et acc\u00e8s \u00e0 internet gratuitement.<br \/>La biblioth\u00e8que MI met aussi une salle \u00e9quip\u00e9e sp\u00e9cialement pour les doctorants de la facult\u00e9.<\/p>\t\t\t\t\t\t\t\t<\/div>\n\t\t\t\t<\/div>\n\t\t\t\t<div class=\"elementor-element elementor-element-7b20732 elementor-widget elementor-widget-heading\" data-id=\"7b20732\" data-element_type=\"widget\" data-e-type=\"widget\" data-widget_type=\"heading.default\">\n\t\t\t\t<div class=\"elementor-widget-container\">\n\t\t\t\t\t<h2 class=\"elementor-heading-title elementor-size-default\">R\u00e8glement :\n<\/h2>\t\t\t\t<\/div>\n\t\t\t\t<\/div>\n\t\t\t\t<div class=\"elementor-element elementor-element-a0ef9be elementor-widget elementor-widget-text-editor\" data-id=\"a0ef9be\" data-element_type=\"widget\" data-e-type=\"widget\" data-widget_type=\"text-editor.default\">\n\t\t\t\t<div class=\"elementor-widget-container\">\n\t\t\t\t\t\t\t\t\t<p>Tout utilisateur de la biblioth\u00e8que doit respecter le r\u00e8glement interne en cas de perte d\u2019ouvrage ou d\u00e9t\u00e9rioration de mat\u00e9riel.<\/p>\t\t\t\t\t\t\t\t<\/div>\n\t\t\t\t<\/div>\n\t\t\t\t<div class=\"elementor-element elementor-element-1cd0590 elementor-widget elementor-widget-heading\" data-id=\"1cd0590\" data-element_type=\"widget\" data-e-type=\"widget\" data-widget_type=\"heading.default\">\n\t\t\t\t<div class=\"elementor-widget-container\">\n\t\t\t\t\t<h2 class=\"elementor-heading-title elementor-size-default\">Fonds documentaire :\n<\/h2>\t\t\t\t<\/div>\n\t\t\t\t<\/div>\n\t\t\t\t<div class=\"elementor-element elementor-element-5b61b8b elementor-widget elementor-widget-text-editor\" data-id=\"5b61b8b\" data-element_type=\"widget\" data-e-type=\"widget\" data-widget_type=\"text-editor.default\">\n\t\t\t\t<div class=\"elementor-widget-container\">\n\t\t\t\t\t\t\t\t\t<p>Ouvrage\u00a0: 5899 titres<br \/>Th\u00e8se doctorat\u00a0: 167 th\u00e8mes<br \/>Master\u00a0: 1211 \u00e0 nos jours.<br \/>Licence\u00a0: 1472 \u00e0 nos jours.<\/p>\t\t\t\t\t\t\t\t<\/div>\n\t\t\t\t<\/div>\n\t\t\t\t<div class=\"elementor-element elementor-element-3a9194c elementor-widget elementor-widget-heading\" data-id=\"3a9194c\" data-element_type=\"widget\" data-e-type=\"widget\" data-widget_type=\"heading.default\">\n\t\t\t\t<div class=\"elementor-widget-container\">\n\t\t\t\t\t<h2 class=\"elementor-heading-title elementor-size-default\">Quitus :<\/h2>\t\t\t\t<\/div>\n\t\t\t\t<\/div>\n\t\t\t\t<div class=\"elementor-element elementor-element-9367c40 elementor-widget elementor-widget-text-editor\" data-id=\"9367c40\" data-element_type=\"widget\" data-e-type=\"widget\" data-widget_type=\"text-editor.default\">\n\t\t\t\t<div class=\"elementor-widget-container\">\n\t\t\t\t\t\t\t\t\t<p>En fin d\u2019ann\u00e9e universitaire chaque \u00e9tudiant en fin d\u2019\u00e9tudes de diff\u00e9rents cursus doit passer \u00e0 la biblioth\u00e8que pour d\u00e9poser le m\u00e9moire sur support \u00e9lectronique (CD)plus la page de garde imprim\u00e9e en couleur pour avoir le quitus.<br \/>Chaque enseignent en fin de carri\u00e8re doit obligatoirement passer \u00e0 la biblioth\u00e8que pour avoir le quitus.<\/p>\t\t\t\t\t\t\t\t<\/div>\n\t\t\t\t<\/div>\n\t\t\t\t\t<\/div>\n\t\t<\/div>\n\t\t\t\t\t<\/div>\n\t\t<\/section>\n\t\t\t\t<section class=\"elementor-section elementor-top-section elementor-element elementor-element-409fd3d elementor-section-boxed elementor-section-height-default elementor-section-height-default\" data-id=\"409fd3d\" data-element_type=\"section\" data-e-type=\"section\">\n\t\t\t\t\t\t<div class=\"elementor-container elementor-column-gap-default\">\n\t\t\t\t\t<div class=\"elementor-column elementor-col-100 elementor-top-column elementor-element elementor-element-fac3463\" data-id=\"fac3463\" data-element_type=\"column\" data-e-type=\"column\">\n\t\t\t<div class=\"elementor-widget-wrap\">\n\t\t\t\t\t\t\t<\/div>\n\t\t<\/div>\n\t\t\t\t\t<\/div>\n\t\t<\/section>\n\t\t\t\t<\/div>\n\t\t","protected":false},"excerpt":{"rendered":"","protected":false},"author":22,"featured_media":0,"parent":0,"menu_order":0,"comment_status":"closed","ping_status":"closed","template":"","meta":{"footnotes":""},"class_list":["post-15929","page","type-page","status-publish","hentry"],"_links":{"self":[{"href":"https:\/\/www.univ-usto.dz\/faculte\/fac-mathinfo\/wp-json\/wp\/v2\/pages\/15929","targetHints":{"allow":["GET"]}}],"collection":[{"href":"https:\/\/www.univ-usto.dz\/faculte\/fac-mathinfo\/wp-json\/wp\/v2\/pages"}],"about":[{"href":"https:\/\/www.univ-usto.dz\/faculte\/fac-mathinfo\/wp-json\/wp\/v2\/types\/page"}],"author":[{"embeddable":true,"href":"https:\/\/www.univ-usto.dz\/faculte\/fac-mathinfo\/wp-json\/wp\/v2\/users\/22"}],"replies":[{"embeddable":true,"href":"https:\/\/www.univ-usto.dz\/faculte\/fac-mathinfo\/wp-json\/wp\/v2\/comments?post=15929"}],"version-history":[{"count":1,"href":"https:\/\/www.univ-usto.dz\/faculte\/fac-mathinfo\/wp-json\/wp\/v2\/pages\/15929\/revisions"}],"predecessor-version":[{"id":15930,"href":"https:\/\/www.univ-usto.dz\/faculte\/fac-mathinfo\/wp-json\/wp\/v2\/pages\/15929\/revisions\/15930"}],"wp:attachment":[{"href":"https:\/\/www.univ-usto.dz\/faculte\/fac-mathinfo\/wp-json\/wp\/v2\/media?parent=15929"}],"curies":[{"name":"wp","href":"https:\/\/api.w.org\/{rel}","templated":true}]}}