{"id":15931,"date":"2024-02-25T14:20:10","date_gmt":"2024-02-25T14:20:10","guid":{"rendered":"https:\/\/www.univ-usto.dz\/faculte\/fac-mathinfo\/?page_id=15931"},"modified":"2024-03-04T09:59:30","modified_gmt":"2024-03-04T09:59:30","slug":"title-page","status":"publish","type":"page","link":"https:\/\/www.univ-usto.dz\/faculte\/fac-mathinfo\/en\/title-page\/","title":{"rendered":"Title page"},"content":{"rendered":"\t\t<div data-elementor-type=\"wp-page\" data-elementor-id=\"15931\" class=\"elementor elementor-15931\">\n\t\t\t\t\t\t<section class=\"elementor-section elementor-top-section elementor-element elementor-element-703bbe4 elementor-section-boxed elementor-section-height-default elementor-section-height-default\" data-id=\"703bbe4\" data-element_type=\"section\" data-e-type=\"section\">\n\t\t\t\t\t\t<div class=\"elementor-container elementor-column-gap-default\">\n\t\t\t\t\t<div class=\"elementor-column elementor-col-33 elementor-top-column elementor-element elementor-element-62c2c43\" data-id=\"62c2c43\" data-element_type=\"column\" data-e-type=\"column\">\n\t\t\t<div class=\"elementor-widget-wrap elementor-element-populated\">\n\t\t\t\t\t\t<div class=\"elementor-element elementor-element-2d367fe elementor-widget elementor-widget-image\" data-id=\"2d367fe\" data-element_type=\"widget\" data-e-type=\"widget\" data-widget_type=\"image.default\">\n\t\t\t\t<div class=\"elementor-widget-container\">\n\t\t\t\t\t\t\t\t\t\t\t\t\t\t\t<img fetchpriority=\"high\" decoding=\"async\" width=\"275\" height=\"183\" src=\"https:\/\/www.univ-usto.dz\/faculte\/fac-mathinfo\/wp-content\/uploads\/2021\/03\/biblio.jpg\" class=\"attachment-1536x1536 size-1536x1536 wp-image-11210\" alt=\"Biblioth\u00e8que\" srcset=\"https:\/\/www.univ-usto.dz\/faculte\/fac-mathinfo\/wp-content\/uploads\/2021\/03\/biblio.jpg 275w, https:\/\/www.univ-usto.dz\/faculte\/fac-mathinfo\/wp-content\/uploads\/2021\/03\/biblio-24x16.jpg 24w, https:\/\/www.univ-usto.dz\/faculte\/fac-mathinfo\/wp-content\/uploads\/2021\/03\/biblio-36x24.jpg 36w, https:\/\/www.univ-usto.dz\/faculte\/fac-mathinfo\/wp-content\/uploads\/2021\/03\/biblio-48x32.jpg 48w\" sizes=\"(max-width: 275px) 100vw, 275px\" \/>\t\t\t\t\t\t\t\t\t\t\t\t\t\t\t<\/div>\n\t\t\t\t<\/div>\n\t\t\t\t\t<\/div>\n\t\t<\/div>\n\t\t\t\t<div class=\"elementor-column elementor-col-66 elementor-top-column elementor-element elementor-element-eff045f\" data-id=\"eff045f\" data-element_type=\"column\" data-e-type=\"column\">\n\t\t\t<div class=\"elementor-widget-wrap elementor-element-populated\">\n\t\t\t\t\t\t<div class=\"elementor-element elementor-element-ae66973 elementor-widget elementor-widget-text-editor\" data-id=\"ae66973\" data-element_type=\"widget\" data-e-type=\"widget\" data-widget_type=\"text-editor.default\">\n\t\t\t\t<div class=\"elementor-widget-container\">\n\t\t\t\t\t\t\t\t\t<p>Pour Licence:<\/p><p>Pi\u00e8ces \u00e0 d\u00e9poser <a href=\"https:\/\/www.univ-usto.dz\/faculte\/fac-mathinfo\/wp-content\/uploads\/2023\/01\/Note-importante-Licence-informatique.docx\">-Voir-<\/a><\/p><p>Page de garde SI<a href=\"https:\/\/www.univ-usto.dz\/faculte\/fac-mathinfo\/wp-content\/uploads\/2023\/01\/page-de-garde-L-info.doc\">-Voir-<\/a><\/p><p>Page de garde ISIL <a href=\"https:\/\/www.univ-usto.dz\/faculte\/fac-mathinfo\/wp-content\/uploads\/2023\/01\/page-de-garde-Licence-ISIL-info.doc\">-Voir-<\/a><\/p><p>\u00a0<\/p><p>Pour Master:<\/p><p>Pi\u00e8ces \u00e0 d\u00e9poser<a href=\"https:\/\/www.univ-usto.dz\/faculte\/fac-mathinfo\/wp-content\/uploads\/2023\/01\/Note-importante-Master-informatique.docx\">-Voir-<\/a><\/p><p>Page de garde <a href=\"https:\/\/www.univ-usto.dz\/faculte\/fac-mathinfo\/wp-content\/uploads\/2023\/01\/page-de-garde-Master-Infor.doc\">-Voir-<\/a><\/p>\t\t\t\t\t\t\t\t<\/div>\n\t\t\t\t<\/div>\n\t\t\t\t\t<\/div>\n\t\t<\/div>\n\t\t\t\t\t<\/div>\n\t\t<\/section>\n\t\t\t\t<\/div>\n\t\t","protected":false},"excerpt":{"rendered":"","protected":false},"author":22,"featured_media":0,"parent":0,"menu_order":0,"comment_status":"closed","ping_status":"closed","template":"","meta":{"footnotes":""},"class_list":["post-15931","page","type-page","status-publish","hentry"],"_links":{"self":[{"href":"https:\/\/www.univ-usto.dz\/faculte\/fac-mathinfo\/wp-json\/wp\/v2\/pages\/15931","targetHints":{"allow":["GET"]}}],"collection":[{"href":"https:\/\/www.univ-usto.dz\/faculte\/fac-mathinfo\/wp-json\/wp\/v2\/pages"}],"about":[{"href":"https:\/\/www.univ-usto.dz\/faculte\/fac-mathinfo\/wp-json\/wp\/v2\/types\/page"}],"author":[{"embeddable":true,"href":"https:\/\/www.univ-usto.dz\/faculte\/fac-mathinfo\/wp-json\/wp\/v2\/users\/22"}],"replies":[{"embeddable":true,"href":"https:\/\/www.univ-usto.dz\/faculte\/fac-mathinfo\/wp-json\/wp\/v2\/comments?post=15931"}],"version-history":[{"count":2,"href":"https:\/\/www.univ-usto.dz\/faculte\/fac-mathinfo\/wp-json\/wp\/v2\/pages\/15931\/revisions"}],"predecessor-version":[{"id":16135,"href":"https:\/\/www.univ-usto.dz\/faculte\/fac-mathinfo\/wp-json\/wp\/v2\/pages\/15931\/revisions\/16135"}],"wp:attachment":[{"href":"https:\/\/www.univ-usto.dz\/faculte\/fac-mathinfo\/wp-json\/wp\/v2\/media?parent=15931"}],"curies":[{"name":"wp","href":"https:\/\/api.w.org\/{rel}","templated":true}]}}