{"id":16704,"date":"2024-06-20T14:51:16","date_gmt":"2024-06-20T14:51:16","guid":{"rendered":"https:\/\/www.univ-usto.dz\/faculte\/fac-mathinfo\/?page_id=16704"},"modified":"2024-06-20T15:22:23","modified_gmt":"2024-06-20T15:22:23","slug":"administrative-staff-copy","status":"publish","type":"page","link":"https:\/\/www.univ-usto.dz\/faculte\/fac-mathinfo\/en\/administrative-staff-copy\/","title":{"rendered":"Start up"},"content":{"rendered":"\t\t<div data-elementor-type=\"wp-page\" data-elementor-id=\"16704\" class=\"elementor elementor-16704\">\n\t\t\t\t\t\t<section class=\"elementor-section elementor-top-section elementor-element elementor-element-a518462 elementor-section-boxed elementor-section-height-default elementor-section-height-default\" data-id=\"a518462\" data-element_type=\"section\" data-e-type=\"section\">\n\t\t\t\t\t\t<div class=\"elementor-container elementor-column-gap-default\">\n\t\t\t\t\t<div class=\"elementor-column elementor-col-50 elementor-top-column elementor-element elementor-element-382b80c\" data-id=\"382b80c\" data-element_type=\"column\" data-e-type=\"column\">\n\t\t\t<div class=\"elementor-widget-wrap\">\n\t\t\t\t\t\t\t<\/div>\n\t\t<\/div>\n\t\t\t\t<div class=\"elementor-column elementor-col-50 elementor-top-column elementor-element elementor-element-97a920f\" data-id=\"97a920f\" data-element_type=\"column\" data-e-type=\"column\">\n\t\t\t<div class=\"elementor-widget-wrap\">\n\t\t\t\t\t\t\t<\/div>\n\t\t<\/div>\n\t\t\t\t\t<\/div>\n\t\t<\/section>\n\t\t\t\t<section class=\"elementor-section elementor-top-section elementor-element elementor-element-d36510d elementor-section-boxed elementor-section-height-default elementor-section-height-default\" data-id=\"d36510d\" data-element_type=\"section\" data-e-type=\"section\">\n\t\t\t\t\t\t<div class=\"elementor-container elementor-column-gap-default\">\n\t\t\t\t\t<div class=\"elementor-column elementor-col-50 elementor-top-column elementor-element elementor-element-3f85173\" data-id=\"3f85173\" data-element_type=\"column\" data-e-type=\"column\">\n\t\t\t<div class=\"elementor-widget-wrap elementor-element-populated\">\n\t\t\t\t\t\t<div class=\"elementor-element elementor-element-6acbb61 elementor-widget elementor-widget-image\" data-id=\"6acbb61\" data-element_type=\"widget\" data-e-type=\"widget\" data-widget_type=\"image.default\">\n\t\t\t\t<div class=\"elementor-widget-container\">\n\t\t\t\t\t\t\t\t\t\t\t\t\t\t\t<img decoding=\"async\" width=\"150\" height=\"150\" src=\"https:\/\/www.univ-usto.dz\/faculte\/fac-mathinfo\/wp-content\/uploads\/2021\/10\/unnii-150x150.jpeg\" class=\"attachment-thumbnail size-thumbnail wp-image-11735\" alt=\"Logo\" srcset=\"https:\/\/www.univ-usto.dz\/faculte\/fac-mathinfo\/wp-content\/uploads\/2021\/10\/unnii-150x150.jpeg 150w, https:\/\/www.univ-usto.dz\/faculte\/fac-mathinfo\/wp-content\/uploads\/2021\/10\/unnii-24x24.jpeg 24w, https:\/\/www.univ-usto.dz\/faculte\/fac-mathinfo\/wp-content\/uploads\/2021\/10\/unnii-36x36.jpeg 36w\" sizes=\"(max-width: 150px) 100vw, 150px\" \/>\t\t\t\t\t\t\t\t\t\t\t\t\t\t\t<\/div>\n\t\t\t\t<\/div>\n\t\t\t\t<div class=\"elementor-element elementor-element-e53b65e elementor-widget elementor-widget-image\" data-id=\"e53b65e\" data-element_type=\"widget\" data-e-type=\"widget\" data-widget_type=\"image.default\">\n\t\t\t\t<div class=\"elementor-widget-container\">\n\t\t\t\t\t\t\t\t\t\t\t\t\t\t\t<img decoding=\"async\" width=\"150\" height=\"145\" src=\"https:\/\/www.univ-usto.dz\/faculte\/fac-mathinfo\/wp-content\/uploads\/2020\/08\/logo-faculte-150x145.png\" class=\"attachment-thumbnail size-thumbnail wp-image-12783\" alt=\"\" srcset=\"https:\/\/www.univ-usto.dz\/faculte\/fac-mathinfo\/wp-content\/uploads\/2020\/08\/logo-faculte-150x145.png 150w, https:\/\/www.univ-usto.dz\/faculte\/fac-mathinfo\/wp-content\/uploads\/2020\/08\/logo-faculte-24x24.png 24w, https:\/\/www.univ-usto.dz\/faculte\/fac-mathinfo\/wp-content\/uploads\/2020\/08\/logo-faculte-36x34.png 36w, https:\/\/www.univ-usto.dz\/faculte\/fac-mathinfo\/wp-content\/uploads\/2020\/08\/logo-faculte-48x45.png 48w\" sizes=\"(max-width: 150px) 100vw, 150px\" \/>\t\t\t\t\t\t\t\t\t\t\t\t\t\t\t<\/div>\n\t\t\t\t<\/div>\n\t\t\t\t<div class=\"elementor-element elementor-element-d08d6b0 elementor-widget elementor-widget-image\" data-id=\"d08d6b0\" data-element_type=\"widget\" data-e-type=\"widget\" data-widget_type=\"image.default\">\n\t\t\t\t<div class=\"elementor-widget-container\">\n\t\t\t\t\t\t\t\t\t\t\t\t\t\t\t<img fetchpriority=\"high\" decoding=\"async\" width=\"847\" height=\"597\" src=\"https:\/\/www.univ-usto.dz\/faculte\/fac-mathinfo\/wp-content\/uploads\/2024\/06\/417524279_356187087315069_1440836560505507806_n-1024x722.jpg\" class=\"attachment-large size-large wp-image-16706\" alt=\"\" srcset=\"https:\/\/www.univ-usto.dz\/faculte\/fac-mathinfo\/wp-content\/uploads\/2024\/06\/417524279_356187087315069_1440836560505507806_n-1024x722.jpg 1024w, https:\/\/www.univ-usto.dz\/faculte\/fac-mathinfo\/wp-content\/uploads\/2024\/06\/417524279_356187087315069_1440836560505507806_n-300x212.jpg 300w, https:\/\/www.univ-usto.dz\/faculte\/fac-mathinfo\/wp-content\/uploads\/2024\/06\/417524279_356187087315069_1440836560505507806_n-768x542.jpg 768w, https:\/\/www.univ-usto.dz\/faculte\/fac-mathinfo\/wp-content\/uploads\/2024\/06\/417524279_356187087315069_1440836560505507806_n-1536x1083.jpg 1536w, https:\/\/www.univ-usto.dz\/faculte\/fac-mathinfo\/wp-content\/uploads\/2024\/06\/417524279_356187087315069_1440836560505507806_n-360x254.jpg 360w, https:\/\/www.univ-usto.dz\/faculte\/fac-mathinfo\/wp-content\/uploads\/2024\/06\/417524279_356187087315069_1440836560505507806_n-24x17.jpg 24w, https:\/\/www.univ-usto.dz\/faculte\/fac-mathinfo\/wp-content\/uploads\/2024\/06\/417524279_356187087315069_1440836560505507806_n-36x25.jpg 36w, https:\/\/www.univ-usto.dz\/faculte\/fac-mathinfo\/wp-content\/uploads\/2024\/06\/417524279_356187087315069_1440836560505507806_n-48x34.jpg 48w, https:\/\/www.univ-usto.dz\/faculte\/fac-mathinfo\/wp-content\/uploads\/2024\/06\/417524279_356187087315069_1440836560505507806_n.jpg 2048w\" sizes=\"(max-width: 847px) 100vw, 847px\" \/>\t\t\t\t\t\t\t\t\t\t\t\t\t\t\t<\/div>\n\t\t\t\t<\/div>\n\t\t\t\t<div class=\"elementor-element elementor-element-591b8c8 elementor-widget elementor-widget-image\" data-id=\"591b8c8\" data-element_type=\"widget\" data-e-type=\"widget\" data-widget_type=\"image.default\">\n\t\t\t\t<div class=\"elementor-widget-container\">\n\t\t\t\t\t\t\t\t\t\t\t\t\t\t\t<img loading=\"lazy\" decoding=\"async\" width=\"150\" height=\"150\" src=\"https:\/\/www.univ-usto.dz\/faculte\/fac-mathinfo\/wp-content\/uploads\/2024\/06\/425738803_343488995251545_3160017346152035094_n-150x150.jpg\" class=\"attachment-thumbnail size-thumbnail wp-image-16705\" alt=\"\" srcset=\"https:\/\/www.univ-usto.dz\/faculte\/fac-mathinfo\/wp-content\/uploads\/2024\/06\/425738803_343488995251545_3160017346152035094_n-150x150.jpg 150w, https:\/\/www.univ-usto.dz\/faculte\/fac-mathinfo\/wp-content\/uploads\/2024\/06\/425738803_343488995251545_3160017346152035094_n-300x300.jpg 300w, https:\/\/www.univ-usto.dz\/faculte\/fac-mathinfo\/wp-content\/uploads\/2024\/06\/425738803_343488995251545_3160017346152035094_n-768x766.jpg 768w, https:\/\/www.univ-usto.dz\/faculte\/fac-mathinfo\/wp-content\/uploads\/2024\/06\/425738803_343488995251545_3160017346152035094_n-271x270.jpg 271w, https:\/\/www.univ-usto.dz\/faculte\/fac-mathinfo\/wp-content\/uploads\/2024\/06\/425738803_343488995251545_3160017346152035094_n-24x24.jpg 24w, https:\/\/www.univ-usto.dz\/faculte\/fac-mathinfo\/wp-content\/uploads\/2024\/06\/425738803_343488995251545_3160017346152035094_n-36x36.jpg 36w, https:\/\/www.univ-usto.dz\/faculte\/fac-mathinfo\/wp-content\/uploads\/2024\/06\/425738803_343488995251545_3160017346152035094_n-48x48.jpg 48w, https:\/\/www.univ-usto.dz\/faculte\/fac-mathinfo\/wp-content\/uploads\/2024\/06\/425738803_343488995251545_3160017346152035094_n.jpg 960w\" sizes=\"(max-width: 150px) 100vw, 150px\" \/>\t\t\t\t\t\t\t\t\t\t\t\t\t\t\t<\/div>\n\t\t\t\t<\/div>\n\t\t\t\t\t<\/div>\n\t\t<\/div>\n\t\t\t\t<div class=\"elementor-column elementor-col-50 elementor-top-column elementor-element elementor-element-fe76b22\" data-id=\"fe76b22\" data-element_type=\"column\" data-e-type=\"column\">\n\t\t\t<div class=\"elementor-widget-wrap elementor-element-populated\">\n\t\t\t\t\t\t<div class=\"elementor-element elementor-element-dc30129 elementor-widget elementor-widget-text-editor\" data-id=\"dc30129\" data-element_type=\"widget\" data-e-type=\"widget\" data-widget_type=\"text-editor.default\">\n\t\t\t\t<div class=\"elementor-widget-container\">\n\t\t\t\t\t\t\t\t\t<p><span style=\"color: #0000ff;\"><b>8h30-9h00<\/b> <b>: <\/b><\/span><span style=\"color: #ff0000;\"><b>MOT DU RECTEUR DE L\u2019UNIVERSITE<\/b><\/span><\/p><p><b><span style=\"color: #0000ff;\">9h00-10h00: Th\u00e8me 1<\/span>: <\/b>IoT Technology in Smart Agriculture<\/p><p><span style=\"color: #0000ff;\"><b>10h00-11h00:<\/b> <b>Th\u00e8me 2:<\/b><\/span> IoT Technology in Smart City<\/p><p><b><span style=\"color: #0000ff;\">11h00-11h30:<\/span> pause caf\u00e9<\/b><\/p><p><span style=\"color: #0000ff;\"><b>\u00a011h30-12h30:<\/b> <b>Th\u00e8me 3<\/b><\/span> Plateforme de suivi des projets<\/p><p><span style=\"color: #0000ff;\"><b>12h30-13h30: Th\u00e8me 4:<\/b><\/span> D\u00e9tection d\u2019anomalies de la voirie routi\u00e8re<\/p><p><span style=\"color: #0000ff;\"><b>\u00a014h30-15h30:<\/b> <b>Th\u00e8me 5:<\/b><\/span> Optimisation Multicrit\u00e8re pour la R\u00e9gulation des Feux de Signalisation d&rsquo;une Intersection<\/p><p><span style=\"color: #0000ff;\"><b>15h30-16h00:<\/b><\/span><span style=\"color: #ff0000;\"><b> MOT DU DOYEN DE LA FACULTE <strong>et CLOTURE DE LA\u00a0 JOURNEE.<\/strong><\/b><\/span><\/p><p>\u00a0<\/p><p>\u00a0<\/p><p><span style=\"color: #ff0000;\"><b><img loading=\"lazy\" decoding=\"async\" class=\"alignnone wp-image-15091\" src=\"https:\/\/www.univ-usto.dz\/faculte\/fac-mathinfo\/wp-content\/uploads\/2024\/02\/images.jpg\" alt=\"\" width=\"17\" height=\"17\" srcset=\"https:\/\/www.univ-usto.dz\/faculte\/fac-mathinfo\/wp-content\/uploads\/2024\/02\/images.jpg 180w, https:\/\/www.univ-usto.dz\/faculte\/fac-mathinfo\/wp-content\/uploads\/2024\/02\/images-150x150.jpg 150w, https:\/\/www.univ-usto.dz\/faculte\/fac-mathinfo\/wp-content\/uploads\/2024\/02\/images-24x24.jpg 24w, https:\/\/www.univ-usto.dz\/faculte\/fac-mathinfo\/wp-content\/uploads\/2024\/02\/images-36x36.jpg 36w, https:\/\/www.univ-usto.dz\/faculte\/fac-mathinfo\/wp-content\/uploads\/2024\/02\/images-48x48.jpg 48w\" sizes=\"(max-width: 17px) 100vw, 17px\" \/>\u00a0<span style=\"color: #008000;\"> Le\u00a0Dimanche 23 Juin 2024<\/span><\/b><\/span><\/p><p><span style=\"color: #008000;\"><b>\u00e0 la salle de conf\u00e9rences de la Facult\u00e9 des Math\u00e9matiques et Informatique<\/b><\/span><\/p><p>PROGRAMME\u00a0 <a href=\"https:\/\/www.univ-usto.dz\/faculte\/fac-mathinfo\/wp-content\/uploads\/2024\/06\/programme-de-la-journee-sout-master-startup-fa-MI.pdf\">&#8211;<strong>Voir<\/strong>&#8211;<\/a><\/p>\t\t\t\t\t\t\t\t<\/div>\n\t\t\t\t<\/div>\n\t\t\t\t\t<\/div>\n\t\t<\/div>\n\t\t\t\t\t<\/div>\n\t\t<\/section>\n\t\t\t\t<section class=\"elementor-section elementor-top-section elementor-element elementor-element-c60849c elementor-section-boxed elementor-section-height-default elementor-section-height-default\" data-id=\"c60849c\" data-element_type=\"section\" data-e-type=\"section\">\n\t\t\t\t\t\t<div class=\"elementor-container elementor-column-gap-default\">\n\t\t\t\t\t<div class=\"elementor-column elementor-col-100 elementor-top-column elementor-element elementor-element-36b4715\" data-id=\"36b4715\" data-element_type=\"column\" data-e-type=\"column\">\n\t\t\t<div class=\"elementor-widget-wrap\">\n\t\t\t\t\t\t\t<\/div>\n\t\t<\/div>\n\t\t\t\t\t<\/div>\n\t\t<\/section>\n\t\t\t\t<section class=\"elementor-section elementor-top-section elementor-element elementor-element-3bc49af elementor-section-boxed elementor-section-height-default elementor-section-height-default\" data-id=\"3bc49af\" data-element_type=\"section\" data-e-type=\"section\">\n\t\t\t\t\t\t<div class=\"elementor-container elementor-column-gap-default\">\n\t\t\t\t\t<div class=\"elementor-column elementor-col-50 elementor-top-column elementor-element elementor-element-deed8e1\" data-id=\"deed8e1\" data-element_type=\"column\" data-e-type=\"column\">\n\t\t\t<div class=\"elementor-widget-wrap\">\n\t\t\t\t\t\t\t<\/div>\n\t\t<\/div>\n\t\t\t\t<div class=\"elementor-column elementor-col-50 elementor-top-column elementor-element elementor-element-1e599c9\" data-id=\"1e599c9\" data-element_type=\"column\" data-e-type=\"column\">\n\t\t\t<div class=\"elementor-widget-wrap\">\n\t\t\t\t\t\t\t<\/div>\n\t\t<\/div>\n\t\t\t\t\t<\/div>\n\t\t<\/section>\n\t\t\t\t<\/div>\n\t\t","protected":false},"excerpt":{"rendered":"<p>Les soutenances de Master dans le m\u00e9canisme du dipl\u00f4me universitaire-startup inscrites dans le cadre du d\u00e9cret minist\u00e9riel 1275 8h30-9h00 : MOT DU RECTEUR DE L\u2019UNIVERSITE 9h00-10h00: Th\u00e8me 1: IoT Technology <a href=\"https:\/\/www.univ-usto.dz\/faculte\/fac-mathinfo\/en\/administrative-staff-copy\/\" class=\"read-more\">Lire la suite &#8230;<\/a><\/p>\n","protected":false},"author":22,"featured_media":0,"parent":0,"menu_order":0,"comment_status":"closed","ping_status":"closed","template":"","meta":{"footnotes":""},"class_list":["post-16704","page","type-page","status-publish","hentry"],"_links":{"self":[{"href":"https:\/\/www.univ-usto.dz\/faculte\/fac-mathinfo\/wp-json\/wp\/v2\/pages\/16704","targetHints":{"allow":["GET"]}}],"collection":[{"href":"https:\/\/www.univ-usto.dz\/faculte\/fac-mathinfo\/wp-json\/wp\/v2\/pages"}],"about":[{"href":"https:\/\/www.univ-usto.dz\/faculte\/fac-mathinfo\/wp-json\/wp\/v2\/types\/page"}],"author":[{"embeddable":true,"href":"https:\/\/www.univ-usto.dz\/faculte\/fac-mathinfo\/wp-json\/wp\/v2\/users\/22"}],"replies":[{"embeddable":true,"href":"https:\/\/www.univ-usto.dz\/faculte\/fac-mathinfo\/wp-json\/wp\/v2\/comments?post=16704"}],"version-history":[{"count":19,"href":"https:\/\/www.univ-usto.dz\/faculte\/fac-mathinfo\/wp-json\/wp\/v2\/pages\/16704\/revisions"}],"predecessor-version":[{"id":16728,"href":"https:\/\/www.univ-usto.dz\/faculte\/fac-mathinfo\/wp-json\/wp\/v2\/pages\/16704\/revisions\/16728"}],"wp:attachment":[{"href":"https:\/\/www.univ-usto.dz\/faculte\/fac-mathinfo\/wp-json\/wp\/v2\/media?parent=16704"}],"curies":[{"name":"wp","href":"https:\/\/api.w.org\/{rel}","templated":true}]}}