{"id":3188,"date":"2020-09-04T10:51:13","date_gmt":"2020-09-04T10:51:13","guid":{"rendered":"http:\/\/www.univ-usto.dz\/faculte\/fac-mathinfo\/?page_id=3188"},"modified":"2026-02-08T09:04:14","modified_gmt":"2026-02-08T09:04:14","slug":"emplois-du-temps","status":"publish","type":"page","link":"https:\/\/www.univ-usto.dz\/faculte\/fac-mathinfo\/emplois-du-temps\/","title":{"rendered":"Emplois du temps"},"content":{"rendered":"\t\t<div data-elementor-type=\"wp-page\" data-elementor-id=\"3188\" class=\"elementor elementor-3188\">\n\t\t\t\t\t\t<section class=\"elementor-section elementor-top-section elementor-element elementor-element-d372ad8 elementor-section-boxed elementor-section-height-default elementor-section-height-default\" data-id=\"d372ad8\" data-element_type=\"section\" data-e-type=\"section\">\n\t\t\t\t\t\t<div class=\"elementor-container elementor-column-gap-default\">\n\t\t\t\t\t<div class=\"elementor-column elementor-col-50 elementor-top-column elementor-element elementor-element-ee5766b\" data-id=\"ee5766b\" data-element_type=\"column\" data-e-type=\"column\">\n\t\t\t<div class=\"elementor-widget-wrap elementor-element-populated\">\n\t\t\t\t\t\t<div class=\"elementor-element elementor-element-9baddd0 elementor-widget elementor-widget-wp-widget-bellows_navigation_widget\" data-id=\"9baddd0\" data-element_type=\"widget\" data-e-type=\"widget\" data-widget_type=\"wp-widget-bellows_navigation_widget.default\">\n\t\t\t\t<div class=\"elementor-widget-container\">\n\t\t\t\t\t<nav id=\"bellows-main-196\" class=\"bellows bellows-nojs bellows-main bellows-source-menu bellows-align-center bellows-skin-vanilla bellows-type-\"><ul id=\"menu-departement-info\" class=\"bellows-nav\" data-bellows-config=\"main\"><li id=\"menu-item-11381\" class=\"bellows-menu-item bellows-menu-item-type-post_type bellows-menu-item-object-page bellows-menu-item-11381 bellows-item-level-0\"><a  href=\"https:\/\/www.univ-usto.dz\/faculte\/fac-mathinfo\/departement1\/\" class=\"bellows-target\"><span class=\"bellows-target-title bellows-target-text\">D\u00e9partement.<\/span><\/a><\/li>\n<li id=\"menu-item-11382\" class=\"bellows-menu-item bellows-menu-item-type-post_type bellows-menu-item-object-page bellows-menu-item-11382 bellows-item-level-0\"><a  href=\"https:\/\/www.univ-usto.dz\/faculte\/fac-mathinfo\/enseignants1-3\/\" class=\"bellows-target\"><span class=\"bellows-target-title bellows-target-text\">Enseignants<\/span><\/a><\/li>\n<li id=\"menu-item-11394\" class=\"bellows-menu-item bellows-menu-item-type-post_type bellows-menu-item-object-page bellows-menu-item-11394 bellows-item-level-0\"><a  href=\"https:\/\/www.univ-usto.dz\/faculte\/fac-mathinfo\/offre-de-formation-master-2\/\" class=\"bellows-target\"><span class=\"bellows-target-title bellows-target-text\">Offre de formation.<\/span><\/a><\/li>\n<li id=\"menu-item-11395\" class=\"bellows-menu-item bellows-menu-item-type-post_type bellows-menu-item-object-page bellows-menu-item-11395 bellows-item-level-0\"><a  href=\"https:\/\/www.univ-usto.dz\/faculte\/fac-mathinfo\/emplois-du-temps\/\" class=\"bellows-target\"><span class=\"bellows-target-title bellows-target-text\">Emplois du temps<\/span><\/a><\/li>\n<li id=\"menu-item-11654\" class=\"bellows-menu-item bellows-menu-item-type-post_type bellows-menu-item-object-page bellows-menu-item-11654 bellows-item-level-0\"><a  href=\"https:\/\/www.univ-usto.dz\/faculte\/fac-mathinfo\/cours-theses-en-ligne\/\" class=\"bellows-target\"><span class=\"bellows-target-title bellows-target-text\">Cours<\/span><\/a><\/li>\n<li id=\"menu-item-11384\" class=\"bellows-menu-item bellows-menu-item-type-post_type bellows-menu-item-object-page bellows-menu-item-11384 bellows-item-level-0\"><a  href=\"https:\/\/www.univ-usto.dz\/faculte\/fac-mathinfo\/enseignants1\/\" class=\"bellows-target\"><span class=\"bellows-target-title bellows-target-text\">Examen<\/span><\/a><\/li>\n<li id=\"menu-item-11383\" class=\"bellows-menu-item bellows-menu-item-type-post_type bellows-menu-item-object-page bellows-menu-item-11383 bellows-item-level-0\"><a  href=\"https:\/\/www.univ-usto.dz\/faculte\/fac-mathinfo\/enseignants1-2\/\" class=\"bellows-target\"><span class=\"bellows-target-title bellows-target-text\">Rattrapage<\/span><\/a><\/li>\n<\/ul><\/nav>\t\t\t\t<\/div>\n\t\t\t\t<\/div>\n\t\t\t\t\t<\/div>\n\t\t<\/div>\n\t\t\t\t<div class=\"elementor-column elementor-col-50 elementor-top-column elementor-element elementor-element-0f57dc6\" data-id=\"0f57dc6\" data-element_type=\"column\" data-e-type=\"column\">\n\t\t\t<div class=\"elementor-widget-wrap elementor-element-populated\">\n\t\t\t\t\t\t<div class=\"elementor-element elementor-element-47d5d7b elementor-widget elementor-widget-heading\" data-id=\"47d5d7b\" data-element_type=\"widget\" data-e-type=\"widget\" data-widget_type=\"heading.default\">\n\t\t\t\t<div class=\"elementor-widget-container\">\n\t\t\t\t\t<h2 class=\"elementor-heading-title elementor-size-default\"><h3 style=\"margin-bottom: 20px;font-size: 28px;white-space: normal\">Emplois du Temps<\/h3><\/h2>\t\t\t\t<\/div>\n\t\t\t\t<\/div>\n\t\t\t\t<div class=\"elementor-element elementor-element-d0291e5 elementor-widget elementor-widget-image\" data-id=\"d0291e5\" data-element_type=\"widget\" data-e-type=\"widget\" data-widget_type=\"image.default\">\n\t\t\t\t<div class=\"elementor-widget-container\">\n\t\t\t\t\t\t\t\t\t\t\t\t\t\t\t<img fetchpriority=\"high\" decoding=\"async\" width=\"511\" height=\"225\" src=\"https:\/\/www.univ-usto.dz\/faculte\/fac-mathinfo\/wp-content\/uploads\/2021\/04\/INFO.png\" class=\"attachment-large size-large wp-image-11533\" alt=\"\" srcset=\"https:\/\/www.univ-usto.dz\/faculte\/fac-mathinfo\/wp-content\/uploads\/2021\/04\/INFO.png 511w, https:\/\/www.univ-usto.dz\/faculte\/fac-mathinfo\/wp-content\/uploads\/2021\/04\/INFO-300x132.png 300w, https:\/\/www.univ-usto.dz\/faculte\/fac-mathinfo\/wp-content\/uploads\/2021\/04\/INFO-360x159.png 360w, https:\/\/www.univ-usto.dz\/faculte\/fac-mathinfo\/wp-content\/uploads\/2021\/04\/INFO-24x11.png 24w, https:\/\/www.univ-usto.dz\/faculte\/fac-mathinfo\/wp-content\/uploads\/2021\/04\/INFO-36x16.png 36w, https:\/\/www.univ-usto.dz\/faculte\/fac-mathinfo\/wp-content\/uploads\/2021\/04\/INFO-48x21.png 48w\" sizes=\"(max-width: 511px) 100vw, 511px\" \/>\t\t\t\t\t\t\t\t\t\t\t\t\t\t\t<\/div>\n\t\t\t\t<\/div>\n\t\t\t\t<div class=\"elementor-element elementor-element-7e17b46 elementor-widget elementor-widget-heading\" data-id=\"7e17b46\" data-element_type=\"widget\" data-e-type=\"widget\" data-widget_type=\"heading.default\">\n\t\t\t\t<div class=\"elementor-widget-container\">\n\t\t\t\t\t<h2 class=\"elementor-heading-title elementor-size-default\">Ann\u00e9e universitaire 2025\/2026\n\n<\/h2>\t\t\t\t<\/div>\n\t\t\t\t<\/div>\n\t\t\t\t<section class=\"elementor-section elementor-inner-section elementor-element elementor-element-296feda elementor-section-boxed elementor-section-height-default elementor-section-height-default\" data-id=\"296feda\" data-element_type=\"section\" data-e-type=\"section\">\n\t\t\t\t\t\t<div class=\"elementor-container elementor-column-gap-default\">\n\t\t\t\t\t<div class=\"elementor-column elementor-col-50 elementor-inner-column elementor-element elementor-element-1ea389d\" data-id=\"1ea389d\" data-element_type=\"column\" data-e-type=\"column\">\n\t\t\t<div class=\"elementor-widget-wrap elementor-element-populated\">\n\t\t\t\t\t\t<div class=\"elementor-element elementor-element-5a4260c elementor-widget elementor-widget-heading\" data-id=\"5a4260c\" data-element_type=\"widget\" data-e-type=\"widget\" data-widget_type=\"heading.default\">\n\t\t\t\t<div class=\"elementor-widget-container\">\n\t\t\t\t\t<h2 class=\"elementor-heading-title elementor-size-default\">Licence<\/h2>\t\t\t\t<\/div>\n\t\t\t\t<\/div>\n\t\t\t\t<div class=\"elementor-element elementor-element-c647d88 elementor-widget__width-initial elementor-widget elementor-widget-text-editor\" data-id=\"c647d88\" data-element_type=\"widget\" data-e-type=\"widget\" data-widget_type=\"text-editor.default\">\n\t\t\t\t<div class=\"elementor-widget-container\">\n\t\t\t\t\t\t\t\t\t<p style=\"text-align: center;\">\u00a0<\/p><p><strong style=\"background-color: inherit;\"><span style=\"text-decoration-line: underline;\"><span style=\"color: #008000;\">Semestre1<\/span><\/span><\/strong><\/p><p><a href=\"https:\/\/www.univ-usto.dz\/faculte\/fac-mathinfo\/wp-content\/uploads\/2025\/10\/L1S1.pdf\">1ere Ann\u00e9e L1 Section1<\/a><\/p><p><a href=\"https:\/\/www.univ-usto.dz\/faculte\/fac-mathinfo\/wp-content\/uploads\/2025\/10\/L1-S2.pdf\">1ere Ann\u00e9e L1 Section2<\/a><\/p><p><span style=\"text-decoration: underline; color: #008000;\"><strong>Semestre2<\/strong><\/span><\/p><p><a href=\"https:\/\/www.univ-usto.dz\/faculte\/fac-mathinfo\/wp-content\/uploads\/2026\/02\/L1-SECTION-1.pdf\">\u00a01ere Ann\u00e9e L1\u00a0Section1<\/a><\/p><p><a href=\"https:\/\/www.univ-usto.dz\/faculte\/fac-mathinfo\/wp-content\/uploads\/2026\/02\/L1-SECTION-2.pdf\">\u00a01ere Ann\u00e9e L1\u00a0Section2<\/a><\/p><p>\u00a0<\/p><h5><strong style=\"color: #0000ff; font-size: 16px; font-family: Roboto, sans-serif; background-color: inherit;\">L2\u00a0 LMD<\/strong><\/h5><div><strong style=\"color: #0000ff; font-size: 16px; font-family: Roboto, sans-serif; background-color: inherit;\">\u00a0<\/strong><\/div><h5><strong><span style=\"color: #008000;\">Semestre1<\/span><\/strong><\/h5><p><a href=\"https:\/\/www.univ-usto.dz\/faculte\/fac-mathinfo\/wp-content\/uploads\/2025\/10\/L2-S1.pdf\">2 eme Ann\u00e9e L2\u00a0Section1<\/a><\/p><p><a href=\"https:\/\/www.univ-usto.dz\/faculte\/fac-mathinfo\/wp-content\/uploads\/2025\/10\/L2-S2.pdf\">2 eme Ann\u00e9e L2\u00a0Section2<\/a><\/p><h5><strong><span style=\"color: #008000;\">Semestre2<\/span><\/strong><\/h5><p><a href=\"https:\/\/www.univ-usto.dz\/faculte\/fac-mathinfo\/wp-content\/uploads\/2026\/02\/L2-S1.pdf\">2 eme Ann\u00e9e L2\u00a0Section1<\/a><\/p><p><a href=\"https:\/\/www.univ-usto.dz\/faculte\/fac-mathinfo\/wp-content\/uploads\/2026\/02\/L2-S2.pdf\">2 eme Ann\u00e9e L2 Section2<\/a><\/p><p><span style=\"text-decoration: underline; color: #0000ff;\"><strong>\u00a0L3 LMD<\/strong><\/span><\/p><p><strong><span style=\"color: #008000;\">Semestre1<\/span><\/strong><\/p><p><a href=\"https:\/\/www.univ-usto.dz\/faculte\/fac-mathinfo\/wp-content\/uploads\/2025\/10\/L3-ISIL.pdf\">3 \u00e9me Ann\u00e9e L3 Option ISIL\u00a0<\/a><\/p><p><a href=\"https:\/\/www.univ-usto.dz\/faculte\/fac-mathinfo\/wp-content\/uploads\/2025\/10\/L3-SI.pdf\">3 eme Ann\u00e9e L3 Option SI<\/a><\/p><p><strong><span style=\"color: #008000;\">Semestre2<\/span><\/strong><\/p><p><a href=\"https:\/\/www.univ-usto.dz\/faculte\/fac-mathinfo\/wp-content\/uploads\/2026\/02\/L3-ISIL.pdf\">3 eme Ann\u00e9e L3 Option\u00a0ISIL<\/a><\/p><p><a href=\"https:\/\/www.univ-usto.dz\/faculte\/fac-mathinfo\/wp-content\/uploads\/2026\/02\/L3-SI.pdf\">3 eme Ann\u00e9e L3 Option\u00a0SI<\/a><\/p><h5>\u00a0<\/h5><p>\u00a0<\/p><h5>\u00a0<\/h5><h5>\u00a0<\/h5><div>\u00a0<\/div>\t\t\t\t\t\t\t\t<\/div>\n\t\t\t\t<\/div>\n\t\t\t\t\t<\/div>\n\t\t<\/div>\n\t\t\t\t<div class=\"elementor-column elementor-col-50 elementor-inner-column elementor-element elementor-element-e15d7ba\" data-id=\"e15d7ba\" data-element_type=\"column\" data-e-type=\"column\">\n\t\t\t<div class=\"elementor-widget-wrap elementor-element-populated\">\n\t\t\t\t\t\t<div class=\"elementor-element elementor-element-bab1e7b elementor-widget elementor-widget-heading\" data-id=\"bab1e7b\" data-element_type=\"widget\" data-e-type=\"widget\" data-widget_type=\"heading.default\">\n\t\t\t\t<div class=\"elementor-widget-container\">\n\t\t\t\t\t<h2 class=\"elementor-heading-title elementor-size-default\">Ing\u00e9niorat<\/h2>\t\t\t\t<\/div>\n\t\t\t\t<\/div>\n\t\t\t\t<div class=\"elementor-element elementor-element-00d2e57 elementor-widget elementor-widget-text-editor\" data-id=\"00d2e57\" data-element_type=\"widget\" data-e-type=\"widget\" data-widget_type=\"text-editor.default\">\n\t\t\t\t<div class=\"elementor-widget-container\">\n\t\t\t\t\t\t\t\t\t<h5><strong>Semestre1<\/strong><\/h5><p><a href=\"https:\/\/www.univ-usto.dz\/faculte\/fac-mathinfo\/wp-content\/uploads\/2025\/10\/ING1-S1.pdf\">1 \u00e8re Ann\u00e9e ing\u00e9nieur Section1<\/a><\/p><p><a href=\"https:\/\/www.univ-usto.dz\/faculte\/fac-mathinfo\/wp-content\/uploads\/2025\/10\/ING1-S2.pdf\">1 \u00e8re Ann\u00e9e ing\u00e9nieur Section 2<\/a><\/p><p><a href=\"https:\/\/www.univ-usto.dz\/faculte\/fac-mathinfo\/wp-content\/uploads\/2025\/10\/ING-2.pdf\">2 -\u00e8me ann\u00e9e ing\u00e9nieur<\/a><\/p><p><a href=\"https:\/\/www.univ-usto.dz\/faculte\/fac-mathinfo\/wp-content\/uploads\/2025\/10\/ING3-IAA.pdf\">3 -\u00e8me ann\u00e9e ing\u00e9nieur IA<\/a><\/p><p><a href=\"https:\/\/www.univ-usto.dz\/faculte\/fac-mathinfo\/wp-content\/uploads\/2025\/10\/ING3-SD.pdf\">3 -\u00e8me ann\u00e9e ing\u00e9nieur SD<\/a><\/p><p><a href=\"https:\/\/www.univ-usto.dz\/faculte\/fac-mathinfo\/wp-content\/uploads\/2025\/10\/ING3-SECI.pdf\">3 -\u00e8me ann\u00e9e ing\u00e9nieur SECI<\/a><\/p><p><a href=\"https:\/\/www.univ-usto.dz\/faculte\/fac-mathinfo\/wp-content\/uploads\/2025\/10\/ING4-IAA.pdf\">4 -\u00e8me ann\u00e9e ing\u00e9nieur IAA<\/a><\/p><p><a href=\"https:\/\/www.univ-usto.dz\/faculte\/fac-mathinfo\/wp-content\/uploads\/2025\/10\/ING4-SD.pdf\">4 -\u00e8me ann\u00e9e ing\u00e9nieur SD<\/a><\/p><p><a href=\"https:\/\/www.univ-usto.dz\/faculte\/fac-mathinfo\/wp-content\/uploads\/2025\/10\/ING4-SECI.pdf\">4 -\u00e8me ann\u00e9e ing\u00e9nieur SECI<\/a><\/p><h5><strong>Semestre2<\/strong><\/h5><p><a href=\"https:\/\/www.univ-usto.dz\/faculte\/fac-mathinfo\/wp-content\/uploads\/2026\/02\/ING1-SECTION-1.pdf\">1 \u00e8re Ann\u00e9e ing\u00e9nieur Section1<\/a><\/p><p><a href=\"https:\/\/www.univ-usto.dz\/faculte\/fac-mathinfo\/wp-content\/uploads\/2026\/02\/ING1-SECTION-2.pdf\">1 \u00e8re Ann\u00e9e ing\u00e9nieur Section2<\/a><\/p><p><a href=\"https:\/\/www.univ-usto.dz\/faculte\/fac-mathinfo\/wp-content\/uploads\/2026\/02\/ING2.pdf\">2 -\u00e8me ann\u00e9e ing\u00e9nieur<\/a><\/p><p><a href=\"https:\/\/www.univ-usto.dz\/faculte\/fac-mathinfo\/wp-content\/uploads\/2026\/02\/ING3-IA.pdf\">3 -\u00e8me ann\u00e9e ing\u00e9nieur IA<\/a><\/p><p><a href=\"https:\/\/www.univ-usto.dz\/faculte\/fac-mathinfo\/wp-content\/uploads\/2026\/02\/ING3-SECI.pdf\">3 -\u00e8me ann\u00e9e ing\u00e9nieur SECI<\/a><\/p><p><a href=\"https:\/\/www.univ-usto.dz\/faculte\/fac-mathinfo\/wp-content\/uploads\/2026\/02\/ING3-DS.pdf\">3 -\u00e8me ann\u00e9e ing\u00e9nieur SD<\/a><\/p><p><a href=\"https:\/\/www.univ-usto.dz\/faculte\/fac-mathinfo\/wp-content\/uploads\/2026\/02\/ING4-IA.pdf\">4 -\u00e8me ann\u00e9e ing\u00e9nieur IA<\/a><\/p><p><a href=\"https:\/\/www.univ-usto.dz\/faculte\/fac-mathinfo\/wp-content\/uploads\/2026\/02\/ING4-SECI.pdf\">4 -\u00e8me ann\u00e9e ing\u00e9nieur SECI<\/a><\/p><p><a href=\"https:\/\/www.univ-usto.dz\/faculte\/fac-mathinfo\/wp-content\/uploads\/2026\/02\/ING4-DS.pdf\">4 -\u00e8me ann\u00e9e ing\u00e9nieur SD<\/a><\/p>\t\t\t\t\t\t\t\t<\/div>\n\t\t\t\t<\/div>\n\t\t\t\t\t<\/div>\n\t\t<\/div>\n\t\t\t\t\t<\/div>\n\t\t<\/section>\n\t\t\t\t<section class=\"elementor-section elementor-inner-section elementor-element elementor-element-c767afa elementor-section-boxed elementor-section-height-default elementor-section-height-default\" data-id=\"c767afa\" data-element_type=\"section\" data-e-type=\"section\">\n\t\t\t\t\t\t<div class=\"elementor-container elementor-column-gap-default\">\n\t\t\t\t\t<div class=\"elementor-column elementor-col-50 elementor-inner-column elementor-element elementor-element-bb50174\" data-id=\"bb50174\" data-element_type=\"column\" data-e-type=\"column\">\n\t\t\t<div class=\"elementor-widget-wrap elementor-element-populated\">\n\t\t\t\t\t\t<div class=\"elementor-element elementor-element-ef63807 elementor-widget elementor-widget-heading\" data-id=\"ef63807\" data-element_type=\"widget\" data-e-type=\"widget\" data-widget_type=\"heading.default\">\n\t\t\t\t<div class=\"elementor-widget-container\">\n\t\t\t\t\t<h2 class=\"elementor-heading-title elementor-size-default\">Master<\/h2>\t\t\t\t<\/div>\n\t\t\t\t<\/div>\n\t\t\t\t<div class=\"elementor-element elementor-element-f17c6e7 elementor-widget__width-initial elementor-widget elementor-widget-text-editor\" data-id=\"f17c6e7\" data-element_type=\"widget\" data-e-type=\"widget\" data-widget_type=\"text-editor.default\">\n\t\t\t\t<div class=\"elementor-widget-container\">\n\t\t\t\t\t\t\t\t\t<p style=\"text-align: center;\">\u00a0<\/p><p>\u00a0<\/p><p><strong style=\"color: #294a70; font-family: 'Merriweather Sans', sans-serif; font-size: 15px; background-color: inherit;\"><span style=\"color: #008000;\">semestre1<\/span><\/strong><\/p><p><a href=\"https:\/\/www.univ-usto.dz\/faculte\/fac-mathinfo\/wp-content\/uploads\/2025\/10\/M1-IAA.pdf\">M1 IAA<\/a><\/p><p><a href=\"https:\/\/www.univ-usto.dz\/faculte\/fac-mathinfo\/wp-content\/uploads\/2025\/10\/M1-RSID.pdf\">M1 RSID<\/a><\/p><p><a href=\"https:\/\/www.univ-usto.dz\/faculte\/fac-mathinfo\/wp-content\/uploads\/2025\/10\/M1-SID.pdf\">M1 SID<\/a><\/p><h5><strong><span style=\"color: #008000;\">semestre2<\/span><\/strong><\/h5><p><a href=\"https:\/\/www.univ-usto.dz\/faculte\/fac-mathinfo\/wp-content\/uploads\/2026\/02\/M1-RSID.pdf\">M1 RSID<\/a><\/p><p><a href=\"https:\/\/www.univ-usto.dz\/faculte\/fac-mathinfo\/wp-content\/uploads\/2026\/02\/M1-SID.pdf\">M1 SID<\/a><\/p><p><a href=\"https:\/\/www.univ-usto.dz\/faculte\/fac-mathinfo\/wp-content\/uploads\/2026\/02\/M1-IAA.pdf\">M1 IAA<\/a><\/p><p><strong><span style=\"color: #008000;\">Semestre1<\/span><\/strong><\/p><p><a href=\"https:\/\/www.univ-usto.dz\/faculte\/fac-mathinfo\/wp-content\/uploads\/2025\/10\/M2-IAA.pdf\">M2 IAA<\/a><\/p><p><a href=\"https:\/\/www.univ-usto.dz\/faculte\/fac-mathinfo\/wp-content\/uploads\/2025\/10\/M2-RSID.pdf\">M2 RSID<\/a><\/p><p><a href=\"https:\/\/www.univ-usto.dz\/faculte\/fac-mathinfo\/wp-content\/uploads\/2025\/10\/M2-SID.pdf\">M2 SID<\/a><\/p><h5>\u00a0<\/h5><div>\u00a0<\/div>\t\t\t\t\t\t\t\t<\/div>\n\t\t\t\t<\/div>\n\t\t\t\t\t<\/div>\n\t\t<\/div>\n\t\t\t\t<div class=\"elementor-column elementor-col-50 elementor-inner-column elementor-element elementor-element-2bc9b12\" data-id=\"2bc9b12\" data-element_type=\"column\" data-e-type=\"column\">\n\t\t\t<div class=\"elementor-widget-wrap\">\n\t\t\t\t\t\t\t<\/div>\n\t\t<\/div>\n\t\t\t\t\t<\/div>\n\t\t<\/section>\n\t\t\t\t\t<\/div>\n\t\t<\/div>\n\t\t\t\t\t<\/div>\n\t\t<\/section>\n\t\t\t\t<\/div>\n\t\t","protected":false},"excerpt":{"rendered":"<p>Emplois du Temps Ann\u00e9e universitaire 2025\/2026 Licence \u00a0 Semestre1 1ere Ann\u00e9e L1 Section1 1ere Ann\u00e9e L1 Section2 Semestre2 \u00a01ere Ann\u00e9e L1\u00a0Section1 \u00a01ere Ann\u00e9e L1\u00a0Section2 \u00a0 L2\u00a0 LMD \u00a0 Semestre1 2 <a href=\"https:\/\/www.univ-usto.dz\/faculte\/fac-mathinfo\/emplois-du-temps\/\" class=\"read-more\">Lire la suite &#8230;<\/a><\/p>\n","protected":false},"author":1,"featured_media":0,"parent":0,"menu_order":0,"comment_status":"closed","ping_status":"closed","template":"","meta":{"footnotes":""},"class_list":["post-3188","page","type-page","status-publish","hentry"],"_links":{"self":[{"href":"https:\/\/www.univ-usto.dz\/faculte\/fac-mathinfo\/wp-json\/wp\/v2\/pages\/3188","targetHints":{"allow":["GET"]}}],"collection":[{"href":"https:\/\/www.univ-usto.dz\/faculte\/fac-mathinfo\/wp-json\/wp\/v2\/pages"}],"about":[{"href":"https:\/\/www.univ-usto.dz\/faculte\/fac-mathinfo\/wp-json\/wp\/v2\/types\/page"}],"author":[{"embeddable":true,"href":"https:\/\/www.univ-usto.dz\/faculte\/fac-mathinfo\/wp-json\/wp\/v2\/users\/1"}],"replies":[{"embeddable":true,"href":"https:\/\/www.univ-usto.dz\/faculte\/fac-mathinfo\/wp-json\/wp\/v2\/comments?post=3188"}],"version-history":[{"count":292,"href":"https:\/\/www.univ-usto.dz\/faculte\/fac-mathinfo\/wp-json\/wp\/v2\/pages\/3188\/revisions"}],"predecessor-version":[{"id":18736,"href":"https:\/\/www.univ-usto.dz\/faculte\/fac-mathinfo\/wp-json\/wp\/v2\/pages\/3188\/revisions\/18736"}],"wp:attachment":[{"href":"https:\/\/www.univ-usto.dz\/faculte\/fac-mathinfo\/wp-json\/wp\/v2\/media?parent=3188"}],"curies":[{"name":"wp","href":"https:\/\/api.w.org\/{rel}","templated":true}]}}