{"id":4897,"date":"2020-09-18T08:40:03","date_gmt":"2020-09-18T08:40:03","guid":{"rendered":"http:\/\/www.univ-usto.dz\/faculte\/fac-mathinfo\/?page_id=4897"},"modified":"2026-03-31T10:05:20","modified_gmt":"2026-03-31T10:05:20","slug":"presentation","status":"publish","type":"page","link":"https:\/\/www.univ-usto.dz\/faculte\/fac-mathinfo\/presentation\/","title":{"rendered":"Pr\u00e9sentation"},"content":{"rendered":"\t\t<div data-elementor-type=\"wp-page\" data-elementor-id=\"4897\" class=\"elementor elementor-4897\">\n\t\t\t\t\t\t<section class=\"elementor-section elementor-top-section elementor-element elementor-element-703bbe4 elementor-section-boxed elementor-section-height-default elementor-section-height-default\" data-id=\"703bbe4\" data-element_type=\"section\" data-e-type=\"section\">\n\t\t\t\t\t\t<div class=\"elementor-container elementor-column-gap-default\">\n\t\t\t\t\t<div class=\"elementor-column elementor-col-33 elementor-top-column elementor-element elementor-element-62c2c43\" data-id=\"62c2c43\" data-element_type=\"column\" data-e-type=\"column\">\n\t\t\t<div class=\"elementor-widget-wrap elementor-element-populated\">\n\t\t\t\t\t\t<div class=\"elementor-element elementor-element-4d443d6 elementor-widget elementor-widget-wp-widget-bellows_navigation_widget\" data-id=\"4d443d6\" data-element_type=\"widget\" data-e-type=\"widget\" data-widget_type=\"wp-widget-bellows_navigation_widget.default\">\n\t\t\t\t<div class=\"elementor-widget-container\">\n\t\t\t\t\t<nav id=\"bellows-main-116\" class=\"bellows bellows-nojs bellows-main bellows-source-menu bellows-align-center bellows-skin-vanilla bellows-type-\"><ul id=\"menu-faculte-mi\" class=\"bellows-nav\" data-bellows-config=\"main\"><li id=\"menu-item-11242\" class=\"bellows-menu-item bellows-menu-item-type-post_type bellows-menu-item-object-page bellows-menu-item-11242 bellows-item-level-0\"><a  href=\"https:\/\/www.univ-usto.dz\/faculte\/fac-mathinfo\/presentation\/\" class=\"bellows-target\"><span class=\"bellows-target-title bellows-target-text\">Pr\u00e9sentation<\/span><\/a><\/li>\n<li id=\"menu-item-11232\" class=\"bellows-menu-item bellows-menu-item-type-post_type bellows-menu-item-object-page bellows-menu-item-11232 bellows-item-level-0\"><a  href=\"https:\/\/www.univ-usto.dz\/faculte\/fac-mathinfo\/mot-du-doyen\/\" class=\"bellows-target\"><span class=\"bellows-target-title bellows-target-text\">Mot du Doyen<\/span><\/a><\/li>\n<li id=\"menu-item-11233\" class=\"bellows-menu-item bellows-menu-item-type-post_type bellows-menu-item-object-page bellows-menu-item-11233 bellows-item-level-0\"><a  href=\"https:\/\/www.univ-usto.dz\/faculte\/fac-mathinfo\/organigramme-de-la-faculte\/\" class=\"bellows-target\"><span class=\"bellows-target-title bellows-target-text\">Organigramme de la Facult\u00e9<\/span><\/a><\/li>\n<li id=\"menu-item-11234\" class=\"bellows-menu-item bellows-menu-item-type-post_type bellows-menu-item-object-page bellows-menu-item-11234 bellows-item-level-0\"><a  href=\"https:\/\/www.univ-usto.dz\/faculte\/fac-mathinfo\/secretariat-generale\/\" class=\"bellows-target\"><span class=\"bellows-target-title bellows-target-text\">Personnel Administratif<\/span><\/a><\/li>\n<li id=\"menu-item-11235\" class=\"bellows-menu-item bellows-menu-item-type-post_type bellows-menu-item-object-page bellows-menu-item-11235 bellows-item-level-0\"><a  href=\"https:\/\/www.univ-usto.dz\/faculte\/fac-mathinfo\/la-faculte-en-chiffre\/\" class=\"bellows-target\"><span class=\"bellows-target-title bellows-target-text\">La facult\u00e9 en chiffre<\/span><\/a><\/li>\n<li id=\"menu-item-13494\" class=\"bellows-menu-item bellows-menu-item-type-post_type bellows-menu-item-object-page bellows-menu-item-13494 bellows-item-level-0\"><a  href=\"https:\/\/www.univ-usto.dz\/faculte\/fac-mathinfo\/liens-utiles-2\/\" class=\"bellows-target\"><span class=\"bellows-target-title bellows-target-text\">Liens utiles<\/span><\/a><\/li>\n<\/ul><\/nav>\t\t\t\t<\/div>\n\t\t\t\t<\/div>\n\t\t\t\t\t<\/div>\n\t\t<\/div>\n\t\t\t\t<div class=\"elementor-column elementor-col-66 elementor-top-column elementor-element elementor-element-eff045f\" data-id=\"eff045f\" data-element_type=\"column\" data-e-type=\"column\">\n\t\t\t<div class=\"elementor-widget-wrap elementor-element-populated\">\n\t\t\t\t\t\t<div class=\"elementor-element elementor-element-ec29bf0 elementor-widget elementor-widget-text-editor\" data-id=\"ec29bf0\" data-element_type=\"widget\" data-e-type=\"widget\" data-widget_type=\"text-editor.default\">\n\t\t\t\t<div class=\"elementor-widget-container\">\n\t\t\t\t\t\t\t\t\t<p>\u00a0<\/p><p>\u00a0<\/p><p><img decoding=\"async\" src=\"https:\/\/www.univ-usto.dz\/faculte\/fac-mathinfo\/wp-content\/uploads\/2021\/03\/fac.png\" \/><\/p>\t\t\t\t\t\t\t\t<\/div>\n\t\t\t\t<\/div>\n\t\t\t\t<div class=\"elementor-element elementor-element-9afb22d elementor-widget elementor-widget-text-editor\" data-id=\"9afb22d\" data-element_type=\"widget\" data-e-type=\"widget\" data-widget_type=\"text-editor.default\">\n\t\t\t\t<div class=\"elementor-widget-container\">\n\t\t\t\t\t\t\t\t\t<p><strong style=\"font-family: 'times new roman', times; font-size: 12pt; color: #141414; text-align: justify; background-color: inherit;\"><span style=\"color: #4f81bd;\">48Cr\u00e9ation de la facult\u00e9 des math\u00e9matiques et informatique:<\/span><\/strong><\/p>\n<p style=\"color: #141414; font-size: 14px; margin-bottom: 0px; font-family: Roboto, Helvetica, Arial, sans-serif; text-align: justify;\"><span style=\"font-size: 12pt; font-family: 'times new roman', times;\">Le d\u00e9cret ex\u00e9cutif n\u00b013-199 du 20 mai 2013 a r\u00e9organis\u00e9 l\u2019universit\u00e9 des sciences et de la technologie d\u2019Oran en cr\u00e9ant au sein de l\u2019universit\u00e9 la facult\u00e9 des math\u00e9matiques et informatique. La d\u00e9cision minist\u00e9rielle num\u00e9ro 763 datant du 07-10-2013 a cr\u00e9e \u00e9galement les deux d\u00e9partements composant la facult\u00e9, qui sont :&nbsp;<a style=\"color: #0099ff;\" href=\"https:\/\/www.univ-usto.dz\/faculte\/fac-mathinfo\/index.php?option=com_content&amp;view=article&amp;id=142&amp;Itemid=695\">le d\u00e9partement d\u2019informatique<\/a>,et&nbsp;&nbsp;<a style=\"color: #0099ff;\" href=\"https:\/\/www.univ-usto.dz\/faculte\/fac-mathinfo\/index.php?option=com_content&amp;view=article&amp;id=141&amp;Itemid=694\">le d\u00e9partement des math\u00e9matiques<\/a>.<\/span><\/p>\n<p style=\"color: #141414; font-size: 14px; margin-bottom: 0px; font-family: Roboto, Helvetica, Arial, sans-serif; text-align: justify;\">&nbsp; &nbsp; &nbsp; &nbsp; &nbsp; &nbsp; &nbsp; &nbsp; &nbsp; &nbsp;&nbsp;<img decoding=\"async\" src=\"https:\/\/www.univ-usto.dz\/faculte\/fac-mathinfo\/wp-content\/uploads\/2021\/03\/facmathinfo.png\"><span style=\"font-size: 12pt; font-family: 'times new roman', times;\"><br><\/span><\/p>\n<p style=\"margin: 0cm 0cm 11.25pt; background-image: initial; background-position: initial; background-size: initial; background-repeat: initial; background-attachment: initial; background-origin: initial; background-clip: initial;\"><strong><span style=\"color: #0070c0;\">La facult\u00e9 poss\u00e8de<br>une infrastructure incluant essentiellement&nbsp;:<\/span><\/strong><\/p>\n<p style=\"color: #141414; font-size: 14px; margin-bottom: 0px; font-family: Roboto, Helvetica, Arial, sans-serif; text-align: justify;\"><span style=\"font-family: 'times new roman', times;\"><strong><span style=\"font-size: 12pt; line-height: 18.4px; font-family: 'Times New Roman', serif; color: #92d050;\">Locaux p\u00e9dagogiques<\/span><\/strong><\/span><\/p>\n<p style=\"color: #141414; font-size: 14px; margin-bottom: 0px; margin-left: 30px; font-family: Roboto, Helvetica, Arial, sans-serif; text-align: justify;\"><span style=\"color: windowtext;\">(02) amphith\u00e9\u00e2tres de 120 \u00e0 200 places.<\/span><\/p>\n<p style=\"color: #141414; font-size: 14px; margin-bottom: 0px; margin-left: 30px; font-family: Roboto, Helvetica, Arial, sans-serif; text-align: justify;\"><span style=\"color: windowtext;\">(07) salles de cours de 30 \u00e0 80 places.<\/span><\/p>\n<p style=\"color: #141414; font-size: 14px; margin-bottom: 0px; margin-left: 30px; font-family: Roboto, Helvetica, Arial, sans-serif; text-align: justify;\"><span style=\"color: windowtext;\">(04) laboratoires de recherche.<\/span><\/p>\n<p style=\"color: #141414; font-size: 14px; margin-bottom: 0px; margin-left: 30px; font-family: Roboto, Helvetica, Arial, sans-serif; text-align: justify;\"><span style=\"color: windowtext;\">(20) salles TD de 30 places.<\/span><\/p>\n<p style=\"color: #141414; font-size: 14px; margin-bottom: 0px; margin-left: 30px; font-family: Roboto, Helvetica, Arial, sans-serif; text-align: justify;\"><span style=\"color: windowtext;\">(11) salles TP de 30 places.<\/span><\/p>\n<p style=\"color: #141414; font-size: 14px; margin-bottom: 0px; margin-left: 30px; font-family: Roboto, Helvetica, Arial, sans-serif; text-align: justify;\"><span style=\"color: windowtext;\">(09) salles de doctorants et masters.<\/span><\/p>\n<p style=\"color: #141414; font-size: 14px; margin-bottom: 0px; margin-left: 30px; font-family: Roboto, Helvetica, Arial, sans-serif; text-align: justify;\"><span style=\"color: windowtext;\">(02) salles de soutenance.<\/span><\/p>\n<p style=\"color: #141414; font-size: 14px; margin-bottom: 0px; font-family: Roboto, Helvetica, Arial, sans-serif; text-align: justify;\"><span style=\"font-family: 'times new roman', times;\"><strong><span style=\"color: #92d050;\">Locaux administratifs<\/span><\/strong><\/span><\/p>\n<p style=\"color: #141414; font-size: 14px; margin-bottom: 0px; margin-left: 30px; font-family: Roboto, Helvetica, Arial, sans-serif; text-align: justify;\"><span style=\"color: windowtext;\">(34) bureaux enseignant.<\/span><\/p>\n<p style=\"color: #141414; font-size: 14px; margin-bottom: 0px; margin-left: 30px; font-family: Roboto, Helvetica, Arial, sans-serif; text-align: justify;\"><span style=\"color: windowtext;\">(27) bureaux administratifs.<\/span><\/p>\n<p style=\"color: #141414; font-size: 14px; margin-bottom: 0px; margin-left: 30px; font-family: Roboto, Helvetica, Arial, sans-serif; text-align: justify;\"><span style=\"color: windowtext;\">(01) magasin.<\/span><\/p>\n<p style=\"color: #141414; font-size: 14px; margin-bottom: 0px; margin-left: 30px; font-family: Roboto, Helvetica, Arial, sans-serif; text-align: justify;\"><span style=\"color: windowtext;\">Biblioth\u00e8que.<\/span><\/p>\n<p style=\"margin: 0cm 0cm 0.0001pt; text-align: justify; background-image: initial; background-position: initial; background-size: initial; background-repeat: initial; background-attachment: initial; background-origin: initial; background-clip: initial;\"><strong><span style=\"color: #0070c0;\">Les enseignements<\/span><\/strong><\/p>\n<p style=\"color: #141414; font-size: 14px; margin-bottom: 0px; font-family: Roboto, Helvetica, Arial, sans-serif; text-align: justify;\"><span style=\"font-family: 'times new roman', times;\">Les enseignements assur\u00e9s dans la facult\u00e9 couvrent le domaine Math\u00e9matique-Informatique. Ils sont dispatch\u00e9s sur les diff\u00e9rents parcours et les diff\u00e9rents cycles.<\/span><\/p>\n<p style=\"color: #141414; font-size: 14px; margin-top: 0cm; margin-right: 0cm; margin-bottom: 0.0001pt; font-family: Roboto, Helvetica, Arial, sans-serif; text-align: justify;\"><span style=\"font-family: 'times new roman', times;\">La facult\u00e9 contient<\/span><\/p>\n<p style=\"margin: 0cm 0cm 0.0001pt 22.5pt; text-align: justify; background-image: initial; background-position: initial; background-size: initial; background-repeat: initial; background-attachment: initial; background-origin: initial; background-clip: initial;\"><span style=\"font-size: 10.5pt; color: #141414;\">(20) professeurs.<\/span><\/p>\n<p style=\"margin: 0cm 0cm 0.0001pt 22.5pt; text-align: justify; background-image: initial; background-position: initial; background-size: initial; background-repeat: initial; background-attachment: initial; background-origin: initial; background-clip: initial;\"><span style=\"font-size: 10.5pt; color: #141414;\">(43) <\/span><span style=\"text-align: start;\"><span style=\"font-size: 10.5pt; color: #202122;\">ma\u00eetre<\/span><\/span><span style=\"font-size: 10.5pt; color: #141414;\">&nbsp;de conf\u00e9rences A.<\/span><\/p>\n<p style=\"margin: 0cm 0cm 0.0001pt 22.5pt; text-align: justify; background-image: initial; background-position: initial; background-size: initial; background-repeat: initial; background-attachment: initial; background-origin: initial; background-clip: initial;\"><span style=\"font-size: 10.5pt; color: #141414;\">(43) <\/span><span style=\"text-align: start;\"><span style=\"font-size: 10.5pt; color: #202122;\">ma\u00eetre<\/span><\/span><span style=\"font-size: 10.5pt; color: #141414;\">&nbsp;de conf\u00e9rences B.<\/span><\/p>\n<p style=\"margin: 0cm 0cm 0.0001pt 22.5pt; text-align: justify; background-image: initial; background-position: initial; background-size: initial; background-repeat: initial; background-attachment: initial; background-origin: initial; background-clip: initial;\"><span style=\"font-size: 10.5pt; color: #141414;\">(15) <\/span><span style=\"text-align: start;\"><span style=\"font-size: 10.5pt; color: #202122;\">ma\u00eetre<\/span><\/span><span style=\"font-size: 10.5pt; color: #141414;\">-assistant A.<\/span><\/p>\n<p style=\"margin: 0cm 0cm 0.0001pt 22.5pt; text-align: justify; background-image: initial; background-position: initial; background-size: initial; background-repeat: initial; background-attachment: initial; background-origin: initial; background-clip: initial;\"><span style=\"font-size: 10.5pt; color: #141414;\">(04) <\/span><span style=\"font-size: 10.5pt; color: #141414;\">assistant .<\/span><\/p>\n<p><strong><span style=\"font-size: 12pt; line-height: 17.12px; font-family: Calibri, sans-serif; color: #0070c0;\">La Facult\u00e9 en charge<\/span>&nbsp;<\/strong><strong><span style=\"font-size: 10.5pt; line-height: 14.98px; font-family: Calibri, sans-serif; color: #0070c0;\">:<\/span><span style=\"font-size: 10.5pt; line-height: 14.98px;\">&nbsp;<\/span><\/strong><span style=\"text-align: justify; background-color: inherit; color: #000000; font-family: 'times new roman', times;\">de &nbsp;04 formations de <\/span><a style=\"color: #0099ff; text-align: justify; font-family: 'times new roman', times;\" href=\"https:\/\/www.univ-usto.dz\/faculte\/fac-mathinfo\/index.php?option=com_content&amp;view=article&amp;id=162&amp;Itemid=749\">licences<\/a><span style=\"text-align: justify; background-color: inherit; color: #000000; font-family: 'times new roman', times;\">&nbsp;(<\/span><a style=\"color: #0099ff; text-align: justify; font-family: 'times new roman', times;\" href=\"https:\/\/www.univ-usto.dz\/faculte\/fac-mathinfo\/index.php?option=com_content&amp;view=article&amp;id=163&amp;Itemid=751\">math\u00e9matique<\/a><span style=\"text-align: justify; background-color: inherit; color: #000000; font-family: 'times new roman', times;\">\u2013<\/span><a style=\"color: #0099ff; text-align: justify; font-family: 'times new roman', times;\" href=\"https:\/\/www.univ-usto.dz\/faculte\/fac-mathinfo\/index.php?option=com_content&amp;view=article&amp;id=164&amp;Itemid=752\">informatique<\/a><span style=\"text-align: justify; background-color: inherit; color: #000000; font-family: 'times new roman', times;\">) et 04 formations masters<\/span><strong style=\"text-align: justify; background-color: inherit; color: #000000; font-family: 'times new roman', times;\"><span style=\"color: #0070c0;\"><a style=\"color: #0099ff;\" href=\"https:\/\/www.univ-usto.dz\/faculte\/fac-mathinfo\/index.php?option=com_content&amp;view=article&amp;id=165&amp;Itemid=754\">(<\/a><\/span><\/strong><span style=\"text-align: justify; background-color: inherit; font-family: 'times new roman', times; color: #0070c0;\"><a style=\"color: #0099ff;\" href=\"https:\/\/www.univ-usto.dz\/faculte\/fac-mathinfo\/index.php?option=com_content&amp;view=article&amp;id=165&amp;Itemid=754\">math\u00e9matique<\/a><\/span><span style=\"text-align: justify; background-color: inherit; font-family: 'times new roman', times; color: #0070c0;\">\u2013<\/span><span style=\"text-align: justify; background-color: inherit; font-family: 'times new roman', times; color: #0070c0;\"><a style=\"color: #0099ff;\" href=\"https:\/\/www.univ-usto.dz\/faculte\/fac-mathinfo\/index.php?option=com_content&amp;view=article&amp;id=166&amp;Itemid=755\">informatique<\/a><\/span><strong style=\"text-align: justify; background-color: inherit; color: #000000; font-family: 'times new roman', times;\"><span style=\"color: #0070c0;\"><a style=\"color: #0099ff;\" href=\"https:\/\/www.univ-usto.dz\/faculte\/fac-mathinfo\/index.php?option=com_content&amp;view=article&amp;id=166&amp;Itemid=755\">)<\/a>, <\/span><\/strong><span style=\"color: #808080;\">03 formations ing\u00e9niorat<\/span><span style=\"text-align: justify; background-color: inherit; color: #000000; font-family: 'times new roman', times;\"><span style=\"color: #808080;\">&nbsp;<\/span>et&nbsp;<\/span><a style=\"color: #0099ff; text-align: justify; font-family: 'times new roman', times;\" href=\"https:\/\/www.univ-usto.dz\/faculte\/fac-mathinfo\/index.php?option=com_content&amp;view=article&amp;id=150&amp;Itemid=704\">05 formations doctorales<\/a><span style=\"text-align: justify; background-color: inherit; font-family: 'times new roman', times; color: #0070c0;\">&nbsp;<\/span><span style=\"text-align: justify; background-color: inherit; color: #000000; font-family: 'times new roman', times;\">.<\/span><span style=\"color: #141414; text-align: justify; background-color: inherit; font-family: 'times new roman', times;\"><span style=\"color: #0070c0;\"><span style=\"color: #000000;\">&nbsp;<\/span><\/span><\/span><\/p>\n<p style=\"margin: 0cm 0cm 0.0001pt; text-align: justify; background-image: initial; background-position: initial; background-size: initial; background-repeat: initial; background-attachment: initial; background-origin: initial; background-clip: initial;\"><strong><span style=\"color: #0070c0;\">La Recherche<\/span><\/strong><\/p>\n<p style=\"color: #141414; font-size: 14px; margin-bottom: 0px; font-family: Roboto, Helvetica, Arial, sans-serif; text-align: justify;\"><span style=\"font-family: 'times new roman', times;\">La facult\u00e9 dispose d\u2019un&nbsp; laboratoire de recherche agr\u00e9e, regroupant les enseignants chercheurs, les doctorants, ainsi que les \u00e9tudiants pr\u00e9parant des projets de fin d\u2019\u00e9tudes dans les diff\u00e9rents cycles d\u2019\u00e9tudes.<\/span><\/p>\n<p style=\"color: #141414; font-size: 14px; margin-bottom: 0px; font-family: Roboto, Helvetica, Arial, sans-serif; text-align: justify;\"><span style=\"font-family: 'times new roman', times;\">Les salles de travail&nbsp; de laboratoires est&nbsp; \u00e9quip\u00e9e du mat\u00e9riel n\u00e9cessaire pour les th\u00e9matiques de recherches adopt\u00e9es par les diff\u00e9rentes \u00e9quipes de recherche appartenant aux laboratoires de la facult\u00e9.<\/span><\/p>\n<p style=\"color: #141414; font-size: 14px; margin-bottom: 0px; font-family: Roboto, Helvetica, Arial, sans-serif; text-align: justify;\"><span style=\"font-family: 'times new roman', times;\">&nbsp;<\/span><\/p>\n<p style=\"margin: 0cm 0cm 0.0001pt; text-align: justify; background-image: initial; background-position: initial; background-size: initial; background-repeat: initial; background-attachment: initial; background-origin: initial; background-clip: initial;\"><strong><span style=\"color: #0070c0;\">Personnel Administratifs :<\/span><\/strong><\/p>\n<p style=\"color: #141414; font-size: 14px; margin-bottom: 0px; font-family: Roboto, Helvetica, Arial, sans-serif; text-align: justify;\"><span style=\"font-size: 12pt;\">Le personnel facilite la mission de chacun dans la mise \u00e0 la disposition de l\u2019enseignant et de l\u2019\u00e9tudiant.<\/span><\/p>\n<p style=\"color: #141414; font-size: 14px; margin-bottom: 0px; font-family: Roboto, Helvetica, Arial, sans-serif; text-align: justify;\"><span style=\"font-size: 12pt;\">La facult\u00e9 compte 48 ATS.<\/span><\/p>\n<p style=\"box-sizing: border-box; color: #666666; font-size: 16px; line-height: 1.5; margin: 0cm 0cm 0.0001pt 22.5pt; text-align: justify; background-image: initial; background-position: initial; background-size: initial; background-repeat: initial; background-attachment: initial; background-origin: initial; background-clip: initial;\">\n<\/p>\t\t\t\t\t\t\t\t<\/div>\n\t\t\t\t<\/div>\n\t\t\t\t\t<\/div>\n\t\t<\/div>\n\t\t\t\t\t<\/div>\n\t\t<\/section>\n\t\t\t\t<\/div>\n\t\t","protected":false},"excerpt":{"rendered":"<p>\u00a0 \u00a0 48Cr\u00e9ation de la facult\u00e9 des math\u00e9matiques et informatique: Le d\u00e9cret ex\u00e9cutif n\u00b013-199 du 20 mai 2013 a r\u00e9organis\u00e9 l\u2019universit\u00e9 des sciences et de la technologie d\u2019Oran en cr\u00e9ant <a href=\"https:\/\/www.univ-usto.dz\/faculte\/fac-mathinfo\/presentation\/\" class=\"read-more\">Lire la suite &#8230;<\/a><\/p>\n","protected":false},"author":1,"featured_media":0,"parent":0,"menu_order":0,"comment_status":"closed","ping_status":"closed","template":"","meta":{"footnotes":""},"class_list":["post-4897","page","type-page","status-publish","hentry"],"_links":{"self":[{"href":"https:\/\/www.univ-usto.dz\/faculte\/fac-mathinfo\/wp-json\/wp\/v2\/pages\/4897","targetHints":{"allow":["GET"]}}],"collection":[{"href":"https:\/\/www.univ-usto.dz\/faculte\/fac-mathinfo\/wp-json\/wp\/v2\/pages"}],"about":[{"href":"https:\/\/www.univ-usto.dz\/faculte\/fac-mathinfo\/wp-json\/wp\/v2\/types\/page"}],"author":[{"embeddable":true,"href":"https:\/\/www.univ-usto.dz\/faculte\/fac-mathinfo\/wp-json\/wp\/v2\/users\/1"}],"replies":[{"embeddable":true,"href":"https:\/\/www.univ-usto.dz\/faculte\/fac-mathinfo\/wp-json\/wp\/v2\/comments?post=4897"}],"version-history":[{"count":101,"href":"https:\/\/www.univ-usto.dz\/faculte\/fac-mathinfo\/wp-json\/wp\/v2\/pages\/4897\/revisions"}],"predecessor-version":[{"id":19219,"href":"https:\/\/www.univ-usto.dz\/faculte\/fac-mathinfo\/wp-json\/wp\/v2\/pages\/4897\/revisions\/19219"}],"wp:attachment":[{"href":"https:\/\/www.univ-usto.dz\/faculte\/fac-mathinfo\/wp-json\/wp\/v2\/media?parent=4897"}],"curies":[{"name":"wp","href":"https:\/\/api.w.org\/{rel}","templated":true}]}}