{"id":6353,"date":"2020-10-09T08:36:52","date_gmt":"2020-10-09T08:36:52","guid":{"rendered":"http:\/\/www.univ-usto.dz\/faculte\/fac-mathinfo\/?page_id=6353"},"modified":"2026-01-20T13:18:27","modified_gmt":"2026-01-20T13:18:27","slug":"liens-utiles-2","status":"publish","type":"page","link":"https:\/\/www.univ-usto.dz\/faculte\/fac-mathinfo\/liens-utiles-2\/","title":{"rendered":"Liens utiles"},"content":{"rendered":"\t\t<div data-elementor-type=\"wp-page\" data-elementor-id=\"6353\" class=\"elementor elementor-6353\">\n\t\t\t\t\t\t<section class=\"elementor-section elementor-top-section elementor-element elementor-element-703bbe4 elementor-section-boxed elementor-section-height-default elementor-section-height-default\" data-id=\"703bbe4\" data-element_type=\"section\" data-e-type=\"section\">\n\t\t\t\t\t\t<div class=\"elementor-container elementor-column-gap-default\">\n\t\t\t\t\t<div class=\"elementor-column elementor-col-33 elementor-top-column elementor-element elementor-element-62c2c43\" data-id=\"62c2c43\" data-element_type=\"column\" data-e-type=\"column\">\n\t\t\t<div class=\"elementor-widget-wrap elementor-element-populated\">\n\t\t\t\t\t\t<div class=\"elementor-element elementor-element-1dd9252 elementor-widget elementor-widget-wp-widget-bellows_navigation_widget\" data-id=\"1dd9252\" data-element_type=\"widget\" data-e-type=\"widget\" data-widget_type=\"wp-widget-bellows_navigation_widget.default\">\n\t\t\t\t<div class=\"elementor-widget-container\">\n\t\t\t\t\t<nav id=\"bellows-main-116\" class=\"bellows bellows-nojs bellows-main bellows-source-menu bellows-align-center bellows-skin-vanilla bellows-type-\"><ul id=\"menu-faculte-mi\" class=\"bellows-nav\" data-bellows-config=\"main\"><li id=\"menu-item-11242\" class=\"bellows-menu-item bellows-menu-item-type-post_type bellows-menu-item-object-page bellows-menu-item-11242 bellows-item-level-0\"><a  href=\"https:\/\/www.univ-usto.dz\/faculte\/fac-mathinfo\/presentation\/\" class=\"bellows-target\"><span class=\"bellows-target-title bellows-target-text\">Pr\u00e9sentation<\/span><\/a><\/li>\n<li id=\"menu-item-11232\" class=\"bellows-menu-item bellows-menu-item-type-post_type bellows-menu-item-object-page bellows-menu-item-11232 bellows-item-level-0\"><a  href=\"https:\/\/www.univ-usto.dz\/faculte\/fac-mathinfo\/mot-du-doyen\/\" class=\"bellows-target\"><span class=\"bellows-target-title bellows-target-text\">Mot du Doyen<\/span><\/a><\/li>\n<li id=\"menu-item-11233\" class=\"bellows-menu-item bellows-menu-item-type-post_type bellows-menu-item-object-page bellows-menu-item-11233 bellows-item-level-0\"><a  href=\"https:\/\/www.univ-usto.dz\/faculte\/fac-mathinfo\/organigramme-de-la-faculte\/\" class=\"bellows-target\"><span class=\"bellows-target-title bellows-target-text\">Organigramme de la Facult\u00e9<\/span><\/a><\/li>\n<li id=\"menu-item-11234\" class=\"bellows-menu-item bellows-menu-item-type-post_type bellows-menu-item-object-page bellows-menu-item-11234 bellows-item-level-0\"><a  href=\"https:\/\/www.univ-usto.dz\/faculte\/fac-mathinfo\/secretariat-generale\/\" class=\"bellows-target\"><span class=\"bellows-target-title bellows-target-text\">Personnel Administratif<\/span><\/a><\/li>\n<li id=\"menu-item-11235\" class=\"bellows-menu-item bellows-menu-item-type-post_type bellows-menu-item-object-page bellows-menu-item-11235 bellows-item-level-0\"><a  href=\"https:\/\/www.univ-usto.dz\/faculte\/fac-mathinfo\/la-faculte-en-chiffre\/\" class=\"bellows-target\"><span class=\"bellows-target-title bellows-target-text\">La facult\u00e9 en chiffre<\/span><\/a><\/li>\n<li id=\"menu-item-13494\" class=\"bellows-menu-item bellows-menu-item-type-post_type bellows-menu-item-object-page bellows-menu-item-13494 bellows-item-level-0\"><a  href=\"https:\/\/www.univ-usto.dz\/faculte\/fac-mathinfo\/liens-utiles-2\/\" class=\"bellows-target\"><span class=\"bellows-target-title bellows-target-text\">Liens utiles<\/span><\/a><\/li>\n<\/ul><\/nav>\t\t\t\t<\/div>\n\t\t\t\t<\/div>\n\t\t\t\t\t<\/div>\n\t\t<\/div>\n\t\t\t\t<div class=\"elementor-column elementor-col-66 elementor-top-column elementor-element elementor-element-eff045f\" data-id=\"eff045f\" data-element_type=\"column\" data-e-type=\"column\">\n\t\t\t<div class=\"elementor-widget-wrap elementor-element-populated\">\n\t\t\t\t\t\t<div class=\"elementor-element elementor-element-b5bc7f8 elementor-widget elementor-widget-text-editor\" data-id=\"b5bc7f8\" data-element_type=\"widget\" data-e-type=\"widget\" data-widget_type=\"text-editor.default\">\n\t\t\t\t<div class=\"elementor-widget-container\">\n\t\t\t\t\t\t\t\t\t<p><span style=\"text-decoration: underline; color: #3366ff;\"><strong><a style=\"color: #3366ff; text-decoration: underline;\" href=\"https:\/\/www.mesrs.dz\/\" target=\"_blank\" rel=\"noopener\">Minist\u00e8re de l&rsquo;Enseignement Sup\u00e9rieur et de la Recherche Scientifique MESRS<\/a><\/strong><\/span><\/p><p><span style=\"text-decoration: underline; color: #3366ff;\"><strong><a style=\"color: #3366ff; text-decoration: underline;\" href=\"http:\/\/www.dgrsdt.dz\/v1\/\" target=\"_blank\" rel=\"noopener\">Direction G\u00e9n\u00e9rale de la Recherche Scientifique et de d\u00e9veloppement Technologique DGRSDT<\/a><\/strong><\/span><\/p><p><span style=\"text-decoration: underline; color: #3366ff;\"><strong>Agences th\u00e9matiques\u00a0<\/strong><\/span><\/p><ul><li><span style=\"text-decoration: underline; color: #3366ff;\"><strong><a style=\"color: #3366ff; text-decoration: underline;\" href=\"http:\/\/www.atrsnv.dz\/\" target=\"_blank\" rel=\"noopener\">Agence Th\u00e9matique de Recherche en Sciences de la Nature et de la Vie (Bejaia)<\/a><\/strong><\/span><\/li><li><span style=\"text-decoration: underline; color: #3366ff;\"><strong><a style=\"color: #3366ff; text-decoration: underline;\" href=\"https:\/\/www.atrss.dz\/\" target=\"_blank\" rel=\"noopener\">Agence Th\u00e9matique de Recherche en Sciences de la Sant\u00e9 (Oran)<\/a><\/strong><\/span><\/li><li><span style=\"text-decoration: underline; color: #3366ff;\"><strong><a style=\"color: #3366ff; text-decoration: underline;\" href=\"http:\/\/www.atrssh.dz\/\" target=\"_blank\" rel=\"noopener\">Agence Th\u00e9matique de Recherche en Sciences Sociales et Humaines (Blida)<\/a><\/strong><\/span><\/li><li><span style=\"text-decoration: underline; color: #3366ff;\"><strong><a style=\"color: #3366ff; text-decoration: underline;\" href=\"http:\/\/atrbsa.dz\/ATRBSA\/\" target=\"_blank\" rel=\"noopener\">Agence Th\u00e9matique de Recherche en Biotechnologie et en Sciences Agroalimentaires (Constantine)<\/a><\/strong><\/span><\/li><li><span style=\"text-decoration: underline; color: #3366ff;\"><strong><a style=\"color: #3366ff; text-decoration: underline;\" href=\"http:\/\/atrst.dz\/\" target=\"_blank\" rel=\"noopener\">Agence th\u00e9matique de Recherche en Sciences et Technologie (El Harrach \/Alger)<\/a><\/strong><\/span><\/li><\/ul>\t\t\t\t\t\t\t\t<\/div>\n\t\t\t\t<\/div>\n\t\t\t\t\t<\/div>\n\t\t<\/div>\n\t\t\t\t\t<\/div>\n\t\t<\/section>\n\t\t\t\t<\/div>\n\t\t","protected":false},"excerpt":{"rendered":"<p>Liens utiles Minist\u00e8re de l&rsquo;Enseignement Sup\u00e9rieur et de la Recherche Scientifique MESRS Direction G\u00e9n\u00e9rale de la Recherche Scientifique et de d\u00e9veloppement Technologique DGRSDT Agences th\u00e9matiques\u00a0 Agence Th\u00e9matique de Recherche en <a href=\"https:\/\/www.univ-usto.dz\/faculte\/fac-mathinfo\/liens-utiles-2\/\" class=\"read-more\">Lire la suite &#8230;<\/a><\/p>\n","protected":false},"author":1,"featured_media":0,"parent":0,"menu_order":0,"comment_status":"closed","ping_status":"closed","template":"","meta":{"footnotes":""},"class_list":["post-6353","page","type-page","status-publish","hentry"],"_links":{"self":[{"href":"https:\/\/www.univ-usto.dz\/faculte\/fac-mathinfo\/wp-json\/wp\/v2\/pages\/6353","targetHints":{"allow":["GET"]}}],"collection":[{"href":"https:\/\/www.univ-usto.dz\/faculte\/fac-mathinfo\/wp-json\/wp\/v2\/pages"}],"about":[{"href":"https:\/\/www.univ-usto.dz\/faculte\/fac-mathinfo\/wp-json\/wp\/v2\/types\/page"}],"author":[{"embeddable":true,"href":"https:\/\/www.univ-usto.dz\/faculte\/fac-mathinfo\/wp-json\/wp\/v2\/users\/1"}],"replies":[{"embeddable":true,"href":"https:\/\/www.univ-usto.dz\/faculte\/fac-mathinfo\/wp-json\/wp\/v2\/comments?post=6353"}],"version-history":[{"count":9,"href":"https:\/\/www.univ-usto.dz\/faculte\/fac-mathinfo\/wp-json\/wp\/v2\/pages\/6353\/revisions"}],"predecessor-version":[{"id":18616,"href":"https:\/\/www.univ-usto.dz\/faculte\/fac-mathinfo\/wp-json\/wp\/v2\/pages\/6353\/revisions\/18616"}],"wp:attachment":[{"href":"https:\/\/www.univ-usto.dz\/faculte\/fac-mathinfo\/wp-json\/wp\/v2\/media?parent=6353"}],"curies":[{"name":"wp","href":"https:\/\/api.w.org\/{rel}","templated":true}]}}