{"id":10770,"date":"2021-02-16T13:38:52","date_gmt":"2021-02-16T13:38:52","guid":{"rendered":"http:\/\/www.univ-usto.dz\/faculte\/fac-mecanique\/?page_id=10770"},"modified":"2026-03-03T09:26:46","modified_gmt":"2026-03-03T09:26:46","slug":"bibliotheque","status":"publish","type":"page","link":"https:\/\/www.univ-usto.dz\/faculte\/fac-mecanique\/bibliotheque\/","title":{"rendered":"Biblioth\u00e8que"},"content":{"rendered":"\t\t<div data-elementor-type=\"wp-page\" data-elementor-id=\"10770\" class=\"elementor elementor-10770\">\n\t\t\t\t\t\t<section class=\"elementor-section elementor-top-section elementor-element elementor-element-703bbe4 elementor-section-boxed elementor-section-height-default elementor-section-height-default\" data-id=\"703bbe4\" data-element_type=\"section\">\n\t\t\t\t\t\t<div class=\"elementor-container elementor-column-gap-default\">\n\t\t\t\t\t<div class=\"elementor-column elementor-col-33 elementor-top-column elementor-element elementor-element-62c2c43\" data-id=\"62c2c43\" data-element_type=\"column\">\n\t\t\t<div class=\"elementor-widget-wrap elementor-element-populated\">\n\t\t\t\t\t\t<div class=\"elementor-element elementor-element-4d443d6 elementor-widget elementor-widget-wp-widget-bellows_navigation_widget\" data-id=\"4d443d6\" data-element_type=\"widget\" data-widget_type=\"wp-widget-bellows_navigation_widget.default\">\n\t\t\t\t<div class=\"elementor-widget-container\">\n\t\t\t\t\t<nav id=\"bellows-main-116\" class=\"bellows bellows-nojs bellows-main bellows-source-menu bellows-align-full bellows-skin-vanilla bellows-type-\"><ul id=\"menu-gouvernance\" class=\"bellows-nav\" data-bellows-config=\"main\"><li id=\"menu-item-11542\" class=\"bellows-menu-item bellows-menu-item-type-post_type bellows-menu-item-object-page bellows-menu-item-11542 bellows-item-level-0\"><a  href=\"https:\/\/www.univ-usto.dz\/faculte\/fac-mecanique\/departements\/\" class=\"bellows-target\"><span class=\"bellows-target-title bellows-target-text\">Pr\u00e9sentation<\/span><\/a><\/li>\n<li id=\"menu-item-11543\" class=\"bellows-menu-item bellows-menu-item-type-post_type bellows-menu-item-object-page bellows-menu-item-11543 bellows-item-level-0\"><a  href=\"https:\/\/www.univ-usto.dz\/faculte\/fac-mecanique\/mot-du-doyen\/\" class=\"bellows-target\"><span class=\"bellows-target-title bellows-target-text\">Mot du Doyen<\/span><\/a><\/li>\n<li id=\"menu-item-11544\" class=\"bellows-menu-item bellows-menu-item-type-post_type bellows-menu-item-object-page bellows-menu-item-11544 bellows-item-level-0\"><a  href=\"https:\/\/www.univ-usto.dz\/faculte\/fac-mecanique\/organigramme-de-la-faculte\/\" class=\"bellows-target\"><span class=\"bellows-target-title bellows-target-text\">Organigramme de la Facult\u00e9<\/span><\/a><\/li>\n<\/ul><\/nav>\t\t\t\t<\/div>\n\t\t\t\t<\/div>\n\t\t\t\t\t<\/div>\n\t\t<\/div>\n\t\t\t\t<div class=\"elementor-column elementor-col-66 elementor-top-column elementor-element elementor-element-eff045f\" data-id=\"eff045f\" data-element_type=\"column\">\n\t\t\t<div class=\"elementor-widget-wrap elementor-element-populated\">\n\t\t\t\t\t\t<div class=\"elementor-element elementor-element-964fc4f elementor-widget elementor-widget-elementskit-heading\" data-id=\"964fc4f\" data-element_type=\"widget\" data-widget_type=\"elementskit-heading.default\">\n\t\t\t\t<div class=\"elementor-widget-container\">\n\t\t\t\t\t<div class=\"ekit-wid-con\" ><div class=\"ekit-heading elementskit-section-title-wraper text_left   ekit_heading_tablet-   ekit_heading_mobile-\"><h3 class=\"ekit-heading--title elementskit-section-title \">Biblioth\u00e8que<\/h3><div class=\"ekit_heading_separetor_wraper ekit_heading_elementskit-border-divider ekit-dotted\"><div class=\"elementskit-border-divider ekit-dotted\"><\/div><\/div><\/div><\/div>\t\t\t\t<\/div>\n\t\t\t\t<\/div>\n\t\t\t\t<div class=\"elementor-element elementor-element-077aba1 elementor-widget elementor-widget-text-editor\" data-id=\"077aba1\" data-element_type=\"widget\" data-widget_type=\"text-editor.default\">\n\t\t\t\t<div class=\"elementor-widget-container\">\n\t\t\t\t\t\t\t\t\t<h2><strong>Pr\u00e9sentation<\/strong><\/h2><div dir=\"auto\">La Biblioth\u00e8que de la Facult\u00e9 de G\u00e9nie M\u00e9canique d\u2019Oran est un \u00e9tablissement de services documentaires et informationnels dynamique, au service d\u2019une cat\u00e9gorie sp\u00e9cifique de la communaut\u00e9, \u00e0 savoir les \u00e9tudiants de la facult\u00e9, ses enseignants ainsi que divers chercheurs acad\u00e9miques, provenant de l\u2019int\u00e9rieur et de l\u2019ext\u00e9rieur de la wilaya.<\/div><div dir=\"auto\">\u00a0<\/div><div dir=\"auto\">Elle dispose d\u2019un fonds documentaire riche comprenant l\u2019ensemble des mati\u00e8res enseign\u00e9es dans la sp\u00e9cialit\u00e9. Les documents sont disponibles en langue arabe, fran\u00e7aise et anglaise. La biblioth\u00e8que abrite \u00e9galement des m\u00e9moires et des th\u00e8ses de master.<\/div><div dir=\"auto\">\u00a0<\/div><div dir=\"auto\">Il s\u2019agit d\u2019une biblioth\u00e8que commune entre la Facult\u00e9 de G\u00e9nie M\u00e9canique et la Facult\u00e9 de G\u00e9nie Civil, tout en disposant de deux fonds documentaires distincts.<\/div><div dir=\"auto\">\u00a0<\/div><div dir=\"auto\">La Biblioth\u00e8que de la Facult\u00e9 de G\u00e9nie M\u00e9canique occupe un emplacement strat\u00e9gique au centre de la facult\u00e9, entour\u00e9e des d\u00e9partements, amphith\u00e9\u00e2tres et autres infrastructures. Elle est r\u00e9partie sur deux niveaux.<\/div><div dir=\"auto\">\u00a0<\/div><p>La biblioth\u00e8que de la Facult\u00e9 de G\u00e9nie M\u00e9canique est situ\u00e9e au campus <strong>IGCMO<\/strong>. C\u2019est un p\u00f4le tr\u00e8s riche \u00e0 caract\u00e8re scientifique, culturel et professionnel, ainsi que le miroir de la Facult\u00e9 au service du savoir.<\/p><p><img fetchpriority=\"high\" decoding=\"async\" class=\"alignnone size-full wp-image-11378\" src=\"https:\/\/rpusto.univ-usto.dz\/fac-mecanique\/wp-content\/uploads\/2021\/11\/bib.jpg\" alt=\"\" width=\"649\" height=\"182\" srcset=\"https:\/\/www.univ-usto.dz\/faculte\/fac-mecanique\/wp-content\/uploads\/2021\/11\/bib.jpg 649w, https:\/\/www.univ-usto.dz\/faculte\/fac-mecanique\/wp-content\/uploads\/2021\/11\/bib-300x84.jpg 300w, https:\/\/www.univ-usto.dz\/faculte\/fac-mecanique\/wp-content\/uploads\/2021\/11\/bib-360x101.jpg 360w, https:\/\/www.univ-usto.dz\/faculte\/fac-mecanique\/wp-content\/uploads\/2021\/11\/bib-24x7.jpg 24w, https:\/\/www.univ-usto.dz\/faculte\/fac-mecanique\/wp-content\/uploads\/2021\/11\/bib-36x10.jpg 36w, https:\/\/www.univ-usto.dz\/faculte\/fac-mecanique\/wp-content\/uploads\/2021\/11\/bib-48x13.jpg 48w\" sizes=\"(max-width: 649px) 100vw, 649px\" \/><\/p><h2><strong>Historique<\/strong><\/h2><p>La biblioth\u00e8que de la Facult\u00e9 de G\u00e9nie M\u00e9canique a \u00e9t\u00e9 inaugur\u00e9e le 13 octobre 1979 par Monsieur le Ministre de l\u2019enseignement sup\u00e9rieur Brerhi A. Depuis, elle continue \u00e0 fournir des milliers d\u2019ouvrages de r\u00e9f\u00e9rence r\u00e9cents aux \u00e9tudiants de la Facult\u00e9.\u00a0<\/p><p><strong>Description<\/strong><\/p><p>La biblioth\u00e8que se compose de plusieurs services. Au rez-de-chauss\u00e9e il y a\u00a0:<\/p><p><strong>Une salle de tirage et d\u2019impression<\/strong><\/p><p>U<strong>ne salle de conf\u00e9rences <\/strong>de 150 places. Elle est d\u00e9di\u00e9e aux soutenances de Doctorat et aux conf\u00e9rences<\/p><p>U<strong>n vaste hall <\/strong>pour les r\u00e9ceptions<\/p><p><strong>Un pr\u00e9sentoir lat\u00e9ral <\/strong>dans lequel sont r\u00e9guli\u00e8rement expos\u00e9s les nouveaux ouvrages acquis par la biblioth\u00e8que<\/p><p>\u00a0U<strong>ne banque de pr\u00eat et de restitution des ouvrages<\/strong> avec un fond documentaire d\u2019un total de 16\u00a0000 titres avec plus de 100\u00a0000 volumes toutes sp\u00e9cialit\u00e9s confondues.<\/p><p><strong>un box internet<\/strong><\/p><p><strong>un deuxi\u00e8me hall<\/strong> dans lequel il y a des casiers contenant les fichiers manuels class\u00e9s par titres et auteurs, ainsi que la cotation des diff\u00e9rentes sp\u00e9cialit\u00e9s et fili\u00e8res<\/p><p><strong>un service administratif de la biblioth\u00e8que <\/strong>pour l\u2019\u00e9tablissement des cartes de lecteur, des quitus, des affichages et programmations des soutenances des th\u00e8ses de Doctorat (celles-ci sont faites apr\u00e8s r\u00e9servation de la salle de conf\u00e9rences accord\u00e9e par le responsable de la biblioth\u00e8que)<\/p><p><strong>un service de catalogage <\/strong>pour l\u2019acquisition, l\u2019inventaire et la saisie des bases de donn\u00e9es<\/p><p><strong>un secr\u00e9tariat de direction de la biblioth\u00e8que<\/strong><\/p><p><strong>le bureau du responsable de la biblioth\u00e8que <\/strong><\/p><p>Le 1<sup>e<\/sup> \u00e9tage comprend\u00a0:<\/p><p><strong>une salle de lecture <\/strong>de 700 places<\/p><p><strong>une salle des p\u00e9riodiques <\/strong>qui contient\u00a0:<\/p><p>\u00a0484 dictionnaires en diff\u00e9rentes langues<\/p><p>397 encyclop\u00e9dies<\/p><p>\u00a072 ouvrages des Techniques de l\u2019Ing\u00e9nieur<\/p><p>\u00a0 des revues en collection : 784 en g\u00e9nie civil, 547 en g\u00e9nie m\u00e9canique et 294 en g\u00e9nie maritime<\/p><p>\u00a0des revues en exposition : 184 en g\u00e9nie civil, 270 en g\u00e9nie m\u00e9canique et 93 en g\u00e9nie maritime<\/p><p>\u00a0des th\u00e8ses de magister et doctorat : soit 449 th\u00e8ses en g\u00e9nie civil, 428 en g\u00e9nie m\u00e9canique et 166 en g\u00e9nie maritime\u00a0<\/p><p><strong>une salle des m\u00e9moires de Projets de Fin d\u2019Etudes <\/strong>qui comprend les m\u00e9moires de licence et de master.<\/p><table><tbody><tr><td width=\"184\"><p><strong>Sp\u00e9cialit\u00e9<\/strong><\/p><\/td><td width=\"181\"><p>Parcours<\/p><\/td><td width=\"183\"><p><strong>Nombre de m\u00e9moires<\/strong><\/p><\/td><\/tr><tr><td rowspan=\"2\" width=\"184\"><p><strong>G\u00e9nie m\u00e9canique<\/strong><\/p><\/td><td width=\"181\"><p><strong>Licence<\/strong><\/p><\/td><td width=\"183\"><p><strong>357<\/strong><\/p><\/td><\/tr><tr><td width=\"181\"><p><strong>Master <\/strong><\/p><\/td><td width=\"183\"><p><strong>401<\/strong><\/p><\/td><\/tr><tr><td rowspan=\"2\" width=\"184\"><p><strong>G\u00e9nie maritime<\/strong><\/p><\/td><td width=\"181\"><p><strong>Licence<\/strong><\/p><\/td><td width=\"183\"><p><strong>410<\/strong><\/p><\/td><\/tr><tr><td width=\"181\"><p><strong>Master <\/strong><\/p><\/td><td width=\"183\"><p><strong>181<\/strong><\/p><\/td><\/tr><\/tbody><\/table><p><strong>\u00a0<\/strong><\/p><ul><li><strong>une salle d\u2019internet <\/strong>\u00e9quip\u00e9e de micro-ordinateurs<\/li><li><strong>une salle de consultation sur place <\/strong>que la direction de la biblioth\u00e8que a pris toutes les mesures pour am\u00e9nager. Elle est dot\u00e9e d\u2019un espace internet.<\/li><\/ul><p>Le personnel de la biblioth\u00e8que qualifi\u00e9 en informatique assure la mise \u00e0 jour d\u2019un logiciel PMB pour le suivi des th\u00e8ses et ouvrages de la biblioth\u00e8que de la Facult\u00e9. \u00a0<strong>\u00a0<\/strong><\/p>\t\t\t\t\t\t\t\t<\/div>\n\t\t\t\t<\/div>\n\t\t\t\t\t<\/div>\n\t\t<\/div>\n\t\t\t\t\t<\/div>\n\t\t<\/section>\n\t\t\t\t<\/div>\n\t\t","protected":false},"excerpt":{"rendered":"<p>Biblioth\u00e8que Pr\u00e9sentation La Biblioth\u00e8que de la Facult\u00e9 de G\u00e9nie M\u00e9canique d\u2019Oran est un \u00e9tablissement de services documentaires et informationnels dynamique, au service d\u2019une cat\u00e9gorie sp\u00e9cifique de la communaut\u00e9, \u00e0 savoir <a href=\"https:\/\/www.univ-usto.dz\/faculte\/fac-mecanique\/bibliotheque\/\" class=\"read-more\">Lire la suite &#8230;<\/a><\/p>\n","protected":false},"author":1,"featured_media":0,"parent":0,"menu_order":0,"comment_status":"closed","ping_status":"closed","template":"","meta":{"footnotes":""},"class_list":["post-10770","page","type-page","status-publish","hentry"],"yoast_head":"<!-- This site is optimized with the Yoast SEO plugin v25.3.1 - https:\/\/yoast.com\/wordpress\/plugins\/seo\/ -->\n<title>Biblioth\u00e8que - \u0643\u0644\u064a\u0629 \u0627\u0644\u0647\u0646\u062f\u0633\u0629 \u0627\u0644\u0645\u064a\u0643\u0627\u0646\u0643\u064a\u0629 \u0628\u062c\u0627\u0645\u0639\u0629 \u0648\u0647\u0631\u0627\u0646 \u0644\u0644\u0639\u0644\u0648\u0645 \u0648 \u0627\u0644\u062a\u0643\u0646\u0648\u0644\u0648\u062c\u064a\u0627 \u0645\u062d\u0645\u062f \u0628\u0648\u0636\u064a\u0627\u0641<\/title>\n<meta name=\"robots\" content=\"index, follow, max-snippet:-1, max-image-preview:large, max-video-preview:-1\" \/>\n<link rel=\"canonical\" href=\"https:\/\/www.univ-usto.dz\/faculte\/fac-mecanique\/bibliotheque\/\" \/>\n<meta property=\"og:locale\" content=\"fr_FR\" \/>\n<meta property=\"og:type\" content=\"article\" \/>\n<meta property=\"og:title\" content=\"Biblioth\u00e8que - \u0643\u0644\u064a\u0629 \u0627\u0644\u0647\u0646\u062f\u0633\u0629 \u0627\u0644\u0645\u064a\u0643\u0627\u0646\u0643\u064a\u0629 \u0628\u062c\u0627\u0645\u0639\u0629 \u0648\u0647\u0631\u0627\u0646 \u0644\u0644\u0639\u0644\u0648\u0645 \u0648 \u0627\u0644\u062a\u0643\u0646\u0648\u0644\u0648\u062c\u064a\u0627 \u0645\u062d\u0645\u062f \u0628\u0648\u0636\u064a\u0627\u0641\" \/>\n<meta property=\"og:description\" content=\"Biblioth\u00e8que Pr\u00e9sentation La Biblioth\u00e8que de la Facult\u00e9 de G\u00e9nie M\u00e9canique d\u2019Oran est un \u00e9tablissement de services documentaires et informationnels dynamique, au service d\u2019une cat\u00e9gorie sp\u00e9cifique de la communaut\u00e9, \u00e0 savoir Lire la suite ...\" \/>\n<meta property=\"og:url\" content=\"https:\/\/www.univ-usto.dz\/faculte\/fac-mecanique\/bibliotheque\/\" \/>\n<meta property=\"og:site_name\" content=\"\u0643\u0644\u064a\u0629 \u0627\u0644\u0647\u0646\u062f\u0633\u0629 \u0627\u0644\u0645\u064a\u0643\u0627\u0646\u0643\u064a\u0629 \u0628\u062c\u0627\u0645\u0639\u0629 \u0648\u0647\u0631\u0627\u0646 \u0644\u0644\u0639\u0644\u0648\u0645 \u0648 \u0627\u0644\u062a\u0643\u0646\u0648\u0644\u0648\u062c\u064a\u0627 \u0645\u062d\u0645\u062f \u0628\u0648\u0636\u064a\u0627\u0641\" \/>\n<meta property=\"article:modified_time\" content=\"2026-03-03T09:26:46+00:00\" \/>\n<meta property=\"og:image\" content=\"https:\/\/www.univ-usto.dz\/faculte\/fac-mecanique\/wp-content\/uploads\/2021\/11\/bib.jpg\" \/>\n\t<meta property=\"og:image:width\" content=\"649\" \/>\n\t<meta property=\"og:image:height\" content=\"182\" \/>\n\t<meta property=\"og:image:type\" content=\"image\/jpeg\" \/>\n<meta name=\"twitter:card\" content=\"summary_large_image\" \/>\n<meta name=\"twitter:label1\" content=\"Dur\u00e9e de lecture estim\u00e9e\" \/>\n\t<meta name=\"twitter:data1\" content=\"3 minutes\" \/>\n<script type=\"application\/ld+json\" class=\"yoast-schema-graph\">{\"@context\":\"https:\/\/schema.org\",\"@graph\":[{\"@type\":\"WebPage\",\"@id\":\"https:\/\/www.univ-usto.dz\/faculte\/fac-mecanique\/bibliotheque\/\",\"url\":\"https:\/\/www.univ-usto.dz\/faculte\/fac-mecanique\/bibliotheque\/\",\"name\":\"Biblioth\u00e8que - \u0643\u0644\u064a\u0629 \u0627\u0644\u0647\u0646\u062f\u0633\u0629 \u0627\u0644\u0645\u064a\u0643\u0627\u0646\u0643\u064a\u0629 \u0628\u062c\u0627\u0645\u0639\u0629 \u0648\u0647\u0631\u0627\u0646 \u0644\u0644\u0639\u0644\u0648\u0645 \u0648 \u0627\u0644\u062a\u0643\u0646\u0648\u0644\u0648\u062c\u064a\u0627 \u0645\u062d\u0645\u062f \u0628\u0648\u0636\u064a\u0627\u0641\",\"isPartOf\":{\"@id\":\"https:\/\/www.univ-usto.dz\/faculte\/fac-mecanique\/#website\"},\"primaryImageOfPage\":{\"@id\":\"https:\/\/www.univ-usto.dz\/faculte\/fac-mecanique\/bibliotheque\/#primaryimage\"},\"image\":{\"@id\":\"https:\/\/www.univ-usto.dz\/faculte\/fac-mecanique\/bibliotheque\/#primaryimage\"},\"thumbnailUrl\":\"https:\/\/rpusto.univ-usto.dz\/fac-mecanique\/wp-content\/uploads\/2021\/11\/bib.jpg\",\"datePublished\":\"2021-02-16T13:38:52+00:00\",\"dateModified\":\"2026-03-03T09:26:46+00:00\",\"breadcrumb\":{\"@id\":\"https:\/\/www.univ-usto.dz\/faculte\/fac-mecanique\/bibliotheque\/#breadcrumb\"},\"inLanguage\":\"fr-FR\",\"potentialAction\":[{\"@type\":\"ReadAction\",\"target\":[\"https:\/\/www.univ-usto.dz\/faculte\/fac-mecanique\/bibliotheque\/\"]}]},{\"@type\":\"ImageObject\",\"inLanguage\":\"fr-FR\",\"@id\":\"https:\/\/www.univ-usto.dz\/faculte\/fac-mecanique\/bibliotheque\/#primaryimage\",\"url\":\"https:\/\/rpusto.univ-usto.dz\/fac-mecanique\/wp-content\/uploads\/2021\/11\/bib.jpg\",\"contentUrl\":\"https:\/\/rpusto.univ-usto.dz\/fac-mecanique\/wp-content\/uploads\/2021\/11\/bib.jpg\"},{\"@type\":\"BreadcrumbList\",\"@id\":\"https:\/\/www.univ-usto.dz\/faculte\/fac-mecanique\/bibliotheque\/#breadcrumb\",\"itemListElement\":[{\"@type\":\"ListItem\",\"position\":1,\"name\":\"Home\",\"item\":\"https:\/\/www.univ-usto.dz\/faculte\/fac-mecanique\/\"},{\"@type\":\"ListItem\",\"position\":2,\"name\":\"Biblioth\u00e8que\"}]},{\"@type\":\"WebSite\",\"@id\":\"https:\/\/www.univ-usto.dz\/faculte\/fac-mecanique\/#website\",\"url\":\"https:\/\/www.univ-usto.dz\/faculte\/fac-mecanique\/\",\"name\":\"\u0643\u0644\u064a\u0629 \u0627\u0644\u0647\u0646\u062f\u0633\u0629 \u0627\u0644\u0645\u064a\u0643\u0627\u0646\u0643\u064a\u0629 \u0628\u062c\u0627\u0645\u0639\u0629 \u0648\u0647\u0631\u0627\u0646 \u0644\u0644\u0639\u0644\u0648\u0645 \u0648 \u0627\u0644\u062a\u0643\u0646\u0648\u0644\u0648\u062c\u064a\u0627 \u0645\u062d\u0645\u062f \u0628\u0648\u0636\u064a\u0627\u0641\",\"description\":\"Faculty of Mechanical Engineering \u2013 USTOMB Mohamed-Boudiaf\",\"publisher\":{\"@id\":\"https:\/\/www.univ-usto.dz\/faculte\/fac-mecanique\/#organization\"},\"potentialAction\":[{\"@type\":\"SearchAction\",\"target\":{\"@type\":\"EntryPoint\",\"urlTemplate\":\"https:\/\/www.univ-usto.dz\/faculte\/fac-mecanique\/?s={search_term_string}\"},\"query-input\":{\"@type\":\"PropertyValueSpecification\",\"valueRequired\":true,\"valueName\":\"search_term_string\"}}],\"inLanguage\":\"fr-FR\"},{\"@type\":\"Organization\",\"@id\":\"https:\/\/www.univ-usto.dz\/faculte\/fac-mecanique\/#organization\",\"name\":\"\u0643\u0644\u064a\u0629 \u0627\u0644\u0647\u0646\u062f\u0633\u0629 \u0627\u0644\u0645\u064a\u0643\u0627\u0646\u0643\u064a\u0629 \u0628\u062c\u0627\u0645\u0639\u0629 \u0648\u0647\u0631\u0627\u0646 \u0644\u0644\u0639\u0644\u0648\u0645 \u0648 \u0627\u0644\u062a\u0643\u0646\u0648\u0644\u0648\u062c\u064a\u0627 \u0645\u062d\u0645\u062f \u0628\u0648\u0636\u064a\u0627\u0641\",\"url\":\"https:\/\/www.univ-usto.dz\/faculte\/fac-mecanique\/\",\"logo\":{\"@type\":\"ImageObject\",\"inLanguage\":\"fr-FR\",\"@id\":\"https:\/\/www.univ-usto.dz\/faculte\/fac-mecanique\/#\/schema\/logo\/image\/\",\"url\":\"https:\/\/www.univ-usto.dz\/faculte\/fac-mecanique\/wp-content\/uploads\/2021\/11\/cropped-LOGO-USTO_Modif1-e1601403966860.jpg\",\"contentUrl\":\"https:\/\/www.univ-usto.dz\/faculte\/fac-mecanique\/wp-content\/uploads\/2021\/11\/cropped-LOGO-USTO_Modif1-e1601403966860.jpg\",\"width\":140,\"height\":140,\"caption\":\"\u0643\u0644\u064a\u0629 \u0627\u0644\u0647\u0646\u062f\u0633\u0629 \u0627\u0644\u0645\u064a\u0643\u0627\u0646\u0643\u064a\u0629 \u0628\u062c\u0627\u0645\u0639\u0629 \u0648\u0647\u0631\u0627\u0646 \u0644\u0644\u0639\u0644\u0648\u0645 \u0648 \u0627\u0644\u062a\u0643\u0646\u0648\u0644\u0648\u062c\u064a\u0627 \u0645\u062d\u0645\u062f \u0628\u0648\u0636\u064a\u0627\u0641 \"},\"image\":{\"@id\":\"https:\/\/www.univ-usto.dz\/faculte\/fac-mecanique\/#\/schema\/logo\/image\/\"}}]}<\/script>\n<!-- \/ Yoast SEO plugin. -->","yoast_head_json":{"title":"Biblioth\u00e8que - \u0643\u0644\u064a\u0629 \u0627\u0644\u0647\u0646\u062f\u0633\u0629 \u0627\u0644\u0645\u064a\u0643\u0627\u0646\u0643\u064a\u0629 \u0628\u062c\u0627\u0645\u0639\u0629 \u0648\u0647\u0631\u0627\u0646 \u0644\u0644\u0639\u0644\u0648\u0645 \u0648 \u0627\u0644\u062a\u0643\u0646\u0648\u0644\u0648\u062c\u064a\u0627 \u0645\u062d\u0645\u062f \u0628\u0648\u0636\u064a\u0627\u0641","robots":{"index":"index","follow":"follow","max-snippet":"max-snippet:-1","max-image-preview":"max-image-preview:large","max-video-preview":"max-video-preview:-1"},"canonical":"https:\/\/www.univ-usto.dz\/faculte\/fac-mecanique\/bibliotheque\/","og_locale":"fr_FR","og_type":"article","og_title":"Biblioth\u00e8que - \u0643\u0644\u064a\u0629 \u0627\u0644\u0647\u0646\u062f\u0633\u0629 \u0627\u0644\u0645\u064a\u0643\u0627\u0646\u0643\u064a\u0629 \u0628\u062c\u0627\u0645\u0639\u0629 \u0648\u0647\u0631\u0627\u0646 \u0644\u0644\u0639\u0644\u0648\u0645 \u0648 \u0627\u0644\u062a\u0643\u0646\u0648\u0644\u0648\u062c\u064a\u0627 \u0645\u062d\u0645\u062f \u0628\u0648\u0636\u064a\u0627\u0641","og_description":"Biblioth\u00e8que Pr\u00e9sentation La Biblioth\u00e8que de la Facult\u00e9 de G\u00e9nie M\u00e9canique d\u2019Oran est un \u00e9tablissement de services documentaires et informationnels dynamique, au service d\u2019une cat\u00e9gorie sp\u00e9cifique de la communaut\u00e9, \u00e0 savoir Lire la suite ...","og_url":"https:\/\/www.univ-usto.dz\/faculte\/fac-mecanique\/bibliotheque\/","og_site_name":"\u0643\u0644\u064a\u0629 \u0627\u0644\u0647\u0646\u062f\u0633\u0629 \u0627\u0644\u0645\u064a\u0643\u0627\u0646\u0643\u064a\u0629 \u0628\u062c\u0627\u0645\u0639\u0629 \u0648\u0647\u0631\u0627\u0646 \u0644\u0644\u0639\u0644\u0648\u0645 \u0648 \u0627\u0644\u062a\u0643\u0646\u0648\u0644\u0648\u062c\u064a\u0627 \u0645\u062d\u0645\u062f \u0628\u0648\u0636\u064a\u0627\u0641","article_modified_time":"2026-03-03T09:26:46+00:00","og_image":[{"width":649,"height":182,"url":"https:\/\/www.univ-usto.dz\/faculte\/fac-mecanique\/wp-content\/uploads\/2021\/11\/bib.jpg","type":"image\/jpeg"}],"twitter_card":"summary_large_image","twitter_misc":{"Dur\u00e9e de lecture estim\u00e9e":"3 minutes"},"schema":{"@context":"https:\/\/schema.org","@graph":[{"@type":"WebPage","@id":"https:\/\/www.univ-usto.dz\/faculte\/fac-mecanique\/bibliotheque\/","url":"https:\/\/www.univ-usto.dz\/faculte\/fac-mecanique\/bibliotheque\/","name":"Biblioth\u00e8que - \u0643\u0644\u064a\u0629 \u0627\u0644\u0647\u0646\u062f\u0633\u0629 \u0627\u0644\u0645\u064a\u0643\u0627\u0646\u0643\u064a\u0629 \u0628\u062c\u0627\u0645\u0639\u0629 \u0648\u0647\u0631\u0627\u0646 \u0644\u0644\u0639\u0644\u0648\u0645 \u0648 \u0627\u0644\u062a\u0643\u0646\u0648\u0644\u0648\u062c\u064a\u0627 \u0645\u062d\u0645\u062f \u0628\u0648\u0636\u064a\u0627\u0641","isPartOf":{"@id":"https:\/\/www.univ-usto.dz\/faculte\/fac-mecanique\/#website"},"primaryImageOfPage":{"@id":"https:\/\/www.univ-usto.dz\/faculte\/fac-mecanique\/bibliotheque\/#primaryimage"},"image":{"@id":"https:\/\/www.univ-usto.dz\/faculte\/fac-mecanique\/bibliotheque\/#primaryimage"},"thumbnailUrl":"https:\/\/rpusto.univ-usto.dz\/fac-mecanique\/wp-content\/uploads\/2021\/11\/bib.jpg","datePublished":"2021-02-16T13:38:52+00:00","dateModified":"2026-03-03T09:26:46+00:00","breadcrumb":{"@id":"https:\/\/www.univ-usto.dz\/faculte\/fac-mecanique\/bibliotheque\/#breadcrumb"},"inLanguage":"fr-FR","potentialAction":[{"@type":"ReadAction","target":["https:\/\/www.univ-usto.dz\/faculte\/fac-mecanique\/bibliotheque\/"]}]},{"@type":"ImageObject","inLanguage":"fr-FR","@id":"https:\/\/www.univ-usto.dz\/faculte\/fac-mecanique\/bibliotheque\/#primaryimage","url":"https:\/\/rpusto.univ-usto.dz\/fac-mecanique\/wp-content\/uploads\/2021\/11\/bib.jpg","contentUrl":"https:\/\/rpusto.univ-usto.dz\/fac-mecanique\/wp-content\/uploads\/2021\/11\/bib.jpg"},{"@type":"BreadcrumbList","@id":"https:\/\/www.univ-usto.dz\/faculte\/fac-mecanique\/bibliotheque\/#breadcrumb","itemListElement":[{"@type":"ListItem","position":1,"name":"Home","item":"https:\/\/www.univ-usto.dz\/faculte\/fac-mecanique\/"},{"@type":"ListItem","position":2,"name":"Biblioth\u00e8que"}]},{"@type":"WebSite","@id":"https:\/\/www.univ-usto.dz\/faculte\/fac-mecanique\/#website","url":"https:\/\/www.univ-usto.dz\/faculte\/fac-mecanique\/","name":"\u0643\u0644\u064a\u0629 \u0627\u0644\u0647\u0646\u062f\u0633\u0629 \u0627\u0644\u0645\u064a\u0643\u0627\u0646\u0643\u064a\u0629 \u0628\u062c\u0627\u0645\u0639\u0629 \u0648\u0647\u0631\u0627\u0646 \u0644\u0644\u0639\u0644\u0648\u0645 \u0648 \u0627\u0644\u062a\u0643\u0646\u0648\u0644\u0648\u062c\u064a\u0627 \u0645\u062d\u0645\u062f \u0628\u0648\u0636\u064a\u0627\u0641","description":"Faculty of Mechanical Engineering \u2013 USTOMB Mohamed-Boudiaf","publisher":{"@id":"https:\/\/www.univ-usto.dz\/faculte\/fac-mecanique\/#organization"},"potentialAction":[{"@type":"SearchAction","target":{"@type":"EntryPoint","urlTemplate":"https:\/\/www.univ-usto.dz\/faculte\/fac-mecanique\/?s={search_term_string}"},"query-input":{"@type":"PropertyValueSpecification","valueRequired":true,"valueName":"search_term_string"}}],"inLanguage":"fr-FR"},{"@type":"Organization","@id":"https:\/\/www.univ-usto.dz\/faculte\/fac-mecanique\/#organization","name":"\u0643\u0644\u064a\u0629 \u0627\u0644\u0647\u0646\u062f\u0633\u0629 \u0627\u0644\u0645\u064a\u0643\u0627\u0646\u0643\u064a\u0629 \u0628\u062c\u0627\u0645\u0639\u0629 \u0648\u0647\u0631\u0627\u0646 \u0644\u0644\u0639\u0644\u0648\u0645 \u0648 \u0627\u0644\u062a\u0643\u0646\u0648\u0644\u0648\u062c\u064a\u0627 \u0645\u062d\u0645\u062f \u0628\u0648\u0636\u064a\u0627\u0641","url":"https:\/\/www.univ-usto.dz\/faculte\/fac-mecanique\/","logo":{"@type":"ImageObject","inLanguage":"fr-FR","@id":"https:\/\/www.univ-usto.dz\/faculte\/fac-mecanique\/#\/schema\/logo\/image\/","url":"https:\/\/www.univ-usto.dz\/faculte\/fac-mecanique\/wp-content\/uploads\/2021\/11\/cropped-LOGO-USTO_Modif1-e1601403966860.jpg","contentUrl":"https:\/\/www.univ-usto.dz\/faculte\/fac-mecanique\/wp-content\/uploads\/2021\/11\/cropped-LOGO-USTO_Modif1-e1601403966860.jpg","width":140,"height":140,"caption":"\u0643\u0644\u064a\u0629 \u0627\u0644\u0647\u0646\u062f\u0633\u0629 \u0627\u0644\u0645\u064a\u0643\u0627\u0646\u0643\u064a\u0629 \u0628\u062c\u0627\u0645\u0639\u0629 \u0648\u0647\u0631\u0627\u0646 \u0644\u0644\u0639\u0644\u0648\u0645 \u0648 \u0627\u0644\u062a\u0643\u0646\u0648\u0644\u0648\u062c\u064a\u0627 \u0645\u062d\u0645\u062f \u0628\u0648\u0636\u064a\u0627\u0641 "},"image":{"@id":"https:\/\/www.univ-usto.dz\/faculte\/fac-mecanique\/#\/schema\/logo\/image\/"}}]}},"_links":{"self":[{"href":"https:\/\/www.univ-usto.dz\/faculte\/fac-mecanique\/wp-json\/wp\/v2\/pages\/10770","targetHints":{"allow":["GET"]}}],"collection":[{"href":"https:\/\/www.univ-usto.dz\/faculte\/fac-mecanique\/wp-json\/wp\/v2\/pages"}],"about":[{"href":"https:\/\/www.univ-usto.dz\/faculte\/fac-mecanique\/wp-json\/wp\/v2\/types\/page"}],"author":[{"embeddable":true,"href":"https:\/\/www.univ-usto.dz\/faculte\/fac-mecanique\/wp-json\/wp\/v2\/users\/1"}],"replies":[{"embeddable":true,"href":"https:\/\/www.univ-usto.dz\/faculte\/fac-mecanique\/wp-json\/wp\/v2\/comments?post=10770"}],"version-history":[{"count":22,"href":"https:\/\/www.univ-usto.dz\/faculte\/fac-mecanique\/wp-json\/wp\/v2\/pages\/10770\/revisions"}],"predecessor-version":[{"id":12698,"href":"https:\/\/www.univ-usto.dz\/faculte\/fac-mecanique\/wp-json\/wp\/v2\/pages\/10770\/revisions\/12698"}],"wp:attachment":[{"href":"https:\/\/www.univ-usto.dz\/faculte\/fac-mecanique\/wp-json\/wp\/v2\/media?parent=10770"}],"curies":[{"name":"wp","href":"https:\/\/api.w.org\/{rel}","templated":true}]}}