{"id":10799,"date":"2021-02-16T14:01:16","date_gmt":"2021-02-16T14:01:16","guid":{"rendered":"http:\/\/www.univ-usto.dz\/faculte\/fac-mecanique\/?page_id=10799"},"modified":"2026-01-19T08:44:57","modified_gmt":"2026-01-19T08:44:57","slug":"mot-du-doyen","status":"publish","type":"page","link":"https:\/\/www.univ-usto.dz\/faculte\/fac-mecanique\/mot-du-doyen\/","title":{"rendered":"Mot du Doyen"},"content":{"rendered":"\t\t<div data-elementor-type=\"wp-page\" data-elementor-id=\"10799\" class=\"elementor elementor-10799\">\n\t\t\t\t\t\t<section class=\"elementor-section elementor-top-section elementor-element elementor-element-703bbe4 elementor-section-boxed elementor-section-height-default elementor-section-height-default\" data-id=\"703bbe4\" data-element_type=\"section\">\n\t\t\t\t\t\t<div class=\"elementor-container elementor-column-gap-default\">\n\t\t\t\t\t<div class=\"elementor-column elementor-col-33 elementor-top-column elementor-element elementor-element-62c2c43\" data-id=\"62c2c43\" data-element_type=\"column\">\n\t\t\t<div class=\"elementor-widget-wrap elementor-element-populated\">\n\t\t\t\t\t\t<div class=\"elementor-element elementor-element-4d443d6 elementor-widget elementor-widget-wp-widget-bellows_navigation_widget\" data-id=\"4d443d6\" data-element_type=\"widget\" data-widget_type=\"wp-widget-bellows_navigation_widget.default\">\n\t\t\t\t<div class=\"elementor-widget-container\">\n\t\t\t\t\t<nav id=\"bellows-main-116\" class=\"bellows bellows-nojs bellows-main bellows-source-menu bellows-align-full bellows-skin-vanilla bellows-type-\"><ul id=\"menu-gouvernance\" class=\"bellows-nav\" data-bellows-config=\"main\"><li id=\"menu-item-11542\" class=\"bellows-menu-item bellows-menu-item-type-post_type bellows-menu-item-object-page bellows-menu-item-11542 bellows-item-level-0\"><a  href=\"https:\/\/www.univ-usto.dz\/faculte\/fac-mecanique\/departements\/\" class=\"bellows-target\"><span class=\"bellows-target-title bellows-target-text\">Pr\u00e9sentation<\/span><\/a><\/li>\n<li id=\"menu-item-11543\" class=\"bellows-menu-item bellows-menu-item-type-post_type bellows-menu-item-object-page bellows-menu-item-11543 bellows-item-level-0\"><a  href=\"https:\/\/www.univ-usto.dz\/faculte\/fac-mecanique\/mot-du-doyen\/\" class=\"bellows-target\"><span class=\"bellows-target-title bellows-target-text\">Mot du Doyen<\/span><\/a><\/li>\n<li id=\"menu-item-11544\" class=\"bellows-menu-item bellows-menu-item-type-post_type bellows-menu-item-object-page bellows-menu-item-11544 bellows-item-level-0\"><a  href=\"https:\/\/www.univ-usto.dz\/faculte\/fac-mecanique\/organigramme-de-la-faculte\/\" class=\"bellows-target\"><span class=\"bellows-target-title bellows-target-text\">Organigramme de la Facult\u00e9<\/span><\/a><\/li>\n<\/ul><\/nav>\t\t\t\t<\/div>\n\t\t\t\t<\/div>\n\t\t\t\t\t<\/div>\n\t\t<\/div>\n\t\t\t\t<div class=\"elementor-column elementor-col-66 elementor-top-column elementor-element elementor-element-eff045f\" data-id=\"eff045f\" data-element_type=\"column\">\n\t\t\t<div class=\"elementor-widget-wrap elementor-element-populated\">\n\t\t\t\t\t\t<div class=\"elementor-element elementor-element-964fc4f elementor-widget elementor-widget-elementskit-heading\" data-id=\"964fc4f\" data-element_type=\"widget\" data-widget_type=\"elementskit-heading.default\">\n\t\t\t\t<div class=\"elementor-widget-container\">\n\t\t\t\t\t<div class=\"ekit-wid-con\" ><div class=\"ekit-heading elementskit-section-title-wraper text_left   ekit_heading_tablet-   ekit_heading_mobile-\"><h3 class=\"ekit-heading--title elementskit-section-title \">Mot du Doyen<\/h3><div class=\"ekit_heading_separetor_wraper ekit_heading_elementskit-border-divider ekit-dotted\"><div class=\"elementskit-border-divider ekit-dotted\"><\/div><\/div><\/div><\/div>\t\t\t\t<\/div>\n\t\t\t\t<\/div>\n\t\t\t\t<div class=\"elementor-element elementor-element-13a2e6c elementor-widget elementor-widget-image\" data-id=\"13a2e6c\" data-element_type=\"widget\" data-widget_type=\"image.default\">\n\t\t\t\t<div class=\"elementor-widget-container\">\n\t\t\t\t\t\t\t\t\t\t\t\t\t\t\t<img fetchpriority=\"high\" decoding=\"async\" width=\"719\" height=\"538\" src=\"https:\/\/www.univ-usto.dz\/faculte\/fac-mecanique\/wp-content\/uploads\/2026\/01\/doyen-FGM.jpeg\" class=\"attachment-large size-large wp-image-12309\" alt=\"Meftah Sidi Mohamed Amine\" srcset=\"https:\/\/www.univ-usto.dz\/faculte\/fac-mecanique\/wp-content\/uploads\/2026\/01\/doyen-FGM.jpeg 719w, https:\/\/www.univ-usto.dz\/faculte\/fac-mecanique\/wp-content\/uploads\/2026\/01\/doyen-FGM-300x224.jpeg 300w, https:\/\/www.univ-usto.dz\/faculte\/fac-mecanique\/wp-content\/uploads\/2026\/01\/doyen-FGM-360x270.jpeg 360w, https:\/\/www.univ-usto.dz\/faculte\/fac-mecanique\/wp-content\/uploads\/2026\/01\/doyen-FGM-24x18.jpeg 24w, https:\/\/www.univ-usto.dz\/faculte\/fac-mecanique\/wp-content\/uploads\/2026\/01\/doyen-FGM-36x27.jpeg 36w, https:\/\/www.univ-usto.dz\/faculte\/fac-mecanique\/wp-content\/uploads\/2026\/01\/doyen-FGM-48x36.jpeg 48w\" sizes=\"(max-width: 719px) 100vw, 719px\" \/>\t\t\t\t\t\t\t\t\t\t\t\t\t\t\t<\/div>\n\t\t\t\t<\/div>\n\t\t\t\t<div class=\"elementor-element elementor-element-c8a750f elementor-widget elementor-widget-text-editor\" data-id=\"c8a750f\" data-element_type=\"widget\" data-widget_type=\"text-editor.default\">\n\t\t\t\t<div class=\"elementor-widget-container\">\n\t\t\t\t\t\t\t\t\t<p>\u00a0<\/p><p><strong>Mesdames et Messieurs,<\/strong><\/p><p><strong>Chers \u00e9tudiants, Chers coll\u00e8gues, et Chers visiteurs ; <\/strong><\/p><p>C&rsquo;est avec un grand plaisir que je vous souhaite la bienvenue \u00e0 la Facult\u00e9 de G\u00e9nie M\u00e9canique, un lieu de formation et de recherche d\u00e9di\u00e9 \u00e0 l&rsquo;excellence, \u00e0 l&rsquo;innovation et au progr\u00e8s technologique. La facult\u00e9 de \u00a0g\u00e9nie m\u00e9canique occupe une place essentielle dans le d\u00e9veloppement scientifique et industriel, intervenant dans de nombreux domaines tels que l&rsquo;\u00e9nergie, les transports, l&rsquo;a\u00e9ronautique, la robotique, la fabrication industrielle et les technologies modernes, contribuant ainsi activement \u00e0 l&rsquo;am\u00e9lioration de notre quotidien et \u00e0 la construction de solutions durables pour l&rsquo;avenir. La facult\u00e9 propose une formation compl\u00e8te, fond\u00e9e sur des bases th\u00e9oriques solides et une forte dimension pratique, avec pour objectif de former des ing\u00e9nieurs et cadres comp\u00e9tents, capables de concevoir, analyser et optimiser des syst\u00e8mes m\u00e9caniques complexes tout en r\u00e9pondant aux exigences du monde professionnel. Les m\u00e9thodes p\u00e9dagogiques privil\u00e9gi\u00e9es encouragent l&rsquo;apprentissage par projets, l&rsquo;exp\u00e9rimentation et le travail en \u00e9quipe, permettant aux \u00e9tudiants de d\u00e9velopper leurs comp\u00e9tences techniques, leur esprit critique et leur cr\u00e9ativit\u00e9. Nous disposons de laboratoires et d&rsquo;ateliers, encadr\u00e9s par un corps enseignant qualifi\u00e9 dans les domaines de la m\u00e9canique des mat\u00e9riaux, la thermodynamique, la m\u00e9canique des fluides, la m\u00e9tallurgie, les mat\u00e9riaux composites et l&rsquo;a\u00e9ronautique, offrant ainsi un environnement favorable \u00e0 l&rsquo;apprentissage, \u00e0 la recherche et \u00e0 la r\u00e9alisation de projets concrets. La facult\u00e9 entretient des relations \u00e9troites avec le secteur industriel afin de rapprocher la formation acad\u00e9mique des r\u00e9alit\u00e9s du terrain, proposant aux \u00e9tudiants des stages, des projets collaboratifs et des activit\u00e9s scientifiques pour faciliter leur insertion professionnelle. La recherche occupe \u00e9galement une place centrale \u00e0 travers plusieurs laboratoires sp\u00e9cialis\u00e9s, couvrant notamment la dynamique des fluides, les syst\u00e8mes a\u00e9ronautiques, la combustion, la m\u00e9canique appliqu\u00e9e, les structures composites et l&rsquo;ing\u00e9nierie marine. En tant qu&rsquo;espace de formation, de recherche et d&rsquo;innovation engag\u00e9 au service du d\u00e9veloppement scientifique et industriel, nous sommes confiants dans notre capacit\u00e9 \u00e0 former des ing\u00e9nieurs qualifi\u00e9s, capables de relever les d\u00e9fis technologiques de demain, et je vous souhaite \u00e0 toutes et \u00e0 tous la bienvenue \u00e0 la Facult\u00e9 de G\u00e9nie M\u00e9canique.<\/p><h3><strong>Le Doyen de La Facult\u00e9 de G\u00e9nie M\u00e9canique-IGCMO -USTO-MB <\/strong><\/h3><h3><strong>Pr. Meftah Sidi Mohamed Amine<\/strong><\/h3>\t\t\t\t\t\t\t\t<\/div>\n\t\t\t\t<\/div>\n\t\t\t\t\t<\/div>\n\t\t<\/div>\n\t\t\t\t\t<\/div>\n\t\t<\/section>\n\t\t\t\t<section class=\"elementor-section elementor-top-section elementor-element elementor-element-f9721fa elementor-section-boxed elementor-section-height-default elementor-section-height-default\" data-id=\"f9721fa\" data-element_type=\"section\">\n\t\t\t\t\t\t<div class=\"elementor-container elementor-column-gap-default\">\n\t\t\t\t\t<div class=\"elementor-column elementor-col-100 elementor-top-column elementor-element elementor-element-1effce9\" data-id=\"1effce9\" data-element_type=\"column\">\n\t\t\t<div class=\"elementor-widget-wrap\">\n\t\t\t\t\t\t\t<\/div>\n\t\t<\/div>\n\t\t\t\t\t<\/div>\n\t\t<\/section>\n\t\t\t\t<\/div>\n\t\t","protected":false},"excerpt":{"rendered":"<p>Mot du Doyen \u00a0 Mesdames et Messieurs, Chers \u00e9tudiants, Chers coll\u00e8gues, et Chers visiteurs ; C&rsquo;est avec un grand plaisir que je vous souhaite la bienvenue \u00e0 la Facult\u00e9 de <a href=\"https:\/\/www.univ-usto.dz\/faculte\/fac-mecanique\/mot-du-doyen\/\" class=\"read-more\">Lire la suite &#8230;<\/a><\/p>\n","protected":false},"author":1,"featured_media":0,"parent":0,"menu_order":0,"comment_status":"closed","ping_status":"closed","template":"","meta":{"footnotes":""},"class_list":["post-10799","page","type-page","status-publish","hentry"],"yoast_head":"<!-- This site is optimized with the Yoast SEO plugin v25.3.1 - https:\/\/yoast.com\/wordpress\/plugins\/seo\/ -->\n<title>Mot du Doyen - \u0643\u0644\u064a\u0629 \u0627\u0644\u0647\u0646\u062f\u0633\u0629 \u0627\u0644\u0645\u064a\u0643\u0627\u0646\u0643\u064a\u0629 \u0628\u062c\u0627\u0645\u0639\u0629 \u0648\u0647\u0631\u0627\u0646 \u0644\u0644\u0639\u0644\u0648\u0645 \u0648 \u0627\u0644\u062a\u0643\u0646\u0648\u0644\u0648\u062c\u064a\u0627 \u0645\u062d\u0645\u062f \u0628\u0648\u0636\u064a\u0627\u0641<\/title>\n<meta name=\"robots\" content=\"index, follow, max-snippet:-1, max-image-preview:large, max-video-preview:-1\" \/>\n<link rel=\"canonical\" href=\"https:\/\/www.univ-usto.dz\/faculte\/fac-mecanique\/mot-du-doyen\/\" \/>\n<meta property=\"og:locale\" content=\"fr_FR\" \/>\n<meta property=\"og:type\" content=\"article\" \/>\n<meta property=\"og:title\" content=\"Mot du Doyen - \u0643\u0644\u064a\u0629 \u0627\u0644\u0647\u0646\u062f\u0633\u0629 \u0627\u0644\u0645\u064a\u0643\u0627\u0646\u0643\u064a\u0629 \u0628\u062c\u0627\u0645\u0639\u0629 \u0648\u0647\u0631\u0627\u0646 \u0644\u0644\u0639\u0644\u0648\u0645 \u0648 \u0627\u0644\u062a\u0643\u0646\u0648\u0644\u0648\u062c\u064a\u0627 \u0645\u062d\u0645\u062f \u0628\u0648\u0636\u064a\u0627\u0641\" \/>\n<meta property=\"og:description\" content=\"Mot du Doyen \u00a0 Mesdames et Messieurs, Chers \u00e9tudiants, Chers coll\u00e8gues, et Chers visiteurs ; C&rsquo;est avec un grand plaisir que je vous souhaite la bienvenue \u00e0 la Facult\u00e9 de Lire la suite ...\" \/>\n<meta property=\"og:url\" content=\"https:\/\/www.univ-usto.dz\/faculte\/fac-mecanique\/mot-du-doyen\/\" \/>\n<meta property=\"og:site_name\" content=\"\u0643\u0644\u064a\u0629 \u0627\u0644\u0647\u0646\u062f\u0633\u0629 \u0627\u0644\u0645\u064a\u0643\u0627\u0646\u0643\u064a\u0629 \u0628\u062c\u0627\u0645\u0639\u0629 \u0648\u0647\u0631\u0627\u0646 \u0644\u0644\u0639\u0644\u0648\u0645 \u0648 \u0627\u0644\u062a\u0643\u0646\u0648\u0644\u0648\u062c\u064a\u0627 \u0645\u062d\u0645\u062f \u0628\u0648\u0636\u064a\u0627\u0641\" \/>\n<meta property=\"article:modified_time\" content=\"2026-01-19T08:44:57+00:00\" \/>\n<meta property=\"og:image\" content=\"https:\/\/www.univ-usto.dz\/faculte\/fac-mecanique\/wp-content\/uploads\/2026\/01\/doyen-FGM.jpeg\" \/>\n\t<meta property=\"og:image:width\" content=\"719\" \/>\n\t<meta property=\"og:image:height\" content=\"538\" \/>\n\t<meta property=\"og:image:type\" content=\"image\/jpeg\" \/>\n<meta name=\"twitter:card\" content=\"summary_large_image\" \/>\n<meta name=\"twitter:label1\" content=\"Dur\u00e9e de lecture estim\u00e9e\" \/>\n\t<meta name=\"twitter:data1\" content=\"2 minutes\" \/>\n<script type=\"application\/ld+json\" class=\"yoast-schema-graph\">{\"@context\":\"https:\/\/schema.org\",\"@graph\":[{\"@type\":\"WebPage\",\"@id\":\"https:\/\/www.univ-usto.dz\/faculte\/fac-mecanique\/mot-du-doyen\/\",\"url\":\"https:\/\/www.univ-usto.dz\/faculte\/fac-mecanique\/mot-du-doyen\/\",\"name\":\"Mot du Doyen - \u0643\u0644\u064a\u0629 \u0627\u0644\u0647\u0646\u062f\u0633\u0629 \u0627\u0644\u0645\u064a\u0643\u0627\u0646\u0643\u064a\u0629 \u0628\u062c\u0627\u0645\u0639\u0629 \u0648\u0647\u0631\u0627\u0646 \u0644\u0644\u0639\u0644\u0648\u0645 \u0648 \u0627\u0644\u062a\u0643\u0646\u0648\u0644\u0648\u062c\u064a\u0627 \u0645\u062d\u0645\u062f \u0628\u0648\u0636\u064a\u0627\u0641\",\"isPartOf\":{\"@id\":\"https:\/\/www.univ-usto.dz\/faculte\/fac-mecanique\/#website\"},\"primaryImageOfPage\":{\"@id\":\"https:\/\/www.univ-usto.dz\/faculte\/fac-mecanique\/mot-du-doyen\/#primaryimage\"},\"image\":{\"@id\":\"https:\/\/www.univ-usto.dz\/faculte\/fac-mecanique\/mot-du-doyen\/#primaryimage\"},\"thumbnailUrl\":\"https:\/\/www.univ-usto.dz\/faculte\/fac-mecanique\/wp-content\/uploads\/2026\/01\/doyen-FGM.jpeg\",\"datePublished\":\"2021-02-16T14:01:16+00:00\",\"dateModified\":\"2026-01-19T08:44:57+00:00\",\"breadcrumb\":{\"@id\":\"https:\/\/www.univ-usto.dz\/faculte\/fac-mecanique\/mot-du-doyen\/#breadcrumb\"},\"inLanguage\":\"fr-FR\",\"potentialAction\":[{\"@type\":\"ReadAction\",\"target\":[\"https:\/\/www.univ-usto.dz\/faculte\/fac-mecanique\/mot-du-doyen\/\"]}]},{\"@type\":\"ImageObject\",\"inLanguage\":\"fr-FR\",\"@id\":\"https:\/\/www.univ-usto.dz\/faculte\/fac-mecanique\/mot-du-doyen\/#primaryimage\",\"url\":\"https:\/\/www.univ-usto.dz\/faculte\/fac-mecanique\/wp-content\/uploads\/2026\/01\/doyen-FGM.jpeg\",\"contentUrl\":\"https:\/\/www.univ-usto.dz\/faculte\/fac-mecanique\/wp-content\/uploads\/2026\/01\/doyen-FGM.jpeg\",\"width\":719,\"height\":538,\"caption\":\"Meftah Sidi Mohamed Amine\"},{\"@type\":\"BreadcrumbList\",\"@id\":\"https:\/\/www.univ-usto.dz\/faculte\/fac-mecanique\/mot-du-doyen\/#breadcrumb\",\"itemListElement\":[{\"@type\":\"ListItem\",\"position\":1,\"name\":\"Home\",\"item\":\"https:\/\/www.univ-usto.dz\/faculte\/fac-mecanique\/\"},{\"@type\":\"ListItem\",\"position\":2,\"name\":\"Mot du Doyen\"}]},{\"@type\":\"WebSite\",\"@id\":\"https:\/\/www.univ-usto.dz\/faculte\/fac-mecanique\/#website\",\"url\":\"https:\/\/www.univ-usto.dz\/faculte\/fac-mecanique\/\",\"name\":\"\u0643\u0644\u064a\u0629 \u0627\u0644\u0647\u0646\u062f\u0633\u0629 \u0627\u0644\u0645\u064a\u0643\u0627\u0646\u0643\u064a\u0629 \u0628\u062c\u0627\u0645\u0639\u0629 \u0648\u0647\u0631\u0627\u0646 \u0644\u0644\u0639\u0644\u0648\u0645 \u0648 \u0627\u0644\u062a\u0643\u0646\u0648\u0644\u0648\u062c\u064a\u0627 \u0645\u062d\u0645\u062f \u0628\u0648\u0636\u064a\u0627\u0641\",\"description\":\"Faculty of Mechanical Engineering \u2013 USTOMB Mohamed-Boudiaf\",\"publisher\":{\"@id\":\"https:\/\/www.univ-usto.dz\/faculte\/fac-mecanique\/#organization\"},\"potentialAction\":[{\"@type\":\"SearchAction\",\"target\":{\"@type\":\"EntryPoint\",\"urlTemplate\":\"https:\/\/www.univ-usto.dz\/faculte\/fac-mecanique\/?s={search_term_string}\"},\"query-input\":{\"@type\":\"PropertyValueSpecification\",\"valueRequired\":true,\"valueName\":\"search_term_string\"}}],\"inLanguage\":\"fr-FR\"},{\"@type\":\"Organization\",\"@id\":\"https:\/\/www.univ-usto.dz\/faculte\/fac-mecanique\/#organization\",\"name\":\"\u0643\u0644\u064a\u0629 \u0627\u0644\u0647\u0646\u062f\u0633\u0629 \u0627\u0644\u0645\u064a\u0643\u0627\u0646\u0643\u064a\u0629 \u0628\u062c\u0627\u0645\u0639\u0629 \u0648\u0647\u0631\u0627\u0646 \u0644\u0644\u0639\u0644\u0648\u0645 \u0648 \u0627\u0644\u062a\u0643\u0646\u0648\u0644\u0648\u062c\u064a\u0627 \u0645\u062d\u0645\u062f \u0628\u0648\u0636\u064a\u0627\u0641\",\"url\":\"https:\/\/www.univ-usto.dz\/faculte\/fac-mecanique\/\",\"logo\":{\"@type\":\"ImageObject\",\"inLanguage\":\"fr-FR\",\"@id\":\"https:\/\/www.univ-usto.dz\/faculte\/fac-mecanique\/#\/schema\/logo\/image\/\",\"url\":\"https:\/\/www.univ-usto.dz\/faculte\/fac-mecanique\/wp-content\/uploads\/2021\/11\/cropped-LOGO-USTO_Modif1-e1601403966860.jpg\",\"contentUrl\":\"https:\/\/www.univ-usto.dz\/faculte\/fac-mecanique\/wp-content\/uploads\/2021\/11\/cropped-LOGO-USTO_Modif1-e1601403966860.jpg\",\"width\":140,\"height\":140,\"caption\":\"\u0643\u0644\u064a\u0629 \u0627\u0644\u0647\u0646\u062f\u0633\u0629 \u0627\u0644\u0645\u064a\u0643\u0627\u0646\u0643\u064a\u0629 \u0628\u062c\u0627\u0645\u0639\u0629 \u0648\u0647\u0631\u0627\u0646 \u0644\u0644\u0639\u0644\u0648\u0645 \u0648 \u0627\u0644\u062a\u0643\u0646\u0648\u0644\u0648\u062c\u064a\u0627 \u0645\u062d\u0645\u062f \u0628\u0648\u0636\u064a\u0627\u0641 \"},\"image\":{\"@id\":\"https:\/\/www.univ-usto.dz\/faculte\/fac-mecanique\/#\/schema\/logo\/image\/\"}}]}<\/script>\n<!-- \/ Yoast SEO plugin. -->","yoast_head_json":{"title":"Mot du Doyen - \u0643\u0644\u064a\u0629 \u0627\u0644\u0647\u0646\u062f\u0633\u0629 \u0627\u0644\u0645\u064a\u0643\u0627\u0646\u0643\u064a\u0629 \u0628\u062c\u0627\u0645\u0639\u0629 \u0648\u0647\u0631\u0627\u0646 \u0644\u0644\u0639\u0644\u0648\u0645 \u0648 \u0627\u0644\u062a\u0643\u0646\u0648\u0644\u0648\u062c\u064a\u0627 \u0645\u062d\u0645\u062f \u0628\u0648\u0636\u064a\u0627\u0641","robots":{"index":"index","follow":"follow","max-snippet":"max-snippet:-1","max-image-preview":"max-image-preview:large","max-video-preview":"max-video-preview:-1"},"canonical":"https:\/\/www.univ-usto.dz\/faculte\/fac-mecanique\/mot-du-doyen\/","og_locale":"fr_FR","og_type":"article","og_title":"Mot du Doyen - \u0643\u0644\u064a\u0629 \u0627\u0644\u0647\u0646\u062f\u0633\u0629 \u0627\u0644\u0645\u064a\u0643\u0627\u0646\u0643\u064a\u0629 \u0628\u062c\u0627\u0645\u0639\u0629 \u0648\u0647\u0631\u0627\u0646 \u0644\u0644\u0639\u0644\u0648\u0645 \u0648 \u0627\u0644\u062a\u0643\u0646\u0648\u0644\u0648\u062c\u064a\u0627 \u0645\u062d\u0645\u062f \u0628\u0648\u0636\u064a\u0627\u0641","og_description":"Mot du Doyen \u00a0 Mesdames et Messieurs, Chers \u00e9tudiants, Chers coll\u00e8gues, et Chers visiteurs ; C&rsquo;est avec un grand plaisir que je vous souhaite la bienvenue \u00e0 la Facult\u00e9 de Lire la suite ...","og_url":"https:\/\/www.univ-usto.dz\/faculte\/fac-mecanique\/mot-du-doyen\/","og_site_name":"\u0643\u0644\u064a\u0629 \u0627\u0644\u0647\u0646\u062f\u0633\u0629 \u0627\u0644\u0645\u064a\u0643\u0627\u0646\u0643\u064a\u0629 \u0628\u062c\u0627\u0645\u0639\u0629 \u0648\u0647\u0631\u0627\u0646 \u0644\u0644\u0639\u0644\u0648\u0645 \u0648 \u0627\u0644\u062a\u0643\u0646\u0648\u0644\u0648\u062c\u064a\u0627 \u0645\u062d\u0645\u062f \u0628\u0648\u0636\u064a\u0627\u0641","article_modified_time":"2026-01-19T08:44:57+00:00","og_image":[{"width":719,"height":538,"url":"https:\/\/www.univ-usto.dz\/faculte\/fac-mecanique\/wp-content\/uploads\/2026\/01\/doyen-FGM.jpeg","type":"image\/jpeg"}],"twitter_card":"summary_large_image","twitter_misc":{"Dur\u00e9e de lecture estim\u00e9e":"2 minutes"},"schema":{"@context":"https:\/\/schema.org","@graph":[{"@type":"WebPage","@id":"https:\/\/www.univ-usto.dz\/faculte\/fac-mecanique\/mot-du-doyen\/","url":"https:\/\/www.univ-usto.dz\/faculte\/fac-mecanique\/mot-du-doyen\/","name":"Mot du Doyen - \u0643\u0644\u064a\u0629 \u0627\u0644\u0647\u0646\u062f\u0633\u0629 \u0627\u0644\u0645\u064a\u0643\u0627\u0646\u0643\u064a\u0629 \u0628\u062c\u0627\u0645\u0639\u0629 \u0648\u0647\u0631\u0627\u0646 \u0644\u0644\u0639\u0644\u0648\u0645 \u0648 \u0627\u0644\u062a\u0643\u0646\u0648\u0644\u0648\u062c\u064a\u0627 \u0645\u062d\u0645\u062f \u0628\u0648\u0636\u064a\u0627\u0641","isPartOf":{"@id":"https:\/\/www.univ-usto.dz\/faculte\/fac-mecanique\/#website"},"primaryImageOfPage":{"@id":"https:\/\/www.univ-usto.dz\/faculte\/fac-mecanique\/mot-du-doyen\/#primaryimage"},"image":{"@id":"https:\/\/www.univ-usto.dz\/faculte\/fac-mecanique\/mot-du-doyen\/#primaryimage"},"thumbnailUrl":"https:\/\/www.univ-usto.dz\/faculte\/fac-mecanique\/wp-content\/uploads\/2026\/01\/doyen-FGM.jpeg","datePublished":"2021-02-16T14:01:16+00:00","dateModified":"2026-01-19T08:44:57+00:00","breadcrumb":{"@id":"https:\/\/www.univ-usto.dz\/faculte\/fac-mecanique\/mot-du-doyen\/#breadcrumb"},"inLanguage":"fr-FR","potentialAction":[{"@type":"ReadAction","target":["https:\/\/www.univ-usto.dz\/faculte\/fac-mecanique\/mot-du-doyen\/"]}]},{"@type":"ImageObject","inLanguage":"fr-FR","@id":"https:\/\/www.univ-usto.dz\/faculte\/fac-mecanique\/mot-du-doyen\/#primaryimage","url":"https:\/\/www.univ-usto.dz\/faculte\/fac-mecanique\/wp-content\/uploads\/2026\/01\/doyen-FGM.jpeg","contentUrl":"https:\/\/www.univ-usto.dz\/faculte\/fac-mecanique\/wp-content\/uploads\/2026\/01\/doyen-FGM.jpeg","width":719,"height":538,"caption":"Meftah Sidi Mohamed Amine"},{"@type":"BreadcrumbList","@id":"https:\/\/www.univ-usto.dz\/faculte\/fac-mecanique\/mot-du-doyen\/#breadcrumb","itemListElement":[{"@type":"ListItem","position":1,"name":"Home","item":"https:\/\/www.univ-usto.dz\/faculte\/fac-mecanique\/"},{"@type":"ListItem","position":2,"name":"Mot du Doyen"}]},{"@type":"WebSite","@id":"https:\/\/www.univ-usto.dz\/faculte\/fac-mecanique\/#website","url":"https:\/\/www.univ-usto.dz\/faculte\/fac-mecanique\/","name":"\u0643\u0644\u064a\u0629 \u0627\u0644\u0647\u0646\u062f\u0633\u0629 \u0627\u0644\u0645\u064a\u0643\u0627\u0646\u0643\u064a\u0629 \u0628\u062c\u0627\u0645\u0639\u0629 \u0648\u0647\u0631\u0627\u0646 \u0644\u0644\u0639\u0644\u0648\u0645 \u0648 \u0627\u0644\u062a\u0643\u0646\u0648\u0644\u0648\u062c\u064a\u0627 \u0645\u062d\u0645\u062f \u0628\u0648\u0636\u064a\u0627\u0641","description":"Faculty of Mechanical Engineering \u2013 USTOMB Mohamed-Boudiaf","publisher":{"@id":"https:\/\/www.univ-usto.dz\/faculte\/fac-mecanique\/#organization"},"potentialAction":[{"@type":"SearchAction","target":{"@type":"EntryPoint","urlTemplate":"https:\/\/www.univ-usto.dz\/faculte\/fac-mecanique\/?s={search_term_string}"},"query-input":{"@type":"PropertyValueSpecification","valueRequired":true,"valueName":"search_term_string"}}],"inLanguage":"fr-FR"},{"@type":"Organization","@id":"https:\/\/www.univ-usto.dz\/faculte\/fac-mecanique\/#organization","name":"\u0643\u0644\u064a\u0629 \u0627\u0644\u0647\u0646\u062f\u0633\u0629 \u0627\u0644\u0645\u064a\u0643\u0627\u0646\u0643\u064a\u0629 \u0628\u062c\u0627\u0645\u0639\u0629 \u0648\u0647\u0631\u0627\u0646 \u0644\u0644\u0639\u0644\u0648\u0645 \u0648 \u0627\u0644\u062a\u0643\u0646\u0648\u0644\u0648\u062c\u064a\u0627 \u0645\u062d\u0645\u062f \u0628\u0648\u0636\u064a\u0627\u0641","url":"https:\/\/www.univ-usto.dz\/faculte\/fac-mecanique\/","logo":{"@type":"ImageObject","inLanguage":"fr-FR","@id":"https:\/\/www.univ-usto.dz\/faculte\/fac-mecanique\/#\/schema\/logo\/image\/","url":"https:\/\/www.univ-usto.dz\/faculte\/fac-mecanique\/wp-content\/uploads\/2021\/11\/cropped-LOGO-USTO_Modif1-e1601403966860.jpg","contentUrl":"https:\/\/www.univ-usto.dz\/faculte\/fac-mecanique\/wp-content\/uploads\/2021\/11\/cropped-LOGO-USTO_Modif1-e1601403966860.jpg","width":140,"height":140,"caption":"\u0643\u0644\u064a\u0629 \u0627\u0644\u0647\u0646\u062f\u0633\u0629 \u0627\u0644\u0645\u064a\u0643\u0627\u0646\u0643\u064a\u0629 \u0628\u062c\u0627\u0645\u0639\u0629 \u0648\u0647\u0631\u0627\u0646 \u0644\u0644\u0639\u0644\u0648\u0645 \u0648 \u0627\u0644\u062a\u0643\u0646\u0648\u0644\u0648\u062c\u064a\u0627 \u0645\u062d\u0645\u062f \u0628\u0648\u0636\u064a\u0627\u0641 "},"image":{"@id":"https:\/\/www.univ-usto.dz\/faculte\/fac-mecanique\/#\/schema\/logo\/image\/"}}]}},"_links":{"self":[{"href":"https:\/\/www.univ-usto.dz\/faculte\/fac-mecanique\/wp-json\/wp\/v2\/pages\/10799","targetHints":{"allow":["GET"]}}],"collection":[{"href":"https:\/\/www.univ-usto.dz\/faculte\/fac-mecanique\/wp-json\/wp\/v2\/pages"}],"about":[{"href":"https:\/\/www.univ-usto.dz\/faculte\/fac-mecanique\/wp-json\/wp\/v2\/types\/page"}],"author":[{"embeddable":true,"href":"https:\/\/www.univ-usto.dz\/faculte\/fac-mecanique\/wp-json\/wp\/v2\/users\/1"}],"replies":[{"embeddable":true,"href":"https:\/\/www.univ-usto.dz\/faculte\/fac-mecanique\/wp-json\/wp\/v2\/comments?post=10799"}],"version-history":[{"count":37,"href":"https:\/\/www.univ-usto.dz\/faculte\/fac-mecanique\/wp-json\/wp\/v2\/pages\/10799\/revisions"}],"predecessor-version":[{"id":12342,"href":"https:\/\/www.univ-usto.dz\/faculte\/fac-mecanique\/wp-json\/wp\/v2\/pages\/10799\/revisions\/12342"}],"wp:attachment":[{"href":"https:\/\/www.univ-usto.dz\/faculte\/fac-mecanique\/wp-json\/wp\/v2\/media?parent=10799"}],"curies":[{"name":"wp","href":"https:\/\/api.w.org\/{rel}","templated":true}]}}