{"id":10842,"date":"2021-02-16T14:22:25","date_gmt":"2021-02-16T14:22:25","guid":{"rendered":"http:\/\/www.univ-usto.dz\/faculte\/fac-mecanique\/?page_id=10842"},"modified":"2021-11-21T09:20:34","modified_gmt":"2021-11-21T09:20:34","slug":"conferences-2","status":"publish","type":"page","link":"https:\/\/www.univ-usto.dz\/faculte\/fac-mecanique\/conferences-2\/","title":{"rendered":"Conf\u00e9rences"},"content":{"rendered":"\t\t<div data-elementor-type=\"wp-page\" data-elementor-id=\"10842\" class=\"elementor elementor-10842\">\n\t\t\t\t\t\t<section class=\"elementor-section elementor-top-section elementor-element elementor-element-703bbe4 elementor-section-boxed elementor-section-height-default elementor-section-height-default\" data-id=\"703bbe4\" data-element_type=\"section\">\n\t\t\t\t\t\t<div class=\"elementor-container elementor-column-gap-default\">\n\t\t\t\t\t<div class=\"elementor-column elementor-col-50 elementor-top-column elementor-element elementor-element-62c2c43\" data-id=\"62c2c43\" data-element_type=\"column\">\n\t\t\t<div class=\"elementor-widget-wrap elementor-element-populated\">\n\t\t\t\t\t\t<div class=\"elementor-element elementor-element-6ec5284 elementor-widget elementor-widget-wp-widget-bellows_navigation_widget\" data-id=\"6ec5284\" data-element_type=\"widget\" data-widget_type=\"wp-widget-bellows_navigation_widget.default\">\n\t\t\t\t<div class=\"elementor-widget-container\">\n\t\t\t\t\t<nav id=\"bellows-main-17\" class=\"bellows bellows-nojs bellows-main bellows-source-menu bellows-align-full bellows-skin-vanilla bellows-type-\"><ul id=\"menu-recherche-scientifique\" class=\"bellows-nav\" data-bellows-config=\"main\"><li id=\"menu-item-4023\" class=\"bellows-menu-item bellows-menu-item-type-post_type bellows-menu-item-object-page bellows-menu-item-4023 bellows-item-level-0\"><a  href=\"https:\/\/www.univ-usto.dz\/faculte\/fac-mecanique\/laboratoires\/\" class=\"bellows-target\"><span class=\"bellows-target-title bellows-target-text\">Laboratoires de recherche<\/span><\/a><\/li>\n<li id=\"menu-item-6352\" class=\"bellows-menu-item bellows-menu-item-type-post_type bellows-menu-item-object-page bellows-menu-item-6352 bellows-item-level-0\"><a  href=\"https:\/\/www.univ-usto.dz\/faculte\/fac-mecanique\/formation-post-graduee-2\/\" class=\"bellows-target\"><span class=\"bellows-target-title bellows-target-text\">Formation post-gradu\u00e9e<\/span><\/a><\/li>\n<li id=\"menu-item-5276\" class=\"bellows-menu-item bellows-menu-item-type-custom bellows-menu-item-object-custom bellows-menu-item-5276 bellows-item-level-0\"><a  target=\"_blank\" href=\"https:\/\/profil.univ-usto.dz\/\" class=\"bellows-target\"><span class=\"bellows-target-title bellows-target-text\">Annuaire Enseignants &#8211; Doctorants<\/span><\/a><\/li>\n<li id=\"menu-item-6357\" class=\"bellows-menu-item bellows-menu-item-type-post_type bellows-menu-item-object-page bellows-menu-item-6357 bellows-item-level-0\"><a  href=\"https:\/\/www.univ-usto.dz\/faculte\/fac-mecanique\/liens-utiles-2\/\" class=\"bellows-target\"><span class=\"bellows-target-title bellows-target-text\">Liens utiles<\/span><\/a><\/li>\n<\/ul><\/nav>\t\t\t\t<\/div>\n\t\t\t\t<\/div>\n\t\t\t\t\t<\/div>\n\t\t<\/div>\n\t\t\t\t<div class=\"elementor-column elementor-col-50 elementor-top-column elementor-element elementor-element-eff045f\" data-id=\"eff045f\" data-element_type=\"column\">\n\t\t\t<div class=\"elementor-widget-wrap elementor-element-populated\">\n\t\t\t\t\t\t<div class=\"elementor-element elementor-element-aa24ba2 elementor-widget elementor-widget-elementskit-heading\" data-id=\"aa24ba2\" data-element_type=\"widget\" data-widget_type=\"elementskit-heading.default\">\n\t\t\t\t<div class=\"elementor-widget-container\">\n\t\t\t\t\t<div class=\"ekit-wid-con\" ><div class=\"ekit-heading elementskit-section-title-wraper text_left   ekit_heading_tablet-   ekit_heading_mobile-\"><h3 class=\"ekit-heading--title elementskit-section-title \">Conf\u00e9rences<\/h3><div class=\"ekit_heading_separetor_wraper ekit_heading_elementskit-border-divider ekit-dotted\"><div class=\"elementskit-border-divider ekit-dotted\"><\/div><\/div><\/div><\/div>\t\t\t\t<\/div>\n\t\t\t\t<\/div>\n\t\t\t\t<div class=\"elementor-element elementor-element-b96bde4 elementor-widget elementor-widget-text-editor\" data-id=\"b96bde4\" data-element_type=\"widget\" data-widget_type=\"text-editor.default\">\n\t\t\t\t<div class=\"elementor-widget-container\">\n\t\t\t\t\t\t\t\t\t<p><strong>\u00a0<\/strong><strong>Janvier 2016 <\/strong><strong>\u2e3a <\/strong><strong>Mars 2021<\/strong><\/p><h3><strong>\u00a0<\/strong><strong style=\"font-family: var( --e-global-typography-text-font-family ), Sans-serif; background-color: inherit;\">Conf\u00e9rences nationales<\/strong><\/h3><p><strong>\u00a0<\/strong><span style=\"color: var( --e-global-color-text ); font-family: var( --e-global-typography-text-font-family ), Sans-serif; font-weight: var( --e-global-typography-text-font-weight ); background-color: inherit; font-size: 14px;\">Karima Alem, Boudaoud Warda, <\/span><strong style=\"color: var( --e-global-color-text ); font-family: var( --e-global-typography-text-font-family ), Sans-serif; background-color: inherit; font-size: 14px;\">Djamel Sahel<\/strong><span style=\"color: var( --e-global-color-text ); font-family: var( --e-global-typography-text-font-family ), Sans-serif; font-weight: var( --e-global-typography-text-font-weight ); background-color: inherit; font-size: 14px;\">, Turbulent Flow Behaviors in Baffled Membrane Tube with Different Attack Angles, 1 st National Conference on Applied Energetics. NCAE 2019, December 03-04, 2019, NAAMA, Algeria.\u00a0<\/span><\/p><ul><li><strong>SAHEL Djamel<\/strong>, AMEUR Houari, Modification de la corr\u00e9lation de Dittus-Boelter (1930), Congr\u00e8s National sur les Energies et Mat\u00e9riaux (CNEM) Na\u00e2ma, 17-18 D\u00e9cembre 2018.<\/li><\/ul><h3><strong>\u00a0<\/strong><strong style=\"font-family: var( --e-global-typography-text-font-family ), Sans-serif; background-color: inherit;\">Conf\u00e9rences Internationales<\/strong><\/h3><ul><li><strong>\u00a0Lahcene Bellahcene,<\/strong> <strong>Djamel SAHEL<\/strong>, Aissa Yousfi, Abdussamet Subasi, Improved thermo-hydraulic performance of Aluminum hemispherical pin fins heat sink. 5<sup>th<\/sup> Global Conference on Materials Sciences, 30\/10 to 01\/12 2020, Istanbul Ayvansaray University, Istanbul-Turkey. http:\/\/www.worldeducationcenter.eu\/<\/li><li><strong>Djamel SAHEL<\/strong>, Karima ALEM, Convection forc\u00e9e dans un radiateur \u00e0 faiseau de tubes ovales inclin\u00e9s, 1<sup>st<\/sup> International Symposium on Materials, Energy and Environment, January 20-21<sup>st<\/sup>; 2020, El Oued, ALGERIA.https:\/\/mee2020.sciencesconf.org\/<\/li><li>Aissa YOUSFI,<strong>Djamel SAHEL<\/strong>, Heat dissipation in an electronic device, 1<sup>st<\/sup> International Symposium on Materials, Energy and Environment, January 20-21<sup>st<\/sup>; 2020, El Oued, ALGERIA. https:\/\/mee2020.sciencesconf.org\/<\/li><li>MELLAL Mustapha,<strong> SAHEL Djamel<\/strong>, DADA Mohammed Abderrahmane, Conception et optimization d\u2019un STHE muni des obstacles orient\u00e9s,1<sup>st<\/sup> International Symposium on Materials, Energy and Environment, January 20-21<sup>st<\/sup>; 2020, El Oued, ALGERIA. https:\/\/mee2020.sciencesconf.org\/<\/li><li>Alem, Y. Abdoune, <strong>D. Sahel<\/strong>, Thermal\u2013hydraulic performance of fin-and-oval tube compact heat exchangers for different Arrangements international conference of renewable energy and energy conversion (ICREEC 2019), 11-13 November 2019, Oran-Algeria.<a href=\"https:\/\/icreec2019.wixsite.com\/icreec2019\">https:\/\/icreec2019.wixsite.com\/icreec2019<\/a>.<\/li><li><strong>SAHEL Djamel<\/strong>, Caract\u00e9risation de\u00a0\u00a0 l\u2019\u00e9coulement\u00a0\u00a0 laminaire\u00a0\u00a0 et\u00a0\u00a0 du transfert\u00a0\u00a0 thermique\u00a0\u00a0 dans\u00a0\u00a0 un\u00a0\u00a0 ECTPA\u00a0\u00a0 \u00e9quip\u00e9\u00a0\u00a0 de g\u00e9n\u00e9rateurs de vortex, Le 5<sup>\u00e8me<\/sup> S\u00e9minaire International sur les Energies Nouvelles et Renouvelables, Unit\u00e9 de Recherche Appliqu\u00e9e en Energies Renouvelables, Gharda\u00efa \u2013 Algeria 24 &#8211; 25 Octobre 2018.<\/li><li><strong>Djamel Sahel<\/strong>, Touhami Baki, Mustapha Mellal<strong>, <\/strong>Analyse num\u00e9rique des performances thermo-hydrauliques d\u2019un ECTA muni de g\u00e9n\u00e9rateurs de vortex, Fourth International Conference on Energy, Materials, Applied Energetics and Pollution (ICEMAEP2018), April 29-30, 2018, Constantine, Algeria.<\/li><li>Touhami BAKI, <strong>Djamel SAHEL<\/strong>, Effet de l\u2019Angle d\u2019Orientation sur le Glissement d\u2019une Bulle, 18<sup>\u00e8mes <\/sup>Journ\u00e9es Internationales de Thermiques (<strong>JITH2017<\/strong>), Monastir (Tunisie), 25-27 Octobre 2017.<\/li><li><strong>Djamel Sahel<\/strong>, Redouane Benzeguir, Thermal characteristic \u00b6in solar air heater fitted with plate baffles and heating corrugated surface, International Conference on Materials and Energy (ICOME 2016), May 17-20, 2016, La Rochelle-France.<\/li><\/ul>\t\t\t\t\t\t\t\t<\/div>\n\t\t\t\t<\/div>\n\t\t\t\t\t<\/div>\n\t\t<\/div>\n\t\t\t\t\t<\/div>\n\t\t<\/section>\n\t\t\t\t<section class=\"elementor-section elementor-top-section elementor-element elementor-element-57170ab featured-conten elementor-section-boxed elementor-section-height-default elementor-section-height-default\" data-id=\"57170ab\" data-element_type=\"section\" id=\"featured-conten\" data-settings=\"{&quot;background_background&quot;:&quot;classic&quot;}\">\n\t\t\t\t\t\t<div class=\"elementor-container elementor-column-gap-default\">\n\t\t\t\t\t\t<\/div>\n\t\t<\/section>\n\t\t\t\t<\/div>\n\t\t","protected":false},"excerpt":{"rendered":"<p>Conf\u00e9rences \u00a0Janvier 2016 \u2e3a Mars 2021 \u00a0Conf\u00e9rences nationales \u00a0Karima Alem, Boudaoud Warda, Djamel Sahel, Turbulent Flow Behaviors in Baffled Membrane Tube with Different Attack Angles, 1 st National Conference on <a href=\"https:\/\/www.univ-usto.dz\/faculte\/fac-mecanique\/conferences-2\/\" class=\"read-more\">Lire la suite &#8230;<\/a><\/p>\n","protected":false},"author":1,"featured_media":0,"parent":0,"menu_order":0,"comment_status":"closed","ping_status":"closed","template":"","meta":{"footnotes":""},"class_list":["post-10842","page","type-page","status-publish","hentry"],"yoast_head":"<!-- This site is optimized with the Yoast SEO plugin v25.3.1 - https:\/\/yoast.com\/wordpress\/plugins\/seo\/ -->\n<title>Conf\u00e9rences - \u0643\u0644\u064a\u0629 \u0627\u0644\u0647\u0646\u062f\u0633\u0629 \u0627\u0644\u0645\u064a\u0643\u0627\u0646\u0643\u064a\u0629 \u0628\u062c\u0627\u0645\u0639\u0629 \u0648\u0647\u0631\u0627\u0646 \u0644\u0644\u0639\u0644\u0648\u0645 \u0648 \u0627\u0644\u062a\u0643\u0646\u0648\u0644\u0648\u062c\u064a\u0627 \u0645\u062d\u0645\u062f \u0628\u0648\u0636\u064a\u0627\u0641<\/title>\n<meta name=\"robots\" content=\"index, follow, max-snippet:-1, max-image-preview:large, max-video-preview:-1\" \/>\n<link rel=\"canonical\" href=\"https:\/\/www.univ-usto.dz\/faculte\/fac-mecanique\/conferences-2\/\" \/>\n<meta property=\"og:locale\" content=\"fr_FR\" \/>\n<meta property=\"og:type\" content=\"article\" \/>\n<meta property=\"og:title\" content=\"Conf\u00e9rences - \u0643\u0644\u064a\u0629 \u0627\u0644\u0647\u0646\u062f\u0633\u0629 \u0627\u0644\u0645\u064a\u0643\u0627\u0646\u0643\u064a\u0629 \u0628\u062c\u0627\u0645\u0639\u0629 \u0648\u0647\u0631\u0627\u0646 \u0644\u0644\u0639\u0644\u0648\u0645 \u0648 \u0627\u0644\u062a\u0643\u0646\u0648\u0644\u0648\u062c\u064a\u0627 \u0645\u062d\u0645\u062f \u0628\u0648\u0636\u064a\u0627\u0641\" \/>\n<meta property=\"og:description\" content=\"Conf\u00e9rences \u00a0Janvier 2016 \u2e3a Mars 2021 \u00a0Conf\u00e9rences nationales \u00a0Karima Alem, Boudaoud Warda, Djamel Sahel, Turbulent Flow Behaviors in Baffled Membrane Tube with Different Attack Angles, 1 st National Conference on Lire la suite ...\" \/>\n<meta property=\"og:url\" content=\"https:\/\/www.univ-usto.dz\/faculte\/fac-mecanique\/conferences-2\/\" \/>\n<meta property=\"og:site_name\" content=\"\u0643\u0644\u064a\u0629 \u0627\u0644\u0647\u0646\u062f\u0633\u0629 \u0627\u0644\u0645\u064a\u0643\u0627\u0646\u0643\u064a\u0629 \u0628\u062c\u0627\u0645\u0639\u0629 \u0648\u0647\u0631\u0627\u0646 \u0644\u0644\u0639\u0644\u0648\u0645 \u0648 \u0627\u0644\u062a\u0643\u0646\u0648\u0644\u0648\u062c\u064a\u0627 \u0645\u062d\u0645\u062f \u0628\u0648\u0636\u064a\u0627\u0641\" \/>\n<meta property=\"article:modified_time\" content=\"2021-11-21T09:20:34+00:00\" \/>\n<meta name=\"twitter:card\" content=\"summary_large_image\" \/>\n<meta name=\"twitter:label1\" content=\"Dur\u00e9e de lecture estim\u00e9e\" \/>\n\t<meta name=\"twitter:data1\" content=\"2 minutes\" \/>\n<script type=\"application\/ld+json\" class=\"yoast-schema-graph\">{\"@context\":\"https:\/\/schema.org\",\"@graph\":[{\"@type\":\"WebPage\",\"@id\":\"https:\/\/www.univ-usto.dz\/faculte\/fac-mecanique\/conferences-2\/\",\"url\":\"https:\/\/www.univ-usto.dz\/faculte\/fac-mecanique\/conferences-2\/\",\"name\":\"Conf\u00e9rences - \u0643\u0644\u064a\u0629 \u0627\u0644\u0647\u0646\u062f\u0633\u0629 \u0627\u0644\u0645\u064a\u0643\u0627\u0646\u0643\u064a\u0629 \u0628\u062c\u0627\u0645\u0639\u0629 \u0648\u0647\u0631\u0627\u0646 \u0644\u0644\u0639\u0644\u0648\u0645 \u0648 \u0627\u0644\u062a\u0643\u0646\u0648\u0644\u0648\u062c\u064a\u0627 \u0645\u062d\u0645\u062f \u0628\u0648\u0636\u064a\u0627\u0641\",\"isPartOf\":{\"@id\":\"https:\/\/www.univ-usto.dz\/faculte\/fac-mecanique\/#website\"},\"datePublished\":\"2021-02-16T14:22:25+00:00\",\"dateModified\":\"2021-11-21T09:20:34+00:00\",\"breadcrumb\":{\"@id\":\"https:\/\/www.univ-usto.dz\/faculte\/fac-mecanique\/conferences-2\/#breadcrumb\"},\"inLanguage\":\"fr-FR\",\"potentialAction\":[{\"@type\":\"ReadAction\",\"target\":[\"https:\/\/www.univ-usto.dz\/faculte\/fac-mecanique\/conferences-2\/\"]}]},{\"@type\":\"BreadcrumbList\",\"@id\":\"https:\/\/www.univ-usto.dz\/faculte\/fac-mecanique\/conferences-2\/#breadcrumb\",\"itemListElement\":[{\"@type\":\"ListItem\",\"position\":1,\"name\":\"Home\",\"item\":\"https:\/\/www.univ-usto.dz\/faculte\/fac-mecanique\/\"},{\"@type\":\"ListItem\",\"position\":2,\"name\":\"Conf\u00e9rences\"}]},{\"@type\":\"WebSite\",\"@id\":\"https:\/\/www.univ-usto.dz\/faculte\/fac-mecanique\/#website\",\"url\":\"https:\/\/www.univ-usto.dz\/faculte\/fac-mecanique\/\",\"name\":\"\u0643\u0644\u064a\u0629 \u0627\u0644\u0647\u0646\u062f\u0633\u0629 \u0627\u0644\u0645\u064a\u0643\u0627\u0646\u0643\u064a\u0629 \u0628\u062c\u0627\u0645\u0639\u0629 \u0648\u0647\u0631\u0627\u0646 \u0644\u0644\u0639\u0644\u0648\u0645 \u0648 \u0627\u0644\u062a\u0643\u0646\u0648\u0644\u0648\u062c\u064a\u0627 \u0645\u062d\u0645\u062f \u0628\u0648\u0636\u064a\u0627\u0641\",\"description\":\"Faculty of Mechanical Engineering \u2013 USTOMB Mohamed-Boudiaf\",\"publisher\":{\"@id\":\"https:\/\/www.univ-usto.dz\/faculte\/fac-mecanique\/#organization\"},\"potentialAction\":[{\"@type\":\"SearchAction\",\"target\":{\"@type\":\"EntryPoint\",\"urlTemplate\":\"https:\/\/www.univ-usto.dz\/faculte\/fac-mecanique\/?s={search_term_string}\"},\"query-input\":{\"@type\":\"PropertyValueSpecification\",\"valueRequired\":true,\"valueName\":\"search_term_string\"}}],\"inLanguage\":\"fr-FR\"},{\"@type\":\"Organization\",\"@id\":\"https:\/\/www.univ-usto.dz\/faculte\/fac-mecanique\/#organization\",\"name\":\"\u0643\u0644\u064a\u0629 \u0627\u0644\u0647\u0646\u062f\u0633\u0629 \u0627\u0644\u0645\u064a\u0643\u0627\u0646\u0643\u064a\u0629 \u0628\u062c\u0627\u0645\u0639\u0629 \u0648\u0647\u0631\u0627\u0646 \u0644\u0644\u0639\u0644\u0648\u0645 \u0648 \u0627\u0644\u062a\u0643\u0646\u0648\u0644\u0648\u062c\u064a\u0627 \u0645\u062d\u0645\u062f \u0628\u0648\u0636\u064a\u0627\u0641\",\"url\":\"https:\/\/www.univ-usto.dz\/faculte\/fac-mecanique\/\",\"logo\":{\"@type\":\"ImageObject\",\"inLanguage\":\"fr-FR\",\"@id\":\"https:\/\/www.univ-usto.dz\/faculte\/fac-mecanique\/#\/schema\/logo\/image\/\",\"url\":\"https:\/\/www.univ-usto.dz\/faculte\/fac-mecanique\/wp-content\/uploads\/2021\/11\/cropped-LOGO-USTO_Modif1-e1601403966860.jpg\",\"contentUrl\":\"https:\/\/www.univ-usto.dz\/faculte\/fac-mecanique\/wp-content\/uploads\/2021\/11\/cropped-LOGO-USTO_Modif1-e1601403966860.jpg\",\"width\":140,\"height\":140,\"caption\":\"\u0643\u0644\u064a\u0629 \u0627\u0644\u0647\u0646\u062f\u0633\u0629 \u0627\u0644\u0645\u064a\u0643\u0627\u0646\u0643\u064a\u0629 \u0628\u062c\u0627\u0645\u0639\u0629 \u0648\u0647\u0631\u0627\u0646 \u0644\u0644\u0639\u0644\u0648\u0645 \u0648 \u0627\u0644\u062a\u0643\u0646\u0648\u0644\u0648\u062c\u064a\u0627 \u0645\u062d\u0645\u062f \u0628\u0648\u0636\u064a\u0627\u0641 \"},\"image\":{\"@id\":\"https:\/\/www.univ-usto.dz\/faculte\/fac-mecanique\/#\/schema\/logo\/image\/\"}}]}<\/script>\n<!-- \/ Yoast SEO plugin. -->","yoast_head_json":{"title":"Conf\u00e9rences - \u0643\u0644\u064a\u0629 \u0627\u0644\u0647\u0646\u062f\u0633\u0629 \u0627\u0644\u0645\u064a\u0643\u0627\u0646\u0643\u064a\u0629 \u0628\u062c\u0627\u0645\u0639\u0629 \u0648\u0647\u0631\u0627\u0646 \u0644\u0644\u0639\u0644\u0648\u0645 \u0648 \u0627\u0644\u062a\u0643\u0646\u0648\u0644\u0648\u062c\u064a\u0627 \u0645\u062d\u0645\u062f \u0628\u0648\u0636\u064a\u0627\u0641","robots":{"index":"index","follow":"follow","max-snippet":"max-snippet:-1","max-image-preview":"max-image-preview:large","max-video-preview":"max-video-preview:-1"},"canonical":"https:\/\/www.univ-usto.dz\/faculte\/fac-mecanique\/conferences-2\/","og_locale":"fr_FR","og_type":"article","og_title":"Conf\u00e9rences - \u0643\u0644\u064a\u0629 \u0627\u0644\u0647\u0646\u062f\u0633\u0629 \u0627\u0644\u0645\u064a\u0643\u0627\u0646\u0643\u064a\u0629 \u0628\u062c\u0627\u0645\u0639\u0629 \u0648\u0647\u0631\u0627\u0646 \u0644\u0644\u0639\u0644\u0648\u0645 \u0648 \u0627\u0644\u062a\u0643\u0646\u0648\u0644\u0648\u062c\u064a\u0627 \u0645\u062d\u0645\u062f \u0628\u0648\u0636\u064a\u0627\u0641","og_description":"Conf\u00e9rences \u00a0Janvier 2016 \u2e3a Mars 2021 \u00a0Conf\u00e9rences nationales \u00a0Karima Alem, Boudaoud Warda, Djamel Sahel, Turbulent Flow Behaviors in Baffled Membrane Tube with Different Attack Angles, 1 st National Conference on Lire la suite ...","og_url":"https:\/\/www.univ-usto.dz\/faculte\/fac-mecanique\/conferences-2\/","og_site_name":"\u0643\u0644\u064a\u0629 \u0627\u0644\u0647\u0646\u062f\u0633\u0629 \u0627\u0644\u0645\u064a\u0643\u0627\u0646\u0643\u064a\u0629 \u0628\u062c\u0627\u0645\u0639\u0629 \u0648\u0647\u0631\u0627\u0646 \u0644\u0644\u0639\u0644\u0648\u0645 \u0648 \u0627\u0644\u062a\u0643\u0646\u0648\u0644\u0648\u062c\u064a\u0627 \u0645\u062d\u0645\u062f \u0628\u0648\u0636\u064a\u0627\u0641","article_modified_time":"2021-11-21T09:20:34+00:00","twitter_card":"summary_large_image","twitter_misc":{"Dur\u00e9e de lecture estim\u00e9e":"2 minutes"},"schema":{"@context":"https:\/\/schema.org","@graph":[{"@type":"WebPage","@id":"https:\/\/www.univ-usto.dz\/faculte\/fac-mecanique\/conferences-2\/","url":"https:\/\/www.univ-usto.dz\/faculte\/fac-mecanique\/conferences-2\/","name":"Conf\u00e9rences - \u0643\u0644\u064a\u0629 \u0627\u0644\u0647\u0646\u062f\u0633\u0629 \u0627\u0644\u0645\u064a\u0643\u0627\u0646\u0643\u064a\u0629 \u0628\u062c\u0627\u0645\u0639\u0629 \u0648\u0647\u0631\u0627\u0646 \u0644\u0644\u0639\u0644\u0648\u0645 \u0648 \u0627\u0644\u062a\u0643\u0646\u0648\u0644\u0648\u062c\u064a\u0627 \u0645\u062d\u0645\u062f \u0628\u0648\u0636\u064a\u0627\u0641","isPartOf":{"@id":"https:\/\/www.univ-usto.dz\/faculte\/fac-mecanique\/#website"},"datePublished":"2021-02-16T14:22:25+00:00","dateModified":"2021-11-21T09:20:34+00:00","breadcrumb":{"@id":"https:\/\/www.univ-usto.dz\/faculte\/fac-mecanique\/conferences-2\/#breadcrumb"},"inLanguage":"fr-FR","potentialAction":[{"@type":"ReadAction","target":["https:\/\/www.univ-usto.dz\/faculte\/fac-mecanique\/conferences-2\/"]}]},{"@type":"BreadcrumbList","@id":"https:\/\/www.univ-usto.dz\/faculte\/fac-mecanique\/conferences-2\/#breadcrumb","itemListElement":[{"@type":"ListItem","position":1,"name":"Home","item":"https:\/\/www.univ-usto.dz\/faculte\/fac-mecanique\/"},{"@type":"ListItem","position":2,"name":"Conf\u00e9rences"}]},{"@type":"WebSite","@id":"https:\/\/www.univ-usto.dz\/faculte\/fac-mecanique\/#website","url":"https:\/\/www.univ-usto.dz\/faculte\/fac-mecanique\/","name":"\u0643\u0644\u064a\u0629 \u0627\u0644\u0647\u0646\u062f\u0633\u0629 \u0627\u0644\u0645\u064a\u0643\u0627\u0646\u0643\u064a\u0629 \u0628\u062c\u0627\u0645\u0639\u0629 \u0648\u0647\u0631\u0627\u0646 \u0644\u0644\u0639\u0644\u0648\u0645 \u0648 \u0627\u0644\u062a\u0643\u0646\u0648\u0644\u0648\u062c\u064a\u0627 \u0645\u062d\u0645\u062f \u0628\u0648\u0636\u064a\u0627\u0641","description":"Faculty of Mechanical Engineering \u2013 USTOMB Mohamed-Boudiaf","publisher":{"@id":"https:\/\/www.univ-usto.dz\/faculte\/fac-mecanique\/#organization"},"potentialAction":[{"@type":"SearchAction","target":{"@type":"EntryPoint","urlTemplate":"https:\/\/www.univ-usto.dz\/faculte\/fac-mecanique\/?s={search_term_string}"},"query-input":{"@type":"PropertyValueSpecification","valueRequired":true,"valueName":"search_term_string"}}],"inLanguage":"fr-FR"},{"@type":"Organization","@id":"https:\/\/www.univ-usto.dz\/faculte\/fac-mecanique\/#organization","name":"\u0643\u0644\u064a\u0629 \u0627\u0644\u0647\u0646\u062f\u0633\u0629 \u0627\u0644\u0645\u064a\u0643\u0627\u0646\u0643\u064a\u0629 \u0628\u062c\u0627\u0645\u0639\u0629 \u0648\u0647\u0631\u0627\u0646 \u0644\u0644\u0639\u0644\u0648\u0645 \u0648 \u0627\u0644\u062a\u0643\u0646\u0648\u0644\u0648\u062c\u064a\u0627 \u0645\u062d\u0645\u062f \u0628\u0648\u0636\u064a\u0627\u0641","url":"https:\/\/www.univ-usto.dz\/faculte\/fac-mecanique\/","logo":{"@type":"ImageObject","inLanguage":"fr-FR","@id":"https:\/\/www.univ-usto.dz\/faculte\/fac-mecanique\/#\/schema\/logo\/image\/","url":"https:\/\/www.univ-usto.dz\/faculte\/fac-mecanique\/wp-content\/uploads\/2021\/11\/cropped-LOGO-USTO_Modif1-e1601403966860.jpg","contentUrl":"https:\/\/www.univ-usto.dz\/faculte\/fac-mecanique\/wp-content\/uploads\/2021\/11\/cropped-LOGO-USTO_Modif1-e1601403966860.jpg","width":140,"height":140,"caption":"\u0643\u0644\u064a\u0629 \u0627\u0644\u0647\u0646\u062f\u0633\u0629 \u0627\u0644\u0645\u064a\u0643\u0627\u0646\u0643\u064a\u0629 \u0628\u062c\u0627\u0645\u0639\u0629 \u0648\u0647\u0631\u0627\u0646 \u0644\u0644\u0639\u0644\u0648\u0645 \u0648 \u0627\u0644\u062a\u0643\u0646\u0648\u0644\u0648\u062c\u064a\u0627 \u0645\u062d\u0645\u062f \u0628\u0648\u0636\u064a\u0627\u0641 "},"image":{"@id":"https:\/\/www.univ-usto.dz\/faculte\/fac-mecanique\/#\/schema\/logo\/image\/"}}]}},"_links":{"self":[{"href":"https:\/\/www.univ-usto.dz\/faculte\/fac-mecanique\/wp-json\/wp\/v2\/pages\/10842","targetHints":{"allow":["GET"]}}],"collection":[{"href":"https:\/\/www.univ-usto.dz\/faculte\/fac-mecanique\/wp-json\/wp\/v2\/pages"}],"about":[{"href":"https:\/\/www.univ-usto.dz\/faculte\/fac-mecanique\/wp-json\/wp\/v2\/types\/page"}],"author":[{"embeddable":true,"href":"https:\/\/www.univ-usto.dz\/faculte\/fac-mecanique\/wp-json\/wp\/v2\/users\/1"}],"replies":[{"embeddable":true,"href":"https:\/\/www.univ-usto.dz\/faculte\/fac-mecanique\/wp-json\/wp\/v2\/comments?post=10842"}],"version-history":[{"count":10,"href":"https:\/\/www.univ-usto.dz\/faculte\/fac-mecanique\/wp-json\/wp\/v2\/pages\/10842\/revisions"}],"predecessor-version":[{"id":11393,"href":"https:\/\/www.univ-usto.dz\/faculte\/fac-mecanique\/wp-json\/wp\/v2\/pages\/10842\/revisions\/11393"}],"wp:attachment":[{"href":"https:\/\/www.univ-usto.dz\/faculte\/fac-mecanique\/wp-json\/wp\/v2\/media?parent=10842"}],"curies":[{"name":"wp","href":"https:\/\/api.w.org\/{rel}","templated":true}]}}