{"id":2920,"date":"2020-09-03T11:00:14","date_gmt":"2020-09-03T11:00:14","guid":{"rendered":"http:\/\/www.univ-usto.dz\/faculte\/fac-mecanique\/?page_id=2920"},"modified":"2020-09-29T19:40:35","modified_gmt":"2020-09-29T19:40:35","slug":"hebergement","status":"publish","type":"page","link":"https:\/\/www.univ-usto.dz\/faculte\/fac-mecanique\/hebergement\/","title":{"rendered":"H\u00e9bergement"},"content":{"rendered":"\t\t<div data-elementor-type=\"wp-page\" data-elementor-id=\"2920\" class=\"elementor elementor-2920\">\n\t\t\t\t\t\t<section class=\"elementor-section elementor-top-section elementor-element elementor-element-703bbe4 elementor-section-boxed elementor-section-height-default elementor-section-height-default\" data-id=\"703bbe4\" data-element_type=\"section\">\n\t\t\t\t\t\t<div class=\"elementor-container elementor-column-gap-default\">\n\t\t\t\t\t<div class=\"elementor-column elementor-col-33 elementor-top-column elementor-element elementor-element-62c2c43\" data-id=\"62c2c43\" data-element_type=\"column\">\n\t\t\t<div class=\"elementor-widget-wrap elementor-element-populated\">\n\t\t\t\t\t\t<div class=\"elementor-element elementor-element-1796d73 elementor-widget elementor-widget-wp-widget-bellows_navigation_widget\" data-id=\"1796d73\" data-element_type=\"widget\" data-widget_type=\"wp-widget-bellows_navigation_widget.default\">\n\t\t\t\t<div class=\"elementor-widget-container\">\n\t\t\t\t\t<nav id=\"bellows-main-119\" class=\"bellows bellows-nojs bellows-main bellows-source-menu bellows-align-full bellows-skin-vanilla bellows-type-\"><ul id=\"menu-vie-etudiante\" class=\"bellows-nav\" data-bellows-config=\"main\"><li id=\"menu-item-3271\" class=\"bellows-menu-item bellows-menu-item-type-post_type bellows-menu-item-object-page bellows-menu-item-3271 bellows-item-level-0\"><a  href=\"https:\/\/www.univ-usto.dz\/faculte\/fac-mecanique\/guide-de-letudiant\/\" class=\"bellows-target\"><span class=\"bellows-target-title bellows-target-text\">Guide de l\u2019\u00e9tudiant<\/span><\/a><\/li>\n<li id=\"menu-item-3290\" class=\"bellows-menu-item bellows-menu-item-type-post_type bellows-menu-item-object-page bellows-menu-item-3290 bellows-item-level-0\"><a  href=\"https:\/\/www.univ-usto.dz\/faculte\/fac-mecanique\/vie-associative-et-culturelle\/\" class=\"bellows-target\"><span class=\"bellows-target-title bellows-target-text\">Vie associative et culturelle<\/span><\/a><\/li>\n<li id=\"menu-item-3280\" class=\"bellows-menu-item bellows-menu-item-type-post_type bellows-menu-item-object-page bellows-menu-item-3280 bellows-item-level-0\"><a  href=\"https:\/\/www.univ-usto.dz\/faculte\/fac-mecanique\/sante\/\" class=\"bellows-target\"><span class=\"bellows-target-title bellows-target-text\">Sant\u00e9<\/span><\/a><\/li>\n<li id=\"menu-item-3285\" class=\"bellows-menu-item bellows-menu-item-type-post_type bellows-menu-item-object-page bellows-menu-item-3285 bellows-item-level-0\"><a  href=\"https:\/\/www.univ-usto.dz\/faculte\/fac-mecanique\/sport\/\" class=\"bellows-target\"><span class=\"bellows-target-title bellows-target-text\">Sport<\/span><\/a><\/li>\n<li id=\"menu-item-3291\" class=\"bellows-menu-item bellows-menu-item-type-post_type bellows-menu-item-object-page bellows-menu-item-3291 bellows-item-level-0\"><a  href=\"https:\/\/www.univ-usto.dz\/faculte\/fac-mecanique\/bourses\/\" class=\"bellows-target\"><span class=\"bellows-target-title bellows-target-text\">Bourses<\/span><\/a><\/li>\n<li id=\"menu-item-3292\" class=\"bellows-menu-item bellows-menu-item-type-post_type bellows-menu-item-object-page bellows-menu-item-3292 bellows-item-level-0\"><a  href=\"https:\/\/www.univ-usto.dz\/faculte\/fac-mecanique\/hebergement\/\" class=\"bellows-target\"><span class=\"bellows-target-title bellows-target-text\">H\u00e9bergement<\/span><\/a><\/li>\n<\/ul><\/nav>\t\t\t\t<\/div>\n\t\t\t\t<\/div>\n\t\t\t\t\t<\/div>\n\t\t<\/div>\n\t\t\t\t<div class=\"elementor-column elementor-col-66 elementor-top-column elementor-element elementor-element-eff045f\" data-id=\"eff045f\" data-element_type=\"column\">\n\t\t\t<div class=\"elementor-widget-wrap elementor-element-populated\">\n\t\t\t\t\t\t<div class=\"elementor-element elementor-element-d1f85c5 elementor-widget elementor-widget-elementskit-heading\" data-id=\"d1f85c5\" data-element_type=\"widget\" data-widget_type=\"elementskit-heading.default\">\n\t\t\t\t<div class=\"elementor-widget-container\">\n\t\t\t\t\t<div class=\"ekit-wid-con\" ><div class=\"ekit-heading elementskit-section-title-wraper text_left   ekit_heading_tablet-   ekit_heading_mobile-\"><h3 class=\"ekit-heading--title elementskit-section-title \">H\u00e9bergement\u00a0<\/h3><div class=\"ekit_heading_separetor_wraper ekit_heading_elementskit-border-divider ekit-dotted\"><div class=\"elementskit-border-divider ekit-dotted\"><\/div><\/div><\/div><\/div>\t\t\t\t<\/div>\n\t\t\t\t<\/div>\n\t\t\t\t<div class=\"elementor-element elementor-element-2b8fc54 elementor-widget elementor-widget-text-editor\" data-id=\"2b8fc54\" data-element_type=\"widget\" data-widget_type=\"text-editor.default\">\n\t\t\t\t<div class=\"elementor-widget-container\">\n\t\t\t\t\t\t\t\t\t<p>Les \u00e9tudiants inscrits r\u00e9guli\u00e8rement peuvent b\u00e9n\u00e9ficier des \u0153uvres Universitaires (<em>h\u00e9bergement<\/em>) pour cela ils doivent faire une demande lors de leur pr\u00e9inscription. Les demandes d\u2019h\u00e9bergement et l\u2019Attribution sont g\u00e9r\u00e9es par la direction des \u0152uvres Universitaires de la Wilaya\u00a0 d&rsquo;Oran<\/p><p>Le b\u00e9n\u00e9fice de l\u2019h\u00e9bergement en r\u00e9sidence universitaire est subordonn\u00e9 aux conditions suivantes:<\/p><ul class=\"bs-shortcode-list list-style-check\"><li>\u00catre inscrit dans un \u00e9tablissement sup\u00e9rieur et satisfaire aux crit\u00e8res p\u00e9dagogiques et g\u00e9ographiques d\u2019inscription.<\/li><li>\u00catre \u00e2g\u00e9 de moins de 28 ans.<\/li><li>R\u00e9sider \u00e0 plus de 50 km de l\u2019Universit\u00e9 \u00a0pour les gar\u00e7ons \u00a0et \u00e0 plus de 30 km pour les filles.<\/li><\/ul><p><strong>Pi\u00e8ces \u00e0 fournir:<\/strong><\/p><ul class=\"bs-shortcode-list list-style-check\"><li>Formulaire \u00e0 retirer aupr\u00e8s de l\u2019administration du DOU,<\/li><li>Photocopie du BAC l\u00e9galis\u00e9e,<\/li><li>Photocopie de l\u2019attestation d\u2019inscription l\u00e9galis\u00e9e,<\/li><li>Certificat de r\u00e9sidence de moins de trois mois,<\/li><li>Extrait de naissance ou fiche individuelle,<\/li><li>Attestations m\u00e9dicales (<em>m\u00e9decine g\u00e9n\u00e9rale, phtisiologie<\/em>),<\/li><li>02 enveloppes timbr\u00e9es et adress\u00e9es au domicile de l\u2019\u00e9tudiant,<\/li><li>02 photos d\u2019identit\u00e9.<\/li><\/ul>\t\t\t\t\t\t\t\t<\/div>\n\t\t\t\t<\/div>\n\t\t\t\t\t<\/div>\n\t\t<\/div>\n\t\t\t\t\t<\/div>\n\t\t<\/section>\n\t\t\t\t<\/div>\n\t\t","protected":false},"excerpt":{"rendered":"<p>H\u00e9bergement\u00a0 Les \u00e9tudiants inscrits r\u00e9guli\u00e8rement peuvent b\u00e9n\u00e9ficier des \u0153uvres Universitaires (h\u00e9bergement) pour cela ils doivent faire une demande lors de leur pr\u00e9inscription. Les demandes d\u2019h\u00e9bergement et l\u2019Attribution sont g\u00e9r\u00e9es par <a href=\"https:\/\/www.univ-usto.dz\/faculte\/fac-mecanique\/hebergement\/\" class=\"read-more\">Lire la suite &#8230;<\/a><\/p>\n","protected":false},"author":1,"featured_media":0,"parent":0,"menu_order":0,"comment_status":"closed","ping_status":"closed","template":"","meta":{"footnotes":""},"class_list":["post-2920","page","type-page","status-publish","hentry"],"yoast_head":"<!-- This site is optimized with the Yoast SEO plugin v25.3.1 - https:\/\/yoast.com\/wordpress\/plugins\/seo\/ -->\n<title>H\u00e9bergement - \u0643\u0644\u064a\u0629 \u0627\u0644\u0647\u0646\u062f\u0633\u0629 \u0627\u0644\u0645\u064a\u0643\u0627\u0646\u0643\u064a\u0629 \u0628\u062c\u0627\u0645\u0639\u0629 \u0648\u0647\u0631\u0627\u0646 \u0644\u0644\u0639\u0644\u0648\u0645 \u0648 \u0627\u0644\u062a\u0643\u0646\u0648\u0644\u0648\u062c\u064a\u0627 \u0645\u062d\u0645\u062f \u0628\u0648\u0636\u064a\u0627\u0641<\/title>\n<meta name=\"robots\" content=\"index, follow, max-snippet:-1, max-image-preview:large, max-video-preview:-1\" \/>\n<link rel=\"canonical\" href=\"https:\/\/www.univ-usto.dz\/faculte\/fac-mecanique\/hebergement\/\" \/>\n<meta property=\"og:locale\" content=\"fr_FR\" \/>\n<meta property=\"og:type\" content=\"article\" \/>\n<meta property=\"og:title\" content=\"H\u00e9bergement - \u0643\u0644\u064a\u0629 \u0627\u0644\u0647\u0646\u062f\u0633\u0629 \u0627\u0644\u0645\u064a\u0643\u0627\u0646\u0643\u064a\u0629 \u0628\u062c\u0627\u0645\u0639\u0629 \u0648\u0647\u0631\u0627\u0646 \u0644\u0644\u0639\u0644\u0648\u0645 \u0648 \u0627\u0644\u062a\u0643\u0646\u0648\u0644\u0648\u062c\u064a\u0627 \u0645\u062d\u0645\u062f \u0628\u0648\u0636\u064a\u0627\u0641\" \/>\n<meta property=\"og:description\" content=\"H\u00e9bergement\u00a0 Les \u00e9tudiants inscrits r\u00e9guli\u00e8rement peuvent b\u00e9n\u00e9ficier des \u0153uvres Universitaires (h\u00e9bergement) pour cela ils doivent faire une demande lors de leur pr\u00e9inscription. Les demandes d\u2019h\u00e9bergement et l\u2019Attribution sont g\u00e9r\u00e9es par Lire la suite ...\" \/>\n<meta property=\"og:url\" content=\"https:\/\/www.univ-usto.dz\/faculte\/fac-mecanique\/hebergement\/\" \/>\n<meta property=\"og:site_name\" content=\"\u0643\u0644\u064a\u0629 \u0627\u0644\u0647\u0646\u062f\u0633\u0629 \u0627\u0644\u0645\u064a\u0643\u0627\u0646\u0643\u064a\u0629 \u0628\u062c\u0627\u0645\u0639\u0629 \u0648\u0647\u0631\u0627\u0646 \u0644\u0644\u0639\u0644\u0648\u0645 \u0648 \u0627\u0644\u062a\u0643\u0646\u0648\u0644\u0648\u062c\u064a\u0627 \u0645\u062d\u0645\u062f \u0628\u0648\u0636\u064a\u0627\u0641\" \/>\n<meta property=\"article:modified_time\" content=\"2020-09-29T19:40:35+00:00\" \/>\n<meta name=\"twitter:card\" content=\"summary_large_image\" \/>\n<meta name=\"twitter:label1\" content=\"Dur\u00e9e de lecture estim\u00e9e\" \/>\n\t<meta name=\"twitter:data1\" content=\"1 minute\" \/>\n<script type=\"application\/ld+json\" class=\"yoast-schema-graph\">{\"@context\":\"https:\/\/schema.org\",\"@graph\":[{\"@type\":\"WebPage\",\"@id\":\"https:\/\/www.univ-usto.dz\/faculte\/fac-mecanique\/hebergement\/\",\"url\":\"https:\/\/www.univ-usto.dz\/faculte\/fac-mecanique\/hebergement\/\",\"name\":\"H\u00e9bergement - \u0643\u0644\u064a\u0629 \u0627\u0644\u0647\u0646\u062f\u0633\u0629 \u0627\u0644\u0645\u064a\u0643\u0627\u0646\u0643\u064a\u0629 \u0628\u062c\u0627\u0645\u0639\u0629 \u0648\u0647\u0631\u0627\u0646 \u0644\u0644\u0639\u0644\u0648\u0645 \u0648 \u0627\u0644\u062a\u0643\u0646\u0648\u0644\u0648\u062c\u064a\u0627 \u0645\u062d\u0645\u062f \u0628\u0648\u0636\u064a\u0627\u0641\",\"isPartOf\":{\"@id\":\"https:\/\/www.univ-usto.dz\/faculte\/fac-mecanique\/#website\"},\"datePublished\":\"2020-09-03T11:00:14+00:00\",\"dateModified\":\"2020-09-29T19:40:35+00:00\",\"breadcrumb\":{\"@id\":\"https:\/\/www.univ-usto.dz\/faculte\/fac-mecanique\/hebergement\/#breadcrumb\"},\"inLanguage\":\"fr-FR\",\"potentialAction\":[{\"@type\":\"ReadAction\",\"target\":[\"https:\/\/www.univ-usto.dz\/faculte\/fac-mecanique\/hebergement\/\"]}]},{\"@type\":\"BreadcrumbList\",\"@id\":\"https:\/\/www.univ-usto.dz\/faculte\/fac-mecanique\/hebergement\/#breadcrumb\",\"itemListElement\":[{\"@type\":\"ListItem\",\"position\":1,\"name\":\"Home\",\"item\":\"https:\/\/www.univ-usto.dz\/faculte\/fac-mecanique\/\"},{\"@type\":\"ListItem\",\"position\":2,\"name\":\"H\u00e9bergement\"}]},{\"@type\":\"WebSite\",\"@id\":\"https:\/\/www.univ-usto.dz\/faculte\/fac-mecanique\/#website\",\"url\":\"https:\/\/www.univ-usto.dz\/faculte\/fac-mecanique\/\",\"name\":\"\u0643\u0644\u064a\u0629 \u0627\u0644\u0647\u0646\u062f\u0633\u0629 \u0627\u0644\u0645\u064a\u0643\u0627\u0646\u0643\u064a\u0629 \u0628\u062c\u0627\u0645\u0639\u0629 \u0648\u0647\u0631\u0627\u0646 \u0644\u0644\u0639\u0644\u0648\u0645 \u0648 \u0627\u0644\u062a\u0643\u0646\u0648\u0644\u0648\u062c\u064a\u0627 \u0645\u062d\u0645\u062f \u0628\u0648\u0636\u064a\u0627\u0641\",\"description\":\"Faculty of Mechanical Engineering \u2013 USTOMB Mohamed-Boudiaf\",\"publisher\":{\"@id\":\"https:\/\/www.univ-usto.dz\/faculte\/fac-mecanique\/#organization\"},\"potentialAction\":[{\"@type\":\"SearchAction\",\"target\":{\"@type\":\"EntryPoint\",\"urlTemplate\":\"https:\/\/www.univ-usto.dz\/faculte\/fac-mecanique\/?s={search_term_string}\"},\"query-input\":{\"@type\":\"PropertyValueSpecification\",\"valueRequired\":true,\"valueName\":\"search_term_string\"}}],\"inLanguage\":\"fr-FR\"},{\"@type\":\"Organization\",\"@id\":\"https:\/\/www.univ-usto.dz\/faculte\/fac-mecanique\/#organization\",\"name\":\"\u0643\u0644\u064a\u0629 \u0627\u0644\u0647\u0646\u062f\u0633\u0629 \u0627\u0644\u0645\u064a\u0643\u0627\u0646\u0643\u064a\u0629 \u0628\u062c\u0627\u0645\u0639\u0629 \u0648\u0647\u0631\u0627\u0646 \u0644\u0644\u0639\u0644\u0648\u0645 \u0648 \u0627\u0644\u062a\u0643\u0646\u0648\u0644\u0648\u062c\u064a\u0627 \u0645\u062d\u0645\u062f \u0628\u0648\u0636\u064a\u0627\u0641\",\"url\":\"https:\/\/www.univ-usto.dz\/faculte\/fac-mecanique\/\",\"logo\":{\"@type\":\"ImageObject\",\"inLanguage\":\"fr-FR\",\"@id\":\"https:\/\/www.univ-usto.dz\/faculte\/fac-mecanique\/#\/schema\/logo\/image\/\",\"url\":\"https:\/\/www.univ-usto.dz\/faculte\/fac-mecanique\/wp-content\/uploads\/2021\/11\/cropped-LOGO-USTO_Modif1-e1601403966860.jpg\",\"contentUrl\":\"https:\/\/www.univ-usto.dz\/faculte\/fac-mecanique\/wp-content\/uploads\/2021\/11\/cropped-LOGO-USTO_Modif1-e1601403966860.jpg\",\"width\":140,\"height\":140,\"caption\":\"\u0643\u0644\u064a\u0629 \u0627\u0644\u0647\u0646\u062f\u0633\u0629 \u0627\u0644\u0645\u064a\u0643\u0627\u0646\u0643\u064a\u0629 \u0628\u062c\u0627\u0645\u0639\u0629 \u0648\u0647\u0631\u0627\u0646 \u0644\u0644\u0639\u0644\u0648\u0645 \u0648 \u0627\u0644\u062a\u0643\u0646\u0648\u0644\u0648\u062c\u064a\u0627 \u0645\u062d\u0645\u062f \u0628\u0648\u0636\u064a\u0627\u0641 \"},\"image\":{\"@id\":\"https:\/\/www.univ-usto.dz\/faculte\/fac-mecanique\/#\/schema\/logo\/image\/\"}}]}<\/script>\n<!-- \/ Yoast SEO plugin. -->","yoast_head_json":{"title":"H\u00e9bergement - \u0643\u0644\u064a\u0629 \u0627\u0644\u0647\u0646\u062f\u0633\u0629 \u0627\u0644\u0645\u064a\u0643\u0627\u0646\u0643\u064a\u0629 \u0628\u062c\u0627\u0645\u0639\u0629 \u0648\u0647\u0631\u0627\u0646 \u0644\u0644\u0639\u0644\u0648\u0645 \u0648 \u0627\u0644\u062a\u0643\u0646\u0648\u0644\u0648\u062c\u064a\u0627 \u0645\u062d\u0645\u062f \u0628\u0648\u0636\u064a\u0627\u0641","robots":{"index":"index","follow":"follow","max-snippet":"max-snippet:-1","max-image-preview":"max-image-preview:large","max-video-preview":"max-video-preview:-1"},"canonical":"https:\/\/www.univ-usto.dz\/faculte\/fac-mecanique\/hebergement\/","og_locale":"fr_FR","og_type":"article","og_title":"H\u00e9bergement - \u0643\u0644\u064a\u0629 \u0627\u0644\u0647\u0646\u062f\u0633\u0629 \u0627\u0644\u0645\u064a\u0643\u0627\u0646\u0643\u064a\u0629 \u0628\u062c\u0627\u0645\u0639\u0629 \u0648\u0647\u0631\u0627\u0646 \u0644\u0644\u0639\u0644\u0648\u0645 \u0648 \u0627\u0644\u062a\u0643\u0646\u0648\u0644\u0648\u062c\u064a\u0627 \u0645\u062d\u0645\u062f \u0628\u0648\u0636\u064a\u0627\u0641","og_description":"H\u00e9bergement\u00a0 Les \u00e9tudiants inscrits r\u00e9guli\u00e8rement peuvent b\u00e9n\u00e9ficier des \u0153uvres Universitaires (h\u00e9bergement) pour cela ils doivent faire une demande lors de leur pr\u00e9inscription. Les demandes d\u2019h\u00e9bergement et l\u2019Attribution sont g\u00e9r\u00e9es par Lire la suite ...","og_url":"https:\/\/www.univ-usto.dz\/faculte\/fac-mecanique\/hebergement\/","og_site_name":"\u0643\u0644\u064a\u0629 \u0627\u0644\u0647\u0646\u062f\u0633\u0629 \u0627\u0644\u0645\u064a\u0643\u0627\u0646\u0643\u064a\u0629 \u0628\u062c\u0627\u0645\u0639\u0629 \u0648\u0647\u0631\u0627\u0646 \u0644\u0644\u0639\u0644\u0648\u0645 \u0648 \u0627\u0644\u062a\u0643\u0646\u0648\u0644\u0648\u062c\u064a\u0627 \u0645\u062d\u0645\u062f \u0628\u0648\u0636\u064a\u0627\u0641","article_modified_time":"2020-09-29T19:40:35+00:00","twitter_card":"summary_large_image","twitter_misc":{"Dur\u00e9e de lecture estim\u00e9e":"1 minute"},"schema":{"@context":"https:\/\/schema.org","@graph":[{"@type":"WebPage","@id":"https:\/\/www.univ-usto.dz\/faculte\/fac-mecanique\/hebergement\/","url":"https:\/\/www.univ-usto.dz\/faculte\/fac-mecanique\/hebergement\/","name":"H\u00e9bergement - \u0643\u0644\u064a\u0629 \u0627\u0644\u0647\u0646\u062f\u0633\u0629 \u0627\u0644\u0645\u064a\u0643\u0627\u0646\u0643\u064a\u0629 \u0628\u062c\u0627\u0645\u0639\u0629 \u0648\u0647\u0631\u0627\u0646 \u0644\u0644\u0639\u0644\u0648\u0645 \u0648 \u0627\u0644\u062a\u0643\u0646\u0648\u0644\u0648\u062c\u064a\u0627 \u0645\u062d\u0645\u062f \u0628\u0648\u0636\u064a\u0627\u0641","isPartOf":{"@id":"https:\/\/www.univ-usto.dz\/faculte\/fac-mecanique\/#website"},"datePublished":"2020-09-03T11:00:14+00:00","dateModified":"2020-09-29T19:40:35+00:00","breadcrumb":{"@id":"https:\/\/www.univ-usto.dz\/faculte\/fac-mecanique\/hebergement\/#breadcrumb"},"inLanguage":"fr-FR","potentialAction":[{"@type":"ReadAction","target":["https:\/\/www.univ-usto.dz\/faculte\/fac-mecanique\/hebergement\/"]}]},{"@type":"BreadcrumbList","@id":"https:\/\/www.univ-usto.dz\/faculte\/fac-mecanique\/hebergement\/#breadcrumb","itemListElement":[{"@type":"ListItem","position":1,"name":"Home","item":"https:\/\/www.univ-usto.dz\/faculte\/fac-mecanique\/"},{"@type":"ListItem","position":2,"name":"H\u00e9bergement"}]},{"@type":"WebSite","@id":"https:\/\/www.univ-usto.dz\/faculte\/fac-mecanique\/#website","url":"https:\/\/www.univ-usto.dz\/faculte\/fac-mecanique\/","name":"\u0643\u0644\u064a\u0629 \u0627\u0644\u0647\u0646\u062f\u0633\u0629 \u0627\u0644\u0645\u064a\u0643\u0627\u0646\u0643\u064a\u0629 \u0628\u062c\u0627\u0645\u0639\u0629 \u0648\u0647\u0631\u0627\u0646 \u0644\u0644\u0639\u0644\u0648\u0645 \u0648 \u0627\u0644\u062a\u0643\u0646\u0648\u0644\u0648\u062c\u064a\u0627 \u0645\u062d\u0645\u062f \u0628\u0648\u0636\u064a\u0627\u0641","description":"Faculty of Mechanical Engineering \u2013 USTOMB Mohamed-Boudiaf","publisher":{"@id":"https:\/\/www.univ-usto.dz\/faculte\/fac-mecanique\/#organization"},"potentialAction":[{"@type":"SearchAction","target":{"@type":"EntryPoint","urlTemplate":"https:\/\/www.univ-usto.dz\/faculte\/fac-mecanique\/?s={search_term_string}"},"query-input":{"@type":"PropertyValueSpecification","valueRequired":true,"valueName":"search_term_string"}}],"inLanguage":"fr-FR"},{"@type":"Organization","@id":"https:\/\/www.univ-usto.dz\/faculte\/fac-mecanique\/#organization","name":"\u0643\u0644\u064a\u0629 \u0627\u0644\u0647\u0646\u062f\u0633\u0629 \u0627\u0644\u0645\u064a\u0643\u0627\u0646\u0643\u064a\u0629 \u0628\u062c\u0627\u0645\u0639\u0629 \u0648\u0647\u0631\u0627\u0646 \u0644\u0644\u0639\u0644\u0648\u0645 \u0648 \u0627\u0644\u062a\u0643\u0646\u0648\u0644\u0648\u062c\u064a\u0627 \u0645\u062d\u0645\u062f \u0628\u0648\u0636\u064a\u0627\u0641","url":"https:\/\/www.univ-usto.dz\/faculte\/fac-mecanique\/","logo":{"@type":"ImageObject","inLanguage":"fr-FR","@id":"https:\/\/www.univ-usto.dz\/faculte\/fac-mecanique\/#\/schema\/logo\/image\/","url":"https:\/\/www.univ-usto.dz\/faculte\/fac-mecanique\/wp-content\/uploads\/2021\/11\/cropped-LOGO-USTO_Modif1-e1601403966860.jpg","contentUrl":"https:\/\/www.univ-usto.dz\/faculte\/fac-mecanique\/wp-content\/uploads\/2021\/11\/cropped-LOGO-USTO_Modif1-e1601403966860.jpg","width":140,"height":140,"caption":"\u0643\u0644\u064a\u0629 \u0627\u0644\u0647\u0646\u062f\u0633\u0629 \u0627\u0644\u0645\u064a\u0643\u0627\u0646\u0643\u064a\u0629 \u0628\u062c\u0627\u0645\u0639\u0629 \u0648\u0647\u0631\u0627\u0646 \u0644\u0644\u0639\u0644\u0648\u0645 \u0648 \u0627\u0644\u062a\u0643\u0646\u0648\u0644\u0648\u062c\u064a\u0627 \u0645\u062d\u0645\u062f \u0628\u0648\u0636\u064a\u0627\u0641 "},"image":{"@id":"https:\/\/www.univ-usto.dz\/faculte\/fac-mecanique\/#\/schema\/logo\/image\/"}}]}},"_links":{"self":[{"href":"https:\/\/www.univ-usto.dz\/faculte\/fac-mecanique\/wp-json\/wp\/v2\/pages\/2920","targetHints":{"allow":["GET"]}}],"collection":[{"href":"https:\/\/www.univ-usto.dz\/faculte\/fac-mecanique\/wp-json\/wp\/v2\/pages"}],"about":[{"href":"https:\/\/www.univ-usto.dz\/faculte\/fac-mecanique\/wp-json\/wp\/v2\/types\/page"}],"author":[{"embeddable":true,"href":"https:\/\/www.univ-usto.dz\/faculte\/fac-mecanique\/wp-json\/wp\/v2\/users\/1"}],"replies":[{"embeddable":true,"href":"https:\/\/www.univ-usto.dz\/faculte\/fac-mecanique\/wp-json\/wp\/v2\/comments?post=2920"}],"version-history":[{"count":15,"href":"https:\/\/www.univ-usto.dz\/faculte\/fac-mecanique\/wp-json\/wp\/v2\/pages\/2920\/revisions"}],"predecessor-version":[{"id":5323,"href":"https:\/\/www.univ-usto.dz\/faculte\/fac-mecanique\/wp-json\/wp\/v2\/pages\/2920\/revisions\/5323"}],"wp:attachment":[{"href":"https:\/\/www.univ-usto.dz\/faculte\/fac-mecanique\/wp-json\/wp\/v2\/media?parent=2920"}],"curies":[{"name":"wp","href":"https:\/\/api.w.org\/{rel}","templated":true}]}}