{"id":2932,"date":"2020-09-03T11:23:01","date_gmt":"2020-09-03T11:23:01","guid":{"rendered":"http:\/\/www.univ-usto.dz\/faculte\/fac-mecanique\/?page_id=2932"},"modified":"2020-12-30T14:47:06","modified_gmt":"2020-12-30T14:47:06","slug":"nouveaux-bacheliers-4","status":"publish","type":"page","link":"https:\/\/www.univ-usto.dz\/faculte\/fac-mecanique\/nouveaux-bacheliers-4\/","title":{"rendered":"Plateforme d&rsquo;Enseignement \u00e0 distance"},"content":{"rendered":"\t\t<div data-elementor-type=\"wp-page\" data-elementor-id=\"2932\" class=\"elementor elementor-2932\">\n\t\t\t\t\t\t<section class=\"elementor-section elementor-top-section elementor-element elementor-element-703bbe4 elementor-section-boxed elementor-section-height-default elementor-section-height-default\" data-id=\"703bbe4\" data-element_type=\"section\">\n\t\t\t\t\t\t<div class=\"elementor-container elementor-column-gap-default\">\n\t\t\t\t\t<div class=\"elementor-column elementor-col-33 elementor-top-column elementor-element elementor-element-62c2c43\" data-id=\"62c2c43\" data-element_type=\"column\">\n\t\t\t<div class=\"elementor-widget-wrap elementor-element-populated\">\n\t\t\t\t\t\t<div class=\"elementor-element elementor-element-6547302 elementor-widget elementor-widget-wp-widget-bellows_navigation_widget\" data-id=\"6547302\" data-element_type=\"widget\" data-widget_type=\"wp-widget-bellows_navigation_widget.default\">\n\t\t\t\t<div class=\"elementor-widget-container\">\n\t\t\t\t\t<nav id=\"bellows-main-120\" class=\"bellows bellows-nojs bellows-main bellows-source-menu bellows-align-full bellows-skin-vanilla bellows-type-\"><ul id=\"menu-formtion\" class=\"bellows-nav\" data-bellows-config=\"main\"><li id=\"menu-item-5766\" class=\"bellows-menu-item bellows-menu-item-type-post_type bellows-menu-item-object-page bellows-menu-item-5766 bellows-item-level-0\"><a  href=\"https:\/\/www.univ-usto.dz\/faculte\/fac-mecanique\/offre-de-formation-master-2\/\" class=\"bellows-target\"><span class=\"bellows-target-title bellows-target-text\">Offre de formation<\/span><\/a><\/li>\n<li id=\"menu-item-3955\" class=\"bellows-menu-item bellows-menu-item-type-post_type bellows-menu-item-object-page bellows-menu-item-3955 bellows-item-level-0\"><a  href=\"https:\/\/www.univ-usto.dz\/faculte\/fac-mecanique\/offres-formation\/\" class=\"bellows-target\"><span class=\"bellows-target-title bellows-target-text\">Offre de formations<\/span><\/a><\/li>\n<li id=\"menu-item-5267\" class=\"bellows-menu-item bellows-menu-item-type-post_type bellows-menu-item-object-page bellows-menu-item-5267 bellows-item-level-0\"><a  href=\"https:\/\/www.univ-usto.dz\/faculte\/fac-mecanique\/nouveaux-bacheliers-4\/\" class=\"bellows-target\"><span class=\"bellows-target-title bellows-target-text\">Enseignement \u00e0 distance E-learning<\/span><\/a><\/li>\n<li id=\"menu-item-10697\" class=\"bellows-menu-item bellows-menu-item-type-post_type bellows-menu-item-object-page bellows-menu-item-10697 bellows-item-level-0\"><a  href=\"https:\/\/www.univ-usto.dz\/faculte\/fac-mecanique\/huawei\/\" class=\"bellows-target\"><span class=\"bellows-target-title bellows-target-text\">Huawei ICT Academy Program of USTO-MB<\/span><\/a><\/li>\n<\/ul><\/nav>\t\t\t\t<\/div>\n\t\t\t\t<\/div>\n\t\t\t\t\t<\/div>\n\t\t<\/div>\n\t\t\t\t<div class=\"elementor-column elementor-col-66 elementor-top-column elementor-element elementor-element-eff045f\" data-id=\"eff045f\" data-element_type=\"column\">\n\t\t\t<div class=\"elementor-widget-wrap elementor-element-populated\">\n\t\t\t\t\t\t<div class=\"elementor-element elementor-element-82eafd2 elementor-widget elementor-widget-elementskit-heading\" data-id=\"82eafd2\" data-element_type=\"widget\" data-widget_type=\"elementskit-heading.default\">\n\t\t\t\t<div class=\"elementor-widget-container\">\n\t\t\t\t\t<div class=\"ekit-wid-con\" ><div class=\"ekit-heading elementskit-section-title-wraper text_left   ekit_heading_tablet-   ekit_heading_mobile-\"><h3 class=\"ekit-heading--title elementskit-section-title \">Plateforme d'Enseignement \u00e0 distance Elearning<\/h3><div class=\"ekit_heading_separetor_wraper ekit_heading_elementskit-border-divider ekit-dotted\"><div class=\"elementskit-border-divider ekit-dotted\"><\/div><\/div><\/div><\/div>\t\t\t\t<\/div>\n\t\t\t\t<\/div>\n\t\t\t\t<div class=\"elementor-element elementor-element-2b8fc54 elementor-widget elementor-widget-text-editor\" data-id=\"2b8fc54\" data-element_type=\"widget\" data-widget_type=\"text-editor.default\">\n\t\t\t\t<div class=\"elementor-widget-container\">\n\t\t\t\t\t\t\t\t\t<h2><strong style=\"font-size: 16px;\">Acc\u00e9dez \u00e0 notre <a href=\"https:\/\/elearning.univ-usto.dz\/\">\u00a0Plateforme d&rsquo;apprentissage en ligne (E-learning) MOODLE<\/a><\/strong><\/h2><div id=\"row_ID1584949240690\" class=\"rowck ckstack3 ckstack2 ckstack1 uick-sortable ckadvancedlayout animateck\" data-gutter=\"2%\" data-nb=\"2\"><div class=\"inner animate clearfix\"><div id=\"block_ID1584950695981\" class=\"blockck animateck\" data-real-width=\"74%\" data-width=\"75\"><div class=\"inner animate resizable\"><div class=\"innercontent uick-sortable\"><div id=\"ID1584950802738\" class=\"cktype\" data-type=\"text\"><div class=\"cktext inner\"><p><a href=\"https:\/\/elearning.univ-usto.dz\/\"><img decoding=\"async\" src=\"https:\/\/https:\/\/www.univ-usto.dz\/faculte\/fac-mecanique\/images\/annonces\/photo_symb\/lien_elearning.png\" alt=\"lien elearning\" \/><\/a><\/p><p><strong>Guide d&rsquo;utilisation de la\u00a0 Plateforme Moodle<\/strong><\/p><p><strong style=\"font-family: var( --e-global-typography-text-font-family ); background-color: inherit;\"><span style=\"text-decoration-line: underline;\"><a href=\"https:\/\/https:\/\/www.univ-usto.dz\/faculte\/fac-mecanique\/images\/2020\/GuideMoodle.pdf\">T\u00e9l\u00e9charger le guide\u00a0<\/a><\/span><\/strong><\/p><p>Suivez les vid\u00e9os en arabe sur notre plateforme<span style=\"text-decoration: underline;\"><strong>\u00a0<a href=\"https:\/\/elearning.univ-usto.dz\/course\/view.php?id=135\">directement\u00a0<\/a><\/strong><\/span><\/p><ul><li><span style=\"text-decoration: underline;\"><strong><a href=\"https:\/\/https:\/\/www.univ-usto.dz\/faculte\/fac-mecanique\/outils-enseignements-distances\/\" target=\"_blank\" rel=\"noopener\">Outils de l&rsquo;enseignement \u00e0 distance<\/a>.<\/strong><\/span><\/li><li dir=\"auto\"><span style=\"text-decoration: underline;\"><strong><a href=\"https:\/\/https:\/\/www.univ-usto.dz\/faculte\/fac-mecanique\/guide-de-letudiant-pour-acceder-a-la-plateforme-nationale-denseignement-a-distance\/\" target=\"_blank\" rel=\"noopener\">Guide de l\u2019\u00e9tudiant pour acc\u00e9der \u00e0 la plateforme nationale d\u2019enseignement \u00e0 distance.<\/a><\/strong><\/span><\/li><\/ul><h3 dir=\"auto\">\u00a0<\/h3><p><strong>\u00a0<\/strong><strong style=\"font-family: var( --e-global-typography-text-font-family ); background-color: inherit;\">Connexion \u00e0 la Plateforme Moodle<\/strong><\/p><p>Proc\u00e9dure de cr\u00e9ation un compte\u00a0 pour acc\u00e9der \u00e0 l&rsquo;espace de cours ,Pour cela il est n\u00e9cessaire d&rsquo;avoir une adresse mail qui doit \u00eatre correcte et valide.<\/p><div style=\"width: 847px;\" class=\"wp-video\"><!--[if lt IE 9]><script>document.createElement('video');<\/script><![endif]-->\n<video class=\"wp-video-shortcode\" id=\"video-2932-1\" width=\"847\" height=\"463\" preload=\"metadata\" controls=\"controls\"><source type=\"video\/mp4\" src=\"https:\/\/https:\/\/www.univ-usto.dz\/faculte\/fac-mecanique\/wp-content\/uploads\/2020\/10\/ConnexionMoodle-1.mp4?_=1\" \/><a href=\"https:\/\/https:\/\/www.univ-usto.dz\/faculte\/fac-mecanique\/wp-content\/uploads\/2020\/10\/ConnexionMoodle-1.mp4\">https:\/\/https:\/\/www.univ-usto.dz\/faculte\/fac-mecanique\/wp-content\/uploads\/2020\/10\/ConnexionMoodle-1.mp4<\/a><\/video><\/div><\/div><\/div><div id=\"ID1585043951250\" class=\"cktype\" data-type=\"text\"><div class=\"cktext inner\"><p><strong>M\u00e9thodes d&rsquo;inscription dans le cours <\/strong><\/p><p>M\u00e9thode Auto-inscription avec clef<\/p><div style=\"width: 847px;\" class=\"wp-video\"><video class=\"wp-video-shortcode\" id=\"video-2932-2\" width=\"847\" height=\"454\" preload=\"metadata\" controls=\"controls\"><source type=\"video\/mp4\" src=\"https:\/\/https:\/\/www.univ-usto.dz\/faculte\/fac-mecanique\/wp-content\/uploads\/2020\/10\/Methodeinscription.mp4?_=2\" \/><a href=\"https:\/\/https:\/\/www.univ-usto.dz\/faculte\/fac-mecanique\/wp-content\/uploads\/2020\/10\/Methodeinscription.mp4\">https:\/\/https:\/\/www.univ-usto.dz\/faculte\/fac-mecanique\/wp-content\/uploads\/2020\/10\/Methodeinscription.mp4<\/a><\/video><\/div><p><strong>Proc\u00e9dure de cr\u00e9ation d\u2019un cours et M\u00e9thode Auto-inscription d\u2019utilisateur de ce cours\u00a0<\/strong><\/p><div style=\"width: 847px;\" class=\"wp-video\"><video class=\"wp-video-shortcode\" id=\"video-2932-3\" width=\"847\" height=\"444\" preload=\"metadata\" controls=\"controls\"><source type=\"video\/mp4\" src=\"https:\/\/https:\/\/www.univ-usto.dz\/faculte\/fac-mecanique\/wp-content\/uploads\/2020\/10\/CreationCours.mp4?_=3\" \/><a href=\"https:\/\/https:\/\/www.univ-usto.dz\/faculte\/fac-mecanique\/wp-content\/uploads\/2020\/10\/CreationCours.mp4\">https:\/\/https:\/\/www.univ-usto.dz\/faculte\/fac-mecanique\/wp-content\/uploads\/2020\/10\/CreationCours.mp4<\/a><\/video><\/div><p><strong>Proc\u00e9dure d&rsquo;<\/strong><strong>Inscription aux cours pour les \u00e9tudiants\u00a0<\/strong><\/p><div style=\"width: 847px;\" class=\"wp-video\"><video class=\"wp-video-shortcode\" id=\"video-2932-4\" width=\"847\" height=\"444\" preload=\"metadata\" controls=\"controls\"><source type=\"video\/mp4\" src=\"https:\/\/https:\/\/www.univ-usto.dz\/faculte\/fac-mecanique\/wp-content\/uploads\/2020\/10\/AcceeEtudiants.mp4?_=4\" \/><a href=\"https:\/\/https:\/\/www.univ-usto.dz\/faculte\/fac-mecanique\/wp-content\/uploads\/2020\/10\/AcceeEtudiants.mp4\">https:\/\/https:\/\/www.univ-usto.dz\/faculte\/fac-mecanique\/wp-content\/uploads\/2020\/10\/AcceeEtudiants.mp4<\/a><\/video><\/div><\/div><\/div><div id=\"ID1584950852248\" class=\"cktype\" data-type=\"video\"><div class=\"inner\">\u00a0<\/div><\/div><\/div><\/div><\/div><\/div><\/div>\t\t\t\t\t\t\t\t<\/div>\n\t\t\t\t<\/div>\n\t\t\t\t\t<\/div>\n\t\t<\/div>\n\t\t\t\t\t<\/div>\n\t\t<\/section>\n\t\t\t\t<\/div>\n\t\t","protected":false},"excerpt":{"rendered":"<p>Plateforme d&rsquo;Enseignement \u00e0 distance Elearning Acc\u00e9dez \u00e0 notre \u00a0Plateforme d&rsquo;apprentissage en ligne (E-learning) MOODLE Guide d&rsquo;utilisation de la\u00a0 Plateforme Moodle T\u00e9l\u00e9charger le guide\u00a0 Suivez les vid\u00e9os en arabe sur notre <a href=\"https:\/\/www.univ-usto.dz\/faculte\/fac-mecanique\/nouveaux-bacheliers-4\/\" class=\"read-more\">Lire la suite &#8230;<\/a><\/p>\n","protected":false},"author":1,"featured_media":0,"parent":0,"menu_order":0,"comment_status":"closed","ping_status":"closed","template":"","meta":{"footnotes":""},"class_list":["post-2932","page","type-page","status-publish","hentry"],"yoast_head":"<!-- This site is optimized with the Yoast SEO plugin v25.3.1 - https:\/\/yoast.com\/wordpress\/plugins\/seo\/ -->\n<title>Plateforme d&#039;Enseignement \u00e0 distance - \u0643\u0644\u064a\u0629 \u0627\u0644\u0647\u0646\u062f\u0633\u0629 \u0627\u0644\u0645\u064a\u0643\u0627\u0646\u0643\u064a\u0629 \u0628\u062c\u0627\u0645\u0639\u0629 \u0648\u0647\u0631\u0627\u0646 \u0644\u0644\u0639\u0644\u0648\u0645 \u0648 \u0627\u0644\u062a\u0643\u0646\u0648\u0644\u0648\u062c\u064a\u0627 \u0645\u062d\u0645\u062f \u0628\u0648\u0636\u064a\u0627\u0641<\/title>\n<meta name=\"robots\" content=\"index, follow, max-snippet:-1, max-image-preview:large, max-video-preview:-1\" \/>\n<link rel=\"canonical\" href=\"https:\/\/www.univ-usto.dz\/faculte\/fac-mecanique\/nouveaux-bacheliers-4\/\" \/>\n<meta property=\"og:locale\" content=\"fr_FR\" \/>\n<meta property=\"og:type\" content=\"article\" \/>\n<meta property=\"og:title\" content=\"Plateforme d&#039;Enseignement \u00e0 distance - \u0643\u0644\u064a\u0629 \u0627\u0644\u0647\u0646\u062f\u0633\u0629 \u0627\u0644\u0645\u064a\u0643\u0627\u0646\u0643\u064a\u0629 \u0628\u062c\u0627\u0645\u0639\u0629 \u0648\u0647\u0631\u0627\u0646 \u0644\u0644\u0639\u0644\u0648\u0645 \u0648 \u0627\u0644\u062a\u0643\u0646\u0648\u0644\u0648\u062c\u064a\u0627 \u0645\u062d\u0645\u062f \u0628\u0648\u0636\u064a\u0627\u0641\" \/>\n<meta property=\"og:description\" content=\"Plateforme d&rsquo;Enseignement \u00e0 distance Elearning Acc\u00e9dez \u00e0 notre \u00a0Plateforme d&rsquo;apprentissage en ligne (E-learning) MOODLE Guide d&rsquo;utilisation de la\u00a0 Plateforme Moodle T\u00e9l\u00e9charger le guide\u00a0 Suivez les vid\u00e9os en arabe sur notre Lire la suite ...\" \/>\n<meta property=\"og:url\" content=\"https:\/\/www.univ-usto.dz\/faculte\/fac-mecanique\/nouveaux-bacheliers-4\/\" \/>\n<meta property=\"og:site_name\" content=\"\u0643\u0644\u064a\u0629 \u0627\u0644\u0647\u0646\u062f\u0633\u0629 \u0627\u0644\u0645\u064a\u0643\u0627\u0646\u0643\u064a\u0629 \u0628\u062c\u0627\u0645\u0639\u0629 \u0648\u0647\u0631\u0627\u0646 \u0644\u0644\u0639\u0644\u0648\u0645 \u0648 \u0627\u0644\u062a\u0643\u0646\u0648\u0644\u0648\u062c\u064a\u0627 \u0645\u062d\u0645\u062f \u0628\u0648\u0636\u064a\u0627\u0641\" \/>\n<meta property=\"article:modified_time\" content=\"2020-12-30T14:47:06+00:00\" \/>\n<meta property=\"og:image\" content=\"http:\/\/www.univ-usto.dz\/faculte\/fac-mecanique\/images\/annonces\/photo_symb\/lien_elearning.png\" \/>\n<meta name=\"twitter:card\" content=\"summary_large_image\" \/>\n<meta name=\"twitter:label1\" content=\"Dur\u00e9e de lecture estim\u00e9e\" \/>\n\t<meta name=\"twitter:data1\" content=\"1 minute\" \/>\n<script type=\"application\/ld+json\" class=\"yoast-schema-graph\">{\"@context\":\"https:\/\/schema.org\",\"@graph\":[{\"@type\":\"WebPage\",\"@id\":\"https:\/\/www.univ-usto.dz\/faculte\/fac-mecanique\/nouveaux-bacheliers-4\/\",\"url\":\"https:\/\/www.univ-usto.dz\/faculte\/fac-mecanique\/nouveaux-bacheliers-4\/\",\"name\":\"Plateforme d'Enseignement \u00e0 distance - \u0643\u0644\u064a\u0629 \u0627\u0644\u0647\u0646\u062f\u0633\u0629 \u0627\u0644\u0645\u064a\u0643\u0627\u0646\u0643\u064a\u0629 \u0628\u062c\u0627\u0645\u0639\u0629 \u0648\u0647\u0631\u0627\u0646 \u0644\u0644\u0639\u0644\u0648\u0645 \u0648 \u0627\u0644\u062a\u0643\u0646\u0648\u0644\u0648\u062c\u064a\u0627 \u0645\u062d\u0645\u062f \u0628\u0648\u0636\u064a\u0627\u0641\",\"isPartOf\":{\"@id\":\"https:\/\/www.univ-usto.dz\/faculte\/fac-mecanique\/#website\"},\"primaryImageOfPage\":{\"@id\":\"https:\/\/www.univ-usto.dz\/faculte\/fac-mecanique\/nouveaux-bacheliers-4\/#primaryimage\"},\"image\":{\"@id\":\"https:\/\/www.univ-usto.dz\/faculte\/fac-mecanique\/nouveaux-bacheliers-4\/#primaryimage\"},\"thumbnailUrl\":\"http:\/\/www.univ-usto.dz\/faculte\/fac-mecanique\/images\/annonces\/photo_symb\/lien_elearning.png\",\"datePublished\":\"2020-09-03T11:23:01+00:00\",\"dateModified\":\"2020-12-30T14:47:06+00:00\",\"breadcrumb\":{\"@id\":\"https:\/\/www.univ-usto.dz\/faculte\/fac-mecanique\/nouveaux-bacheliers-4\/#breadcrumb\"},\"inLanguage\":\"fr-FR\",\"potentialAction\":[{\"@type\":\"ReadAction\",\"target\":[\"https:\/\/www.univ-usto.dz\/faculte\/fac-mecanique\/nouveaux-bacheliers-4\/\"]}]},{\"@type\":\"ImageObject\",\"inLanguage\":\"fr-FR\",\"@id\":\"https:\/\/www.univ-usto.dz\/faculte\/fac-mecanique\/nouveaux-bacheliers-4\/#primaryimage\",\"url\":\"http:\/\/www.univ-usto.dz\/faculte\/fac-mecanique\/images\/annonces\/photo_symb\/lien_elearning.png\",\"contentUrl\":\"http:\/\/www.univ-usto.dz\/faculte\/fac-mecanique\/images\/annonces\/photo_symb\/lien_elearning.png\"},{\"@type\":\"BreadcrumbList\",\"@id\":\"https:\/\/www.univ-usto.dz\/faculte\/fac-mecanique\/nouveaux-bacheliers-4\/#breadcrumb\",\"itemListElement\":[{\"@type\":\"ListItem\",\"position\":1,\"name\":\"Home\",\"item\":\"https:\/\/www.univ-usto.dz\/faculte\/fac-mecanique\/\"},{\"@type\":\"ListItem\",\"position\":2,\"name\":\"Plateforme d&rsquo;Enseignement \u00e0 distance\"}]},{\"@type\":\"WebSite\",\"@id\":\"https:\/\/www.univ-usto.dz\/faculte\/fac-mecanique\/#website\",\"url\":\"https:\/\/www.univ-usto.dz\/faculte\/fac-mecanique\/\",\"name\":\"\u0643\u0644\u064a\u0629 \u0627\u0644\u0647\u0646\u062f\u0633\u0629 \u0627\u0644\u0645\u064a\u0643\u0627\u0646\u0643\u064a\u0629 \u0628\u062c\u0627\u0645\u0639\u0629 \u0648\u0647\u0631\u0627\u0646 \u0644\u0644\u0639\u0644\u0648\u0645 \u0648 \u0627\u0644\u062a\u0643\u0646\u0648\u0644\u0648\u062c\u064a\u0627 \u0645\u062d\u0645\u062f \u0628\u0648\u0636\u064a\u0627\u0641\",\"description\":\"Faculty of Mechanical Engineering \u2013 USTOMB Mohamed-Boudiaf\",\"publisher\":{\"@id\":\"https:\/\/www.univ-usto.dz\/faculte\/fac-mecanique\/#organization\"},\"potentialAction\":[{\"@type\":\"SearchAction\",\"target\":{\"@type\":\"EntryPoint\",\"urlTemplate\":\"https:\/\/www.univ-usto.dz\/faculte\/fac-mecanique\/?s={search_term_string}\"},\"query-input\":{\"@type\":\"PropertyValueSpecification\",\"valueRequired\":true,\"valueName\":\"search_term_string\"}}],\"inLanguage\":\"fr-FR\"},{\"@type\":\"Organization\",\"@id\":\"https:\/\/www.univ-usto.dz\/faculte\/fac-mecanique\/#organization\",\"name\":\"\u0643\u0644\u064a\u0629 \u0627\u0644\u0647\u0646\u062f\u0633\u0629 \u0627\u0644\u0645\u064a\u0643\u0627\u0646\u0643\u064a\u0629 \u0628\u062c\u0627\u0645\u0639\u0629 \u0648\u0647\u0631\u0627\u0646 \u0644\u0644\u0639\u0644\u0648\u0645 \u0648 \u0627\u0644\u062a\u0643\u0646\u0648\u0644\u0648\u062c\u064a\u0627 \u0645\u062d\u0645\u062f \u0628\u0648\u0636\u064a\u0627\u0641\",\"url\":\"https:\/\/www.univ-usto.dz\/faculte\/fac-mecanique\/\",\"logo\":{\"@type\":\"ImageObject\",\"inLanguage\":\"fr-FR\",\"@id\":\"https:\/\/www.univ-usto.dz\/faculte\/fac-mecanique\/#\/schema\/logo\/image\/\",\"url\":\"https:\/\/www.univ-usto.dz\/faculte\/fac-mecanique\/wp-content\/uploads\/2021\/11\/cropped-LOGO-USTO_Modif1-e1601403966860.jpg\",\"contentUrl\":\"https:\/\/www.univ-usto.dz\/faculte\/fac-mecanique\/wp-content\/uploads\/2021\/11\/cropped-LOGO-USTO_Modif1-e1601403966860.jpg\",\"width\":140,\"height\":140,\"caption\":\"\u0643\u0644\u064a\u0629 \u0627\u0644\u0647\u0646\u062f\u0633\u0629 \u0627\u0644\u0645\u064a\u0643\u0627\u0646\u0643\u064a\u0629 \u0628\u062c\u0627\u0645\u0639\u0629 \u0648\u0647\u0631\u0627\u0646 \u0644\u0644\u0639\u0644\u0648\u0645 \u0648 \u0627\u0644\u062a\u0643\u0646\u0648\u0644\u0648\u062c\u064a\u0627 \u0645\u062d\u0645\u062f \u0628\u0648\u0636\u064a\u0627\u0641 \"},\"image\":{\"@id\":\"https:\/\/www.univ-usto.dz\/faculte\/fac-mecanique\/#\/schema\/logo\/image\/\"}}]}<\/script>\n<!-- \/ Yoast SEO plugin. -->","yoast_head_json":{"title":"Plateforme d'Enseignement \u00e0 distance - \u0643\u0644\u064a\u0629 \u0627\u0644\u0647\u0646\u062f\u0633\u0629 \u0627\u0644\u0645\u064a\u0643\u0627\u0646\u0643\u064a\u0629 \u0628\u062c\u0627\u0645\u0639\u0629 \u0648\u0647\u0631\u0627\u0646 \u0644\u0644\u0639\u0644\u0648\u0645 \u0648 \u0627\u0644\u062a\u0643\u0646\u0648\u0644\u0648\u062c\u064a\u0627 \u0645\u062d\u0645\u062f \u0628\u0648\u0636\u064a\u0627\u0641","robots":{"index":"index","follow":"follow","max-snippet":"max-snippet:-1","max-image-preview":"max-image-preview:large","max-video-preview":"max-video-preview:-1"},"canonical":"https:\/\/www.univ-usto.dz\/faculte\/fac-mecanique\/nouveaux-bacheliers-4\/","og_locale":"fr_FR","og_type":"article","og_title":"Plateforme d'Enseignement \u00e0 distance - \u0643\u0644\u064a\u0629 \u0627\u0644\u0647\u0646\u062f\u0633\u0629 \u0627\u0644\u0645\u064a\u0643\u0627\u0646\u0643\u064a\u0629 \u0628\u062c\u0627\u0645\u0639\u0629 \u0648\u0647\u0631\u0627\u0646 \u0644\u0644\u0639\u0644\u0648\u0645 \u0648 \u0627\u0644\u062a\u0643\u0646\u0648\u0644\u0648\u062c\u064a\u0627 \u0645\u062d\u0645\u062f \u0628\u0648\u0636\u064a\u0627\u0641","og_description":"Plateforme d&rsquo;Enseignement \u00e0 distance Elearning Acc\u00e9dez \u00e0 notre \u00a0Plateforme d&rsquo;apprentissage en ligne (E-learning) MOODLE Guide d&rsquo;utilisation de la\u00a0 Plateforme Moodle T\u00e9l\u00e9charger le guide\u00a0 Suivez les vid\u00e9os en arabe sur notre Lire la suite ...","og_url":"https:\/\/www.univ-usto.dz\/faculte\/fac-mecanique\/nouveaux-bacheliers-4\/","og_site_name":"\u0643\u0644\u064a\u0629 \u0627\u0644\u0647\u0646\u062f\u0633\u0629 \u0627\u0644\u0645\u064a\u0643\u0627\u0646\u0643\u064a\u0629 \u0628\u062c\u0627\u0645\u0639\u0629 \u0648\u0647\u0631\u0627\u0646 \u0644\u0644\u0639\u0644\u0648\u0645 \u0648 \u0627\u0644\u062a\u0643\u0646\u0648\u0644\u0648\u062c\u064a\u0627 \u0645\u062d\u0645\u062f \u0628\u0648\u0636\u064a\u0627\u0641","article_modified_time":"2020-12-30T14:47:06+00:00","og_image":[{"url":"http:\/\/www.univ-usto.dz\/faculte\/fac-mecanique\/images\/annonces\/photo_symb\/lien_elearning.png","type":"","width":"","height":""}],"twitter_card":"summary_large_image","twitter_misc":{"Dur\u00e9e de lecture estim\u00e9e":"1 minute"},"schema":{"@context":"https:\/\/schema.org","@graph":[{"@type":"WebPage","@id":"https:\/\/www.univ-usto.dz\/faculte\/fac-mecanique\/nouveaux-bacheliers-4\/","url":"https:\/\/www.univ-usto.dz\/faculte\/fac-mecanique\/nouveaux-bacheliers-4\/","name":"Plateforme d'Enseignement \u00e0 distance - \u0643\u0644\u064a\u0629 \u0627\u0644\u0647\u0646\u062f\u0633\u0629 \u0627\u0644\u0645\u064a\u0643\u0627\u0646\u0643\u064a\u0629 \u0628\u062c\u0627\u0645\u0639\u0629 \u0648\u0647\u0631\u0627\u0646 \u0644\u0644\u0639\u0644\u0648\u0645 \u0648 \u0627\u0644\u062a\u0643\u0646\u0648\u0644\u0648\u062c\u064a\u0627 \u0645\u062d\u0645\u062f \u0628\u0648\u0636\u064a\u0627\u0641","isPartOf":{"@id":"https:\/\/www.univ-usto.dz\/faculte\/fac-mecanique\/#website"},"primaryImageOfPage":{"@id":"https:\/\/www.univ-usto.dz\/faculte\/fac-mecanique\/nouveaux-bacheliers-4\/#primaryimage"},"image":{"@id":"https:\/\/www.univ-usto.dz\/faculte\/fac-mecanique\/nouveaux-bacheliers-4\/#primaryimage"},"thumbnailUrl":"http:\/\/www.univ-usto.dz\/faculte\/fac-mecanique\/images\/annonces\/photo_symb\/lien_elearning.png","datePublished":"2020-09-03T11:23:01+00:00","dateModified":"2020-12-30T14:47:06+00:00","breadcrumb":{"@id":"https:\/\/www.univ-usto.dz\/faculte\/fac-mecanique\/nouveaux-bacheliers-4\/#breadcrumb"},"inLanguage":"fr-FR","potentialAction":[{"@type":"ReadAction","target":["https:\/\/www.univ-usto.dz\/faculte\/fac-mecanique\/nouveaux-bacheliers-4\/"]}]},{"@type":"ImageObject","inLanguage":"fr-FR","@id":"https:\/\/www.univ-usto.dz\/faculte\/fac-mecanique\/nouveaux-bacheliers-4\/#primaryimage","url":"http:\/\/www.univ-usto.dz\/faculte\/fac-mecanique\/images\/annonces\/photo_symb\/lien_elearning.png","contentUrl":"http:\/\/www.univ-usto.dz\/faculte\/fac-mecanique\/images\/annonces\/photo_symb\/lien_elearning.png"},{"@type":"BreadcrumbList","@id":"https:\/\/www.univ-usto.dz\/faculte\/fac-mecanique\/nouveaux-bacheliers-4\/#breadcrumb","itemListElement":[{"@type":"ListItem","position":1,"name":"Home","item":"https:\/\/www.univ-usto.dz\/faculte\/fac-mecanique\/"},{"@type":"ListItem","position":2,"name":"Plateforme d&rsquo;Enseignement \u00e0 distance"}]},{"@type":"WebSite","@id":"https:\/\/www.univ-usto.dz\/faculte\/fac-mecanique\/#website","url":"https:\/\/www.univ-usto.dz\/faculte\/fac-mecanique\/","name":"\u0643\u0644\u064a\u0629 \u0627\u0644\u0647\u0646\u062f\u0633\u0629 \u0627\u0644\u0645\u064a\u0643\u0627\u0646\u0643\u064a\u0629 \u0628\u062c\u0627\u0645\u0639\u0629 \u0648\u0647\u0631\u0627\u0646 \u0644\u0644\u0639\u0644\u0648\u0645 \u0648 \u0627\u0644\u062a\u0643\u0646\u0648\u0644\u0648\u062c\u064a\u0627 \u0645\u062d\u0645\u062f \u0628\u0648\u0636\u064a\u0627\u0641","description":"Faculty of Mechanical Engineering \u2013 USTOMB Mohamed-Boudiaf","publisher":{"@id":"https:\/\/www.univ-usto.dz\/faculte\/fac-mecanique\/#organization"},"potentialAction":[{"@type":"SearchAction","target":{"@type":"EntryPoint","urlTemplate":"https:\/\/www.univ-usto.dz\/faculte\/fac-mecanique\/?s={search_term_string}"},"query-input":{"@type":"PropertyValueSpecification","valueRequired":true,"valueName":"search_term_string"}}],"inLanguage":"fr-FR"},{"@type":"Organization","@id":"https:\/\/www.univ-usto.dz\/faculte\/fac-mecanique\/#organization","name":"\u0643\u0644\u064a\u0629 \u0627\u0644\u0647\u0646\u062f\u0633\u0629 \u0627\u0644\u0645\u064a\u0643\u0627\u0646\u0643\u064a\u0629 \u0628\u062c\u0627\u0645\u0639\u0629 \u0648\u0647\u0631\u0627\u0646 \u0644\u0644\u0639\u0644\u0648\u0645 \u0648 \u0627\u0644\u062a\u0643\u0646\u0648\u0644\u0648\u062c\u064a\u0627 \u0645\u062d\u0645\u062f \u0628\u0648\u0636\u064a\u0627\u0641","url":"https:\/\/www.univ-usto.dz\/faculte\/fac-mecanique\/","logo":{"@type":"ImageObject","inLanguage":"fr-FR","@id":"https:\/\/www.univ-usto.dz\/faculte\/fac-mecanique\/#\/schema\/logo\/image\/","url":"https:\/\/www.univ-usto.dz\/faculte\/fac-mecanique\/wp-content\/uploads\/2021\/11\/cropped-LOGO-USTO_Modif1-e1601403966860.jpg","contentUrl":"https:\/\/www.univ-usto.dz\/faculte\/fac-mecanique\/wp-content\/uploads\/2021\/11\/cropped-LOGO-USTO_Modif1-e1601403966860.jpg","width":140,"height":140,"caption":"\u0643\u0644\u064a\u0629 \u0627\u0644\u0647\u0646\u062f\u0633\u0629 \u0627\u0644\u0645\u064a\u0643\u0627\u0646\u0643\u064a\u0629 \u0628\u062c\u0627\u0645\u0639\u0629 \u0648\u0647\u0631\u0627\u0646 \u0644\u0644\u0639\u0644\u0648\u0645 \u0648 \u0627\u0644\u062a\u0643\u0646\u0648\u0644\u0648\u062c\u064a\u0627 \u0645\u062d\u0645\u062f \u0628\u0648\u0636\u064a\u0627\u0641 "},"image":{"@id":"https:\/\/www.univ-usto.dz\/faculte\/fac-mecanique\/#\/schema\/logo\/image\/"}}]}},"_links":{"self":[{"href":"https:\/\/www.univ-usto.dz\/faculte\/fac-mecanique\/wp-json\/wp\/v2\/pages\/2932","targetHints":{"allow":["GET"]}}],"collection":[{"href":"https:\/\/www.univ-usto.dz\/faculte\/fac-mecanique\/wp-json\/wp\/v2\/pages"}],"about":[{"href":"https:\/\/www.univ-usto.dz\/faculte\/fac-mecanique\/wp-json\/wp\/v2\/types\/page"}],"author":[{"embeddable":true,"href":"https:\/\/www.univ-usto.dz\/faculte\/fac-mecanique\/wp-json\/wp\/v2\/users\/1"}],"replies":[{"embeddable":true,"href":"https:\/\/www.univ-usto.dz\/faculte\/fac-mecanique\/wp-json\/wp\/v2\/comments?post=2932"}],"version-history":[{"count":16,"href":"https:\/\/www.univ-usto.dz\/faculte\/fac-mecanique\/wp-json\/wp\/v2\/pages\/2932\/revisions"}],"predecessor-version":[{"id":9662,"href":"https:\/\/www.univ-usto.dz\/faculte\/fac-mecanique\/wp-json\/wp\/v2\/pages\/2932\/revisions\/9662"}],"wp:attachment":[{"href":"https:\/\/www.univ-usto.dz\/faculte\/fac-mecanique\/wp-json\/wp\/v2\/media?parent=2932"}],"curies":[{"name":"wp","href":"https:\/\/api.w.org\/{rel}","templated":true}]}}