{"id":3075,"date":"2020-09-03T18:23:18","date_gmt":"2020-09-03T18:23:18","guid":{"rendered":"http:\/\/www.univ-usto.dz\/faculte\/fac-mecanique\/?page_id=3075"},"modified":"2020-09-29T19:37:47","modified_gmt":"2020-09-29T19:37:47","slug":"reseaux-internationaux-2","status":"publish","type":"page","link":"https:\/\/www.univ-usto.dz\/faculte\/fac-mecanique\/reseaux-internationaux-2\/","title":{"rendered":"Formation de Perfectionnement"},"content":{"rendered":"\t\t<div data-elementor-type=\"wp-page\" data-elementor-id=\"3075\" class=\"elementor elementor-3075\">\n\t\t\t\t\t\t<section class=\"elementor-section elementor-top-section elementor-element elementor-element-b8dfcfb elementor-section-boxed elementor-section-height-default elementor-section-height-default\" data-id=\"b8dfcfb\" data-element_type=\"section\">\n\t\t\t\t\t\t<div class=\"elementor-container elementor-column-gap-default\">\n\t\t\t\t\t<div class=\"elementor-column elementor-col-33 elementor-top-column elementor-element elementor-element-6b6cccc\" data-id=\"6b6cccc\" data-element_type=\"column\">\n\t\t\t<div class=\"elementor-widget-wrap elementor-element-populated\">\n\t\t\t\t\t\t<div class=\"elementor-element elementor-element-59ac498 elementor-widget elementor-widget-wp-widget-bellows_navigation_widget\" data-id=\"59ac498\" data-element_type=\"widget\" data-widget_type=\"wp-widget-bellows_navigation_widget.default\">\n\t\t\t\t<div class=\"elementor-widget-container\">\n\t\t\t\t\t<nav id=\"bellows-main-118\" class=\"bellows bellows-nojs bellows-main bellows-source-menu bellows-align-full bellows-skin-vanilla bellows-type-\"><ul id=\"menu-international\" class=\"bellows-nav\" data-bellows-config=\"main\"><li id=\"menu-item-5825\" class=\"bellows-menu-item bellows-menu-item-type-post_type bellows-menu-item-object-page bellows-menu-item-5825 bellows-item-level-0\"><a  href=\"https:\/\/www.univ-usto.dz\/faculte\/fac-mecanique\/programme-erasmus\/\" class=\"bellows-target\"><span class=\"bellows-target-title bellows-target-text\">Programme Erasmus+<\/span><\/a><\/li>\n<li id=\"menu-item-4031\" class=\"bellows-menu-item bellows-menu-item-type-post_type bellows-menu-item-object-page bellows-menu-item-4031 bellows-item-level-0\"><a  href=\"https:\/\/www.univ-usto.dz\/faculte\/fac-mecanique\/convention-international-2\/\" class=\"bellows-target\"><span class=\"bellows-target-title bellows-target-text\">Universit\u00e9s partenaire Erasmus+<\/span><\/a><\/li>\n<li id=\"menu-item-5842\" class=\"bellows-menu-item bellows-menu-item-type-post_type bellows-menu-item-object-page bellows-menu-item-5842 bellows-item-level-0\"><a  href=\"https:\/\/www.univ-usto.dz\/faculte\/fac-mecanique\/etudiants-etranger\/\" class=\"bellows-target\"><span class=\"bellows-target-title bellows-target-text\">Etudiants internationaux<\/span><\/a><\/li>\n<li id=\"menu-item-4668\" class=\"bellows-menu-item bellows-menu-item-type-post_type bellows-menu-item-object-page bellows-menu-item-4668 bellows-item-level-0\"><a  href=\"https:\/\/www.univ-usto.dz\/faculte\/fac-mecanique\/convention-international\/\" class=\"bellows-target\"><span class=\"bellows-target-title bellows-target-text\">Conventions internationales<\/span><\/a><\/li>\n<li id=\"menu-item-3266\" class=\"bellows-menu-item bellows-menu-item-type-post_type bellows-menu-item-object-page bellows-menu-item-3266 bellows-item-level-0\"><a  href=\"https:\/\/www.univ-usto.dz\/faculte\/fac-mecanique\/reseaux-internationaux-2\/\" class=\"bellows-target\"><span class=\"bellows-target-title bellows-target-text\">Formation \u00e0 l&rsquo;\u00e9tranger<\/span><\/a><\/li>\n<li id=\"menu-item-10959\" class=\"bellows-menu-item bellows-menu-item-type-post_type bellows-menu-item-object-page bellows-menu-item-10959 bellows-item-level-0\"><a  href=\"https:\/\/www.univ-usto.dz\/faculte\/fac-mecanique\/huawei\/\" class=\"bellows-target\"><span class=\"bellows-target-title bellows-target-text\">Huawei ICT Academy Program of USTO-MB<\/span><\/a><\/li>\n<\/ul><\/nav>\t\t\t\t<\/div>\n\t\t\t\t<\/div>\n\t\t\t\t\t<\/div>\n\t\t<\/div>\n\t\t\t\t<div class=\"elementor-column elementor-col-66 elementor-top-column elementor-element elementor-element-39402fd\" data-id=\"39402fd\" data-element_type=\"column\">\n\t\t\t<div class=\"elementor-widget-wrap elementor-element-populated\">\n\t\t\t\t\t\t<div class=\"elementor-element elementor-element-92fa68d elementor-widget elementor-widget-elementskit-heading\" data-id=\"92fa68d\" data-element_type=\"widget\" data-widget_type=\"elementskit-heading.default\">\n\t\t\t\t<div class=\"elementor-widget-container\">\n\t\t\t\t\t<div class=\"ekit-wid-con\" ><div class=\"ekit-heading elementskit-section-title-wraper text_left   ekit_heading_tablet-   ekit_heading_mobile-\"><h3 class=\"ekit-heading--title elementskit-section-title \">Formation de Perfectionnement<\/h3><div class=\"ekit_heading_separetor_wraper ekit_heading_elementskit-border-divider ekit-dotted\"><div class=\"elementskit-border-divider ekit-dotted\"><\/div><\/div><\/div><\/div>\t\t\t\t<\/div>\n\t\t\t\t<\/div>\n\t\t\t\t<div class=\"elementor-element elementor-element-ba21dbd elementor-widget elementor-widget-text-editor\" data-id=\"ba21dbd\" data-element_type=\"widget\" data-widget_type=\"text-editor.default\">\n\t\t\t\t<div class=\"elementor-widget-container\">\n\t\t\t\t\t\t\t\t\t<p><strong>Formation \u00e0 <\/strong><b>L\u2019\u00e9tranger<\/b><\/p><p><img decoding=\"async\" src=\"https:\/\/https:\/\/www.univ-usto.dz\/faculte\/fac-mecanique\/site_divers\/vrre\/images\/stage_letrange2.jpg\" alt=\"stage letrange2\" width=\"241\" height=\"142\" \/><\/p><p>Le perfectionnement \u00e0 l\u2019\u00e9tranger est organis\u00e9 dans les domaines\u00a0\u00a0 qui pr\u00e9sentent un int\u00e9r\u00eat av\u00e9r\u00e9 pour l\u2019administration ou l\u2019\u00e9tablissement concern\u00e9.<\/p><p><strong>Les Stages de perfectionnement \u00e0 l\u2019\u00e9tranger\u00a0<\/strong>\u00a0<\/p><p>sont organis\u00e9s \u00e0 l\u2019intention des cat\u00e9gories suivantes\u00a0:<\/p><p><strong>Les Enseignants\u00a0<\/strong><\/p><p>Les enseignants chercheurs, les enseignants chercheurs hospitalo-universitaire, les chercheurs permanents pr\u00e9parant une th\u00e8se de doctorat.<\/p><p><strong>Les Etudiants\u00a0<\/strong><\/p><p>Les \u00e9tudiants non salari\u00e9s inscrit en doctorat, les \u00e9tudiants inscrits en 2\u00e9me ann\u00e9e de master ou de magister et les r\u00e9sidents en sciences m\u00e9dicales en cours de formation.<\/p><p><strong>Les personnels administratifs et techniques\u00a0<\/strong><br \/>Les personnels administratifs et technique des administrations et \u00e9tablissements publics.<\/p><p>Les formulaires relatifs au perfectionnement \u00e0 l\u2019\u00e9tranger conform\u00e9ment \u00e0 l\u2019instruction minist\u00e9rielle N\u00b0 05 du 01\/12\/2015.<\/p><p><strong>T\u00e9l\u00e9charger\u00a0<\/strong>:<\/p><ul><li><strong><a href=\"https:\/\/https:\/\/www.univ-usto.dz\/faculte\/fac-mecanique\/site_divers\/vrre\/images\/dossier_stages_de_courte_dur%C3%A9e_4.docx\" target=\"_blank\" rel=\"noopener\">Dossier a fournir pour un stage.<\/a><\/strong><\/li><li><strong><a href=\"https:\/\/https:\/\/www.univ-usto.dz\/faculte\/fac-mecanique\/site_divers\/vrre\/images\/FICHE_DE_CANDIDATURE_STAGE_COURTE_DUREE_1.docx\" target=\"_blank\" rel=\"noopener\">Fiche de candidature.<\/a><\/strong><\/li><\/ul><p><strong>\u00a0Texte de r\u00e9f\u00e9rence<\/strong><\/p><p><img decoding=\"async\" src=\"https:\/\/https:\/\/www.univ-usto.dz\/faculte\/fac-mecanique\/site_divers\/vrre\/images\/loi.png\" alt=\"loi\" width=\"122\" height=\"57\" \/><\/p><ul><li><strong><a href=\"https:\/\/https:\/\/www.univ-usto.dz\/faculte\/fac-mecanique\/site_divers\/vrre\/images\/14-196.pdf\" target=\"_blank\" rel=\"noopener\">D\u00e9cret pr\u00e9sidentiel n\u00b014-196du 8 Rajab 1435 correspondant au 6 juillet 2014 portant\u00a0<\/a><\/strong><strong><a href=\"https:\/\/https:\/\/www.univ-usto.dz\/faculte\/fac-mecanique\/site_divers\/vrre\/images\/14-196.pdf\">organisation et gestion de la formation et du perfectionnement \u00e0 l&rsquo;\u00e9tranger<\/a><\/strong><\/li><li><strong>\u00a0<a href=\"https:\/\/services.mesrs.dz\/DEJA\/fichiers_sommaire_des_textes\/193%20bis%20fr.pdf\" target=\"_blank\" rel=\"noopener\">J.O.R.A.D.P ann\u00e9e 2014, n\u00b0 42, pages 11- 15<\/a>.\u00a0<\/strong><\/li><li><strong><a href=\"https:\/\/https:\/\/www.univ-usto.dz\/faculte\/fac-mecanique\/dup\/wpt\/wp-content\/uploads\/2020\/09\/instruction_01_version_francais.pdf\" target=\"_blank\" rel=\"noopener\">Instruction N\u00b0 01 du 17 avril 2017 relative au perfectionnement \u00e0 l&rsquo;\u00e9tranger.<\/a><\/strong><\/li><\/ul>\t\t\t\t\t\t\t\t<\/div>\n\t\t\t\t<\/div>\n\t\t\t\t\t<\/div>\n\t\t<\/div>\n\t\t\t\t\t<\/div>\n\t\t<\/section>\n\t\t\t\t<section class=\"elementor-section elementor-top-section elementor-element elementor-element-03a64e4 elementor-section-boxed elementor-section-height-default elementor-section-height-default\" data-id=\"03a64e4\" data-element_type=\"section\">\n\t\t\t\t\t\t<div class=\"elementor-container elementor-column-gap-default\">\n\t\t\t\t\t<div class=\"elementor-column elementor-col-100 elementor-top-column elementor-element elementor-element-14654b5\" data-id=\"14654b5\" data-element_type=\"column\">\n\t\t\t<div class=\"elementor-widget-wrap elementor-element-populated\">\n\t\t\t\t\t\t\t<\/div>\n\t\t<\/div>\n\t\t\t\t\t<\/div>\n\t\t<\/section>\n\t\t\t\t<\/div>\n\t\t","protected":false},"excerpt":{"rendered":"<p>Formation de Perfectionnement Formation \u00e0 L\u2019\u00e9tranger Le perfectionnement \u00e0 l\u2019\u00e9tranger est organis\u00e9 dans les domaines\u00a0\u00a0 qui pr\u00e9sentent un int\u00e9r\u00eat av\u00e9r\u00e9 pour l\u2019administration ou l\u2019\u00e9tablissement concern\u00e9. Les Stages de perfectionnement \u00e0 <a href=\"https:\/\/www.univ-usto.dz\/faculte\/fac-mecanique\/reseaux-internationaux-2\/\" class=\"read-more\">Lire la suite &#8230;<\/a><\/p>\n","protected":false},"author":1,"featured_media":0,"parent":0,"menu_order":0,"comment_status":"closed","ping_status":"closed","template":"","meta":{"footnotes":""},"class_list":["post-3075","page","type-page","status-publish","hentry"],"yoast_head":"<!-- This site is optimized with the Yoast SEO plugin v25.3.1 - https:\/\/yoast.com\/wordpress\/plugins\/seo\/ -->\n<title>Formation de Perfectionnement - \u0643\u0644\u064a\u0629 \u0627\u0644\u0647\u0646\u062f\u0633\u0629 \u0627\u0644\u0645\u064a\u0643\u0627\u0646\u0643\u064a\u0629 \u0628\u062c\u0627\u0645\u0639\u0629 \u0648\u0647\u0631\u0627\u0646 \u0644\u0644\u0639\u0644\u0648\u0645 \u0648 \u0627\u0644\u062a\u0643\u0646\u0648\u0644\u0648\u062c\u064a\u0627 \u0645\u062d\u0645\u062f \u0628\u0648\u0636\u064a\u0627\u0641<\/title>\n<meta name=\"robots\" content=\"index, follow, max-snippet:-1, max-image-preview:large, max-video-preview:-1\" \/>\n<link rel=\"canonical\" href=\"https:\/\/www.univ-usto.dz\/faculte\/fac-mecanique\/reseaux-internationaux-2\/\" \/>\n<meta property=\"og:locale\" content=\"fr_FR\" \/>\n<meta property=\"og:type\" content=\"article\" \/>\n<meta property=\"og:title\" content=\"Formation de Perfectionnement - \u0643\u0644\u064a\u0629 \u0627\u0644\u0647\u0646\u062f\u0633\u0629 \u0627\u0644\u0645\u064a\u0643\u0627\u0646\u0643\u064a\u0629 \u0628\u062c\u0627\u0645\u0639\u0629 \u0648\u0647\u0631\u0627\u0646 \u0644\u0644\u0639\u0644\u0648\u0645 \u0648 \u0627\u0644\u062a\u0643\u0646\u0648\u0644\u0648\u062c\u064a\u0627 \u0645\u062d\u0645\u062f \u0628\u0648\u0636\u064a\u0627\u0641\" \/>\n<meta property=\"og:description\" content=\"Formation de Perfectionnement Formation \u00e0 L\u2019\u00e9tranger Le perfectionnement \u00e0 l\u2019\u00e9tranger est organis\u00e9 dans les domaines\u00a0\u00a0 qui pr\u00e9sentent un int\u00e9r\u00eat av\u00e9r\u00e9 pour l\u2019administration ou l\u2019\u00e9tablissement concern\u00e9. Les Stages de perfectionnement \u00e0 Lire la suite ...\" \/>\n<meta property=\"og:url\" content=\"https:\/\/www.univ-usto.dz\/faculte\/fac-mecanique\/reseaux-internationaux-2\/\" \/>\n<meta property=\"og:site_name\" content=\"\u0643\u0644\u064a\u0629 \u0627\u0644\u0647\u0646\u062f\u0633\u0629 \u0627\u0644\u0645\u064a\u0643\u0627\u0646\u0643\u064a\u0629 \u0628\u062c\u0627\u0645\u0639\u0629 \u0648\u0647\u0631\u0627\u0646 \u0644\u0644\u0639\u0644\u0648\u0645 \u0648 \u0627\u0644\u062a\u0643\u0646\u0648\u0644\u0648\u062c\u064a\u0627 \u0645\u062d\u0645\u062f \u0628\u0648\u0636\u064a\u0627\u0641\" \/>\n<meta property=\"article:modified_time\" content=\"2020-09-29T19:37:47+00:00\" \/>\n<meta property=\"og:image\" content=\"http:\/\/www.univ-usto.dz\/faculte\/fac-mecanique\/site_divers\/vrre\/images\/stage_letrange2.jpg\" \/>\n<meta name=\"twitter:card\" content=\"summary_large_image\" \/>\n<meta name=\"twitter:label1\" content=\"Dur\u00e9e de lecture estim\u00e9e\" \/>\n\t<meta name=\"twitter:data1\" content=\"1 minute\" \/>\n<script type=\"application\/ld+json\" class=\"yoast-schema-graph\">{\"@context\":\"https:\/\/schema.org\",\"@graph\":[{\"@type\":\"WebPage\",\"@id\":\"https:\/\/www.univ-usto.dz\/faculte\/fac-mecanique\/reseaux-internationaux-2\/\",\"url\":\"https:\/\/www.univ-usto.dz\/faculte\/fac-mecanique\/reseaux-internationaux-2\/\",\"name\":\"Formation de Perfectionnement - \u0643\u0644\u064a\u0629 \u0627\u0644\u0647\u0646\u062f\u0633\u0629 \u0627\u0644\u0645\u064a\u0643\u0627\u0646\u0643\u064a\u0629 \u0628\u062c\u0627\u0645\u0639\u0629 \u0648\u0647\u0631\u0627\u0646 \u0644\u0644\u0639\u0644\u0648\u0645 \u0648 \u0627\u0644\u062a\u0643\u0646\u0648\u0644\u0648\u062c\u064a\u0627 \u0645\u062d\u0645\u062f \u0628\u0648\u0636\u064a\u0627\u0641\",\"isPartOf\":{\"@id\":\"https:\/\/www.univ-usto.dz\/faculte\/fac-mecanique\/#website\"},\"primaryImageOfPage\":{\"@id\":\"https:\/\/www.univ-usto.dz\/faculte\/fac-mecanique\/reseaux-internationaux-2\/#primaryimage\"},\"image\":{\"@id\":\"https:\/\/www.univ-usto.dz\/faculte\/fac-mecanique\/reseaux-internationaux-2\/#primaryimage\"},\"thumbnailUrl\":\"http:\/\/www.univ-usto.dz\/faculte\/fac-mecanique\/site_divers\/vrre\/images\/stage_letrange2.jpg\",\"datePublished\":\"2020-09-03T18:23:18+00:00\",\"dateModified\":\"2020-09-29T19:37:47+00:00\",\"breadcrumb\":{\"@id\":\"https:\/\/www.univ-usto.dz\/faculte\/fac-mecanique\/reseaux-internationaux-2\/#breadcrumb\"},\"inLanguage\":\"fr-FR\",\"potentialAction\":[{\"@type\":\"ReadAction\",\"target\":[\"https:\/\/www.univ-usto.dz\/faculte\/fac-mecanique\/reseaux-internationaux-2\/\"]}]},{\"@type\":\"ImageObject\",\"inLanguage\":\"fr-FR\",\"@id\":\"https:\/\/www.univ-usto.dz\/faculte\/fac-mecanique\/reseaux-internationaux-2\/#primaryimage\",\"url\":\"http:\/\/www.univ-usto.dz\/faculte\/fac-mecanique\/site_divers\/vrre\/images\/stage_letrange2.jpg\",\"contentUrl\":\"http:\/\/www.univ-usto.dz\/faculte\/fac-mecanique\/site_divers\/vrre\/images\/stage_letrange2.jpg\"},{\"@type\":\"BreadcrumbList\",\"@id\":\"https:\/\/www.univ-usto.dz\/faculte\/fac-mecanique\/reseaux-internationaux-2\/#breadcrumb\",\"itemListElement\":[{\"@type\":\"ListItem\",\"position\":1,\"name\":\"Home\",\"item\":\"https:\/\/www.univ-usto.dz\/faculte\/fac-mecanique\/\"},{\"@type\":\"ListItem\",\"position\":2,\"name\":\"Formation de Perfectionnement\"}]},{\"@type\":\"WebSite\",\"@id\":\"https:\/\/www.univ-usto.dz\/faculte\/fac-mecanique\/#website\",\"url\":\"https:\/\/www.univ-usto.dz\/faculte\/fac-mecanique\/\",\"name\":\"\u0643\u0644\u064a\u0629 \u0627\u0644\u0647\u0646\u062f\u0633\u0629 \u0627\u0644\u0645\u064a\u0643\u0627\u0646\u0643\u064a\u0629 \u0628\u062c\u0627\u0645\u0639\u0629 \u0648\u0647\u0631\u0627\u0646 \u0644\u0644\u0639\u0644\u0648\u0645 \u0648 \u0627\u0644\u062a\u0643\u0646\u0648\u0644\u0648\u062c\u064a\u0627 \u0645\u062d\u0645\u062f \u0628\u0648\u0636\u064a\u0627\u0641\",\"description\":\"Faculty of Mechanical Engineering \u2013 USTOMB Mohamed-Boudiaf\",\"publisher\":{\"@id\":\"https:\/\/www.univ-usto.dz\/faculte\/fac-mecanique\/#organization\"},\"potentialAction\":[{\"@type\":\"SearchAction\",\"target\":{\"@type\":\"EntryPoint\",\"urlTemplate\":\"https:\/\/www.univ-usto.dz\/faculte\/fac-mecanique\/?s={search_term_string}\"},\"query-input\":{\"@type\":\"PropertyValueSpecification\",\"valueRequired\":true,\"valueName\":\"search_term_string\"}}],\"inLanguage\":\"fr-FR\"},{\"@type\":\"Organization\",\"@id\":\"https:\/\/www.univ-usto.dz\/faculte\/fac-mecanique\/#organization\",\"name\":\"\u0643\u0644\u064a\u0629 \u0627\u0644\u0647\u0646\u062f\u0633\u0629 \u0627\u0644\u0645\u064a\u0643\u0627\u0646\u0643\u064a\u0629 \u0628\u062c\u0627\u0645\u0639\u0629 \u0648\u0647\u0631\u0627\u0646 \u0644\u0644\u0639\u0644\u0648\u0645 \u0648 \u0627\u0644\u062a\u0643\u0646\u0648\u0644\u0648\u062c\u064a\u0627 \u0645\u062d\u0645\u062f \u0628\u0648\u0636\u064a\u0627\u0641\",\"url\":\"https:\/\/www.univ-usto.dz\/faculte\/fac-mecanique\/\",\"logo\":{\"@type\":\"ImageObject\",\"inLanguage\":\"fr-FR\",\"@id\":\"https:\/\/www.univ-usto.dz\/faculte\/fac-mecanique\/#\/schema\/logo\/image\/\",\"url\":\"https:\/\/www.univ-usto.dz\/faculte\/fac-mecanique\/wp-content\/uploads\/2021\/11\/cropped-LOGO-USTO_Modif1-e1601403966860.jpg\",\"contentUrl\":\"https:\/\/www.univ-usto.dz\/faculte\/fac-mecanique\/wp-content\/uploads\/2021\/11\/cropped-LOGO-USTO_Modif1-e1601403966860.jpg\",\"width\":140,\"height\":140,\"caption\":\"\u0643\u0644\u064a\u0629 \u0627\u0644\u0647\u0646\u062f\u0633\u0629 \u0627\u0644\u0645\u064a\u0643\u0627\u0646\u0643\u064a\u0629 \u0628\u062c\u0627\u0645\u0639\u0629 \u0648\u0647\u0631\u0627\u0646 \u0644\u0644\u0639\u0644\u0648\u0645 \u0648 \u0627\u0644\u062a\u0643\u0646\u0648\u0644\u0648\u062c\u064a\u0627 \u0645\u062d\u0645\u062f \u0628\u0648\u0636\u064a\u0627\u0641 \"},\"image\":{\"@id\":\"https:\/\/www.univ-usto.dz\/faculte\/fac-mecanique\/#\/schema\/logo\/image\/\"}}]}<\/script>\n<!-- \/ Yoast SEO plugin. -->","yoast_head_json":{"title":"Formation de Perfectionnement - \u0643\u0644\u064a\u0629 \u0627\u0644\u0647\u0646\u062f\u0633\u0629 \u0627\u0644\u0645\u064a\u0643\u0627\u0646\u0643\u064a\u0629 \u0628\u062c\u0627\u0645\u0639\u0629 \u0648\u0647\u0631\u0627\u0646 \u0644\u0644\u0639\u0644\u0648\u0645 \u0648 \u0627\u0644\u062a\u0643\u0646\u0648\u0644\u0648\u062c\u064a\u0627 \u0645\u062d\u0645\u062f \u0628\u0648\u0636\u064a\u0627\u0641","robots":{"index":"index","follow":"follow","max-snippet":"max-snippet:-1","max-image-preview":"max-image-preview:large","max-video-preview":"max-video-preview:-1"},"canonical":"https:\/\/www.univ-usto.dz\/faculte\/fac-mecanique\/reseaux-internationaux-2\/","og_locale":"fr_FR","og_type":"article","og_title":"Formation de Perfectionnement - \u0643\u0644\u064a\u0629 \u0627\u0644\u0647\u0646\u062f\u0633\u0629 \u0627\u0644\u0645\u064a\u0643\u0627\u0646\u0643\u064a\u0629 \u0628\u062c\u0627\u0645\u0639\u0629 \u0648\u0647\u0631\u0627\u0646 \u0644\u0644\u0639\u0644\u0648\u0645 \u0648 \u0627\u0644\u062a\u0643\u0646\u0648\u0644\u0648\u062c\u064a\u0627 \u0645\u062d\u0645\u062f \u0628\u0648\u0636\u064a\u0627\u0641","og_description":"Formation de Perfectionnement Formation \u00e0 L\u2019\u00e9tranger Le perfectionnement \u00e0 l\u2019\u00e9tranger est organis\u00e9 dans les domaines\u00a0\u00a0 qui pr\u00e9sentent un int\u00e9r\u00eat av\u00e9r\u00e9 pour l\u2019administration ou l\u2019\u00e9tablissement concern\u00e9. Les Stages de perfectionnement \u00e0 Lire la suite ...","og_url":"https:\/\/www.univ-usto.dz\/faculte\/fac-mecanique\/reseaux-internationaux-2\/","og_site_name":"\u0643\u0644\u064a\u0629 \u0627\u0644\u0647\u0646\u062f\u0633\u0629 \u0627\u0644\u0645\u064a\u0643\u0627\u0646\u0643\u064a\u0629 \u0628\u062c\u0627\u0645\u0639\u0629 \u0648\u0647\u0631\u0627\u0646 \u0644\u0644\u0639\u0644\u0648\u0645 \u0648 \u0627\u0644\u062a\u0643\u0646\u0648\u0644\u0648\u062c\u064a\u0627 \u0645\u062d\u0645\u062f \u0628\u0648\u0636\u064a\u0627\u0641","article_modified_time":"2020-09-29T19:37:47+00:00","og_image":[{"url":"http:\/\/www.univ-usto.dz\/faculte\/fac-mecanique\/site_divers\/vrre\/images\/stage_letrange2.jpg","type":"","width":"","height":""}],"twitter_card":"summary_large_image","twitter_misc":{"Dur\u00e9e de lecture estim\u00e9e":"1 minute"},"schema":{"@context":"https:\/\/schema.org","@graph":[{"@type":"WebPage","@id":"https:\/\/www.univ-usto.dz\/faculte\/fac-mecanique\/reseaux-internationaux-2\/","url":"https:\/\/www.univ-usto.dz\/faculte\/fac-mecanique\/reseaux-internationaux-2\/","name":"Formation de Perfectionnement - \u0643\u0644\u064a\u0629 \u0627\u0644\u0647\u0646\u062f\u0633\u0629 \u0627\u0644\u0645\u064a\u0643\u0627\u0646\u0643\u064a\u0629 \u0628\u062c\u0627\u0645\u0639\u0629 \u0648\u0647\u0631\u0627\u0646 \u0644\u0644\u0639\u0644\u0648\u0645 \u0648 \u0627\u0644\u062a\u0643\u0646\u0648\u0644\u0648\u062c\u064a\u0627 \u0645\u062d\u0645\u062f \u0628\u0648\u0636\u064a\u0627\u0641","isPartOf":{"@id":"https:\/\/www.univ-usto.dz\/faculte\/fac-mecanique\/#website"},"primaryImageOfPage":{"@id":"https:\/\/www.univ-usto.dz\/faculte\/fac-mecanique\/reseaux-internationaux-2\/#primaryimage"},"image":{"@id":"https:\/\/www.univ-usto.dz\/faculte\/fac-mecanique\/reseaux-internationaux-2\/#primaryimage"},"thumbnailUrl":"http:\/\/www.univ-usto.dz\/faculte\/fac-mecanique\/site_divers\/vrre\/images\/stage_letrange2.jpg","datePublished":"2020-09-03T18:23:18+00:00","dateModified":"2020-09-29T19:37:47+00:00","breadcrumb":{"@id":"https:\/\/www.univ-usto.dz\/faculte\/fac-mecanique\/reseaux-internationaux-2\/#breadcrumb"},"inLanguage":"fr-FR","potentialAction":[{"@type":"ReadAction","target":["https:\/\/www.univ-usto.dz\/faculte\/fac-mecanique\/reseaux-internationaux-2\/"]}]},{"@type":"ImageObject","inLanguage":"fr-FR","@id":"https:\/\/www.univ-usto.dz\/faculte\/fac-mecanique\/reseaux-internationaux-2\/#primaryimage","url":"http:\/\/www.univ-usto.dz\/faculte\/fac-mecanique\/site_divers\/vrre\/images\/stage_letrange2.jpg","contentUrl":"http:\/\/www.univ-usto.dz\/faculte\/fac-mecanique\/site_divers\/vrre\/images\/stage_letrange2.jpg"},{"@type":"BreadcrumbList","@id":"https:\/\/www.univ-usto.dz\/faculte\/fac-mecanique\/reseaux-internationaux-2\/#breadcrumb","itemListElement":[{"@type":"ListItem","position":1,"name":"Home","item":"https:\/\/www.univ-usto.dz\/faculte\/fac-mecanique\/"},{"@type":"ListItem","position":2,"name":"Formation de Perfectionnement"}]},{"@type":"WebSite","@id":"https:\/\/www.univ-usto.dz\/faculte\/fac-mecanique\/#website","url":"https:\/\/www.univ-usto.dz\/faculte\/fac-mecanique\/","name":"\u0643\u0644\u064a\u0629 \u0627\u0644\u0647\u0646\u062f\u0633\u0629 \u0627\u0644\u0645\u064a\u0643\u0627\u0646\u0643\u064a\u0629 \u0628\u062c\u0627\u0645\u0639\u0629 \u0648\u0647\u0631\u0627\u0646 \u0644\u0644\u0639\u0644\u0648\u0645 \u0648 \u0627\u0644\u062a\u0643\u0646\u0648\u0644\u0648\u062c\u064a\u0627 \u0645\u062d\u0645\u062f \u0628\u0648\u0636\u064a\u0627\u0641","description":"Faculty of Mechanical Engineering \u2013 USTOMB Mohamed-Boudiaf","publisher":{"@id":"https:\/\/www.univ-usto.dz\/faculte\/fac-mecanique\/#organization"},"potentialAction":[{"@type":"SearchAction","target":{"@type":"EntryPoint","urlTemplate":"https:\/\/www.univ-usto.dz\/faculte\/fac-mecanique\/?s={search_term_string}"},"query-input":{"@type":"PropertyValueSpecification","valueRequired":true,"valueName":"search_term_string"}}],"inLanguage":"fr-FR"},{"@type":"Organization","@id":"https:\/\/www.univ-usto.dz\/faculte\/fac-mecanique\/#organization","name":"\u0643\u0644\u064a\u0629 \u0627\u0644\u0647\u0646\u062f\u0633\u0629 \u0627\u0644\u0645\u064a\u0643\u0627\u0646\u0643\u064a\u0629 \u0628\u062c\u0627\u0645\u0639\u0629 \u0648\u0647\u0631\u0627\u0646 \u0644\u0644\u0639\u0644\u0648\u0645 \u0648 \u0627\u0644\u062a\u0643\u0646\u0648\u0644\u0648\u062c\u064a\u0627 \u0645\u062d\u0645\u062f \u0628\u0648\u0636\u064a\u0627\u0641","url":"https:\/\/www.univ-usto.dz\/faculte\/fac-mecanique\/","logo":{"@type":"ImageObject","inLanguage":"fr-FR","@id":"https:\/\/www.univ-usto.dz\/faculte\/fac-mecanique\/#\/schema\/logo\/image\/","url":"https:\/\/www.univ-usto.dz\/faculte\/fac-mecanique\/wp-content\/uploads\/2021\/11\/cropped-LOGO-USTO_Modif1-e1601403966860.jpg","contentUrl":"https:\/\/www.univ-usto.dz\/faculte\/fac-mecanique\/wp-content\/uploads\/2021\/11\/cropped-LOGO-USTO_Modif1-e1601403966860.jpg","width":140,"height":140,"caption":"\u0643\u0644\u064a\u0629 \u0627\u0644\u0647\u0646\u062f\u0633\u0629 \u0627\u0644\u0645\u064a\u0643\u0627\u0646\u0643\u064a\u0629 \u0628\u062c\u0627\u0645\u0639\u0629 \u0648\u0647\u0631\u0627\u0646 \u0644\u0644\u0639\u0644\u0648\u0645 \u0648 \u0627\u0644\u062a\u0643\u0646\u0648\u0644\u0648\u062c\u064a\u0627 \u0645\u062d\u0645\u062f \u0628\u0648\u0636\u064a\u0627\u0641 "},"image":{"@id":"https:\/\/www.univ-usto.dz\/faculte\/fac-mecanique\/#\/schema\/logo\/image\/"}}]}},"_links":{"self":[{"href":"https:\/\/www.univ-usto.dz\/faculte\/fac-mecanique\/wp-json\/wp\/v2\/pages\/3075","targetHints":{"allow":["GET"]}}],"collection":[{"href":"https:\/\/www.univ-usto.dz\/faculte\/fac-mecanique\/wp-json\/wp\/v2\/pages"}],"about":[{"href":"https:\/\/www.univ-usto.dz\/faculte\/fac-mecanique\/wp-json\/wp\/v2\/types\/page"}],"author":[{"embeddable":true,"href":"https:\/\/www.univ-usto.dz\/faculte\/fac-mecanique\/wp-json\/wp\/v2\/users\/1"}],"replies":[{"embeddable":true,"href":"https:\/\/www.univ-usto.dz\/faculte\/fac-mecanique\/wp-json\/wp\/v2\/comments?post=3075"}],"version-history":[{"count":19,"href":"https:\/\/www.univ-usto.dz\/faculte\/fac-mecanique\/wp-json\/wp\/v2\/pages\/3075\/revisions"}],"predecessor-version":[{"id":6259,"href":"https:\/\/www.univ-usto.dz\/faculte\/fac-mecanique\/wp-json\/wp\/v2\/pages\/3075\/revisions\/6259"}],"wp:attachment":[{"href":"https:\/\/www.univ-usto.dz\/faculte\/fac-mecanique\/wp-json\/wp\/v2\/media?parent=3075"}],"curies":[{"name":"wp","href":"https:\/\/api.w.org\/{rel}","templated":true}]}}