{"id":601,"date":"2020-09-01T13:24:47","date_gmt":"2020-09-01T13:24:47","guid":{"rendered":"http:\/\/www.univ-usto.dz\/faculte\/fac-mecanique\/?page_id=601"},"modified":"2020-09-29T19:28:46","modified_gmt":"2020-09-29T19:28:46","slug":"inscription-en-master","status":"publish","type":"page","link":"https:\/\/www.univ-usto.dz\/faculte\/fac-mecanique\/inscription-en-master\/","title":{"rendered":"Cong\u00e9 Acad\u00e9mique"},"content":{"rendered":"\t\t<div data-elementor-type=\"wp-page\" data-elementor-id=\"601\" class=\"elementor elementor-601\">\n\t\t\t\t\t\t<section class=\"elementor-section elementor-top-section elementor-element elementor-element-703bbe4 elementor-section-boxed elementor-section-height-default elementor-section-height-default\" data-id=\"703bbe4\" data-element_type=\"section\">\n\t\t\t\t\t\t<div class=\"elementor-container elementor-column-gap-default\">\n\t\t\t\t\t<div class=\"elementor-column elementor-col-33 elementor-top-column elementor-element elementor-element-62c2c43\" data-id=\"62c2c43\" data-element_type=\"column\">\n\t\t\t<div class=\"elementor-widget-wrap elementor-element-populated\">\n\t\t\t\t\t\t<div class=\"elementor-element elementor-element-c326878 elementor-widget elementor-widget-wp-widget-bellows_navigation_widget\" data-id=\"c326878\" data-element_type=\"widget\" data-widget_type=\"wp-widget-bellows_navigation_widget.default\">\n\t\t\t\t<div class=\"elementor-widget-container\">\n\t\t\t\t\t<nav id=\"bellows-main-11\" class=\"bellows bellows-nojs bellows-main bellows-source-menu bellows-align-full bellows-skin-vanilla bellows-type-\"><ul id=\"menu-menugraduation\" class=\"bellows-nav\" data-bellows-config=\"main\"><li id=\"menu-item-146\" class=\"bellows-menu-item bellows-menu-item-type-custom bellows-menu-item-object-custom bellows-menu-item-has-children bellows-menu-item-146 bellows-item-level-0\"><a  href=\"#\" class=\"bellows-target\"><span class=\"bellows-target-title bellows-target-text\">Formation<\/span><button class=\"bellows-subtoggle\" aria-label=\"Toggle Submenu\"><i class=\"bellows-subtoggle-icon-expand fa fa-chevron-down\"><\/i><i class=\"bellows-subtoggle-icon-collapse fa fa-chevron-up\"><\/i><\/button><\/a>\n<ul class=\"bellows-submenu\">\n\t<li id=\"menu-item-5774\" class=\"bellows-menu-item bellows-menu-item-type-post_type bellows-menu-item-object-page bellows-menu-item-5774 bellows-item-level-1\"><a  href=\"https:\/\/www.univ-usto.dz\/faculte\/fac-mecanique\/offre-de-formation-licence\/\" class=\"bellows-target\"><span class=\"bellows-target-title bellows-target-text\">Licence<\/span><\/a><\/li>\n\t<li id=\"menu-item-5780\" class=\"bellows-menu-item bellows-menu-item-type-post_type bellows-menu-item-object-page bellows-menu-item-5780 bellows-item-level-1\"><a  href=\"https:\/\/www.univ-usto.dz\/faculte\/fac-mecanique\/master\/\" class=\"bellows-target\"><span class=\"bellows-target-title bellows-target-text\">Master<\/span><\/a><\/li>\n<\/ul>\n<\/li>\n<li id=\"menu-item-149\" class=\"bellows-menu-item bellows-menu-item-type-custom bellows-menu-item-object-custom bellows-menu-item-has-children bellows-menu-item-149 bellows-item-level-0\"><a  href=\"#\" class=\"bellows-target\"><span class=\"bellows-target-title bellows-target-text\">Inscriptions<\/span><button class=\"bellows-subtoggle\" aria-label=\"Toggle Submenu\"><i class=\"bellows-subtoggle-icon-expand fa fa-chevron-down\"><\/i><i class=\"bellows-subtoggle-icon-collapse fa fa-chevron-up\"><\/i><\/button><\/a>\n<ul class=\"bellows-submenu\">\n\t<li id=\"menu-item-5789\" class=\"bellows-menu-item bellows-menu-item-type-post_type bellows-menu-item-object-page bellows-menu-item-5789 bellows-item-level-1\"><a  href=\"https:\/\/www.univ-usto.dz\/faculte\/fac-mecanique\/inscription-en-master-2\/\" class=\"bellows-target\"><span class=\"bellows-target-title bellows-target-text\">Inscription en Master<\/span><\/a><\/li>\n\t<li id=\"menu-item-502\" class=\"bellows-menu-item bellows-menu-item-type-post_type bellows-menu-item-object-page bellows-menu-item-502 bellows-item-level-1\"><a  href=\"https:\/\/www.univ-usto.dz\/faculte\/fac-mecanique\/nouveaux-bacheliers\/\" class=\"bellows-target\"><span class=\"bellows-target-title bellows-target-text\">Autres inscriptions<\/span><\/a><\/li>\n\t<li id=\"menu-item-5799\" class=\"bellows-menu-item bellows-menu-item-type-post_type bellows-menu-item-object-page bellows-menu-item-5799 bellows-item-level-1\"><a  href=\"https:\/\/www.univ-usto.dz\/faculte\/fac-mecanique\/bac-anterieur\/\" class=\"bellows-target\"><span class=\"bellows-target-title bellows-target-text\">BAC anterieur<\/span><\/a><\/li>\n\t<li id=\"menu-item-5798\" class=\"bellows-menu-item bellows-menu-item-type-post_type bellows-menu-item-object-page bellows-menu-item-5798 bellows-item-level-1\"><a  href=\"https:\/\/www.univ-usto.dz\/faculte\/fac-mecanique\/passerelle-classique-lmd\/\" class=\"bellows-target\"><span class=\"bellows-target-title bellows-target-text\">Passerelle (Classique -> LMD)<\/span><\/a><\/li>\n<\/ul>\n<\/li>\n<li id=\"menu-item-535\" class=\"bellows-menu-item bellows-menu-item-type-post_type bellows-menu-item-object-page bellows-menu-item-535 bellows-item-level-0\"><a  href=\"https:\/\/www.univ-usto.dz\/faculte\/fac-mecanique\/transfert\/\" class=\"bellows-target\"><span class=\"bellows-target-title bellows-target-text\">Transfert<\/span><\/a><\/li>\n<li id=\"menu-item-542\" class=\"bellows-menu-item bellows-menu-item-type-post_type bellows-menu-item-object-page bellows-menu-item-542 bellows-item-level-0\"><a  href=\"https:\/\/www.univ-usto.dz\/faculte\/fac-mecanique\/transfert2020\/\" class=\"bellows-target\"><span class=\"bellows-target-title bellows-target-text\">Transfert 2020<\/span><\/a><\/li>\n<li id=\"menu-item-608\" class=\"bellows-menu-item bellows-menu-item-type-post_type bellows-menu-item-object-page bellows-menu-item-608 bellows-item-level-0\"><a  href=\"https:\/\/www.univ-usto.dz\/faculte\/fac-mecanique\/inscription-en-master\/\" class=\"bellows-target\"><span class=\"bellows-target-title bellows-target-text\">Cong\u00e9 Acad\u00e9mique<\/span><\/a><\/li>\n<li id=\"menu-item-155\" class=\"bellows-menu-item bellows-menu-item-type-custom bellows-menu-item-object-custom bellows-menu-item-has-children bellows-menu-item-155 bellows-item-level-0\"><a  href=\"#\" class=\"bellows-target\"><span class=\"bellows-target-title bellows-target-text\">Textes R\u00e9glementaires<\/span><button class=\"bellows-subtoggle\" aria-label=\"Toggle Submenu\"><i class=\"bellows-subtoggle-icon-expand fa fa-chevron-down\"><\/i><i class=\"bellows-subtoggle-icon-collapse fa fa-chevron-up\"><\/i><\/button><\/a>\n<ul class=\"bellows-submenu\">\n\t<li id=\"menu-item-630\" class=\"bellows-menu-item bellows-menu-item-type-post_type bellows-menu-item-object-page bellows-menu-item-630 bellows-item-level-1\"><a  href=\"https:\/\/www.univ-usto.dz\/faculte\/fac-mecanique\/circulaires\/\" class=\"bellows-target\"><span class=\"bellows-target-title bellows-target-text\">Arr\u00eat\u00e9s<\/span><\/a><\/li>\n<\/ul>\n<\/li>\n<\/ul><\/nav>\t\t\t\t<\/div>\n\t\t\t\t<\/div>\n\t\t\t\t\t<\/div>\n\t\t<\/div>\n\t\t\t\t<div class=\"elementor-column elementor-col-66 elementor-top-column elementor-element elementor-element-eff045f\" data-id=\"eff045f\" data-element_type=\"column\">\n\t\t\t<div class=\"elementor-widget-wrap elementor-element-populated\">\n\t\t\t\t\t\t<div class=\"elementor-element elementor-element-2b8fc54 elementor-widget elementor-widget-text-editor\" data-id=\"2b8fc54\" data-element_type=\"widget\" data-widget_type=\"text-editor.default\">\n\t\t\t\t<div class=\"elementor-widget-container\">\n\t\t\t\t\t\t\t\t\t<h3 class=\"contentheading\"><strong>Cong\u00e9 Acad\u00e9mique<\/strong><\/h3><p>Conform\u00e9ment\u00a0 a l\u2019article\u00a0 7 de l\u2019arr\u00eater N\u00b0 711 du 03\/11\/2011. L\u2019\u00e9tudiant inscrit peut demander un cong\u00e9 acad\u00e9mique pour interruption des cours un courte dur\u00e9e. La demande sera adress\u00e9e \u00e0 Monsieur Le chef de d\u00e9partement avant le d\u00e9roulement de la PREMI\u00c8RE\u00a0 \u00c9PREUVE.<\/p><p><strong>Le cong\u00e9 acad\u00e9mique est accord\u00e9 dans les cas suivant\u00a0<\/strong><\/p><ul><li>Maladie chronique invalidante<\/li><li>Maternit\u00e9.<\/li><li>Maladie longue dur\u00e9e.<\/li><li>Service national.<\/li><li>Obligation familiale.<\/li><\/ul>\t\t\t\t\t\t\t\t<\/div>\n\t\t\t\t<\/div>\n\t\t\t\t\t<\/div>\n\t\t<\/div>\n\t\t\t\t\t<\/div>\n\t\t<\/section>\n\t\t\t\t<\/div>\n\t\t","protected":false},"excerpt":{"rendered":"<p>Cong\u00e9 Acad\u00e9mique Conform\u00e9ment\u00a0 a l\u2019article\u00a0 7 de l\u2019arr\u00eater N\u00b0 711 du 03\/11\/2011. L\u2019\u00e9tudiant inscrit peut demander un cong\u00e9 acad\u00e9mique pour interruption des cours un courte dur\u00e9e. La demande sera adress\u00e9e <a href=\"https:\/\/www.univ-usto.dz\/faculte\/fac-mecanique\/inscription-en-master\/\" class=\"read-more\">Lire la suite &#8230;<\/a><\/p>\n","protected":false},"author":1,"featured_media":0,"parent":0,"menu_order":0,"comment_status":"closed","ping_status":"closed","template":"","meta":{"footnotes":""},"class_list":["post-601","page","type-page","status-publish","hentry"],"yoast_head":"<!-- This site is optimized with the Yoast SEO plugin v25.3.1 - https:\/\/yoast.com\/wordpress\/plugins\/seo\/ -->\n<title>Cong\u00e9 Acad\u00e9mique - \u0643\u0644\u064a\u0629 \u0627\u0644\u0647\u0646\u062f\u0633\u0629 \u0627\u0644\u0645\u064a\u0643\u0627\u0646\u0643\u064a\u0629 \u0628\u062c\u0627\u0645\u0639\u0629 \u0648\u0647\u0631\u0627\u0646 \u0644\u0644\u0639\u0644\u0648\u0645 \u0648 \u0627\u0644\u062a\u0643\u0646\u0648\u0644\u0648\u062c\u064a\u0627 \u0645\u062d\u0645\u062f \u0628\u0648\u0636\u064a\u0627\u0641<\/title>\n<meta name=\"robots\" content=\"index, follow, max-snippet:-1, max-image-preview:large, max-video-preview:-1\" \/>\n<link rel=\"canonical\" href=\"https:\/\/www.univ-usto.dz\/faculte\/fac-mecanique\/inscription-en-master\/\" \/>\n<meta property=\"og:locale\" content=\"fr_FR\" \/>\n<meta property=\"og:type\" content=\"article\" \/>\n<meta property=\"og:title\" content=\"Cong\u00e9 Acad\u00e9mique - \u0643\u0644\u064a\u0629 \u0627\u0644\u0647\u0646\u062f\u0633\u0629 \u0627\u0644\u0645\u064a\u0643\u0627\u0646\u0643\u064a\u0629 \u0628\u062c\u0627\u0645\u0639\u0629 \u0648\u0647\u0631\u0627\u0646 \u0644\u0644\u0639\u0644\u0648\u0645 \u0648 \u0627\u0644\u062a\u0643\u0646\u0648\u0644\u0648\u062c\u064a\u0627 \u0645\u062d\u0645\u062f \u0628\u0648\u0636\u064a\u0627\u0641\" \/>\n<meta property=\"og:description\" content=\"Cong\u00e9 Acad\u00e9mique Conform\u00e9ment\u00a0 a l\u2019article\u00a0 7 de l\u2019arr\u00eater N\u00b0 711 du 03\/11\/2011. L\u2019\u00e9tudiant inscrit peut demander un cong\u00e9 acad\u00e9mique pour interruption des cours un courte dur\u00e9e. La demande sera adress\u00e9e Lire la suite ...\" \/>\n<meta property=\"og:url\" content=\"https:\/\/www.univ-usto.dz\/faculte\/fac-mecanique\/inscription-en-master\/\" \/>\n<meta property=\"og:site_name\" content=\"\u0643\u0644\u064a\u0629 \u0627\u0644\u0647\u0646\u062f\u0633\u0629 \u0627\u0644\u0645\u064a\u0643\u0627\u0646\u0643\u064a\u0629 \u0628\u062c\u0627\u0645\u0639\u0629 \u0648\u0647\u0631\u0627\u0646 \u0644\u0644\u0639\u0644\u0648\u0645 \u0648 \u0627\u0644\u062a\u0643\u0646\u0648\u0644\u0648\u062c\u064a\u0627 \u0645\u062d\u0645\u062f \u0628\u0648\u0636\u064a\u0627\u0641\" \/>\n<meta property=\"article:modified_time\" content=\"2020-09-29T19:28:46+00:00\" \/>\n<meta name=\"twitter:card\" content=\"summary_large_image\" \/>\n<script type=\"application\/ld+json\" class=\"yoast-schema-graph\">{\"@context\":\"https:\/\/schema.org\",\"@graph\":[{\"@type\":\"WebPage\",\"@id\":\"https:\/\/www.univ-usto.dz\/faculte\/fac-mecanique\/inscription-en-master\/\",\"url\":\"https:\/\/www.univ-usto.dz\/faculte\/fac-mecanique\/inscription-en-master\/\",\"name\":\"Cong\u00e9 Acad\u00e9mique - \u0643\u0644\u064a\u0629 \u0627\u0644\u0647\u0646\u062f\u0633\u0629 \u0627\u0644\u0645\u064a\u0643\u0627\u0646\u0643\u064a\u0629 \u0628\u062c\u0627\u0645\u0639\u0629 \u0648\u0647\u0631\u0627\u0646 \u0644\u0644\u0639\u0644\u0648\u0645 \u0648 \u0627\u0644\u062a\u0643\u0646\u0648\u0644\u0648\u062c\u064a\u0627 \u0645\u062d\u0645\u062f \u0628\u0648\u0636\u064a\u0627\u0641\",\"isPartOf\":{\"@id\":\"https:\/\/www.univ-usto.dz\/faculte\/fac-mecanique\/#website\"},\"datePublished\":\"2020-09-01T13:24:47+00:00\",\"dateModified\":\"2020-09-29T19:28:46+00:00\",\"breadcrumb\":{\"@id\":\"https:\/\/www.univ-usto.dz\/faculte\/fac-mecanique\/inscription-en-master\/#breadcrumb\"},\"inLanguage\":\"fr-FR\",\"potentialAction\":[{\"@type\":\"ReadAction\",\"target\":[\"https:\/\/www.univ-usto.dz\/faculte\/fac-mecanique\/inscription-en-master\/\"]}]},{\"@type\":\"BreadcrumbList\",\"@id\":\"https:\/\/www.univ-usto.dz\/faculte\/fac-mecanique\/inscription-en-master\/#breadcrumb\",\"itemListElement\":[{\"@type\":\"ListItem\",\"position\":1,\"name\":\"Home\",\"item\":\"https:\/\/www.univ-usto.dz\/faculte\/fac-mecanique\/\"},{\"@type\":\"ListItem\",\"position\":2,\"name\":\"Cong\u00e9 Acad\u00e9mique\"}]},{\"@type\":\"WebSite\",\"@id\":\"https:\/\/www.univ-usto.dz\/faculte\/fac-mecanique\/#website\",\"url\":\"https:\/\/www.univ-usto.dz\/faculte\/fac-mecanique\/\",\"name\":\"\u0643\u0644\u064a\u0629 \u0627\u0644\u0647\u0646\u062f\u0633\u0629 \u0627\u0644\u0645\u064a\u0643\u0627\u0646\u0643\u064a\u0629 \u0628\u062c\u0627\u0645\u0639\u0629 \u0648\u0647\u0631\u0627\u0646 \u0644\u0644\u0639\u0644\u0648\u0645 \u0648 \u0627\u0644\u062a\u0643\u0646\u0648\u0644\u0648\u062c\u064a\u0627 \u0645\u062d\u0645\u062f \u0628\u0648\u0636\u064a\u0627\u0641\",\"description\":\"Faculty of Mechanical Engineering \u2013 USTOMB Mohamed-Boudiaf\",\"publisher\":{\"@id\":\"https:\/\/www.univ-usto.dz\/faculte\/fac-mecanique\/#organization\"},\"potentialAction\":[{\"@type\":\"SearchAction\",\"target\":{\"@type\":\"EntryPoint\",\"urlTemplate\":\"https:\/\/www.univ-usto.dz\/faculte\/fac-mecanique\/?s={search_term_string}\"},\"query-input\":{\"@type\":\"PropertyValueSpecification\",\"valueRequired\":true,\"valueName\":\"search_term_string\"}}],\"inLanguage\":\"fr-FR\"},{\"@type\":\"Organization\",\"@id\":\"https:\/\/www.univ-usto.dz\/faculte\/fac-mecanique\/#organization\",\"name\":\"\u0643\u0644\u064a\u0629 \u0627\u0644\u0647\u0646\u062f\u0633\u0629 \u0627\u0644\u0645\u064a\u0643\u0627\u0646\u0643\u064a\u0629 \u0628\u062c\u0627\u0645\u0639\u0629 \u0648\u0647\u0631\u0627\u0646 \u0644\u0644\u0639\u0644\u0648\u0645 \u0648 \u0627\u0644\u062a\u0643\u0646\u0648\u0644\u0648\u062c\u064a\u0627 \u0645\u062d\u0645\u062f \u0628\u0648\u0636\u064a\u0627\u0641\",\"url\":\"https:\/\/www.univ-usto.dz\/faculte\/fac-mecanique\/\",\"logo\":{\"@type\":\"ImageObject\",\"inLanguage\":\"fr-FR\",\"@id\":\"https:\/\/www.univ-usto.dz\/faculte\/fac-mecanique\/#\/schema\/logo\/image\/\",\"url\":\"https:\/\/www.univ-usto.dz\/faculte\/fac-mecanique\/wp-content\/uploads\/2021\/11\/cropped-LOGO-USTO_Modif1-e1601403966860.jpg\",\"contentUrl\":\"https:\/\/www.univ-usto.dz\/faculte\/fac-mecanique\/wp-content\/uploads\/2021\/11\/cropped-LOGO-USTO_Modif1-e1601403966860.jpg\",\"width\":140,\"height\":140,\"caption\":\"\u0643\u0644\u064a\u0629 \u0627\u0644\u0647\u0646\u062f\u0633\u0629 \u0627\u0644\u0645\u064a\u0643\u0627\u0646\u0643\u064a\u0629 \u0628\u062c\u0627\u0645\u0639\u0629 \u0648\u0647\u0631\u0627\u0646 \u0644\u0644\u0639\u0644\u0648\u0645 \u0648 \u0627\u0644\u062a\u0643\u0646\u0648\u0644\u0648\u062c\u064a\u0627 \u0645\u062d\u0645\u062f \u0628\u0648\u0636\u064a\u0627\u0641 \"},\"image\":{\"@id\":\"https:\/\/www.univ-usto.dz\/faculte\/fac-mecanique\/#\/schema\/logo\/image\/\"}}]}<\/script>\n<!-- \/ Yoast SEO plugin. -->","yoast_head_json":{"title":"Cong\u00e9 Acad\u00e9mique - \u0643\u0644\u064a\u0629 \u0627\u0644\u0647\u0646\u062f\u0633\u0629 \u0627\u0644\u0645\u064a\u0643\u0627\u0646\u0643\u064a\u0629 \u0628\u062c\u0627\u0645\u0639\u0629 \u0648\u0647\u0631\u0627\u0646 \u0644\u0644\u0639\u0644\u0648\u0645 \u0648 \u0627\u0644\u062a\u0643\u0646\u0648\u0644\u0648\u062c\u064a\u0627 \u0645\u062d\u0645\u062f \u0628\u0648\u0636\u064a\u0627\u0641","robots":{"index":"index","follow":"follow","max-snippet":"max-snippet:-1","max-image-preview":"max-image-preview:large","max-video-preview":"max-video-preview:-1"},"canonical":"https:\/\/www.univ-usto.dz\/faculte\/fac-mecanique\/inscription-en-master\/","og_locale":"fr_FR","og_type":"article","og_title":"Cong\u00e9 Acad\u00e9mique - \u0643\u0644\u064a\u0629 \u0627\u0644\u0647\u0646\u062f\u0633\u0629 \u0627\u0644\u0645\u064a\u0643\u0627\u0646\u0643\u064a\u0629 \u0628\u062c\u0627\u0645\u0639\u0629 \u0648\u0647\u0631\u0627\u0646 \u0644\u0644\u0639\u0644\u0648\u0645 \u0648 \u0627\u0644\u062a\u0643\u0646\u0648\u0644\u0648\u062c\u064a\u0627 \u0645\u062d\u0645\u062f \u0628\u0648\u0636\u064a\u0627\u0641","og_description":"Cong\u00e9 Acad\u00e9mique Conform\u00e9ment\u00a0 a l\u2019article\u00a0 7 de l\u2019arr\u00eater N\u00b0 711 du 03\/11\/2011. L\u2019\u00e9tudiant inscrit peut demander un cong\u00e9 acad\u00e9mique pour interruption des cours un courte dur\u00e9e. La demande sera adress\u00e9e Lire la suite ...","og_url":"https:\/\/www.univ-usto.dz\/faculte\/fac-mecanique\/inscription-en-master\/","og_site_name":"\u0643\u0644\u064a\u0629 \u0627\u0644\u0647\u0646\u062f\u0633\u0629 \u0627\u0644\u0645\u064a\u0643\u0627\u0646\u0643\u064a\u0629 \u0628\u062c\u0627\u0645\u0639\u0629 \u0648\u0647\u0631\u0627\u0646 \u0644\u0644\u0639\u0644\u0648\u0645 \u0648 \u0627\u0644\u062a\u0643\u0646\u0648\u0644\u0648\u062c\u064a\u0627 \u0645\u062d\u0645\u062f \u0628\u0648\u0636\u064a\u0627\u0641","article_modified_time":"2020-09-29T19:28:46+00:00","twitter_card":"summary_large_image","schema":{"@context":"https:\/\/schema.org","@graph":[{"@type":"WebPage","@id":"https:\/\/www.univ-usto.dz\/faculte\/fac-mecanique\/inscription-en-master\/","url":"https:\/\/www.univ-usto.dz\/faculte\/fac-mecanique\/inscription-en-master\/","name":"Cong\u00e9 Acad\u00e9mique - \u0643\u0644\u064a\u0629 \u0627\u0644\u0647\u0646\u062f\u0633\u0629 \u0627\u0644\u0645\u064a\u0643\u0627\u0646\u0643\u064a\u0629 \u0628\u062c\u0627\u0645\u0639\u0629 \u0648\u0647\u0631\u0627\u0646 \u0644\u0644\u0639\u0644\u0648\u0645 \u0648 \u0627\u0644\u062a\u0643\u0646\u0648\u0644\u0648\u062c\u064a\u0627 \u0645\u062d\u0645\u062f \u0628\u0648\u0636\u064a\u0627\u0641","isPartOf":{"@id":"https:\/\/www.univ-usto.dz\/faculte\/fac-mecanique\/#website"},"datePublished":"2020-09-01T13:24:47+00:00","dateModified":"2020-09-29T19:28:46+00:00","breadcrumb":{"@id":"https:\/\/www.univ-usto.dz\/faculte\/fac-mecanique\/inscription-en-master\/#breadcrumb"},"inLanguage":"fr-FR","potentialAction":[{"@type":"ReadAction","target":["https:\/\/www.univ-usto.dz\/faculte\/fac-mecanique\/inscription-en-master\/"]}]},{"@type":"BreadcrumbList","@id":"https:\/\/www.univ-usto.dz\/faculte\/fac-mecanique\/inscription-en-master\/#breadcrumb","itemListElement":[{"@type":"ListItem","position":1,"name":"Home","item":"https:\/\/www.univ-usto.dz\/faculte\/fac-mecanique\/"},{"@type":"ListItem","position":2,"name":"Cong\u00e9 Acad\u00e9mique"}]},{"@type":"WebSite","@id":"https:\/\/www.univ-usto.dz\/faculte\/fac-mecanique\/#website","url":"https:\/\/www.univ-usto.dz\/faculte\/fac-mecanique\/","name":"\u0643\u0644\u064a\u0629 \u0627\u0644\u0647\u0646\u062f\u0633\u0629 \u0627\u0644\u0645\u064a\u0643\u0627\u0646\u0643\u064a\u0629 \u0628\u062c\u0627\u0645\u0639\u0629 \u0648\u0647\u0631\u0627\u0646 \u0644\u0644\u0639\u0644\u0648\u0645 \u0648 \u0627\u0644\u062a\u0643\u0646\u0648\u0644\u0648\u062c\u064a\u0627 \u0645\u062d\u0645\u062f \u0628\u0648\u0636\u064a\u0627\u0641","description":"Faculty of Mechanical Engineering \u2013 USTOMB Mohamed-Boudiaf","publisher":{"@id":"https:\/\/www.univ-usto.dz\/faculte\/fac-mecanique\/#organization"},"potentialAction":[{"@type":"SearchAction","target":{"@type":"EntryPoint","urlTemplate":"https:\/\/www.univ-usto.dz\/faculte\/fac-mecanique\/?s={search_term_string}"},"query-input":{"@type":"PropertyValueSpecification","valueRequired":true,"valueName":"search_term_string"}}],"inLanguage":"fr-FR"},{"@type":"Organization","@id":"https:\/\/www.univ-usto.dz\/faculte\/fac-mecanique\/#organization","name":"\u0643\u0644\u064a\u0629 \u0627\u0644\u0647\u0646\u062f\u0633\u0629 \u0627\u0644\u0645\u064a\u0643\u0627\u0646\u0643\u064a\u0629 \u0628\u062c\u0627\u0645\u0639\u0629 \u0648\u0647\u0631\u0627\u0646 \u0644\u0644\u0639\u0644\u0648\u0645 \u0648 \u0627\u0644\u062a\u0643\u0646\u0648\u0644\u0648\u062c\u064a\u0627 \u0645\u062d\u0645\u062f \u0628\u0648\u0636\u064a\u0627\u0641","url":"https:\/\/www.univ-usto.dz\/faculte\/fac-mecanique\/","logo":{"@type":"ImageObject","inLanguage":"fr-FR","@id":"https:\/\/www.univ-usto.dz\/faculte\/fac-mecanique\/#\/schema\/logo\/image\/","url":"https:\/\/www.univ-usto.dz\/faculte\/fac-mecanique\/wp-content\/uploads\/2021\/11\/cropped-LOGO-USTO_Modif1-e1601403966860.jpg","contentUrl":"https:\/\/www.univ-usto.dz\/faculte\/fac-mecanique\/wp-content\/uploads\/2021\/11\/cropped-LOGO-USTO_Modif1-e1601403966860.jpg","width":140,"height":140,"caption":"\u0643\u0644\u064a\u0629 \u0627\u0644\u0647\u0646\u062f\u0633\u0629 \u0627\u0644\u0645\u064a\u0643\u0627\u0646\u0643\u064a\u0629 \u0628\u062c\u0627\u0645\u0639\u0629 \u0648\u0647\u0631\u0627\u0646 \u0644\u0644\u0639\u0644\u0648\u0645 \u0648 \u0627\u0644\u062a\u0643\u0646\u0648\u0644\u0648\u062c\u064a\u0627 \u0645\u062d\u0645\u062f \u0628\u0648\u0636\u064a\u0627\u0641 "},"image":{"@id":"https:\/\/www.univ-usto.dz\/faculte\/fac-mecanique\/#\/schema\/logo\/image\/"}}]}},"_links":{"self":[{"href":"https:\/\/www.univ-usto.dz\/faculte\/fac-mecanique\/wp-json\/wp\/v2\/pages\/601","targetHints":{"allow":["GET"]}}],"collection":[{"href":"https:\/\/www.univ-usto.dz\/faculte\/fac-mecanique\/wp-json\/wp\/v2\/pages"}],"about":[{"href":"https:\/\/www.univ-usto.dz\/faculte\/fac-mecanique\/wp-json\/wp\/v2\/types\/page"}],"author":[{"embeddable":true,"href":"https:\/\/www.univ-usto.dz\/faculte\/fac-mecanique\/wp-json\/wp\/v2\/users\/1"}],"replies":[{"embeddable":true,"href":"https:\/\/www.univ-usto.dz\/faculte\/fac-mecanique\/wp-json\/wp\/v2\/comments?post=601"}],"version-history":[{"count":15,"href":"https:\/\/www.univ-usto.dz\/faculte\/fac-mecanique\/wp-json\/wp\/v2\/pages\/601\/revisions"}],"predecessor-version":[{"id":5808,"href":"https:\/\/www.univ-usto.dz\/faculte\/fac-mecanique\/wp-json\/wp\/v2\/pages\/601\/revisions\/5808"}],"wp:attachment":[{"href":"https:\/\/www.univ-usto.dz\/faculte\/fac-mecanique\/wp-json\/wp\/v2\/media?parent=601"}],"curies":[{"name":"wp","href":"https:\/\/api.w.org\/{rel}","templated":true}]}}