{"id":11235,"date":"2022-11-13T10:15:43","date_gmt":"2022-11-13T10:15:43","guid":{"rendered":"https:\/\/www.univ-usto.dz\/faculte\/fac-physique\/\/?page_id=11235"},"modified":"2026-03-08T09:37:24","modified_gmt":"2026-03-08T09:37:24","slug":"plannings-des-examens","status":"publish","type":"page","link":"https:\/\/www.univ-usto.dz\/faculte\/fac-physique\/plannings-des-examens\/","title":{"rendered":"Plannings des Examens"},"content":{"rendered":"<p>\n\n\n<\/p>\n<h2 class=\"wp-block-heading\"><strong style=\"background-color: inherit;\"><u>D\u00e9partement d\u2019Enseignement de Base en Physique:<\/u><\/strong><br><\/h2>\n<p>\n\n\n\n<\/p>\n&nbsp;\n<p>\n\n\n\n<\/p>\n<h2 class=\"wp-block-heading\"><strong><strong><u>D\u00e9partement de G\u00e9nie Physique<\/u><\/strong><\/strong> :<\/h2>\n<p>\n\n\n\n<\/p>\n<p>\n\n\n\n<\/p>\n<h2 class=\"wp-block-heading\"><u><strong>D\u00e9partement de technologie des<\/strong> mat\u00e9riaux <\/u>:<\/h2>\n<p>\n\n\n<p><a href=\"https:\/\/www.univ-usto.dz\/faculte\/fac-physique\/wp-content\/uploads\/2024\/01\/PLANNING-DES-EXAMENS-Session-1-du-S3-L2-SM-Physique-2023-2024.pdf\" target=\"_blank\" rel=\"noreferrer noopener\">PLANNING DES EXAMENS Session 1 du S3 L2 <\/a><b style=\"color: #294a70; font-family: 'Merriweather Sans', sans-serif;\"><a href=\"https:\/\/www.univ-usto.dz\/faculte\/fac-physique\/wp-content\/uploads\/2024\/05\/PLANNING-DES-EXAMENS-Session-2-du-S4-L2-SM-PHYSIQUE-2023-2024.pdf\">2023-2024<\/a>\u00a0<\/b><\/p>\n<h4>\u00a0<\/h4>\n\n\n<div class=\"wp-block-file\"><a id=\"wp-block-file--media-5498c917-68ae-4333-8f0b-9957f0a1244f\" href=\"https:\/\/www.univ-usto.dz\/faculte\/fac-physique\/wp-content\/uploads\/2024\/05\/PLANNING-DES-EXAMENS-Session-2-du-S3-L2-SM-CHIMIE-2023-2024-1.pdf\" target=\"_blank\" rel=\"noreferrer noopener\">PLANNING-DES-EXAMENS-Session-2-du-S3-L2-SM-CHIMIE-2023-2024<\/a><a href=\"https:\/\/www.univ-usto.dz\/faculte\/fac-physique\/wp-content\/uploads\/2024\/05\/PLANNING-DES-EXAMENS-Session-2-du-S3-L2-SM-CHIMIE-2023-2024-1.pdf\" class=\"wp-block-file__button wp-element-button\" download aria-describedby=\"wp-block-file--media-5498c917-68ae-4333-8f0b-9957f0a1244f\">T\u00e9l\u00e9charger<\/a><\/div>\n\n\n\n<div class=\"wp-block-file\"><a id=\"wp-block-file--media-e00a9a03-37b7-4deb-b976-37533d9a5ef7\" href=\"https:\/\/www.univ-usto.dz\/faculte\/fac-physique\/wp-content\/uploads\/2024\/05\/PLANNING-DES-EXAMENS-Session-2-du-S3-L2-SM-PHYSIQUE-2023-2024-1.pdf\" target=\"_blank\" rel=\"noreferrer noopener\">PLANNING-DES-EXAMENS-Session-2-du-S3-L2-SM-PHYSIQUE-2023-2024<\/a><a href=\"https:\/\/www.univ-usto.dz\/faculte\/fac-physique\/wp-content\/uploads\/2024\/05\/PLANNING-DES-EXAMENS-Session-2-du-S3-L2-SM-PHYSIQUE-2023-2024-1.pdf\" class=\"wp-block-file__button wp-element-button\" download aria-describedby=\"wp-block-file--media-e00a9a03-37b7-4deb-b976-37533d9a5ef7\">T\u00e9l\u00e9charger<\/a><\/div>\n\n\n\n<div class=\"wp-block-file\"><a id=\"wp-block-file--media-352e1703-3e7d-4806-9f49-faa6aa048dc1\" href=\"https:\/\/www.univ-usto.dz\/faculte\/fac-physique\/wp-content\/uploads\/2024\/05\/PLANNING-DES-EXAMENS-Session-1-du-S4-L2-SM-PHYSIQUE-2023-2024-1.pdf\" target=\"_blank\" rel=\"noreferrer noopener\">PLANNING-DES-EXAMENS-Session-1-du-S4-L2-SM-PHYSIQUE-2023-2024<\/a><a href=\"https:\/\/www.univ-usto.dz\/faculte\/fac-physique\/wp-content\/uploads\/2024\/05\/PLANNING-DES-EXAMENS-Session-1-du-S4-L2-SM-PHYSIQUE-2023-2024-1.pdf\" class=\"wp-block-file__button wp-element-button\" download aria-describedby=\"wp-block-file--media-352e1703-3e7d-4806-9f49-faa6aa048dc1\">T\u00e9l\u00e9charger<\/a><\/div>\n\n\n\n<div class=\"wp-block-file\"><a id=\"wp-block-file--media-68f62465-7d37-4824-b91b-bff8008abb8a\" href=\"https:\/\/www.univ-usto.dz\/faculte\/fac-physique\/wp-content\/uploads\/2024\/05\/PLANNING-DES-EXAMENS-Session-2-du-S4-L2-SM-PHYSIQUE-2023-2024-1.pdf\" target=\"_blank\" rel=\"noreferrer noopener\">PLANNING-DES-EXAMENS-Session-2-du-S4-L2-SM-PHYSIQUE-2023-2024<\/a><a href=\"https:\/\/www.univ-usto.dz\/faculte\/fac-physique\/wp-content\/uploads\/2024\/05\/PLANNING-DES-EXAMENS-Session-2-du-S4-L2-SM-PHYSIQUE-2023-2024-1.pdf\" class=\"wp-block-file__button wp-element-button\" download aria-describedby=\"wp-block-file--media-68f62465-7d37-4824-b91b-bff8008abb8a\">T\u00e9l\u00e9charger<\/a><\/div>\n\n\n\n<div class=\"wp-block-file\"><a id=\"wp-block-file--media-ac762b19-b76e-47ea-8f27-70642043f359\" href=\"https:\/\/www.univ-usto.dz\/faculte\/fac-physique\/wp-content\/uploads\/2024\/05\/PLANNING-DES-EXAMENS-Session-1-du-S4-L2-SM-CHIMIE-2023-2024-1.pdf\" target=\"_blank\" rel=\"noreferrer noopener\">PLANNING-DES-EXAMENS-Session-1-du-S4-L2-SM-CHIMIE-2023-2024<\/a><a href=\"https:\/\/www.univ-usto.dz\/faculte\/fac-physique\/wp-content\/uploads\/2024\/05\/PLANNING-DES-EXAMENS-Session-1-du-S4-L2-SM-CHIMIE-2023-2024-1.pdf\" class=\"wp-block-file__button wp-element-button\" download aria-describedby=\"wp-block-file--media-ac762b19-b76e-47ea-8f27-70642043f359\">T\u00e9l\u00e9charger<\/a><\/div>\n\n\n\n<div class=\"wp-block-file\"><a id=\"wp-block-file--media-f0ece734-72e9-4392-b863-1ec215a256fe\" href=\"https:\/\/www.univ-usto.dz\/faculte\/fac-physique\/wp-content\/uploads\/2024\/05\/PLANNING-DES-EXAMENS-Session-2-du-S4-L2-SM-CHIMIE-2023-2024-1.pdf\" target=\"_blank\" rel=\"noreferrer noopener\">PLANNING-DES-EXAMENS-Session-2-du-S4-L2-SM-CHIMIE-2023-2024<\/a><a href=\"https:\/\/www.univ-usto.dz\/faculte\/fac-physique\/wp-content\/uploads\/2024\/05\/PLANNING-DES-EXAMENS-Session-2-du-S4-L2-SM-CHIMIE-2023-2024-1.pdf\" class=\"wp-block-file__button wp-element-button\" download aria-describedby=\"wp-block-file--media-f0ece734-72e9-4392-b863-1ec215a256fe\">T\u00e9l\u00e9charger<\/a><\/div>\n","protected":false},"excerpt":{"rendered":"<p>D\u00e9partement d\u2019Enseignement de Base en Physique: D\u00e9partement de G\u00e9nie Physique : D\u00e9partement de technologie des mat\u00e9riaux : PLANNING DES EXAMENS Session 1 du S3 L2 2023-2024\u00a0 \u00a0<\/p>\n","protected":false},"author":23,"featured_media":0,"parent":0,"menu_order":0,"comment_status":"closed","ping_status":"closed","template":"","meta":{"footnotes":""},"class_list":["post-11235","page","type-page","status-publish","hentry"],"_links":{"self":[{"href":"https:\/\/www.univ-usto.dz\/faculte\/fac-physique\/wp-json\/wp\/v2\/pages\/11235","targetHints":{"allow":["GET"]}}],"collection":[{"href":"https:\/\/www.univ-usto.dz\/faculte\/fac-physique\/wp-json\/wp\/v2\/pages"}],"about":[{"href":"https:\/\/www.univ-usto.dz\/faculte\/fac-physique\/wp-json\/wp\/v2\/types\/page"}],"author":[{"embeddable":true,"href":"https:\/\/www.univ-usto.dz\/faculte\/fac-physique\/wp-json\/wp\/v2\/users\/23"}],"replies":[{"embeddable":true,"href":"https:\/\/www.univ-usto.dz\/faculte\/fac-physique\/wp-json\/wp\/v2\/comments?post=11235"}],"version-history":[{"count":36,"href":"https:\/\/www.univ-usto.dz\/faculte\/fac-physique\/wp-json\/wp\/v2\/pages\/11235\/revisions"}],"predecessor-version":[{"id":13441,"href":"https:\/\/www.univ-usto.dz\/faculte\/fac-physique\/wp-json\/wp\/v2\/pages\/11235\/revisions\/13441"}],"wp:attachment":[{"href":"https:\/\/www.univ-usto.dz\/faculte\/fac-physique\/wp-json\/wp\/v2\/media?parent=11235"}],"curies":[{"name":"wp","href":"https:\/\/api.w.org\/{rel}","templated":true}]}}