{"id":11237,"date":"2022-11-13T10:16:04","date_gmt":"2022-11-13T10:16:04","guid":{"rendered":"https:\/\/www.univ-usto.dz\/faculte\/fac-physique\/\/?page_id=11237"},"modified":"2026-03-08T09:24:45","modified_gmt":"2026-03-08T09:24:45","slug":"affichages-des-notes","status":"publish","type":"page","link":"https:\/\/www.univ-usto.dz\/faculte\/fac-physique\/affichages-des-notes\/","title":{"rendered":"Affichages des notes"},"content":{"rendered":"\n<h2 class=\"wp-block-heading\"><strong><u><span class=\"has-inline-color has-vivid-cyan-blue-color\">D\u00e9partement technologie des mat\u00e9riaux :<\/span><\/u><\/strong><\/h2>\n\n\n\n<p><strong>2\u00e9me ann\u00e9e  &#8211; Dommaine physique 2023\/2024<\/strong><\/p>\n\n\n\n<div class=\"wp-block-file\"><a id=\"wp-block-file--media-66eb881c-cddd-4f2d-b00c-f7ff6dececa1\" href=\"https:\/\/www.univ-usto.dz\/faculte\/fac-physique\/wp-content\/uploads\/2024\/03\/Deliberation_2023_2024-3.pdf\" target=\"_blank\" rel=\"noreferrer noopener\"><strong>Deliberation 2023_2024 Physique<\/strong><\/a><a href=\"https:\/\/www.univ-usto.dz\/faculte\/fac-physique\/wp-content\/uploads\/2024\/03\/Deliberation_2023_2024-3.pdf\" class=\"wp-block-file__button wp-element-button\" download aria-describedby=\"wp-block-file--media-66eb881c-cddd-4f2d-b00c-f7ff6dececa1\">T\u00e9l\u00e9charger<\/a><\/div>\n\n\n\n<p><strong>2\u00e9me ann\u00e9e  &#8211; Dommaine ch\u00e9mie 2023\/2024<\/strong><\/p>\n\n\n\n<div class=\"wp-block-file\"><a id=\"wp-block-file--media-27458c3a-bccc-4203-9658-7547d7dbc543\" href=\"https:\/\/www.univ-usto.dz\/faculte\/fac-physique\/wp-content\/uploads\/2024\/03\/Deliberation_2023_2024-4.pdf\"><strong>Deliberation 2023_2024 ch\u00e9mie<\/strong><\/a><a href=\"https:\/\/www.univ-usto.dz\/faculte\/fac-physique\/wp-content\/uploads\/2024\/03\/Deliberation_2023_2024-4.pdf\" class=\"wp-block-file__button wp-element-button\" download aria-describedby=\"wp-block-file--media-27458c3a-bccc-4203-9658-7547d7dbc543\">T\u00e9l\u00e9charger<\/a><\/div>\n\n\n\n<hr class=\"wp-block-separator has-alpha-channel-opacity\"\/>\n\n\n\n<hr class=\"wp-block-separator has-alpha-channel-opacity is-style-wide\"\/>\n\n\n\n<p><strong>2\u00e9me ann\u00e9e  &#8211; Dommaine SM\/ch\u00e9mie 2022\/2023<\/strong><\/p>\n\n\n\n<div class=\"wp-block-file\"><a id=\"wp-block-file--media-065fa5b8-311f-4903-b651-5da9683e7b02\" href=\"https:\/\/www.univ-usto.dz\/faculte\/fac-physique\/wp-content\/uploads\/2023\/01\/Document-25.pdf\" target=\"_blank\" rel=\"noreferrer noopener\"><strong>L2\/ SM\/MATH APPLIQUEE<\/strong>  2022\/2023<\/a><a href=\"https:\/\/www.univ-usto.dz\/faculte\/fac-physique\/wp-content\/uploads\/2023\/01\/Document-25.pdf\" class=\"wp-block-file__button wp-element-button\" download aria-describedby=\"wp-block-file--media-065fa5b8-311f-4903-b651-5da9683e7b02\">T\u00e9l\u00e9charger<\/a><\/div>\n\n\n\n<div class=\"wp-block-file\"><a id=\"wp-block-file--media-bd22b8f2-7335-4b3d-8308-7e7a4cd7faab\" href=\"https:\/\/www.univ-usto.dz\/faculte\/fac-physique\/wp-content\/uploads\/2023\/01\/Document-26.pdf\"><strong>L2\/SM\/ch\u00e9mie Min\u00e9rale<\/strong> 2022\/2023<\/a><a href=\"https:\/\/www.univ-usto.dz\/faculte\/fac-physique\/wp-content\/uploads\/2023\/01\/Document-26.pdf\" class=\"wp-block-file__button wp-element-button\" download aria-describedby=\"wp-block-file--media-bd22b8f2-7335-4b3d-8308-7e7a4cd7faab\">T\u00e9l\u00e9charger<\/a><\/div>\n\n\n\n<div class=\"wp-block-file\"><a id=\"wp-block-file--media-86cb4b86-4a7a-4e7d-8ddc-564a76c2842c\" href=\"https:\/\/www.univ-usto.dz\/faculte\/fac-physique\/wp-content\/uploads\/2023\/01\/Document-27.pdf\"><strong>L2\/SM\/physique<\/strong> 2022\/2023<\/a><a href=\"https:\/\/www.univ-usto.dz\/faculte\/fac-physique\/wp-content\/uploads\/2023\/01\/Document-27.pdf\" class=\"wp-block-file__button wp-element-button\" download aria-describedby=\"wp-block-file--media-86cb4b86-4a7a-4e7d-8ddc-564a76c2842c\">T\u00e9l\u00e9charger<\/a><\/div>\n\n\n\n<p><\/p>\n\n\n\n<div class=\"wp-block-file\"><a id=\"wp-block-file--media-4e77200e-c955-4fad-8d68-dba11f428699\" href=\"https:\/\/www.univ-usto.dz\/faculte\/fac-physique\/wp-content\/uploads\/2023\/02\/Document-30.pdf\"><strong>L2\/SM\/Ch\u00e9mie organique 2022\/2023<\/strong><\/a><a href=\"https:\/\/www.univ-usto.dz\/faculte\/fac-physique\/wp-content\/uploads\/2023\/02\/Document-30.pdf\" class=\"wp-block-file__button wp-element-button\" download aria-describedby=\"wp-block-file--media-4e77200e-c955-4fad-8d68-dba11f428699\">T\u00e9l\u00e9charger<\/a><\/div>\n\n\n\n<div class=\"wp-block-file\"><a id=\"wp-block-file--media-0ba7f20f-5e5a-460c-a944-2f1c18f06ab9\" href=\"https:\/\/www.univ-usto.dz\/faculte\/fac-physique\/wp-content\/uploads\/2023\/02\/Document-31.pdf\"><strong>L2\/SM\/CH\u00e9mie<\/strong><\/a><a href=\"https:\/\/www.univ-usto.dz\/faculte\/fac-physique\/wp-content\/uploads\/2023\/02\/Document-31.pdf\" class=\"wp-block-file__button wp-element-button\" download aria-describedby=\"wp-block-file--media-0ba7f20f-5e5a-460c-a944-2f1c18f06ab9\">T\u00e9l\u00e9charger<\/a><\/div>\n\n\n\n<div class=\"wp-block-file\"><a id=\"wp-block-file--media-11a4765d-311c-490d-8b3f-a87968d44803\" href=\"https:\/\/www.univ-usto.dz\/faculte\/fac-physique\/wp-content\/uploads\/2023\/07\/Deliberation_-L2-SM-Chimie-06-07-2023.pdf\" target=\"_blank\" rel=\"noreferrer noopener\"><mark style=\"background-color:rgba(0, 0, 0, 0)\" class=\"has-inline-color has-blue-color\">Deliberation L2 SM Chimie 06-07-2023<\/mark><\/a><a href=\"https:\/\/www.univ-usto.dz\/faculte\/fac-physique\/wp-content\/uploads\/2023\/07\/Deliberation_-L2-SM-Chimie-06-07-2023.pdf\" class=\"wp-block-file__button wp-element-button\" download aria-describedby=\"wp-block-file--media-11a4765d-311c-490d-8b3f-a87968d44803\">T\u00e9l\u00e9charger<\/a><\/div>\n\n\n\n<div class=\"wp-block-file\"><a id=\"wp-block-file--media-82874ce5-3829-4ebc-a5fc-9ce40ace0026\" href=\"https:\/\/www.univ-usto.dz\/faculte\/fac-physique\/wp-content\/uploads\/2023\/07\/Deliberation_L2-SM-Physique.pdf\">Deliberation L2 SM Physique<\/a><a href=\"https:\/\/www.univ-usto.dz\/faculte\/fac-physique\/wp-content\/uploads\/2023\/07\/Deliberation_L2-SM-Physique.pdf\" class=\"wp-block-file__button wp-element-button\" download aria-describedby=\"wp-block-file--media-82874ce5-3829-4ebc-a5fc-9ce40ace0026\">T\u00e9l\u00e9charger<\/a><\/div>\n\n\n\n<hr class=\"wp-block-separator has-alpha-channel-opacity\"\/>\n","protected":false},"excerpt":{"rendered":"<p>D\u00e9partement technologie des mat\u00e9riaux : 2\u00e9me ann\u00e9e &#8211; Dommaine physique 2023\/2024 2\u00e9me ann\u00e9e &#8211; Dommaine ch\u00e9mie 2023\/2024 2\u00e9me ann\u00e9e &#8211; Dommaine SM\/ch\u00e9mie 2022\/2023<\/p>\n","protected":false},"author":23,"featured_media":0,"parent":0,"menu_order":0,"comment_status":"closed","ping_status":"closed","template":"","meta":{"footnotes":""},"class_list":["post-11237","page","type-page","status-publish","hentry"],"_links":{"self":[{"href":"https:\/\/www.univ-usto.dz\/faculte\/fac-physique\/wp-json\/wp\/v2\/pages\/11237","targetHints":{"allow":["GET"]}}],"collection":[{"href":"https:\/\/www.univ-usto.dz\/faculte\/fac-physique\/wp-json\/wp\/v2\/pages"}],"about":[{"href":"https:\/\/www.univ-usto.dz\/faculte\/fac-physique\/wp-json\/wp\/v2\/types\/page"}],"author":[{"embeddable":true,"href":"https:\/\/www.univ-usto.dz\/faculte\/fac-physique\/wp-json\/wp\/v2\/users\/23"}],"replies":[{"embeddable":true,"href":"https:\/\/www.univ-usto.dz\/faculte\/fac-physique\/wp-json\/wp\/v2\/comments?post=11237"}],"version-history":[{"count":11,"href":"https:\/\/www.univ-usto.dz\/faculte\/fac-physique\/wp-json\/wp\/v2\/pages\/11237\/revisions"}],"predecessor-version":[{"id":13364,"href":"https:\/\/www.univ-usto.dz\/faculte\/fac-physique\/wp-json\/wp\/v2\/pages\/11237\/revisions\/13364"}],"wp:attachment":[{"href":"https:\/\/www.univ-usto.dz\/faculte\/fac-physique\/wp-json\/wp\/v2\/media?parent=11237"}],"curies":[{"name":"wp","href":"https:\/\/api.w.org\/{rel}","templated":true}]}}