{"id":11308,"date":"2022-11-13T10:45:37","date_gmt":"2022-11-13T10:45:37","guid":{"rendered":"https:\/\/www.univ-usto.dz\/faculte\/fac-physique\/\/?page_id=11308"},"modified":"2026-03-05T10:15:55","modified_gmt":"2026-03-05T10:15:55","slug":"bibliotheque-2","status":"publish","type":"page","link":"https:\/\/www.univ-usto.dz\/faculte\/fac-physique\/bibliotheque-2\/","title":{"rendered":"Biblioth\u00e8que"},"content":{"rendered":"\t\t<div data-elementor-type=\"wp-page\" data-elementor-id=\"11308\" class=\"elementor elementor-11308\">\n\t\t\t\t\t\t<section class=\"elementor-section elementor-top-section elementor-element elementor-element-15cdc6c elementor-section-boxed elementor-section-height-default elementor-section-height-default\" data-id=\"15cdc6c\" data-element_type=\"section\">\n\t\t\t\t\t\t<div class=\"elementor-container elementor-column-gap-default\">\n\t\t\t\t\t<div class=\"elementor-column elementor-col-100 elementor-top-column elementor-element elementor-element-8c842aa\" data-id=\"8c842aa\" data-element_type=\"column\">\n\t\t\t<div class=\"elementor-widget-wrap elementor-element-populated\">\n\t\t\t\t\t\t<div class=\"elementor-element elementor-element-c0ba486 elementor-widget elementor-widget-image\" data-id=\"c0ba486\" data-element_type=\"widget\" data-widget_type=\"image.default\">\n\t\t\t\t<div class=\"elementor-widget-container\">\n\t\t\t\t\t\t\t\t\t\t\t\t\t\t\t<img fetchpriority=\"high\" decoding=\"async\" width=\"847\" height=\"497\" src=\"https:\/\/www.univ-usto.dz\/faculte\/fac-physique\/wp-content\/uploads\/2026\/03\/Gemini_Generated_Image_cf99jxcf99jxcf99-1024x601.png\" class=\"attachment-large size-large wp-image-15463\" alt=\"\" srcset=\"https:\/\/www.univ-usto.dz\/faculte\/fac-physique\/wp-content\/uploads\/2026\/03\/Gemini_Generated_Image_cf99jxcf99jxcf99-1024x601.png 1024w, https:\/\/www.univ-usto.dz\/faculte\/fac-physique\/wp-content\/uploads\/2026\/03\/Gemini_Generated_Image_cf99jxcf99jxcf99-300x176.png 300w, https:\/\/www.univ-usto.dz\/faculte\/fac-physique\/wp-content\/uploads\/2026\/03\/Gemini_Generated_Image_cf99jxcf99jxcf99-768x451.png 768w, https:\/\/www.univ-usto.dz\/faculte\/fac-physique\/wp-content\/uploads\/2026\/03\/Gemini_Generated_Image_cf99jxcf99jxcf99-360x211.png 360w, https:\/\/www.univ-usto.dz\/faculte\/fac-physique\/wp-content\/uploads\/2026\/03\/Gemini_Generated_Image_cf99jxcf99jxcf99-24x14.png 24w, https:\/\/www.univ-usto.dz\/faculte\/fac-physique\/wp-content\/uploads\/2026\/03\/Gemini_Generated_Image_cf99jxcf99jxcf99-36x21.png 36w, https:\/\/www.univ-usto.dz\/faculte\/fac-physique\/wp-content\/uploads\/2026\/03\/Gemini_Generated_Image_cf99jxcf99jxcf99-48x28.png 48w, https:\/\/www.univ-usto.dz\/faculte\/fac-physique\/wp-content\/uploads\/2026\/03\/Gemini_Generated_Image_cf99jxcf99jxcf99.png 1336w\" sizes=\"(max-width: 847px) 100vw, 847px\" \/>\t\t\t\t\t\t\t\t\t\t\t\t\t\t\t<\/div>\n\t\t\t\t<\/div>\n\t\t\t\t<div class=\"elementor-element elementor-element-c0632ed elementor-widget elementor-widget-text-editor\" data-id=\"c0632ed\" data-element_type=\"widget\" data-widget_type=\"text-editor.default\">\n\t\t\t\t<div class=\"elementor-widget-container\">\n\t\t\t\t\t\t\t\t\t<p id=\"JL9UlsVny17yaGxO\"><span id=\"NNaHBI5UPH4Np6Wy\">La biblioth\u00e8que de la Facult\u00e9 Physique est cr\u00e9e en 2013, conform\u00e9ment au d\u00e9cret ex\u00e9cutif N\u00b013\/199 du 20 mai 2013. Celle-ci se compose d\u2019une salle<\/span><span id=\"xHnBo2phkr40HjMM\"> <\/span><span id=\"uTKAqlJcYcPXDbMs\">r\u00e9serv\u00e9e pour les ouvrages et les livres, des th\u00e8ses Universitaires.<\/span><\/p><p id=\"XicLWbv6AKhvGEiP\"><span id=\"sNso7FrILcMfEjks\">Les Visiteurs et Utilisateurs de cette biblioth\u00e8que sont :<\/span><\/p><p id=\"VxXXixP1STzRLGnN\"><span id=\"bmtEKOJIvH4OCNTM\">les professeurs.<\/span><\/p><p id=\"WGj4QaGBOjptSavJ\"><span id=\"lAWOxGCIUuV4cjFV\">les Doctorants,<\/span><\/p><p id=\"N8pcqRoaf2EjoeDp\"><span id=\"otFMverQ1b10YsDF\">les \u00e9tudiants en licence 3 MASTER 1 et 2 Ces derniers b\u00e9n\u00e9ficient de la possibilit\u00e9 d\u2019une consultation interne des ouvrages et m\u00eame pour un emprunt hors les limites de celle-ci.<\/span><\/p><p id=\"twSNYXkqmPAffuQO\"><span id=\"sLvljmFtLNCprRfR\">Le Fond documentaire de la biblioth\u00e8que est comme suit :<\/span><\/p><ul id=\"yjdhEN4KsJoOKObp\"><li id=\"fBy50DlfPRFGo4Mf\"><span id=\"oqIna2tYm5bzXQfH\">Ouvrages<\/span><\/li><li id=\"IfZ1H67EwChHJElc\"><span id=\"vt0dI9MMA4P8YOhw\">Th\u00e8ses de Doctorat<\/span><\/li><li id=\"p042ZJGD0NdWOgid\"><span id=\"LJ1K1ohfVHB2N1Fn\">M\u00e9moires de Magister<\/span><\/li><li id=\"zSJHcNp7OhcC2Yog\"><span id=\"PoYLE0WWgJdwhiIZ\">M\u00e9moires d\u2019Ing\u00e9nieurs<\/span><\/li><li id=\"Qq7OsekKOLVanOCF\"><span id=\"gWJUbKObR7iGKJFr\">M\u00e9moires Master<\/span><\/li><\/ul>\t\t\t\t\t\t\t\t<\/div>\n\t\t\t\t<\/div>\n\t\t\t\t<div class=\"elementor-element elementor-element-e4997a3 elementor-button-info elementor-align-center elementor-widget elementor-widget-button\" data-id=\"e4997a3\" data-element_type=\"widget\" data-widget_type=\"button.default\">\n\t\t\t\t<div class=\"elementor-widget-container\">\n\t\t\t\t\t\t\t\t\t<div class=\"elementor-button-wrapper\">\n\t\t\t\t\t<a class=\"elementor-button elementor-button-link elementor-size-sm\" href=\"https:\/\/maktabati.univ-usto.dz\/pmb_phy\/\" target=\"_blank\">\n\t\t\t\t\t\t<span class=\"elementor-button-content-wrapper\">\n\t\t\t\t\t\t\t\t\t<span class=\"elementor-button-text\">Cliquez ici pour acc\u00e9der au site de la biblioth\u00e8que de la facult\u00e9<\/span>\n\t\t\t\t\t<\/span>\n\t\t\t\t\t<\/a>\n\t\t\t\t<\/div>\n\t\t\t\t\t\t\t\t<\/div>\n\t\t\t\t<\/div>\n\t\t\t\t\t<\/div>\n\t\t<\/div>\n\t\t\t\t\t<\/div>\n\t\t<\/section>\n\t\t\t\t<\/div>\n\t\t","protected":false},"excerpt":{"rendered":"<p>La biblioth\u00e8que de la Facult\u00e9 Physique est cr\u00e9e en 2013, conform\u00e9ment au d\u00e9cret ex\u00e9cutif N\u00b013\/199 du 20 mai 2013. Celle-ci se compose d\u2019une salle r\u00e9serv\u00e9e pour les ouvrages et les <a href=\"https:\/\/www.univ-usto.dz\/faculte\/fac-physique\/bibliotheque-2\/\" class=\"read-more\">Lire la suite &#8230;<\/a><\/p>\n","protected":false},"author":23,"featured_media":0,"parent":0,"menu_order":0,"comment_status":"closed","ping_status":"closed","template":"","meta":{"footnotes":""},"class_list":["post-11308","page","type-page","status-publish","hentry"],"_links":{"self":[{"href":"https:\/\/www.univ-usto.dz\/faculte\/fac-physique\/wp-json\/wp\/v2\/pages\/11308","targetHints":{"allow":["GET"]}}],"collection":[{"href":"https:\/\/www.univ-usto.dz\/faculte\/fac-physique\/wp-json\/wp\/v2\/pages"}],"about":[{"href":"https:\/\/www.univ-usto.dz\/faculte\/fac-physique\/wp-json\/wp\/v2\/types\/page"}],"author":[{"embeddable":true,"href":"https:\/\/www.univ-usto.dz\/faculte\/fac-physique\/wp-json\/wp\/v2\/users\/23"}],"replies":[{"embeddable":true,"href":"https:\/\/www.univ-usto.dz\/faculte\/fac-physique\/wp-json\/wp\/v2\/comments?post=11308"}],"version-history":[{"count":28,"href":"https:\/\/www.univ-usto.dz\/faculte\/fac-physique\/wp-json\/wp\/v2\/pages\/11308\/revisions"}],"predecessor-version":[{"id":15466,"href":"https:\/\/www.univ-usto.dz\/faculte\/fac-physique\/wp-json\/wp\/v2\/pages\/11308\/revisions\/15466"}],"wp:attachment":[{"href":"https:\/\/www.univ-usto.dz\/faculte\/fac-physique\/wp-json\/wp\/v2\/media?parent=11308"}],"curies":[{"name":"wp","href":"https:\/\/api.w.org\/{rel}","templated":true}]}}