{"id":12371,"date":"2022-11-22T13:40:22","date_gmt":"2022-11-22T13:40:22","guid":{"rendered":"https:\/\/www.univ-usto.dz\/faculte\/fac-physique\/\/?page_id=12371"},"modified":"2026-03-05T08:48:19","modified_gmt":"2026-03-05T08:48:19","slug":"formulaire-a-telecharger","status":"publish","type":"page","link":"https:\/\/www.univ-usto.dz\/faculte\/fac-physique\/formulaire-a-telecharger\/","title":{"rendered":"Formulaire \u00e0 T\u00e9l\u00e9charger"},"content":{"rendered":"\n<div class=\"wp-block-file alignleft\"><a href=\"https:\/\/www.univ-usto.dz\/faculte\/fac-physique\/\/wp-content\/uploads\/2022\/11\/Fiche-de-renseignements-des-enseignants-1.pdf\"><strong>Fiche de renseignements des enseignants<\/strong><\/a><a href=\"https:\/\/www.univ-usto.dz\/faculte\/fac-physique\/\/wp-content\/uploads\/2022\/11\/Fiche-de-renseignements-des-enseignants-1.pdf\" class=\"wp-block-file__button\" download>T\u00e9l\u00e9charger<\/a><\/div>\n\n\n\n<div class=\"wp-block-file alignright\"><a href=\"https:\/\/www.univ-usto.dz\/faculte\/fac-physique\/\/wp-content\/uploads\/2022\/11\/\u0628\u0637\u0627\u0642\u0629-\u0628\u064a\u0627\u0646\u0627\u062a-\u0627\u0644\u0634\u062e\u0635\u064a\u0629.pdf\"><strong>\u0628\u0637\u0627\u0642\u0629 \u0627\u0644\u0628\u064a\u0627\u0646\u0627\u062a \u0627\u0644\u0634\u062e\u0635\u064a\u0629 \u0627\u0644\u062e\u0627\u0635\u0629 \u0628\u0627\u0644\u0645\u0648\u0638\u0641\u064a\u0646<\/strong><\/a><a href=\"https:\/\/www.univ-usto.dz\/faculte\/fac-physique\/\/wp-content\/uploads\/2022\/11\/\u0628\u0637\u0627\u0642\u0629-\u0628\u064a\u0627\u0646\u0627\u062a-\u0627\u0644\u0634\u062e\u0635\u064a\u0629.pdf\" class=\"wp-block-file__button\" download>T\u00e9l\u00e9charger<\/a><\/div>\n\n\n\n<p><\/p>\n","protected":false},"excerpt":{"rendered":"","protected":false},"author":23,"featured_media":0,"parent":0,"menu_order":0,"comment_status":"closed","ping_status":"closed","template":"","meta":{"footnotes":""},"class_list":["post-12371","page","type-page","status-publish","hentry"],"_links":{"self":[{"href":"https:\/\/www.univ-usto.dz\/faculte\/fac-physique\/wp-json\/wp\/v2\/pages\/12371","targetHints":{"allow":["GET"]}}],"collection":[{"href":"https:\/\/www.univ-usto.dz\/faculte\/fac-physique\/wp-json\/wp\/v2\/pages"}],"about":[{"href":"https:\/\/www.univ-usto.dz\/faculte\/fac-physique\/wp-json\/wp\/v2\/types\/page"}],"author":[{"embeddable":true,"href":"https:\/\/www.univ-usto.dz\/faculte\/fac-physique\/wp-json\/wp\/v2\/users\/23"}],"replies":[{"embeddable":true,"href":"https:\/\/www.univ-usto.dz\/faculte\/fac-physique\/wp-json\/wp\/v2\/comments?post=12371"}],"version-history":[{"count":4,"href":"https:\/\/www.univ-usto.dz\/faculte\/fac-physique\/wp-json\/wp\/v2\/pages\/12371\/revisions"}],"predecessor-version":[{"id":12379,"href":"https:\/\/www.univ-usto.dz\/faculte\/fac-physique\/wp-json\/wp\/v2\/pages\/12371\/revisions\/12379"}],"wp:attachment":[{"href":"https:\/\/www.univ-usto.dz\/faculte\/fac-physique\/wp-json\/wp\/v2\/media?parent=12371"}],"curies":[{"name":"wp","href":"https:\/\/api.w.org\/{rel}","templated":true}]}}