{"id":16021,"date":"2026-04-16T09:23:22","date_gmt":"2026-04-16T09:23:22","guid":{"rendered":"https:\/\/www.univ-usto.dz\/faculte\/fac-physique\/?page_id=16021"},"modified":"2026-04-19T13:12:12","modified_gmt":"2026-04-19T13:12:12","slug":"%d8%a3%d8%b1%d8%b4%d9%8a%d9%81-%d8%a7%d9%84%d8%ac%d8%af%d8%a7%d9%88%d9%84-%d8%a7%d9%84%d8%b2%d9%85%d9%86%d9%8a%d8%a9","status":"publish","type":"page","link":"https:\/\/www.univ-usto.dz\/faculte\/fac-physique\/ar\/%d8%a3%d8%b1%d8%b4%d9%8a%d9%81-%d8%a7%d9%84%d8%ac%d8%af%d8%a7%d9%88%d9%84-%d8%a7%d9%84%d8%b2%d9%85%d9%86%d9%8a%d8%a9\/","title":{"rendered":"\u0623\u0631\u0634\u064a\u0641 \u0627\u0644\u062c\u062f\u0627\u0648\u0644 \u0627\u0644\u0632\u0645\u0646\u064a\u0629"},"content":{"rendered":"\n<p><strong><u>D\u00e9partement de G\u00e9nie Physique:<\/u><\/strong><\/p>\n\n\n\n<p><strong><u><strong>D\u00e9partement d\u2019Enseignement de Base en Physique:<\/strong><\/u><\/strong><\/p>\n\n\n\n<p><strong><u><strong>D\u00e9partement des t\u00e9chnologie des mat\u00e9riaux:<\/strong><\/u><\/strong><\/p>\n\n\n\n<p><strong><u>D\u00e9partement de Physique \u00e9nerg\u00e9tique:<\/u><\/strong><\/p>\n\n\n\n<div class=\"wp-block-file\"><a id=\"wp-block-file--media-29e41a08-4ded-4c51-aba0-d7d5a3430c3b\" href=\"https:\/\/www.univ-usto.dz\/faculte\/fac-physique\/wp-content\/uploads\/2026\/02\/emploi-du-temps-L3-PhyRay-S5-2025-4.pdf\">Emploi du temps L3 PhyRay S5-2025<\/a><a href=\"https:\/\/www.univ-usto.dz\/faculte\/fac-physique\/wp-content\/uploads\/2026\/02\/emploi-du-temps-L3-PhyRay-S5-2025-4.pdf\" class=\"wp-block-file__button wp-element-button\" download aria-describedby=\"wp-block-file--media-29e41a08-4ded-4c51-aba0-d7d5a3430c3b\">T\u00e9l\u00e9charger<\/a><\/div>\n\n\n\n<div class=\"wp-block-file\"><a id=\"wp-block-file--media-bf4f8c58-c191-4025-b698-a460dd41d1fc\" href=\"https:\/\/www.univ-usto.dz\/faculte\/fac-physique\/wp-content\/uploads\/2026\/02\/emploi-du-temps-M1-S1-2025-2026.pdf\">Emploi du temps M1-S1 2025-2026<\/a><a href=\"https:\/\/www.univ-usto.dz\/faculte\/fac-physique\/wp-content\/uploads\/2026\/02\/emploi-du-temps-M1-S1-2025-2026.pdf\" class=\"wp-block-file__button wp-element-button\" download aria-describedby=\"wp-block-file--media-bf4f8c58-c191-4025-b698-a460dd41d1fc\">T\u00e9l\u00e9charger<\/a><\/div>\n\n\n\n<div class=\"wp-block-file\"><a id=\"wp-block-file--media-09d13335-3372-479c-bdb6-896061e49602\" href=\"https:\/\/www.univ-usto.dz\/faculte\/fac-physique\/wp-content\/uploads\/2026\/02\/emploi-du-temps-M2-S3-2025-2026-1.pdf\">Emploi du temps M2-S3-2025-2026 <\/a><a href=\"https:\/\/www.univ-usto.dz\/faculte\/fac-physique\/wp-content\/uploads\/2026\/02\/emploi-du-temps-M2-S3-2025-2026-1.pdf\" class=\"wp-block-file__button wp-element-button\" download aria-describedby=\"wp-block-file--media-09d13335-3372-479c-bdb6-896061e49602\">T\u00e9l\u00e9charger<\/a><\/div>\n","protected":false},"excerpt":{"rendered":"<p>D\u00e9partement de G\u00e9nie Physique: D\u00e9partement d\u2019Enseignement de Base en Physique: D\u00e9partement des t\u00e9chnologie des mat\u00e9riaux: D\u00e9partement de Physique \u00e9nerg\u00e9tique:<\/p>\n","protected":false},"author":25,"featured_media":0,"parent":0,"menu_order":0,"comment_status":"closed","ping_status":"closed","template":"","meta":{"footnotes":""},"class_list":["post-16021","page","type-page","status-publish","hentry"],"_links":{"self":[{"href":"https:\/\/www.univ-usto.dz\/faculte\/fac-physique\/wp-json\/wp\/v2\/pages\/16021","targetHints":{"allow":["GET"]}}],"collection":[{"href":"https:\/\/www.univ-usto.dz\/faculte\/fac-physique\/wp-json\/wp\/v2\/pages"}],"about":[{"href":"https:\/\/www.univ-usto.dz\/faculte\/fac-physique\/wp-json\/wp\/v2\/types\/page"}],"author":[{"embeddable":true,"href":"https:\/\/www.univ-usto.dz\/faculte\/fac-physique\/wp-json\/wp\/v2\/users\/25"}],"replies":[{"embeddable":true,"href":"https:\/\/www.univ-usto.dz\/faculte\/fac-physique\/wp-json\/wp\/v2\/comments?post=16021"}],"version-history":[{"count":1,"href":"https:\/\/www.univ-usto.dz\/faculte\/fac-physique\/wp-json\/wp\/v2\/pages\/16021\/revisions"}],"predecessor-version":[{"id":16022,"href":"https:\/\/www.univ-usto.dz\/faculte\/fac-physique\/wp-json\/wp\/v2\/pages\/16021\/revisions\/16022"}],"wp:attachment":[{"href":"https:\/\/www.univ-usto.dz\/faculte\/fac-physique\/wp-json\/wp\/v2\/media?parent=16021"}],"curies":[{"name":"wp","href":"https:\/\/api.w.org\/{rel}","templated":true}]}}